{"id":221,"date":"2025-11-13T11:14:32","date_gmt":"2025-11-13T09:14:32","guid":{"rendered":"https:\/\/sites.uef.fi\/kielitieteenpaivat2026\/kucutut-pagizijat\/"},"modified":"2026-04-02T09:34:53","modified_gmt":"2026-04-02T06:34:53","slug":"kucutut-pagizijat","status":"publish","type":"page","link":"https:\/\/sites.uef.fi\/kielitieteenpaivat2026\/kucutut-pagizijat\/?lang=olo","title":{"rendered":"Ku\u010dutut pagizijat"},"content":{"rendered":"\n<p>Vuvven 2026 Kielitiijon p\u00e4ivien ku\u010dutut pagizijat: <\/p>\n\n\n\n<p>FT <a href=\"https:\/\/www.tuni.fi\/fi\/ihmiset\/laura-eilola\">Laura Eilola<\/a> (Tamberen yliopisto,\u202fLangnet-plenaristu):<br><em>Etnografinen ote ja eettiset n\u00e4k\u00f6kulmat vuorovaikutusaineistojen ker\u00e4\u00e4misess\u00e4 ja analyysissa<\/em> (<a href=\"https:\/\/sites.uef.fi\/kielitieteenpaivat2026\/wp-content\/uploads\/sites\/565\/2026\/03\/Abstrakti-plenaari-Eilola.pdf\">abstraktu<\/a>)<\/p>\n\n\n\n<p>Prof.\u202f<a href=\"https:\/\/www.etis.ee\/CV\/Petar_Kehayov\/eng\/\">Petar\u202fKehayov<\/a>\u202f(Tarton yliopisto):<br><em>Karjalan kielen kielitieteellinen merkitys: viel\u00e4k\u00f6 on hy\u00f6dynt\u00e4m\u00e4tt\u00f6mi\u00e4 n\u00e4k\u00f6kulmia?\u00a0<\/em>(<a href=\"https:\/\/sites.uef.fi\/kielitieteenpaivat2026\/wp-content\/uploads\/sites\/565\/2026\/03\/Abstrakti-plenaari-Kehayov.pdf\">abstraktu<\/a>)<\/p>\n\n\n\n<p>Prof.\u202f<a href=\"https:\/\/uefconnect.uef.fi\/mikko.laitinen\/\">Mikko Laitinen<\/a> (P\u00e4iv\u00e4nnouzu-Suomen yliopisto):<br><em>Beyond the evils of social media: Weak-tie hypothesis in digital networks<\/em> (<a href=\"https:\/\/sites.uef.fi\/kielitieteenpaivat2026\/wp-content\/uploads\/sites\/565\/2026\/03\/Abstrakti-plenaari-Laitinen.pdf\">abstraktu<\/a>)<\/p>\n\n\n\n<p>Prof.\u202f<a href=\"https:\/\/www.jyu.fi\/fi\/henkilot\/asa-palviainen\">\u00c5sa Palviainen<\/a> (Jyv\u00e4skyl\u00e4n yliopisto):<br><em>Memer, GIF:ar och dialekt: Semiotic resources in intergenerational digital chats<\/em> (<a href=\"https:\/\/sites.uef.fi\/kielitieteenpaivat2026\/wp-content\/uploads\/sites\/565\/2026\/03\/Abstrakti-plenaari-Palviainen.pdf\">abstraktu<\/a>)<\/p>\n","protected":false},"excerpt":{"rendered":"<p>Vuvven 2026 Kielitiijon p\u00e4ivien ku\u010dutut pagizijat: FT Laura Eilola (Tamberen yliopisto,\u202fLangnet-plenaristu):Etnografinen ote ja eettiset n\u00e4k\u00f6kulmat vuorovaikutusaineistojen ker\u00e4\u00e4misess\u00e4 ja analyysissa (abstraktu) Prof.\u202fPetar\u202fKehayov\u202f(Tarton yliopisto):Karjalan kielen kielitieteellinen merkitys: viel\u00e4k\u00f6 on hy\u00f6dynt\u00e4m\u00e4tt\u00f6mi\u00e4 n\u00e4k\u00f6kulmia?\u00a0(abstraktu) Prof.\u202fMikko Laitinen (P\u00e4iv\u00e4nnouzu-Suomen yliopisto):Beyond the evils of social media: Weak-tie hypothesis in digital networks (abstraktu) Prof.\u202f\u00c5sa Palviainen (Jyv\u00e4skyl\u00e4n yliopisto):Memer, GIF:ar och dialekt: Semiotic resources in intergenerational [&hellip;]<\/p>\n","protected":false},"author":1341,"featured_media":0,"parent":0,"menu_order":0,"comment_status":"closed","ping_status":"closed","template":"","meta":{"_acf_changed":false,"footnotes":""},"class_list":["post-221","page","type-page","status-publish","hentry"],"acf":[],"yoast_head":"<!-- This site is optimized with the Yoast SEO plugin v27.3 - https:\/\/yoast.com\/product\/yoast-seo-wordpress\/ -->\n<title>Ku\u010dutut pagizijat - Tervetuloa Kielitieteen p\u00e4iville It\u00e4-Suomen yliopiston Joensuun kampukselle 18.\u201320.5.2026!<\/title>\n<meta name=\"robots\" content=\"index, follow, max-snippet:-1, max-image-preview:large, max-video-preview:-1\" \/>\n<link rel=\"canonical\" href=\"https:\/\/sites.uef.fi\/kielitieteenpaivat2026\/kucutut-pagizijat\/\" \/>\n<meta property=\"og:locale\" content=\"fi_FI\" \/>\n<meta property=\"og:type\" content=\"article\" \/>\n<meta property=\"og:title\" content=\"Ku\u010dutut pagizijat - Tervetuloa Kielitieteen p\u00e4iville It\u00e4-Suomen yliopiston Joensuun kampukselle 18.\u201320.5.2026!\" \/>\n<meta property=\"og:description\" content=\"Vuvven 2026 Kielitiijon p\u00e4ivien ku\u010dutut pagizijat: FT Laura Eilola (Tamberen yliopisto,\u202fLangnet-plenaristu):Etnografinen ote ja eettiset n\u00e4k\u00f6kulmat vuorovaikutusaineistojen ker\u00e4\u00e4misess\u00e4 ja analyysissa (abstraktu) Prof.\u202fPetar\u202fKehayov\u202f(Tarton yliopisto):Karjalan kielen kielitieteellinen merkitys: viel\u00e4k\u00f6 on hy\u00f6dynt\u00e4m\u00e4tt\u00f6mi\u00e4 n\u00e4k\u00f6kulmia?\u00a0(abstraktu) Prof.\u202fMikko Laitinen (P\u00e4iv\u00e4nnouzu-Suomen yliopisto):Beyond the evils of social media: Weak-tie hypothesis in digital networks (abstraktu) Prof.\u202f\u00c5sa Palviainen (Jyv\u00e4skyl\u00e4n yliopisto):Memer, GIF:ar och dialekt: Semiotic resources in intergenerational [&hellip;]\" \/>\n<meta property=\"og:url\" content=\"https:\/\/sites.uef.fi\/kielitieteenpaivat2026\/kucutut-pagizijat\/?lang=olo\" \/>\n<meta property=\"og:site_name\" content=\"Tervetuloa Kielitieteen p\u00e4iville It\u00e4-Suomen yliopiston Joensuun kampukselle 18.\u201320.5.2026!\" \/>\n<meta property=\"article:modified_time\" content=\"2026-04-02T06:34:53+00:00\" \/>\n<meta name=\"twitter:card\" content=\"summary_large_image\" \/>\n<meta name=\"twitter:label1\" content=\"Arvioitu lukuaika\" \/>\n\t<meta name=\"twitter:data1\" content=\"1 minuutti\" \/>\n<script type=\"application\/ld+json\" class=\"yoast-schema-graph\">{\"@context\":\"https:\\\/\\\/schema.org\",\"@graph\":[{\"@type\":\"WebPage\",\"@id\":\"https:\\\/\\\/sites.uef.fi\\\/kielitieteenpaivat2026\\\/kucutut-pagizijat\\\/?lang=olo\",\"url\":\"https:\\\/\\\/sites.uef.fi\\\/kielitieteenpaivat2026\\\/kucutut-pagizijat\\\/?lang=olo\",\"name\":\"Ku\u010dutut pagizijat - Tervetuloa Kielitieteen p\u00e4iville It\u00e4-Suomen yliopiston Joensuun kampukselle 18.\u201320.5.2026!\",\"isPartOf\":{\"@id\":\"https:\\\/\\\/sites.uef.fi\\\/kielitieteenpaivat2026\\\/#website\"},\"datePublished\":\"2025-11-13T09:14:32+00:00\",\"dateModified\":\"2026-04-02T06:34:53+00:00\",\"breadcrumb\":{\"@id\":\"https:\\\/\\\/sites.uef.fi\\\/kielitieteenpaivat2026\\\/kucutut-pagizijat\\\/?lang=olo#breadcrumb\"},\"inLanguage\":\"fi\",\"potentialAction\":[{\"@type\":\"ReadAction\",\"target\":[\"https:\\\/\\\/sites.uef.fi\\\/kielitieteenpaivat2026\\\/kucutut-pagizijat\\\/?lang=olo\"]}]},{\"@type\":\"BreadcrumbList\",\"@id\":\"https:\\\/\\\/sites.uef.fi\\\/kielitieteenpaivat2026\\\/kucutut-pagizijat\\\/?lang=olo#breadcrumb\",\"itemListElement\":[{\"@type\":\"ListItem\",\"position\":1,\"name\":\"Etusivu\",\"item\":\"https:\\\/\\\/sites.uef.fi\\\/kielitieteenpaivat2026\\\/\"},{\"@type\":\"ListItem\",\"position\":2,\"name\":\"Ku\u010dutut pagizijat\"}]},{\"@type\":\"WebSite\",\"@id\":\"https:\\\/\\\/sites.uef.fi\\\/kielitieteenpaivat2026\\\/#website\",\"url\":\"https:\\\/\\\/sites.uef.fi\\\/kielitieteenpaivat2026\\\/\",\"name\":\"Tervetuloa Kielitieteen p\u00e4iville It\u00e4-Suomen yliopiston Joensuun kampukselle 18.\u201320.5.2026!\",\"description\":\"\",\"potentialAction\":[{\"@type\":\"SearchAction\",\"target\":{\"@type\":\"EntryPoint\",\"urlTemplate\":\"https:\\\/\\\/sites.uef.fi\\\/kielitieteenpaivat2026\\\/?s={search_term_string}\"},\"query-input\":{\"@type\":\"PropertyValueSpecification\",\"valueRequired\":true,\"valueName\":\"search_term_string\"}}],\"inLanguage\":\"fi\"}]}<\/script>\n<!-- \/ Yoast SEO plugin. -->","yoast_head_json":{"title":"Ku\u010dutut pagizijat - Tervetuloa Kielitieteen p\u00e4iville It\u00e4-Suomen yliopiston Joensuun kampukselle 18.\u201320.5.2026!","robots":{"index":"index","follow":"follow","max-snippet":"max-snippet:-1","max-image-preview":"max-image-preview:large","max-video-preview":"max-video-preview:-1"},"canonical":"https:\/\/sites.uef.fi\/kielitieteenpaivat2026\/kucutut-pagizijat\/","og_locale":"fi_FI","og_type":"article","og_title":"Ku\u010dutut pagizijat - Tervetuloa Kielitieteen p\u00e4iville It\u00e4-Suomen yliopiston Joensuun kampukselle 18.\u201320.5.2026!","og_description":"Vuvven 2026 Kielitiijon p\u00e4ivien ku\u010dutut pagizijat: FT Laura Eilola (Tamberen yliopisto,\u202fLangnet-plenaristu):Etnografinen ote ja eettiset n\u00e4k\u00f6kulmat vuorovaikutusaineistojen ker\u00e4\u00e4misess\u00e4 ja analyysissa (abstraktu) Prof.\u202fPetar\u202fKehayov\u202f(Tarton yliopisto):Karjalan kielen kielitieteellinen merkitys: viel\u00e4k\u00f6 on hy\u00f6dynt\u00e4m\u00e4tt\u00f6mi\u00e4 n\u00e4k\u00f6kulmia?\u00a0(abstraktu) Prof.\u202fMikko Laitinen (P\u00e4iv\u00e4nnouzu-Suomen yliopisto):Beyond the evils of social media: Weak-tie hypothesis in digital networks (abstraktu) Prof.\u202f\u00c5sa Palviainen (Jyv\u00e4skyl\u00e4n yliopisto):Memer, GIF:ar och dialekt: Semiotic resources in intergenerational [&hellip;]","og_url":"https:\/\/sites.uef.fi\/kielitieteenpaivat2026\/kucutut-pagizijat\/?lang=olo","og_site_name":"Tervetuloa Kielitieteen p\u00e4iville It\u00e4-Suomen yliopiston Joensuun kampukselle 18.\u201320.5.2026!","article_modified_time":"2026-04-02T06:34:53+00:00","twitter_card":"summary_large_image","twitter_misc":{"Arvioitu lukuaika":"1 minuutti"},"schema":{"@context":"https:\/\/schema.org","@graph":[{"@type":"WebPage","@id":"https:\/\/sites.uef.fi\/kielitieteenpaivat2026\/kucutut-pagizijat\/?lang=olo","url":"https:\/\/sites.uef.fi\/kielitieteenpaivat2026\/kucutut-pagizijat\/?lang=olo","name":"Ku\u010dutut pagizijat - Tervetuloa Kielitieteen p\u00e4iville It\u00e4-Suomen yliopiston Joensuun kampukselle 18.\u201320.5.2026!","isPartOf":{"@id":"https:\/\/sites.uef.fi\/kielitieteenpaivat2026\/#website"},"datePublished":"2025-11-13T09:14:32+00:00","dateModified":"2026-04-02T06:34:53+00:00","breadcrumb":{"@id":"https:\/\/sites.uef.fi\/kielitieteenpaivat2026\/kucutut-pagizijat\/?lang=olo#breadcrumb"},"inLanguage":"fi","potentialAction":[{"@type":"ReadAction","target":["https:\/\/sites.uef.fi\/kielitieteenpaivat2026\/kucutut-pagizijat\/?lang=olo"]}]},{"@type":"BreadcrumbList","@id":"https:\/\/sites.uef.fi\/kielitieteenpaivat2026\/kucutut-pagizijat\/?lang=olo#breadcrumb","itemListElement":[{"@type":"ListItem","position":1,"name":"Etusivu","item":"https:\/\/sites.uef.fi\/kielitieteenpaivat2026\/"},{"@type":"ListItem","position":2,"name":"Ku\u010dutut pagizijat"}]},{"@type":"WebSite","@id":"https:\/\/sites.uef.fi\/kielitieteenpaivat2026\/#website","url":"https:\/\/sites.uef.fi\/kielitieteenpaivat2026\/","name":"Tervetuloa Kielitieteen p\u00e4iville It\u00e4-Suomen yliopiston Joensuun kampukselle 18.\u201320.5.2026!","description":"","potentialAction":[{"@type":"SearchAction","target":{"@type":"EntryPoint","urlTemplate":"https:\/\/sites.uef.fi\/kielitieteenpaivat2026\/?s={search_term_string}"},"query-input":{"@type":"PropertyValueSpecification","valueRequired":true,"valueName":"search_term_string"}}],"inLanguage":"fi"}]}},"_links":{"self":[{"href":"https:\/\/sites.uef.fi\/kielitieteenpaivat2026\/wp-json\/wp\/v2\/pages\/221","targetHints":{"allow":["GET"]}}],"collection":[{"href":"https:\/\/sites.uef.fi\/kielitieteenpaivat2026\/wp-json\/wp\/v2\/pages"}],"about":[{"href":"https:\/\/sites.uef.fi\/kielitieteenpaivat2026\/wp-json\/wp\/v2\/types\/page"}],"author":[{"embeddable":true,"href":"https:\/\/sites.uef.fi\/kielitieteenpaivat2026\/wp-json\/wp\/v2\/users\/1341"}],"replies":[{"embeddable":true,"href":"https:\/\/sites.uef.fi\/kielitieteenpaivat2026\/wp-json\/wp\/v2\/comments?post=221"}],"version-history":[{"count":2,"href":"https:\/\/sites.uef.fi\/kielitieteenpaivat2026\/wp-json\/wp\/v2\/pages\/221\/revisions"}],"predecessor-version":[{"id":882,"href":"https:\/\/sites.uef.fi\/kielitieteenpaivat2026\/wp-json\/wp\/v2\/pages\/221\/revisions\/882"}],"wp:attachment":[{"href":"https:\/\/sites.uef.fi\/kielitieteenpaivat2026\/wp-json\/wp\/v2\/media?parent=221"}],"curies":[{"name":"wp","href":"https:\/\/api.w.org\/{rel}","templated":true}]}}