{"id":227,"date":"2025-11-13T11:17:46","date_gmt":"2025-11-13T09:17:46","guid":{"rendered":"https:\/\/sites.uef.fi\/kielitieteenpaivat2026\/info\/"},"modified":"2026-05-08T10:45:05","modified_gmt":"2026-05-08T07:45:05","slug":"info","status":"publish","type":"page","link":"https:\/\/sites.uef.fi\/kielitieteenpaivat2026\/info\/?lang=sv","title":{"rendered":"Info"},"content":{"rendered":"\n<h2 class=\"wp-block-heading\">Viktiga datum<\/h2>\n\n\n\n<p>Registreringen avslutades den 24 april 2026.<\/p>\n\n\n\n<p><strong><a href=\"https:\/\/sites.uef.fi\/kielitieteenpaivat2026\/ohjelma-ruotsi\/?lang=sv\">Programmet<\/a><\/strong> har publicerats. Konferensprogrammet b\u00f6rjar m\u00e5ndagen den 18 maj kl. 13.00 och slutar onsdagen den 20 maj kl. 14.30.<\/p>\n\n\n\n<p><strong>Spr\u00e5kvetenskapsdagarna<\/strong> i Joensuu 18\u201320 maj 2026<\/p>\n\n\n\t<div id=\"accordion-block_9896c6e534168524408a21a4b7f590e0\" class=\"accordions\">\n\t\t\t\t\t<div class=\"accordion accordion-js\">\n\t\t\t\t<button class=\"accordion__button\" aria-controls=\"content-4294\" aria-expanded=\"false\" id=\"accordion-control-4294\">\n\t\t\t\t\t<h3 class=\"accordion__heading\" >\n\t\t\t\t\t\tInstruktioner f\u00f6r f\u00f6redragsh\u00e5llare\t\t\t\t\t<\/h3>\n\t\t\t\t<\/button>\n\t\t\t\t<div class=\"accordion__content\" role=\"region\" aria-labelledby=\"accordion-control-4294\" aria-hidden=\"true\" id=\"content-4294\">\n\t\t\t\t\t<p><strong>Presentationer<\/strong><\/p>\n<p>Universitetssalarna \u00e4r utrustade med standardutrustning, dvs. med datorer och projektorer. Datorerna i salarna \u00e4r utrustade med Office 365, s\u00e5 anv\u00e4nd helst en Powerpoint-presentation. Om din presentation inneh\u00e5ller video- eller ljudfiler rekommenderar vi att du b\u00e4ddar in dem i din Powerpoint-presentation.<\/p>\n<p>Vi ber f\u00f6redragsh\u00e5llarna att ladda upp sina presentationer p\u00e5 datorn under pausen f\u00f6re sektionen. P\u00e5 s\u00e5 s\u00e4tt f\u00e5r vi smidiga \u00f6verg\u00e5ngar mellan presentationerna och undviker on\u00f6diga tekniska problem.<\/p>\n<p>Workshopparna organiseras av de ansvaringa f\u00f6r respektive workshop. P\u00e5 workshopparna kommer talarna att ha tillg\u00e5ng till samma utrustning som i sektionsf\u00f6redragen.<\/p>\n<p><strong>Posterutst\u00e4llning<\/strong><\/p>\n<p>Den rekommenderade storleken f\u00f6r posters \u00e4r A0 i uppr\u00e4tt format, men affischen kan ocks\u00e5 vara mindre. Den kan f\u00e4stas till exempel vid registrering och visas upp under hela konferensen.<\/p>\n<p>Postersessionen h\u00e5lls tisdagen den 19 maj kl. 10.00 till 10.45 i Carelia-byggnadens lobby. Posterpresentat\u00f6rerna f\u00f6rv\u00e4ntas att st\u00e5 bredvid sina posters under postersessionen och vara beredda att presentera sitt arbete.<\/p>\n<p>Konferensdeltagarna kan r\u00f6sta p\u00e5 sin favoritposter. De posters med flest r\u00f6ster bel\u00f6nas med Finska Litteraturs\u00e4llskapets bokpris.<\/p>\n\t\t\t\t<\/div>\n\t\t\t<\/div>\n\t\t\t<\/div>\n\t\n\n\t<div id=\"accordion-block_a8b8f07f157127188747e38cb4bbcc6e\" class=\"accordions\">\n\t\t\t\t\t<div class=\"accordion accordion-js\">\n\t\t\t\t<button class=\"accordion__button\" aria-controls=\"content-6855\" aria-expanded=\"false\" id=\"accordion-control-6855\">\n\t\t\t\t\t<h3 class=\"accordion__heading\" >\n\t\t\t\t\t\tKonferenslokaler och campuskarta\t\t\t\t\t<\/h3>\n\t\t\t\t<\/button>\n\t\t\t\t<div class=\"accordion__content\" role=\"region\" aria-labelledby=\"accordion-control-6855\" aria-hidden=\"true\" id=\"content-6855\">\n\t\t\t\t\t<p><a href=\"https:\/\/sites.uef.fi\/kielitieteenpaivat2026\/ohjelma-ruotsi\/?lang=sv\">Konferensprogrammet<\/a> kommer att organiseras i tv\u00e5 byggnader p\u00e5 \u00d6stra Finlands universitets campus i Joensuu: Carelia och Agora (<a href=\"https:\/\/sites.uef.fi\/kielitieteenpaivat2026\/wp-content\/uploads\/sites\/565\/2026\/04\/KARTTA_Agora.pdf\">karta \u00f6ver Agora-byggnaden, pdf<\/a>).<\/p>\n<p>F\u00f6r mer information om Joensuu campus och en campuskarta, bes\u00f6k \u00d6stra Finlands universitets webbplats (p\u00e5 <a href=\"https:\/\/www.uef.fi\/fi\/joensuun-kampus\">finska<\/a> och <a href=\"https:\/\/www.uef.fi\/en\/joensuu-campus\">engelska<\/a>).<\/p>\n\t\t\t\t<\/div>\n\t\t\t<\/div>\n\t\t\t<\/div>\n\t\n\n\t<div id=\"accordion-block_4910b71b2e76ecbd0aa8a9b4fcbb3f92\" class=\"accordions\">\n\t\t\t\t\t<div class=\"accordion accordion-js\">\n\t\t\t\t<button class=\"accordion__button\" aria-controls=\"content-1379\" aria-expanded=\"false\" id=\"accordion-control-1379\">\n\t\t\t\t\t<h3 class=\"accordion__heading\" >\n\t\t\t\t\t\tBagagef\u00f6rvaring\t\t\t\t\t<\/h3>\n\t\t\t\t<\/button>\n\t\t\t\t<div class=\"accordion__content\" role=\"region\" aria-labelledby=\"accordion-control-1379\" aria-hidden=\"true\" id=\"content-1379\">\n\t\t\t\t\t<p>Under konferensen kan ni l\u00e4mna era bagage f\u00f6r f\u00f6rvaring vid Agorans sal AG103, som ligger n\u00e4ra Agorans informationsdisk (<a href=\"https:\/\/sites.uef.fi\/kielitieteenpaivat2026\/wp-content\/uploads\/sites\/565\/2026\/04\/KARTTA_Agora.pdf\">karta \u00f6ver Agora-byggnaden, pdf<\/a>).<\/p>\n\t\t\t\t<\/div>\n\t\t\t<\/div>\n\t\t\t<\/div>\n\t\n\n\t<div id=\"accordion-block_8b0be7c972d5c194a78751b1989afbb2\" class=\"accordions\">\n\t\t\t\t\t<div class=\"accordion accordion-js\">\n\t\t\t\t<button class=\"accordion__button\" aria-controls=\"content-9502\" aria-expanded=\"false\" id=\"accordion-control-9502\">\n\t\t\t\t\t<h3 class=\"accordion__heading\" >\n\t\t\t\t\t\tPostert\u00e4vling\t\t\t\t\t<\/h3>\n\t\t\t\t<\/button>\n\t\t\t\t<div class=\"accordion__content\" role=\"region\" aria-labelledby=\"accordion-control-9502\" aria-hidden=\"true\" id=\"content-9502\">\n\t\t\t\t\t<p>Postersessionen h\u00e5lls tisdagen den 19 maj kl. 10.00 till 10.45 i Carelia-byggnadens lobby.<\/p>\n<p>Konferensdeltagarna kan r\u00f6sta p\u00e5 sin favoritposter med <a href=\"https:\/\/link.webropolsurveys.com\/S\/674AC562BC017C0A\">detta formul\u00e4r<\/a>\u00a0till kl. 11 p\u00e5 onsdag 20.5. De posters med flest r\u00f6ster bel\u00f6nas med Finska Litteraturs\u00e4llskapets bokpris.<\/p>\n\t\t\t\t<\/div>\n\t\t\t<\/div>\n\t\t\t<\/div>\n\t\n\n\t<div id=\"accordion-block_ec88c198937dc3d9a1e92a5759b61447\" class=\"accordions\">\n\t\t\t\t\t<div class=\"accordion accordion-js\">\n\t\t\t\t<button class=\"accordion__button\" aria-controls=\"content-3018\" aria-expanded=\"false\" id=\"accordion-control-3018\">\n\t\t\t\t\t<h3 class=\"accordion__heading\" >\n\t\t\t\t\t\tLuncher och restauranger p\u00e5 campus\t\t\t\t\t<\/h3>\n\t\t\t\t<\/button>\n\t\t\t\t<div class=\"accordion__content\" role=\"region\" aria-labelledby=\"accordion-control-3018\" aria-hidden=\"true\" id=\"content-3018\">\n\t\t\t\t\t<p>Luncher p\u00e5 f\u00f6ljande <strong>Food &amp; Co<\/strong> -restauranger ing\u00e5r i konferensavgiften:<\/p>\n<ul>\n<li>Restaurang Aura (Aurora-byggnaden)<\/li>\n<li>Restaurang Carelia (Carelia-byggnaden)<\/li>\n<li>Restaurang Futura (Futura-byggnaden)<\/li>\n<li>Wicked Rabbit Metria (Metria-byggnaden)<\/li>\n<li>Restaurang Natura (Natura-byggnaden)<\/li>\n<li>Restaurang Kampus Bistro<\/li>\n<\/ul>\n<p>Mer information om campusrestaurangerna finns p\u00e5 \u00d6stra Finlands universitets webbplats p\u00e5 <a href=\"https:\/\/www.uef.fi\/fi\/kampusravintolat\">finska<\/a> och <a href=\"https:\/\/www.uef.fi\/en\/campus-restaurants\">engelska<\/a>.<\/p>\n<p>Tisdagen den 19 maj \u00e4r konferensens lunchpaus kl. 12:15\u201313:30 och onsdagen den 20 maj kl. 12:00\u201313:00.<\/p>\n\t\t\t\t<\/div>\n\t\t\t<\/div>\n\t\t\t<\/div>\n\t\n\n\t<div id=\"accordion-block_2bfc1166398d1ffdb6c4ae2d3bbfe614\" class=\"accordions\">\n\t\t\t\t\t<div class=\"accordion accordion-js\">\n\t\t\t\t<button class=\"accordion__button\" aria-controls=\"content-5986\" aria-expanded=\"false\" id=\"accordion-control-5986\">\n\t\t\t\t\t<h3 class=\"accordion__heading\" >\n\t\t\t\t\t\tKonferensmiddag (den 19 maj kl. 19)\t\t\t\t\t<\/h3>\n\t\t\t\t<\/button>\n\t\t\t\t<div class=\"accordion__content\" role=\"region\" aria-labelledby=\"accordion-control-5986\" aria-hidden=\"true\" id=\"content-5986\">\n\t\t\t\t\t<p>Konferensmiddagen h\u00e5lls tisdagen den 19 maj kl. 19.00 p\u00e5 <a href=\"https:\/\/www.kerubi.fi\/\">restaurang Kerubi<\/a> (Siltakatu 1). Anm\u00e4lan till middagen gjordes i samband med konferensanm\u00e4lan (anm\u00e4lan st\u00e4ngdes den 24 april).<\/p>\n<p><strong>F\u00f6rr\u00e4tter:<\/strong><\/p>\n<ul>\n<li>Blodapelsin-fetaostsallad med varm honungssirap (L,G)<\/li>\n<li>Marinerad r\u00f6dk\u00e5lssallad (V,G)<\/li>\n<li>Borlottib\u00f6nor kryddade med chiliolja, rostad s\u00f6tpotatis, ruccola och pinjen\u00f6tter (V,G)<\/li>\n<li>Kyckling- och kungskrabbasallad, dinkel, quinoa (V) och gochujang-yoghurt (L)<\/li>\n<li>Kerubis potatissallad och rostade kik\u00e4rter (V,G)<\/li>\n<li>Gr\u00f6na groddsallad och r\u00f6kt apelsindressing (V,G)<\/li>\n<li>Kerubis rosmarinfocaccia, hummus och f\u00e4rskost (L)<\/li>\n<\/ul>\n<p><strong>Huvudr\u00e4tter fr\u00e5n kolgrillen:<\/strong><\/p>\n<ul>\n<li>Grillad sik och morots-kumquatkompott (M,G)<\/li>\n<li>Kerubis r\u00f6kt bringa och BBQ-s\u00e5s (M,G)<\/li>\n<li>Panerad seitan, chiliolja, gr\u00f6n coleslaw, vitl\u00f6kskryddad mospotatis och jord\u00e4rtskocka (V)<\/li>\n<li>Vitl\u00f6kskryddad mospotatis och jord\u00e4rtskocka (V,G)<\/li>\n<\/ul>\n<p><strong>Efterr\u00e4tter:<\/strong><\/p>\n<ul>\n<li>Lagrade ostar (L,G), dinkelkex (V) och aprikosmarmelad (V,G)<\/li>\n<li>Choklad, k\u00f6rsb\u00e4rsmascarpone och kexcrumble (L)<\/li>\n<li>Makaroner (L,G)<\/li>\n<\/ul>\n\t\t\t\t<\/div>\n\t\t\t<\/div>\n\t\t\t<\/div>\n\t\n\n\t<div id=\"accordion-block_6f5937569b199d226c6e39be99b243ae\" class=\"accordions\">\n\t\t\t\t\t<div class=\"accordion accordion-js\">\n\t\t\t\t<button class=\"accordion__button\" aria-controls=\"content-5721\" aria-expanded=\"false\" id=\"accordion-control-5721\">\n\t\t\t\t\t<h3 class=\"accordion__heading\" >\n\t\t\t\t\t\tHotell i Joensuu\t\t\t\t\t<\/h3>\n\t\t\t\t<\/button>\n\t\t\t\t<div class=\"accordion__content\" role=\"region\" aria-labelledby=\"accordion-control-5721\" aria-hidden=\"true\" id=\"content-5721\">\n\t\t\t\t\t<p><!-- wp:paragraph --><strong>GreenStar Joensuu<\/strong><\/p>\n<p><!-- \/wp:paragraph --><!-- wp:paragraph -->Torikatu 16, 80100, Joensuu<br \/>\n<a href=\"mailto:joensuu@greenstar.fi\" target=\"_blank\" rel=\"noreferrer noopener\">joensuu@greenstar.fi<\/a>, puh: +358104239390<br \/>\n<a href=\"https:\/\/www.greenstar.fi\/hotellit\/joensuu\/\" target=\"_blank\" rel=\"noreferrer noopener\">www.greenstar.fi\/hotellit\/joensuu\/<\/a><\/p>\n<p><!-- \/wp:paragraph --><!-- wp:paragraph -->15 % rabatt p\u00e5 rumspriserna med koden <strong>GREENKIELITIEDE<\/strong>. Alla bokar och betalar f\u00f6r sitt eget boende. Bokningar kan g\u00f6ras direkt med hotellet via telefon eller e-post. Koden g\u00e4ller s\u00e5 l\u00e4nge det finns tillg\u00e4nglighet. Alla betalar p\u00e5 plats med kontanter eller kreditkort.\u2060<\/p>\n<p><!-- \/wp:paragraph --><\/p>\n<p><!-- wp:paragraph --><strong>Lietsu<\/strong><\/p>\n<p><!-- \/wp:paragraph --><!-- wp:paragraph -->Rantakatu 26, 80100 Joensuu, Finland<br \/>\n<a href=\"mailto:info@lietsuhotel.fi\" target=\"_blank\" rel=\"noreferrer noopener\">info@lietsuhotel.fi<\/a>, puh. +358 44 7520 500<br \/>\n<a href=\"https:\/\/www.lietsuhotel.fi\" target=\"_blank\" rel=\"noreferrer noopener\">www.lietsuhotel.fi<\/a><\/p>\n<p><!-- \/wp:paragraph --><!-- wp:list --><\/p>\n<ul class=\"wp-block-list\">\n<li style=\"list-style-type: none\">\n<ul class=\"wp-block-list\"><!-- wp:list-item --><\/p>\n<li>Rum f\u00f6r en person med karelsk frukost 118 \u20ac\/natt<\/li>\n<\/ul>\n<\/li>\n<\/ul>\n<p><!-- \/wp:list-item --> <!-- wp:list-item --><\/p>\n<ul class=\"wp-block-list\">\n<li style=\"list-style-type: none\">\n<ul class=\"wp-block-list\">\n<li>Rum f\u00f6r tv\u00e5 personer med karelsk frukost 138 \u20ac\/natt<\/li>\n<\/ul>\n<\/li>\n<\/ul>\n<p><!-- \/wp:list-item --> <!-- wp:list-item --><\/p>\n<ul class=\"wp-block-list\">\n<li style=\"list-style-type: none\">\n<ul class=\"wp-block-list\">\n<li>Parkering vid behov 10 \u20ac\/natt<\/li>\n<\/ul>\n<\/li>\n<\/ul>\n<p><!-- \/wp:list-item --><\/p>\n<p><!-- \/wp:list --><!-- wp:paragraph -->Bokningar med erbjudandekoden <strong>JOENSUU26<\/strong> kan g\u00f6ras p\u00e5 v\u00e5r webbplats <a href=\"https:\/\/www.lietsuhotel.fi\" target=\"_blank\" rel=\"noreferrer noopener\">www.lietsuhotel.fi<\/a> eller direkt i receptionen <a href=\"mailto:info@lietsuhotel.fi\" target=\"_blank\" rel=\"noreferrer noopener\">info@lietsuhotel.fi<\/a> \/ +358 44 7520 500. Gratis avbokning fram till kl. 16.00 dagen f\u00f6re ankomst. Erbjudandet g\u00e4ller f\u00f6r vistelser fr\u00e5n s\u00f6ndag till torsdag, 17\u201322 maj 2026, i m\u00e5n av tillg\u00e5ng.<\/p>\n<p><!-- \/wp:paragraph --><\/p>\n<p><!-- wp:paragraph --><strong>Omena hotell Joensuu<\/strong><\/p>\n<p><!-- \/wp:paragraph --><!-- wp:paragraph -->Kauppakatu 32, 80100 Joensuu<br \/>\n<a href=\"https:\/\/www.omenahotels.com\/fi\/hotellit\/joensuu\/\" target=\"_blank\" rel=\"noreferrer noopener\">www.omenahotels.com\/fi\/hotellit\/joensuu\/<\/a><\/p>\n<p><!-- \/wp:paragraph --><!-- wp:paragraph -->FLEX-kod: <strong>FLX25-22857339AL<\/strong><\/p>\n<p><!-- \/wp:paragraph --><!-- wp:list --><\/p>\n<ul class=\"wp-block-list\">\n<li style=\"list-style-type: none\">\n<ul class=\"wp-block-list\"><!-- wp:list-item --><\/p>\n<li>1-2 personer: 62 \u20ac per rum och natt<\/li>\n<\/ul>\n<\/li>\n<\/ul>\n<p><!-- \/wp:list-item --> <!-- wp:list-item --><\/p>\n<ul class=\"wp-block-list\">\n<li style=\"list-style-type: none\">\n<ul class=\"wp-block-list\">\n<li>3 personer: 72 \u20ac per rum och natt<\/li>\n<\/ul>\n<\/li>\n<\/ul>\n<p><!-- \/wp:list-item --> <!-- wp:list-item --><\/p>\n<ul class=\"wp-block-list\">\n<li style=\"list-style-type: none\">\n<ul class=\"wp-block-list\">\n<li>4 personer: 82 \u20ac per rum och natt<\/li>\n<\/ul>\n<\/li>\n<\/ul>\n<p><!-- \/wp:list-item --> <!-- wp:list-item --><\/p>\n<ul class=\"wp-block-list\">\n<li style=\"list-style-type: none\">\n<ul class=\"wp-block-list\">\n<li>Frukost ing\u00e5r inte<\/li>\n<\/ul>\n<\/li>\n<\/ul>\n<p><!-- \/wp:list-item --><\/p>\n<p><!-- \/wp:list --><\/p>\n<p><!-- wp:paragraph --><strong>Sokos Hotel Vaakuna<\/strong><\/p>\n<p>Torikatu 20, 80100 Joensuu<br \/>\nTel. +358 10 7823 100<br \/>\n<a href=\"https:\/\/www.sokoshotels.fi\/hotellit\/joensuu\/original-sokos-hotel-vaakuna\" target=\"_blank\" rel=\"noreferrer noopener\">https:\/\/www.sokoshotels.fi\/hotellit\/joensuu\/original-sokos-hotel-vaakuna<\/a><\/p>\n<p>124 EUR \/ 1hh Standard enkelrum<br \/>\n144 EUR \/ 2hh Standard<\/p>\n<p>Bokningskod per telefon eller online <strong>BKTP2026<\/strong>.<\/p>\n<p>I rumspriset ing\u00e5r en gener\u00f6s hotellfrukost, bastubad f\u00f6r hotellg\u00e4ster, tr\u00e5dl\u00f6st internet (Wi-Fi) och moms. Sista dagen f\u00f6r kostnadsfri avbokning av en individuell bokning fr\u00e5n kvoten \u00e4r 4 dagar f\u00f6re ankomstdagen. Rumsbokningar fr\u00e5n kvoten m\u00e5ste g\u00f6ras senast kl. 16.30 den 11 maj 2026.<\/p>\n<!-- \/wp:paragraph -->\t\t\t\t<\/div>\n\t\t\t<\/div>\n\t\t\t<\/div>\n\t\n\n\t<div id=\"accordion-block_6a1c1c5cf170f81e38a730f43f94c72b\" class=\"accordions\">\n\t\t\t\t\t<div class=\"accordion accordion-js\">\n\t\t\t\t<button class=\"accordion__button\" aria-controls=\"content-6217\" aria-expanded=\"false\" id=\"accordion-control-6217\">\n\t\t\t\t\t<h3 class=\"accordion__heading\" >\n\t\t\t\t\t\tAvbokningsvillkoren\t\t\t\t\t<\/h3>\n\t\t\t\t<\/button>\n\t\t\t\t<div class=\"accordion__content\" role=\"region\" aria-labelledby=\"accordion-control-6217\" aria-hidden=\"true\" id=\"content-6217\">\n\t\t\t\t\t<p>Registreringen kan avbokas kostnadsfritt fram till den 10 april 2026, d\u00e4refter blir registreringen bindande.<\/p>\n<p>Om registreringen avbokas senast den 30 april 2026 debiteras 50 % av deltagaravgiften. Efter detta datum debiteras hela deltagaravgiften, s\u00e5vida inte deltagaren kan uppvisa ett l\u00e4karintyg som motiverar fr\u00e5nvaron.<\/p>\n<p>Avbokningar m\u00e5ste g\u00f6ras skriftligen till f\u00f6ljande e-postadresser: ktp2026@uef.fi och eija.buchmann@uef.fi.<\/p>\n\t\t\t\t<\/div>\n\t\t\t<\/div>\n\t\t\t<\/div>\n\t\n\n\t<div id=\"accordion-block_3adc2328893f21821a8c379f24a26ce8\" class=\"accordions\">\n\t\t\t\t\t<div class=\"accordion accordion-js\">\n\t\t\t\t<button class=\"accordion__button\" aria-controls=\"content-8008\" aria-expanded=\"false\" id=\"accordion-control-8008\">\n\t\t\t\t\t<h3 class=\"accordion__heading\" >\n\t\t\t\t\t\tArrang\u00f6rskommitt\u00e9n\t\t\t\t\t<\/h3>\n\t\t\t\t<\/button>\n\t\t\t\t<div class=\"accordion__content\" role=\"region\" aria-labelledby=\"accordion-control-8008\" aria-hidden=\"true\" id=\"content-8008\">\n\t\t\t\t\t<p><!-- wp:list --><\/p>\n<ul class=\"wp-block-list\"><!-- wp:list-item --><\/p>\n<li><a href=\"https:\/\/uefconnect.uef.fi\/hanna.lappalainen\/\">Hanna Lappalainen<\/a> (pj.)<\/li>\n<p><!-- \/wp:list-item --> <!-- wp:list-item --><\/p>\n<li><a href=\"https:\/\/uefconnect.uef.fi\/lotta.aarikka\/\">Lotta Aarikka<\/a><\/li>\n<p><!-- \/wp:list-item --> <!-- wp:list-item --><\/p>\n<li><a href=\"https:\/\/uefconnect.uef.fi\/jaana.kolu\/\">Jaana Kolu<\/a><\/li>\n<p><!-- \/wp:list-item --> <!-- wp:list-item --><\/p>\n<li><a href=\"https:\/\/uefconnect.uef.fi\/larisa.leisio\/\">Larisa Leisi\u00f6<\/a><\/li>\n<p><!-- \/wp:list-item --> <!-- wp:list-item --><\/p>\n<li><a href=\"https:\/\/uefconnect.uef.fi\/ilia.moshnikov\/\">Ilja Moshnikov<\/a><\/li>\n<p><!-- \/wp:list-item --> <!-- wp:list-item --><\/p>\n<li><a href=\"https:\/\/uefconnect.uef.fi\/jukka.makisalo\/\">Jukka M\u00e4kisalo<\/a><\/li>\n<p><!-- \/wp:list-item --> <!-- wp:list-item --><\/p>\n<li><a href=\"https:\/\/uefconnect.uef.fi\/paula.rautionaho\/\">Paula Rautionaho<\/a><\/li>\n<p><!-- \/wp:list-item --> <!-- wp:list-item --><\/p>\n<li><a href=\"https:\/\/uefconnect.uef.fi\/michael.riesler\/\">Michael Rie\u00dfler<\/a><\/li>\n<p><!-- \/wp:list-item --> <!-- wp:list-item --><\/p>\n<li>Iiris Salminen<\/li>\n<p><!-- \/wp:list-item --> <!-- wp:list-item --><\/p>\n<li><a href=\"https:\/\/uefconnect.uef.fi\/irene.taipale\/\">Irene Taipale<\/a><\/li>\n<p><!-- \/wp:list-item --> <!-- wp:list-item --><\/p>\n<li><a href=\"https:\/\/uefconnect.uef.fi\/milla.uusitupa\/\">Milla Uusitupa<\/a><\/li>\n<p><!-- \/wp:list-item --><\/ul>\n<p><!-- \/wp:list --><!-- wp:paragraph -->E-post till arrang\u00f6rskommitt\u00e9n: ktp2026@uef.fi<\/p>\n<p><!-- \/wp:paragraph --><\/p>\n\t\t\t\t<\/div>\n\t\t\t<\/div>\n\t\t\t<\/div>\n\t","protected":false},"excerpt":{"rendered":"<p>Viktiga datum Registreringen avslutades den 24 april 2026. Programmet har publicerats. Konferensprogrammet b\u00f6rjar m\u00e5ndagen den 18 maj kl. 13.00 och slutar onsdagen den 20 maj kl. 14.30. Spr\u00e5kvetenskapsdagarna i Joensuu 18\u201320 maj 2026<\/p>\n","protected":false},"author":1341,"featured_media":0,"parent":0,"menu_order":0,"comment_status":"closed","ping_status":"closed","template":"","meta":{"_acf_changed":false,"footnotes":""},"class_list":["post-227","page","type-page","status-publish","hentry"],"acf":[],"yoast_head":"<!-- This site is optimized with the Yoast SEO plugin v27.3 - https:\/\/yoast.com\/product\/yoast-seo-wordpress\/ -->\n<title>Info - Tervetuloa Kielitieteen p\u00e4iville It\u00e4-Suomen yliopiston Joensuun kampukselle 18.\u201320.5.2026!<\/title>\n<meta name=\"robots\" content=\"index, follow, max-snippet:-1, max-image-preview:large, max-video-preview:-1\" \/>\n<link rel=\"canonical\" href=\"https:\/\/sites.uef.fi\/kielitieteenpaivat2026\/info\/\" \/>\n<meta property=\"og:locale\" content=\"fi_FI\" \/>\n<meta property=\"og:type\" content=\"article\" \/>\n<meta property=\"og:title\" content=\"Info - Tervetuloa Kielitieteen p\u00e4iville It\u00e4-Suomen yliopiston Joensuun kampukselle 18.\u201320.5.2026!\" \/>\n<meta property=\"og:description\" content=\"Viktiga datum Registreringen avslutades den 24 april 2026. Programmet har publicerats. Konferensprogrammet b\u00f6rjar m\u00e5ndagen den 18 maj kl. 13.00 och slutar onsdagen den 20 maj kl. 14.30. Spr\u00e5kvetenskapsdagarna i Joensuu 18\u201320 maj 2026\" \/>\n<meta property=\"og:url\" content=\"https:\/\/sites.uef.fi\/kielitieteenpaivat2026\/info\/?lang=sv\" \/>\n<meta property=\"og:site_name\" content=\"Tervetuloa Kielitieteen p\u00e4iville It\u00e4-Suomen yliopiston Joensuun kampukselle 18.\u201320.5.2026!\" \/>\n<meta property=\"article:modified_time\" content=\"2026-05-08T07:45:05+00:00\" \/>\n<meta name=\"twitter:card\" content=\"summary_large_image\" \/>\n<meta name=\"twitter:label1\" content=\"Arvioitu lukuaika\" \/>\n\t<meta name=\"twitter:data1\" content=\"1 minuutti\" \/>\n<script type=\"application\/ld+json\" class=\"yoast-schema-graph\">{\"@context\":\"https:\\\/\\\/schema.org\",\"@graph\":[{\"@type\":\"WebPage\",\"@id\":\"https:\\\/\\\/sites.uef.fi\\\/kielitieteenpaivat2026\\\/info\\\/?lang=sv\",\"url\":\"https:\\\/\\\/sites.uef.fi\\\/kielitieteenpaivat2026\\\/info\\\/?lang=sv\",\"name\":\"Info - Tervetuloa Kielitieteen p\u00e4iville It\u00e4-Suomen yliopiston Joensuun kampukselle 18.\u201320.5.2026!\",\"isPartOf\":{\"@id\":\"https:\\\/\\\/sites.uef.fi\\\/kielitieteenpaivat2026\\\/#website\"},\"datePublished\":\"2025-11-13T09:17:46+00:00\",\"dateModified\":\"2026-05-08T07:45:05+00:00\",\"breadcrumb\":{\"@id\":\"https:\\\/\\\/sites.uef.fi\\\/kielitieteenpaivat2026\\\/info\\\/?lang=sv#breadcrumb\"},\"inLanguage\":\"fi\",\"potentialAction\":[{\"@type\":\"ReadAction\",\"target\":[\"https:\\\/\\\/sites.uef.fi\\\/kielitieteenpaivat2026\\\/info\\\/?lang=sv\"]}]},{\"@type\":\"BreadcrumbList\",\"@id\":\"https:\\\/\\\/sites.uef.fi\\\/kielitieteenpaivat2026\\\/info\\\/?lang=sv#breadcrumb\",\"itemListElement\":[{\"@type\":\"ListItem\",\"position\":1,\"name\":\"Etusivu\",\"item\":\"https:\\\/\\\/sites.uef.fi\\\/kielitieteenpaivat2026\\\/\"},{\"@type\":\"ListItem\",\"position\":2,\"name\":\"Info\"}]},{\"@type\":\"WebSite\",\"@id\":\"https:\\\/\\\/sites.uef.fi\\\/kielitieteenpaivat2026\\\/#website\",\"url\":\"https:\\\/\\\/sites.uef.fi\\\/kielitieteenpaivat2026\\\/\",\"name\":\"Tervetuloa Kielitieteen p\u00e4iville It\u00e4-Suomen yliopiston Joensuun kampukselle 18.\u201320.5.2026!\",\"description\":\"\",\"potentialAction\":[{\"@type\":\"SearchAction\",\"target\":{\"@type\":\"EntryPoint\",\"urlTemplate\":\"https:\\\/\\\/sites.uef.fi\\\/kielitieteenpaivat2026\\\/?s={search_term_string}\"},\"query-input\":{\"@type\":\"PropertyValueSpecification\",\"valueRequired\":true,\"valueName\":\"search_term_string\"}}],\"inLanguage\":\"fi\"}]}<\/script>\n<!-- \/ Yoast SEO plugin. -->","yoast_head_json":{"title":"Info - Tervetuloa Kielitieteen p\u00e4iville It\u00e4-Suomen yliopiston Joensuun kampukselle 18.\u201320.5.2026!","robots":{"index":"index","follow":"follow","max-snippet":"max-snippet:-1","max-image-preview":"max-image-preview:large","max-video-preview":"max-video-preview:-1"},"canonical":"https:\/\/sites.uef.fi\/kielitieteenpaivat2026\/info\/","og_locale":"fi_FI","og_type":"article","og_title":"Info - Tervetuloa Kielitieteen p\u00e4iville It\u00e4-Suomen yliopiston Joensuun kampukselle 18.\u201320.5.2026!","og_description":"Viktiga datum Registreringen avslutades den 24 april 2026. Programmet har publicerats. Konferensprogrammet b\u00f6rjar m\u00e5ndagen den 18 maj kl. 13.00 och slutar onsdagen den 20 maj kl. 14.30. Spr\u00e5kvetenskapsdagarna i Joensuu 18\u201320 maj 2026","og_url":"https:\/\/sites.uef.fi\/kielitieteenpaivat2026\/info\/?lang=sv","og_site_name":"Tervetuloa Kielitieteen p\u00e4iville It\u00e4-Suomen yliopiston Joensuun kampukselle 18.\u201320.5.2026!","article_modified_time":"2026-05-08T07:45:05+00:00","twitter_card":"summary_large_image","twitter_misc":{"Arvioitu lukuaika":"1 minuutti"},"schema":{"@context":"https:\/\/schema.org","@graph":[{"@type":"WebPage","@id":"https:\/\/sites.uef.fi\/kielitieteenpaivat2026\/info\/?lang=sv","url":"https:\/\/sites.uef.fi\/kielitieteenpaivat2026\/info\/?lang=sv","name":"Info - Tervetuloa Kielitieteen p\u00e4iville It\u00e4-Suomen yliopiston Joensuun kampukselle 18.\u201320.5.2026!","isPartOf":{"@id":"https:\/\/sites.uef.fi\/kielitieteenpaivat2026\/#website"},"datePublished":"2025-11-13T09:17:46+00:00","dateModified":"2026-05-08T07:45:05+00:00","breadcrumb":{"@id":"https:\/\/sites.uef.fi\/kielitieteenpaivat2026\/info\/?lang=sv#breadcrumb"},"inLanguage":"fi","potentialAction":[{"@type":"ReadAction","target":["https:\/\/sites.uef.fi\/kielitieteenpaivat2026\/info\/?lang=sv"]}]},{"@type":"BreadcrumbList","@id":"https:\/\/sites.uef.fi\/kielitieteenpaivat2026\/info\/?lang=sv#breadcrumb","itemListElement":[{"@type":"ListItem","position":1,"name":"Etusivu","item":"https:\/\/sites.uef.fi\/kielitieteenpaivat2026\/"},{"@type":"ListItem","position":2,"name":"Info"}]},{"@type":"WebSite","@id":"https:\/\/sites.uef.fi\/kielitieteenpaivat2026\/#website","url":"https:\/\/sites.uef.fi\/kielitieteenpaivat2026\/","name":"Tervetuloa Kielitieteen p\u00e4iville It\u00e4-Suomen yliopiston Joensuun kampukselle 18.\u201320.5.2026!","description":"","potentialAction":[{"@type":"SearchAction","target":{"@type":"EntryPoint","urlTemplate":"https:\/\/sites.uef.fi\/kielitieteenpaivat2026\/?s={search_term_string}"},"query-input":{"@type":"PropertyValueSpecification","valueRequired":true,"valueName":"search_term_string"}}],"inLanguage":"fi"}]}},"_links":{"self":[{"href":"https:\/\/sites.uef.fi\/kielitieteenpaivat2026\/wp-json\/wp\/v2\/pages\/227","targetHints":{"allow":["GET"]}}],"collection":[{"href":"https:\/\/sites.uef.fi\/kielitieteenpaivat2026\/wp-json\/wp\/v2\/pages"}],"about":[{"href":"https:\/\/sites.uef.fi\/kielitieteenpaivat2026\/wp-json\/wp\/v2\/types\/page"}],"author":[{"embeddable":true,"href":"https:\/\/sites.uef.fi\/kielitieteenpaivat2026\/wp-json\/wp\/v2\/users\/1341"}],"replies":[{"embeddable":true,"href":"https:\/\/sites.uef.fi\/kielitieteenpaivat2026\/wp-json\/wp\/v2\/comments?post=227"}],"version-history":[{"count":1,"href":"https:\/\/sites.uef.fi\/kielitieteenpaivat2026\/wp-json\/wp\/v2\/pages\/227\/revisions"}],"predecessor-version":[{"id":1082,"href":"https:\/\/sites.uef.fi\/kielitieteenpaivat2026\/wp-json\/wp\/v2\/pages\/227\/revisions\/1082"}],"wp:attachment":[{"href":"https:\/\/sites.uef.fi\/kielitieteenpaivat2026\/wp-json\/wp\/v2\/media?parent=227"}],"curies":[{"name":"wp","href":"https:\/\/api.w.org\/{rel}","templated":true}]}}