{"id":517,"date":"2026-02-16T15:34:15","date_gmt":"2026-02-16T13:34:15","guid":{"rendered":"https:\/\/sites.uef.fi\/kielitieteenpaivat2026\/?page_id=517"},"modified":"2026-03-31T23:13:20","modified_gmt":"2026-03-31T20:13:20","slug":"ilmoittautuminen","status":"publish","type":"page","link":"https:\/\/sites.uef.fi\/kielitieteenpaivat2026\/ilmoittautuminen\/","title":{"rendered":"Ilmoittautuminen"},"content":{"rendered":"\n<p>Kielitieteen p\u00e4ivien 2026 ilmoittautuminen (<a href=\"https:\/\/registration.contio.fi\/uef\/Registration\/Login?id=10201-T_10201-11750&amp;lang=fi\">linkki ilmoittautumislomakkeeseen<\/a>) on avoinna <strong>16.3.\u201324.4.2026<\/strong>. Esitelm\u00f6itsij\u00f6it\u00e4 pyydet\u00e4\u00e4n ilmoittautumaan <strong>10.4.2026<\/strong> menness\u00e4.<\/p>\n\n\n\n<p><strong>Osallistumismaksut <\/strong>(sis. lounaat ja kahvit):<\/p>\n\n\n\n<ul class=\"wp-block-list\">\n<li>ei erityiskategoriaa, 120 \u20ac<\/li>\n\n\n\n<li>perustutkinto- ja jatko-opiskelijat sek\u00e4 el\u00e4kel\u00e4iset, 80 \u20ac<\/li>\n\n\n\n<li>plenaristit, UEF:n ty\u00f6ntekij\u00e4t ja opiskelija-avustajat, 0 \u20ac<\/li>\n\n\n\n<li>konferenssi-illallinen (19.5.2026), 60 \u20ac<\/li>\n<\/ul>\n\n\n\n<p>Konferenssi-illallisen menun sek\u00e4 ohjeita esiintyjille l\u00f6yd\u00e4t verkkosivujemme <a href=\"https:\/\/sites.uef.fi\/kielitieteenpaivat2026\/info\/\">Info-osiosta<\/a>.<\/p>\n\n\n\n<p><strong>Peruutusehdot:<\/strong> Ilmoittautumisen voi peruuttaa kuluitta 10.4.2026 asti, jonka j\u00e4lkeen ilmoittautuminen muuttuu sitovaksi. Mik\u00e4li ilmoittautuminen perutaan 30.4.2026 menness\u00e4, veloitetaan 50 % osallistumismaksusta. T\u00e4m\u00e4n j\u00e4lkeen osallistumismaksu perit\u00e4\u00e4n kokonaisuudessaan, ellei osallistujalla ole esitt\u00e4\u00e4 l\u00e4\u00e4k\u00e4rintodistusta poisj\u00e4\u00e4nnin perusteeksi. Peruutus tulee tehd\u00e4 kirjallisesti seuraaviin s\u00e4hk\u00f6postiosoitteisiin: ktp2026@uef.fi ja eija.buchmann@uef.fi.<\/p>\n\n\n\n<p><\/p>\n","protected":false},"excerpt":{"rendered":"<p>Kielitieteen p\u00e4ivien 2026 ilmoittautuminen (linkki ilmoittautumislomakkeeseen) on avoinna 16.3.\u201324.4.2026. Esitelm\u00f6itsij\u00f6it\u00e4 pyydet\u00e4\u00e4n ilmoittautumaan 10.4.2026 menness\u00e4. Osallistumismaksut (sis. lounaat ja kahvit): Konferenssi-illallisen menun sek\u00e4 ohjeita esiintyjille l\u00f6yd\u00e4t verkkosivujemme Info-osiosta. Peruutusehdot: Ilmoittautumisen voi peruuttaa kuluitta 10.4.2026 asti, jonka j\u00e4lkeen ilmoittautuminen muuttuu sitovaksi. Mik\u00e4li ilmoittautuminen perutaan 30.4.2026 menness\u00e4, veloitetaan 50 % osallistumismaksusta. T\u00e4m\u00e4n j\u00e4lkeen osallistumismaksu perit\u00e4\u00e4n kokonaisuudessaan, ellei osallistujalla [&hellip;]<\/p>\n","protected":false},"author":1341,"featured_media":0,"parent":0,"menu_order":0,"comment_status":"closed","ping_status":"closed","template":"","meta":{"_acf_changed":false,"footnotes":""},"class_list":["post-517","page","type-page","status-publish","hentry"],"acf":[],"yoast_head":"<!-- This site is optimized with the Yoast SEO plugin v27.1.1 - https:\/\/yoast.com\/product\/yoast-seo-wordpress\/ -->\n<title>Ilmoittautuminen - Tervetuloa Kielitieteen p\u00e4iville It\u00e4-Suomen yliopiston Joensuun kampukselle 18.\u201320.5.2026!<\/title>\n<meta name=\"robots\" content=\"index, follow, max-snippet:-1, max-image-preview:large, max-video-preview:-1\" \/>\n<link rel=\"canonical\" href=\"https:\/\/sites.uef.fi\/kielitieteenpaivat2026\/ilmoittautuminen\/\" \/>\n<meta property=\"og:locale\" content=\"fi_FI\" \/>\n<meta property=\"og:type\" content=\"article\" \/>\n<meta property=\"og:title\" content=\"Ilmoittautuminen - Tervetuloa Kielitieteen p\u00e4iville It\u00e4-Suomen yliopiston Joensuun kampukselle 18.\u201320.5.2026!\" \/>\n<meta property=\"og:description\" content=\"Kielitieteen p\u00e4ivien 2026 ilmoittautuminen (linkki ilmoittautumislomakkeeseen) on avoinna 16.3.\u201324.4.2026. Esitelm\u00f6itsij\u00f6it\u00e4 pyydet\u00e4\u00e4n ilmoittautumaan 10.4.2026 menness\u00e4. Osallistumismaksut (sis. lounaat ja kahvit): Konferenssi-illallisen menun sek\u00e4 ohjeita esiintyjille l\u00f6yd\u00e4t verkkosivujemme Info-osiosta. Peruutusehdot: Ilmoittautumisen voi peruuttaa kuluitta 10.4.2026 asti, jonka j\u00e4lkeen ilmoittautuminen muuttuu sitovaksi. Mik\u00e4li ilmoittautuminen perutaan 30.4.2026 menness\u00e4, veloitetaan 50 % osallistumismaksusta. T\u00e4m\u00e4n j\u00e4lkeen osallistumismaksu perit\u00e4\u00e4n kokonaisuudessaan, ellei osallistujalla [&hellip;]\" \/>\n<meta property=\"og:url\" content=\"https:\/\/sites.uef.fi\/kielitieteenpaivat2026\/ilmoittautuminen\/\" \/>\n<meta property=\"og:site_name\" content=\"Tervetuloa Kielitieteen p\u00e4iville It\u00e4-Suomen yliopiston Joensuun kampukselle 18.\u201320.5.2026!\" \/>\n<meta property=\"article:modified_time\" content=\"2026-03-31T20:13:20+00:00\" \/>\n<meta name=\"twitter:card\" content=\"summary_large_image\" \/>\n<meta name=\"twitter:label1\" content=\"Arvioitu lukuaika\" \/>\n\t<meta name=\"twitter:data1\" content=\"1 minuutti\" \/>\n<script type=\"application\/ld+json\" class=\"yoast-schema-graph\">{\"@context\":\"https:\/\/schema.org\",\"@graph\":[{\"@type\":\"WebPage\",\"@id\":\"https:\/\/sites.uef.fi\/kielitieteenpaivat2026\/ilmoittautuminen\/\",\"url\":\"https:\/\/sites.uef.fi\/kielitieteenpaivat2026\/ilmoittautuminen\/\",\"name\":\"Ilmoittautuminen - Tervetuloa Kielitieteen p\u00e4iville It\u00e4-Suomen yliopiston Joensuun kampukselle 18.\u201320.5.2026!\",\"isPartOf\":{\"@id\":\"https:\/\/sites.uef.fi\/kielitieteenpaivat2026\/#website\"},\"datePublished\":\"2026-02-16T13:34:15+00:00\",\"dateModified\":\"2026-03-31T20:13:20+00:00\",\"breadcrumb\":{\"@id\":\"https:\/\/sites.uef.fi\/kielitieteenpaivat2026\/ilmoittautuminen\/#breadcrumb\"},\"inLanguage\":\"fi\",\"potentialAction\":[{\"@type\":\"ReadAction\",\"target\":[\"https:\/\/sites.uef.fi\/kielitieteenpaivat2026\/ilmoittautuminen\/\"]}]},{\"@type\":\"BreadcrumbList\",\"@id\":\"https:\/\/sites.uef.fi\/kielitieteenpaivat2026\/ilmoittautuminen\/#breadcrumb\",\"itemListElement\":[{\"@type\":\"ListItem\",\"position\":1,\"name\":\"Etusivu\",\"item\":\"https:\/\/sites.uef.fi\/kielitieteenpaivat2026\/\"},{\"@type\":\"ListItem\",\"position\":2,\"name\":\"Ilmoittautuminen\"}]},{\"@type\":\"WebSite\",\"@id\":\"https:\/\/sites.uef.fi\/kielitieteenpaivat2026\/#website\",\"url\":\"https:\/\/sites.uef.fi\/kielitieteenpaivat2026\/\",\"name\":\"Tervetuloa Kielitieteen p\u00e4iville It\u00e4-Suomen yliopiston Joensuun kampukselle 18.\u201320.5.2026!\",\"description\":\"\",\"potentialAction\":[{\"@type\":\"SearchAction\",\"target\":{\"@type\":\"EntryPoint\",\"urlTemplate\":\"https:\/\/sites.uef.fi\/kielitieteenpaivat2026\/?s={search_term_string}\"},\"query-input\":{\"@type\":\"PropertyValueSpecification\",\"valueRequired\":true,\"valueName\":\"search_term_string\"}}],\"inLanguage\":\"fi\"}]}<\/script>\n<!-- \/ Yoast SEO plugin. -->","yoast_head_json":{"title":"Ilmoittautuminen - Tervetuloa Kielitieteen p\u00e4iville It\u00e4-Suomen yliopiston Joensuun kampukselle 18.\u201320.5.2026!","robots":{"index":"index","follow":"follow","max-snippet":"max-snippet:-1","max-image-preview":"max-image-preview:large","max-video-preview":"max-video-preview:-1"},"canonical":"https:\/\/sites.uef.fi\/kielitieteenpaivat2026\/ilmoittautuminen\/","og_locale":"fi_FI","og_type":"article","og_title":"Ilmoittautuminen - Tervetuloa Kielitieteen p\u00e4iville It\u00e4-Suomen yliopiston Joensuun kampukselle 18.\u201320.5.2026!","og_description":"Kielitieteen p\u00e4ivien 2026 ilmoittautuminen (linkki ilmoittautumislomakkeeseen) on avoinna 16.3.\u201324.4.2026. Esitelm\u00f6itsij\u00f6it\u00e4 pyydet\u00e4\u00e4n ilmoittautumaan 10.4.2026 menness\u00e4. Osallistumismaksut (sis. lounaat ja kahvit): Konferenssi-illallisen menun sek\u00e4 ohjeita esiintyjille l\u00f6yd\u00e4t verkkosivujemme Info-osiosta. Peruutusehdot: Ilmoittautumisen voi peruuttaa kuluitta 10.4.2026 asti, jonka j\u00e4lkeen ilmoittautuminen muuttuu sitovaksi. Mik\u00e4li ilmoittautuminen perutaan 30.4.2026 menness\u00e4, veloitetaan 50 % osallistumismaksusta. T\u00e4m\u00e4n j\u00e4lkeen osallistumismaksu perit\u00e4\u00e4n kokonaisuudessaan, ellei osallistujalla [&hellip;]","og_url":"https:\/\/sites.uef.fi\/kielitieteenpaivat2026\/ilmoittautuminen\/","og_site_name":"Tervetuloa Kielitieteen p\u00e4iville It\u00e4-Suomen yliopiston Joensuun kampukselle 18.\u201320.5.2026!","article_modified_time":"2026-03-31T20:13:20+00:00","twitter_card":"summary_large_image","twitter_misc":{"Arvioitu lukuaika":"1 minuutti"},"schema":{"@context":"https:\/\/schema.org","@graph":[{"@type":"WebPage","@id":"https:\/\/sites.uef.fi\/kielitieteenpaivat2026\/ilmoittautuminen\/","url":"https:\/\/sites.uef.fi\/kielitieteenpaivat2026\/ilmoittautuminen\/","name":"Ilmoittautuminen - Tervetuloa Kielitieteen p\u00e4iville It\u00e4-Suomen yliopiston Joensuun kampukselle 18.\u201320.5.2026!","isPartOf":{"@id":"https:\/\/sites.uef.fi\/kielitieteenpaivat2026\/#website"},"datePublished":"2026-02-16T13:34:15+00:00","dateModified":"2026-03-31T20:13:20+00:00","breadcrumb":{"@id":"https:\/\/sites.uef.fi\/kielitieteenpaivat2026\/ilmoittautuminen\/#breadcrumb"},"inLanguage":"fi","potentialAction":[{"@type":"ReadAction","target":["https:\/\/sites.uef.fi\/kielitieteenpaivat2026\/ilmoittautuminen\/"]}]},{"@type":"BreadcrumbList","@id":"https:\/\/sites.uef.fi\/kielitieteenpaivat2026\/ilmoittautuminen\/#breadcrumb","itemListElement":[{"@type":"ListItem","position":1,"name":"Etusivu","item":"https:\/\/sites.uef.fi\/kielitieteenpaivat2026\/"},{"@type":"ListItem","position":2,"name":"Ilmoittautuminen"}]},{"@type":"WebSite","@id":"https:\/\/sites.uef.fi\/kielitieteenpaivat2026\/#website","url":"https:\/\/sites.uef.fi\/kielitieteenpaivat2026\/","name":"Tervetuloa Kielitieteen p\u00e4iville It\u00e4-Suomen yliopiston Joensuun kampukselle 18.\u201320.5.2026!","description":"","potentialAction":[{"@type":"SearchAction","target":{"@type":"EntryPoint","urlTemplate":"https:\/\/sites.uef.fi\/kielitieteenpaivat2026\/?s={search_term_string}"},"query-input":{"@type":"PropertyValueSpecification","valueRequired":true,"valueName":"search_term_string"}}],"inLanguage":"fi"}]}},"_links":{"self":[{"href":"https:\/\/sites.uef.fi\/kielitieteenpaivat2026\/wp-json\/wp\/v2\/pages\/517","targetHints":{"allow":["GET"]}}],"collection":[{"href":"https:\/\/sites.uef.fi\/kielitieteenpaivat2026\/wp-json\/wp\/v2\/pages"}],"about":[{"href":"https:\/\/sites.uef.fi\/kielitieteenpaivat2026\/wp-json\/wp\/v2\/types\/page"}],"author":[{"embeddable":true,"href":"https:\/\/sites.uef.fi\/kielitieteenpaivat2026\/wp-json\/wp\/v2\/users\/1341"}],"replies":[{"embeddable":true,"href":"https:\/\/sites.uef.fi\/kielitieteenpaivat2026\/wp-json\/wp\/v2\/comments?post=517"}],"version-history":[{"count":2,"href":"https:\/\/sites.uef.fi\/kielitieteenpaivat2026\/wp-json\/wp\/v2\/pages\/517\/revisions"}],"predecessor-version":[{"id":850,"href":"https:\/\/sites.uef.fi\/kielitieteenpaivat2026\/wp-json\/wp\/v2\/pages\/517\/revisions\/850"}],"wp:attachment":[{"href":"https:\/\/sites.uef.fi\/kielitieteenpaivat2026\/wp-json\/wp\/v2\/media?parent=517"}],"curies":[{"name":"wp","href":"https:\/\/api.w.org\/{rel}","templated":true}]}}