{"id":527,"date":"2026-02-16T15:34:15","date_gmt":"2026-02-16T13:34:15","guid":{"rendered":"https:\/\/sites.uef.fi\/kielitieteenpaivat2026\/?page_id=527"},"modified":"2026-03-31T23:14:54","modified_gmt":"2026-03-31T20:14:54","slug":"ilmoittavundu","status":"publish","type":"page","link":"https:\/\/sites.uef.fi\/kielitieteenpaivat2026\/ilmoittavundu\/?lang=olo","title":{"rendered":"Ilmoittavundu"},"content":{"rendered":"\n<p>Kielitiijon p\u00e4ivien 2026 ilmoittavundu (<a href=\"https:\/\/registration.contio.fi\/uef\/Registration\/Login?id=10201-T_10201-11750&amp;lang=fi\">linku suomenkielizeh ilmoittavundulomakkeheh<\/a>) on avvoi&nbsp;<strong>16.3.\u201324.4.2026<\/strong>. Ezitelm\u00e4n pid\u00e4jii kyzymm\u00f6 luadimah ilmoittavundan <strong>10.4.2026 <\/strong>mennes.<\/p>\n\n\n\n<p><strong>Ozanottomaksu<\/strong> (siz. murginat da koufiet):<\/p>\n\n\n\n<ul class=\"wp-block-list\">\n<li>ei eri\u010dyskategouriedu, 120 \u20ac<\/li>\n\n\n\n<li>perustutkindo- da jatko-opastujat sego el\u00e4kel\u00e4zet, 80 \u20ac<\/li>\n\n\n\n<li>plenaristat, UEF:n ruadajat da opastuiavustajat, 0 \u20ac<\/li>\n\n\n\n<li>konferencii-ildaine (19.5.2026), 60 \u20ac<\/li>\n<\/ul>\n\n\n\n<p>Konferencii-ildazen sy\u00f6mislistan ja ohjeita esiintyjille l\u00f6vv\u00e4t verkosivuloin <a href=\"https:\/\/sites.uef.fi\/kielitieteenpaivat2026\/info\/?lang=olo\">Info-v\u00e4lilehtes<\/a>.<\/p>\n\n\n\n<p><strong>Peruutusehtot:<\/strong> Ilmoittavundan voibi peruuttua ilmai kululoi 10.4.2026 suate, sen j\u00e4lgeh ilmoittavundu muuttuu sidojakse. Mig\u00e4li ilmoittavundu peruutetah 20.4.2026 mennes, otetah maksokse 50 % ozanottomaksus. T\u00e4m\u00e4n j\u00e4lgeh ozanottomaksu perit\u00e4h kogonah, gu ozanottajal ei olle li\u00e4g\u00e4rintovestustu i\u00e4resji\u00e4nd\u00e4n perustehekse. Peruutus tulou luadie kirjallizesti n\u00e4mmih s\u00e4hk\u00f6po\u0161tuadressiloih: ktp2026@uef.fi da eija.buchmann@uef.fi.<\/p>\n\n\n\n<p><\/p>\n","protected":false},"excerpt":{"rendered":"<p>Kielitiijon p\u00e4ivien 2026 ilmoittavundu (linku suomenkielizeh ilmoittavundulomakkeheh) on avvoi&nbsp;16.3.\u201324.4.2026. Ezitelm\u00e4n pid\u00e4jii kyzymm\u00f6 luadimah ilmoittavundan 10.4.2026 mennes. Ozanottomaksu (siz. murginat da koufiet): Konferencii-ildazen sy\u00f6mislistan ja ohjeita esiintyjille l\u00f6vv\u00e4t verkosivuloin Info-v\u00e4lilehtes. Peruutusehtot: Ilmoittavundan voibi peruuttua ilmai kululoi 10.4.2026 suate, sen j\u00e4lgeh ilmoittavundu muuttuu sidojakse. Mig\u00e4li ilmoittavundu peruutetah 20.4.2026 mennes, otetah maksokse 50 % ozanottomaksus. T\u00e4m\u00e4n j\u00e4lgeh ozanottomaksu [&hellip;]<\/p>\n","protected":false},"author":966,"featured_media":0,"parent":0,"menu_order":0,"comment_status":"closed","ping_status":"closed","template":"","meta":{"_acf_changed":false,"footnotes":""},"class_list":["post-527","page","type-page","status-publish","hentry"],"acf":[],"yoast_head":"<!-- This site is optimized with the Yoast SEO plugin v27.3 - https:\/\/yoast.com\/product\/yoast-seo-wordpress\/ -->\n<title>Ilmoittavundu - Tervetuloa Kielitieteen p\u00e4iville It\u00e4-Suomen yliopiston Joensuun kampukselle 18.\u201320.5.2026!<\/title>\n<meta name=\"robots\" content=\"index, follow, max-snippet:-1, max-image-preview:large, max-video-preview:-1\" \/>\n<link rel=\"canonical\" href=\"https:\/\/sites.uef.fi\/kielitieteenpaivat2026\/ilmoittavundu\/\" \/>\n<meta property=\"og:locale\" content=\"fi_FI\" \/>\n<meta property=\"og:type\" content=\"article\" \/>\n<meta property=\"og:title\" content=\"Ilmoittavundu - Tervetuloa Kielitieteen p\u00e4iville It\u00e4-Suomen yliopiston Joensuun kampukselle 18.\u201320.5.2026!\" \/>\n<meta property=\"og:description\" content=\"Kielitiijon p\u00e4ivien 2026 ilmoittavundu (linku suomenkielizeh ilmoittavundulomakkeheh) on avvoi&nbsp;16.3.\u201324.4.2026. Ezitelm\u00e4n pid\u00e4jii kyzymm\u00f6 luadimah ilmoittavundan 10.4.2026 mennes. Ozanottomaksu (siz. murginat da koufiet): Konferencii-ildazen sy\u00f6mislistan ja ohjeita esiintyjille l\u00f6vv\u00e4t verkosivuloin Info-v\u00e4lilehtes. Peruutusehtot: Ilmoittavundan voibi peruuttua ilmai kululoi 10.4.2026 suate, sen j\u00e4lgeh ilmoittavundu muuttuu sidojakse. Mig\u00e4li ilmoittavundu peruutetah 20.4.2026 mennes, otetah maksokse 50 % ozanottomaksus. T\u00e4m\u00e4n j\u00e4lgeh ozanottomaksu [&hellip;]\" \/>\n<meta property=\"og:url\" content=\"https:\/\/sites.uef.fi\/kielitieteenpaivat2026\/ilmoittavundu\/?lang=olo\" \/>\n<meta property=\"og:site_name\" content=\"Tervetuloa Kielitieteen p\u00e4iville It\u00e4-Suomen yliopiston Joensuun kampukselle 18.\u201320.5.2026!\" \/>\n<meta property=\"article:modified_time\" content=\"2026-03-31T20:14:54+00:00\" \/>\n<meta name=\"twitter:card\" content=\"summary_large_image\" \/>\n<meta name=\"twitter:label1\" content=\"Arvioitu lukuaika\" \/>\n\t<meta name=\"twitter:data1\" content=\"1 minuutti\" \/>\n<script type=\"application\/ld+json\" class=\"yoast-schema-graph\">{\"@context\":\"https:\\\/\\\/schema.org\",\"@graph\":[{\"@type\":\"WebPage\",\"@id\":\"https:\\\/\\\/sites.uef.fi\\\/kielitieteenpaivat2026\\\/ilmoittavundu\\\/?lang=olo\",\"url\":\"https:\\\/\\\/sites.uef.fi\\\/kielitieteenpaivat2026\\\/ilmoittavundu\\\/?lang=olo\",\"name\":\"Ilmoittavundu - Tervetuloa Kielitieteen p\u00e4iville It\u00e4-Suomen yliopiston Joensuun kampukselle 18.\u201320.5.2026!\",\"isPartOf\":{\"@id\":\"https:\\\/\\\/sites.uef.fi\\\/kielitieteenpaivat2026\\\/#website\"},\"datePublished\":\"2026-02-16T13:34:15+00:00\",\"dateModified\":\"2026-03-31T20:14:54+00:00\",\"breadcrumb\":{\"@id\":\"https:\\\/\\\/sites.uef.fi\\\/kielitieteenpaivat2026\\\/ilmoittavundu\\\/?lang=olo#breadcrumb\"},\"inLanguage\":\"fi\",\"potentialAction\":[{\"@type\":\"ReadAction\",\"target\":[\"https:\\\/\\\/sites.uef.fi\\\/kielitieteenpaivat2026\\\/ilmoittavundu\\\/?lang=olo\"]}]},{\"@type\":\"BreadcrumbList\",\"@id\":\"https:\\\/\\\/sites.uef.fi\\\/kielitieteenpaivat2026\\\/ilmoittavundu\\\/?lang=olo#breadcrumb\",\"itemListElement\":[{\"@type\":\"ListItem\",\"position\":1,\"name\":\"Etusivu\",\"item\":\"https:\\\/\\\/sites.uef.fi\\\/kielitieteenpaivat2026\\\/\"},{\"@type\":\"ListItem\",\"position\":2,\"name\":\"Ilmoittavundu\"}]},{\"@type\":\"WebSite\",\"@id\":\"https:\\\/\\\/sites.uef.fi\\\/kielitieteenpaivat2026\\\/#website\",\"url\":\"https:\\\/\\\/sites.uef.fi\\\/kielitieteenpaivat2026\\\/\",\"name\":\"Tervetuloa Kielitieteen p\u00e4iville It\u00e4-Suomen yliopiston Joensuun kampukselle 18.\u201320.5.2026!\",\"description\":\"\",\"potentialAction\":[{\"@type\":\"SearchAction\",\"target\":{\"@type\":\"EntryPoint\",\"urlTemplate\":\"https:\\\/\\\/sites.uef.fi\\\/kielitieteenpaivat2026\\\/?s={search_term_string}\"},\"query-input\":{\"@type\":\"PropertyValueSpecification\",\"valueRequired\":true,\"valueName\":\"search_term_string\"}}],\"inLanguage\":\"fi\"}]}<\/script>\n<!-- \/ Yoast SEO plugin. -->","yoast_head_json":{"title":"Ilmoittavundu - Tervetuloa Kielitieteen p\u00e4iville It\u00e4-Suomen yliopiston Joensuun kampukselle 18.\u201320.5.2026!","robots":{"index":"index","follow":"follow","max-snippet":"max-snippet:-1","max-image-preview":"max-image-preview:large","max-video-preview":"max-video-preview:-1"},"canonical":"https:\/\/sites.uef.fi\/kielitieteenpaivat2026\/ilmoittavundu\/","og_locale":"fi_FI","og_type":"article","og_title":"Ilmoittavundu - Tervetuloa Kielitieteen p\u00e4iville It\u00e4-Suomen yliopiston Joensuun kampukselle 18.\u201320.5.2026!","og_description":"Kielitiijon p\u00e4ivien 2026 ilmoittavundu (linku suomenkielizeh ilmoittavundulomakkeheh) on avvoi&nbsp;16.3.\u201324.4.2026. Ezitelm\u00e4n pid\u00e4jii kyzymm\u00f6 luadimah ilmoittavundan 10.4.2026 mennes. Ozanottomaksu (siz. murginat da koufiet): Konferencii-ildazen sy\u00f6mislistan ja ohjeita esiintyjille l\u00f6vv\u00e4t verkosivuloin Info-v\u00e4lilehtes. Peruutusehtot: Ilmoittavundan voibi peruuttua ilmai kululoi 10.4.2026 suate, sen j\u00e4lgeh ilmoittavundu muuttuu sidojakse. Mig\u00e4li ilmoittavundu peruutetah 20.4.2026 mennes, otetah maksokse 50 % ozanottomaksus. T\u00e4m\u00e4n j\u00e4lgeh ozanottomaksu [&hellip;]","og_url":"https:\/\/sites.uef.fi\/kielitieteenpaivat2026\/ilmoittavundu\/?lang=olo","og_site_name":"Tervetuloa Kielitieteen p\u00e4iville It\u00e4-Suomen yliopiston Joensuun kampukselle 18.\u201320.5.2026!","article_modified_time":"2026-03-31T20:14:54+00:00","twitter_card":"summary_large_image","twitter_misc":{"Arvioitu lukuaika":"1 minuutti"},"schema":{"@context":"https:\/\/schema.org","@graph":[{"@type":"WebPage","@id":"https:\/\/sites.uef.fi\/kielitieteenpaivat2026\/ilmoittavundu\/?lang=olo","url":"https:\/\/sites.uef.fi\/kielitieteenpaivat2026\/ilmoittavundu\/?lang=olo","name":"Ilmoittavundu - Tervetuloa Kielitieteen p\u00e4iville It\u00e4-Suomen yliopiston Joensuun kampukselle 18.\u201320.5.2026!","isPartOf":{"@id":"https:\/\/sites.uef.fi\/kielitieteenpaivat2026\/#website"},"datePublished":"2026-02-16T13:34:15+00:00","dateModified":"2026-03-31T20:14:54+00:00","breadcrumb":{"@id":"https:\/\/sites.uef.fi\/kielitieteenpaivat2026\/ilmoittavundu\/?lang=olo#breadcrumb"},"inLanguage":"fi","potentialAction":[{"@type":"ReadAction","target":["https:\/\/sites.uef.fi\/kielitieteenpaivat2026\/ilmoittavundu\/?lang=olo"]}]},{"@type":"BreadcrumbList","@id":"https:\/\/sites.uef.fi\/kielitieteenpaivat2026\/ilmoittavundu\/?lang=olo#breadcrumb","itemListElement":[{"@type":"ListItem","position":1,"name":"Etusivu","item":"https:\/\/sites.uef.fi\/kielitieteenpaivat2026\/"},{"@type":"ListItem","position":2,"name":"Ilmoittavundu"}]},{"@type":"WebSite","@id":"https:\/\/sites.uef.fi\/kielitieteenpaivat2026\/#website","url":"https:\/\/sites.uef.fi\/kielitieteenpaivat2026\/","name":"Tervetuloa Kielitieteen p\u00e4iville It\u00e4-Suomen yliopiston Joensuun kampukselle 18.\u201320.5.2026!","description":"","potentialAction":[{"@type":"SearchAction","target":{"@type":"EntryPoint","urlTemplate":"https:\/\/sites.uef.fi\/kielitieteenpaivat2026\/?s={search_term_string}"},"query-input":{"@type":"PropertyValueSpecification","valueRequired":true,"valueName":"search_term_string"}}],"inLanguage":"fi"}]}},"_links":{"self":[{"href":"https:\/\/sites.uef.fi\/kielitieteenpaivat2026\/wp-json\/wp\/v2\/pages\/527","targetHints":{"allow":["GET"]}}],"collection":[{"href":"https:\/\/sites.uef.fi\/kielitieteenpaivat2026\/wp-json\/wp\/v2\/pages"}],"about":[{"href":"https:\/\/sites.uef.fi\/kielitieteenpaivat2026\/wp-json\/wp\/v2\/types\/page"}],"author":[{"embeddable":true,"href":"https:\/\/sites.uef.fi\/kielitieteenpaivat2026\/wp-json\/wp\/v2\/users\/966"}],"replies":[{"embeddable":true,"href":"https:\/\/sites.uef.fi\/kielitieteenpaivat2026\/wp-json\/wp\/v2\/comments?post=527"}],"version-history":[{"count":2,"href":"https:\/\/sites.uef.fi\/kielitieteenpaivat2026\/wp-json\/wp\/v2\/pages\/527\/revisions"}],"predecessor-version":[{"id":852,"href":"https:\/\/sites.uef.fi\/kielitieteenpaivat2026\/wp-json\/wp\/v2\/pages\/527\/revisions\/852"}],"wp:attachment":[{"href":"https:\/\/sites.uef.fi\/kielitieteenpaivat2026\/wp-json\/wp\/v2\/media?parent=527"}],"curies":[{"name":"wp","href":"https:\/\/api.w.org\/{rel}","templated":true}]}}