{"id":529,"date":"2026-02-16T15:34:15","date_gmt":"2026-02-16T13:34:15","guid":{"rendered":"https:\/\/sites.uef.fi\/kielitieteenpaivat2026\/?page_id=529"},"modified":"2026-04-08T09:57:33","modified_gmt":"2026-04-08T06:57:33","slug":"registrering","status":"publish","type":"page","link":"https:\/\/sites.uef.fi\/kielitieteenpaivat2026\/registrering\/?lang=sv","title":{"rendered":"Registrering"},"content":{"rendered":"\n<p>Registreringen (<a href=\"https:\/\/registration.contio.fi\/uef\/Registration\/Login?id=10201-T_10201-11750&amp;lang=sv\">l\u00e4nk till anm\u00e4lningsblankett<\/a>) till Spr\u00e5kvetenskapsdagarna 2026 \u00e4r \u00f6ppen <strong>fr\u00e5n 16 mars till 24 april 2026<\/strong>. Presentat\u00f6rer ombeds att registrera sig senast <strong>den 10 april 2026<\/strong>.<\/p>\n\n\n\n<p><strong>Deltagaravgiften<\/strong> (inkl. luncher och kaffe):<\/p>\n\n\n\n<ul class=\"wp-block-list\">\n<li>ingen specialkategori, 120 \u20ac<\/li>\n\n\n\n<li>studenter, doktorander och pension\u00e4rer, 80 \u20ac<\/li>\n\n\n\n<li>plenardeltagare, UEF-anst\u00e4llda och studentassistenter, 0 \u20ac<\/li>\n\n\n\n<li>konferensmiddag (19.5.2026), 60 \u20ac<\/li>\n<\/ul>\n\n\n\n<p>Du hittar konferensens middagsmeny och instruktioner f\u00f6r f\u00f6redragsh\u00e5llare i <a href=\"https:\/\/sites.uef.fi\/kielitieteenpaivat2026\/info\/?lang=sv\">infosektionen p\u00e5 v\u00e5r webbplats<\/a>.<\/p>\n\n\n\n<p><strong>Avbokningsvillkoren:<\/strong> Registreringen kan avbokas kostnadsfritt fram till den 10 april 2026, d\u00e4refter blir registreringen bindande. Om registreringen avbokas senast den 30 april 2026 debiteras 50 % av deltagaravgiften. Efter detta datum debiteras hela deltagaravgiften, s\u00e5vida inte deltagaren kan uppvisa ett l\u00e4karintyg som motiverar fr\u00e5nvaron. Avbokningar m\u00e5ste g\u00f6ras skriftligen till f\u00f6ljande e-postadresser: ktp2026@uef.fi och eija.buchmann@uef.fi.<\/p>\n","protected":false},"excerpt":{"rendered":"<p>Registreringen (l\u00e4nk till anm\u00e4lningsblankett) till Spr\u00e5kvetenskapsdagarna 2026 \u00e4r \u00f6ppen fr\u00e5n 16 mars till 24 april 2026. Presentat\u00f6rer ombeds att registrera sig senast den 10 april 2026. Deltagaravgiften (inkl. luncher och kaffe): Du hittar konferensens middagsmeny och instruktioner f\u00f6r f\u00f6redragsh\u00e5llare i infosektionen p\u00e5 v\u00e5r webbplats. Avbokningsvillkoren: Registreringen kan avbokas kostnadsfritt fram till den 10 april 2026, [&hellip;]<\/p>\n","protected":false},"author":966,"featured_media":0,"parent":0,"menu_order":0,"comment_status":"closed","ping_status":"closed","template":"","meta":{"_acf_changed":false,"footnotes":""},"class_list":["post-529","page","type-page","status-publish","hentry"],"acf":[],"yoast_head":"<!-- This site is optimized with the Yoast SEO plugin v27.3 - https:\/\/yoast.com\/product\/yoast-seo-wordpress\/ -->\n<title>Registrering - Tervetuloa Kielitieteen p\u00e4iville It\u00e4-Suomen yliopiston Joensuun kampukselle 18.\u201320.5.2026!<\/title>\n<meta name=\"robots\" content=\"index, follow, max-snippet:-1, max-image-preview:large, max-video-preview:-1\" \/>\n<link rel=\"canonical\" href=\"https:\/\/sites.uef.fi\/kielitieteenpaivat2026\/registrering\/\" \/>\n<meta property=\"og:locale\" content=\"fi_FI\" \/>\n<meta property=\"og:type\" content=\"article\" \/>\n<meta property=\"og:title\" content=\"Registrering - Tervetuloa Kielitieteen p\u00e4iville It\u00e4-Suomen yliopiston Joensuun kampukselle 18.\u201320.5.2026!\" \/>\n<meta property=\"og:description\" content=\"Registreringen (l\u00e4nk till anm\u00e4lningsblankett) till Spr\u00e5kvetenskapsdagarna 2026 \u00e4r \u00f6ppen fr\u00e5n 16 mars till 24 april 2026. Presentat\u00f6rer ombeds att registrera sig senast den 10 april 2026. Deltagaravgiften (inkl. luncher och kaffe): Du hittar konferensens middagsmeny och instruktioner f\u00f6r f\u00f6redragsh\u00e5llare i infosektionen p\u00e5 v\u00e5r webbplats. Avbokningsvillkoren: Registreringen kan avbokas kostnadsfritt fram till den 10 april 2026, [&hellip;]\" \/>\n<meta property=\"og:url\" content=\"https:\/\/sites.uef.fi\/kielitieteenpaivat2026\/registrering\/?lang=sv\" \/>\n<meta property=\"og:site_name\" content=\"Tervetuloa Kielitieteen p\u00e4iville It\u00e4-Suomen yliopiston Joensuun kampukselle 18.\u201320.5.2026!\" \/>\n<meta property=\"article:modified_time\" content=\"2026-04-08T06:57:33+00:00\" \/>\n<meta name=\"twitter:card\" content=\"summary_large_image\" \/>\n<meta name=\"twitter:label1\" content=\"Arvioitu lukuaika\" \/>\n\t<meta name=\"twitter:data1\" content=\"1 minuutti\" \/>\n<script type=\"application\/ld+json\" class=\"yoast-schema-graph\">{\"@context\":\"https:\\\/\\\/schema.org\",\"@graph\":[{\"@type\":\"WebPage\",\"@id\":\"https:\\\/\\\/sites.uef.fi\\\/kielitieteenpaivat2026\\\/registrering\\\/?lang=sv\",\"url\":\"https:\\\/\\\/sites.uef.fi\\\/kielitieteenpaivat2026\\\/registrering\\\/?lang=sv\",\"name\":\"Registrering - Tervetuloa Kielitieteen p\u00e4iville It\u00e4-Suomen yliopiston Joensuun kampukselle 18.\u201320.5.2026!\",\"isPartOf\":{\"@id\":\"https:\\\/\\\/sites.uef.fi\\\/kielitieteenpaivat2026\\\/#website\"},\"datePublished\":\"2026-02-16T13:34:15+00:00\",\"dateModified\":\"2026-04-08T06:57:33+00:00\",\"breadcrumb\":{\"@id\":\"https:\\\/\\\/sites.uef.fi\\\/kielitieteenpaivat2026\\\/registrering\\\/?lang=sv#breadcrumb\"},\"inLanguage\":\"fi\",\"potentialAction\":[{\"@type\":\"ReadAction\",\"target\":[\"https:\\\/\\\/sites.uef.fi\\\/kielitieteenpaivat2026\\\/registrering\\\/?lang=sv\"]}]},{\"@type\":\"BreadcrumbList\",\"@id\":\"https:\\\/\\\/sites.uef.fi\\\/kielitieteenpaivat2026\\\/registrering\\\/?lang=sv#breadcrumb\",\"itemListElement\":[{\"@type\":\"ListItem\",\"position\":1,\"name\":\"Etusivu\",\"item\":\"https:\\\/\\\/sites.uef.fi\\\/kielitieteenpaivat2026\\\/\"},{\"@type\":\"ListItem\",\"position\":2,\"name\":\"Registrering\"}]},{\"@type\":\"WebSite\",\"@id\":\"https:\\\/\\\/sites.uef.fi\\\/kielitieteenpaivat2026\\\/#website\",\"url\":\"https:\\\/\\\/sites.uef.fi\\\/kielitieteenpaivat2026\\\/\",\"name\":\"Tervetuloa Kielitieteen p\u00e4iville It\u00e4-Suomen yliopiston Joensuun kampukselle 18.\u201320.5.2026!\",\"description\":\"\",\"potentialAction\":[{\"@type\":\"SearchAction\",\"target\":{\"@type\":\"EntryPoint\",\"urlTemplate\":\"https:\\\/\\\/sites.uef.fi\\\/kielitieteenpaivat2026\\\/?s={search_term_string}\"},\"query-input\":{\"@type\":\"PropertyValueSpecification\",\"valueRequired\":true,\"valueName\":\"search_term_string\"}}],\"inLanguage\":\"fi\"}]}<\/script>\n<!-- \/ Yoast SEO plugin. -->","yoast_head_json":{"title":"Registrering - Tervetuloa Kielitieteen p\u00e4iville It\u00e4-Suomen yliopiston Joensuun kampukselle 18.\u201320.5.2026!","robots":{"index":"index","follow":"follow","max-snippet":"max-snippet:-1","max-image-preview":"max-image-preview:large","max-video-preview":"max-video-preview:-1"},"canonical":"https:\/\/sites.uef.fi\/kielitieteenpaivat2026\/registrering\/","og_locale":"fi_FI","og_type":"article","og_title":"Registrering - Tervetuloa Kielitieteen p\u00e4iville It\u00e4-Suomen yliopiston Joensuun kampukselle 18.\u201320.5.2026!","og_description":"Registreringen (l\u00e4nk till anm\u00e4lningsblankett) till Spr\u00e5kvetenskapsdagarna 2026 \u00e4r \u00f6ppen fr\u00e5n 16 mars till 24 april 2026. Presentat\u00f6rer ombeds att registrera sig senast den 10 april 2026. Deltagaravgiften (inkl. luncher och kaffe): Du hittar konferensens middagsmeny och instruktioner f\u00f6r f\u00f6redragsh\u00e5llare i infosektionen p\u00e5 v\u00e5r webbplats. Avbokningsvillkoren: Registreringen kan avbokas kostnadsfritt fram till den 10 april 2026, [&hellip;]","og_url":"https:\/\/sites.uef.fi\/kielitieteenpaivat2026\/registrering\/?lang=sv","og_site_name":"Tervetuloa Kielitieteen p\u00e4iville It\u00e4-Suomen yliopiston Joensuun kampukselle 18.\u201320.5.2026!","article_modified_time":"2026-04-08T06:57:33+00:00","twitter_card":"summary_large_image","twitter_misc":{"Arvioitu lukuaika":"1 minuutti"},"schema":{"@context":"https:\/\/schema.org","@graph":[{"@type":"WebPage","@id":"https:\/\/sites.uef.fi\/kielitieteenpaivat2026\/registrering\/?lang=sv","url":"https:\/\/sites.uef.fi\/kielitieteenpaivat2026\/registrering\/?lang=sv","name":"Registrering - Tervetuloa Kielitieteen p\u00e4iville It\u00e4-Suomen yliopiston Joensuun kampukselle 18.\u201320.5.2026!","isPartOf":{"@id":"https:\/\/sites.uef.fi\/kielitieteenpaivat2026\/#website"},"datePublished":"2026-02-16T13:34:15+00:00","dateModified":"2026-04-08T06:57:33+00:00","breadcrumb":{"@id":"https:\/\/sites.uef.fi\/kielitieteenpaivat2026\/registrering\/?lang=sv#breadcrumb"},"inLanguage":"fi","potentialAction":[{"@type":"ReadAction","target":["https:\/\/sites.uef.fi\/kielitieteenpaivat2026\/registrering\/?lang=sv"]}]},{"@type":"BreadcrumbList","@id":"https:\/\/sites.uef.fi\/kielitieteenpaivat2026\/registrering\/?lang=sv#breadcrumb","itemListElement":[{"@type":"ListItem","position":1,"name":"Etusivu","item":"https:\/\/sites.uef.fi\/kielitieteenpaivat2026\/"},{"@type":"ListItem","position":2,"name":"Registrering"}]},{"@type":"WebSite","@id":"https:\/\/sites.uef.fi\/kielitieteenpaivat2026\/#website","url":"https:\/\/sites.uef.fi\/kielitieteenpaivat2026\/","name":"Tervetuloa Kielitieteen p\u00e4iville It\u00e4-Suomen yliopiston Joensuun kampukselle 18.\u201320.5.2026!","description":"","potentialAction":[{"@type":"SearchAction","target":{"@type":"EntryPoint","urlTemplate":"https:\/\/sites.uef.fi\/kielitieteenpaivat2026\/?s={search_term_string}"},"query-input":{"@type":"PropertyValueSpecification","valueRequired":true,"valueName":"search_term_string"}}],"inLanguage":"fi"}]}},"_links":{"self":[{"href":"https:\/\/sites.uef.fi\/kielitieteenpaivat2026\/wp-json\/wp\/v2\/pages\/529","targetHints":{"allow":["GET"]}}],"collection":[{"href":"https:\/\/sites.uef.fi\/kielitieteenpaivat2026\/wp-json\/wp\/v2\/pages"}],"about":[{"href":"https:\/\/sites.uef.fi\/kielitieteenpaivat2026\/wp-json\/wp\/v2\/types\/page"}],"author":[{"embeddable":true,"href":"https:\/\/sites.uef.fi\/kielitieteenpaivat2026\/wp-json\/wp\/v2\/users\/966"}],"replies":[{"embeddable":true,"href":"https:\/\/sites.uef.fi\/kielitieteenpaivat2026\/wp-json\/wp\/v2\/comments?post=529"}],"version-history":[{"count":2,"href":"https:\/\/sites.uef.fi\/kielitieteenpaivat2026\/wp-json\/wp\/v2\/pages\/529\/revisions"}],"predecessor-version":[{"id":887,"href":"https:\/\/sites.uef.fi\/kielitieteenpaivat2026\/wp-json\/wp\/v2\/pages\/529\/revisions\/887"}],"wp:attachment":[{"href":"https:\/\/sites.uef.fi\/kielitieteenpaivat2026\/wp-json\/wp\/v2\/media?parent=529"}],"curies":[{"name":"wp","href":"https:\/\/api.w.org\/{rel}","templated":true}]}}