{"id":532,"date":"2026-03-16T17:14:37","date_gmt":"2026-03-16T15:14:37","guid":{"rendered":"https:\/\/sites.uef.fi\/kielitieteenpaivat2026\/?page_id=532"},"modified":"2026-03-31T23:06:08","modified_gmt":"2026-03-31T20:06:08","slug":"ohjelma","status":"publish","type":"page","link":"https:\/\/sites.uef.fi\/kielitieteenpaivat2026\/ohjelma\/","title":{"rendered":"Ohjelma"},"content":{"rendered":"\n<p>Konferenssin ohjelma alkaa maanantaina 18.5. klo 13 ja p\u00e4\u00e4ttyy keskiviikkona 20.5. klo 14.30.<\/p>\n\n\n\n<p><strong>Alustavia ohjelmatietoja:<\/strong><\/p>\n\n\n\n<ul class=\"wp-block-list\">\n<li>Maanantai 18.5. klo 17.15\u201318.45 <br><a href=\"https:\/\/www.linguistics.fi\/fi\/etusivu\/\">Suomen Kielitieteellisen yhdistyksen<\/a> paneeli: <em>Rahoitusmallin ja muuttuvan yhteiskunnan puristuksessa: Kielten tutkintokoulutuksen jatkuvuus<\/em><\/li>\n\n\n\n<li>Maanantai 18.5. klo 19<br>Kaupungin vastaanotto, Carelia-rakennuksen aula<\/li>\n\n\n\n<li>Tiistai 19.5. klo 17.15\u201318.15<br><a href=\"https:\/\/blogs.helsinki.fi\/langnet-2016-2019\/verkosto\/\">Langnet-verkoston<\/a> yleiskokous<\/li>\n\n\n\n<li>Tiistai 19.5. klo 19<br>Konferenssi-illallinen, <a href=\"https:\/\/www.kerubi.fi\/\">Ravintola Kerubi<\/a> (Siltakatu 1)<\/li>\n<\/ul>\n\n\n\n<p>Tarkka ohjelma sek\u00e4 abstraktikirja&nbsp;julkaistaan huhtikuun puolimaissa. <\/p>\n","protected":false},"excerpt":{"rendered":"<p>Konferenssin ohjelma alkaa maanantaina 18.5. klo 13 ja p\u00e4\u00e4ttyy keskiviikkona 20.5. klo 14.30. Alustavia ohjelmatietoja: Tarkka ohjelma sek\u00e4 abstraktikirja&nbsp;julkaistaan huhtikuun puolimaissa.<\/p>\n","protected":false},"author":966,"featured_media":0,"parent":0,"menu_order":0,"comment_status":"closed","ping_status":"closed","template":"","meta":{"_acf_changed":false,"footnotes":""},"class_list":["post-532","page","type-page","status-publish","hentry"],"acf":[],"yoast_head":"<!-- This site is optimized with the Yoast SEO plugin v27.1.1 - https:\/\/yoast.com\/product\/yoast-seo-wordpress\/ -->\n<title>Ohjelma - Tervetuloa Kielitieteen p\u00e4iville It\u00e4-Suomen yliopiston Joensuun kampukselle 18.\u201320.5.2026!<\/title>\n<meta name=\"robots\" content=\"index, follow, max-snippet:-1, max-image-preview:large, max-video-preview:-1\" \/>\n<link rel=\"canonical\" href=\"https:\/\/sites.uef.fi\/kielitieteenpaivat2026\/ohjelma\/\" \/>\n<meta property=\"og:locale\" content=\"fi_FI\" \/>\n<meta property=\"og:type\" content=\"article\" \/>\n<meta property=\"og:title\" content=\"Ohjelma - Tervetuloa Kielitieteen p\u00e4iville It\u00e4-Suomen yliopiston Joensuun kampukselle 18.\u201320.5.2026!\" \/>\n<meta property=\"og:description\" content=\"Konferenssin ohjelma alkaa maanantaina 18.5. klo 13 ja p\u00e4\u00e4ttyy keskiviikkona 20.5. klo 14.30. Alustavia ohjelmatietoja: Tarkka ohjelma sek\u00e4 abstraktikirja&nbsp;julkaistaan huhtikuun puolimaissa.\" \/>\n<meta property=\"og:url\" content=\"https:\/\/sites.uef.fi\/kielitieteenpaivat2026\/ohjelma\/\" \/>\n<meta property=\"og:site_name\" content=\"Tervetuloa Kielitieteen p\u00e4iville It\u00e4-Suomen yliopiston Joensuun kampukselle 18.\u201320.5.2026!\" \/>\n<meta property=\"article:modified_time\" content=\"2026-03-31T20:06:08+00:00\" \/>\n<meta name=\"twitter:card\" content=\"summary_large_image\" \/>\n<meta name=\"twitter:label1\" content=\"Arvioitu lukuaika\" \/>\n\t<meta name=\"twitter:data1\" content=\"1 minuutti\" \/>\n<script type=\"application\/ld+json\" class=\"yoast-schema-graph\">{\"@context\":\"https:\/\/schema.org\",\"@graph\":[{\"@type\":\"WebPage\",\"@id\":\"https:\/\/sites.uef.fi\/kielitieteenpaivat2026\/ohjelma\/\",\"url\":\"https:\/\/sites.uef.fi\/kielitieteenpaivat2026\/ohjelma\/\",\"name\":\"Ohjelma - Tervetuloa Kielitieteen p\u00e4iville It\u00e4-Suomen yliopiston Joensuun kampukselle 18.\u201320.5.2026!\",\"isPartOf\":{\"@id\":\"https:\/\/sites.uef.fi\/kielitieteenpaivat2026\/#website\"},\"datePublished\":\"2026-03-16T15:14:37+00:00\",\"dateModified\":\"2026-03-31T20:06:08+00:00\",\"breadcrumb\":{\"@id\":\"https:\/\/sites.uef.fi\/kielitieteenpaivat2026\/ohjelma\/#breadcrumb\"},\"inLanguage\":\"fi\",\"potentialAction\":[{\"@type\":\"ReadAction\",\"target\":[\"https:\/\/sites.uef.fi\/kielitieteenpaivat2026\/ohjelma\/\"]}]},{\"@type\":\"BreadcrumbList\",\"@id\":\"https:\/\/sites.uef.fi\/kielitieteenpaivat2026\/ohjelma\/#breadcrumb\",\"itemListElement\":[{\"@type\":\"ListItem\",\"position\":1,\"name\":\"Etusivu\",\"item\":\"https:\/\/sites.uef.fi\/kielitieteenpaivat2026\/\"},{\"@type\":\"ListItem\",\"position\":2,\"name\":\"Ohjelma\"}]},{\"@type\":\"WebSite\",\"@id\":\"https:\/\/sites.uef.fi\/kielitieteenpaivat2026\/#website\",\"url\":\"https:\/\/sites.uef.fi\/kielitieteenpaivat2026\/\",\"name\":\"Tervetuloa Kielitieteen p\u00e4iville It\u00e4-Suomen yliopiston Joensuun kampukselle 18.\u201320.5.2026!\",\"description\":\"\",\"potentialAction\":[{\"@type\":\"SearchAction\",\"target\":{\"@type\":\"EntryPoint\",\"urlTemplate\":\"https:\/\/sites.uef.fi\/kielitieteenpaivat2026\/?s={search_term_string}\"},\"query-input\":{\"@type\":\"PropertyValueSpecification\",\"valueRequired\":true,\"valueName\":\"search_term_string\"}}],\"inLanguage\":\"fi\"}]}<\/script>\n<!-- \/ Yoast SEO plugin. -->","yoast_head_json":{"title":"Ohjelma - Tervetuloa Kielitieteen p\u00e4iville It\u00e4-Suomen yliopiston Joensuun kampukselle 18.\u201320.5.2026!","robots":{"index":"index","follow":"follow","max-snippet":"max-snippet:-1","max-image-preview":"max-image-preview:large","max-video-preview":"max-video-preview:-1"},"canonical":"https:\/\/sites.uef.fi\/kielitieteenpaivat2026\/ohjelma\/","og_locale":"fi_FI","og_type":"article","og_title":"Ohjelma - Tervetuloa Kielitieteen p\u00e4iville It\u00e4-Suomen yliopiston Joensuun kampukselle 18.\u201320.5.2026!","og_description":"Konferenssin ohjelma alkaa maanantaina 18.5. klo 13 ja p\u00e4\u00e4ttyy keskiviikkona 20.5. klo 14.30. Alustavia ohjelmatietoja: Tarkka ohjelma sek\u00e4 abstraktikirja&nbsp;julkaistaan huhtikuun puolimaissa.","og_url":"https:\/\/sites.uef.fi\/kielitieteenpaivat2026\/ohjelma\/","og_site_name":"Tervetuloa Kielitieteen p\u00e4iville It\u00e4-Suomen yliopiston Joensuun kampukselle 18.\u201320.5.2026!","article_modified_time":"2026-03-31T20:06:08+00:00","twitter_card":"summary_large_image","twitter_misc":{"Arvioitu lukuaika":"1 minuutti"},"schema":{"@context":"https:\/\/schema.org","@graph":[{"@type":"WebPage","@id":"https:\/\/sites.uef.fi\/kielitieteenpaivat2026\/ohjelma\/","url":"https:\/\/sites.uef.fi\/kielitieteenpaivat2026\/ohjelma\/","name":"Ohjelma - Tervetuloa Kielitieteen p\u00e4iville It\u00e4-Suomen yliopiston Joensuun kampukselle 18.\u201320.5.2026!","isPartOf":{"@id":"https:\/\/sites.uef.fi\/kielitieteenpaivat2026\/#website"},"datePublished":"2026-03-16T15:14:37+00:00","dateModified":"2026-03-31T20:06:08+00:00","breadcrumb":{"@id":"https:\/\/sites.uef.fi\/kielitieteenpaivat2026\/ohjelma\/#breadcrumb"},"inLanguage":"fi","potentialAction":[{"@type":"ReadAction","target":["https:\/\/sites.uef.fi\/kielitieteenpaivat2026\/ohjelma\/"]}]},{"@type":"BreadcrumbList","@id":"https:\/\/sites.uef.fi\/kielitieteenpaivat2026\/ohjelma\/#breadcrumb","itemListElement":[{"@type":"ListItem","position":1,"name":"Etusivu","item":"https:\/\/sites.uef.fi\/kielitieteenpaivat2026\/"},{"@type":"ListItem","position":2,"name":"Ohjelma"}]},{"@type":"WebSite","@id":"https:\/\/sites.uef.fi\/kielitieteenpaivat2026\/#website","url":"https:\/\/sites.uef.fi\/kielitieteenpaivat2026\/","name":"Tervetuloa Kielitieteen p\u00e4iville It\u00e4-Suomen yliopiston Joensuun kampukselle 18.\u201320.5.2026!","description":"","potentialAction":[{"@type":"SearchAction","target":{"@type":"EntryPoint","urlTemplate":"https:\/\/sites.uef.fi\/kielitieteenpaivat2026\/?s={search_term_string}"},"query-input":{"@type":"PropertyValueSpecification","valueRequired":true,"valueName":"search_term_string"}}],"inLanguage":"fi"}]}},"_links":{"self":[{"href":"https:\/\/sites.uef.fi\/kielitieteenpaivat2026\/wp-json\/wp\/v2\/pages\/532","targetHints":{"allow":["GET"]}}],"collection":[{"href":"https:\/\/sites.uef.fi\/kielitieteenpaivat2026\/wp-json\/wp\/v2\/pages"}],"about":[{"href":"https:\/\/sites.uef.fi\/kielitieteenpaivat2026\/wp-json\/wp\/v2\/types\/page"}],"author":[{"embeddable":true,"href":"https:\/\/sites.uef.fi\/kielitieteenpaivat2026\/wp-json\/wp\/v2\/users\/966"}],"replies":[{"embeddable":true,"href":"https:\/\/sites.uef.fi\/kielitieteenpaivat2026\/wp-json\/wp\/v2\/comments?post=532"}],"version-history":[{"count":2,"href":"https:\/\/sites.uef.fi\/kielitieteenpaivat2026\/wp-json\/wp\/v2\/pages\/532\/revisions"}],"predecessor-version":[{"id":842,"href":"https:\/\/sites.uef.fi\/kielitieteenpaivat2026\/wp-json\/wp\/v2\/pages\/532\/revisions\/842"}],"wp:attachment":[{"href":"https:\/\/sites.uef.fi\/kielitieteenpaivat2026\/wp-json\/wp\/v2\/media?parent=532"}],"curies":[{"name":"wp","href":"https:\/\/api.w.org\/{rel}","templated":true}]}}