{"id":24,"date":"2020-06-17T10:09:05","date_gmt":"2020-06-17T07:09:05","guid":{"rendered":"https:\/\/sites.uef.fi\/kmru\/?page_id=24"},"modified":"2024-04-16T16:16:59","modified_gmt":"2024-04-16T13:16:59","slug":"etusivu","status":"publish","type":"page","link":"https:\/\/sites.uef.fi\/kmru\/etusivu\/?lang=fi","title":{"rendered":"Etusivu"},"content":{"rendered":"\n<h1 class=\"wp-block-heading\" id=\"yui_patched_v3_11_0_1_1490867277987_467\"><\/h1>\n\n\n\n<figure class=\"wp-block-image aligncenter size-full is-resized\"><img loading=\"lazy\" decoding=\"async\" width=\"426\" height=\"389\" src=\"https:\/\/sites.uef.fi\/kmru\/wp-content\/uploads\/sites\/99\/2024\/04\/image-3.png\" alt=\"\" class=\"wp-image-2542\" style=\"width:363px;height:auto\" srcset=\"https:\/\/sites.uef.fi\/kmru\/wp-content\/uploads\/sites\/99\/2024\/04\/image-3.png 426w, https:\/\/sites.uef.fi\/kmru\/wp-content\/uploads\/sites\/99\/2024\/04\/image-3-300x274.png 300w\" sizes=\"auto, (max-width: 426px) 100vw, 426px\" \/><\/figure>\n\n\n\n<p id=\"yui_patched_v3_11_0_1_1492064736896_481\">Tuki- ja liikuntaelinsairauksien tutkimusyksikk\u00f6, TULES-tutkimusyksikk\u00f6, tarjoaa korkeatasoista osaamista luu- ja rustotutkimuksen alueelta perustutkimuksesta kliinisiin l\u00e4\u00e4ketutkimuksiin. Mielenkiintomme kohdistuu mm. osteoporoosin genetiikkaan, patofysiologiaan, epidemiologiaan, diagnostiikkaan, kuvantamiseen, ehk\u00e4isyyn ja hoitoon.<\/p>\n\n\n\n<p><a href=\"https:\/\/sites.uef.fi\/kmru\/ostpre\/?lang=fi\">OSTPRE<\/a> on laaja, yli 14000 naista k\u00e4sitt\u00e4v\u00e4, 1989 alkanut v\u00e4est\u00f6pohjainen seurantatutkimus, jossa selvitet\u00e4\u00e4n eri riskitekij\u00f6iden ja geneettisten tekij\u00f6iden merkityst\u00e4 luuntiheyteen, murtumiin, kaatumistapahtumiin ja luun menetyksiin varhaisesta vaihdevuosi-i\u00e4st\u00e4 aina vanhuuteen.<\/p>\n\n\n\n<p id=\"yui_patched_v3_11_0_1_1606728016965_850\">Vahvuutenamme on poikkitieteellinen tutkimusryhm\u00e4 (ortopedia, gynekologia, sis\u00e4taudit, yleisl\u00e4\u00e4ketiede, fysiatria), sek\u00e4 ammattitaitoinen tutkimushenkil\u00f6kunta, joilla on vuosien kokemus kliinisest\u00e4 tutkimustoiminnasta.<\/p>\n\n\n\n<h2 class=\"wp-block-heading\">Tutkimuksemme:<\/h2>\n\n\n\n<figure class=\"wp-block-image size-full is-resized\"><img loading=\"lazy\" decoding=\"async\" width=\"912\" height=\"555\" src=\"https:\/\/sites.uef.fi\/kmru\/wp-content\/uploads\/sites\/99\/2024\/04\/image-4.png\" alt=\"\" class=\"wp-image-2559\" style=\"width:813px;height:auto\" srcset=\"https:\/\/sites.uef.fi\/kmru\/wp-content\/uploads\/sites\/99\/2024\/04\/image-4.png 912w, https:\/\/sites.uef.fi\/kmru\/wp-content\/uploads\/sites\/99\/2024\/04\/image-4-300x183.png 300w, https:\/\/sites.uef.fi\/kmru\/wp-content\/uploads\/sites\/99\/2024\/04\/image-4-768x467.png 768w\" sizes=\"auto, (max-width: 912px) 100vw, 912px\" \/><\/figure>\n\n\n\n<ul class=\"wp-block-list\" id=\"yui_patched_v3_11_0_1_1492064736896_515\">\n<li><a href=\"https:\/\/sites.uef.fi\/kmru\/dxa-keskuslaboratoriopalvelut\/?lang=fi\"><strong>Luuntiheysmittaukset ja osteoporoosidiagnostiikka<\/strong><\/a><br>&#8211; dual-energy X-ray absorptiometry, DXA<br>&#8211; perifeerinen tietokonekerroskuvaus (pQCT)<br>&#8211; luun ultra\u00e4\u00e4nitutkimukset<\/li>\n\n\n\n<li><a href=\"https:\/\/sites.uef.fi\/kmru\/histomorfometrinen-tutkimus\/?lang=fi\"><strong>Luun histomorfometriatutkimuksia<\/strong><\/a><br>&#8211; metaboliset luusairaudet<br>&#8211; kokeelliset perustutkimukset<\/li>\n\n\n\n<li><strong>Kliiniset l\u00e4\u00e4ketutkimukset <\/strong><br>&#8211; SERM, bisfosfonaatit, hormonihoito ym.<br>&#8211; gynekologinen ultra\u00e4\u00e4nitutkimuslaitteisto<\/li>\n<\/ul>\n\n\n\n<figure class=\"wp-block-image aligncenter is-resized\"><img loading=\"lazy\" decoding=\"async\" width=\"250\" height=\"123\" src=\"https:\/\/sites.uef.fi\/kmru\/wp-content\/uploads\/sites\/99\/2020\/11\/logo-KMRU-250x123-1.jpg\" alt=\"\" class=\"wp-image-76\" style=\"width:208px;height:auto\" \/><\/figure>\n","protected":false},"excerpt":{"rendered":"<p>Tuki- ja liikuntaelinsairauksien tutkimusyksikk\u00f6, TULES-tutkimusyksikk\u00f6, tarjoaa korkeatasoista osaamista luu- ja rustotutkimuksen alueelta perustutkimuksesta kliinisiin l\u00e4\u00e4ketutkimuksiin. Mielenkiintomme kohdistuu mm. osteoporoosin genetiikkaan, patofysiologiaan, epidemiologiaan, diagnostiikkaan, kuvantamiseen, ehk\u00e4isyyn ja hoitoon. OSTPRE on laaja, yli 14000 naista k\u00e4sitt\u00e4v\u00e4, 1989 alkanut v\u00e4est\u00f6pohjainen seurantatutkimus, jossa selvitet\u00e4\u00e4n eri riskitekij\u00f6iden ja geneettisten tekij\u00f6iden merkityst\u00e4 luuntiheyteen, murtumiin, kaatumistapahtumiin ja luun menetyksiin varhaisesta vaihdevuosi-i\u00e4st\u00e4 aina [&hellip;]<\/p>\n","protected":false},"author":2,"featured_media":0,"parent":0,"menu_order":0,"comment_status":"closed","ping_status":"closed","template":"","meta":{"_acf_changed":false,"_monsterinsights_skip_tracking":false,"_monsterinsights_sitenote_active":false,"_monsterinsights_sitenote_note":"","_monsterinsights_sitenote_category":0,"footnotes":""},"class_list":["post-24","page","type-page","status-publish","hentry"],"acf":[],"yoast_head":"<!-- This site is optimized with the Yoast SEO plugin v27.3 - https:\/\/yoast.com\/product\/yoast-seo-wordpress\/ -->\n<title>Etusivu - Kuopio Musculoskeletal Research Unit - KMRU<\/title>\n<meta name=\"robots\" content=\"index, follow, max-snippet:-1, max-image-preview:large, max-video-preview:-1\" \/>\n<link rel=\"canonical\" href=\"https:\/\/sites.uef.fi\/kmru\/?lang=fi\" \/>\n<meta property=\"og:locale\" content=\"en_US\" \/>\n<meta property=\"og:type\" content=\"article\" \/>\n<meta property=\"og:title\" content=\"Etusivu - Kuopio Musculoskeletal Research Unit - KMRU\" \/>\n<meta property=\"og:description\" content=\"Tuki- ja liikuntaelinsairauksien tutkimusyksikk\u00f6, TULES-tutkimusyksikk\u00f6, tarjoaa korkeatasoista osaamista luu- ja rustotutkimuksen alueelta perustutkimuksesta kliinisiin l\u00e4\u00e4ketutkimuksiin. Mielenkiintomme kohdistuu mm. osteoporoosin genetiikkaan, patofysiologiaan, epidemiologiaan, diagnostiikkaan, kuvantamiseen, ehk\u00e4isyyn ja hoitoon. OSTPRE on laaja, yli 14000 naista k\u00e4sitt\u00e4v\u00e4, 1989 alkanut v\u00e4est\u00f6pohjainen seurantatutkimus, jossa selvitet\u00e4\u00e4n eri riskitekij\u00f6iden ja geneettisten tekij\u00f6iden merkityst\u00e4 luuntiheyteen, murtumiin, kaatumistapahtumiin ja luun menetyksiin varhaisesta vaihdevuosi-i\u00e4st\u00e4 aina [&hellip;]\" \/>\n<meta property=\"og:url\" content=\"https:\/\/sites.uef.fi\/kmru\/?lang=fi\" \/>\n<meta property=\"og:site_name\" content=\"Kuopio Musculoskeletal Research Unit - KMRU\" \/>\n<meta property=\"article:modified_time\" content=\"2024-04-16T13:16:59+00:00\" \/>\n<meta property=\"og:image\" content=\"https:\/\/sites.uef.fi\/kmru\/wp-content\/uploads\/sites\/99\/2024\/04\/image-3.png\" \/>\n<meta name=\"twitter:card\" content=\"summary_large_image\" \/>\n<meta name=\"twitter:label1\" content=\"Est. reading time\" \/>\n\t<meta name=\"twitter:data1\" content=\"1 minute\" \/>\n<script type=\"application\/ld+json\" class=\"yoast-schema-graph\">{\"@context\":\"https:\\\/\\\/schema.org\",\"@graph\":[{\"@type\":\"WebPage\",\"@id\":\"https:\\\/\\\/sites.uef.fi\\\/kmru\\\/?lang=fi\",\"url\":\"https:\\\/\\\/sites.uef.fi\\\/kmru\\\/?lang=fi\",\"name\":\"Etusivu - Kuopio Musculoskeletal Research Unit - KMRU\",\"isPartOf\":{\"@id\":\"https:\\\/\\\/sites.uef.fi\\\/kmru\\\/#website\"},\"primaryImageOfPage\":{\"@id\":\"https:\\\/\\\/sites.uef.fi\\\/kmru\\\/?lang=fi#primaryimage\"},\"image\":{\"@id\":\"https:\\\/\\\/sites.uef.fi\\\/kmru\\\/?lang=fi#primaryimage\"},\"thumbnailUrl\":\"https:\\\/\\\/sites.uef.fi\\\/kmru\\\/wp-content\\\/uploads\\\/sites\\\/99\\\/2024\\\/04\\\/image-3.png\",\"datePublished\":\"2020-06-17T07:09:05+00:00\",\"dateModified\":\"2024-04-16T13:16:59+00:00\",\"breadcrumb\":{\"@id\":\"https:\\\/\\\/sites.uef.fi\\\/kmru\\\/?lang=fi#breadcrumb\"},\"inLanguage\":\"en-US\",\"potentialAction\":[{\"@type\":\"ReadAction\",\"target\":[\"https:\\\/\\\/sites.uef.fi\\\/kmru\\\/?lang=fi\"]}]},{\"@type\":\"ImageObject\",\"inLanguage\":\"en-US\",\"@id\":\"https:\\\/\\\/sites.uef.fi\\\/kmru\\\/?lang=fi#primaryimage\",\"url\":\"https:\\\/\\\/sites.uef.fi\\\/kmru\\\/wp-content\\\/uploads\\\/sites\\\/99\\\/2024\\\/04\\\/image-3.png\",\"contentUrl\":\"https:\\\/\\\/sites.uef.fi\\\/kmru\\\/wp-content\\\/uploads\\\/sites\\\/99\\\/2024\\\/04\\\/image-3.png\",\"width\":426,\"height\":389},{\"@type\":\"BreadcrumbList\",\"@id\":\"https:\\\/\\\/sites.uef.fi\\\/kmru\\\/?lang=fi#breadcrumb\",\"itemListElement\":[{\"@type\":\"ListItem\",\"position\":1,\"name\":\"Home\",\"item\":\"https:\\\/\\\/sites.uef.fi\\\/kmru\\\/\"},{\"@type\":\"ListItem\",\"position\":2,\"name\":\"Etusivu\"}]},{\"@type\":\"WebSite\",\"@id\":\"https:\\\/\\\/sites.uef.fi\\\/kmru\\\/#website\",\"url\":\"https:\\\/\\\/sites.uef.fi\\\/kmru\\\/\",\"name\":\"Kuopio Musculoskeletal Research Unit - KMRU\",\"description\":\"\",\"potentialAction\":[{\"@type\":\"SearchAction\",\"target\":{\"@type\":\"EntryPoint\",\"urlTemplate\":\"https:\\\/\\\/sites.uef.fi\\\/kmru\\\/?s={search_term_string}\"},\"query-input\":{\"@type\":\"PropertyValueSpecification\",\"valueRequired\":true,\"valueName\":\"search_term_string\"}}],\"inLanguage\":\"en-US\"}]}<\/script>\n<!-- \/ Yoast SEO plugin. -->","yoast_head_json":{"title":"Etusivu - Kuopio Musculoskeletal Research Unit - KMRU","robots":{"index":"index","follow":"follow","max-snippet":"max-snippet:-1","max-image-preview":"max-image-preview:large","max-video-preview":"max-video-preview:-1"},"canonical":"https:\/\/sites.uef.fi\/kmru\/?lang=fi","og_locale":"en_US","og_type":"article","og_title":"Etusivu - Kuopio Musculoskeletal Research Unit - KMRU","og_description":"Tuki- ja liikuntaelinsairauksien tutkimusyksikk\u00f6, TULES-tutkimusyksikk\u00f6, tarjoaa korkeatasoista osaamista luu- ja rustotutkimuksen alueelta perustutkimuksesta kliinisiin l\u00e4\u00e4ketutkimuksiin. Mielenkiintomme kohdistuu mm. osteoporoosin genetiikkaan, patofysiologiaan, epidemiologiaan, diagnostiikkaan, kuvantamiseen, ehk\u00e4isyyn ja hoitoon. OSTPRE on laaja, yli 14000 naista k\u00e4sitt\u00e4v\u00e4, 1989 alkanut v\u00e4est\u00f6pohjainen seurantatutkimus, jossa selvitet\u00e4\u00e4n eri riskitekij\u00f6iden ja geneettisten tekij\u00f6iden merkityst\u00e4 luuntiheyteen, murtumiin, kaatumistapahtumiin ja luun menetyksiin varhaisesta vaihdevuosi-i\u00e4st\u00e4 aina [&hellip;]","og_url":"https:\/\/sites.uef.fi\/kmru\/?lang=fi","og_site_name":"Kuopio Musculoskeletal Research Unit - KMRU","article_modified_time":"2024-04-16T13:16:59+00:00","og_image":[{"url":"https:\/\/sites.uef.fi\/kmru\/wp-content\/uploads\/sites\/99\/2024\/04\/image-3.png","type":"","width":"","height":""}],"twitter_card":"summary_large_image","twitter_misc":{"Est. reading time":"1 minute"},"schema":{"@context":"https:\/\/schema.org","@graph":[{"@type":"WebPage","@id":"https:\/\/sites.uef.fi\/kmru\/?lang=fi","url":"https:\/\/sites.uef.fi\/kmru\/?lang=fi","name":"Etusivu - Kuopio Musculoskeletal Research Unit - KMRU","isPartOf":{"@id":"https:\/\/sites.uef.fi\/kmru\/#website"},"primaryImageOfPage":{"@id":"https:\/\/sites.uef.fi\/kmru\/?lang=fi#primaryimage"},"image":{"@id":"https:\/\/sites.uef.fi\/kmru\/?lang=fi#primaryimage"},"thumbnailUrl":"https:\/\/sites.uef.fi\/kmru\/wp-content\/uploads\/sites\/99\/2024\/04\/image-3.png","datePublished":"2020-06-17T07:09:05+00:00","dateModified":"2024-04-16T13:16:59+00:00","breadcrumb":{"@id":"https:\/\/sites.uef.fi\/kmru\/?lang=fi#breadcrumb"},"inLanguage":"en-US","potentialAction":[{"@type":"ReadAction","target":["https:\/\/sites.uef.fi\/kmru\/?lang=fi"]}]},{"@type":"ImageObject","inLanguage":"en-US","@id":"https:\/\/sites.uef.fi\/kmru\/?lang=fi#primaryimage","url":"https:\/\/sites.uef.fi\/kmru\/wp-content\/uploads\/sites\/99\/2024\/04\/image-3.png","contentUrl":"https:\/\/sites.uef.fi\/kmru\/wp-content\/uploads\/sites\/99\/2024\/04\/image-3.png","width":426,"height":389},{"@type":"BreadcrumbList","@id":"https:\/\/sites.uef.fi\/kmru\/?lang=fi#breadcrumb","itemListElement":[{"@type":"ListItem","position":1,"name":"Home","item":"https:\/\/sites.uef.fi\/kmru\/"},{"@type":"ListItem","position":2,"name":"Etusivu"}]},{"@type":"WebSite","@id":"https:\/\/sites.uef.fi\/kmru\/#website","url":"https:\/\/sites.uef.fi\/kmru\/","name":"Kuopio Musculoskeletal Research Unit - KMRU","description":"","potentialAction":[{"@type":"SearchAction","target":{"@type":"EntryPoint","urlTemplate":"https:\/\/sites.uef.fi\/kmru\/?s={search_term_string}"},"query-input":{"@type":"PropertyValueSpecification","valueRequired":true,"valueName":"search_term_string"}}],"inLanguage":"en-US"}]}},"_links":{"self":[{"href":"https:\/\/sites.uef.fi\/kmru\/wp-json\/wp\/v2\/pages\/24","targetHints":{"allow":["GET"]}}],"collection":[{"href":"https:\/\/sites.uef.fi\/kmru\/wp-json\/wp\/v2\/pages"}],"about":[{"href":"https:\/\/sites.uef.fi\/kmru\/wp-json\/wp\/v2\/types\/page"}],"author":[{"embeddable":true,"href":"https:\/\/sites.uef.fi\/kmru\/wp-json\/wp\/v2\/users\/2"}],"replies":[{"embeddable":true,"href":"https:\/\/sites.uef.fi\/kmru\/wp-json\/wp\/v2\/comments?post=24"}],"version-history":[{"count":2,"href":"https:\/\/sites.uef.fi\/kmru\/wp-json\/wp\/v2\/pages\/24\/revisions"}],"predecessor-version":[{"id":2855,"href":"https:\/\/sites.uef.fi\/kmru\/wp-json\/wp\/v2\/pages\/24\/revisions\/2855"}],"wp:attachment":[{"href":"https:\/\/sites.uef.fi\/kmru\/wp-json\/wp\/v2\/media?parent=24"}],"curies":[{"name":"wp","href":"https:\/\/api.w.org\/{rel}","templated":true}]}}