{"id":384,"date":"2020-11-27T12:14:15","date_gmt":"2020-11-27T10:14:15","guid":{"rendered":"https:\/\/sites.uef.fi\/kmru\/?page_id=384"},"modified":"2025-01-21T13:59:20","modified_gmt":"2025-01-21T11:59:20","slug":"histomorphometric-examination","status":"publish","type":"page","link":"https:\/\/sites.uef.fi\/kmru\/histomorphometric-examination\/","title":{"rendered":"Histomorphometric Examination"},"content":{"rendered":"\n<figure class=\"wp-block-image alignright\"><img loading=\"lazy\" decoding=\"async\" width=\"260\" height=\"295\" src=\"https:\/\/sites.uef.fi\/kmru\/wp-content\/uploads\/sites\/99\/2020\/11\/KMRU-1-henkea-395x260px.jpg\" alt=\"\" class=\"wp-image-396\" \/><\/figure>\n\n\n\n<p>Bone biopsy is indicated in case of a suspected metabolic disease of the bone (e.g. osteomalacia, renal osteodystrophy, accelerated bone resorption), spontaneous fractures or low-energy fractures&nbsp;and for investigating causes and effect of treatment of severe osteoporosis.<\/p>\n\n\n\n<p>This examination enables investigation of&nbsp;bone formation,&nbsp;resorption and&nbsp;mineralization rate&nbsp;as well as&nbsp;microarchitecture of the cansellous&nbsp;bone.<\/p>\n\n\n\n<p>In case of a suspected malignancy, histomorphometric examination of the bone is not sufficient. In these cases a separate sample should be taken for a pathological examination (PAD).<\/p>\n\n\n\n<p><a href=\"https:\/\/sites.uef.fi\/kmru\/wp-admin\/post.php?post=418&amp;action=edit&amp;lang=en\">Biopsy<\/a> can be performed during operations or as a outpatient procedure by using local anesthesia. Biopsy will be taken&nbsp;from the&nbsp;iliac bone&nbsp;by using either vertical or horizontal (transiliac) technique. Biopsy should be 5-7 mm in diameter and should be&nbsp;stored in 70-80 % alcohol. If possible, the biopsy should be preceded by in vivo tetracycline labeling, which provides valuable information about the speed of&nbsp; bone synthesis and mineralization.<\/p>\n\n\n\n<h2 class=\"wp-block-heading\">Samples must be delivered to:<\/h2>\n\n\n\n<p>University of Eastern Finland<br>Kuopio campus<br>SIB Labs<br>Ritva Savolainen<br>P.O. Box 1627<br>FI-70211 Kuopio<br>FINLAND<\/p>\n\n\n\n<figure class=\"wp-block-image is-resized\"><img loading=\"lazy\" decoding=\"async\" width=\"300\" height=\"71\" src=\"https:\/\/sites.uef.fi\/kmru\/wp-content\/uploads\/sites\/99\/2020\/11\/histo-3vierekkain-vaaka-300x71.jpg\" alt=\"\" class=\"wp-image-390\" style=\"width:642px;height:auto\" srcset=\"https:\/\/sites.uef.fi\/kmru\/wp-content\/uploads\/sites\/99\/2020\/11\/histo-3vierekkain-vaaka-300x71.jpg 300w, https:\/\/sites.uef.fi\/kmru\/wp-content\/uploads\/sites\/99\/2020\/11\/histo-3vierekkain-vaaka-1024x242.jpg 1024w, https:\/\/sites.uef.fi\/kmru\/wp-content\/uploads\/sites\/99\/2020\/11\/histo-3vierekkain-vaaka-768x181.jpg 768w, https:\/\/sites.uef.fi\/kmru\/wp-content\/uploads\/sites\/99\/2020\/11\/histo-3vierekkain-vaaka.jpg 1075w\" sizes=\"auto, (max-width: 300px) 100vw, 300px\" \/><\/figure>\n\n\n\n<h2 class=\"wp-block-heading\">Bone Histomorphometry Publications<\/h2>\n\n\n\n<p>Hansen D, J\u00f8rgensen HS, Andersen TL, Ferreira AC, Ferreira A, de Jongh R,Keronen S, Kr\u00f6ger H, Lafage-Proust MH, Martola L, Poole KES, Tong X, EvenepoelP, Haarhaus M. <strong>Multidisciplinary team approach for CKD-associated osteoporosis.<\/strong> Nephrol Dial Transplant. 2024 Dec 20;40(1):48-59.<\/p>\n\n\n\n<p>Sellman L, Tong X, Burton IS, Kr\u00f6ger H. <strong>Retrospective Characterization of Bone  Histomorphometric Findings in Clinical Patient Specimens.<\/strong> J Bone Metab. 2024 May;31(2):132-139.<\/p>\n\n\n\n<p>Laakso S, Xiaoyu T, Blouin S, Keplinger P, V\u00e4lim\u00e4ki VV, Kr\u00f6ger H, M\u00e4kitie O, Hartmann MA. <strong>Bone Tissue Evaluation Indicates Abnormal Mineralization in Patients with Autoimmune Polyendocrine Syndrome Type I: Report on Three Cases.<\/strong> Calcif Tissue Int. 2023 Jun;112(6):675-682.<\/p>\n\n\n\n<p>Keronen S, Martola L, Finne P, Burton IS, Tong XF, Kr\u00f6ger H, Honkanen E. <strong>Bone volume, mineral density, and fracture risk after kidney transplantation.<\/strong> PLoS One. 2022 Mar 29;17(3):e0261686<\/p>\n\n\n\n<p>Tong X, Turunen MJ, Burton IS, Kr\u00f6ger H. <strong>Generalized Uncoupled Bone Remodeling Associated With Delayed Healing of Fatigue Fractures.<\/strong> JBMR Plus. 2022 Jan 19;6(3):e10598.<\/p>\n\n\n\n<p>Aaltonen L, Koivuviita N, Sepp\u00e4nen M, Kr\u00f6ger H, Tong X, L\u00f6yttyniemi E, Mets\u00e4rinne K. <strong>Association between bone mineral metabolism and vascular calcification in end-stage renal disease.<\/strong> BMC Nephrol. 2022 Jan 3;23(1):12.<\/p>\n\n\n\n<p>Keronen SM, Martola LAL, Finne P, Burton IS, Tong XF, Kr\u00f6ger HP, Honkanen EO. <strong>Clinical Prediction of High-Turnover Bone Disease After Kidney Transplantation.<\/strong> Calcif Tissue Int. 2022 Mar;110(3):324-333.<\/p>\n\n\n\n<p>Aaltonen L, Koivuviita N, Sepp\u00e4nen M, Burton IS, Kr\u00f6ger H, L\u00f6yttyniemi E, Mets\u00e4rinne K. <strong>Bone Histomorphometry and 18F-Sodium Fluoride Positron Emission Tomography Imaging: Comparison Between only Bone Turnover-based and Unified TMV-based Classification of Renal Osteodystrophy.<\/strong> Calcif Tissue Int. 2021 Dec;109(6):605-614.<\/p>\n\n\n\n<p>Aaltonen L, Koivuviita N, Sepp\u00e4nen M, Tong X, Kr\u00f6ger H, L\u00f6yttyniemi E, Mets\u00e4rinne K. <strong>Correlation between (18)F-Sodium Fluoride positron emission tomography and bone histomorphometry in dialysis patients. <\/strong>Bone. 2020 May;134:115267.<\/p>\n\n\n\n<p>Kr\u00f6ger L, L\u00f6pp\u00f6nen T, Ala-Kokko L, Kr\u00f6ger H, Jauhonen HM, Lehti K, J\u00e4\u00e4skel\u00e4inen J. <strong>A novel mutation in the matrix metallopeptidase 2 coding gene associated with intrafamilial variability of multicentric osteolysis, nodulosis, and arthropathy. <\/strong>Mol Genet Genomic Med. 2019 Aug;7(8):e802.<\/p>\n\n\n\n<p>Keronen S, Martola L, Finne P, Burton IS, Kr\u00f6ger H, Honkanen E. <strong>Changes in Bone Histomorphometry after Kidney Transplantation. <\/strong>Clin J Am Soc Nephrol. 2019 Jun 7;14(6):894-903.<\/p>\n\n\n\n<p>Power J, Loveridge N, Kr\u00f6ger H, Parker M, Reeve J. <strong>Femoral neck cortical bone in female and male hip fracture cases: Differential contrasts in cortical width and sub-periosteal porosity in 112 cases and controls.<\/strong> Bone. 2018 Sep;114:81-89.<\/p>\n\n\n\n<p>Tong X, Malo MKH, Burton IS, Jurvelin JS, Isaksson H, Kr\u00f6ger H. <strong>Histomorphometric and osteocytic characteristics of cortical bone in male subtrochanteric femoral shaft.<\/strong> J Anat. 2017 Nov;231(5):708-717.<\/p>\n\n\n\n<p>Tong X, Burton IS, Jurvelin JS, Isaksson H, Kr\u00f6ger H.<strong> Iliac crest histomorphometry and skeletal heterogeneity in men. <\/strong>Bone Rep. 2016 Nov 28;6:9-16.<\/p>\n\n\n\n<p>Keronen S, Martola L, Finne P, Burton IS, Kauppila L, Kr\u00f6ger H, Larsson TE, Honkanen E. <strong>Bone histomorphometry and indicators of bone and mineral metabolism in wait-listed dialysis patients.<\/strong> Clin Nephrol. 2016 Mar;85(3):127-34.<\/p>\n\n\n\n<p>Tong X, Burton IS, Isaksson H, Jurvelin JS, Kr\u00f6ger H. <strong>Cortical bone histomorphometry in male femoral neck: the investigation of age-association and regional differences. <\/strong>Calcif Tissue Int. 2015 Apr;96(4):295-306. doi: 10.1007\/s00223-015-9957-9. Epub 2015 Feb 4. PMID: 25646589.<\/p>\n\n\n\n<p>Laine CM, Wessman M, Toiviainen-Salo S, Kaunisto MA, M\u00e4yr\u00e4np\u00e4\u00e4 MK, Laine T, Pekkinen M, Kr\u00f6ger H, V\u00e4lim\u00e4ki VV, V\u00e4lim\u00e4ki MJ, Lehesjoki AE, M\u00e4kitie O. <strong>A novel splice mutation in PLS3 causes X-linked early onset low-turnover osteoporosis.<\/strong> J Bone Miner Res. 2015 Mar;30(3):510-8.<\/p>\n\n\n\n<p>Tong XY, Malo M, Tamminen IS, Isaksson H, Jurvelin JS, Kr\u00f6ger H. <strong>Development of new criteria for cortical bone histomorphometry in femoral neck: intra- and inter-observer reproducibility.<\/strong> J Bone Miner Metab. 2015 Jan;33(1):109-18.<\/p>\n\n\n\n<p>Tamminen IS, Misof BM, Roschger P, M\u00e4yr\u00e4np\u00e4\u00e4 MK, Turunen MJ, Isaksson H, Kr\u00f6ger H, M\u00e4kitie O, Klaushofer K. <strong>Increased heterogeneity of bone matrix mineralization in pediatric patients prone to fractures: a biopsy study. <\/strong>J Bone Miner Res. 2014;29(5):1110-7.<\/p>\n\n\n\n<p>Tamminen IS, Yli-Kyyny T, Isaksson H, Turunen MJ, Tong X, Jurvelin JS, Kr\u00f6ger H.<strong> Incidence and bone biopsy findings of atypical femoral fractures. <\/strong>J Bone Miner Metab. 2013 Sep;31(5):585-94.<\/p>\n\n\n\n<p>Laine CM, Joeng KS, Campeau PM, Kiviranta R, Tarkkonen K, Grover M, Lu JT, Pekkinen M, Wessman M, Heino TJ, Nieminen-Pihala V, Aronen M, Laine T, Kr\u00f6ger H, Cole WG, Lehesjoki AE, Nevarez L, Krakow D, Curry CJ, Cohn DH, Gibbs RA, Lee BH,&nbsp; M\u00e4kitie O. N. &nbsp;<strong>WNT1 mutations in early-onset osteoporosis and osteogenesis imperfecta.<\/strong> Engl J Med. 2013 May 9;368(19):1809-16.<\/p>\n\n\n\n<p>Tamminen IS, M\u00e4yr\u00e4np\u00e4\u00e4 MK, Turunen MJ, Isaksson H, M\u00e4kitie O, Jurvelin JS, Kr\u00f6ger H. <strong>Altered bone composition in children with vertebral fracture. <\/strong>J Bone Miner Res. 2011 Sep;26(9):2226-34. doi: 10.1002\/jbmr.409. Erratum in: J Bone Miner Res. 2013 Mar;28(3):709-10.<\/p>\n\n\n\n<p>M\u00e4yr\u00e4np\u00e4\u00e4 MK, Tamminen IS, Kr\u00f6ger H, M\u00e4kitie O. <strong>Bone biopsy findings and correlation with clinical, radiological, and biochemical parameters in children with fractures. <\/strong>J Bone Miner Res. 2011 Aug;26(8):1748-58.<\/p>\n\n\n\n<p>Tamminen IS, Isaksson H, Aula AS, Honkanen E, Jurvelin JS, Kr\u00f6ger H. <strong>Reproducibility and agreement of micro-CT and histomorphometry in human trabecular bone with different metabolic status.<\/strong> J Bone Miner Metab. 2011 Jul;29(4):442-8.<\/p>\n\n\n\n<p>M\u00e4kitie O, Pereira RC, Kaitila I, Turan S, Bastepe M, Laine T, Kr\u00f6ger H, Cole WG, J\u00fcppner H.<strong> Long-term clinical outcome and carrier phenotype in autosomal recessive hypophosphatemia caused by a novel DMP1 mutation.<\/strong> J Bone Miner Res. 2010 Oct;25(10):2165-74<\/p>\n\n\n\n<p>Hiltunen MO, Ruuskanen M, Huuskonen J, M\u00e4h\u00f6nen AJ, Ahonen M, Rutanen J, Kosma VM, Mahonen A, Kr\u00f6ger H, Yl\u00e4-Herttuala S. <strong>Adenovirus-mediated VEGF-A gene transfer induces bone formation in vivo.<\/strong> FASEB J. 2003 Jun;17(9):1147-9.<\/p>\n\n\n\n<p>Arnala I, Kemppainen T, Kr\u00f6ger H, Janatuinen E, Alhava EM. <strong>Bone histomorphometry in celiac disease. <\/strong>Ann Chir Gynaecol. 2001;90(2):100-4. P<\/p>\n\n\n\n<p>Panula HE, Nieminen J, Parkkinen JJ, Arnala I, Kr\u00f6ger H, Alhava E. <strong>Subchondral bone remodeling increases in early experimental osteoarthrosis in young beagle dogs. <\/strong>Acta Orthop Scand. 1998 Dec;69(6):627-32.<\/p>\n\n\n\n<p>Kr\u00f6ger H, Soppi E, Loveridge N. <strong>Growth hormone, osteoblasts, and marrow adipocytes: a case report.<\/strong> Calcif Tissue Int. 1997 Jul;61(1):33-5.<\/p>\n\n\n\n<p>Arnala I, Kyr\u00f6l\u00e4 K, Kr\u00f6ger H, Alhava EM. <strong>Analysis of 245 consecutive hip fracture patients with special reference to bone metabolism.<\/strong> Ann Chir Gynaecol.1997;86(4):343-7.<\/p>\n\n\n\n<p>Kr\u00f6ger H, Arnala I, Rehnberg V, H\u00e4m\u00e4l\u00e4inen M, Alhava E. <strong>Histomorphometry of periarticular bone in rheumatoid arthritis.<\/strong> Ann Chir Gynaecol. 1994;83(1):56-62.<\/p>\n\n\n\n<p>Kr\u00f6ger H, Risteli J, Risteli L, Penttil\u00e4 I, Alhava E. <strong>Serum osteocalcin and carboxyterminal propeptide of type I procollagen in rheumatoid arthritis. <\/strong>Ann Rheum Dis. 1993 May;52(5):338-42.<\/p>\n\n\n\n<p>Kr\u00f6ger H, Arnala I, Alhava EM. <strong>Effect of calcitonin on bone histomorphometry and bone metabolism in rheumatoid arthritis. <\/strong>Calcif Tissue Int. 1992 Jan;50(1):11-3.<\/p>\n\n\n\n<p><\/p>\n","protected":false},"excerpt":{"rendered":"<p>Bone biopsy is indicated in case of a suspected metabolic disease of the bone (e.g. osteomalacia, renal osteodystrophy, accelerated bone resorption), spontaneous fractures or low-energy fractures&nbsp;and for investigating causes and effect of treatment of severe osteoporosis. This examination enables investigation of&nbsp;bone formation,&nbsp;resorption and&nbsp;mineralization rate&nbsp;as well as&nbsp;microarchitecture of the cansellous&nbsp;bone. In case of a suspected malignancy, [&hellip;]<\/p>\n","protected":false},"author":153,"featured_media":0,"parent":0,"menu_order":0,"comment_status":"closed","ping_status":"closed","template":"","meta":{"_acf_changed":false,"_monsterinsights_skip_tracking":false,"_monsterinsights_sitenote_active":false,"_monsterinsights_sitenote_note":"","_monsterinsights_sitenote_category":0,"footnotes":""},"class_list":["post-384","page","type-page","status-publish","hentry"],"acf":[],"yoast_head":"<!-- This site is optimized with the Yoast SEO plugin v27.1.1 - https:\/\/yoast.com\/product\/yoast-seo-wordpress\/ -->\n<title>Histomorphometric Examination - Kuopio Musculoskeletal Research Unit - KMRU<\/title>\n<meta name=\"robots\" content=\"index, follow, max-snippet:-1, max-image-preview:large, max-video-preview:-1\" \/>\n<link rel=\"canonical\" href=\"https:\/\/sites.uef.fi\/kmru\/histomorphometric-examination\/\" \/>\n<meta property=\"og:locale\" content=\"en_US\" \/>\n<meta property=\"og:type\" content=\"article\" \/>\n<meta property=\"og:title\" content=\"Histomorphometric Examination - Kuopio Musculoskeletal Research Unit - KMRU\" \/>\n<meta property=\"og:description\" content=\"Bone biopsy is indicated in case of a suspected metabolic disease of the bone (e.g. osteomalacia, renal osteodystrophy, accelerated bone resorption), spontaneous fractures or low-energy fractures&nbsp;and for investigating causes and effect of treatment of severe osteoporosis. This examination enables investigation of&nbsp;bone formation,&nbsp;resorption and&nbsp;mineralization rate&nbsp;as well as&nbsp;microarchitecture of the cansellous&nbsp;bone. In case of a suspected malignancy, [&hellip;]\" \/>\n<meta property=\"og:url\" content=\"https:\/\/sites.uef.fi\/kmru\/histomorphometric-examination\/\" \/>\n<meta property=\"og:site_name\" content=\"Kuopio Musculoskeletal Research Unit - KMRU\" \/>\n<meta property=\"article:modified_time\" content=\"2025-01-21T11:59:20+00:00\" \/>\n<meta property=\"og:image\" content=\"https:\/\/sites.uef.fi\/kmru\/wp-content\/uploads\/sites\/99\/2020\/11\/KMRU-1-henkea-395x260px.jpg\" \/>\n<meta name=\"twitter:card\" content=\"summary_large_image\" \/>\n<meta name=\"twitter:label1\" content=\"Est. reading time\" \/>\n\t<meta name=\"twitter:data1\" content=\"6 minutes\" \/>\n<script type=\"application\/ld+json\" class=\"yoast-schema-graph\">{\"@context\":\"https:\/\/schema.org\",\"@graph\":[{\"@type\":\"WebPage\",\"@id\":\"https:\/\/sites.uef.fi\/kmru\/histomorphometric-examination\/\",\"url\":\"https:\/\/sites.uef.fi\/kmru\/histomorphometric-examination\/\",\"name\":\"Histomorphometric Examination - Kuopio Musculoskeletal Research Unit - KMRU\",\"isPartOf\":{\"@id\":\"https:\/\/sites.uef.fi\/kmru\/?lang=fi\/#website\"},\"primaryImageOfPage\":{\"@id\":\"https:\/\/sites.uef.fi\/kmru\/histomorphometric-examination\/#primaryimage\"},\"image\":{\"@id\":\"https:\/\/sites.uef.fi\/kmru\/histomorphometric-examination\/#primaryimage\"},\"thumbnailUrl\":\"https:\/\/sites.uef.fi\/kmru\/wp-content\/uploads\/sites\/99\/2020\/11\/KMRU-1-henkea-395x260px.jpg\",\"datePublished\":\"2020-11-27T10:14:15+00:00\",\"dateModified\":\"2025-01-21T11:59:20+00:00\",\"breadcrumb\":{\"@id\":\"https:\/\/sites.uef.fi\/kmru\/histomorphometric-examination\/#breadcrumb\"},\"inLanguage\":\"en-US\",\"potentialAction\":[{\"@type\":\"ReadAction\",\"target\":[\"https:\/\/sites.uef.fi\/kmru\/histomorphometric-examination\/\"]}]},{\"@type\":\"ImageObject\",\"inLanguage\":\"en-US\",\"@id\":\"https:\/\/sites.uef.fi\/kmru\/histomorphometric-examination\/#primaryimage\",\"url\":\"https:\/\/sites.uef.fi\/kmru\/wp-content\/uploads\/sites\/99\/2020\/11\/KMRU-1-henkea-395x260px.jpg\",\"contentUrl\":\"https:\/\/sites.uef.fi\/kmru\/wp-content\/uploads\/sites\/99\/2020\/11\/KMRU-1-henkea-395x260px.jpg\",\"width\":260,\"height\":295},{\"@type\":\"BreadcrumbList\",\"@id\":\"https:\/\/sites.uef.fi\/kmru\/histomorphometric-examination\/#breadcrumb\",\"itemListElement\":[{\"@type\":\"ListItem\",\"position\":1,\"name\":\"Home\",\"item\":\"https:\/\/sites.uef.fi\/kmru\/\"},{\"@type\":\"ListItem\",\"position\":2,\"name\":\"Histomorphometric Examination\"}]},{\"@type\":\"WebSite\",\"@id\":\"https:\/\/sites.uef.fi\/kmru\/?lang=fi\/#website\",\"url\":\"https:\/\/sites.uef.fi\/kmru\/?lang=fi\/\",\"name\":\"Kuopio Musculoskeletal Research Unit - KMRU\",\"description\":\"\",\"potentialAction\":[{\"@type\":\"SearchAction\",\"target\":{\"@type\":\"EntryPoint\",\"urlTemplate\":\"https:\/\/sites.uef.fi\/kmru\/?lang=fi\/?s={search_term_string}\"},\"query-input\":{\"@type\":\"PropertyValueSpecification\",\"valueRequired\":true,\"valueName\":\"search_term_string\"}}],\"inLanguage\":\"en-US\"}]}<\/script>\n<!-- \/ Yoast SEO plugin. -->","yoast_head_json":{"title":"Histomorphometric Examination - Kuopio Musculoskeletal Research Unit - KMRU","robots":{"index":"index","follow":"follow","max-snippet":"max-snippet:-1","max-image-preview":"max-image-preview:large","max-video-preview":"max-video-preview:-1"},"canonical":"https:\/\/sites.uef.fi\/kmru\/histomorphometric-examination\/","og_locale":"en_US","og_type":"article","og_title":"Histomorphometric Examination - Kuopio Musculoskeletal Research Unit - KMRU","og_description":"Bone biopsy is indicated in case of a suspected metabolic disease of the bone (e.g. osteomalacia, renal osteodystrophy, accelerated bone resorption), spontaneous fractures or low-energy fractures&nbsp;and for investigating causes and effect of treatment of severe osteoporosis. This examination enables investigation of&nbsp;bone formation,&nbsp;resorption and&nbsp;mineralization rate&nbsp;as well as&nbsp;microarchitecture of the cansellous&nbsp;bone. In case of a suspected malignancy, [&hellip;]","og_url":"https:\/\/sites.uef.fi\/kmru\/histomorphometric-examination\/","og_site_name":"Kuopio Musculoskeletal Research Unit - KMRU","article_modified_time":"2025-01-21T11:59:20+00:00","og_image":[{"url":"https:\/\/sites.uef.fi\/kmru\/wp-content\/uploads\/sites\/99\/2020\/11\/KMRU-1-henkea-395x260px.jpg","type":"","width":"","height":""}],"twitter_card":"summary_large_image","twitter_misc":{"Est. reading time":"6 minutes"},"schema":{"@context":"https:\/\/schema.org","@graph":[{"@type":"WebPage","@id":"https:\/\/sites.uef.fi\/kmru\/histomorphometric-examination\/","url":"https:\/\/sites.uef.fi\/kmru\/histomorphometric-examination\/","name":"Histomorphometric Examination - Kuopio Musculoskeletal Research Unit - KMRU","isPartOf":{"@id":"https:\/\/sites.uef.fi\/kmru\/?lang=fi\/#website"},"primaryImageOfPage":{"@id":"https:\/\/sites.uef.fi\/kmru\/histomorphometric-examination\/#primaryimage"},"image":{"@id":"https:\/\/sites.uef.fi\/kmru\/histomorphometric-examination\/#primaryimage"},"thumbnailUrl":"https:\/\/sites.uef.fi\/kmru\/wp-content\/uploads\/sites\/99\/2020\/11\/KMRU-1-henkea-395x260px.jpg","datePublished":"2020-11-27T10:14:15+00:00","dateModified":"2025-01-21T11:59:20+00:00","breadcrumb":{"@id":"https:\/\/sites.uef.fi\/kmru\/histomorphometric-examination\/#breadcrumb"},"inLanguage":"en-US","potentialAction":[{"@type":"ReadAction","target":["https:\/\/sites.uef.fi\/kmru\/histomorphometric-examination\/"]}]},{"@type":"ImageObject","inLanguage":"en-US","@id":"https:\/\/sites.uef.fi\/kmru\/histomorphometric-examination\/#primaryimage","url":"https:\/\/sites.uef.fi\/kmru\/wp-content\/uploads\/sites\/99\/2020\/11\/KMRU-1-henkea-395x260px.jpg","contentUrl":"https:\/\/sites.uef.fi\/kmru\/wp-content\/uploads\/sites\/99\/2020\/11\/KMRU-1-henkea-395x260px.jpg","width":260,"height":295},{"@type":"BreadcrumbList","@id":"https:\/\/sites.uef.fi\/kmru\/histomorphometric-examination\/#breadcrumb","itemListElement":[{"@type":"ListItem","position":1,"name":"Home","item":"https:\/\/sites.uef.fi\/kmru\/"},{"@type":"ListItem","position":2,"name":"Histomorphometric Examination"}]},{"@type":"WebSite","@id":"https:\/\/sites.uef.fi\/kmru\/?lang=fi\/#website","url":"https:\/\/sites.uef.fi\/kmru\/?lang=fi\/","name":"Kuopio Musculoskeletal Research Unit - KMRU","description":"","potentialAction":[{"@type":"SearchAction","target":{"@type":"EntryPoint","urlTemplate":"https:\/\/sites.uef.fi\/kmru\/?lang=fi\/?s={search_term_string}"},"query-input":{"@type":"PropertyValueSpecification","valueRequired":true,"valueName":"search_term_string"}}],"inLanguage":"en-US"}]}},"_links":{"self":[{"href":"https:\/\/sites.uef.fi\/kmru\/wp-json\/wp\/v2\/pages\/384","targetHints":{"allow":["GET"]}}],"collection":[{"href":"https:\/\/sites.uef.fi\/kmru\/wp-json\/wp\/v2\/pages"}],"about":[{"href":"https:\/\/sites.uef.fi\/kmru\/wp-json\/wp\/v2\/types\/page"}],"author":[{"embeddable":true,"href":"https:\/\/sites.uef.fi\/kmru\/wp-json\/wp\/v2\/users\/153"}],"replies":[{"embeddable":true,"href":"https:\/\/sites.uef.fi\/kmru\/wp-json\/wp\/v2\/comments?post=384"}],"version-history":[{"count":2,"href":"https:\/\/sites.uef.fi\/kmru\/wp-json\/wp\/v2\/pages\/384\/revisions"}],"predecessor-version":[{"id":3046,"href":"https:\/\/sites.uef.fi\/kmru\/wp-json\/wp\/v2\/pages\/384\/revisions\/3046"}],"wp:attachment":[{"href":"https:\/\/sites.uef.fi\/kmru\/wp-json\/wp\/v2\/media?parent=384"}],"curies":[{"name":"wp","href":"https:\/\/api.w.org\/{rel}","templated":true}]}}