{"id":543,"date":"2020-11-27T14:40:59","date_gmt":"2020-11-27T12:40:59","guid":{"rendered":"https:\/\/sites.uef.fi\/kmru\/?page_id=543"},"modified":"2025-01-22T12:42:39","modified_gmt":"2025-01-22T10:42:39","slug":"theses","status":"publish","type":"page","link":"https:\/\/sites.uef.fi\/kmru\/theses\/","title":{"rendered":"Theses"},"content":{"rendered":"\n<p><\/p>\n\n\n\n<p><strong>MD Ville Happonen<\/strong> <br><a href=\"https:\/\/erepo.uef.fi\/items\/d865b95b-6900-4fff-86ed-e663f79f171b\">Incidence and complications of operatively treated ankle injuries in Finland between1986-2020 (2024)<\/a><\/p>\n\n\n\n<p><strong>MD Jeremi Heikkinen<\/strong><br><a href=\"https:\/\/erepo.uef.fi\/handle\/123456789\/30862\">Comorbidity and life satisfaction in ageing women with mental or musculoskeletal disorders (2023)<\/a><\/p>\n\n\n\n<p><strong>MD Ville Turppo<br><\/strong><a href=\"https:\/\/erepo.uef.fi\/handle\/123456789\/29588\">Validity of the Finnish Arthroplasty Register and outcomes of hip and knee arthroplasty (2023)<\/a><\/p>\n\n\n\n<p><strong>MD Tommi Vilpunaho<br><\/strong><a href=\"https:\/\/erepo.uef.fi\/handle\/123456789\/29586\">Methodological aspects of fall prevention (2023)<\/a><\/p>\n\n\n\n<p><strong>MD Sarang Latif Qazi<br><\/strong><a href=\"https:\/\/erepo.uef.fi\/handle\/123456789\/28743\">Physical capacity, musculoskeletal health and well-being in postmenopausal women: with special focus on body composition, fractures, and life satisfaction (2022)<\/a><\/p>\n\n\n\n<p><strong>MD Miika V\u00e4rri<\/strong><br><a href=\"https:\/\/erepo.uef.fi\/handle\/123456789\/27096\">Metabolic connections between osteoporosis, atherosclerosis and adipose tissue in postmenopausal women: the OSTPRE-BBA study (2022)<\/a><\/p>\n\n\n\n<p><strong>MD Tero Yli-Kyyny<\/strong><br><a href=\"https:\/\/erepo.uef.fi\/handle\/123456789\/27399\">Outcomes of hip fracture surgery<\/a> (2022)<\/p>\n\n\n\n<p><strong>MD Iina Tuomainen<\/strong><br><a href=\"https:\/\/erepo.uef.fi\/handle\/123456789\/26083\">Preoperative predictors and surgical outcome in lumbar spinal stenosis : A prospective 10-year follow-up study (2021)<\/a><\/p>\n\n\n\n<p><strong>MD Nadia Afrin<\/strong><br><a href=\"https:\/\/erepo.uef.fi\/handle\/123456789\/24099\">Health-related predictors and outcomes of falls in postmenopausal women (2021)<\/a><\/p>\n\n\n\n<p><strong>MD Timo Nyyss\u00f6nen&nbsp;&nbsp;<\/strong><br><a href=\"http:\/\/urn.fi\/URN:ISBN:978-952-61-3482-6\">Achilles tendon rupture<\/a> (2020)<\/p>\n\n\n\n<p><strong>MD Toni Tapaninen&nbsp;<\/strong><br><a href=\"http:\/\/urn.fi\/URN:ISBN:978-952-61-3155-9\">Bone mineral density changes and histomorphometric findings after hip arthroplastic surgery<\/a> (2019)<\/p>\n\n\n\n<p><strong>DSc Noora Airaksinen&nbsp;&nbsp;&nbsp;&nbsp;<\/strong><br><a href=\"http:\/\/urn.fi\/URN:ISBN:978-952-61-2865-8\">Accidents among cyclists, moped drivers and motorcyclists &#8211; factors related to injuries and accident statistics<\/a> (2018)<\/p>\n\n\n\n<p><strong>MSc Masoud Isanejad<\/strong><br><a href=\"http:\/\/urn.fi\/URN:ISBN:978-952-61-2738-5\">Nutrition and musculosceletal health among older people<\/a> (2018)<\/p>\n\n\n\n<p><strong>MD Antti Jaroma<\/strong><br><a href=\"http:\/\/urn.fi\/URN:ISBN:978-952-61-2802-3\">Assessment of bone after total knee arthroplasty<\/a> (2018)<\/p>\n\n\n\n<p><strong>MD Simo Miettinen<\/strong><br><a href=\"http:\/\/urn.fi\/URN:ISBN:978-952-61-2768-2\">Results and complications of large diameter head cementless metal-on-metal total hip arthroplasty and hip resurfacing arthroplasty<\/a> (2018)<\/p>\n\n\n\n<p><strong>MD Xiaoyu Tong<\/strong><br><a href=\"http:\/\/urn.fi\/URN:ISBN:978-952-61-2495-7\">Cortical bone histomorphometry \u2013 microarchitectural heterogeneity across anatomical sites in healthy males<\/a> (2017)<\/p>\n\n\n\n<p><strong>MD Jaakko J\u00e4rvenp\u00e4\u00e4<\/strong><br><a href=\"http:\/\/urn.fi\/URN:ISBN:978-952-61-2313-4\">Patient and operation related factors influencing the outcome of knee arthroplasty<\/a> (2016)<\/p>\n\n\n\n<p><strong>MD P\u00e4ivi Rauma<\/strong><br><a href=\"https:\/\/erepo.uef.fi\/bitstream\/handle\/123456789\/15500\/urn_isbn_978-952-61-1845-1.pdf?sequence=1&amp;isAllowed=y\">Associations between life satisfaction, depression, antidepressant use and bone <\/a>(2015)<\/p>\n\n\n\n<p><strong>MD Jarmo Saarelainen<\/strong><br><a href=\"http:\/\/urn.fi\/URN:ISBN:978-952-61-1585-6\">Obesity and bone mineral measurements in postmenopausal women<\/a> (2014)<\/p>\n\n\n\n<p><strong>MD Inari Tamminen<\/strong><br><a href=\"http:\/\/urn.fi\/URN:ISBN:978-952-61-1144-5\">Assessment of bone quality in pediatric and adult patients with osteoporosis<\/a> (2013)<\/p>\n\n\n\n<p><strong>MD Timo Aalto&nbsp;&nbsp;&nbsp;&nbsp;&nbsp;&nbsp;&nbsp;&nbsp;&nbsp;<\/strong><br><a href=\"http:\/\/urn.fi\/URN:ISBN:978-952-61-1031-8\">Preoperative predictors and postoperative outpatient rehabilitation of lumbar spinal stenosis<\/a> (2013)<\/p>\n\n\n\n<p><strong>PhD Toni Rikkonen&nbsp;&nbsp;&nbsp;<\/strong><br><a href=\"https:\/\/primo.uef.fi\/permalink\/358FIN_UOEF\/1aabkvo\/alma997991223705966\">Physical activity and muscle atrength as predictors of bone loss and fractures in perimenopausal women<\/a> (2012)<\/p>\n\n\n\n<p><strong>PhD Arto Koistinen<\/strong><br><a href=\"http:\/\/urn.fi\/URN:ISBN:978-952-61-0962-6\">Improvement of orthopaedic bone screws by DLC coatings &#8211; in vitro methods for testing of screw fixation strength<\/a> (2012)<\/p>\n\n\n\n<p><strong>MD Kati Pentti&nbsp;<\/strong><br><a href=\"http:\/\/urn.fi\/URN:ISBN:978-952-61-0578-9\">Effects of hormone therapy and calcium supplementation on morbidity and mortality in postmenopausal women<\/a> (2011)<\/p>\n\n\n\n<p><strong>MD Matti K\u00e4rkk\u00e4inen<\/strong><br><a href=\"http:\/\/urn.fi\/URN:ISBN:978-952-61-0310-5\">Physical capacity and supplementation of vitamin D and calcium in postmenopausal women<\/a> (2011)<\/p>\n\n\n\n<p><strong>MD Jyrki Nieminen&nbsp;<\/strong><br><a href=\"http:\/\/urn.fi\/URN:ISBN:978-951-27-1205-2\">Effect of functional loadin on remodeling in canine, and normal and collagen type II transgenic murine bone<\/a> (2009)<\/p>\n\n\n\n<p><strong>MD Antti Joukainen&nbsp;&nbsp;&nbsp;<\/strong><br><a href=\"http:\/\/urn.fi\/URN:ISBN:978-951-27-1047-8\">New bioabsorbable implants for the fixation of metaphyseal bone<\/a> (2008)<\/p>\n\n\n\n<p><strong>MD Janne Sahlman&nbsp;<\/strong><br><a href=\"https:\/\/primo.uef.fi\/permalink\/358FIN_UOEF\/1aabkvo\/alma995563323705966\">Chondrodysplasias caused by defects in the col2a1 gene<\/a> (2007)<\/p>\n\n\n\n<p><strong>MD Terhi Remes<\/strong><br><a href=\"http:\/\/urn.fi\/URN:ISBN:951-27-0593-1\">Influences of genetic factors and regular exercise on bone in middle-aged men<\/a> (2006)<\/p>\n\n\n\n<p><strong>PhD Mikko Hakulinen <\/strong><br><a href=\"http:\/\/urn.fi\/URN:ISBN:951-27-0450-1\">Prediction of density, structure and mechanical properties of trabecular bone using ultrasound and x-ray techniques<\/a> (2006)<\/p>\n\n\n\n<p><strong>MD Mikko Haara&nbsp;<\/strong><br><a href=\"http:\/\/urn.fi\/URN:ISBN:951-27-0585-0\">Osteoarthritis and osteoporosis assessed from hand radiographs. Prevalence, determinants and association with morbidity and mortality<\/a> (2006)<\/p>\n\n\n\n<p><strong>MD Jukka Huopio<\/strong><br><a href=\"http:\/\/urn.fi\/URN:ISBN:951-27-0277-0\">Predicting fractures in middle-aged women<\/a> (2005)<\/p>\n\n\n\n<p><strong>MD Tarja Soininvaara<\/strong><br><a href=\"http:\/\/urn.fi\/URN:ISBN:951-27-0271-1\">Bone loss after total knee atrhroplasty<\/a> (2005)<\/p>\n\n\n\n<p><strong>MD Kaisa Randell&nbsp;&nbsp;&nbsp;&nbsp;<\/strong><br><a href=\"http:\/\/urn.fi\/URN:ISBN:951-27-0267-3\">Effects of hormonal and other factors on fractures in peri- and early postmenopausal women<\/a> (2004)<\/p>\n\n\n\n<p><strong>MD Petri Venesmaa&nbsp;&nbsp;&nbsp;&nbsp;<\/strong><br><a href=\"http:\/\/urn.fi\/URN:ISBN:951-27-0035-2\">Periprosthetic femoral bone loss and bone turnover after THA<\/a> (2004)<\/p>\n\n\n\n<p><strong>MD Joonas Sirola&nbsp;<\/strong><br><a href=\"http:\/\/urn.fi\/URN:ISBN:951-781-350-3\">Early postmenopausal bone loss \u2013 population-based studies on risk and preventive factors and their interactions<\/a> (2003)<\/p>\n\n\n\n<p><strong>MD Timo Salmen&nbsp;<\/strong><br><a href=\"http:\/\/urn.fi\/URN:ISBN:951-781-889-0\">Genetic influences of the sex steroid pathway on fracture risk<\/a> (2002)<\/p>\n\n\n\n<p><strong>PhD Juha T\u00f6yr\u00e4s&nbsp;&nbsp;&nbsp;<\/strong><br><a href=\"https:\/\/primo.uef.fi\/permalink\/358FIN_UOEF\/1aabkvo\/alma995832473705966\">Mechano-acoustic characterization of articular cartilage and trabecular bone<\/a> (2001)<\/p>\n\n\n\n<p><strong>MD Jouni Huuskonen&nbsp; <\/strong><br><a href=\"https:\/\/primo.uef.fi\/permalink\/358FIN_UOEF\/1aabkvo\/alma995824643705966\">Osteoporosis in men<\/a> (2001)<\/p>\n\n\n\n<p><strong>MD Pekka Arikoski&nbsp;&nbsp;&nbsp;&nbsp; <\/strong><br><a href=\"https:\/\/primo.uef.fi\/permalink\/358FIN_UOEF\/1aabkvo\/alma995796823705966\">Metabolic bone disease in children with cancer<\/a> (1999)<\/p>\n\n\n\n<p><strong>MD Marja Komulainen&nbsp; <\/strong><br><a href=\"https:\/\/primo.uef.fi\/permalink\/358FIN_UOEF\/1aabkvo\/alma995794203705966\">Effect of HRT and vitamin D in prevention of osteoporosis<\/a> (1999)<\/p>\n\n\n\n<p><strong>MD Antero Kotaniemi&nbsp;<\/strong><br><a href=\"https:\/\/primo.uef.fi\/permalink\/358FIN_UOEF\/1aabkvo\/alma995788683705966\">Osteopenia associated with juvenile rheumatoid arthritis<\/a> (1999)<\/p>\n\n\n\n<p><strong>MD Anna-Mari Heikkinen<\/strong><br><a href=\"https:\/\/primo.uef.fi\/permalink\/358FIN_UOEF\/1aabkvo\/alma995764143705966\">Metabolic effects of prevention of osteoporosis in postmenopausal women with hormone replacement therapy and vitamin D3<\/a> (1998)<\/p>\n\n\n\n<p><strong>MD Marjo Tuppurainen<\/strong><br><a href=\"https:\/\/primo.uef.fi\/permalink\/358FIN_UOEF\/1aabkvo\/alma995679893705966\">Osteoporosis risk factors and fractures among perimenopausal women<\/a> (1995)<\/p>\n","protected":false},"excerpt":{"rendered":"<p>MD Ville Happonen Incidence and complications of operatively treated ankle injuries in Finland between1986-2020 (2024) MD Jeremi HeikkinenComorbidity and life satisfaction in ageing women with mental or musculoskeletal disorders (2023) MD Ville TurppoValidity of the Finnish Arthroplasty Register and outcomes of hip and knee arthroplasty (2023) MD Tommi VilpunahoMethodological aspects of fall prevention (2023) MD [&hellip;]<\/p>\n","protected":false},"author":153,"featured_media":0,"parent":0,"menu_order":0,"comment_status":"closed","ping_status":"closed","template":"","meta":{"_acf_changed":false,"_monsterinsights_skip_tracking":false,"_monsterinsights_sitenote_active":false,"_monsterinsights_sitenote_note":"","_monsterinsights_sitenote_category":0,"footnotes":""},"class_list":["post-543","page","type-page","status-publish","hentry"],"acf":[],"yoast_head":"<!-- This site is optimized with the Yoast SEO plugin v27.1.1 - https:\/\/yoast.com\/product\/yoast-seo-wordpress\/ -->\n<title>Theses - Kuopio Musculoskeletal Research Unit - KMRU<\/title>\n<meta name=\"robots\" content=\"index, follow, max-snippet:-1, max-image-preview:large, max-video-preview:-1\" \/>\n<link rel=\"canonical\" href=\"https:\/\/sites.uef.fi\/kmru\/theses\/\" \/>\n<meta property=\"og:locale\" content=\"en_US\" \/>\n<meta property=\"og:type\" content=\"article\" \/>\n<meta property=\"og:title\" content=\"Theses - Kuopio Musculoskeletal Research Unit - KMRU\" \/>\n<meta property=\"og:description\" content=\"MD Ville Happonen Incidence and complications of operatively treated ankle injuries in Finland between1986-2020 (2024) MD Jeremi HeikkinenComorbidity and life satisfaction in ageing women with mental or musculoskeletal disorders (2023) MD Ville TurppoValidity of the Finnish Arthroplasty Register and outcomes of hip and knee arthroplasty (2023) MD Tommi VilpunahoMethodological aspects of fall prevention (2023) MD [&hellip;]\" \/>\n<meta property=\"og:url\" content=\"https:\/\/sites.uef.fi\/kmru\/theses\/\" \/>\n<meta property=\"og:site_name\" content=\"Kuopio Musculoskeletal Research Unit - KMRU\" \/>\n<meta property=\"article:modified_time\" content=\"2025-01-22T10:42:39+00:00\" \/>\n<meta name=\"twitter:card\" content=\"summary_large_image\" \/>\n<meta name=\"twitter:label1\" content=\"Est. reading time\" \/>\n\t<meta name=\"twitter:data1\" content=\"3 minutes\" \/>\n<script type=\"application\/ld+json\" class=\"yoast-schema-graph\">{\"@context\":\"https:\/\/schema.org\",\"@graph\":[{\"@type\":\"WebPage\",\"@id\":\"https:\/\/sites.uef.fi\/kmru\/theses\/\",\"url\":\"https:\/\/sites.uef.fi\/kmru\/theses\/\",\"name\":\"Theses - Kuopio Musculoskeletal Research Unit - KMRU\",\"isPartOf\":{\"@id\":\"https:\/\/sites.uef.fi\/kmru\/?lang=fi\/#website\"},\"datePublished\":\"2020-11-27T12:40:59+00:00\",\"dateModified\":\"2025-01-22T10:42:39+00:00\",\"breadcrumb\":{\"@id\":\"https:\/\/sites.uef.fi\/kmru\/theses\/#breadcrumb\"},\"inLanguage\":\"en-US\",\"potentialAction\":[{\"@type\":\"ReadAction\",\"target\":[\"https:\/\/sites.uef.fi\/kmru\/theses\/\"]}]},{\"@type\":\"BreadcrumbList\",\"@id\":\"https:\/\/sites.uef.fi\/kmru\/theses\/#breadcrumb\",\"itemListElement\":[{\"@type\":\"ListItem\",\"position\":1,\"name\":\"Home\",\"item\":\"https:\/\/sites.uef.fi\/kmru\/\"},{\"@type\":\"ListItem\",\"position\":2,\"name\":\"Theses\"}]},{\"@type\":\"WebSite\",\"@id\":\"https:\/\/sites.uef.fi\/kmru\/?lang=fi\/#website\",\"url\":\"https:\/\/sites.uef.fi\/kmru\/?lang=fi\/\",\"name\":\"Kuopio Musculoskeletal Research Unit - KMRU\",\"description\":\"\",\"potentialAction\":[{\"@type\":\"SearchAction\",\"target\":{\"@type\":\"EntryPoint\",\"urlTemplate\":\"https:\/\/sites.uef.fi\/kmru\/?lang=fi\/?s={search_term_string}\"},\"query-input\":{\"@type\":\"PropertyValueSpecification\",\"valueRequired\":true,\"valueName\":\"search_term_string\"}}],\"inLanguage\":\"en-US\"}]}<\/script>\n<!-- \/ Yoast SEO plugin. -->","yoast_head_json":{"title":"Theses - Kuopio Musculoskeletal Research Unit - KMRU","robots":{"index":"index","follow":"follow","max-snippet":"max-snippet:-1","max-image-preview":"max-image-preview:large","max-video-preview":"max-video-preview:-1"},"canonical":"https:\/\/sites.uef.fi\/kmru\/theses\/","og_locale":"en_US","og_type":"article","og_title":"Theses - Kuopio Musculoskeletal Research Unit - KMRU","og_description":"MD Ville Happonen Incidence and complications of operatively treated ankle injuries in Finland between1986-2020 (2024) MD Jeremi HeikkinenComorbidity and life satisfaction in ageing women with mental or musculoskeletal disorders (2023) MD Ville TurppoValidity of the Finnish Arthroplasty Register and outcomes of hip and knee arthroplasty (2023) MD Tommi VilpunahoMethodological aspects of fall prevention (2023) MD [&hellip;]","og_url":"https:\/\/sites.uef.fi\/kmru\/theses\/","og_site_name":"Kuopio Musculoskeletal Research Unit - KMRU","article_modified_time":"2025-01-22T10:42:39+00:00","twitter_card":"summary_large_image","twitter_misc":{"Est. reading time":"3 minutes"},"schema":{"@context":"https:\/\/schema.org","@graph":[{"@type":"WebPage","@id":"https:\/\/sites.uef.fi\/kmru\/theses\/","url":"https:\/\/sites.uef.fi\/kmru\/theses\/","name":"Theses - Kuopio Musculoskeletal Research Unit - KMRU","isPartOf":{"@id":"https:\/\/sites.uef.fi\/kmru\/?lang=fi\/#website"},"datePublished":"2020-11-27T12:40:59+00:00","dateModified":"2025-01-22T10:42:39+00:00","breadcrumb":{"@id":"https:\/\/sites.uef.fi\/kmru\/theses\/#breadcrumb"},"inLanguage":"en-US","potentialAction":[{"@type":"ReadAction","target":["https:\/\/sites.uef.fi\/kmru\/theses\/"]}]},{"@type":"BreadcrumbList","@id":"https:\/\/sites.uef.fi\/kmru\/theses\/#breadcrumb","itemListElement":[{"@type":"ListItem","position":1,"name":"Home","item":"https:\/\/sites.uef.fi\/kmru\/"},{"@type":"ListItem","position":2,"name":"Theses"}]},{"@type":"WebSite","@id":"https:\/\/sites.uef.fi\/kmru\/?lang=fi\/#website","url":"https:\/\/sites.uef.fi\/kmru\/?lang=fi\/","name":"Kuopio Musculoskeletal Research Unit - KMRU","description":"","potentialAction":[{"@type":"SearchAction","target":{"@type":"EntryPoint","urlTemplate":"https:\/\/sites.uef.fi\/kmru\/?lang=fi\/?s={search_term_string}"},"query-input":{"@type":"PropertyValueSpecification","valueRequired":true,"valueName":"search_term_string"}}],"inLanguage":"en-US"}]}},"_links":{"self":[{"href":"https:\/\/sites.uef.fi\/kmru\/wp-json\/wp\/v2\/pages\/543","targetHints":{"allow":["GET"]}}],"collection":[{"href":"https:\/\/sites.uef.fi\/kmru\/wp-json\/wp\/v2\/pages"}],"about":[{"href":"https:\/\/sites.uef.fi\/kmru\/wp-json\/wp\/v2\/types\/page"}],"author":[{"embeddable":true,"href":"https:\/\/sites.uef.fi\/kmru\/wp-json\/wp\/v2\/users\/153"}],"replies":[{"embeddable":true,"href":"https:\/\/sites.uef.fi\/kmru\/wp-json\/wp\/v2\/comments?post=543"}],"version-history":[{"count":1,"href":"https:\/\/sites.uef.fi\/kmru\/wp-json\/wp\/v2\/pages\/543\/revisions"}],"predecessor-version":[{"id":3054,"href":"https:\/\/sites.uef.fi\/kmru\/wp-json\/wp\/v2\/pages\/543\/revisions\/3054"}],"wp:attachment":[{"href":"https:\/\/sites.uef.fi\/kmru\/wp-json\/wp\/v2\/media?parent=543"}],"curies":[{"name":"wp","href":"https:\/\/api.w.org\/{rel}","templated":true}]}}