{"id":674,"date":"2020-11-30T11:36:18","date_gmt":"2020-11-30T09:36:18","guid":{"rendered":"https:\/\/sites.uef.fi\/kmru\/?page_id=674"},"modified":"2024-04-17T15:46:54","modified_gmt":"2024-04-17T12:46:54","slug":"kuopion-kaatumisten-ehkaisy-tutkimus","status":"publish","type":"page","link":"https:\/\/sites.uef.fi\/kmru\/kuopion-kaatumisten-ehkaisy-tutkimus\/?lang=fi","title":{"rendered":"Kuopion Kaatumisten Ehk\u00e4isy -tutkimus"},"content":{"rendered":"\n<figure class=\"wp-block-image alignleft is-resized\"><img loading=\"lazy\" decoding=\"async\" width=\"300\" height=\"73\" src=\"https:\/\/sites.uef.fi\/kmru\/wp-content\/uploads\/sites\/99\/2020\/11\/FPS-300x73.jpg\" alt=\"\" class=\"wp-image-252\" style=\"width:657px;height:auto\" srcset=\"https:\/\/sites.uef.fi\/kmru\/wp-content\/uploads\/sites\/99\/2020\/11\/FPS-300x73.jpg 300w, https:\/\/sites.uef.fi\/kmru\/wp-content\/uploads\/sites\/99\/2020\/11\/FPS.jpg 400w\" sizes=\"auto, (max-width: 300px) 100vw, 300px\" \/><\/figure>\n\n\n\n<ul class=\"wp-block-list\">\n<li><a href=\"https:\/\/bmjopen.bmj.com\/content\/9\/6\/e028716\">Kuopio Fall Prevention Study protocol article in &#8220;BMJ Open&#8221;<\/a><\/li>\n<\/ul>\n\n\n\n<h2 class=\"wp-block-heading\">TIIVISTELM\u00c4<\/h2>\n\n\n\n<p>Ik\u00e4\u00e4ntyv\u00e4n naisv\u00e4est\u00f6n kaatumistapaturmat ja niist\u00e4 johtuvat murtumat ovat kasvava kansanterveysongelma, jonka hoitamiseen kuluu huomattavasti kunnallisen terveydenhuollon resursseja.<\/p>\n\n\n\n<p>Kuopion Kaatumisten Ehk\u00e4isy -tutkimus (Kuopio Fall Prevention Study &#8211; KFPS) selvitt\u00e4\u00e4, voidaanko ik\u00e4\u00e4ntyvien naisten toimintakyky\u00e4 parantaa, kaatumisia est\u00e4\u00e4 ja hyvinvointia kohentaa tarjoamalla heille ohjattua liikuntaa kahdesti viikossa (kuntosaliharjoitus sek\u00e4 Taiji) sek\u00e4 tarjoamalla vuoden ilmainen k\u00e4ytt\u00f6oikeus kunnallisiin liikuntatiloihin (Terve-Kuopio toimintakortti, 12kk). Samalla ker\u00e4t\u00e4\u00e4n tietoa my\u00f6s sairauksien diagnooseista, l\u00e4\u00e4kkeiden k\u00e4yt\u00f6st\u00e4 ja sosiaali- ja terveyspalvelujen k\u00e4yt\u00f6st\u00e4.<\/p>\n\n\n\n<figure class=\"wp-block-image aligncenter is-resized\"><img loading=\"lazy\" decoding=\"async\" width=\"300\" height=\"150\" src=\"https:\/\/sites.uef.fi\/kmru\/wp-content\/uploads\/sites\/99\/2020\/11\/taiji-300x150.jpg\" alt=\"\" class=\"wp-image-240\" style=\"width:606px;height:auto\" srcset=\"https:\/\/sites.uef.fi\/kmru\/wp-content\/uploads\/sites\/99\/2020\/11\/taiji-300x150.jpg 300w, https:\/\/sites.uef.fi\/kmru\/wp-content\/uploads\/sites\/99\/2020\/11\/taiji.jpg 600w\" sizes=\"auto, (max-width: 300px) 100vw, 300px\" \/><\/figure>\n\n\n\n<p id=\"yui_patched_v3_11_0_1_1606728891426_473\">Tutkimusk\u00e4ynneill\u00e4 arvioidaan kliinisin mittauksin lihasvoimaa, tasapainoa, toiminta- ja havaintokyky\u00e4 sek\u00e4 mielialaa. Luuntiheys ja kehonkoostumusmittaukset (DXA) suoritetaan koko kehosta sek\u00e4 vasemmasta lonkasta. Intervention tarjoamien palveluiden ja terveyshy\u00f6tyjen v\u00e4linen kustannustehokkuus kuntatasolla selvitet\u00e4\u00e4n.<\/p>\n\n\n\n<figure class=\"wp-block-image aligncenter size-full is-resized\"><img loading=\"lazy\" decoding=\"async\" width=\"515\" height=\"179\" src=\"https:\/\/sites.uef.fi\/kmru\/wp-content\/uploads\/sites\/99\/2024\/04\/image-16.png\" alt=\"\" class=\"wp-image-2906\" style=\"width:592px;height:auto\" srcset=\"https:\/\/sites.uef.fi\/kmru\/wp-content\/uploads\/sites\/99\/2024\/04\/image-16.png 515w, https:\/\/sites.uef.fi\/kmru\/wp-content\/uploads\/sites\/99\/2024\/04\/image-16-300x104.png 300w\" sizes=\"auto, (max-width: 515px) 100vw, 515px\" \/><\/figure>\n\n\n\n<h3 class=\"wp-block-heading\" id=\"yui_patched_v3_11_0_1_1606728891426_489\">INTERVENTIO<\/h3>\n\n\n\n<p>Tutkimukseen rekrytoitavat Kuopiolaiset naiset (Ik\u00e4 72-84 vuotta) arvotaan kahteen ryhm\u00e4\u00e4n (457+457), joista molemmat saavat kaatumisten ehk\u00e4isyneuvontaa. Toinen ryhm\u00e4 saa lis\u00e4ksi yhden viikoittaisen kuntosali- ja Taiji -ohjauksen ensimm\u00e4isen puolen vuoden ajaksi sek\u00e4 12 kuukauden ilmaisen k\u00e4ytt\u00f6oikeuden kunnallisiin liikuntatiloihin (Terve-Kuopio toimintakortti).<\/p>\n\n\n\n<p>Liikuntaohjelman ja liikuntatilojen ilmaisen k\u00e4ytt\u00f6oikeuden kustannusvaikuttavuus vammojen ehk\u00e4isyyn ja niist\u00e4 aiheutuviin kuluihin selvitet\u00e4\u00e4n. Lis\u00e4ksi arvioidaan, v\u00e4hent\u00e4\u00e4k\u00f6 liikunta sek\u00e4 liikuntatilojen ilmainen k\u00e4ytt\u00f6oikeus yleisesti terveys- ja sosiaalipalvelujen k\u00e4ytt\u00f6\u00e4. Sosiaalisen n\u00e4k\u00f6kulman lis\u00e4ksi laskelmissa huomioidaan yhteiskunnallinen n\u00e4k\u00f6kulma. Kolmella tutkimusk\u00e4ynnill\u00e4 (L\u00e4ht\u00f6taso -12kk -24kk) arvioidaan kliinisin mittauksin lihasvoimaa, tasapainoa, toiminta- ja havaintokyky\u00e4 sek\u00e4 mielialaa. Luuntiheys- ja kehonkoostumusmittaukset (DXA) suoritetaan koko kehosta sek\u00e4 vasemmasta lonkasta.<\/p>\n\n\n\n<p>Tutkimus k\u00e4ynnistyi huhtikuussa 2016 ja seurannan kesto kunkin tutkittavan osalta on 2 vuotta. L\u00e4ht\u00f6vaiheen mittaukset valmistuivat huhtikuussa 2017. Tutkimuksen kokonaiskesto on yhteens\u00e4 3 vuotta (2016-9).<\/p>\n\n\n\n<h3 class=\"wp-block-heading\">HYPOTEESI<\/h3>\n\n\n\n<p>Hypoteesina on, ett\u00e4 aktivoimalla ik\u00e4\u00e4ntyv\u00e4\u00e4 naisv\u00e4est\u00f6\u00e4 liikunnan pariin v\u00e4hennet\u00e4\u00e4n kaatumistapaturmia ja saavutetaan terveyshy\u00f6tyj\u00e4 niin fyysiseen kuin psyykkiseen hyvinvointiin. Toiminnan odotetaan my\u00f6s v\u00e4hent\u00e4v\u00e4n terveys- ja sosiaalipalveluiden k\u00e4ytt\u00f6\u00e4.<\/p>\n\n\n\n<h3 class=\"wp-block-heading\">MERKITYS<\/h3>\n\n\n\n<p>Tutkimusasetelma (v\u00e4est\u00f6otos, kunnalliset liikuntapalvelut) mahdollistaa tutkimustulosten yleistett\u00e4vyyden ja ohjaa terveyspolitiikkaa. Jos tutkimuksella saavutetaan toivotut tulokset, sit\u00e4 voidaan hy\u00f6dynt\u00e4\u00e4 valtakunnallisesti. Tulokset antavat uutta tietoa mm. el\u00e4kel\u00e4isille tarjottavien liikuntapalveluiden kustannusvaikuttavuudesta ja ne ovat hy\u00f6dynnett\u00e4viss\u00e4 p\u00e4\u00e4t\u00f6ksenteossa. Toiminnan osoittautuessa tehokkaaksi, kunnallisen liikuntatoimen ja terveydenhuollon strategiaan voidaan sis\u00e4llytt\u00e4\u00e4 vastaavia menetelmi\u00e4. KFPS on ainutlaatuinen tutkimus kohdistuessaan tarkasti rajatun alueen koko (100 %) saman ik\u00e4iseen v\u00e4est\u00f6nosaan ja arvioidessaan k\u00e4yt\u00e4nn\u00f6n sovelluksia yhteiskunnallisen hyvinvoinnin sek\u00e4 sen kehitt\u00e4misen tueksi.<\/p>\n","protected":false},"excerpt":{"rendered":"<p>TIIVISTELM\u00c4 Ik\u00e4\u00e4ntyv\u00e4n naisv\u00e4est\u00f6n kaatumistapaturmat ja niist\u00e4 johtuvat murtumat ovat kasvava kansanterveysongelma, jonka hoitamiseen kuluu huomattavasti kunnallisen terveydenhuollon resursseja. Kuopion Kaatumisten Ehk\u00e4isy -tutkimus (Kuopio Fall Prevention Study &#8211; KFPS) selvitt\u00e4\u00e4, voidaanko ik\u00e4\u00e4ntyvien naisten toimintakyky\u00e4 parantaa, kaatumisia est\u00e4\u00e4 ja hyvinvointia kohentaa tarjoamalla heille ohjattua liikuntaa kahdesti viikossa (kuntosaliharjoitus sek\u00e4 Taiji) sek\u00e4 tarjoamalla vuoden ilmainen k\u00e4ytt\u00f6oikeus kunnallisiin liikuntatiloihin [&hellip;]<\/p>\n","protected":false},"author":153,"featured_media":0,"parent":0,"menu_order":0,"comment_status":"closed","ping_status":"closed","template":"","meta":{"_acf_changed":false,"_monsterinsights_skip_tracking":false,"_monsterinsights_sitenote_active":false,"_monsterinsights_sitenote_note":"","_monsterinsights_sitenote_category":0,"footnotes":""},"class_list":["post-674","page","type-page","status-publish","hentry"],"acf":[],"yoast_head":"<!-- This site is optimized with the Yoast SEO plugin v27.3 - https:\/\/yoast.com\/product\/yoast-seo-wordpress\/ -->\n<title>Kuopion Kaatumisten Ehk\u00e4isy -tutkimus - Kuopio Musculoskeletal Research Unit - KMRU<\/title>\n<meta name=\"robots\" content=\"index, follow, max-snippet:-1, max-image-preview:large, max-video-preview:-1\" \/>\n<link rel=\"canonical\" href=\"https:\/\/sites.uef.fi\/kmru\/kuopion-kaatumisten-ehkaisy-tutkimus\/?lang=fi\" \/>\n<meta property=\"og:locale\" content=\"en_US\" \/>\n<meta property=\"og:type\" content=\"article\" \/>\n<meta property=\"og:title\" content=\"Kuopion Kaatumisten Ehk\u00e4isy -tutkimus - Kuopio Musculoskeletal Research Unit - KMRU\" \/>\n<meta property=\"og:description\" content=\"TIIVISTELM\u00c4 Ik\u00e4\u00e4ntyv\u00e4n naisv\u00e4est\u00f6n kaatumistapaturmat ja niist\u00e4 johtuvat murtumat ovat kasvava kansanterveysongelma, jonka hoitamiseen kuluu huomattavasti kunnallisen terveydenhuollon resursseja. Kuopion Kaatumisten Ehk\u00e4isy -tutkimus (Kuopio Fall Prevention Study &#8211; KFPS) selvitt\u00e4\u00e4, voidaanko ik\u00e4\u00e4ntyvien naisten toimintakyky\u00e4 parantaa, kaatumisia est\u00e4\u00e4 ja hyvinvointia kohentaa tarjoamalla heille ohjattua liikuntaa kahdesti viikossa (kuntosaliharjoitus sek\u00e4 Taiji) sek\u00e4 tarjoamalla vuoden ilmainen k\u00e4ytt\u00f6oikeus kunnallisiin liikuntatiloihin [&hellip;]\" \/>\n<meta property=\"og:url\" content=\"https:\/\/sites.uef.fi\/kmru\/kuopion-kaatumisten-ehkaisy-tutkimus\/?lang=fi\" \/>\n<meta property=\"og:site_name\" content=\"Kuopio Musculoskeletal Research Unit - KMRU\" \/>\n<meta property=\"article:modified_time\" content=\"2024-04-17T12:46:54+00:00\" \/>\n<meta property=\"og:image\" content=\"https:\/\/sites.uef.fi\/kmru\/wp-content\/uploads\/sites\/99\/2020\/11\/FPS-300x73.jpg\" \/>\n<meta name=\"twitter:card\" content=\"summary_large_image\" \/>\n<meta name=\"twitter:label1\" content=\"Est. reading time\" \/>\n\t<meta name=\"twitter:data1\" content=\"2 minutes\" \/>\n<script type=\"application\/ld+json\" class=\"yoast-schema-graph\">{\"@context\":\"https:\\\/\\\/schema.org\",\"@graph\":[{\"@type\":\"WebPage\",\"@id\":\"https:\\\/\\\/sites.uef.fi\\\/kmru\\\/kuopion-kaatumisten-ehkaisy-tutkimus\\\/?lang=fi\",\"url\":\"https:\\\/\\\/sites.uef.fi\\\/kmru\\\/kuopion-kaatumisten-ehkaisy-tutkimus\\\/?lang=fi\",\"name\":\"Kuopion Kaatumisten Ehk\u00e4isy -tutkimus - Kuopio Musculoskeletal Research Unit - KMRU\",\"isPartOf\":{\"@id\":\"https:\\\/\\\/sites.uef.fi\\\/kmru\\\/#website\"},\"primaryImageOfPage\":{\"@id\":\"https:\\\/\\\/sites.uef.fi\\\/kmru\\\/kuopion-kaatumisten-ehkaisy-tutkimus\\\/?lang=fi#primaryimage\"},\"image\":{\"@id\":\"https:\\\/\\\/sites.uef.fi\\\/kmru\\\/kuopion-kaatumisten-ehkaisy-tutkimus\\\/?lang=fi#primaryimage\"},\"thumbnailUrl\":\"https:\\\/\\\/sites.uef.fi\\\/kmru\\\/wp-content\\\/uploads\\\/sites\\\/99\\\/2020\\\/11\\\/FPS-300x73.jpg\",\"datePublished\":\"2020-11-30T09:36:18+00:00\",\"dateModified\":\"2024-04-17T12:46:54+00:00\",\"breadcrumb\":{\"@id\":\"https:\\\/\\\/sites.uef.fi\\\/kmru\\\/kuopion-kaatumisten-ehkaisy-tutkimus\\\/?lang=fi#breadcrumb\"},\"inLanguage\":\"en-US\",\"potentialAction\":[{\"@type\":\"ReadAction\",\"target\":[\"https:\\\/\\\/sites.uef.fi\\\/kmru\\\/kuopion-kaatumisten-ehkaisy-tutkimus\\\/?lang=fi\"]}]},{\"@type\":\"ImageObject\",\"inLanguage\":\"en-US\",\"@id\":\"https:\\\/\\\/sites.uef.fi\\\/kmru\\\/kuopion-kaatumisten-ehkaisy-tutkimus\\\/?lang=fi#primaryimage\",\"url\":\"https:\\\/\\\/sites.uef.fi\\\/kmru\\\/wp-content\\\/uploads\\\/sites\\\/99\\\/2020\\\/11\\\/FPS.jpg\",\"contentUrl\":\"https:\\\/\\\/sites.uef.fi\\\/kmru\\\/wp-content\\\/uploads\\\/sites\\\/99\\\/2020\\\/11\\\/FPS.jpg\",\"width\":400,\"height\":97},{\"@type\":\"BreadcrumbList\",\"@id\":\"https:\\\/\\\/sites.uef.fi\\\/kmru\\\/kuopion-kaatumisten-ehkaisy-tutkimus\\\/?lang=fi#breadcrumb\",\"itemListElement\":[{\"@type\":\"ListItem\",\"position\":1,\"name\":\"Home\",\"item\":\"https:\\\/\\\/sites.uef.fi\\\/kmru\\\/\"},{\"@type\":\"ListItem\",\"position\":2,\"name\":\"Kuopion Kaatumisten Ehk\u00e4isy -tutkimus\"}]},{\"@type\":\"WebSite\",\"@id\":\"https:\\\/\\\/sites.uef.fi\\\/kmru\\\/#website\",\"url\":\"https:\\\/\\\/sites.uef.fi\\\/kmru\\\/\",\"name\":\"Kuopio Musculoskeletal Research Unit - KMRU\",\"description\":\"\",\"potentialAction\":[{\"@type\":\"SearchAction\",\"target\":{\"@type\":\"EntryPoint\",\"urlTemplate\":\"https:\\\/\\\/sites.uef.fi\\\/kmru\\\/?s={search_term_string}\"},\"query-input\":{\"@type\":\"PropertyValueSpecification\",\"valueRequired\":true,\"valueName\":\"search_term_string\"}}],\"inLanguage\":\"en-US\"}]}<\/script>\n<!-- \/ Yoast SEO plugin. -->","yoast_head_json":{"title":"Kuopion Kaatumisten Ehk\u00e4isy -tutkimus - Kuopio Musculoskeletal Research Unit - KMRU","robots":{"index":"index","follow":"follow","max-snippet":"max-snippet:-1","max-image-preview":"max-image-preview:large","max-video-preview":"max-video-preview:-1"},"canonical":"https:\/\/sites.uef.fi\/kmru\/kuopion-kaatumisten-ehkaisy-tutkimus\/?lang=fi","og_locale":"en_US","og_type":"article","og_title":"Kuopion Kaatumisten Ehk\u00e4isy -tutkimus - Kuopio Musculoskeletal Research Unit - KMRU","og_description":"TIIVISTELM\u00c4 Ik\u00e4\u00e4ntyv\u00e4n naisv\u00e4est\u00f6n kaatumistapaturmat ja niist\u00e4 johtuvat murtumat ovat kasvava kansanterveysongelma, jonka hoitamiseen kuluu huomattavasti kunnallisen terveydenhuollon resursseja. Kuopion Kaatumisten Ehk\u00e4isy -tutkimus (Kuopio Fall Prevention Study &#8211; KFPS) selvitt\u00e4\u00e4, voidaanko ik\u00e4\u00e4ntyvien naisten toimintakyky\u00e4 parantaa, kaatumisia est\u00e4\u00e4 ja hyvinvointia kohentaa tarjoamalla heille ohjattua liikuntaa kahdesti viikossa (kuntosaliharjoitus sek\u00e4 Taiji) sek\u00e4 tarjoamalla vuoden ilmainen k\u00e4ytt\u00f6oikeus kunnallisiin liikuntatiloihin [&hellip;]","og_url":"https:\/\/sites.uef.fi\/kmru\/kuopion-kaatumisten-ehkaisy-tutkimus\/?lang=fi","og_site_name":"Kuopio Musculoskeletal Research Unit - KMRU","article_modified_time":"2024-04-17T12:46:54+00:00","og_image":[{"url":"https:\/\/sites.uef.fi\/kmru\/wp-content\/uploads\/sites\/99\/2020\/11\/FPS-300x73.jpg","type":"","width":"","height":""}],"twitter_card":"summary_large_image","twitter_misc":{"Est. reading time":"2 minutes"},"schema":{"@context":"https:\/\/schema.org","@graph":[{"@type":"WebPage","@id":"https:\/\/sites.uef.fi\/kmru\/kuopion-kaatumisten-ehkaisy-tutkimus\/?lang=fi","url":"https:\/\/sites.uef.fi\/kmru\/kuopion-kaatumisten-ehkaisy-tutkimus\/?lang=fi","name":"Kuopion Kaatumisten Ehk\u00e4isy -tutkimus - Kuopio Musculoskeletal Research Unit - KMRU","isPartOf":{"@id":"https:\/\/sites.uef.fi\/kmru\/#website"},"primaryImageOfPage":{"@id":"https:\/\/sites.uef.fi\/kmru\/kuopion-kaatumisten-ehkaisy-tutkimus\/?lang=fi#primaryimage"},"image":{"@id":"https:\/\/sites.uef.fi\/kmru\/kuopion-kaatumisten-ehkaisy-tutkimus\/?lang=fi#primaryimage"},"thumbnailUrl":"https:\/\/sites.uef.fi\/kmru\/wp-content\/uploads\/sites\/99\/2020\/11\/FPS-300x73.jpg","datePublished":"2020-11-30T09:36:18+00:00","dateModified":"2024-04-17T12:46:54+00:00","breadcrumb":{"@id":"https:\/\/sites.uef.fi\/kmru\/kuopion-kaatumisten-ehkaisy-tutkimus\/?lang=fi#breadcrumb"},"inLanguage":"en-US","potentialAction":[{"@type":"ReadAction","target":["https:\/\/sites.uef.fi\/kmru\/kuopion-kaatumisten-ehkaisy-tutkimus\/?lang=fi"]}]},{"@type":"ImageObject","inLanguage":"en-US","@id":"https:\/\/sites.uef.fi\/kmru\/kuopion-kaatumisten-ehkaisy-tutkimus\/?lang=fi#primaryimage","url":"https:\/\/sites.uef.fi\/kmru\/wp-content\/uploads\/sites\/99\/2020\/11\/FPS.jpg","contentUrl":"https:\/\/sites.uef.fi\/kmru\/wp-content\/uploads\/sites\/99\/2020\/11\/FPS.jpg","width":400,"height":97},{"@type":"BreadcrumbList","@id":"https:\/\/sites.uef.fi\/kmru\/kuopion-kaatumisten-ehkaisy-tutkimus\/?lang=fi#breadcrumb","itemListElement":[{"@type":"ListItem","position":1,"name":"Home","item":"https:\/\/sites.uef.fi\/kmru\/"},{"@type":"ListItem","position":2,"name":"Kuopion Kaatumisten Ehk\u00e4isy -tutkimus"}]},{"@type":"WebSite","@id":"https:\/\/sites.uef.fi\/kmru\/#website","url":"https:\/\/sites.uef.fi\/kmru\/","name":"Kuopio Musculoskeletal Research Unit - KMRU","description":"","potentialAction":[{"@type":"SearchAction","target":{"@type":"EntryPoint","urlTemplate":"https:\/\/sites.uef.fi\/kmru\/?s={search_term_string}"},"query-input":{"@type":"PropertyValueSpecification","valueRequired":true,"valueName":"search_term_string"}}],"inLanguage":"en-US"}]}},"_links":{"self":[{"href":"https:\/\/sites.uef.fi\/kmru\/wp-json\/wp\/v2\/pages\/674","targetHints":{"allow":["GET"]}}],"collection":[{"href":"https:\/\/sites.uef.fi\/kmru\/wp-json\/wp\/v2\/pages"}],"about":[{"href":"https:\/\/sites.uef.fi\/kmru\/wp-json\/wp\/v2\/types\/page"}],"author":[{"embeddable":true,"href":"https:\/\/sites.uef.fi\/kmru\/wp-json\/wp\/v2\/users\/153"}],"replies":[{"embeddable":true,"href":"https:\/\/sites.uef.fi\/kmru\/wp-json\/wp\/v2\/comments?post=674"}],"version-history":[{"count":2,"href":"https:\/\/sites.uef.fi\/kmru\/wp-json\/wp\/v2\/pages\/674\/revisions"}],"predecessor-version":[{"id":3029,"href":"https:\/\/sites.uef.fi\/kmru\/wp-json\/wp\/v2\/pages\/674\/revisions\/3029"}],"wp:attachment":[{"href":"https:\/\/sites.uef.fi\/kmru\/wp-json\/wp\/v2\/media?parent=674"}],"curies":[{"name":"wp","href":"https:\/\/api.w.org\/{rel}","templated":true}]}}