{"id":683,"date":"2020-11-30T11:39:48","date_gmt":"2020-11-30T09:39:48","guid":{"rendered":"https:\/\/sites.uef.fi\/kmru\/?page_id=683"},"modified":"2024-04-17T11:19:58","modified_gmt":"2024-04-17T08:19:58","slug":"sarkopeniaprojekti","status":"publish","type":"page","link":"https:\/\/sites.uef.fi\/kmru\/sarkopeniaprojekti\/?lang=fi","title":{"rendered":"Sarkopeniaprojekti"},"content":{"rendered":"\n<p>Ik\u00e4\u00e4ntyminen lis\u00e4\u00e4 merkitt\u00e4v\u00e4sti tuki- ja liikuntaelimist\u00f6n sairauksia, jotka puolestaan aiheuttavat kohonneita terveydenhuollon kustannuksia.<\/p>\n\n\n\n<p id=\"yui_patched_v3_11_0_1_1606729131717_451\">Sarkopenia eli lihaskato on yksi vanhenemiseen liittyvist\u00e4 tiloista, ja ne ovat viimevuosina saaneet merkitt\u00e4v\u00e4\u00e4 huomiota vanhempaan v\u00e4est\u00f6\u00f6n liittyviss\u00e4 tutkimuksissa. Kuopion sarkopeniaprojektissa tutkitaan lihaskadon diagnostiikka, riskitekij\u00f6it\u00e4, sek\u00e4 vanhuuden hauraus-raihnaistumisoireyhtym\u00e4\u00e4 (HRO) eli dynapeniaa. Hanke pohjautuu v\u00e4est\u00f6pohjaiseen 25-vuoden seurantatutkimukseen (OSTPRE, n=14 220) \u00a0ja nuoreen referenssiv\u00e4est\u00f6\u00f6n (KSRP, n = 400).<\/p>\n\n\n\n<p>Hankkeessa on kolme p\u00e4\u00e4tutkimuslinjaa:<\/p>\n\n\n\n<ul class=\"wp-block-list\" id=\"yui_patched_v3_11_0_1_1606729131717_469\">\n<li>uudet sarkopenian diagnostiset menetelm\u00e4t<\/li>\n\n\n\n<li>sarkopenian ja dynapenian riskitekij\u00e4t<\/li>\n\n\n\n<li>sarkopenian ja dynapenian seuraukset<\/li>\n<\/ul>\n\n\n\n<figure class=\"wp-block-image size-full\"><img loading=\"lazy\" decoding=\"async\" width=\"504\" height=\"318\" src=\"https:\/\/sites.uef.fi\/kmru\/wp-content\/uploads\/sites\/99\/2024\/04\/image-1.png\" alt=\"\" class=\"wp-image-2509\" srcset=\"https:\/\/sites.uef.fi\/kmru\/wp-content\/uploads\/sites\/99\/2024\/04\/image-1.png 504w, https:\/\/sites.uef.fi\/kmru\/wp-content\/uploads\/sites\/99\/2024\/04\/image-1-300x189.png 300w\" sizes=\"auto, (max-width: 504px) 100vw, 504px\" \/><\/figure>\n\n\n\n<h2 class=\"wp-block-heading\" id=\"yui_patched_v3_11_0_1_1606729131717_480\"><strong id=\"yui_patched_v3_11_0_1_1606729131717_479\">Kuopio Sarcopenia Reference Population (KSRP)<\/strong><\/h2>\n\n\n\n<p>KSRP tutkimuksen v\u00e4est\u00f6 (20-40 vuotiaat perusterveet naiset) ker\u00e4ttiin vuosina 2011-2014. Tarkoituksena oli m\u00e4\u00e4ritt\u00e4\u00e4 sarkopenian diagnostiikassa tarvittavien parametrien (lihasmassa ja -voima) viitearvot. Tutkimusotos ker\u00e4ttiin It\u00e4-Suomen yliopiston, Kuopion yliopistollisen sairaalan ja Savonia ammattikoulun opiskelijoista ja ty\u00f6ntekij\u00f6ist\u00e4. Tutkittaville suoritettiin lihasmassan m\u00e4\u00e4ritys DXA-menetelm\u00e4ll\u00e4 ja puristusvoimamittaus. Lis\u00e4ksi tutkittavilta kysyttiin yleiseen terveydentilaan ja liikuntatottumuksiin liittyvi\u00e4 tietoja kyselylomakkeilla.<\/p>\n\n\n\n<p>Tarkemmin tutkimuksen tavoitteita on esitetty <a href=\"https:\/\/sites.uef.fi\/kmru\/sarcopenia-project\/\">englanninkielisill\u00e4 sivuilla<\/a>.<\/p>\n","protected":false},"excerpt":{"rendered":"<p>Ik\u00e4\u00e4ntyminen lis\u00e4\u00e4 merkitt\u00e4v\u00e4sti tuki- ja liikuntaelimist\u00f6n sairauksia, jotka puolestaan aiheuttavat kohonneita terveydenhuollon kustannuksia. Sarkopenia eli lihaskato on yksi vanhenemiseen liittyvist\u00e4 tiloista, ja ne ovat viimevuosina saaneet merkitt\u00e4v\u00e4\u00e4 huomiota vanhempaan v\u00e4est\u00f6\u00f6n liittyviss\u00e4 tutkimuksissa. Kuopion sarkopeniaprojektissa tutkitaan lihaskadon diagnostiikka, riskitekij\u00f6it\u00e4, sek\u00e4 vanhuuden hauraus-raihnaistumisoireyhtym\u00e4\u00e4 (HRO) eli dynapeniaa. Hanke pohjautuu v\u00e4est\u00f6pohjaiseen 25-vuoden seurantatutkimukseen (OSTPRE, n=14 220) \u00a0ja nuoreen referenssiv\u00e4est\u00f6\u00f6n [&hellip;]<\/p>\n","protected":false},"author":153,"featured_media":0,"parent":0,"menu_order":0,"comment_status":"closed","ping_status":"closed","template":"","meta":{"_acf_changed":false,"_monsterinsights_skip_tracking":false,"_monsterinsights_sitenote_active":false,"_monsterinsights_sitenote_note":"","_monsterinsights_sitenote_category":0,"footnotes":""},"class_list":["post-683","page","type-page","status-publish","hentry"],"acf":[],"yoast_head":"<!-- This site is optimized with the Yoast SEO plugin v27.3 - https:\/\/yoast.com\/product\/yoast-seo-wordpress\/ -->\n<title>Sarkopeniaprojekti - Kuopio Musculoskeletal Research Unit - KMRU<\/title>\n<meta name=\"robots\" content=\"index, follow, max-snippet:-1, max-image-preview:large, max-video-preview:-1\" \/>\n<link rel=\"canonical\" href=\"https:\/\/sites.uef.fi\/kmru\/sarkopeniaprojekti\/?lang=fi\" \/>\n<meta property=\"og:locale\" content=\"en_US\" \/>\n<meta property=\"og:type\" content=\"article\" \/>\n<meta property=\"og:title\" content=\"Sarkopeniaprojekti - Kuopio Musculoskeletal Research Unit - KMRU\" \/>\n<meta property=\"og:description\" content=\"Ik\u00e4\u00e4ntyminen lis\u00e4\u00e4 merkitt\u00e4v\u00e4sti tuki- ja liikuntaelimist\u00f6n sairauksia, jotka puolestaan aiheuttavat kohonneita terveydenhuollon kustannuksia. Sarkopenia eli lihaskato on yksi vanhenemiseen liittyvist\u00e4 tiloista, ja ne ovat viimevuosina saaneet merkitt\u00e4v\u00e4\u00e4 huomiota vanhempaan v\u00e4est\u00f6\u00f6n liittyviss\u00e4 tutkimuksissa. Kuopion sarkopeniaprojektissa tutkitaan lihaskadon diagnostiikka, riskitekij\u00f6it\u00e4, sek\u00e4 vanhuuden hauraus-raihnaistumisoireyhtym\u00e4\u00e4 (HRO) eli dynapeniaa. Hanke pohjautuu v\u00e4est\u00f6pohjaiseen 25-vuoden seurantatutkimukseen (OSTPRE, n=14 220) \u00a0ja nuoreen referenssiv\u00e4est\u00f6\u00f6n [&hellip;]\" \/>\n<meta property=\"og:url\" content=\"https:\/\/sites.uef.fi\/kmru\/sarkopeniaprojekti\/?lang=fi\" \/>\n<meta property=\"og:site_name\" content=\"Kuopio Musculoskeletal Research Unit - KMRU\" \/>\n<meta property=\"article:modified_time\" content=\"2024-04-17T08:19:58+00:00\" \/>\n<meta property=\"og:image\" content=\"https:\/\/sites.uef.fi\/kmru\/wp-content\/uploads\/sites\/99\/2024\/04\/image-1.png\" \/>\n<meta name=\"twitter:card\" content=\"summary_large_image\" \/>\n<meta name=\"twitter:label1\" content=\"Est. reading time\" \/>\n\t<meta name=\"twitter:data1\" content=\"1 minute\" \/>\n<script type=\"application\/ld+json\" class=\"yoast-schema-graph\">{\"@context\":\"https:\\\/\\\/schema.org\",\"@graph\":[{\"@type\":\"WebPage\",\"@id\":\"https:\\\/\\\/sites.uef.fi\\\/kmru\\\/sarkopeniaprojekti\\\/?lang=fi\",\"url\":\"https:\\\/\\\/sites.uef.fi\\\/kmru\\\/sarkopeniaprojekti\\\/?lang=fi\",\"name\":\"Sarkopeniaprojekti - Kuopio Musculoskeletal Research Unit - KMRU\",\"isPartOf\":{\"@id\":\"https:\\\/\\\/sites.uef.fi\\\/kmru\\\/#website\"},\"primaryImageOfPage\":{\"@id\":\"https:\\\/\\\/sites.uef.fi\\\/kmru\\\/sarkopeniaprojekti\\\/?lang=fi#primaryimage\"},\"image\":{\"@id\":\"https:\\\/\\\/sites.uef.fi\\\/kmru\\\/sarkopeniaprojekti\\\/?lang=fi#primaryimage\"},\"thumbnailUrl\":\"https:\\\/\\\/sites.uef.fi\\\/kmru\\\/wp-content\\\/uploads\\\/sites\\\/99\\\/2024\\\/04\\\/image-1.png\",\"datePublished\":\"2020-11-30T09:39:48+00:00\",\"dateModified\":\"2024-04-17T08:19:58+00:00\",\"breadcrumb\":{\"@id\":\"https:\\\/\\\/sites.uef.fi\\\/kmru\\\/sarkopeniaprojekti\\\/?lang=fi#breadcrumb\"},\"inLanguage\":\"en-US\",\"potentialAction\":[{\"@type\":\"ReadAction\",\"target\":[\"https:\\\/\\\/sites.uef.fi\\\/kmru\\\/sarkopeniaprojekti\\\/?lang=fi\"]}]},{\"@type\":\"ImageObject\",\"inLanguage\":\"en-US\",\"@id\":\"https:\\\/\\\/sites.uef.fi\\\/kmru\\\/sarkopeniaprojekti\\\/?lang=fi#primaryimage\",\"url\":\"https:\\\/\\\/sites.uef.fi\\\/kmru\\\/wp-content\\\/uploads\\\/sites\\\/99\\\/2024\\\/04\\\/image-1.png\",\"contentUrl\":\"https:\\\/\\\/sites.uef.fi\\\/kmru\\\/wp-content\\\/uploads\\\/sites\\\/99\\\/2024\\\/04\\\/image-1.png\",\"width\":504,\"height\":318},{\"@type\":\"BreadcrumbList\",\"@id\":\"https:\\\/\\\/sites.uef.fi\\\/kmru\\\/sarkopeniaprojekti\\\/?lang=fi#breadcrumb\",\"itemListElement\":[{\"@type\":\"ListItem\",\"position\":1,\"name\":\"Home\",\"item\":\"https:\\\/\\\/sites.uef.fi\\\/kmru\\\/\"},{\"@type\":\"ListItem\",\"position\":2,\"name\":\"Sarkopeniaprojekti\"}]},{\"@type\":\"WebSite\",\"@id\":\"https:\\\/\\\/sites.uef.fi\\\/kmru\\\/#website\",\"url\":\"https:\\\/\\\/sites.uef.fi\\\/kmru\\\/\",\"name\":\"Kuopio Musculoskeletal Research Unit - KMRU\",\"description\":\"\",\"potentialAction\":[{\"@type\":\"SearchAction\",\"target\":{\"@type\":\"EntryPoint\",\"urlTemplate\":\"https:\\\/\\\/sites.uef.fi\\\/kmru\\\/?s={search_term_string}\"},\"query-input\":{\"@type\":\"PropertyValueSpecification\",\"valueRequired\":true,\"valueName\":\"search_term_string\"}}],\"inLanguage\":\"en-US\"}]}<\/script>\n<!-- \/ Yoast SEO plugin. -->","yoast_head_json":{"title":"Sarkopeniaprojekti - Kuopio Musculoskeletal Research Unit - KMRU","robots":{"index":"index","follow":"follow","max-snippet":"max-snippet:-1","max-image-preview":"max-image-preview:large","max-video-preview":"max-video-preview:-1"},"canonical":"https:\/\/sites.uef.fi\/kmru\/sarkopeniaprojekti\/?lang=fi","og_locale":"en_US","og_type":"article","og_title":"Sarkopeniaprojekti - Kuopio Musculoskeletal Research Unit - KMRU","og_description":"Ik\u00e4\u00e4ntyminen lis\u00e4\u00e4 merkitt\u00e4v\u00e4sti tuki- ja liikuntaelimist\u00f6n sairauksia, jotka puolestaan aiheuttavat kohonneita terveydenhuollon kustannuksia. Sarkopenia eli lihaskato on yksi vanhenemiseen liittyvist\u00e4 tiloista, ja ne ovat viimevuosina saaneet merkitt\u00e4v\u00e4\u00e4 huomiota vanhempaan v\u00e4est\u00f6\u00f6n liittyviss\u00e4 tutkimuksissa. Kuopion sarkopeniaprojektissa tutkitaan lihaskadon diagnostiikka, riskitekij\u00f6it\u00e4, sek\u00e4 vanhuuden hauraus-raihnaistumisoireyhtym\u00e4\u00e4 (HRO) eli dynapeniaa. Hanke pohjautuu v\u00e4est\u00f6pohjaiseen 25-vuoden seurantatutkimukseen (OSTPRE, n=14 220) \u00a0ja nuoreen referenssiv\u00e4est\u00f6\u00f6n [&hellip;]","og_url":"https:\/\/sites.uef.fi\/kmru\/sarkopeniaprojekti\/?lang=fi","og_site_name":"Kuopio Musculoskeletal Research Unit - KMRU","article_modified_time":"2024-04-17T08:19:58+00:00","og_image":[{"url":"https:\/\/sites.uef.fi\/kmru\/wp-content\/uploads\/sites\/99\/2024\/04\/image-1.png","type":"","width":"","height":""}],"twitter_card":"summary_large_image","twitter_misc":{"Est. reading time":"1 minute"},"schema":{"@context":"https:\/\/schema.org","@graph":[{"@type":"WebPage","@id":"https:\/\/sites.uef.fi\/kmru\/sarkopeniaprojekti\/?lang=fi","url":"https:\/\/sites.uef.fi\/kmru\/sarkopeniaprojekti\/?lang=fi","name":"Sarkopeniaprojekti - Kuopio Musculoskeletal Research Unit - KMRU","isPartOf":{"@id":"https:\/\/sites.uef.fi\/kmru\/#website"},"primaryImageOfPage":{"@id":"https:\/\/sites.uef.fi\/kmru\/sarkopeniaprojekti\/?lang=fi#primaryimage"},"image":{"@id":"https:\/\/sites.uef.fi\/kmru\/sarkopeniaprojekti\/?lang=fi#primaryimage"},"thumbnailUrl":"https:\/\/sites.uef.fi\/kmru\/wp-content\/uploads\/sites\/99\/2024\/04\/image-1.png","datePublished":"2020-11-30T09:39:48+00:00","dateModified":"2024-04-17T08:19:58+00:00","breadcrumb":{"@id":"https:\/\/sites.uef.fi\/kmru\/sarkopeniaprojekti\/?lang=fi#breadcrumb"},"inLanguage":"en-US","potentialAction":[{"@type":"ReadAction","target":["https:\/\/sites.uef.fi\/kmru\/sarkopeniaprojekti\/?lang=fi"]}]},{"@type":"ImageObject","inLanguage":"en-US","@id":"https:\/\/sites.uef.fi\/kmru\/sarkopeniaprojekti\/?lang=fi#primaryimage","url":"https:\/\/sites.uef.fi\/kmru\/wp-content\/uploads\/sites\/99\/2024\/04\/image-1.png","contentUrl":"https:\/\/sites.uef.fi\/kmru\/wp-content\/uploads\/sites\/99\/2024\/04\/image-1.png","width":504,"height":318},{"@type":"BreadcrumbList","@id":"https:\/\/sites.uef.fi\/kmru\/sarkopeniaprojekti\/?lang=fi#breadcrumb","itemListElement":[{"@type":"ListItem","position":1,"name":"Home","item":"https:\/\/sites.uef.fi\/kmru\/"},{"@type":"ListItem","position":2,"name":"Sarkopeniaprojekti"}]},{"@type":"WebSite","@id":"https:\/\/sites.uef.fi\/kmru\/#website","url":"https:\/\/sites.uef.fi\/kmru\/","name":"Kuopio Musculoskeletal Research Unit - KMRU","description":"","potentialAction":[{"@type":"SearchAction","target":{"@type":"EntryPoint","urlTemplate":"https:\/\/sites.uef.fi\/kmru\/?s={search_term_string}"},"query-input":{"@type":"PropertyValueSpecification","valueRequired":true,"valueName":"search_term_string"}}],"inLanguage":"en-US"}]}},"_links":{"self":[{"href":"https:\/\/sites.uef.fi\/kmru\/wp-json\/wp\/v2\/pages\/683","targetHints":{"allow":["GET"]}}],"collection":[{"href":"https:\/\/sites.uef.fi\/kmru\/wp-json\/wp\/v2\/pages"}],"about":[{"href":"https:\/\/sites.uef.fi\/kmru\/wp-json\/wp\/v2\/types\/page"}],"author":[{"embeddable":true,"href":"https:\/\/sites.uef.fi\/kmru\/wp-json\/wp\/v2\/users\/153"}],"replies":[{"embeddable":true,"href":"https:\/\/sites.uef.fi\/kmru\/wp-json\/wp\/v2\/comments?post=683"}],"version-history":[{"count":2,"href":"https:\/\/sites.uef.fi\/kmru\/wp-json\/wp\/v2\/pages\/683\/revisions"}],"predecessor-version":[{"id":2886,"href":"https:\/\/sites.uef.fi\/kmru\/wp-json\/wp\/v2\/pages\/683\/revisions\/2886"}],"wp:attachment":[{"href":"https:\/\/sites.uef.fi\/kmru\/wp-json\/wp\/v2\/media?parent=683"}],"curies":[{"name":"wp","href":"https:\/\/api.w.org\/{rel}","templated":true}]}}