{"id":701,"date":"2020-11-30T11:43:50","date_gmt":"2020-11-30T09:43:50","guid":{"rendered":"https:\/\/sites.uef.fi\/kmru\/?page_id=701"},"modified":"2025-04-30T12:53:52","modified_gmt":"2025-04-30T09:53:52","slug":"histomorfometrinen-tutkimus","status":"publish","type":"page","link":"https:\/\/sites.uef.fi\/kmru\/histomorfometrinen-tutkimus\/?lang=fi","title":{"rendered":"Histomorfometrinen tutkimus"},"content":{"rendered":"\n<figure class=\"wp-block-image aligncenter size-full is-resized\"><img loading=\"lazy\" decoding=\"async\" width=\"260\" height=\"295\" src=\"https:\/\/sites.uef.fi\/kmru\/wp-content\/uploads\/sites\/99\/2024\/03\/KMRU-1-henkea-395x260px.jpg\" alt=\"\" class=\"wp-image-2430\" style=\"width:336px;height:auto\" \/><\/figure>\n\n\n\n<p class=\"has-text-align-center\"><strong>Heikki Kr\u00f6ger<\/strong>, It\u00e4-Suomen yliopisto<\/p>\n\n\n\n<p>Hyv\u00e4 kollega<\/p>\n\n\n\n<p>Vuoden 2004 alusta l\u00e4htien Kuopion yliopiston luumetabolian tutkimuskeskus on toiminut TULES-tutkimusyksik\u00f6ss\u00e4 (KMRU), joka sijaitsee It\u00e4-Suomen yliopiston uudisrakennuksessa, Meditekniassa. K\u00e4yt\u00f6ss\u00e4mme on nyt uusinta teknologiaa edustava BIOQUANT-analyysilaitteisto. Mittaustulosten raportointi on my\u00f6s uudistunut ja liit\u00e4mme lausunnon mukaan nyt histologisen kuvan luun\u00e4ytteen edustavasta alueesta. T\u00e4m\u00e4n vuoden aikana kehit\u00e4mme yh\u00e4 analyysej\u00e4 ja palvelujamme.<\/p>\n\n\n\n<p><strong>Kovakudosn\u00e4ytteen histomorfometrisen analyysin ja lausunnon<\/strong> normaalin\u00e4ytteen hinta on <strong>715,24 \u20ac<\/strong> (alv 0%) ja tutkimusn\u00e4ytteen hinta on <strong>630,56 <\/strong>\u20ac.<\/p>\n\n\n\n<p>N\u00e4ytteen valmistus on ty\u00f6l\u00e4s ja se viekin suurimman osan ajasta &#8211; vastauksen toimitusaika on 6-8 viikkoa.<\/p>\n\n\n\n<p>Pyyd\u00e4mme l\u00e4hett\u00e4m\u00e4\u00e4n n\u00e4ytteet allaolevaan osoitteeseen k\u00e4ytt\u00e4en&nbsp;<strong><a href=\"https:\/\/sites.uef.fi\/kmru\/wp-content\/uploads\/sites\/99\/2023\/12\/kmru-luubiopsialahete-2023-1.doc\">t\u00e4t\u00e4 l\u00e4hetelomaketta<\/a> <\/strong>(doc) . L\u00e4hetteeseen pyydet\u00e4\u00e4n merkitsem\u00e4\u00e4n selke\u00e4sti lausunnon vastausosoite ja laskutusosoite.<\/p>\n\n\n\n<p>N\u00e4yte l\u00e4hetet\u00e4\u00e4n muuten entiseen tapaan s\u00e4il\u00f6ttyn\u00e4 70 % etanoliin.<\/p>\n\n\n\n<p><strong>N\u00e4ytteiden l\u00e4hetysosoite<\/strong>:<\/p>\n\n\n\n<p>It\u00e4-Suomen yliopisto<br>Kuopion kampus<br>SIB Labs<br>Ritva Savolainen<br>PL 1627<br>70211 KUOPIO<\/p>\n\n\n\n<p>Muistutamme viel\u00e4, ett\u00e4 luun\u00e4ytteest\u00e4 saatte histomorfometrisen luun aineenvaihduntaa kuvaavan lausunnon. Jos ep\u00e4ilette n\u00e4ytteess\u00e4 muuta patologiaa tai maligniteettia, olkaa yst\u00e4v\u00e4llisi\u00e4 ja l\u00e4hett\u00e4k\u00e4\u00e4 toinen n\u00e4yte patologisanatomiseen tutkimukseen oman sairaalanne patologille.<\/p>\n\n\n\n<p>Luubiopsia on indisoitu, mik\u00e4li potilaalla ep\u00e4ill\u00e4\u00e4n luun metabolista sairautta (esim. osteomalasia, renaalinen osteodystrofia, kiihtynyt luun resorptio), jos potilaalla esiintyy spontaaneja murtumia tai murtumia v\u00e4h\u00e4energist\u00e4 traumoista, sek\u00e4 selvitelt\u00e4ess\u00e4 vaikeasteista osteoporoosia ja sen hoitoa.<\/p>\n\n\n\n<p>Tutkimuksella pystyt\u00e4\u00e4n selvitt\u00e4m\u00e4\u00e4n luun aineenvaihdunnan tilaa, luun muodostuksen ja resorption osuutta, hohkaluun arkkitehtuuria sek\u00e4 luun mineraalistumisnopeutta.<\/p>\n\n\n\n<p>Mik\u00e4li ep\u00e4ill\u00e4\u00e4n luuston maligniteettia tai muita kuin ym. luusairauksia, ei luun histomorfometrinen tutkimus ole riitt\u00e4v\u00e4. Niiss\u00e4 tapauksissa tulee ottaa erillinen n\u00e4yte patologin tutkimusta varten (PAD).<\/p>\n\n\n\n<p>Biopsia voidaan ottaa operaatioiden yhteydess\u00e4, p\u00e4iv\u00e4kirurgisena toimenpiteen\u00e4 tai polikliinisesti paikallispuudutuksessa. Biopsia otetaan etukristasta, joko vertikaalista tai horisontaalista (transiliakaalista) tekniikkaa k\u00e4ytt\u00e4en. Biopsian l\u00e4pimitan tulee olla 5-7 mm ja se s\u00e4il\u00f6t\u00e4\u00e4n 70-80 % alkoholiin. Mik\u00e4li mahdollista biopsiaa tulisi edelt\u00e4\u00e4 nk. tetrasykliinileimaus, joka antaa t\u00e4rke\u00e4\u00e4 tietoa luun synteesi- ja mineralisaationopeuksia.<\/p>\n\n\n\n<p>Olemme tehneet Kuopiossa luubiopsioiden histomorfometrista tutkimusta Suomessa kohta jo 30 vuotta ja luun\u00e4ytteit\u00e4 saapuu meille ymp\u00e4ri Suomea. Toivomme yhteisty\u00f6n jatkuvan entist\u00e4 hedelm\u00e4llisemp\u00e4n\u00e4 uudistustemme my\u00f6t\u00e4.<\/p>\n\n\n\n<p>Yst\u00e4v\u00e4llisin terveisin<\/p>\n\n\n\n<p><strong>Heikki Kr\u00f6ger<\/strong><br>Ortopedian ja traumatologian professori<br>TULES-tutkimusyksik\u00f6n johtaja<br>heikki.kroger (at) pshyvinvointialue.fi<\/p>\n\n\n\n<p><strong>LUUMETABOLIAN TUTKIMUSKESKUS<\/strong><br>TULES-tutkimusyksikk\u00f6, MEDITEKNIA<br>It\u00e4-Suomen yliopisto, PL 1627, 70211 Kuopio<\/p>\n\n\n\n<p><\/p>\n\n\n\n<p>Linkki Histomorfometria-julkaisuihin: <a href=\"https:\/\/sites.uef.fi\/kmru\/histomorfometrinen-tutkimus\/?lang=fi\"><strong>Bone Histomorphometry Publications<\/strong><\/a><\/p>\n\n\n\n<p><\/p>\n\n\n\n<figure class=\"wp-block-image is-resized\"><img loading=\"lazy\" decoding=\"async\" width=\"300\" height=\"71\" src=\"https:\/\/sites.uef.fi\/kmru\/wp-content\/uploads\/sites\/99\/2020\/11\/histo-3vierekkain-vaaka-300x71.jpg\" alt=\"\" class=\"wp-image-393\" style=\"width:796px;height:auto\" srcset=\"https:\/\/sites.uef.fi\/kmru\/wp-content\/uploads\/sites\/99\/2020\/11\/histo-3vierekkain-vaaka-300x71.jpg 300w, https:\/\/sites.uef.fi\/kmru\/wp-content\/uploads\/sites\/99\/2020\/11\/histo-3vierekkain-vaaka-1024x242.jpg 1024w, https:\/\/sites.uef.fi\/kmru\/wp-content\/uploads\/sites\/99\/2020\/11\/histo-3vierekkain-vaaka-768x181.jpg 768w, https:\/\/sites.uef.fi\/kmru\/wp-content\/uploads\/sites\/99\/2020\/11\/histo-3vierekkain-vaaka.jpg 1075w\" sizes=\"auto, (max-width: 300px) 100vw, 300px\" \/><\/figure>\n","protected":false},"excerpt":{"rendered":"<p>Heikki Kr\u00f6ger, It\u00e4-Suomen yliopisto Hyv\u00e4 kollega Vuoden 2004 alusta l\u00e4htien Kuopion yliopiston luumetabolian tutkimuskeskus on toiminut TULES-tutkimusyksik\u00f6ss\u00e4 (KMRU), joka sijaitsee It\u00e4-Suomen yliopiston uudisrakennuksessa, Meditekniassa. K\u00e4yt\u00f6ss\u00e4mme on nyt uusinta teknologiaa edustava BIOQUANT-analyysilaitteisto. Mittaustulosten raportointi on my\u00f6s uudistunut ja liit\u00e4mme lausunnon mukaan nyt histologisen kuvan luun\u00e4ytteen edustavasta alueesta. T\u00e4m\u00e4n vuoden aikana kehit\u00e4mme yh\u00e4 analyysej\u00e4 ja palvelujamme. Kovakudosn\u00e4ytteen [&hellip;]<\/p>\n","protected":false},"author":153,"featured_media":0,"parent":0,"menu_order":0,"comment_status":"closed","ping_status":"closed","template":"","meta":{"_acf_changed":false,"_monsterinsights_skip_tracking":false,"_monsterinsights_sitenote_active":false,"_monsterinsights_sitenote_note":"","_monsterinsights_sitenote_category":0,"footnotes":""},"class_list":["post-701","page","type-page","status-publish","hentry"],"acf":[],"yoast_head":"<!-- This site is optimized with the Yoast SEO plugin v27.1.1 - https:\/\/yoast.com\/product\/yoast-seo-wordpress\/ -->\n<title>Histomorfometrinen tutkimus - Kuopio Musculoskeletal Research Unit - KMRU<\/title>\n<meta name=\"robots\" content=\"index, follow, max-snippet:-1, max-image-preview:large, max-video-preview:-1\" \/>\n<link rel=\"canonical\" href=\"https:\/\/sites.uef.fi\/kmru\/histomorfometrinen-tutkimus\/?lang=fi\" \/>\n<meta property=\"og:locale\" content=\"en_US\" \/>\n<meta property=\"og:type\" content=\"article\" \/>\n<meta property=\"og:title\" content=\"Histomorfometrinen tutkimus - Kuopio Musculoskeletal Research Unit - KMRU\" \/>\n<meta property=\"og:description\" content=\"Heikki Kr\u00f6ger, It\u00e4-Suomen yliopisto Hyv\u00e4 kollega Vuoden 2004 alusta l\u00e4htien Kuopion yliopiston luumetabolian tutkimuskeskus on toiminut TULES-tutkimusyksik\u00f6ss\u00e4 (KMRU), joka sijaitsee It\u00e4-Suomen yliopiston uudisrakennuksessa, Meditekniassa. K\u00e4yt\u00f6ss\u00e4mme on nyt uusinta teknologiaa edustava BIOQUANT-analyysilaitteisto. Mittaustulosten raportointi on my\u00f6s uudistunut ja liit\u00e4mme lausunnon mukaan nyt histologisen kuvan luun\u00e4ytteen edustavasta alueesta. T\u00e4m\u00e4n vuoden aikana kehit\u00e4mme yh\u00e4 analyysej\u00e4 ja palvelujamme. Kovakudosn\u00e4ytteen [&hellip;]\" \/>\n<meta property=\"og:url\" content=\"https:\/\/sites.uef.fi\/kmru\/histomorfometrinen-tutkimus\/?lang=fi\" \/>\n<meta property=\"og:site_name\" content=\"Kuopio Musculoskeletal Research Unit - KMRU\" \/>\n<meta property=\"article:modified_time\" content=\"2025-04-30T09:53:52+00:00\" \/>\n<meta property=\"og:image\" content=\"https:\/\/sites.uef.fi\/kmru\/wp-content\/uploads\/sites\/99\/2024\/03\/KMRU-1-henkea-395x260px.jpg\" \/>\n<meta name=\"twitter:card\" content=\"summary_large_image\" \/>\n<meta name=\"twitter:label1\" content=\"Est. reading time\" \/>\n\t<meta name=\"twitter:data1\" content=\"2 minutes\" \/>\n<script type=\"application\/ld+json\" class=\"yoast-schema-graph\">{\"@context\":\"https:\/\/schema.org\",\"@graph\":[{\"@type\":\"WebPage\",\"@id\":\"https:\/\/sites.uef.fi\/kmru\/histomorfometrinen-tutkimus\/?lang=fi\",\"url\":\"https:\/\/sites.uef.fi\/kmru\/histomorfometrinen-tutkimus\/?lang=fi\",\"name\":\"Histomorfometrinen tutkimus - Kuopio Musculoskeletal Research Unit - KMRU\",\"isPartOf\":{\"@id\":\"https:\/\/sites.uef.fi\/kmru\/?lang=fi\/#website\"},\"primaryImageOfPage\":{\"@id\":\"https:\/\/sites.uef.fi\/kmru\/histomorfometrinen-tutkimus\/?lang=fi#primaryimage\"},\"image\":{\"@id\":\"https:\/\/sites.uef.fi\/kmru\/histomorfometrinen-tutkimus\/?lang=fi#primaryimage\"},\"thumbnailUrl\":\"https:\/\/sites.uef.fi\/kmru\/wp-content\/uploads\/sites\/99\/2024\/03\/KMRU-1-henkea-395x260px.jpg\",\"datePublished\":\"2020-11-30T09:43:50+00:00\",\"dateModified\":\"2025-04-30T09:53:52+00:00\",\"breadcrumb\":{\"@id\":\"https:\/\/sites.uef.fi\/kmru\/histomorfometrinen-tutkimus\/?lang=fi#breadcrumb\"},\"inLanguage\":\"en-US\",\"potentialAction\":[{\"@type\":\"ReadAction\",\"target\":[\"https:\/\/sites.uef.fi\/kmru\/histomorfometrinen-tutkimus\/?lang=fi\"]}]},{\"@type\":\"ImageObject\",\"inLanguage\":\"en-US\",\"@id\":\"https:\/\/sites.uef.fi\/kmru\/histomorfometrinen-tutkimus\/?lang=fi#primaryimage\",\"url\":\"https:\/\/sites.uef.fi\/kmru\/wp-content\/uploads\/sites\/99\/2024\/03\/KMRU-1-henkea-395x260px.jpg\",\"contentUrl\":\"https:\/\/sites.uef.fi\/kmru\/wp-content\/uploads\/sites\/99\/2024\/03\/KMRU-1-henkea-395x260px.jpg\",\"width\":260,\"height\":295},{\"@type\":\"BreadcrumbList\",\"@id\":\"https:\/\/sites.uef.fi\/kmru\/histomorfometrinen-tutkimus\/?lang=fi#breadcrumb\",\"itemListElement\":[{\"@type\":\"ListItem\",\"position\":1,\"name\":\"Home\",\"item\":\"https:\/\/sites.uef.fi\/kmru\/\"},{\"@type\":\"ListItem\",\"position\":2,\"name\":\"Histomorfometrinen tutkimus\"}]},{\"@type\":\"WebSite\",\"@id\":\"https:\/\/sites.uef.fi\/kmru\/?lang=fi\/#website\",\"url\":\"https:\/\/sites.uef.fi\/kmru\/?lang=fi\/\",\"name\":\"Kuopio Musculoskeletal Research Unit - KMRU\",\"description\":\"\",\"potentialAction\":[{\"@type\":\"SearchAction\",\"target\":{\"@type\":\"EntryPoint\",\"urlTemplate\":\"https:\/\/sites.uef.fi\/kmru\/?lang=fi\/?s={search_term_string}\"},\"query-input\":{\"@type\":\"PropertyValueSpecification\",\"valueRequired\":true,\"valueName\":\"search_term_string\"}}],\"inLanguage\":\"en-US\"}]}<\/script>\n<!-- \/ Yoast SEO plugin. -->","yoast_head_json":{"title":"Histomorfometrinen tutkimus - Kuopio Musculoskeletal Research Unit - KMRU","robots":{"index":"index","follow":"follow","max-snippet":"max-snippet:-1","max-image-preview":"max-image-preview:large","max-video-preview":"max-video-preview:-1"},"canonical":"https:\/\/sites.uef.fi\/kmru\/histomorfometrinen-tutkimus\/?lang=fi","og_locale":"en_US","og_type":"article","og_title":"Histomorfometrinen tutkimus - Kuopio Musculoskeletal Research Unit - KMRU","og_description":"Heikki Kr\u00f6ger, It\u00e4-Suomen yliopisto Hyv\u00e4 kollega Vuoden 2004 alusta l\u00e4htien Kuopion yliopiston luumetabolian tutkimuskeskus on toiminut TULES-tutkimusyksik\u00f6ss\u00e4 (KMRU), joka sijaitsee It\u00e4-Suomen yliopiston uudisrakennuksessa, Meditekniassa. K\u00e4yt\u00f6ss\u00e4mme on nyt uusinta teknologiaa edustava BIOQUANT-analyysilaitteisto. Mittaustulosten raportointi on my\u00f6s uudistunut ja liit\u00e4mme lausunnon mukaan nyt histologisen kuvan luun\u00e4ytteen edustavasta alueesta. T\u00e4m\u00e4n vuoden aikana kehit\u00e4mme yh\u00e4 analyysej\u00e4 ja palvelujamme. Kovakudosn\u00e4ytteen [&hellip;]","og_url":"https:\/\/sites.uef.fi\/kmru\/histomorfometrinen-tutkimus\/?lang=fi","og_site_name":"Kuopio Musculoskeletal Research Unit - KMRU","article_modified_time":"2025-04-30T09:53:52+00:00","og_image":[{"url":"https:\/\/sites.uef.fi\/kmru\/wp-content\/uploads\/sites\/99\/2024\/03\/KMRU-1-henkea-395x260px.jpg","type":"","width":"","height":""}],"twitter_card":"summary_large_image","twitter_misc":{"Est. reading time":"2 minutes"},"schema":{"@context":"https:\/\/schema.org","@graph":[{"@type":"WebPage","@id":"https:\/\/sites.uef.fi\/kmru\/histomorfometrinen-tutkimus\/?lang=fi","url":"https:\/\/sites.uef.fi\/kmru\/histomorfometrinen-tutkimus\/?lang=fi","name":"Histomorfometrinen tutkimus - Kuopio Musculoskeletal Research Unit - KMRU","isPartOf":{"@id":"https:\/\/sites.uef.fi\/kmru\/?lang=fi\/#website"},"primaryImageOfPage":{"@id":"https:\/\/sites.uef.fi\/kmru\/histomorfometrinen-tutkimus\/?lang=fi#primaryimage"},"image":{"@id":"https:\/\/sites.uef.fi\/kmru\/histomorfometrinen-tutkimus\/?lang=fi#primaryimage"},"thumbnailUrl":"https:\/\/sites.uef.fi\/kmru\/wp-content\/uploads\/sites\/99\/2024\/03\/KMRU-1-henkea-395x260px.jpg","datePublished":"2020-11-30T09:43:50+00:00","dateModified":"2025-04-30T09:53:52+00:00","breadcrumb":{"@id":"https:\/\/sites.uef.fi\/kmru\/histomorfometrinen-tutkimus\/?lang=fi#breadcrumb"},"inLanguage":"en-US","potentialAction":[{"@type":"ReadAction","target":["https:\/\/sites.uef.fi\/kmru\/histomorfometrinen-tutkimus\/?lang=fi"]}]},{"@type":"ImageObject","inLanguage":"en-US","@id":"https:\/\/sites.uef.fi\/kmru\/histomorfometrinen-tutkimus\/?lang=fi#primaryimage","url":"https:\/\/sites.uef.fi\/kmru\/wp-content\/uploads\/sites\/99\/2024\/03\/KMRU-1-henkea-395x260px.jpg","contentUrl":"https:\/\/sites.uef.fi\/kmru\/wp-content\/uploads\/sites\/99\/2024\/03\/KMRU-1-henkea-395x260px.jpg","width":260,"height":295},{"@type":"BreadcrumbList","@id":"https:\/\/sites.uef.fi\/kmru\/histomorfometrinen-tutkimus\/?lang=fi#breadcrumb","itemListElement":[{"@type":"ListItem","position":1,"name":"Home","item":"https:\/\/sites.uef.fi\/kmru\/"},{"@type":"ListItem","position":2,"name":"Histomorfometrinen tutkimus"}]},{"@type":"WebSite","@id":"https:\/\/sites.uef.fi\/kmru\/?lang=fi\/#website","url":"https:\/\/sites.uef.fi\/kmru\/?lang=fi\/","name":"Kuopio Musculoskeletal Research Unit - KMRU","description":"","potentialAction":[{"@type":"SearchAction","target":{"@type":"EntryPoint","urlTemplate":"https:\/\/sites.uef.fi\/kmru\/?lang=fi\/?s={search_term_string}"},"query-input":{"@type":"PropertyValueSpecification","valueRequired":true,"valueName":"search_term_string"}}],"inLanguage":"en-US"}]}},"_links":{"self":[{"href":"https:\/\/sites.uef.fi\/kmru\/wp-json\/wp\/v2\/pages\/701","targetHints":{"allow":["GET"]}}],"collection":[{"href":"https:\/\/sites.uef.fi\/kmru\/wp-json\/wp\/v2\/pages"}],"about":[{"href":"https:\/\/sites.uef.fi\/kmru\/wp-json\/wp\/v2\/types\/page"}],"author":[{"embeddable":true,"href":"https:\/\/sites.uef.fi\/kmru\/wp-json\/wp\/v2\/users\/153"}],"replies":[{"embeddable":true,"href":"https:\/\/sites.uef.fi\/kmru\/wp-json\/wp\/v2\/comments?post=701"}],"version-history":[{"count":2,"href":"https:\/\/sites.uef.fi\/kmru\/wp-json\/wp\/v2\/pages\/701\/revisions"}],"predecessor-version":[{"id":3123,"href":"https:\/\/sites.uef.fi\/kmru\/wp-json\/wp\/v2\/pages\/701\/revisions\/3123"}],"wp:attachment":[{"href":"https:\/\/sites.uef.fi\/kmru\/wp-json\/wp\/v2\/media?parent=701"}],"curies":[{"name":"wp","href":"https:\/\/api.w.org\/{rel}","templated":true}]}}