{"id":737,"date":"2020-11-30T11:52:26","date_gmt":"2020-11-30T09:52:26","guid":{"rendered":"https:\/\/sites.uef.fi\/kmru\/?page_id=737"},"modified":"2024-04-16T10:49:48","modified_gmt":"2024-04-16T07:49:48","slug":"dxa-keskuslaboratoriopalvelut","status":"publish","type":"page","link":"https:\/\/sites.uef.fi\/kmru\/dxa-keskuslaboratoriopalvelut\/?lang=fi","title":{"rendered":"DXA-keskuslaboratoriopalvelut"},"content":{"rendered":"\n<figure class=\"wp-block-image alignright is-resized is-style-rounded\"><img loading=\"lazy\" decoding=\"async\" width=\"300\" height=\"238\" src=\"https:\/\/sites.uef.fi\/kmru\/wp-content\/uploads\/sites\/99\/2020\/11\/Heikki-Joonas-300x238.jpg\" alt=\"\" class=\"wp-image-469\" style=\"width:325px;height:auto\" srcset=\"https:\/\/sites.uef.fi\/kmru\/wp-content\/uploads\/sites\/99\/2020\/11\/Heikki-Joonas-300x238.jpg 300w, https:\/\/sites.uef.fi\/kmru\/wp-content\/uploads\/sites\/99\/2020\/11\/Heikki-Joonas.jpg 480w\" sizes=\"auto, (max-width: 300px) 100vw, 300px\" \/><\/figure>\n\n\n\n<p id=\"yui_patched_v3_11_0_1_1606729880002_474\">It\u00e4-Suomen&nbsp;yliopiston <a href=\"https:\/\/sites.uef.fi\/kmru\/?lang=fi\"><strong>TULES &#8211; tutkimusyksikk\u00f6<\/strong><\/a> on toiminut vuodesta 2006 ensimm\u00e4isen\u00e4 suomalaisena luuntiheysmittaustutkimusten (DXA) keskuslaboratoriona.<\/p>\n\n\n\n<p>Erilaisissa, l\u00e4hinn\u00e4 l\u00e4\u00e4ketehtaiden vet\u00e4miss\u00e4, monikeskustutkimuksissa k\u00e4ytet\u00e4\u00e4n tutkimusmenetelm\u00e4n\u00e4 luuntiheysmittauksia, joiden koordinointi sek\u00e4 laadukas ja keskitetty analysointi on t\u00e4rke\u00e4\u00e4.<\/p>\n\n\n\n<p>It\u00e4-Suomen yliopiston&nbsp;kirurgian yksik\u00f6ss\u00e4 on pitk\u00e4 perinne luuntiheysmittausten k\u00e4yt\u00f6st\u00e4 tutkimuksissa ja t\u00e4t\u00e4 asiantuntemusta on k\u00e4ytetty hyv\u00e4ksi palvelutoiminnassamme Kliinisen tutkimuskeskuksen <a href=\"https:\/\/sites.uef.fi\/kmru\/?lang=fi\"><strong>TULES-tutkimusyksik\u00f6ss\u00e4<\/strong><\/a>.<\/p>\n\n\n\n<p><strong>Palveluun sis\u00e4ltyy mm.<\/strong><\/p>\n\n\n\n<ul class=\"wp-block-list\" id=\"aui_3_4_0_1_595\">\n<li>elektroninen mittausdatan siirto ja sen organisointi tutkimuskeskuksista,<\/li>\n\n\n\n<li>mittausten analysointi Lunarmittausohjelmilla,asiantuntijalausunnot mittauksista (mm. mittauksen oikea<br>suoritus ja laadun varmistus, inkluusiokriteereiden t\u00e4yttyminen),<\/li>\n\n\n\n<li>varmuuskopiointi,<\/li>\n\n\n\n<li>luuntiheysmittausfantomien kierr\u00e4tys tutkimuskeskuksissa,<\/li>\n\n\n\n<li>fantom-datan analysointi ja mittauslaitteiden laadunvarmistus sek\u00e4<\/li>\n\n\n\n<li>luuntiheysmittauksia tekev\u00e4n henkil\u00f6kunnan koulutus<\/li>\n<\/ul>\n\n\n\n<h2 class=\"wp-block-heading\" id=\"yui_patched_v3_11_0_1_1606729880002_493\">Tiedustelut:<\/h2>\n\n\n\n<p>Professori <strong>Heikki Kr\u00f6ger<\/strong><br>Tutkimusjohtaja<br>TULES-tutkimusyksikk\u00f6<br>(017) 17 2602<br>heikki.kroger (at) uef.fi<\/p>\n\n\n\n<p>Tutkimuskoordinaattori <strong>Pirkko Kanerva<\/strong><br>TULES-tutkimusyksikk\u00f6<br>044 71 62747<br>pirkko.kanerva (at) uef.fi<\/p>\n\n\n\n<figure class=\"wp-block-image is-resized\"><img loading=\"lazy\" decoding=\"async\" width=\"300\" height=\"150\" src=\"https:\/\/sites.uef.fi\/kmru\/wp-content\/uploads\/sites\/99\/2020\/11\/TULES-reisiluu-analyysi-300x150.jpg\" alt=\"\" class=\"wp-image-484\" style=\"width:448px;height:auto\" srcset=\"https:\/\/sites.uef.fi\/kmru\/wp-content\/uploads\/sites\/99\/2020\/11\/TULES-reisiluu-analyysi-300x150.jpg 300w, https:\/\/sites.uef.fi\/kmru\/wp-content\/uploads\/sites\/99\/2020\/11\/TULES-reisiluu-analyysi.jpg 600w\" sizes=\"auto, (max-width: 300px) 100vw, 300px\" \/><\/figure>\n","protected":false},"excerpt":{"rendered":"<p>It\u00e4-Suomen&nbsp;yliopiston TULES &#8211; tutkimusyksikk\u00f6 on toiminut vuodesta 2006 ensimm\u00e4isen\u00e4 suomalaisena luuntiheysmittaustutkimusten (DXA) keskuslaboratoriona. Erilaisissa, l\u00e4hinn\u00e4 l\u00e4\u00e4ketehtaiden vet\u00e4miss\u00e4, monikeskustutkimuksissa k\u00e4ytet\u00e4\u00e4n tutkimusmenetelm\u00e4n\u00e4 luuntiheysmittauksia, joiden koordinointi sek\u00e4 laadukas ja keskitetty analysointi on t\u00e4rke\u00e4\u00e4. It\u00e4-Suomen yliopiston&nbsp;kirurgian yksik\u00f6ss\u00e4 on pitk\u00e4 perinne luuntiheysmittausten k\u00e4yt\u00f6st\u00e4 tutkimuksissa ja t\u00e4t\u00e4 asiantuntemusta on k\u00e4ytetty hyv\u00e4ksi palvelutoiminnassamme Kliinisen tutkimuskeskuksen TULES-tutkimusyksik\u00f6ss\u00e4. Palveluun sis\u00e4ltyy mm. Tiedustelut: Professori Heikki [&hellip;]<\/p>\n","protected":false},"author":153,"featured_media":0,"parent":0,"menu_order":0,"comment_status":"closed","ping_status":"closed","template":"","meta":{"_acf_changed":false,"_monsterinsights_skip_tracking":false,"_monsterinsights_sitenote_active":false,"_monsterinsights_sitenote_note":"","_monsterinsights_sitenote_category":0,"footnotes":""},"class_list":["post-737","page","type-page","status-publish","hentry"],"acf":[],"yoast_head":"<!-- This site is optimized with the Yoast SEO plugin v27.1.1 - https:\/\/yoast.com\/product\/yoast-seo-wordpress\/ -->\n<title>DXA-keskuslaboratoriopalvelut - Kuopio Musculoskeletal Research Unit - KMRU<\/title>\n<meta name=\"robots\" content=\"index, follow, max-snippet:-1, max-image-preview:large, max-video-preview:-1\" \/>\n<link rel=\"canonical\" href=\"https:\/\/sites.uef.fi\/kmru\/dxa-keskuslaboratoriopalvelut\/?lang=fi\" \/>\n<meta property=\"og:locale\" content=\"en_US\" \/>\n<meta property=\"og:type\" content=\"article\" \/>\n<meta property=\"og:title\" content=\"DXA-keskuslaboratoriopalvelut - Kuopio Musculoskeletal Research Unit - KMRU\" \/>\n<meta property=\"og:description\" content=\"It\u00e4-Suomen&nbsp;yliopiston TULES &#8211; tutkimusyksikk\u00f6 on toiminut vuodesta 2006 ensimm\u00e4isen\u00e4 suomalaisena luuntiheysmittaustutkimusten (DXA) keskuslaboratoriona. Erilaisissa, l\u00e4hinn\u00e4 l\u00e4\u00e4ketehtaiden vet\u00e4miss\u00e4, monikeskustutkimuksissa k\u00e4ytet\u00e4\u00e4n tutkimusmenetelm\u00e4n\u00e4 luuntiheysmittauksia, joiden koordinointi sek\u00e4 laadukas ja keskitetty analysointi on t\u00e4rke\u00e4\u00e4. It\u00e4-Suomen yliopiston&nbsp;kirurgian yksik\u00f6ss\u00e4 on pitk\u00e4 perinne luuntiheysmittausten k\u00e4yt\u00f6st\u00e4 tutkimuksissa ja t\u00e4t\u00e4 asiantuntemusta on k\u00e4ytetty hyv\u00e4ksi palvelutoiminnassamme Kliinisen tutkimuskeskuksen TULES-tutkimusyksik\u00f6ss\u00e4. Palveluun sis\u00e4ltyy mm. Tiedustelut: Professori Heikki [&hellip;]\" \/>\n<meta property=\"og:url\" content=\"https:\/\/sites.uef.fi\/kmru\/dxa-keskuslaboratoriopalvelut\/?lang=fi\" \/>\n<meta property=\"og:site_name\" content=\"Kuopio Musculoskeletal Research Unit - KMRU\" \/>\n<meta property=\"article:modified_time\" content=\"2024-04-16T07:49:48+00:00\" \/>\n<meta property=\"og:image\" content=\"https:\/\/sites.uef.fi\/kmru\/wp-content\/uploads\/sites\/99\/2020\/11\/Heikki-Joonas-300x238.jpg\" \/>\n<meta name=\"twitter:card\" content=\"summary_large_image\" \/>\n<meta name=\"twitter:label1\" content=\"Est. reading time\" \/>\n\t<meta name=\"twitter:data1\" content=\"1 minute\" \/>\n<script type=\"application\/ld+json\" class=\"yoast-schema-graph\">{\"@context\":\"https:\/\/schema.org\",\"@graph\":[{\"@type\":\"WebPage\",\"@id\":\"https:\/\/sites.uef.fi\/kmru\/dxa-keskuslaboratoriopalvelut\/?lang=fi\",\"url\":\"https:\/\/sites.uef.fi\/kmru\/dxa-keskuslaboratoriopalvelut\/?lang=fi\",\"name\":\"DXA-keskuslaboratoriopalvelut - Kuopio Musculoskeletal Research Unit - KMRU\",\"isPartOf\":{\"@id\":\"https:\/\/sites.uef.fi\/kmru\/?lang=fi\/#website\"},\"primaryImageOfPage\":{\"@id\":\"https:\/\/sites.uef.fi\/kmru\/dxa-keskuslaboratoriopalvelut\/?lang=fi#primaryimage\"},\"image\":{\"@id\":\"https:\/\/sites.uef.fi\/kmru\/dxa-keskuslaboratoriopalvelut\/?lang=fi#primaryimage\"},\"thumbnailUrl\":\"https:\/\/sites.uef.fi\/kmru\/wp-content\/uploads\/sites\/99\/2020\/11\/Heikki-Joonas-300x238.jpg\",\"datePublished\":\"2020-11-30T09:52:26+00:00\",\"dateModified\":\"2024-04-16T07:49:48+00:00\",\"breadcrumb\":{\"@id\":\"https:\/\/sites.uef.fi\/kmru\/dxa-keskuslaboratoriopalvelut\/?lang=fi#breadcrumb\"},\"inLanguage\":\"en-US\",\"potentialAction\":[{\"@type\":\"ReadAction\",\"target\":[\"https:\/\/sites.uef.fi\/kmru\/dxa-keskuslaboratoriopalvelut\/?lang=fi\"]}]},{\"@type\":\"ImageObject\",\"inLanguage\":\"en-US\",\"@id\":\"https:\/\/sites.uef.fi\/kmru\/dxa-keskuslaboratoriopalvelut\/?lang=fi#primaryimage\",\"url\":\"https:\/\/sites.uef.fi\/kmru\/wp-content\/uploads\/sites\/99\/2020\/11\/Heikki-Joonas.jpg\",\"contentUrl\":\"https:\/\/sites.uef.fi\/kmru\/wp-content\/uploads\/sites\/99\/2020\/11\/Heikki-Joonas.jpg\",\"width\":480,\"height\":380},{\"@type\":\"BreadcrumbList\",\"@id\":\"https:\/\/sites.uef.fi\/kmru\/dxa-keskuslaboratoriopalvelut\/?lang=fi#breadcrumb\",\"itemListElement\":[{\"@type\":\"ListItem\",\"position\":1,\"name\":\"Home\",\"item\":\"https:\/\/sites.uef.fi\/kmru\/\"},{\"@type\":\"ListItem\",\"position\":2,\"name\":\"DXA-keskuslaboratoriopalvelut\"}]},{\"@type\":\"WebSite\",\"@id\":\"https:\/\/sites.uef.fi\/kmru\/?lang=fi\/#website\",\"url\":\"https:\/\/sites.uef.fi\/kmru\/?lang=fi\/\",\"name\":\"Kuopio Musculoskeletal Research Unit - KMRU\",\"description\":\"\",\"potentialAction\":[{\"@type\":\"SearchAction\",\"target\":{\"@type\":\"EntryPoint\",\"urlTemplate\":\"https:\/\/sites.uef.fi\/kmru\/?lang=fi\/?s={search_term_string}\"},\"query-input\":{\"@type\":\"PropertyValueSpecification\",\"valueRequired\":true,\"valueName\":\"search_term_string\"}}],\"inLanguage\":\"en-US\"}]}<\/script>\n<!-- \/ Yoast SEO plugin. -->","yoast_head_json":{"title":"DXA-keskuslaboratoriopalvelut - Kuopio Musculoskeletal Research Unit - KMRU","robots":{"index":"index","follow":"follow","max-snippet":"max-snippet:-1","max-image-preview":"max-image-preview:large","max-video-preview":"max-video-preview:-1"},"canonical":"https:\/\/sites.uef.fi\/kmru\/dxa-keskuslaboratoriopalvelut\/?lang=fi","og_locale":"en_US","og_type":"article","og_title":"DXA-keskuslaboratoriopalvelut - Kuopio Musculoskeletal Research Unit - KMRU","og_description":"It\u00e4-Suomen&nbsp;yliopiston TULES &#8211; tutkimusyksikk\u00f6 on toiminut vuodesta 2006 ensimm\u00e4isen\u00e4 suomalaisena luuntiheysmittaustutkimusten (DXA) keskuslaboratoriona. Erilaisissa, l\u00e4hinn\u00e4 l\u00e4\u00e4ketehtaiden vet\u00e4miss\u00e4, monikeskustutkimuksissa k\u00e4ytet\u00e4\u00e4n tutkimusmenetelm\u00e4n\u00e4 luuntiheysmittauksia, joiden koordinointi sek\u00e4 laadukas ja keskitetty analysointi on t\u00e4rke\u00e4\u00e4. It\u00e4-Suomen yliopiston&nbsp;kirurgian yksik\u00f6ss\u00e4 on pitk\u00e4 perinne luuntiheysmittausten k\u00e4yt\u00f6st\u00e4 tutkimuksissa ja t\u00e4t\u00e4 asiantuntemusta on k\u00e4ytetty hyv\u00e4ksi palvelutoiminnassamme Kliinisen tutkimuskeskuksen TULES-tutkimusyksik\u00f6ss\u00e4. Palveluun sis\u00e4ltyy mm. Tiedustelut: Professori Heikki [&hellip;]","og_url":"https:\/\/sites.uef.fi\/kmru\/dxa-keskuslaboratoriopalvelut\/?lang=fi","og_site_name":"Kuopio Musculoskeletal Research Unit - KMRU","article_modified_time":"2024-04-16T07:49:48+00:00","og_image":[{"url":"https:\/\/sites.uef.fi\/kmru\/wp-content\/uploads\/sites\/99\/2020\/11\/Heikki-Joonas-300x238.jpg","type":"","width":"","height":""}],"twitter_card":"summary_large_image","twitter_misc":{"Est. reading time":"1 minute"},"schema":{"@context":"https:\/\/schema.org","@graph":[{"@type":"WebPage","@id":"https:\/\/sites.uef.fi\/kmru\/dxa-keskuslaboratoriopalvelut\/?lang=fi","url":"https:\/\/sites.uef.fi\/kmru\/dxa-keskuslaboratoriopalvelut\/?lang=fi","name":"DXA-keskuslaboratoriopalvelut - Kuopio Musculoskeletal Research Unit - KMRU","isPartOf":{"@id":"https:\/\/sites.uef.fi\/kmru\/?lang=fi\/#website"},"primaryImageOfPage":{"@id":"https:\/\/sites.uef.fi\/kmru\/dxa-keskuslaboratoriopalvelut\/?lang=fi#primaryimage"},"image":{"@id":"https:\/\/sites.uef.fi\/kmru\/dxa-keskuslaboratoriopalvelut\/?lang=fi#primaryimage"},"thumbnailUrl":"https:\/\/sites.uef.fi\/kmru\/wp-content\/uploads\/sites\/99\/2020\/11\/Heikki-Joonas-300x238.jpg","datePublished":"2020-11-30T09:52:26+00:00","dateModified":"2024-04-16T07:49:48+00:00","breadcrumb":{"@id":"https:\/\/sites.uef.fi\/kmru\/dxa-keskuslaboratoriopalvelut\/?lang=fi#breadcrumb"},"inLanguage":"en-US","potentialAction":[{"@type":"ReadAction","target":["https:\/\/sites.uef.fi\/kmru\/dxa-keskuslaboratoriopalvelut\/?lang=fi"]}]},{"@type":"ImageObject","inLanguage":"en-US","@id":"https:\/\/sites.uef.fi\/kmru\/dxa-keskuslaboratoriopalvelut\/?lang=fi#primaryimage","url":"https:\/\/sites.uef.fi\/kmru\/wp-content\/uploads\/sites\/99\/2020\/11\/Heikki-Joonas.jpg","contentUrl":"https:\/\/sites.uef.fi\/kmru\/wp-content\/uploads\/sites\/99\/2020\/11\/Heikki-Joonas.jpg","width":480,"height":380},{"@type":"BreadcrumbList","@id":"https:\/\/sites.uef.fi\/kmru\/dxa-keskuslaboratoriopalvelut\/?lang=fi#breadcrumb","itemListElement":[{"@type":"ListItem","position":1,"name":"Home","item":"https:\/\/sites.uef.fi\/kmru\/"},{"@type":"ListItem","position":2,"name":"DXA-keskuslaboratoriopalvelut"}]},{"@type":"WebSite","@id":"https:\/\/sites.uef.fi\/kmru\/?lang=fi\/#website","url":"https:\/\/sites.uef.fi\/kmru\/?lang=fi\/","name":"Kuopio Musculoskeletal Research Unit - KMRU","description":"","potentialAction":[{"@type":"SearchAction","target":{"@type":"EntryPoint","urlTemplate":"https:\/\/sites.uef.fi\/kmru\/?lang=fi\/?s={search_term_string}"},"query-input":{"@type":"PropertyValueSpecification","valueRequired":true,"valueName":"search_term_string"}}],"inLanguage":"en-US"}]}},"_links":{"self":[{"href":"https:\/\/sites.uef.fi\/kmru\/wp-json\/wp\/v2\/pages\/737","targetHints":{"allow":["GET"]}}],"collection":[{"href":"https:\/\/sites.uef.fi\/kmru\/wp-json\/wp\/v2\/pages"}],"about":[{"href":"https:\/\/sites.uef.fi\/kmru\/wp-json\/wp\/v2\/types\/page"}],"author":[{"embeddable":true,"href":"https:\/\/sites.uef.fi\/kmru\/wp-json\/wp\/v2\/users\/153"}],"replies":[{"embeddable":true,"href":"https:\/\/sites.uef.fi\/kmru\/wp-json\/wp\/v2\/comments?post=737"}],"version-history":[{"count":2,"href":"https:\/\/sites.uef.fi\/kmru\/wp-json\/wp\/v2\/pages\/737\/revisions"}],"predecessor-version":[{"id":2437,"href":"https:\/\/sites.uef.fi\/kmru\/wp-json\/wp\/v2\/pages\/737\/revisions\/2437"}],"wp:attachment":[{"href":"https:\/\/sites.uef.fi\/kmru\/wp-json\/wp\/v2\/media?parent=737"}],"curies":[{"name":"wp","href":"https:\/\/api.w.org\/{rel}","templated":true}]}}