{"id":184,"date":"2021-04-22T13:50:56","date_gmt":"2021-04-22T10:50:56","guid":{"rendered":"https:\/\/sites.uef.fi\/kokoava\/?page_id=184"},"modified":"2024-10-29T11:27:09","modified_gmt":"2024-10-29T09:27:09","slug":"hankkeesta-julkaistua","status":"publish","type":"page","link":"https:\/\/sites.uef.fi\/kokoava\/hankkeesta-julkaistua\/","title":{"rendered":"Hankkeessa julkaistua"},"content":{"rendered":"\n<h2 class=\"wp-block-heading\">Loppuraportti<\/h2>\n\n\n\n<p><a href=\"https:\/\/sites.uef.fi\/kokoava\/wp-content\/uploads\/sites\/275\/2023\/11\/Loppuraportti_KOKOAVA-hanke-2023.pdf\">Loppuraportti 2023 &#8211; Kokonaisvaltaista ruokakasvatusta varhaiskasvatukseen ja perusopetukseen<\/a><\/p>\n\n\n\n<h2 class=\"wp-block-heading\">Tiedotteet<\/h2>\n\n\n\n<p>12.6.2023 <a href=\"https:\/\/www.uef.fi\/fi\/artikkeli\/ruokakasvatuksen-mentorointi-vahvisti-yhteistyota-kunnissa\">Ruokakasvatuksen mentorointi vahvisti yhteisty\u00f6t\u00e4 kunnissa<\/a><\/p>\n\n\n\n<p>18.4.2023 <a href=\"https:\/\/www.uef.fi\/fi\/artikkeli\/ruokakasvatus-on-yksipuolisesti-esilla-kuntien-perusopetuksen-opetussuunnitelmissa\">Ruokakasvatus on yksipuolisesti esill\u00e4 kuntien perusopetuksen opetussuunnitelmissa<\/a><\/p>\n\n\n\n<p>14.2.2023 <a href=\"https:\/\/hyvaks.fi\/blogikirjoitukset\/lasten-ruokakasvatuksella-rakennamme-hyvinvointia-ja-kestavaa-tulevaisuutta\">Lasten ruokakasvatuksella rakennamme hyvinvointia ja kest\u00e4v\u00e4\u00e4 tulevaisuutta<\/a><\/p>\n\n\n\n<p>2.1.2023 <a href=\"https:\/\/www.uef.fi\/fi\/artikkeli\/maistuva-koulu-tukee-taysipainoisen-koululounaan-syomista-ja-osallisuuden-kokemusta\">Maistuva koulu tukee t\u00e4ysipainoisen koululounaan sy\u00f6mist\u00e4 ja osallisuuden kokemusta<\/a><\/p>\n\n\n\n<p>5.9.2022 <a href=\"https:\/\/www.uef.fi\/fi\/artikkeli\/ruokakasvatusta-kasitellaan-vaihtelevasti-kuntien-varhaiskasvatussuunnitelmissa\">Ruokakasvatusta k\u00e4sitell\u00e4\u00e4n vaihtelevasti kuntien varhaiskasvatussuunnitelmissa<\/a><\/p>\n\n\n\n<p>29.8.2022 <a href=\"https:\/\/www.uef.fi\/fi\/artikkeli\/opettajat-pitavat-ruokakasvatusta-tarkeana-ja-merkityksellisena-jos-sille-vain-olisi-aikaa\">Opettajat pit\u00e4v\u00e4t ruokakasvatusta t\u00e4rke\u00e4n\u00e4 ja merkityksellisen\u00e4 &#8211; jos sille vain olisi aikaa<\/a><\/p>\n\n\n\n<p>11.8.2022 <a href=\"https:\/\/www.uef.fi\/fi\/artikkeli\/kannusta-lasta-kouluruokailuun\">Kannusta lasta kouluruokailuun<\/a><\/p>\n\n\n\n<p>8.11.2021 <a href=\"https:\/\/www.uef.fi\/fi\/artikkeli\/kunnan-tarkein-poyta-on-lasten-ruokapoyta\">Kunnan t\u00e4rkein p\u00f6yt\u00e4 on lasten ruokap\u00f6yt\u00e4<\/a><\/p>\n\n\n\n<p>22.4.2021 <a href=\"https:\/\/www.uef.fi\/fi\/artikkeli\/ruokakasvatuksen-toimintamalleja-jalkautetaan-varhaiskasvatukseen-ja-perusopetukseen\">Ruokakasvatuksen toimintamalleja jalkautetaan varhaiskasvatukseen ja perusopetukseen<\/a><\/p>\n\n\n\n<h2 class=\"wp-block-heading\">Blogikirjoitukset<\/h2>\n\n\n\n<p>15.3.2023 <a href=\"https:\/\/ruokakasvatus.fi\/maun_jaljilla\/ateriaetu-ja-esimerkkiruokailu-mita-maksaa-kuka-hyotyy\/\">Ateriaetu ja esimerkkiruokailu \u2013 Mit\u00e4 maksaa? Kuka hy\u00f6tyy?<\/a><\/p>\n\n\n\n<p>12.4.2022 <a href=\"https:\/\/ruokakasvatus.fi\/uutiset\/arvioi-ruokakasvatuksen-nykytila-voita-tarvikepaketti\/\">Arvioi ruokakasvatuksen nykytila, voita tarvikepaketti!<\/a><\/p>\n\n\n\n<p>4.4.2022 <a href=\"https:\/\/ruokakasvatus.fi\/maun_jaljilla\/lasten-kestavaa-tulevaisuutta-rakentaa-moniammatillinen-joukkue\/\">Lasten kest\u00e4v\u00e4\u00e4 tulevaisuutta rakentaa moniammatillinen joukkue<\/a><\/p>\n\n\n\n<p>14.3.2022 <a href=\"https:\/\/www.mustread.fi\/artikkelit\/lisaa-kasvisruokavaihtoehtoja-tutkija-kertoo-miksi-kouluissa-tulee-suosia-kasvisruokaa\/\">MustRead: &#8221;Lis\u00e4\u00e4 kasvisruokavaihtoehtoja&#8221; &#8211; tutkija kertoo, miksi kouluissa tulee suosia kasvisruokaa<\/a><\/p>\n\n\n\n<p>15.12.2021 <a href=\"https:\/\/blogs.uef.fi\/puheenvuoroja\/2021\/12\/15\/kuka-tukee-kuntia-ruokakasvatustyossa-sote-uudistuksen-jalkeen\/\">Kuka tukee kuntia ruokakasvatusty\u00f6ss\u00e4 sote-uudistuksen j\u00e4lkeen?<\/a><\/p>\n\n\n\n<p>2.12.2021 <a href=\"https:\/\/maistuvakoulu.fi\/ajankohtaista\/ruokapalvelut-ovat-tarkea-osa-kouluyhteisoa\/\">Ruokapalvelut ovat t\u00e4rke\u00e4 osa kouluyhteis\u00f6\u00e4<\/a><\/p>\n\n\n\n<p>10.9.2021 <a href=\"https:\/\/maistuvakoulu.fi\/ajankohtaista\/ruokahavikki-on-ensisijaisesti-aikuisten-asia\/\">Ruokah\u00e4vikki on ensisijaisesti aikuisten asia<\/a><\/p>\n\n\n\n<h2 class=\"wp-block-heading\">Opinn\u00e4ytety\u00f6t<\/h2>\n\n\n\n<p>Neea Tuominen (2024): <a href=\"http:\/\/urn.fi\/urn:nbn:fi:uef-20240129\">Ruokakasvatusta haastavat ja mahdollistavat tekij\u00e4t varhaiskasvatuksessa<\/a><\/p>\n\n\n\n<p>Venla-Kaisa Lepp\u00e4nen (2023): <a href=\"https:\/\/sites.uef.fi\/kokoava\/wp-content\/uploads\/sites\/275\/2024\/10\/Leppanen-2023_Varhaiskasvatuksen-ammattilaisten-kasityksia-paivakodin-ruokailusta.pdf\">Varhaiskasvatuksen ammattilaisten k\u00e4sityksi\u00e4 p\u00e4iv\u00e4kodin ruokailusta<\/a><\/p>\n\n\n\n<p>Pauliina Martikainen (2023): <a href=\"https:\/\/sites.uef.fi\/kokoava\/wp-content\/uploads\/sites\/275\/2023\/04\/MartikainenPauliina.pdf\">Ruokakasvatusinterventioiden soveltuvuus alakouluihin<\/a><\/p>\n\n\n\n<p>Johanna Kontturi &amp; Riina Taskinen (2023): <a href=\"https:\/\/sites.uef.fi\/kokoava\/wp-content\/uploads\/sites\/275\/2023\/04\/Kontturi-Taskinen.pdf\">Ruokalaymp\u00e4rist\u00f6n haasteet ja hy\u00f6dyt varhaiskasvatuksen ruokakasvatukselle<\/a><\/p>\n\n\n\n<p>Janina Valkki (2023): <a href=\"https:\/\/sites.uef.fi\/kokoava\/wp-content\/uploads\/sites\/275\/2023\/04\/Ruokakasvatus-kuntien-perusopetuksen-opetussuunnitelmissa-Janina-Valkki-2023.pdf\">Ruokakasvatus kuntien perusopetuksen opetussuunnitelmissa<\/a><\/p>\n\n\n\n<p>Neea Tuominen (2022): <a href=\"https:\/\/sites.uef.fi\/kokoava\/wp-content\/uploads\/sites\/275\/2022\/08\/KANDI-Ruokakasvatuksen-rooli-kuntien-varhaiskasvatussuunnitelmissa-Tuominen-Neea-2022.pdf\">Ruokakasvatuksen rooli kuntien varhaiskasvatussuunnitelmissa<\/a><\/p>\n\n\n\n<h2 class=\"wp-block-heading\">Tallenteet<\/h2>\n\n\n\n<p>16.5.2023 <a href=\"https:\/\/youtu.be\/vyjrUEziGzs\">Webinaari: Lis\u00e4\u00e4 yhteisty\u00f6t\u00e4 ja osaamista ruokakasvatukseen<\/a> (kesto 1 h 30 min)<\/p>\n\n\n\n<p>9.2.2023 <a href=\"https:\/\/www.youtube.com\/watch?v=IbI5Zb3yyIw\">Webinaari: Ruokakasvatuksen teemap\u00e4iv\u00e4 2023<\/a> (kesto 1 h 58 min)<\/p>\n\n\n\n<p>17.3.2022 <a href=\"https:\/\/www.youtube.com\/watch?v=zbNMY5eqhzI\">Webinaari: Ruokakasvatuksen teemap\u00e4iv\u00e4 2022<\/a> (kesto 1 h 34 min)<\/p>\n\n\n\n<p>12.10.2021 <a href=\"https:\/\/sites.uef.fi\/kokoava\/wp-admin\/Kunnan t\u00e4rkein p\u00f6yt\u00e4 on lasten ruokap\u00f6yt\u00e4\">Webinaari: Kunnan t\u00e4rkein p\u00f6yt\u00e4 on lasten ruokap\u00f6yt\u00e4<\/a> (kesto 1 h 32 min)<\/p>\n\n\n\n<p>3.9.2021 <a href=\"Neuvokas perhe ruokakasvattaja\">Webinaari: Neuvokas perhe ruokakasvattaja <\/a> (kesto 1 h 28 min)<\/p>\n\n\n\n<p>26.10.2021 <a href=\"https:\/\/youtu.be\/5bkLE-8PxJA\">Webinaari: Maistuva koulu &#8211; osallistava toimintamalli alakoulun ruokakasvatukseen<\/a> (kesto 47:31 min)<\/p>\n\n\n\n<h2 class=\"wp-block-heading\">Videot<\/h2>\n\n\n\n<p><a href=\"https:\/\/www.youtube.com\/watch?v=irouRon2yjM&amp;t=3s\">Ruokakasvatus osana kest\u00e4v\u00e4n kehityksen kasvatusta<\/a> (kesto 7:18 min)<\/p>\n\n\n\n<p><a href=\"https:\/\/www.youtube.com\/watch?v=ERCCq8_0nEU\">Ruokailoa ja kulttuurisia kohtaamisia eskarissa<\/a> (kesto 6:01 min)<\/p>\n\n\n\n<p><a href=\"https:\/\/www.youtube.com\/watch?v=GEaZy1vgQaM\">Lapsi kiukuttelee, mit\u00e4 teen?<\/a> (kesto 0:48 min)<\/p>\n\n\n\n<p><a href=\"https:\/\/www.youtube.com\/watch?v=s0Rz-H0Sy_Q\">Miten saan lapseni sy\u00f6m\u00e4\u00e4n kasviksia?<\/a> (kesto 0:39 min)<\/p>\n\n\n\n<p><a href=\"https:\/\/www.youtube.com\/watch?v=vD90KtYcFwA\">Kuinka usein lapsen on hyv\u00e4 sy\u00f6d\u00e4?<\/a> (kesto 0:58)<\/p>\n\n\n\n<p><a href=\"https:\/\/www.youtube.com\/watch?v=9r2dlA0FAwk\">Nykytila.fi<\/a> &#8211; Ruokailun ja ruokakasvatuksen nykytilan arviointi -ty\u00f6kalun esittely (kesto 2:46 min)<\/p>\n\n\n\n<p><a href=\"https:\/\/www.youtube.com\/watch?v=6Ncq2nmIoik\">Maistuva koulu<\/a> &#8211; Innostavaa ruokakasvatusta joka kouluun (kesto 4:34 min)<\/p>\n\n\n\n<p><a href=\"https:\/\/www.youtube.com\/watch?v=rcLM4dGxE_0\">Ruokakunnan unelma<\/a> (kesto 1:26 min)<\/p>\n\n\n\n<h3 class=\"wp-block-heading\">Videosarja vanhempainiltoihin<\/h3>\n\n\n\n<p><a href=\"https:\/\/eur03.safelinks.protection.outlook.com\/?url=https%3A%2F%2Fyoutu.be%2FYlX8dbDU8Oo&amp;data=04%7C01%7C%7Ca4268959868844857c7708d9e646f80e%7C87879f2e73044bf2baf263e7f83f3c34%7C0%7C0%7C637794015809010399%7CUnknown%7CTWFpbGZsb3d8eyJWIjoiMC4wLjAwMDAiLCJQIjoiV2luMzIiLCJBTiI6Ik1haWwiLCJXVCI6Mn0%3D%7C1000&amp;sdata=37d1zSaaG27ptvxPmEDdCkbpAlmehcn%2BjdV6NgZjhlY%3D&amp;reserved=0\">Meid\u00e4n ruokap\u00e4iv\u00e4 p\u00e4iv\u00e4kodissa<\/a> (kesto 3:30 min)<\/p>\n\n\n\n<p><a href=\"https:\/\/eur03.safelinks.protection.outlook.com\/?url=https%3A%2F%2Fyoutu.be%2FE1DYAIirdKI&amp;data=04%7C01%7C%7Ca4268959868844857c7708d9e646f80e%7C87879f2e73044bf2baf263e7f83f3c34%7C0%7C0%7C637794015809010399%7CUnknown%7CTWFpbGZsb3d8eyJWIjoiMC4wLjAwMDAiLCJQIjoiV2luMzIiLCJBTiI6Ik1haWwiLCJXVCI6Mn0%3D%7C1000&amp;sdata=JoN4H%2FjAK%2FiGn1Lntx1lWwjQ7uqcSYP80NvE5UHT7Bk%3D&amp;reserved=0\">Meid\u00e4n kouluruokailu alakoulussa<\/a> (kesto 3:26 min)<\/p>\n\n\n\n<p><a href=\"https:\/\/eur03.safelinks.protection.outlook.com\/?url=https%3A%2F%2Fyoutu.be%2FwwgiNlNEvqY&amp;data=04%7C01%7C%7Ca4268959868844857c7708d9e646f80e%7C87879f2e73044bf2baf263e7f83f3c34%7C0%7C0%7C637794015809010399%7CUnknown%7CTWFpbGZsb3d8eyJWIjoiMC4wLjAwMDAiLCJQIjoiV2luMzIiLCJBTiI6Ik1haWwiLCJXVCI6Mn0%3D%7C1000&amp;sdata=pplT94OhV0flaJ%2Fn8IhSb6fqWiP6qAV6I47wnQJ6ROU%3D&amp;reserved=0\">Meid\u00e4n kouluruokailu yl\u00e4koulussa<\/a> (kesto 2:58 min)<\/p>\n","protected":false},"excerpt":{"rendered":"<p>Loppuraportti Loppuraportti 2023 &#8211; Kokonaisvaltaista ruokakasvatusta varhaiskasvatukseen ja perusopetukseen Tiedotteet 12.6.2023 Ruokakasvatuksen mentorointi vahvisti yhteisty\u00f6t\u00e4 kunnissa 18.4.2023 Ruokakasvatus on yksipuolisesti esill\u00e4 kuntien perusopetuksen opetussuunnitelmissa 14.2.2023 Lasten ruokakasvatuksella rakennamme hyvinvointia ja kest\u00e4v\u00e4\u00e4 tulevaisuutta 2.1.2023 Maistuva koulu tukee t\u00e4ysipainoisen koululounaan sy\u00f6mist\u00e4 ja osallisuuden kokemusta 5.9.2022 Ruokakasvatusta k\u00e4sitell\u00e4\u00e4n vaihtelevasti kuntien varhaiskasvatussuunnitelmissa 29.8.2022 Opettajat pit\u00e4v\u00e4t ruokakasvatusta t\u00e4rke\u00e4n\u00e4 ja merkityksellisen\u00e4 [&hellip;]<\/p>\n","protected":false},"author":481,"featured_media":0,"parent":0,"menu_order":2,"comment_status":"closed","ping_status":"closed","template":"","meta":{"_acf_changed":false,"footnotes":""},"class_list":["post-184","page","type-page","status-publish","hentry"],"acf":[],"yoast_head":"<!-- This site is optimized with the Yoast SEO plugin v27.1.1 - https:\/\/yoast.com\/product\/yoast-seo-wordpress\/ -->\n<title>Hankkeessa julkaistua - Kokonaisvaltaista ruokakasvatusta varhaiskasvatukseen ja perusopetukseen<\/title>\n<meta name=\"robots\" content=\"index, follow, max-snippet:-1, max-image-preview:large, max-video-preview:-1\" \/>\n<link rel=\"canonical\" href=\"https:\/\/sites.uef.fi\/kokoava\/hankkeesta-julkaistua\/\" \/>\n<meta property=\"og:locale\" content=\"fi_FI\" \/>\n<meta property=\"og:type\" content=\"article\" \/>\n<meta property=\"og:title\" content=\"Hankkeessa julkaistua - Kokonaisvaltaista ruokakasvatusta varhaiskasvatukseen ja perusopetukseen\" \/>\n<meta property=\"og:description\" content=\"Loppuraportti Loppuraportti 2023 &#8211; Kokonaisvaltaista ruokakasvatusta varhaiskasvatukseen ja perusopetukseen Tiedotteet 12.6.2023 Ruokakasvatuksen mentorointi vahvisti yhteisty\u00f6t\u00e4 kunnissa 18.4.2023 Ruokakasvatus on yksipuolisesti esill\u00e4 kuntien perusopetuksen opetussuunnitelmissa 14.2.2023 Lasten ruokakasvatuksella rakennamme hyvinvointia ja kest\u00e4v\u00e4\u00e4 tulevaisuutta 2.1.2023 Maistuva koulu tukee t\u00e4ysipainoisen koululounaan sy\u00f6mist\u00e4 ja osallisuuden kokemusta 5.9.2022 Ruokakasvatusta k\u00e4sitell\u00e4\u00e4n vaihtelevasti kuntien varhaiskasvatussuunnitelmissa 29.8.2022 Opettajat pit\u00e4v\u00e4t ruokakasvatusta t\u00e4rke\u00e4n\u00e4 ja merkityksellisen\u00e4 [&hellip;]\" \/>\n<meta property=\"og:url\" content=\"https:\/\/sites.uef.fi\/kokoava\/hankkeesta-julkaistua\/\" \/>\n<meta property=\"og:site_name\" content=\"Kokonaisvaltaista ruokakasvatusta varhaiskasvatukseen ja perusopetukseen\" \/>\n<meta property=\"article:modified_time\" content=\"2024-10-29T09:27:09+00:00\" \/>\n<meta name=\"twitter:card\" content=\"summary_large_image\" \/>\n<meta name=\"twitter:label1\" content=\"Arvioitu lukuaika\" \/>\n\t<meta name=\"twitter:data1\" content=\"3 minuuttia\" \/>\n<script type=\"application\/ld+json\" class=\"yoast-schema-graph\">{\"@context\":\"https:\/\/schema.org\",\"@graph\":[{\"@type\":\"WebPage\",\"@id\":\"https:\/\/sites.uef.fi\/kokoava\/hankkeesta-julkaistua\/\",\"url\":\"https:\/\/sites.uef.fi\/kokoava\/hankkeesta-julkaistua\/\",\"name\":\"Hankkeessa julkaistua - Kokonaisvaltaista ruokakasvatusta varhaiskasvatukseen ja perusopetukseen\",\"isPartOf\":{\"@id\":\"https:\/\/sites.uef.fi\/kokoava\/#website\"},\"datePublished\":\"2021-04-22T10:50:56+00:00\",\"dateModified\":\"2024-10-29T09:27:09+00:00\",\"breadcrumb\":{\"@id\":\"https:\/\/sites.uef.fi\/kokoava\/hankkeesta-julkaistua\/#breadcrumb\"},\"inLanguage\":\"fi\",\"potentialAction\":[{\"@type\":\"ReadAction\",\"target\":[\"https:\/\/sites.uef.fi\/kokoava\/hankkeesta-julkaistua\/\"]}]},{\"@type\":\"BreadcrumbList\",\"@id\":\"https:\/\/sites.uef.fi\/kokoava\/hankkeesta-julkaistua\/#breadcrumb\",\"itemListElement\":[{\"@type\":\"ListItem\",\"position\":1,\"name\":\"Home\",\"item\":\"https:\/\/sites.uef.fi\/kokoava\/\"},{\"@type\":\"ListItem\",\"position\":2,\"name\":\"Hankkeessa julkaistua\"}]},{\"@type\":\"WebSite\",\"@id\":\"https:\/\/sites.uef.fi\/kokoava\/#website\",\"url\":\"https:\/\/sites.uef.fi\/kokoava\/\",\"name\":\"Kokonaisvaltaista ruokakasvatusta varhaiskasvatukseen ja perusopetukseen\",\"description\":\"\",\"potentialAction\":[{\"@type\":\"SearchAction\",\"target\":{\"@type\":\"EntryPoint\",\"urlTemplate\":\"https:\/\/sites.uef.fi\/kokoava\/?s={search_term_string}\"},\"query-input\":{\"@type\":\"PropertyValueSpecification\",\"valueRequired\":true,\"valueName\":\"search_term_string\"}}],\"inLanguage\":\"fi\"}]}<\/script>\n<!-- \/ Yoast SEO plugin. -->","yoast_head_json":{"title":"Hankkeessa julkaistua - Kokonaisvaltaista ruokakasvatusta varhaiskasvatukseen ja perusopetukseen","robots":{"index":"index","follow":"follow","max-snippet":"max-snippet:-1","max-image-preview":"max-image-preview:large","max-video-preview":"max-video-preview:-1"},"canonical":"https:\/\/sites.uef.fi\/kokoava\/hankkeesta-julkaistua\/","og_locale":"fi_FI","og_type":"article","og_title":"Hankkeessa julkaistua - Kokonaisvaltaista ruokakasvatusta varhaiskasvatukseen ja perusopetukseen","og_description":"Loppuraportti Loppuraportti 2023 &#8211; Kokonaisvaltaista ruokakasvatusta varhaiskasvatukseen ja perusopetukseen Tiedotteet 12.6.2023 Ruokakasvatuksen mentorointi vahvisti yhteisty\u00f6t\u00e4 kunnissa 18.4.2023 Ruokakasvatus on yksipuolisesti esill\u00e4 kuntien perusopetuksen opetussuunnitelmissa 14.2.2023 Lasten ruokakasvatuksella rakennamme hyvinvointia ja kest\u00e4v\u00e4\u00e4 tulevaisuutta 2.1.2023 Maistuva koulu tukee t\u00e4ysipainoisen koululounaan sy\u00f6mist\u00e4 ja osallisuuden kokemusta 5.9.2022 Ruokakasvatusta k\u00e4sitell\u00e4\u00e4n vaihtelevasti kuntien varhaiskasvatussuunnitelmissa 29.8.2022 Opettajat pit\u00e4v\u00e4t ruokakasvatusta t\u00e4rke\u00e4n\u00e4 ja merkityksellisen\u00e4 [&hellip;]","og_url":"https:\/\/sites.uef.fi\/kokoava\/hankkeesta-julkaistua\/","og_site_name":"Kokonaisvaltaista ruokakasvatusta varhaiskasvatukseen ja perusopetukseen","article_modified_time":"2024-10-29T09:27:09+00:00","twitter_card":"summary_large_image","twitter_misc":{"Arvioitu lukuaika":"3 minuuttia"},"schema":{"@context":"https:\/\/schema.org","@graph":[{"@type":"WebPage","@id":"https:\/\/sites.uef.fi\/kokoava\/hankkeesta-julkaistua\/","url":"https:\/\/sites.uef.fi\/kokoava\/hankkeesta-julkaistua\/","name":"Hankkeessa julkaistua - Kokonaisvaltaista ruokakasvatusta varhaiskasvatukseen ja perusopetukseen","isPartOf":{"@id":"https:\/\/sites.uef.fi\/kokoava\/#website"},"datePublished":"2021-04-22T10:50:56+00:00","dateModified":"2024-10-29T09:27:09+00:00","breadcrumb":{"@id":"https:\/\/sites.uef.fi\/kokoava\/hankkeesta-julkaistua\/#breadcrumb"},"inLanguage":"fi","potentialAction":[{"@type":"ReadAction","target":["https:\/\/sites.uef.fi\/kokoava\/hankkeesta-julkaistua\/"]}]},{"@type":"BreadcrumbList","@id":"https:\/\/sites.uef.fi\/kokoava\/hankkeesta-julkaistua\/#breadcrumb","itemListElement":[{"@type":"ListItem","position":1,"name":"Home","item":"https:\/\/sites.uef.fi\/kokoava\/"},{"@type":"ListItem","position":2,"name":"Hankkeessa julkaistua"}]},{"@type":"WebSite","@id":"https:\/\/sites.uef.fi\/kokoava\/#website","url":"https:\/\/sites.uef.fi\/kokoava\/","name":"Kokonaisvaltaista ruokakasvatusta varhaiskasvatukseen ja perusopetukseen","description":"","potentialAction":[{"@type":"SearchAction","target":{"@type":"EntryPoint","urlTemplate":"https:\/\/sites.uef.fi\/kokoava\/?s={search_term_string}"},"query-input":{"@type":"PropertyValueSpecification","valueRequired":true,"valueName":"search_term_string"}}],"inLanguage":"fi"}]}},"_links":{"self":[{"href":"https:\/\/sites.uef.fi\/kokoava\/wp-json\/wp\/v2\/pages\/184","targetHints":{"allow":["GET"]}}],"collection":[{"href":"https:\/\/sites.uef.fi\/kokoava\/wp-json\/wp\/v2\/pages"}],"about":[{"href":"https:\/\/sites.uef.fi\/kokoava\/wp-json\/wp\/v2\/types\/page"}],"author":[{"embeddable":true,"href":"https:\/\/sites.uef.fi\/kokoava\/wp-json\/wp\/v2\/users\/481"}],"replies":[{"embeddable":true,"href":"https:\/\/sites.uef.fi\/kokoava\/wp-json\/wp\/v2\/comments?post=184"}],"version-history":[{"count":2,"href":"https:\/\/sites.uef.fi\/kokoava\/wp-json\/wp\/v2\/pages\/184\/revisions"}],"predecessor-version":[{"id":902,"href":"https:\/\/sites.uef.fi\/kokoava\/wp-json\/wp\/v2\/pages\/184\/revisions\/902"}],"wp:attachment":[{"href":"https:\/\/sites.uef.fi\/kokoava\/wp-json\/wp\/v2\/media?parent=184"}],"curies":[{"name":"wp","href":"https:\/\/api.w.org\/{rel}","templated":true}]}}