{"id":229,"date":"2021-10-11T13:07:57","date_gmt":"2021-10-11T10:07:57","guid":{"rendered":"https:\/\/sites.uef.fi\/kokoava\/?page_id=229"},"modified":"2022-03-15T15:08:06","modified_gmt":"2022-03-15T13:08:06","slug":"kunnat","status":"publish","type":"page","link":"https:\/\/sites.uef.fi\/kokoava\/toimintamallit\/kunnat\/","title":{"rendered":"Kunnille"},"content":{"rendered":"\n<h1 class=\"wp-block-heading\">Ruokakunnan ty\u00f6kalut ja toimintamallit<\/h1>\n\n\n\n<p>Ruokakunnan ty\u00f6kalut &amp; toimintamallit -julkaisusarja tarjoaa kunnille ideoita, oivalluksia ja k\u00e4yt\u00e4nn\u00f6n esimerkkej\u00e4 lasten ruokakasvatuksen moniammatillisen toteuttamisen, kehitt\u00e4misen, seurannan ja arvioinnin tueksi. Julkaisusarja on tarkoitettu kaikille kunnassa lasten ruokailun ja ruokakasvatuksen parissa toimiville ja siit\u00e4 p\u00e4\u00e4tt\u00e4ville ammattilaisille. <a href=\"https:\/\/nykytila.fi\/?page_id=295\"><strong>Tutustu ty\u00f6kaluihin ja toimintamalleihin nykytila.fi -verkkopalvelussa<\/strong><\/a>.<\/p>\n\n\n\n<p><strong>Ruokakunnan ty\u00f6kalujen &amp; toimintamallien avulla kuntaan saadaan:<\/strong><\/p>\n\n\n\n<p>\u2022 Lis\u00e4\u00e4 tietoa ja ymm\u00e4rryst\u00e4 ruokakasvatuksesta kunnan p\u00e4\u00e4t\u00f6ksentekoon<br>\u2022 Ruokakasvatuksen toimijat n\u00e4kyviin ja samaan p\u00f6yt\u00e4\u00e4n<br>\u2022 Lasten kokemus ruokailusta keski\u00f6\u00f6n<br>\u2022 Lis\u00e4\u00e4 ruokakasvatusyhteisty\u00f6t\u00e4 huoltajien kanssa<\/p>\n\n\n\n<p>Ty\u00f6kalut ja toimintamallit on yhteiskehitetty 13 kunnan kanssa osana Ruokakunta -hanketta.<\/p>\n\n\n\n<figure class=\"wp-block-image size-large\"><img loading=\"lazy\" decoding=\"async\" width=\"1024\" height=\"721\" src=\"https:\/\/sites.uef.fi\/kokoava\/wp-content\/uploads\/sites\/275\/2022\/03\/Ruokakunta_Koonti-1024x721.jpg\" alt=\"\" class=\"wp-image-540\" srcset=\"https:\/\/sites.uef.fi\/kokoava\/wp-content\/uploads\/sites\/275\/2022\/03\/Ruokakunta_Koonti-1024x721.jpg 1024w, https:\/\/sites.uef.fi\/kokoava\/wp-content\/uploads\/sites\/275\/2022\/03\/Ruokakunta_Koonti-300x211.jpg 300w, https:\/\/sites.uef.fi\/kokoava\/wp-content\/uploads\/sites\/275\/2022\/03\/Ruokakunta_Koonti-768x541.jpg 768w, https:\/\/sites.uef.fi\/kokoava\/wp-content\/uploads\/sites\/275\/2022\/03\/Ruokakunta_Koonti.jpg 1456w\" sizes=\"auto, (max-width: 1024px) 100vw, 1024px\" \/><\/figure>\n\n\n\n<h2 class=\"wp-block-heading\"><strong>Ruokakunnan julkaisusarja sis\u00e4lt\u00e4\u00e4 seuraavat ty\u00f6kalut ja toimintamallit<\/strong><\/h2>\n\n\n\n<div class=\"wp-block-file\"><a href=\"https:\/\/sites.uef.fi\/kokoava\/wp-content\/uploads\/sites\/275\/2022\/03\/Ruokakunta-Kansilehti_pub.pdf\">Ruokakunta-Kansilehti_pub<\/a><a href=\"https:\/\/sites.uef.fi\/kokoava\/wp-content\/uploads\/sites\/275\/2022\/03\/Ruokakunta-Kansilehti_pub.pdf\" class=\"wp-block-file__button\" download>Lataa<\/a><\/div>\n\n\n\n<h3 class=\"wp-block-heading\">1. Nykytila itsearviointity\u00f6kaluna<\/h3>\n\n\n\n<p>Ruokailun ja ruokakasvatuksen nykytilan arviointi on maksuton ty\u00f6kalu ruokailun ja ruokakasvatuksen n\u00e4kyv\u00e4ksi tekemiseen, arviointiin ja seurantaan p\u00e4iv\u00e4kodeissa ja kouluissa. Nykytila.fi-ty\u00f6kalu auttaa kohdistamaan kehitt\u00e4misty\u00f6ss\u00e4 huomiota niihin asioihin, joissa sit\u00e4 eniten tarvitaan.<\/p>\n\n\n\n<div class=\"wp-block-file\"><a href=\"https:\/\/sites.uef.fi\/kokoava\/wp-content\/uploads\/sites\/275\/2021\/10\/Leaflet_Ruokakunta_Nykytila_itsearviointi_v1_1.pdf\">Nykytila itsearviointity\u00f6kaluna<\/a><a href=\"https:\/\/sites.uef.fi\/kokoava\/wp-content\/uploads\/sites\/275\/2021\/10\/Leaflet_Ruokakunta_Nykytila_itsearviointi_v1_1.pdf\" class=\"wp-block-file__button\" download>Lataa<\/a><\/div>\n\n\n\n<h3 class=\"wp-block-heading\">2. Ruokakasvatuksen py\u00f6re\u00e4 p\u00f6yt\u00e4<\/h3>\n\n\n\n<p>Ruokakasvatuksen py\u00f6re\u00e4 p\u00f6yt\u00e4 on kohtaamis- ja koulutustilaisuus, joka on tarkoitettu jokaiselle kunnan lasten ruokailun ja ruokakasvatuksen parissa aktiivisesti toimivalle ja siit\u00e4 p\u00e4\u00e4tt\u00e4ville. Tilaisuudessa toimijat kokoontuvat saman p\u00f6yd\u00e4n \u00e4\u00e4reen kertomaan ja kuuntelemaan, jakamaan oivalluksia ja kokemuksia sek\u00e4 lis\u00e4\u00e4m\u00e4\u00e4n ymm\u00e4rryst\u00e4 ruokakasvatuksesta. Tavoitteena on luoda konkreettisia askeleita ja suuntaviivoja kunnan yhteiselle ruokakasvatusty\u00f6lle.<\/p>\n\n\n\n<div class=\"wp-block-file\"><a href=\"https:\/\/sites.uef.fi\/kokoava\/wp-content\/uploads\/sites\/275\/2021\/10\/Leaflet_Ruokakunta_Pyo\u0308rea\u0308-Po\u0308yta\u0308_v1_1.pdf\">Ruokakasvatuksen py\u00f6re\u00e4 p\u00f6yt\u00e4<\/a><a href=\"https:\/\/sites.uef.fi\/kokoava\/wp-content\/uploads\/sites\/275\/2021\/10\/Leaflet_Ruokakunta_Pyo\u0308rea\u0308-Po\u0308yta\u0308_v1_1.pdf\" class=\"wp-block-file__button\" download>Lataa<\/a><\/div>\n\n\n\n<h2 class=\"wp-block-heading\">3. Ruokakasvatusty\u00f6ryhm\u00e4<\/h2>\n\n\n\n<p>Lasten ruokailua ja ruokakasvatusta edist\u00e4m\u00e4\u00e4n perustettava kunnan oma moniammatillinen ty\u00f6ryhm\u00e4 koordinoi lasten ruokailun ja ruokakasvatuksen toteuttamista, arviointia ja kehitt\u00e4mist\u00e4 varhaiskasvatuksessa, perusopetuksessa ja muissa lapsia kohtaavissa palveluissa.<\/p>\n\n\n\n<div class=\"wp-block-file\"><a href=\"https:\/\/sites.uef.fi\/kokoava\/wp-content\/uploads\/sites\/275\/2021\/10\/Leaflet_Ruokakunta_Ruokakasvatustyo\u0308ryhma\u0308_v1_1.pdf\">Ruokakasvatusty\u00f6ryhm\u00e4<\/a><a href=\"https:\/\/sites.uef.fi\/kokoava\/wp-content\/uploads\/sites\/275\/2021\/10\/Leaflet_Ruokakunta_Ruokakasvatustyo\u0308ryhma\u0308_v1_1.pdf\" class=\"wp-block-file__button\" download>Lataa<\/a><\/div>\n\n\n\n<h2 class=\"wp-block-heading\">4. Yhteisty\u00f6 huoltajien kanssa<\/h2>\n\n\n\n<p>Lasten ruokailu ja ruokakasvatus tuodaan vahvemmin osaksi huoltajien kanssa teht\u00e4v\u00e4\u00e4 yhteisty\u00f6t\u00e4 varhaiskasvatuksessa. Lapsen sy\u00f6misen ja ruokailun t\u00e4hti ja ruokakasvatuksen perheviestint\u00e4 ovat ty\u00f6v\u00e4lineit\u00e4, jotka tukevat varhaiskasvatuksen ammattilaisten ja perheiden v\u00e4list\u00e4 yhteisty\u00f6t\u00e4 ja keskustelua lapsen sy\u00f6misest\u00e4, ruokailusta ja ruokakasvatuksesta.<\/p>\n\n\n\n<div class=\"wp-block-file\"><a href=\"https:\/\/sites.uef.fi\/kokoava\/wp-content\/uploads\/sites\/275\/2021\/10\/Leaflet_Ruokakunta_Yhteistyo\u0308-huoltajien-kanssa_v1_1.pdf\">Yhteisty\u00f6 huoltajien kanssa<\/a><a href=\"https:\/\/sites.uef.fi\/kokoava\/wp-content\/uploads\/sites\/275\/2021\/10\/Leaflet_Ruokakunta_Yhteistyo\u0308-huoltajien-kanssa_v1_1.pdf\" class=\"wp-block-file__button\" download>Lataa<\/a><\/div>\n\n\n\n<h2 class=\"wp-block-heading\">5. Lapset ruokailua kehitt\u00e4m\u00e4ss\u00e4<\/h2>\n\n\n\n<p>Lapset ruokailua kehitt\u00e4m\u00e4ss\u00e4 -toimintamallissa ruokakasvatusta ja p\u00e4iv\u00e4kodin ruokailua kehitet\u00e4\u00e4n yhdess\u00e4 lasten kanssa, lapsil\u00e4ht\u00f6isin menetelmin osana kokonaisvaltaista ruokakasvatusta.\u202f<\/p>\n\n\n\n<div class=\"wp-block-file\"><a href=\"https:\/\/sites.uef.fi\/kokoava\/wp-content\/uploads\/sites\/275\/2021\/10\/Leaflet_Ruokakunta_Lapset-ruokailua-kehitta\u0308ma\u0308ssa\u0308_v1_1.pdf\">Lapset ruokailua kehitt\u00e4m\u00e4ss\u00e4<\/a><a href=\"https:\/\/sites.uef.fi\/kokoava\/wp-content\/uploads\/sites\/275\/2021\/10\/Leaflet_Ruokakunta_Lapset-ruokailua-kehitta\u0308ma\u0308ssa\u0308_v1_1.pdf\" class=\"wp-block-file__button\" download>Lataa<\/a><\/div>\n\n\n\n<h2 class=\"wp-block-heading\">6. Ruokakasvatuksen pohjapiirros<\/h2>\n\n\n\n<p>Ruokakasvatuksen pohjapiirros on visualisoitu kuvaus kunnan ruokakasvatukseen liittyv\u00e4st\u00e4 verkostosta, sen rakenteista sek\u00e4 toimintaa ohjaavista asiakirjoista ja sopimuksista. N\u00e4in tulee n\u00e4kyv\u00e4ksi polku toimintaa ohjaavista yleisist\u00e4 asiakirjoista, kuten strategiasta ja hyvinvointikertomuksesta kohti ruohonjuuritason toimintaa.<\/p>\n\n\n\n<div class=\"wp-block-file\"><a href=\"https:\/\/sites.uef.fi\/kokoava\/wp-content\/uploads\/sites\/275\/2021\/10\/Leaflet_Ruokakunta_Pohjapiirros_v1_1.pdf\">Ruokakasvatuksen pohjapiirros<\/a><a href=\"https:\/\/sites.uef.fi\/kokoava\/wp-content\/uploads\/sites\/275\/2021\/10\/Leaflet_Ruokakunta_Pohjapiirros_v1_1.pdf\" class=\"wp-block-file__button\" download>Lataa<\/a><\/div>\n\n\n\n<h2 class=\"wp-block-heading\">7. Nykytila hyvinvointikertomukseen<\/h2>\n\n\n\n<p>Nykytila.fi -arviointity\u00f6kalua hy\u00f6dynnet\u00e4\u00e4n kunnan tai maakunnan hyvinvointikertomusty\u00f6skentelyss\u00e4. Kunnan p\u00e4iv\u00e4kodeissa ja kouluissa toteutettujen nykytila-arviointien pohjalta hyvinvointikertomukseen ja -suunnitelmaan voidaan kirjata lasten ruokailua ja ruokakasvatusta koskevat tavoitteet ja konkreettiset toimenpiteet, resurssit ja vastuutahot sek\u00e4 seuranta- ja arviointimittarit.<\/p>\n\n\n\n<div class=\"wp-block-file\"><a href=\"https:\/\/sites.uef.fi\/kokoava\/wp-content\/uploads\/sites\/275\/2021\/10\/Leaflet_Ruokakunta_Nykytila_Hyvinvointikertomus_v1_1.pdf\">Nykytila hyvinvointikertomukseen<\/a><a href=\"https:\/\/sites.uef.fi\/kokoava\/wp-content\/uploads\/sites\/275\/2021\/10\/Leaflet_Ruokakunta_Nykytila_Hyvinvointikertomus_v1_1.pdf\" class=\"wp-block-file__button\" download>Lataa<\/a><\/div>\n","protected":false},"excerpt":{"rendered":"<p>Ruokakunnan ty\u00f6kalut ja toimintamallit Ruokakunnan ty\u00f6kalut &amp; toimintamallit -julkaisusarja tarjoaa kunnille ideoita, oivalluksia ja k\u00e4yt\u00e4nn\u00f6n esimerkkej\u00e4 lasten ruokakasvatuksen moniammatillisen toteuttamisen, kehitt\u00e4misen, seurannan ja arvioinnin tueksi. Julkaisusarja on tarkoitettu kaikille kunnassa lasten ruokailun ja ruokakasvatuksen parissa toimiville ja siit\u00e4 p\u00e4\u00e4tt\u00e4ville ammattilaisille. Tutustu ty\u00f6kaluihin ja toimintamalleihin nykytila.fi -verkkopalvelussa. Ruokakunnan ty\u00f6kalujen &amp; toimintamallien avulla kuntaan saadaan: \u2022 Lis\u00e4\u00e4 [&hellip;]<\/p>\n","protected":false},"author":481,"featured_media":0,"parent":69,"menu_order":2,"comment_status":"closed","ping_status":"closed","template":"","meta":{"_acf_changed":false,"footnotes":""},"class_list":["post-229","page","type-page","status-publish","hentry"],"acf":[],"yoast_head":"<!-- This site is optimized with the Yoast SEO plugin v27.1.1 - https:\/\/yoast.com\/product\/yoast-seo-wordpress\/ -->\n<title>Kunnille - Kokonaisvaltaista ruokakasvatusta varhaiskasvatukseen ja perusopetukseen<\/title>\n<meta name=\"robots\" content=\"index, follow, max-snippet:-1, max-image-preview:large, max-video-preview:-1\" \/>\n<link rel=\"canonical\" href=\"https:\/\/sites.uef.fi\/kokoava\/toimintamallit\/kunnat\/\" \/>\n<meta property=\"og:locale\" content=\"fi_FI\" \/>\n<meta property=\"og:type\" content=\"article\" \/>\n<meta property=\"og:title\" content=\"Kunnille - Kokonaisvaltaista ruokakasvatusta varhaiskasvatukseen ja perusopetukseen\" \/>\n<meta property=\"og:description\" content=\"Ruokakunnan ty\u00f6kalut ja toimintamallit Ruokakunnan ty\u00f6kalut &amp; toimintamallit -julkaisusarja tarjoaa kunnille ideoita, oivalluksia ja k\u00e4yt\u00e4nn\u00f6n esimerkkej\u00e4 lasten ruokakasvatuksen moniammatillisen toteuttamisen, kehitt\u00e4misen, seurannan ja arvioinnin tueksi. Julkaisusarja on tarkoitettu kaikille kunnassa lasten ruokailun ja ruokakasvatuksen parissa toimiville ja siit\u00e4 p\u00e4\u00e4tt\u00e4ville ammattilaisille. Tutustu ty\u00f6kaluihin ja toimintamalleihin nykytila.fi -verkkopalvelussa. Ruokakunnan ty\u00f6kalujen &amp; toimintamallien avulla kuntaan saadaan: \u2022 Lis\u00e4\u00e4 [&hellip;]\" \/>\n<meta property=\"og:url\" content=\"https:\/\/sites.uef.fi\/kokoava\/toimintamallit\/kunnat\/\" \/>\n<meta property=\"og:site_name\" content=\"Kokonaisvaltaista ruokakasvatusta varhaiskasvatukseen ja perusopetukseen\" \/>\n<meta property=\"article:modified_time\" content=\"2022-03-15T13:08:06+00:00\" \/>\n<meta property=\"og:image\" content=\"https:\/\/sites.uef.fi\/kokoava\/wp-content\/uploads\/sites\/275\/2022\/03\/Ruokakunta_Koonti-1024x721.jpg\" \/>\n<meta name=\"twitter:card\" content=\"summary_large_image\" \/>\n<meta name=\"twitter:label1\" content=\"Arvioitu lukuaika\" \/>\n\t<meta name=\"twitter:data1\" content=\"2 minuuttia\" \/>\n<script type=\"application\/ld+json\" class=\"yoast-schema-graph\">{\"@context\":\"https:\/\/schema.org\",\"@graph\":[{\"@type\":\"WebPage\",\"@id\":\"https:\/\/sites.uef.fi\/kokoava\/toimintamallit\/kunnat\/\",\"url\":\"https:\/\/sites.uef.fi\/kokoava\/toimintamallit\/kunnat\/\",\"name\":\"Kunnille - Kokonaisvaltaista ruokakasvatusta varhaiskasvatukseen ja perusopetukseen\",\"isPartOf\":{\"@id\":\"https:\/\/sites.uef.fi\/kokoava\/#website\"},\"primaryImageOfPage\":{\"@id\":\"https:\/\/sites.uef.fi\/kokoava\/toimintamallit\/kunnat\/#primaryimage\"},\"image\":{\"@id\":\"https:\/\/sites.uef.fi\/kokoava\/toimintamallit\/kunnat\/#primaryimage\"},\"thumbnailUrl\":\"https:\/\/sites.uef.fi\/kokoava\/wp-content\/uploads\/sites\/275\/2022\/03\/Ruokakunta_Koonti-1024x721.jpg\",\"datePublished\":\"2021-10-11T10:07:57+00:00\",\"dateModified\":\"2022-03-15T13:08:06+00:00\",\"breadcrumb\":{\"@id\":\"https:\/\/sites.uef.fi\/kokoava\/toimintamallit\/kunnat\/#breadcrumb\"},\"inLanguage\":\"fi\",\"potentialAction\":[{\"@type\":\"ReadAction\",\"target\":[\"https:\/\/sites.uef.fi\/kokoava\/toimintamallit\/kunnat\/\"]}]},{\"@type\":\"ImageObject\",\"inLanguage\":\"fi\",\"@id\":\"https:\/\/sites.uef.fi\/kokoava\/toimintamallit\/kunnat\/#primaryimage\",\"url\":\"https:\/\/sites.uef.fi\/kokoava\/wp-content\/uploads\/sites\/275\/2022\/03\/Ruokakunta_Koonti.jpg\",\"contentUrl\":\"https:\/\/sites.uef.fi\/kokoava\/wp-content\/uploads\/sites\/275\/2022\/03\/Ruokakunta_Koonti.jpg\",\"width\":1456,\"height\":1025},{\"@type\":\"BreadcrumbList\",\"@id\":\"https:\/\/sites.uef.fi\/kokoava\/toimintamallit\/kunnat\/#breadcrumb\",\"itemListElement\":[{\"@type\":\"ListItem\",\"position\":1,\"name\":\"Home\",\"item\":\"https:\/\/sites.uef.fi\/kokoava\/\"},{\"@type\":\"ListItem\",\"position\":2,\"name\":\"Toimintamallit\",\"item\":\"https:\/\/sites.uef.fi\/kokoava\/toimintamallit\/\"},{\"@type\":\"ListItem\",\"position\":3,\"name\":\"Kunnille\"}]},{\"@type\":\"WebSite\",\"@id\":\"https:\/\/sites.uef.fi\/kokoava\/#website\",\"url\":\"https:\/\/sites.uef.fi\/kokoava\/\",\"name\":\"Kokonaisvaltaista ruokakasvatusta varhaiskasvatukseen ja perusopetukseen\",\"description\":\"\",\"potentialAction\":[{\"@type\":\"SearchAction\",\"target\":{\"@type\":\"EntryPoint\",\"urlTemplate\":\"https:\/\/sites.uef.fi\/kokoava\/?s={search_term_string}\"},\"query-input\":{\"@type\":\"PropertyValueSpecification\",\"valueRequired\":true,\"valueName\":\"search_term_string\"}}],\"inLanguage\":\"fi\"}]}<\/script>\n<!-- \/ Yoast SEO plugin. -->","yoast_head_json":{"title":"Kunnille - Kokonaisvaltaista ruokakasvatusta varhaiskasvatukseen ja perusopetukseen","robots":{"index":"index","follow":"follow","max-snippet":"max-snippet:-1","max-image-preview":"max-image-preview:large","max-video-preview":"max-video-preview:-1"},"canonical":"https:\/\/sites.uef.fi\/kokoava\/toimintamallit\/kunnat\/","og_locale":"fi_FI","og_type":"article","og_title":"Kunnille - Kokonaisvaltaista ruokakasvatusta varhaiskasvatukseen ja perusopetukseen","og_description":"Ruokakunnan ty\u00f6kalut ja toimintamallit Ruokakunnan ty\u00f6kalut &amp; toimintamallit -julkaisusarja tarjoaa kunnille ideoita, oivalluksia ja k\u00e4yt\u00e4nn\u00f6n esimerkkej\u00e4 lasten ruokakasvatuksen moniammatillisen toteuttamisen, kehitt\u00e4misen, seurannan ja arvioinnin tueksi. Julkaisusarja on tarkoitettu kaikille kunnassa lasten ruokailun ja ruokakasvatuksen parissa toimiville ja siit\u00e4 p\u00e4\u00e4tt\u00e4ville ammattilaisille. Tutustu ty\u00f6kaluihin ja toimintamalleihin nykytila.fi -verkkopalvelussa. Ruokakunnan ty\u00f6kalujen &amp; toimintamallien avulla kuntaan saadaan: \u2022 Lis\u00e4\u00e4 [&hellip;]","og_url":"https:\/\/sites.uef.fi\/kokoava\/toimintamallit\/kunnat\/","og_site_name":"Kokonaisvaltaista ruokakasvatusta varhaiskasvatukseen ja perusopetukseen","article_modified_time":"2022-03-15T13:08:06+00:00","og_image":[{"url":"https:\/\/sites.uef.fi\/kokoava\/wp-content\/uploads\/sites\/275\/2022\/03\/Ruokakunta_Koonti-1024x721.jpg","type":"","width":"","height":""}],"twitter_card":"summary_large_image","twitter_misc":{"Arvioitu lukuaika":"2 minuuttia"},"schema":{"@context":"https:\/\/schema.org","@graph":[{"@type":"WebPage","@id":"https:\/\/sites.uef.fi\/kokoava\/toimintamallit\/kunnat\/","url":"https:\/\/sites.uef.fi\/kokoava\/toimintamallit\/kunnat\/","name":"Kunnille - Kokonaisvaltaista ruokakasvatusta varhaiskasvatukseen ja perusopetukseen","isPartOf":{"@id":"https:\/\/sites.uef.fi\/kokoava\/#website"},"primaryImageOfPage":{"@id":"https:\/\/sites.uef.fi\/kokoava\/toimintamallit\/kunnat\/#primaryimage"},"image":{"@id":"https:\/\/sites.uef.fi\/kokoava\/toimintamallit\/kunnat\/#primaryimage"},"thumbnailUrl":"https:\/\/sites.uef.fi\/kokoava\/wp-content\/uploads\/sites\/275\/2022\/03\/Ruokakunta_Koonti-1024x721.jpg","datePublished":"2021-10-11T10:07:57+00:00","dateModified":"2022-03-15T13:08:06+00:00","breadcrumb":{"@id":"https:\/\/sites.uef.fi\/kokoava\/toimintamallit\/kunnat\/#breadcrumb"},"inLanguage":"fi","potentialAction":[{"@type":"ReadAction","target":["https:\/\/sites.uef.fi\/kokoava\/toimintamallit\/kunnat\/"]}]},{"@type":"ImageObject","inLanguage":"fi","@id":"https:\/\/sites.uef.fi\/kokoava\/toimintamallit\/kunnat\/#primaryimage","url":"https:\/\/sites.uef.fi\/kokoava\/wp-content\/uploads\/sites\/275\/2022\/03\/Ruokakunta_Koonti.jpg","contentUrl":"https:\/\/sites.uef.fi\/kokoava\/wp-content\/uploads\/sites\/275\/2022\/03\/Ruokakunta_Koonti.jpg","width":1456,"height":1025},{"@type":"BreadcrumbList","@id":"https:\/\/sites.uef.fi\/kokoava\/toimintamallit\/kunnat\/#breadcrumb","itemListElement":[{"@type":"ListItem","position":1,"name":"Home","item":"https:\/\/sites.uef.fi\/kokoava\/"},{"@type":"ListItem","position":2,"name":"Toimintamallit","item":"https:\/\/sites.uef.fi\/kokoava\/toimintamallit\/"},{"@type":"ListItem","position":3,"name":"Kunnille"}]},{"@type":"WebSite","@id":"https:\/\/sites.uef.fi\/kokoava\/#website","url":"https:\/\/sites.uef.fi\/kokoava\/","name":"Kokonaisvaltaista ruokakasvatusta varhaiskasvatukseen ja perusopetukseen","description":"","potentialAction":[{"@type":"SearchAction","target":{"@type":"EntryPoint","urlTemplate":"https:\/\/sites.uef.fi\/kokoava\/?s={search_term_string}"},"query-input":{"@type":"PropertyValueSpecification","valueRequired":true,"valueName":"search_term_string"}}],"inLanguage":"fi"}]}},"_links":{"self":[{"href":"https:\/\/sites.uef.fi\/kokoava\/wp-json\/wp\/v2\/pages\/229","targetHints":{"allow":["GET"]}}],"collection":[{"href":"https:\/\/sites.uef.fi\/kokoava\/wp-json\/wp\/v2\/pages"}],"about":[{"href":"https:\/\/sites.uef.fi\/kokoava\/wp-json\/wp\/v2\/types\/page"}],"author":[{"embeddable":true,"href":"https:\/\/sites.uef.fi\/kokoava\/wp-json\/wp\/v2\/users\/481"}],"replies":[{"embeddable":true,"href":"https:\/\/sites.uef.fi\/kokoava\/wp-json\/wp\/v2\/comments?post=229"}],"version-history":[{"count":2,"href":"https:\/\/sites.uef.fi\/kokoava\/wp-json\/wp\/v2\/pages\/229\/revisions"}],"predecessor-version":[{"id":543,"href":"https:\/\/sites.uef.fi\/kokoava\/wp-json\/wp\/v2\/pages\/229\/revisions\/543"}],"up":[{"embeddable":true,"href":"https:\/\/sites.uef.fi\/kokoava\/wp-json\/wp\/v2\/pages\/69"}],"wp:attachment":[{"href":"https:\/\/sites.uef.fi\/kokoava\/wp-json\/wp\/v2\/media?parent=229"}],"curies":[{"name":"wp","href":"https:\/\/api.w.org\/{rel}","templated":true}]}}