{"id":376,"date":"2021-10-21T14:46:07","date_gmt":"2021-10-21T11:46:07","guid":{"rendered":"https:\/\/sites.uef.fi\/kokoava\/?page_id=376"},"modified":"2022-01-20T10:50:53","modified_gmt":"2022-01-20T08:50:53","slug":"paivakodit-ja-koulut","status":"publish","type":"page","link":"https:\/\/sites.uef.fi\/kokoava\/toimintamallit\/paivakodit-ja-koulut\/","title":{"rendered":"P\u00e4iv\u00e4kodeille ja kouluille"},"content":{"rendered":"\n<h1 class=\"wp-block-heading\">Toimintamallit p\u00e4iv\u00e4kotien ja koulujen ruokakasvatukseen<\/h1>\n\n\n\n<p>Ty\u00f6kalun ruokailun ja ruokakasvatuksen arviointiin tarjoaa <a href=\"http:\/\/www.nykytila.fi\/\"><strong>nykytila.fi<\/strong><\/a> -verkkopalvelu.<\/p>\n\n\n\n<div style=\"height:28px\" aria-hidden=\"true\" class=\"wp-block-spacer\"><\/div>\n\n\n\n<figure class=\"wp-block-image size-large\"><img loading=\"lazy\" decoding=\"async\" width=\"800\" height=\"347\" src=\"https:\/\/sites.uef.fi\/kokoava\/wp-content\/uploads\/sites\/275\/2021\/02\/MaistuvaKoulu_nykytila_verkkosivut.png\" alt=\"\" class=\"wp-image-108\" srcset=\"https:\/\/sites.uef.fi\/kokoava\/wp-content\/uploads\/sites\/275\/2021\/02\/MaistuvaKoulu_nykytila_verkkosivut.png 800w, https:\/\/sites.uef.fi\/kokoava\/wp-content\/uploads\/sites\/275\/2021\/02\/MaistuvaKoulu_nykytila_verkkosivut-300x130.png 300w, https:\/\/sites.uef.fi\/kokoava\/wp-content\/uploads\/sites\/275\/2021\/02\/MaistuvaKoulu_nykytila_verkkosivut-768x333.png 768w\" sizes=\"auto, (max-width: 800px) 100vw, 800px\" \/><\/figure>\n\n\n\n<h1 class=\"wp-block-heading\">Ruokakasvatuksen kehitt\u00e4minen varhaiskasvatuksessa<\/h1>\n\n\n\n<ul class=\"wp-block-list\"><li><strong><a href=\"https:\/\/neuvokasperhe.fi\/ammattilaiset\/ruokakasvatus\/\" data-type=\"URL\" data-id=\"https:\/\/neuvokasperhe.fi\/ammattilaiset\/ruokakasvatus\/\">Neuvokas perhe ruokakasva<\/a><\/strong><a href=\"https:\/\/neuvokasperhe.fi\/ammattilaiset\/ruokakasvatus\/\" data-type=\"URL\" data-id=\"https:\/\/neuvokasperhe.fi\/ammattilaiset\/ruokakasvatus\/\"><strong>tus<\/strong> <\/a>on k\u00e4ytt\u00e4j\u00e4l\u00e4ht\u00f6inen verkkopalvelu varhaiskasvatuksen henkil\u00f6st\u00f6lle, ruokapalveluille sek\u00e4 tuleville ammattilaisille. Se tarjoaa tietoa, ty\u00f6kaluja ja koulutusta ruokakasvatukseen.<\/li><li>Neuvokas perhe ruokakasvatus &#8211;<a href=\"https:\/\/neuvokasperhe.fi\/ammattilaiset\/koulutukset\/ruokakasvatuksen-verkkokurssi\/\" data-type=\"URL\" data-id=\"https:\/\/neuvokasperhe.fi\/ammattilaiset\/koulutukset\/ruokakasvatuksen-verkkokurssi\/\"><strong>verkkokoulutus<\/strong><\/a><\/li><li><strong><a href=\"https:\/\/sydanliitto.us14.list-manage.com\/subscribe?u=b8cce4679433f7f983fe71744&amp;id=54287bd96d\">Tilaa<\/a><\/strong> varhaiskasvatuksen ammattilaisille suunnattu Neuvokkaan perheen uutiskirje<\/li><\/ul>\n\n\n\n<figure class=\"wp-block-image size-large\"><img loading=\"lazy\" decoding=\"async\" width=\"1024\" height=\"724\" src=\"https:\/\/sites.uef.fi\/kokoava\/wp-content\/uploads\/sites\/275\/2021\/08\/NP_5_askelta_edista-ruokakasvatusta-1024x724-1.jpg\" alt=\"\" class=\"wp-image-200\" srcset=\"https:\/\/sites.uef.fi\/kokoava\/wp-content\/uploads\/sites\/275\/2021\/08\/NP_5_askelta_edista-ruokakasvatusta-1024x724-1.jpg 1024w, https:\/\/sites.uef.fi\/kokoava\/wp-content\/uploads\/sites\/275\/2021\/08\/NP_5_askelta_edista-ruokakasvatusta-1024x724-1-300x212.jpg 300w, https:\/\/sites.uef.fi\/kokoava\/wp-content\/uploads\/sites\/275\/2021\/08\/NP_5_askelta_edista-ruokakasvatusta-1024x724-1-768x543.jpg 768w\" sizes=\"auto, (max-width: 1024px) 100vw, 1024px\" \/><\/figure>\n\n\n\n<h1 class=\"wp-block-heading\">Ruokakasvatuksen kehitt\u00e4minen peruskoulussa<\/h1>\n\n\n\n<ul class=\"wp-block-list\"><li><strong><a href=\"http:\/\/www.maistuvakoulu.fi\" data-type=\"URL\" data-id=\"www.maistuvakoulu.fi\">Maistuva koulu<\/a><\/strong> on toimintamalli alakoulun osallistavaan ruokakasvatukseen, joka yhdist\u00e4\u00e4 eri oppiaineet ja kouluruokailun.<\/li><li>Maistuva koulu &#8211;<strong><a href=\"https:\/\/maistuvakoulu.fi\/koulutus-opettajille\/\" data-type=\"URL\" data-id=\"https:\/\/maistuvakoulu.fi\/koulutus-opettajille\/\">verkkokoulutus<\/a><\/strong><\/li><li><strong><a href=\"https:\/\/maistuvakoulu.us20.list-manage.com\/subscribe\/post?u=2e521bfec7ea8f7e106522158&amp;id=e612271c17\">Tilaa<\/a><\/strong> Maistuvan koulun uutiskirje<\/li><\/ul>\n\n\n\n<div style=\"height:26px\" aria-hidden=\"true\" class=\"wp-block-spacer\"><\/div>\n\n\n\n<figure class=\"wp-block-image size-large\"><img loading=\"lazy\" decoding=\"async\" width=\"1024\" height=\"484\" src=\"https:\/\/sites.uef.fi\/kokoava\/wp-content\/uploads\/sites\/275\/2021\/02\/Maistuva-koulu_prosessi-1024x484.png\" alt=\"\" class=\"wp-image-129\" srcset=\"https:\/\/sites.uef.fi\/kokoava\/wp-content\/uploads\/sites\/275\/2021\/02\/Maistuva-koulu_prosessi-1024x484.png 1024w, https:\/\/sites.uef.fi\/kokoava\/wp-content\/uploads\/sites\/275\/2021\/02\/Maistuva-koulu_prosessi-300x142.png 300w, https:\/\/sites.uef.fi\/kokoava\/wp-content\/uploads\/sites\/275\/2021\/02\/Maistuva-koulu_prosessi-768x363.png 768w, https:\/\/sites.uef.fi\/kokoava\/wp-content\/uploads\/sites\/275\/2021\/02\/Maistuva-koulu_prosessi-1536x726.png 1536w, https:\/\/sites.uef.fi\/kokoava\/wp-content\/uploads\/sites\/275\/2021\/02\/Maistuva-koulu_prosessi.png 1597w\" sizes=\"auto, (max-width: 1024px) 100vw, 1024px\" \/><\/figure>\n","protected":false},"excerpt":{"rendered":"<p>Toimintamallit p\u00e4iv\u00e4kotien ja koulujen ruokakasvatukseen Ty\u00f6kalun ruokailun ja ruokakasvatuksen arviointiin tarjoaa nykytila.fi -verkkopalvelu. Ruokakasvatuksen kehitt\u00e4minen varhaiskasvatuksessa Neuvokas perhe ruokakasvatus on k\u00e4ytt\u00e4j\u00e4l\u00e4ht\u00f6inen verkkopalvelu varhaiskasvatuksen henkil\u00f6st\u00f6lle, ruokapalveluille sek\u00e4 tuleville ammattilaisille. Se tarjoaa tietoa, ty\u00f6kaluja ja koulutusta ruokakasvatukseen. Neuvokas perhe ruokakasvatus &#8211;verkkokoulutus Tilaa varhaiskasvatuksen ammattilaisille suunnattu Neuvokkaan perheen uutiskirje Ruokakasvatuksen kehitt\u00e4minen peruskoulussa Maistuva koulu on toimintamalli alakoulun osallistavaan [&hellip;]<\/p>\n","protected":false},"author":481,"featured_media":0,"parent":69,"menu_order":1,"comment_status":"closed","ping_status":"closed","template":"","meta":{"_acf_changed":false,"footnotes":""},"class_list":["post-376","page","type-page","status-publish","hentry"],"acf":[],"yoast_head":"<!-- This site is optimized with the Yoast SEO plugin v27.1.1 - https:\/\/yoast.com\/product\/yoast-seo-wordpress\/ -->\n<title>P\u00e4iv\u00e4kodeille ja kouluille - Kokonaisvaltaista ruokakasvatusta varhaiskasvatukseen ja perusopetukseen<\/title>\n<meta name=\"robots\" content=\"index, follow, max-snippet:-1, max-image-preview:large, max-video-preview:-1\" \/>\n<link rel=\"canonical\" href=\"https:\/\/sites.uef.fi\/kokoava\/toimintamallit\/paivakodit-ja-koulut\/\" \/>\n<meta property=\"og:locale\" content=\"fi_FI\" \/>\n<meta property=\"og:type\" content=\"article\" \/>\n<meta property=\"og:title\" content=\"P\u00e4iv\u00e4kodeille ja kouluille - Kokonaisvaltaista ruokakasvatusta varhaiskasvatukseen ja perusopetukseen\" \/>\n<meta property=\"og:description\" content=\"Toimintamallit p\u00e4iv\u00e4kotien ja koulujen ruokakasvatukseen Ty\u00f6kalun ruokailun ja ruokakasvatuksen arviointiin tarjoaa nykytila.fi -verkkopalvelu. Ruokakasvatuksen kehitt\u00e4minen varhaiskasvatuksessa Neuvokas perhe ruokakasvatus on k\u00e4ytt\u00e4j\u00e4l\u00e4ht\u00f6inen verkkopalvelu varhaiskasvatuksen henkil\u00f6st\u00f6lle, ruokapalveluille sek\u00e4 tuleville ammattilaisille. Se tarjoaa tietoa, ty\u00f6kaluja ja koulutusta ruokakasvatukseen. Neuvokas perhe ruokakasvatus &#8211;verkkokoulutus Tilaa varhaiskasvatuksen ammattilaisille suunnattu Neuvokkaan perheen uutiskirje Ruokakasvatuksen kehitt\u00e4minen peruskoulussa Maistuva koulu on toimintamalli alakoulun osallistavaan [&hellip;]\" \/>\n<meta property=\"og:url\" content=\"https:\/\/sites.uef.fi\/kokoava\/toimintamallit\/paivakodit-ja-koulut\/\" \/>\n<meta property=\"og:site_name\" content=\"Kokonaisvaltaista ruokakasvatusta varhaiskasvatukseen ja perusopetukseen\" \/>\n<meta property=\"article:modified_time\" content=\"2022-01-20T08:50:53+00:00\" \/>\n<meta property=\"og:image\" content=\"https:\/\/sites.uef.fi\/kokoava\/wp-content\/uploads\/sites\/275\/2021\/02\/MaistuvaKoulu_nykytila_verkkosivut.png\" \/>\n<meta name=\"twitter:card\" content=\"summary_large_image\" \/>\n<script type=\"application\/ld+json\" class=\"yoast-schema-graph\">{\"@context\":\"https:\/\/schema.org\",\"@graph\":[{\"@type\":\"WebPage\",\"@id\":\"https:\/\/sites.uef.fi\/kokoava\/toimintamallit\/paivakodit-ja-koulut\/\",\"url\":\"https:\/\/sites.uef.fi\/kokoava\/toimintamallit\/paivakodit-ja-koulut\/\",\"name\":\"P\u00e4iv\u00e4kodeille ja kouluille - Kokonaisvaltaista ruokakasvatusta varhaiskasvatukseen ja perusopetukseen\",\"isPartOf\":{\"@id\":\"https:\/\/sites.uef.fi\/kokoava\/#website\"},\"primaryImageOfPage\":{\"@id\":\"https:\/\/sites.uef.fi\/kokoava\/toimintamallit\/paivakodit-ja-koulut\/#primaryimage\"},\"image\":{\"@id\":\"https:\/\/sites.uef.fi\/kokoava\/toimintamallit\/paivakodit-ja-koulut\/#primaryimage\"},\"thumbnailUrl\":\"https:\/\/sites.uef.fi\/kokoava\/wp-content\/uploads\/sites\/275\/2021\/02\/MaistuvaKoulu_nykytila_verkkosivut.png\",\"datePublished\":\"2021-10-21T11:46:07+00:00\",\"dateModified\":\"2022-01-20T08:50:53+00:00\",\"breadcrumb\":{\"@id\":\"https:\/\/sites.uef.fi\/kokoava\/toimintamallit\/paivakodit-ja-koulut\/#breadcrumb\"},\"inLanguage\":\"fi\",\"potentialAction\":[{\"@type\":\"ReadAction\",\"target\":[\"https:\/\/sites.uef.fi\/kokoava\/toimintamallit\/paivakodit-ja-koulut\/\"]}]},{\"@type\":\"ImageObject\",\"inLanguage\":\"fi\",\"@id\":\"https:\/\/sites.uef.fi\/kokoava\/toimintamallit\/paivakodit-ja-koulut\/#primaryimage\",\"url\":\"https:\/\/sites.uef.fi\/kokoava\/wp-content\/uploads\/sites\/275\/2021\/02\/MaistuvaKoulu_nykytila_verkkosivut.png\",\"contentUrl\":\"https:\/\/sites.uef.fi\/kokoava\/wp-content\/uploads\/sites\/275\/2021\/02\/MaistuvaKoulu_nykytila_verkkosivut.png\",\"width\":800,\"height\":347,\"caption\":\"Ruokailun ja ruokakasvatuksen nykytilan arvioinnin toteutus ja merkitys kuvattuna viiden askeleen polkuna. 1. Arviointi kouluissa ja p\u00e4iv\u00e4kodeissa 2. Lis\u00e4\u00e4 suunnitelmallisuutta 3. Ty\u00f6 n\u00e4kyv\u00e4ksi 4. Tietoa p\u00e4\u00e4t\u00f6ksentekoon ja kehitt\u00e4miseen 5. Lis\u00e4\u00e4 ruokailoa ja ruokakasvatusta kuntaan\"},{\"@type\":\"BreadcrumbList\",\"@id\":\"https:\/\/sites.uef.fi\/kokoava\/toimintamallit\/paivakodit-ja-koulut\/#breadcrumb\",\"itemListElement\":[{\"@type\":\"ListItem\",\"position\":1,\"name\":\"Home\",\"item\":\"https:\/\/sites.uef.fi\/kokoava\/\"},{\"@type\":\"ListItem\",\"position\":2,\"name\":\"Toimintamallit\",\"item\":\"https:\/\/sites.uef.fi\/kokoava\/toimintamallit\/\"},{\"@type\":\"ListItem\",\"position\":3,\"name\":\"P\u00e4iv\u00e4kodeille ja kouluille\"}]},{\"@type\":\"WebSite\",\"@id\":\"https:\/\/sites.uef.fi\/kokoava\/#website\",\"url\":\"https:\/\/sites.uef.fi\/kokoava\/\",\"name\":\"Kokonaisvaltaista ruokakasvatusta varhaiskasvatukseen ja perusopetukseen\",\"description\":\"\",\"potentialAction\":[{\"@type\":\"SearchAction\",\"target\":{\"@type\":\"EntryPoint\",\"urlTemplate\":\"https:\/\/sites.uef.fi\/kokoava\/?s={search_term_string}\"},\"query-input\":{\"@type\":\"PropertyValueSpecification\",\"valueRequired\":true,\"valueName\":\"search_term_string\"}}],\"inLanguage\":\"fi\"}]}<\/script>\n<!-- \/ Yoast SEO plugin. -->","yoast_head_json":{"title":"P\u00e4iv\u00e4kodeille ja kouluille - Kokonaisvaltaista ruokakasvatusta varhaiskasvatukseen ja perusopetukseen","robots":{"index":"index","follow":"follow","max-snippet":"max-snippet:-1","max-image-preview":"max-image-preview:large","max-video-preview":"max-video-preview:-1"},"canonical":"https:\/\/sites.uef.fi\/kokoava\/toimintamallit\/paivakodit-ja-koulut\/","og_locale":"fi_FI","og_type":"article","og_title":"P\u00e4iv\u00e4kodeille ja kouluille - Kokonaisvaltaista ruokakasvatusta varhaiskasvatukseen ja perusopetukseen","og_description":"Toimintamallit p\u00e4iv\u00e4kotien ja koulujen ruokakasvatukseen Ty\u00f6kalun ruokailun ja ruokakasvatuksen arviointiin tarjoaa nykytila.fi -verkkopalvelu. Ruokakasvatuksen kehitt\u00e4minen varhaiskasvatuksessa Neuvokas perhe ruokakasvatus on k\u00e4ytt\u00e4j\u00e4l\u00e4ht\u00f6inen verkkopalvelu varhaiskasvatuksen henkil\u00f6st\u00f6lle, ruokapalveluille sek\u00e4 tuleville ammattilaisille. Se tarjoaa tietoa, ty\u00f6kaluja ja koulutusta ruokakasvatukseen. Neuvokas perhe ruokakasvatus &#8211;verkkokoulutus Tilaa varhaiskasvatuksen ammattilaisille suunnattu Neuvokkaan perheen uutiskirje Ruokakasvatuksen kehitt\u00e4minen peruskoulussa Maistuva koulu on toimintamalli alakoulun osallistavaan [&hellip;]","og_url":"https:\/\/sites.uef.fi\/kokoava\/toimintamallit\/paivakodit-ja-koulut\/","og_site_name":"Kokonaisvaltaista ruokakasvatusta varhaiskasvatukseen ja perusopetukseen","article_modified_time":"2022-01-20T08:50:53+00:00","og_image":[{"url":"https:\/\/sites.uef.fi\/kokoava\/wp-content\/uploads\/sites\/275\/2021\/02\/MaistuvaKoulu_nykytila_verkkosivut.png","type":"","width":"","height":""}],"twitter_card":"summary_large_image","schema":{"@context":"https:\/\/schema.org","@graph":[{"@type":"WebPage","@id":"https:\/\/sites.uef.fi\/kokoava\/toimintamallit\/paivakodit-ja-koulut\/","url":"https:\/\/sites.uef.fi\/kokoava\/toimintamallit\/paivakodit-ja-koulut\/","name":"P\u00e4iv\u00e4kodeille ja kouluille - Kokonaisvaltaista ruokakasvatusta varhaiskasvatukseen ja perusopetukseen","isPartOf":{"@id":"https:\/\/sites.uef.fi\/kokoava\/#website"},"primaryImageOfPage":{"@id":"https:\/\/sites.uef.fi\/kokoava\/toimintamallit\/paivakodit-ja-koulut\/#primaryimage"},"image":{"@id":"https:\/\/sites.uef.fi\/kokoava\/toimintamallit\/paivakodit-ja-koulut\/#primaryimage"},"thumbnailUrl":"https:\/\/sites.uef.fi\/kokoava\/wp-content\/uploads\/sites\/275\/2021\/02\/MaistuvaKoulu_nykytila_verkkosivut.png","datePublished":"2021-10-21T11:46:07+00:00","dateModified":"2022-01-20T08:50:53+00:00","breadcrumb":{"@id":"https:\/\/sites.uef.fi\/kokoava\/toimintamallit\/paivakodit-ja-koulut\/#breadcrumb"},"inLanguage":"fi","potentialAction":[{"@type":"ReadAction","target":["https:\/\/sites.uef.fi\/kokoava\/toimintamallit\/paivakodit-ja-koulut\/"]}]},{"@type":"ImageObject","inLanguage":"fi","@id":"https:\/\/sites.uef.fi\/kokoava\/toimintamallit\/paivakodit-ja-koulut\/#primaryimage","url":"https:\/\/sites.uef.fi\/kokoava\/wp-content\/uploads\/sites\/275\/2021\/02\/MaistuvaKoulu_nykytila_verkkosivut.png","contentUrl":"https:\/\/sites.uef.fi\/kokoava\/wp-content\/uploads\/sites\/275\/2021\/02\/MaistuvaKoulu_nykytila_verkkosivut.png","width":800,"height":347,"caption":"Ruokailun ja ruokakasvatuksen nykytilan arvioinnin toteutus ja merkitys kuvattuna viiden askeleen polkuna. 1. Arviointi kouluissa ja p\u00e4iv\u00e4kodeissa 2. Lis\u00e4\u00e4 suunnitelmallisuutta 3. Ty\u00f6 n\u00e4kyv\u00e4ksi 4. Tietoa p\u00e4\u00e4t\u00f6ksentekoon ja kehitt\u00e4miseen 5. Lis\u00e4\u00e4 ruokailoa ja ruokakasvatusta kuntaan"},{"@type":"BreadcrumbList","@id":"https:\/\/sites.uef.fi\/kokoava\/toimintamallit\/paivakodit-ja-koulut\/#breadcrumb","itemListElement":[{"@type":"ListItem","position":1,"name":"Home","item":"https:\/\/sites.uef.fi\/kokoava\/"},{"@type":"ListItem","position":2,"name":"Toimintamallit","item":"https:\/\/sites.uef.fi\/kokoava\/toimintamallit\/"},{"@type":"ListItem","position":3,"name":"P\u00e4iv\u00e4kodeille ja kouluille"}]},{"@type":"WebSite","@id":"https:\/\/sites.uef.fi\/kokoava\/#website","url":"https:\/\/sites.uef.fi\/kokoava\/","name":"Kokonaisvaltaista ruokakasvatusta varhaiskasvatukseen ja perusopetukseen","description":"","potentialAction":[{"@type":"SearchAction","target":{"@type":"EntryPoint","urlTemplate":"https:\/\/sites.uef.fi\/kokoava\/?s={search_term_string}"},"query-input":{"@type":"PropertyValueSpecification","valueRequired":true,"valueName":"search_term_string"}}],"inLanguage":"fi"}]}},"_links":{"self":[{"href":"https:\/\/sites.uef.fi\/kokoava\/wp-json\/wp\/v2\/pages\/376","targetHints":{"allow":["GET"]}}],"collection":[{"href":"https:\/\/sites.uef.fi\/kokoava\/wp-json\/wp\/v2\/pages"}],"about":[{"href":"https:\/\/sites.uef.fi\/kokoava\/wp-json\/wp\/v2\/types\/page"}],"author":[{"embeddable":true,"href":"https:\/\/sites.uef.fi\/kokoava\/wp-json\/wp\/v2\/users\/481"}],"replies":[{"embeddable":true,"href":"https:\/\/sites.uef.fi\/kokoava\/wp-json\/wp\/v2\/comments?post=376"}],"version-history":[{"count":1,"href":"https:\/\/sites.uef.fi\/kokoava\/wp-json\/wp\/v2\/pages\/376\/revisions"}],"predecessor-version":[{"id":382,"href":"https:\/\/sites.uef.fi\/kokoava\/wp-json\/wp\/v2\/pages\/376\/revisions\/382"}],"up":[{"embeddable":true,"href":"https:\/\/sites.uef.fi\/kokoava\/wp-json\/wp\/v2\/pages\/69"}],"wp:attachment":[{"href":"https:\/\/sites.uef.fi\/kokoava\/wp-json\/wp\/v2\/media?parent=376"}],"curies":[{"name":"wp","href":"https:\/\/api.w.org\/{rel}","templated":true}]}}