{"id":453,"date":"2022-01-20T10:42:11","date_gmt":"2022-01-20T08:42:11","guid":{"rendered":"https:\/\/sites.uef.fi\/kokoava\/?page_id=453"},"modified":"2023-08-21T12:05:17","modified_gmt":"2023-08-21T09:05:17","slug":"vastuuopettajat","status":"publish","type":"page","link":"https:\/\/sites.uef.fi\/kokoava\/toimintamallit\/vastuuopettajat\/","title":{"rendered":"Ruokakasvatuksen vastuuopettajat"},"content":{"rendered":"\n<h1 class=\"wp-block-heading\"><\/h1>\n\n\n\n<ul class=\"wp-block-list\">\n<li>Nimet\u00e4\u00e4n jokaiseen varhaiskasvatuksen<strong>\/<\/strong>perusopetuksen yksikk\u00f6\u00f6n 1-2 ruokakasvatuksen vastuuopettajaa. Esimerkiksi:\n<ul class=\"wp-block-list\">\n<li>varhaiskasvatuksen opettaja (ja yksik\u00f6n johtaja tai varhaiskasvatuksen hoitaja)<\/li>\n\n\n\n<li>alakoulussa luokanopettaja tai ty\u00f6pari<\/li>\n\n\n\n<li>yhten\u00e4iskoulussa on suositeltavaa olla aina kaksi vastuuopettajaa: luokanopettaja ja aineenopettaja<\/li>\n<\/ul>\n<\/li>\n\n\n\n<li>Osallistuu alkusyksyll\u00e4 vastuuopettajien verkkokoulutukseen joko to 25.8. tai ke 7.9. klo 12-14<\/li>\n\n\n\n<li>Osallistuu ruokakasvatuksen py\u00f6re\u00e4 p\u00f6yt\u00e4 -tilaisuuksiin kunnassa kerran syksyll\u00e4 ja kerran kev\u00e4\u00e4ll\u00e4<\/li>\n\n\n\n<li>Tilaa <a href=\"https:\/\/sydanliitto.us14.list-manage.com\/subscribe?u=b8cce4679433f7f983fe71744&amp;id=54287bd96d\">Neuvokas perhe ruokakasvatuksen<\/a><strong>\/<\/strong><a href=\"https:\/\/maistuvakoulu.us20.list-manage.com\/subscribe\/post?u=2e521bfec7ea8f7e106522158&amp;id=e612271c17\">Maistuvan koulun<\/a> uutiskirjeen ja kannustaa my\u00f6s muuta henkil\u00f6st\u00f6\u00e4 tilaamaan sen<\/li>\n\n\n\n<li>Huolehtii yhdess\u00e4 yksik\u00f6n johtajan kanssa siit\u00e4, ett\u00e4 p\u00e4iv\u00e4kodissa<strong>\/<\/strong>koulussa toteutetaan <a href=\"http:\/\/www.nykytila.fi\" data-type=\"URL\" data-id=\"www.nykytila.fi\">ruokailun ja ruokakasvatuksen nykytilan arviointi<\/a> syksyll\u00e4 ja kev\u00e4\u00e4ll\u00e4 <\/li>\n\n\n\n<li>On mukana tekem\u00e4ss\u00e4 ruokakasvatuksen toimintasuunnitelmaa p\u00e4iv\u00e4kodille<em>\/<\/em>koululle <\/li>\n\n\n\n<li>Kannustaa p\u00e4iv\u00e4kodin<strong>\/<\/strong>koulun henkil\u00f6st\u00f6\u00e4 toteuttamaan <a href=\"https:\/\/neuvokasperhe.fi\/ammattilaiset\/tyovalineet\/ideakortit\/\">Neuvokas perhe ruokakasvatuksen<\/a><strong>\/<\/strong><a href=\"https:\/\/maistuvakoulu.fi\/ideapankki\/\">Maistuvan koulun<\/a> ideapankin ideoita koko lukuvuoden ajan. Tavoitteena toteuttaa yksi idea kuukaudessa.<\/li>\n\n\n\n<li>Voi osallistua <a href=\"https:\/\/www.uef.fi\/fi\/jatkuva-oppiminen\/kasvatuksen-ammattilainen-ruokakasvattajana\">t\u00e4ydennyskoulutuskokonaisuuteen<\/a> sek\u00e4 <a href=\"https:\/\/ruokakasvatus.fi\/tulevat-tapahtumat\/\">webinaareihin <\/a><\/li>\n\n\n\n<li>Mentoroidussa p\u00e4iv\u00e4kodissa<strong>\/<\/strong>koulussa ruokakasvatuksen asiantuntija tukee vastuuopettajaa olemalla yhteydess\u00e4 noin kerran kuussa.<\/li>\n<\/ul>\n","protected":false},"excerpt":{"rendered":"","protected":false},"author":481,"featured_media":0,"parent":69,"menu_order":0,"comment_status":"closed","ping_status":"closed","template":"","meta":{"_acf_changed":false,"footnotes":""},"class_list":["post-453","page","type-page","status-publish","hentry"],"acf":[],"yoast_head":"<!-- This site is optimized with the Yoast SEO plugin v27.1.1 - https:\/\/yoast.com\/product\/yoast-seo-wordpress\/ -->\n<title>Ruokakasvatuksen vastuuopettajat - Kokonaisvaltaista ruokakasvatusta varhaiskasvatukseen ja perusopetukseen<\/title>\n<meta name=\"robots\" content=\"index, follow, max-snippet:-1, max-image-preview:large, max-video-preview:-1\" \/>\n<link rel=\"canonical\" href=\"https:\/\/sites.uef.fi\/kokoava\/toimintamallit\/vastuuopettajat\/\" \/>\n<meta property=\"og:locale\" content=\"fi_FI\" \/>\n<meta property=\"og:type\" content=\"article\" \/>\n<meta property=\"og:title\" content=\"Ruokakasvatuksen vastuuopettajat - Kokonaisvaltaista ruokakasvatusta varhaiskasvatukseen ja perusopetukseen\" \/>\n<meta property=\"og:url\" content=\"https:\/\/sites.uef.fi\/kokoava\/toimintamallit\/vastuuopettajat\/\" \/>\n<meta property=\"og:site_name\" content=\"Kokonaisvaltaista ruokakasvatusta varhaiskasvatukseen ja perusopetukseen\" \/>\n<meta property=\"article:modified_time\" content=\"2023-08-21T09:05:17+00:00\" \/>\n<meta name=\"twitter:card\" content=\"summary_large_image\" \/>\n<meta name=\"twitter:label1\" content=\"Arvioitu lukuaika\" \/>\n\t<meta name=\"twitter:data1\" content=\"1 minuutti\" \/>\n<script type=\"application\/ld+json\" class=\"yoast-schema-graph\">{\"@context\":\"https:\/\/schema.org\",\"@graph\":[{\"@type\":\"WebPage\",\"@id\":\"https:\/\/sites.uef.fi\/kokoava\/toimintamallit\/vastuuopettajat\/\",\"url\":\"https:\/\/sites.uef.fi\/kokoava\/toimintamallit\/vastuuopettajat\/\",\"name\":\"Ruokakasvatuksen vastuuopettajat - Kokonaisvaltaista ruokakasvatusta varhaiskasvatukseen ja perusopetukseen\",\"isPartOf\":{\"@id\":\"https:\/\/sites.uef.fi\/kokoava\/#website\"},\"datePublished\":\"2022-01-20T08:42:11+00:00\",\"dateModified\":\"2023-08-21T09:05:17+00:00\",\"breadcrumb\":{\"@id\":\"https:\/\/sites.uef.fi\/kokoava\/toimintamallit\/vastuuopettajat\/#breadcrumb\"},\"inLanguage\":\"fi\",\"potentialAction\":[{\"@type\":\"ReadAction\",\"target\":[\"https:\/\/sites.uef.fi\/kokoava\/toimintamallit\/vastuuopettajat\/\"]}]},{\"@type\":\"BreadcrumbList\",\"@id\":\"https:\/\/sites.uef.fi\/kokoava\/toimintamallit\/vastuuopettajat\/#breadcrumb\",\"itemListElement\":[{\"@type\":\"ListItem\",\"position\":1,\"name\":\"Home\",\"item\":\"https:\/\/sites.uef.fi\/kokoava\/\"},{\"@type\":\"ListItem\",\"position\":2,\"name\":\"Toimintamallit\",\"item\":\"https:\/\/sites.uef.fi\/kokoava\/toimintamallit\/\"},{\"@type\":\"ListItem\",\"position\":3,\"name\":\"Ruokakasvatuksen vastuuopettajat\"}]},{\"@type\":\"WebSite\",\"@id\":\"https:\/\/sites.uef.fi\/kokoava\/#website\",\"url\":\"https:\/\/sites.uef.fi\/kokoava\/\",\"name\":\"Kokonaisvaltaista ruokakasvatusta varhaiskasvatukseen ja perusopetukseen\",\"description\":\"\",\"potentialAction\":[{\"@type\":\"SearchAction\",\"target\":{\"@type\":\"EntryPoint\",\"urlTemplate\":\"https:\/\/sites.uef.fi\/kokoava\/?s={search_term_string}\"},\"query-input\":{\"@type\":\"PropertyValueSpecification\",\"valueRequired\":true,\"valueName\":\"search_term_string\"}}],\"inLanguage\":\"fi\"}]}<\/script>\n<!-- \/ Yoast SEO plugin. -->","yoast_head_json":{"title":"Ruokakasvatuksen vastuuopettajat - Kokonaisvaltaista ruokakasvatusta varhaiskasvatukseen ja perusopetukseen","robots":{"index":"index","follow":"follow","max-snippet":"max-snippet:-1","max-image-preview":"max-image-preview:large","max-video-preview":"max-video-preview:-1"},"canonical":"https:\/\/sites.uef.fi\/kokoava\/toimintamallit\/vastuuopettajat\/","og_locale":"fi_FI","og_type":"article","og_title":"Ruokakasvatuksen vastuuopettajat - Kokonaisvaltaista ruokakasvatusta varhaiskasvatukseen ja perusopetukseen","og_url":"https:\/\/sites.uef.fi\/kokoava\/toimintamallit\/vastuuopettajat\/","og_site_name":"Kokonaisvaltaista ruokakasvatusta varhaiskasvatukseen ja perusopetukseen","article_modified_time":"2023-08-21T09:05:17+00:00","twitter_card":"summary_large_image","twitter_misc":{"Arvioitu lukuaika":"1 minuutti"},"schema":{"@context":"https:\/\/schema.org","@graph":[{"@type":"WebPage","@id":"https:\/\/sites.uef.fi\/kokoava\/toimintamallit\/vastuuopettajat\/","url":"https:\/\/sites.uef.fi\/kokoava\/toimintamallit\/vastuuopettajat\/","name":"Ruokakasvatuksen vastuuopettajat - Kokonaisvaltaista ruokakasvatusta varhaiskasvatukseen ja perusopetukseen","isPartOf":{"@id":"https:\/\/sites.uef.fi\/kokoava\/#website"},"datePublished":"2022-01-20T08:42:11+00:00","dateModified":"2023-08-21T09:05:17+00:00","breadcrumb":{"@id":"https:\/\/sites.uef.fi\/kokoava\/toimintamallit\/vastuuopettajat\/#breadcrumb"},"inLanguage":"fi","potentialAction":[{"@type":"ReadAction","target":["https:\/\/sites.uef.fi\/kokoava\/toimintamallit\/vastuuopettajat\/"]}]},{"@type":"BreadcrumbList","@id":"https:\/\/sites.uef.fi\/kokoava\/toimintamallit\/vastuuopettajat\/#breadcrumb","itemListElement":[{"@type":"ListItem","position":1,"name":"Home","item":"https:\/\/sites.uef.fi\/kokoava\/"},{"@type":"ListItem","position":2,"name":"Toimintamallit","item":"https:\/\/sites.uef.fi\/kokoava\/toimintamallit\/"},{"@type":"ListItem","position":3,"name":"Ruokakasvatuksen vastuuopettajat"}]},{"@type":"WebSite","@id":"https:\/\/sites.uef.fi\/kokoava\/#website","url":"https:\/\/sites.uef.fi\/kokoava\/","name":"Kokonaisvaltaista ruokakasvatusta varhaiskasvatukseen ja perusopetukseen","description":"","potentialAction":[{"@type":"SearchAction","target":{"@type":"EntryPoint","urlTemplate":"https:\/\/sites.uef.fi\/kokoava\/?s={search_term_string}"},"query-input":{"@type":"PropertyValueSpecification","valueRequired":true,"valueName":"search_term_string"}}],"inLanguage":"fi"}]}},"_links":{"self":[{"href":"https:\/\/sites.uef.fi\/kokoava\/wp-json\/wp\/v2\/pages\/453","targetHints":{"allow":["GET"]}}],"collection":[{"href":"https:\/\/sites.uef.fi\/kokoava\/wp-json\/wp\/v2\/pages"}],"about":[{"href":"https:\/\/sites.uef.fi\/kokoava\/wp-json\/wp\/v2\/types\/page"}],"author":[{"embeddable":true,"href":"https:\/\/sites.uef.fi\/kokoava\/wp-json\/wp\/v2\/users\/481"}],"replies":[{"embeddable":true,"href":"https:\/\/sites.uef.fi\/kokoava\/wp-json\/wp\/v2\/comments?post=453"}],"version-history":[{"count":2,"href":"https:\/\/sites.uef.fi\/kokoava\/wp-json\/wp\/v2\/pages\/453\/revisions"}],"predecessor-version":[{"id":821,"href":"https:\/\/sites.uef.fi\/kokoava\/wp-json\/wp\/v2\/pages\/453\/revisions\/821"}],"up":[{"embeddable":true,"href":"https:\/\/sites.uef.fi\/kokoava\/wp-json\/wp\/v2\/pages\/69"}],"wp:attachment":[{"href":"https:\/\/sites.uef.fi\/kokoava\/wp-json\/wp\/v2\/media?parent=453"}],"curies":[{"name":"wp","href":"https:\/\/api.w.org\/{rel}","templated":true}]}}