{"id":69,"date":"2021-02-22T14:18:41","date_gmt":"2021-02-22T12:18:41","guid":{"rendered":"https:\/\/sites.uef.fi\/kokoava\/?page_id=69"},"modified":"2023-08-21T12:04:38","modified_gmt":"2023-08-21T09:04:38","slug":"toimintamallit","status":"publish","type":"page","link":"https:\/\/sites.uef.fi\/kokoava\/toimintamallit\/","title":{"rendered":"Toimintamallit"},"content":{"rendered":"\n<h1 class=\"wp-block-heading\"><strong>Toimintamallien l\u00e4ht\u00f6kohdat ja tavoitteet<\/strong><\/h1>\n\n\n\n<h2 class=\"wp-block-heading\">Ruokakasvatustoiminnassa vahvistetaan:<\/h2>\n\n\n\n<ul class=\"wp-block-list\">\n<li>Monin\u00e4k\u00f6kulmaista ajattelua mustavalkoisen ajattelun sijaan<\/li>\n\n\n\n<li>Lasten ja nuorten omien n\u00e4k\u00f6kulmien huomioimista aiempaa joustavammin ja avoimemmin<\/li>\n\n\n\n<li>Aikuisten ja lasten vastavuoroista oppimista toisiltaan, tietoa yhdess\u00e4 rakentaen<\/li>\n\n\n\n<li>Yksil\u00f6iden erilaisuuden ja erilaisten ruokatottumusten arvostamista<\/li>\n\n\n\n<li>Lasten ja nuorten toimijuutta ja voimaantumista<\/li>\n\n\n\n<li>Ruokailoa ja sy\u00f6miseen liittyv\u00e4\u00e4 nautinnollisuutta<\/li>\n\n\n\n<li>Rohkeutta ottaa tieto osaksi omaa, toiset huomioivaa toimintaa.<\/li>\n<\/ul>\n\n\n\n<p><strong><a href=\"https:\/\/sites.uef.fi\/kokoava\/toimintamallit\/paivakodit-ja-koulut\/\">Tutustu p\u00e4iv\u00e4kotien ja koulujen ruokakasvatuksen toimintamalleihin.<\/a><\/strong><\/p>\n\n\n\n<p><strong><a href=\"https:\/\/sites.uef.fi\/kokoava\/toimintamallit\/kunnat\/\">Tutustu kuntien ruokakasvatuksen toimintamalleihin ja ty\u00f6kaluihin.<\/a><\/strong><\/p>\n\n\n\n<p>Kaikille kasvattajille suunnattu <strong><a href=\"https:\/\/uef.fi\/kehuva\/\" target=\"_blank\" rel=\"noreferrer noopener\">KEHUVA-l\u00e4hestymistapa<\/a><\/strong> on ty\u00f6ote ja k\u00e4yt\u00e4nn\u00f6n harjoituksia erilaisiin ruokakasvatusymp\u00e4rist\u00f6ihin, joissa k\u00e4sitell\u00e4\u00e4n ruoka- ja kehosuhteeseen liittyvi\u00e4 teemoja. Kohdistaa huomion my\u00f6s ammattilaisen omaan keho- ja ruokasuhteeseen.<\/p>\n","protected":false},"excerpt":{"rendered":"<p>Toimintamallien l\u00e4ht\u00f6kohdat ja tavoitteet Ruokakasvatustoiminnassa vahvistetaan: Tutustu p\u00e4iv\u00e4kotien ja koulujen ruokakasvatuksen toimintamalleihin. Tutustu kuntien ruokakasvatuksen toimintamalleihin ja ty\u00f6kaluihin. Kaikille kasvattajille suunnattu KEHUVA-l\u00e4hestymistapa on ty\u00f6ote ja k\u00e4yt\u00e4nn\u00f6n harjoituksia erilaisiin ruokakasvatusymp\u00e4rist\u00f6ihin, joissa k\u00e4sitell\u00e4\u00e4n ruoka- ja kehosuhteeseen liittyvi\u00e4 teemoja. Kohdistaa huomion my\u00f6s ammattilaisen omaan keho- ja ruokasuhteeseen.<\/p>\n","protected":false},"author":481,"featured_media":0,"parent":0,"menu_order":3,"comment_status":"closed","ping_status":"closed","template":"","meta":{"_acf_changed":false,"footnotes":""},"class_list":["post-69","page","type-page","status-publish","hentry"],"acf":[],"yoast_head":"<!-- This site is optimized with the Yoast SEO plugin v27.1.1 - https:\/\/yoast.com\/product\/yoast-seo-wordpress\/ -->\n<title>Toimintamallit - Kokonaisvaltaista ruokakasvatusta varhaiskasvatukseen ja perusopetukseen<\/title>\n<meta name=\"robots\" content=\"index, follow, max-snippet:-1, max-image-preview:large, max-video-preview:-1\" \/>\n<link rel=\"canonical\" href=\"https:\/\/sites.uef.fi\/kokoava\/toimintamallit\/\" \/>\n<meta property=\"og:locale\" content=\"fi_FI\" \/>\n<meta property=\"og:type\" content=\"article\" \/>\n<meta property=\"og:title\" content=\"Toimintamallit - Kokonaisvaltaista ruokakasvatusta varhaiskasvatukseen ja perusopetukseen\" \/>\n<meta property=\"og:description\" content=\"Toimintamallien l\u00e4ht\u00f6kohdat ja tavoitteet Ruokakasvatustoiminnassa vahvistetaan: Tutustu p\u00e4iv\u00e4kotien ja koulujen ruokakasvatuksen toimintamalleihin. Tutustu kuntien ruokakasvatuksen toimintamalleihin ja ty\u00f6kaluihin. Kaikille kasvattajille suunnattu KEHUVA-l\u00e4hestymistapa on ty\u00f6ote ja k\u00e4yt\u00e4nn\u00f6n harjoituksia erilaisiin ruokakasvatusymp\u00e4rist\u00f6ihin, joissa k\u00e4sitell\u00e4\u00e4n ruoka- ja kehosuhteeseen liittyvi\u00e4 teemoja. Kohdistaa huomion my\u00f6s ammattilaisen omaan keho- ja ruokasuhteeseen.\" \/>\n<meta property=\"og:url\" content=\"https:\/\/sites.uef.fi\/kokoava\/toimintamallit\/\" \/>\n<meta property=\"og:site_name\" content=\"Kokonaisvaltaista ruokakasvatusta varhaiskasvatukseen ja perusopetukseen\" \/>\n<meta property=\"article:modified_time\" content=\"2023-08-21T09:04:38+00:00\" \/>\n<meta name=\"twitter:card\" content=\"summary_large_image\" \/>\n<meta name=\"twitter:label1\" content=\"Arvioitu lukuaika\" \/>\n\t<meta name=\"twitter:data1\" content=\"1 minuutti\" \/>\n<script type=\"application\/ld+json\" class=\"yoast-schema-graph\">{\"@context\":\"https:\/\/schema.org\",\"@graph\":[{\"@type\":\"WebPage\",\"@id\":\"https:\/\/sites.uef.fi\/kokoava\/toimintamallit\/\",\"url\":\"https:\/\/sites.uef.fi\/kokoava\/toimintamallit\/\",\"name\":\"Toimintamallit - Kokonaisvaltaista ruokakasvatusta varhaiskasvatukseen ja perusopetukseen\",\"isPartOf\":{\"@id\":\"https:\/\/sites.uef.fi\/kokoava\/#website\"},\"datePublished\":\"2021-02-22T12:18:41+00:00\",\"dateModified\":\"2023-08-21T09:04:38+00:00\",\"breadcrumb\":{\"@id\":\"https:\/\/sites.uef.fi\/kokoava\/toimintamallit\/#breadcrumb\"},\"inLanguage\":\"fi\",\"potentialAction\":[{\"@type\":\"ReadAction\",\"target\":[\"https:\/\/sites.uef.fi\/kokoava\/toimintamallit\/\"]}]},{\"@type\":\"BreadcrumbList\",\"@id\":\"https:\/\/sites.uef.fi\/kokoava\/toimintamallit\/#breadcrumb\",\"itemListElement\":[{\"@type\":\"ListItem\",\"position\":1,\"name\":\"Home\",\"item\":\"https:\/\/sites.uef.fi\/kokoava\/\"},{\"@type\":\"ListItem\",\"position\":2,\"name\":\"Toimintamallit\"}]},{\"@type\":\"WebSite\",\"@id\":\"https:\/\/sites.uef.fi\/kokoava\/#website\",\"url\":\"https:\/\/sites.uef.fi\/kokoava\/\",\"name\":\"Kokonaisvaltaista ruokakasvatusta varhaiskasvatukseen ja perusopetukseen\",\"description\":\"\",\"potentialAction\":[{\"@type\":\"SearchAction\",\"target\":{\"@type\":\"EntryPoint\",\"urlTemplate\":\"https:\/\/sites.uef.fi\/kokoava\/?s={search_term_string}\"},\"query-input\":{\"@type\":\"PropertyValueSpecification\",\"valueRequired\":true,\"valueName\":\"search_term_string\"}}],\"inLanguage\":\"fi\"}]}<\/script>\n<!-- \/ Yoast SEO plugin. -->","yoast_head_json":{"title":"Toimintamallit - Kokonaisvaltaista ruokakasvatusta varhaiskasvatukseen ja perusopetukseen","robots":{"index":"index","follow":"follow","max-snippet":"max-snippet:-1","max-image-preview":"max-image-preview:large","max-video-preview":"max-video-preview:-1"},"canonical":"https:\/\/sites.uef.fi\/kokoava\/toimintamallit\/","og_locale":"fi_FI","og_type":"article","og_title":"Toimintamallit - Kokonaisvaltaista ruokakasvatusta varhaiskasvatukseen ja perusopetukseen","og_description":"Toimintamallien l\u00e4ht\u00f6kohdat ja tavoitteet Ruokakasvatustoiminnassa vahvistetaan: Tutustu p\u00e4iv\u00e4kotien ja koulujen ruokakasvatuksen toimintamalleihin. Tutustu kuntien ruokakasvatuksen toimintamalleihin ja ty\u00f6kaluihin. Kaikille kasvattajille suunnattu KEHUVA-l\u00e4hestymistapa on ty\u00f6ote ja k\u00e4yt\u00e4nn\u00f6n harjoituksia erilaisiin ruokakasvatusymp\u00e4rist\u00f6ihin, joissa k\u00e4sitell\u00e4\u00e4n ruoka- ja kehosuhteeseen liittyvi\u00e4 teemoja. Kohdistaa huomion my\u00f6s ammattilaisen omaan keho- ja ruokasuhteeseen.","og_url":"https:\/\/sites.uef.fi\/kokoava\/toimintamallit\/","og_site_name":"Kokonaisvaltaista ruokakasvatusta varhaiskasvatukseen ja perusopetukseen","article_modified_time":"2023-08-21T09:04:38+00:00","twitter_card":"summary_large_image","twitter_misc":{"Arvioitu lukuaika":"1 minuutti"},"schema":{"@context":"https:\/\/schema.org","@graph":[{"@type":"WebPage","@id":"https:\/\/sites.uef.fi\/kokoava\/toimintamallit\/","url":"https:\/\/sites.uef.fi\/kokoava\/toimintamallit\/","name":"Toimintamallit - Kokonaisvaltaista ruokakasvatusta varhaiskasvatukseen ja perusopetukseen","isPartOf":{"@id":"https:\/\/sites.uef.fi\/kokoava\/#website"},"datePublished":"2021-02-22T12:18:41+00:00","dateModified":"2023-08-21T09:04:38+00:00","breadcrumb":{"@id":"https:\/\/sites.uef.fi\/kokoava\/toimintamallit\/#breadcrumb"},"inLanguage":"fi","potentialAction":[{"@type":"ReadAction","target":["https:\/\/sites.uef.fi\/kokoava\/toimintamallit\/"]}]},{"@type":"BreadcrumbList","@id":"https:\/\/sites.uef.fi\/kokoava\/toimintamallit\/#breadcrumb","itemListElement":[{"@type":"ListItem","position":1,"name":"Home","item":"https:\/\/sites.uef.fi\/kokoava\/"},{"@type":"ListItem","position":2,"name":"Toimintamallit"}]},{"@type":"WebSite","@id":"https:\/\/sites.uef.fi\/kokoava\/#website","url":"https:\/\/sites.uef.fi\/kokoava\/","name":"Kokonaisvaltaista ruokakasvatusta varhaiskasvatukseen ja perusopetukseen","description":"","potentialAction":[{"@type":"SearchAction","target":{"@type":"EntryPoint","urlTemplate":"https:\/\/sites.uef.fi\/kokoava\/?s={search_term_string}"},"query-input":{"@type":"PropertyValueSpecification","valueRequired":true,"valueName":"search_term_string"}}],"inLanguage":"fi"}]}},"_links":{"self":[{"href":"https:\/\/sites.uef.fi\/kokoava\/wp-json\/wp\/v2\/pages\/69","targetHints":{"allow":["GET"]}}],"collection":[{"href":"https:\/\/sites.uef.fi\/kokoava\/wp-json\/wp\/v2\/pages"}],"about":[{"href":"https:\/\/sites.uef.fi\/kokoava\/wp-json\/wp\/v2\/types\/page"}],"author":[{"embeddable":true,"href":"https:\/\/sites.uef.fi\/kokoava\/wp-json\/wp\/v2\/users\/481"}],"replies":[{"embeddable":true,"href":"https:\/\/sites.uef.fi\/kokoava\/wp-json\/wp\/v2\/comments?post=69"}],"version-history":[{"count":1,"href":"https:\/\/sites.uef.fi\/kokoava\/wp-json\/wp\/v2\/pages\/69\/revisions"}],"predecessor-version":[{"id":818,"href":"https:\/\/sites.uef.fi\/kokoava\/wp-json\/wp\/v2\/pages\/69\/revisions\/818"}],"wp:attachment":[{"href":"https:\/\/sites.uef.fi\/kokoava\/wp-json\/wp\/v2\/media?parent=69"}],"curies":[{"name":"wp","href":"https:\/\/api.w.org\/{rel}","templated":true}]}}