{"id":1554,"date":"2026-01-23T14:30:49","date_gmt":"2026-01-23T12:30:49","guid":{"rendered":"https:\/\/sites.uef.fi\/kuopiobrainandmind\/?page_id=1554"},"modified":"2026-01-26T08:29:14","modified_gmt":"2026-01-26T06:29:14","slug":"esittelyssa-soluneurobiologian-professori-katja-kanninen","status":"publish","type":"page","link":"https:\/\/sites.uef.fi\/kuopiobrainandmind\/esittelyssa-soluneurobiologian-professori-katja-kanninen\/","title":{"rendered":"Esittelyss\u00e4 soluneurobiologian professori Katja Kanninen"},"content":{"rendered":"\n<p><bdo lang=\"fi\" dir=\"ltr\"><em>T\u00e4m\u00e4 uutinen on julkaistu alun perin 1.9.2025.<\/em> <em>Kirjoittaja: Tarja Laitinen, Kuopio Brain &amp; Mind aluep\u00e4\u00e4llikk\u00f6<\/em>.<\/bdo><\/p>\n\n\n\n<p><bdo lang=\"fi\" dir=\"ltr\">Vuonna 2021 perustetun Kansallisen Neurokeskuksen Kuopio Brain &amp; Mind-alueverkoston toiminta edist\u00e4\u00e4 aivoterveytt\u00e4 monialaisella ja potilasl\u00e4ht\u00f6isell\u00e4 yhteisty\u00f6ll\u00e4. Kuopio Brain &amp; Mind -alueverkoston tavoitteena on lis\u00e4t\u00e4 ja helpottaa yhteisty\u00f6t\u00e4 It\u00e4-Suomen yliopiston ja Pohjois-Savon hyvinvointialueen sek\u00e4 aivoterveyden parissa ty\u00f6skentelevien yritysten v\u00e4lill\u00e4 ja edist\u00e4\u00e4 it\u00e4suomalaisen huipputason monialaisen neurotieteen menestyst\u00e4.<\/bdo><\/p>\n\n\n\n<p><strong><bdo lang=\"fi\" dir=\"ltr\">Mit\u00e4 Kuopio Brain &amp; Mind-verkostossa tapahtuu ja keit\u00e4 verkostossa ty\u00f6skentelee aivoterveyden parissa?<\/bdo><\/strong><\/p>\n\n\n\n<p><bdo lang=\"fi\" dir=\"ltr\">Esittelyss\u00e4 It\u00e4-Suomen yliopiston A.I. Virtanen-instituutissa ty\u00f6skentelev\u00e4 soluneurobiologian professori Katja Kanninen.<\/bdo><\/p>\n\n\n\n<p><bdo lang=\"fi\" dir=\"ltr\">Kansainv\u00e4lisyys on ollut Katjan el\u00e4m\u00e4ss\u00e4 l\u00e4sn\u00e4 jo lapsuudesta ja laajat kansainv\u00e4liset verkostot ovat syntyneet pitk\u00e4n ajan kuluessa. Katja on viett\u00e4nyt nuoruutensa Australiassa, jossa h\u00e4n on suorittanut yl\u00e4asteen ja lukio-opinnot. Solubiologian maisteriopintoja varten h\u00e4n palasi suomeen ja suoritti n\u00e4m\u00e4 Jyv\u00e4skyl\u00e4n yliopistossa.<\/bdo><\/p>\n\n\n\n<p><bdo lang=\"fi\" dir=\"ltr\">Katja kertoo kiinnostuksen biologiaan her\u00e4nneen lukioik\u00e4isen\u00e4 mahtavan biologian opettajan ansiosta ja kiinnostus ymm\u00e4rt\u00e4\u00e4 ihmisen biologiaa erityisesti solujen molekyylitasolla, ja mit\u00e4 aivoissa tapahtuu eri sairauksissa, vahvistui maisteriopintojen aikana. Tohtoriopinnot silloisessa Kuopion yliopistossa toivat mukanaan kiinnostuksen aivosairauksiin ja erityisesti Alzheimerin tautiin.<\/bdo><\/p>\n\n\n\n<p><bdo lang=\"fi\" dir=\"ltr\">PostDoc-kaudeksi Katja palasi Australiaan, jossa tutkimusfokus oli erilainen, mutta tutkimusaihe pysyi edelleen aivosairauksissa ja hermostoa rappeuttavissa sairauksissa. Katja muistaa l\u00e4mm\u00f6ll\u00e4 ohjaajansa \/ mentoriansa, joka k\u00e4ytti paljon aikaa kouluttamiseen, antoi vastuuta ja opasti, mill\u00e4 tavalla tutkimusta kannattaa l\u00e4hte\u00e4 itse viem\u00e4\u00e4n eteenp\u00e4in. Yhteys ohjaajaan on s\u00e4ilynyt t\u00e4h\u00e4n p\u00e4iv\u00e4\u00e4n saakka yhteisty\u00f6n ja mm. molemminpuolisten vierailujen muodossa ja Katja kokee ohjaajan vaikutuksen omaan ty\u00f6h\u00f6ns\u00e4 olleen merkitt\u00e4v\u00e4. Katja jatkaa erinomaiseksi havaittua tapaa mm. mallioppimisen hy\u00f6dynt\u00e4misess\u00e4 omien opiskelijoidensa kanssa.<\/bdo><\/p>\n\n\n\n<p><bdo lang=\"fi\" dir=\"ltr\">PostDoc-kautensa loppusuoralla h\u00e4nelle tuli eteen vaikea p\u00e4\u00e4t\u00f6s tulevaisuudesta. P\u00e4\u00e4t\u00f6s palata Suomeen ja PostDoc-tutkijaksi Kuopioon v. 2013 on ollut h\u00e4nelle omien sanojensa mukaan j\u00e4lkik\u00e4teen ajateltuna oikea. Katja aloitti Suomen Akatemian rahoituksella akatemiatutkijana v. 2016 ja oman tutkimusryhm\u00e4n toiminta ja rakentaminen alkoi yhden v\u00e4it\u00f6skirjatutkijan kera.<\/bdo><\/p>\n\n\n\n<p><bdo lang=\"fi\" dir=\"ltr\">T\u00e4n\u00e4 p\u00e4iv\u00e4n\u00e4 Katjan 13 henkinen tutkimusryhm\u00e4 on taustaltaan hyvinkin kansainv\u00e4linen, kuten johtajansakin. Mekanistisella perustutkimuksella (syy-seuraussuhteen eli miten ja miksi jokin ilmi\u00f6 \/ sairaus tapahtuu) tutkimusryhm\u00e4 selvitt\u00e4\u00e4 solujen molekyylitasolla mit\u00e4 aivoissa ns. menee pieleen sairauden iskiess\u00e4, mit\u00e4 muutoksia aivoissa tapahtuu sairauden edetess\u00e4 ja olisiko l\u00f6ydett\u00e4viss\u00e4 keinoja hillitsem\u00e4\u00e4n ja poistamaan \/ parantamaan aivosairauksien patologisia muutoksia tai oireita.<\/bdo><\/p>\n\n\n\n<h2 class=\"wp-block-heading\"><bdo lang=\"fi\" dir=\"ltr\">Tutkimukset, hankkeet ja monitieteellinen yhteisty\u00f6<\/bdo><\/h2>\n\n\n\n<p><bdo lang=\"fi\" dir=\"ltr\">Katjan johtama tutkimusryhm\u00e4 on kiinnostunut selvitt\u00e4m\u00e4\u00e4n erilaisten ymp\u00e4rist\u00f6tekij\u00f6iden vaikutuksia aivojen terveyteen ja solujen toimintaan, sill\u00e4 kasvava n\u00e4ytt\u00f6 on osoittanut useiden altisteiden, kuten liikenteen aiheuttamien ilmansaasteiden, haitalliset vaikutukset aivoihin. Tutkimusryhm\u00e4 on kiinnostunut ymm\u00e4rt\u00e4m\u00e4\u00e4n my\u00f6s ymp\u00e4rist\u00f6tekij\u00f6iden ja hermostoa rappeuttavien sairauksien, kuten Alzheimerin taudin, v\u00e4list\u00e4 yhteytt\u00e4 sek\u00e4 l\u00f6yt\u00e4m\u00e4\u00e4n mielenterveyden biomarkkereita ja ymm\u00e4rt\u00e4m\u00e4\u00e4n eri ymp\u00e4rist\u00f6tekij\u00f6iden vaikutuksia mielenterveyteen. Tutkimusten punaisena lankana on tutkia miten elinymp\u00e4rist\u00f6mme vaikuttaa aivoissamme. Yhten\u00e4 k\u00e4yt\u00e4nn\u00f6n esimerkkin\u00e4 mm. hengitysteitse kulkeutuvan COVID-19-viruksen aivovaikutusten tutkiminen.<\/bdo><\/p>\n\n\n\n<p><bdo lang=\"fi\" dir=\"ltr\">Tutkimuksissa t\u00e4rke\u00e4ss\u00e4 roolissa ovat ihmisper\u00e4isten solumallien lis\u00e4ksi el\u00e4inmallit, joiden avulla pystyt\u00e4\u00e4n tutkimaan el\u00e4imen k\u00e4ytt\u00e4ytymist\u00e4 sek\u00e4 esim. miten altistuminen hengitysilman pienhiukkasille vaikuttaa el\u00e4inten muistiin ja oppimiseen. Ihmisper\u00e4isten solumallien avulla voidaan selvitt\u00e4\u00e4 mm. miten pienhiukkaset vaikuttavat Alzheimer-potilaiden solujen vasteisiin verrattuna kognitiivisesti terveiden henkil\u00f6iden soluihin. Tutkimus auttaa ymm\u00e4rt\u00e4m\u00e4\u00e4n esim. alttiutta eri ymp\u00e4rist\u00f6tekij\u00f6ille ja niiden aiheuttamaa riski\u00e4 ja yhteytt\u00e4 Alzhemerin tautiin sairastumiselle.<\/bdo><\/p>\n\n\n\n<p><bdo lang=\"fi\" dir=\"ltr\">Moni- \/ poikkitieteellinen yhteisty\u00f6 on Katjan tutkimuksissa kulmakivi. Yhteisty\u00f6 It\u00e4-Suomen yliopiston Ymp\u00e4rist\u00f6- ja biotieteiden laitoksen kanssa on avainasemassa ymp\u00e4rist\u00f6tekij\u00f6iden aivovaikutusten tutkimuksessa. Katjan tutkimusryhm\u00e4n monitieteelliset osaajat esim. data-analyysin aloilta taas k\u00e4ytt\u00e4v\u00e4t ryhm\u00e4n biol\u00e4\u00e4ketieteen osaajien tuottamaa aineistoa selvitt\u00e4m\u00e4\u00e4n hengitysilman hiukkasten haittavaikutuksia. Yhteisty\u00f6 Kuopion yliopistollisen sairaalan kanssa on avainasemassa ihmisper\u00e4isten solumallien kehitt\u00e4misess\u00e4 ja k\u00e4yt\u00f6ss\u00e4 tutkimukseen. Esimerkiksi potilailta nen\u00e4n yl\u00e4osasta otettavan biopsian eli hajuepiteeli-solun\u00e4ytteen avulla voidaan tutkia hengitysilman pienhiukkasten vaikutusta aivoihin. T\u00e4ll\u00f6in potilaalta saadun n\u00e4ytteen soluja eristet\u00e4\u00e4n tutkimuslaboratorioissa ja altistetaan ne erilaisille ilmansaasteille tutkien, miten ko. solujen toiminta muuttuu. Eroja pystyt\u00e4\u00e4n n\u00e4in tutkimaan terveiden ja esim. Alzheimer-potilaiden v\u00e4lill\u00e4. Tutkimusten edistyess\u00e4 kohti ratkaisuja tarvitaan yhteisty\u00f6t\u00e4 lis\u00e4ksi mm. sosiaalitieteiden alalta.<\/bdo><\/p>\n\n\n\n<p><bdo lang=\"fi\" dir=\"ltr\">Katjan tutkimusryhm\u00e4n meneill\u00e4\u00e4n olevia tutkimuksia ovat mm.<\/bdo><\/p>\n\n\n\n<ul class=\"wp-block-list\">\n<li><bdo lang=\"fi\" dir=\"ltr\">Kansainv\u00e4lisess\u00e4 yhteisty\u00f6ss\u00e4 teht\u00e4v\u00e4 MARKOPOLO-tutkimus, jossa tutkitaan melun ja ilmansaasteiden ultrapienten hiukkasten aiheuttamia aivo-, syd\u00e4n- ja verisuonivaurioita. Tutkimuksessa mm. selvitet\u00e4\u00e4n miten yhteisaltistuminen melulle ja ilmansaasteille vaikuttaa terveyteen.<\/bdo><\/li>\n\n\n\n<li><bdo lang=\"fi\" dir=\"ltr\">Kuopion Seudun Hengityss\u00e4\u00e4ti\u00f6n, Saastamoisen s\u00e4\u00e4ti\u00f6n, Aarne ja Aili Turusen s\u00e4\u00e4ti\u00f6n ja Sirkka ja Jorma Turusen s\u00e4\u00e4ti\u00f6n tukema hanke, joka selvitt\u00e4\u00e4 mm. ik\u00e4\u00e4ntymisen vaikutuksia eri kaupungeista ker\u00e4ttyjen pienhiukkasten terveysvaikutuksiin.<\/bdo><\/li>\n\n\n\n<li><bdo lang=\"fi\" dir=\"ltr\">Sigrid Juseliuksen s\u00e4\u00e4ti\u00f6n tuella teht\u00e4v\u00e4 tutkimus selvitt\u00e4\u00e4 erityisesti sit\u00e4 millaisia vaikutuksia Alzheimerin taudin patologialla on nen\u00e4n hajuepiteelin l\u00e4p\u00e4isevyyteen. T\u00e4m\u00e4 on t\u00e4rke\u00e4\u00e4 aivoterveyden kannalta, sill\u00e4 mm. pienhiukkasilla on t\u00e4t\u00e4 kautta suora reitti aivoihin.<\/bdo><\/li>\n\n\n\n<li><bdo lang=\"fi\" dir=\"ltr\">Suomen Akatemian rahoituksella tutkitaan sit\u00e4, miten ilmansaasteiden haittavaikutuksia voisi est\u00e4\u00e4 solutasolla.<\/bdo><\/li>\n<\/ul>\n\n\n\n<p><bdo lang=\"fi\" dir=\"ltr\">Katjan ty\u00f6t\u00e4 rytmitt\u00e4v\u00e4t tutkimusryhm\u00e4n johtajuuden ja itse tutkimusty\u00f6n lis\u00e4ksi kansainv\u00e4listen yhteisty\u00f6verkostojen luominen, eri asiantuntijoiden ja huippututkijoiden tapaaminen ja tutkimusten edist\u00e4minen, rahoitushakemusten tekeminen, vertaisarvioinnit sek\u00e4 mm. tutkimusopiskelijoiden ohjaaminen sek\u00e4 Suomen Aivotutkimusseuran puheenjohtajuus, oman osaamisen syvent\u00e4mist\u00e4 unohtamatta.<\/bdo><\/p>\n\n\n\n<h2 class=\"wp-block-heading\"><bdo lang=\"fi\" dir=\"ltr\">Tulevaisuus<\/bdo><\/h2>\n\n\n\n<p><bdo lang=\"fi\" dir=\"ltr\">Kansainv\u00e4linen ilmapiiri, -ymp\u00e4rist\u00f6 ja monimuotoisuus ty\u00f6yhteis\u00f6ss\u00e4 tuovat oman erityisen lis\u00e4ns\u00e4 Katjan ty\u00f6p\u00e4iviin. Yksik\u00e4\u00e4n ty\u00f6p\u00e4iv\u00e4 ei ole samanlainen, vaan tuo aina jotain uutta ja mielenkiintoista. Katja kertoo olevansa onnekas, ett\u00e4 saa tehd\u00e4 ty\u00f6t\u00e4, jota rakastaa ja h\u00e4n kokee olevansa juuri oikeassa paikassa. Katjan silm\u00e4t loistavat ja koko olemus huokuu valoa h\u00e4nen kertoessaan ty\u00f6st\u00e4\u00e4n.<\/bdo><\/p>\n\n\n\n<p><bdo lang=\"fi\" dir=\"ltr\">Katjalle ty\u00f6ss\u00e4\u00e4n merkityksellist\u00e4 tutkimusty\u00f6n lis\u00e4ksi on kouluttaa uutta tutkijasukupolvea jatkamaan ja viem\u00e4\u00e4n eteenp\u00e4in neurotieteellist\u00e4 tutkimusta. H\u00e4n toivookin, ett\u00e4 pystyy innostamaan uusia lahjakkaita nuoria tutkijoita, sill\u00e4 tulevaisuudessakin tarvitsemme lis\u00e4\u00e4 tietoa ja elint\u00e4rke\u00e4\u00e4 neurotieteellist\u00e4 tutkimusta. Katja toivoo my\u00f6s, ett\u00e4 tulevaisuudessa ymm\u00e4rrett\u00e4isiin viel\u00e4 kokonaisvaltaisemmin elinymp\u00e4rist\u00f6mme merkitys aivosairauksiin, sill\u00e4 altistuminen alkaa jo siki\u00f6ajasta kest\u00e4en l\u00e4pi el\u00e4m\u00e4nkaaren, ja ett\u00e4 tutkimukset muuttuvat ratkaisuiksi meid\u00e4n jokaisen aivoterveyden hyv\u00e4ksi.<\/bdo><\/p>\n\n\n\n<h2 class=\"wp-block-heading\"><bdo lang=\"fi\" dir=\"ltr\">Lis\u00e4tietoa<\/bdo><\/h2>\n\n\n\n<p><bdo lang=\"fi\" dir=\"ltr\">katja.kanninen@uef.fi<\/bdo><\/p>\n\n\n\n<p><bdo lang=\"fi\" dir=\"ltr\">Kuopio Brain &amp; Mind on osa Kansallisen Neurokeskuksen tutkijaverkostoa.\u00a0 Lis\u00e4tietoa toiminnastamme l\u00f6yd\u00e4t osoitteesta\u00a0<a href=\"https:\/\/sites.uef.fi\/kuopiobrainandmind\/\">https:\/\/sites.uef.fi\/kuopiobrainandmind\/<\/a><\/bdo><\/p>\n\n\n\n<p><bdo lang=\"fi\" dir=\"ltr\">LinkedIn:\u00a0<a href=\"https:\/\/www.linkedin.com\/company\/kuopio-brain-mind\">https:\/\/www.linkedin.com\/company\/kuopio-brain-mind<\/a><\/bdo><\/p>\n","protected":false},"excerpt":{"rendered":"<p>T\u00e4m\u00e4 uutinen on julkaistu alun perin 1.9.2025. Kirjoittaja: Tarja Laitinen, Kuopio Brain &amp; Mind aluep\u00e4\u00e4llikk\u00f6. Vuonna 2021 perustetun Kansallisen Neurokeskuksen Kuopio Brain &amp; Mind-alueverkoston toiminta edist\u00e4\u00e4 aivoterveytt\u00e4 monialaisella ja potilasl\u00e4ht\u00f6isell\u00e4 yhteisty\u00f6ll\u00e4. Kuopio Brain &amp; Mind -alueverkoston tavoitteena on lis\u00e4t\u00e4 ja helpottaa yhteisty\u00f6t\u00e4 It\u00e4-Suomen yliopiston ja Pohjois-Savon hyvinvointialueen sek\u00e4 aivoterveyden parissa ty\u00f6skentelevien yritysten v\u00e4lill\u00e4 ja edist\u00e4\u00e4 [&hellip;]<\/p>\n","protected":false},"author":850,"featured_media":0,"parent":0,"menu_order":0,"comment_status":"closed","ping_status":"closed","template":"","meta":{"_acf_changed":false,"footnotes":""},"class_list":["post-1554","page","type-page","status-publish","hentry"],"acf":[],"yoast_head":"<!-- This site is optimized with the Yoast SEO plugin v27.3 - https:\/\/yoast.com\/product\/yoast-seo-wordpress\/ -->\n<title>Esittelyss\u00e4 soluneurobiologian professori Katja Kanninen - Kuopio Brain &amp; Mind<\/title>\n<meta name=\"robots\" content=\"index, follow, max-snippet:-1, max-image-preview:large, max-video-preview:-1\" \/>\n<link rel=\"canonical\" href=\"https:\/\/sites.uef.fi\/kuopiobrainandmind\/esittelyssa-soluneurobiologian-professori-katja-kanninen\/\" \/>\n<meta property=\"og:locale\" content=\"en_US\" \/>\n<meta property=\"og:type\" content=\"article\" \/>\n<meta property=\"og:title\" content=\"Esittelyss\u00e4 soluneurobiologian professori Katja Kanninen - Kuopio Brain &amp; Mind\" \/>\n<meta property=\"og:description\" content=\"T\u00e4m\u00e4 uutinen on julkaistu alun perin 1.9.2025. Kirjoittaja: Tarja Laitinen, Kuopio Brain &amp; Mind aluep\u00e4\u00e4llikk\u00f6. Vuonna 2021 perustetun Kansallisen Neurokeskuksen Kuopio Brain &amp; Mind-alueverkoston toiminta edist\u00e4\u00e4 aivoterveytt\u00e4 monialaisella ja potilasl\u00e4ht\u00f6isell\u00e4 yhteisty\u00f6ll\u00e4. Kuopio Brain &amp; Mind -alueverkoston tavoitteena on lis\u00e4t\u00e4 ja helpottaa yhteisty\u00f6t\u00e4 It\u00e4-Suomen yliopiston ja Pohjois-Savon hyvinvointialueen sek\u00e4 aivoterveyden parissa ty\u00f6skentelevien yritysten v\u00e4lill\u00e4 ja edist\u00e4\u00e4 [&hellip;]\" \/>\n<meta property=\"og:url\" content=\"https:\/\/sites.uef.fi\/kuopiobrainandmind\/esittelyssa-soluneurobiologian-professori-katja-kanninen\/\" \/>\n<meta property=\"og:site_name\" content=\"Kuopio Brain &amp; Mind\" \/>\n<meta property=\"article:modified_time\" content=\"2026-01-26T06:29:14+00:00\" \/>\n<meta name=\"twitter:card\" content=\"summary_large_image\" \/>\n<meta name=\"twitter:label1\" content=\"Est. reading time\" \/>\n\t<meta name=\"twitter:data1\" content=\"4 minutes\" \/>\n<script type=\"application\/ld+json\" class=\"yoast-schema-graph\">{\"@context\":\"https:\\\/\\\/schema.org\",\"@graph\":[{\"@type\":\"WebPage\",\"@id\":\"https:\\\/\\\/sites.uef.fi\\\/kuopiobrainandmind\\\/esittelyssa-soluneurobiologian-professori-katja-kanninen\\\/\",\"url\":\"https:\\\/\\\/sites.uef.fi\\\/kuopiobrainandmind\\\/esittelyssa-soluneurobiologian-professori-katja-kanninen\\\/\",\"name\":\"Esittelyss\u00e4 soluneurobiologian professori Katja Kanninen - Kuopio Brain &amp; Mind\",\"isPartOf\":{\"@id\":\"https:\\\/\\\/sites.uef.fi\\\/kuopiobrainandmind\\\/#website\"},\"datePublished\":\"2026-01-23T12:30:49+00:00\",\"dateModified\":\"2026-01-26T06:29:14+00:00\",\"breadcrumb\":{\"@id\":\"https:\\\/\\\/sites.uef.fi\\\/kuopiobrainandmind\\\/esittelyssa-soluneurobiologian-professori-katja-kanninen\\\/#breadcrumb\"},\"inLanguage\":\"en-US\",\"potentialAction\":[{\"@type\":\"ReadAction\",\"target\":[\"https:\\\/\\\/sites.uef.fi\\\/kuopiobrainandmind\\\/esittelyssa-soluneurobiologian-professori-katja-kanninen\\\/\"]}]},{\"@type\":\"BreadcrumbList\",\"@id\":\"https:\\\/\\\/sites.uef.fi\\\/kuopiobrainandmind\\\/esittelyssa-soluneurobiologian-professori-katja-kanninen\\\/#breadcrumb\",\"itemListElement\":[{\"@type\":\"ListItem\",\"position\":1,\"name\":\"Home\",\"item\":\"https:\\\/\\\/sites.uef.fi\\\/kuopiobrainandmind\\\/\"},{\"@type\":\"ListItem\",\"position\":2,\"name\":\"Esittelyss\u00e4 soluneurobiologian professori Katja Kanninen\"}]},{\"@type\":\"WebSite\",\"@id\":\"https:\\\/\\\/sites.uef.fi\\\/kuopiobrainandmind\\\/#website\",\"url\":\"https:\\\/\\\/sites.uef.fi\\\/kuopiobrainandmind\\\/\",\"name\":\"Kuopio Brain &amp; Mind\",\"description\":\"\",\"potentialAction\":[{\"@type\":\"SearchAction\",\"target\":{\"@type\":\"EntryPoint\",\"urlTemplate\":\"https:\\\/\\\/sites.uef.fi\\\/kuopiobrainandmind\\\/?s={search_term_string}\"},\"query-input\":{\"@type\":\"PropertyValueSpecification\",\"valueRequired\":true,\"valueName\":\"search_term_string\"}}],\"inLanguage\":\"en-US\"}]}<\/script>\n<!-- \/ Yoast SEO plugin. -->","yoast_head_json":{"title":"Esittelyss\u00e4 soluneurobiologian professori Katja Kanninen - Kuopio Brain &amp; Mind","robots":{"index":"index","follow":"follow","max-snippet":"max-snippet:-1","max-image-preview":"max-image-preview:large","max-video-preview":"max-video-preview:-1"},"canonical":"https:\/\/sites.uef.fi\/kuopiobrainandmind\/esittelyssa-soluneurobiologian-professori-katja-kanninen\/","og_locale":"en_US","og_type":"article","og_title":"Esittelyss\u00e4 soluneurobiologian professori Katja Kanninen - Kuopio Brain &amp; Mind","og_description":"T\u00e4m\u00e4 uutinen on julkaistu alun perin 1.9.2025. Kirjoittaja: Tarja Laitinen, Kuopio Brain &amp; Mind aluep\u00e4\u00e4llikk\u00f6. Vuonna 2021 perustetun Kansallisen Neurokeskuksen Kuopio Brain &amp; Mind-alueverkoston toiminta edist\u00e4\u00e4 aivoterveytt\u00e4 monialaisella ja potilasl\u00e4ht\u00f6isell\u00e4 yhteisty\u00f6ll\u00e4. Kuopio Brain &amp; Mind -alueverkoston tavoitteena on lis\u00e4t\u00e4 ja helpottaa yhteisty\u00f6t\u00e4 It\u00e4-Suomen yliopiston ja Pohjois-Savon hyvinvointialueen sek\u00e4 aivoterveyden parissa ty\u00f6skentelevien yritysten v\u00e4lill\u00e4 ja edist\u00e4\u00e4 [&hellip;]","og_url":"https:\/\/sites.uef.fi\/kuopiobrainandmind\/esittelyssa-soluneurobiologian-professori-katja-kanninen\/","og_site_name":"Kuopio Brain &amp; Mind","article_modified_time":"2026-01-26T06:29:14+00:00","twitter_card":"summary_large_image","twitter_misc":{"Est. reading time":"4 minutes"},"schema":{"@context":"https:\/\/schema.org","@graph":[{"@type":"WebPage","@id":"https:\/\/sites.uef.fi\/kuopiobrainandmind\/esittelyssa-soluneurobiologian-professori-katja-kanninen\/","url":"https:\/\/sites.uef.fi\/kuopiobrainandmind\/esittelyssa-soluneurobiologian-professori-katja-kanninen\/","name":"Esittelyss\u00e4 soluneurobiologian professori Katja Kanninen - Kuopio Brain &amp; Mind","isPartOf":{"@id":"https:\/\/sites.uef.fi\/kuopiobrainandmind\/#website"},"datePublished":"2026-01-23T12:30:49+00:00","dateModified":"2026-01-26T06:29:14+00:00","breadcrumb":{"@id":"https:\/\/sites.uef.fi\/kuopiobrainandmind\/esittelyssa-soluneurobiologian-professori-katja-kanninen\/#breadcrumb"},"inLanguage":"en-US","potentialAction":[{"@type":"ReadAction","target":["https:\/\/sites.uef.fi\/kuopiobrainandmind\/esittelyssa-soluneurobiologian-professori-katja-kanninen\/"]}]},{"@type":"BreadcrumbList","@id":"https:\/\/sites.uef.fi\/kuopiobrainandmind\/esittelyssa-soluneurobiologian-professori-katja-kanninen\/#breadcrumb","itemListElement":[{"@type":"ListItem","position":1,"name":"Home","item":"https:\/\/sites.uef.fi\/kuopiobrainandmind\/"},{"@type":"ListItem","position":2,"name":"Esittelyss\u00e4 soluneurobiologian professori Katja Kanninen"}]},{"@type":"WebSite","@id":"https:\/\/sites.uef.fi\/kuopiobrainandmind\/#website","url":"https:\/\/sites.uef.fi\/kuopiobrainandmind\/","name":"Kuopio Brain &amp; Mind","description":"","potentialAction":[{"@type":"SearchAction","target":{"@type":"EntryPoint","urlTemplate":"https:\/\/sites.uef.fi\/kuopiobrainandmind\/?s={search_term_string}"},"query-input":{"@type":"PropertyValueSpecification","valueRequired":true,"valueName":"search_term_string"}}],"inLanguage":"en-US"}]}},"_links":{"self":[{"href":"https:\/\/sites.uef.fi\/kuopiobrainandmind\/wp-json\/wp\/v2\/pages\/1554","targetHints":{"allow":["GET"]}}],"collection":[{"href":"https:\/\/sites.uef.fi\/kuopiobrainandmind\/wp-json\/wp\/v2\/pages"}],"about":[{"href":"https:\/\/sites.uef.fi\/kuopiobrainandmind\/wp-json\/wp\/v2\/types\/page"}],"author":[{"embeddable":true,"href":"https:\/\/sites.uef.fi\/kuopiobrainandmind\/wp-json\/wp\/v2\/users\/850"}],"replies":[{"embeddable":true,"href":"https:\/\/sites.uef.fi\/kuopiobrainandmind\/wp-json\/wp\/v2\/comments?post=1554"}],"version-history":[{"count":1,"href":"https:\/\/sites.uef.fi\/kuopiobrainandmind\/wp-json\/wp\/v2\/pages\/1554\/revisions"}],"predecessor-version":[{"id":1590,"href":"https:\/\/sites.uef.fi\/kuopiobrainandmind\/wp-json\/wp\/v2\/pages\/1554\/revisions\/1590"}],"wp:attachment":[{"href":"https:\/\/sites.uef.fi\/kuopiobrainandmind\/wp-json\/wp\/v2\/media?parent=1554"}],"curies":[{"name":"wp","href":"https:\/\/api.w.org\/{rel}","templated":true}]}}