{"id":1577,"date":"2026-01-23T14:54:39","date_gmt":"2026-01-23T12:54:39","guid":{"rendered":"https:\/\/sites.uef.fi\/kuopiobrainandmind\/?page_id=1577"},"modified":"2026-01-26T08:49:56","modified_gmt":"2026-01-26T06:49:56","slug":"esittelyssa-neuropatologi-lt-kliininen-opettaja-ja-tutkija-tuomas-rauramaa","status":"publish","type":"page","link":"https:\/\/sites.uef.fi\/kuopiobrainandmind\/esittelyssa-neuropatologi-lt-kliininen-opettaja-ja-tutkija-tuomas-rauramaa\/","title":{"rendered":"Esittelyss\u00e4 neuropatologi, LT, kliininen opettaja ja tutkija Tuomas Rauramaa"},"content":{"rendered":"\n<p><em><bdo lang=\"fi\" dir=\"ltr\">T\u00e4m\u00e4 uutinen on julkaistu alun perin 21.10.2024. Kirjoittaja: Tarja Laitinen, Kuopio Brain &amp; Mind aluep\u00e4\u00e4llikk\u00f6.<\/bdo><\/em><\/p>\n\n\n\n<p><bdo lang=\"fi\" dir=\"ltr\">Vuonna 2021 perustetun Kansallisen Neurokeskuksen Kuopio Brain &amp; Mind-alueverkoston toiminta edist\u00e4\u00e4 aivoterveytt\u00e4 monialaisella ja potilasl\u00e4ht\u00f6isell\u00e4 yhteisty\u00f6ll\u00e4. Kuopio Brain &amp; Mind -alueverkoston tavoitteena on lis\u00e4t\u00e4 ja helpottaa yhteisty\u00f6t\u00e4 It\u00e4-Suomen yliopiston ja Pohjois-Savon hyvinvointialueen sek\u00e4 aivoterveyden parissa ty\u00f6skentelevien yritysten v\u00e4lill\u00e4 ja edist\u00e4\u00e4 it\u00e4suomalaisen huipputason monialaisen neurotieteen menestyst\u00e4.<\/bdo><\/p>\n\n\n\n<p><strong><bdo lang=\"fi\" dir=\"ltr\">Mit\u00e4 Kuopio Brain &amp; Mind-verkostossa tapahtuu ja keit\u00e4 verkostossa ty\u00f6skentelee aivoterveyden parissa?<\/bdo><\/strong><\/p>\n\n\n\n<p><bdo lang=\"fi\" dir=\"ltr\">Tuomas Rauramaan tie neuropatologiksi, dosentiksi ja patologian kliiniseksi opettajaksi on ollut tavoitteellinen ja suoraviivainen.<\/bdo><\/p>\n\n\n\n<p><bdo lang=\"fi\" dir=\"ltr\">Ylioppilaaksi valmistuttuaan Tuomaksella oli edess\u00e4\u00e4n mietinn\u00e4t tulevaisuudesta. Muutamia vaihtoehtoja pohdittuaan h\u00e4n p\u00e4\u00e4tyi opiskelemaan Tarton yliopistoon, josta valmistui l\u00e4\u00e4k\u00e4riksi v. 2006. Patologian kurssin aikana Tuomas huomasi kiinnostuksensa patologiaan her\u00e4nneen ja omien sanojensa mukaan lumoutui mikroskooppisista n\u00e4kymist\u00e4 sek\u00e4 patologisesta anatomiasta.<\/bdo><\/p>\n\n\n\n<p><bdo lang=\"fi\" dir=\"ltr\">Muita varteenotettavia kiinnostuksen aiheita erikoistumisopinnoiksi olivat mm. psykiatria ja neurologia. Neuropatologiaan h\u00e4n tunsi kuitenkin niin suurta vetoa, ett\u00e4 huomasi tautiprosessien, niiden ilmenemisen ja diagnostiikan kiinnostavan h\u00e4nt\u00e4 enemm\u00e4n kuin itse tautien hoitaminen. L\u00e4\u00e4k\u00e4riksi valmistumisensa j\u00e4lkeen lyhyt jakso patologian osastolla silloisessa Keski-Suomen Keskussairaalassa Jyv\u00e4skyl\u00e4ss\u00e4 vain vahvisti ajatuksia.<\/bdo><\/p>\n\n\n\n<p><bdo lang=\"fi\" dir=\"ltr\">Tuomaksen erikoistumisopinnot alkoivat Kuopion yliopistossa syksyll\u00e4 2007. Ko. aikaan Kuopion Yliopistossa ty\u00f6skennelleell\u00e4 professori Irina Alafuzofflila oli eritt\u00e4in suuri merkitys Tuomaksen p\u00e4\u00e4tymiseen neuropatologian ja tutkimusty\u00f6n pariin. Irina toimi Tuomakselle mentorina ja mm. neuropatologian v\u00e4it\u00f6skirjatutkimus sai alkunsa toimivasta yhteisty\u00f6st\u00e4. Irinan vaikutus n\u00e4kyy Tuomaksen ajattelussa, miten h\u00e4n n\u00e4kee toimenkuvansa t\u00e4n\u00e4kin p\u00e4iv\u00e4n\u00e4.<\/bdo><\/p>\n\n\n\n<p><bdo lang=\"fi\" dir=\"ltr\">Erikoisl\u00e4\u00e4k\u00e4riksi 2012 valmistuttuaan Tuomas jatkoi neuropatologian lis\u00e4koulutukseen, v\u00e4itteli tohtoriksi 2015 ja sai l\u00e4\u00e4ketieteen tohtorin arvon 2016. Erikoistumisopintojensa varhaisessa vaiheessa Tuomas aloitti my\u00f6s opetusty\u00f6t, jotka ovat kulkeneet mukana vuosia ja johtivat l\u00e4\u00e4k\u00e4rikouluttajan erityisp\u00e4tevyyteen vuonna 2019. Dosentuuri Tuomakselle my\u00f6nnettiin It\u00e4-Suomen yliopistosta vuonna 2020.<\/bdo><\/p>\n\n\n\n<p><bdo lang=\"fi\" dir=\"ltr\">T\u00e4n\u00e4 p\u00e4iv\u00e4n\u00e4 Tuomaksen p\u00e4\u00e4ty\u00f6t\u00e4 ovat tautiopin opetus It\u00e4-Suomen yliopistolla, kliininen ty\u00f6 KYS kliinisen patologian yksik\u00f6ss\u00e4 sek\u00e4 tutkimustoiminta. Tuomaksen erityisosaamisaluetta ovat aivo- ja keuhkosairaudet. Diagnostiikan kehitt\u00e4minen sek\u00e4 alan kehityksess\u00e4 ja mahdollisimman ajan hermolla mukana pysyminen on oleellinen osa Tuomaksen ty\u00f6t\u00e4 ja h\u00e4n olikin artikkelin kirjoittamisen aikaan l\u00e4hd\u00f6ss\u00e4 Saksaan kouluttautumaan lis\u00e4\u00e4 epilepsiakirurgian ja epilepsiapatologian saralla. Ty\u00f6nkuvan monipuolisuus on Tuomakselle vain plussaa.<\/bdo><\/p>\n\n\n\n<h2 class=\"wp-block-heading\"><bdo lang=\"fi\" dir=\"ltr\">Tutkimukset, hankkeet ja monitieteellinen yhteisty\u00f6\u00a0<\/bdo><\/h2>\n\n\n\n<p><bdo lang=\"fi\" dir=\"ltr\">Neuropatologia on laaja erityisosaamisalueensa, jossa tutkitaan mm. lihastauteja, aivokasvaimia, rappeuttavia tauteja, epilepsiaa sek\u00e4 muita sairauksia. Mm. sy\u00f6p\u00e4diagnostiikassa neuropatologinen diagnostiikka voi tapahtua yhden molekyylin tarkkuudella ja on avainasemassa varmistamassa, ett\u00e4 diagnostiikka on mahdollisimman tarkkaa ja sit\u00e4 kautta potilaalle l\u00f6ydet\u00e4\u00e4n juuri h\u00e4nen sairauteensa sopiva hoito. Moniammatillisuus on Tuomaksen ty\u00f6ss\u00e4 olennaista ja hyvin antoisaa. H\u00e4n sanookin tutkimusyhteisty\u00f6n eri tieteenalojen ja ammattiryhmien kanssa olevan ty\u00f6ns\u00e4 yksi vetovoimatekij\u00e4.<\/bdo><\/p>\n\n\n\n<p><bdo lang=\"fi\" dir=\"ltr\">Keskeisimp\u00e4n\u00e4 tutkimusaiheena Tuomaksella ovat pitk\u00e4\u00e4n olleet rappeuttavat aivosairaudet sek\u00e4 vaikeahoitoinen epilepsia neuropatologiselta kannalta. Meneill\u00e4\u00e4n olevia tutkimusprojekteja ovat mm.<\/bdo><\/p>\n\n\n\n<ul class=\"wp-block-list\">\n<li><bdo lang=\"fi\" dir=\"ltr\">Multiscale assessment of epilectogenicity in the human brain \u2013 for better diagnosis and treatment of drug-refractory epilepsy-tutkimuksessa pyrit\u00e4\u00e4n ymm\u00e4rt\u00e4m\u00e4\u00e4n rakenteellisella, toiminnallisella ja molekulaarisella tasolla, miksi aivokudos aiheuttaa epilepsia kohtauksia. Laajassa yhteisty\u00f6hankkeessa saadaan potilaasta ainutlaatuinen moniskaalainen ja moniulotteinen data tietoa. Tuomas tuo t\u00e4h\u00e4n laajaan yhteisty\u00f6hankkeeseen ja kokonaisuuteen neuropatologista osaamista.<\/bdo><\/li>\n\n\n\n<li><bdo lang=\"fi\" dir=\"ltr\">Aivo-selk\u00e4ydinnestekierron h\u00e4iri\u00f6st\u00e4 johtuvaa muistisairautta, NPH-tautia, hoidetaan usein sunttileikkauksella. Leikkauksen sivutuotteena saatava aivokudosn\u00e4yte auttaa potilaan ennusteen arvioinnissa. Kuopion yliopistollisessa sairaalassa otetut potilasn\u00e4ytteet palvelevat lis\u00e4ksi tieteellist\u00e4 tutkimusta. Monille NPH:ta sairastaville kehittyy my\u00f6s Alzheimerin tauti tai muu aivorappeumasairaus, joita n\u00e4ytteist\u00e4 voidaan tutkia. Tuomas on ty\u00f6skennellyt neuropatologina yli 10 vuoden ajan t\u00e4ss\u00e4 projektissa sek\u00e4 sit\u00e4 sivuavissa muissa aivorappeumasairauksiin liittyviss\u00e4 tutkimusprojekteissa.<\/bdo><\/li>\n<\/ul>\n\n\n\n<h2 class=\"wp-block-heading\"><bdo lang=\"fi\" dir=\"ltr\">Tulevaisuus<\/bdo><\/h2>\n\n\n\n<p><bdo lang=\"fi\" dir=\"ltr\">Tulevaisuudessa Tuomas toivoo tekev\u00e4ns\u00e4 ty\u00f6t\u00e4, jossa on mukana samoja elementtej\u00e4 kuin t\u00e4ll\u00e4kin hetkell\u00e4. Tuomaksen mukaan patologian kehitys on yh\u00e4 enenev\u00e4ss\u00e4 m\u00e4\u00e4rin menossa teko\u00e4ly\u00e4 hy\u00f6dynt\u00e4v\u00e4\u00e4n suuntaan. Teko\u00e4lymalli kykenee ihmissilm\u00e4\u00e4 parempaan ja toistettavampaan analytiikkaan, mutta h\u00e4nen mielest\u00e4\u00e4n kyse on patologin apulaisesta, ei korvaajasta. Tuomas n\u00e4keekin teko\u00e4lyn mahdollisuutena ja hy\u00f6dynt\u00e4\u00e4 teko\u00e4ly\u00e4 omassa ty\u00f6ss\u00e4\u00e4n jo l\u00e4hes p\u00e4ivitt\u00e4in.<\/bdo><\/p>\n\n\n\n<p><bdo lang=\"fi\" dir=\"ltr\">Tuomas toivoo, ett\u00e4 jatkossa yhteisty\u00f6 eri ty\u00f6ryhmien ja tieteenalojen v\u00e4lill\u00e4 vahvistuisi entisest\u00e4\u00e4n. Yhten\u00e4 ratkaisuna Tuomaksen mukaan voisi olla se, ett\u00e4 oltaisiin enemm\u00e4n fyysisesti samoissa tiloissa ja t\u00e4t\u00e4 kautta voisi helpottua mm. uusien ideoiden ja yhteisty\u00f6n syntyminen. It\u00e4-Suomen yliopiston kampuskehityksen mukanaan tuomien muutosten my\u00f6t\u00e4 saattaakin toteutua Tuomaksen toive siit\u00e4, ett\u00e4 ihmiset todella p\u00e4\u00e4sev\u00e4t l\u00e4hemm\u00e4s toisiaan ja altistuvat n\u00e4in toisilleen.<\/bdo><\/p>\n\n\n\n<p><bdo lang=\"fi\" dir=\"ltr\">Tuomas toteaakin humoristisesti, ett\u00e4 patologin ty\u00f6 on onneksi kaukana monella olevasta stereotyyppisest\u00e4 mielikuvasta, jossa patologi ty\u00f6skentelee pime\u00e4ss\u00e4 huoneessa sairaalan kellarissa eik\u00e4 puhu kenellek\u00e4\u00e4n.<\/bdo><\/p>\n\n\n\n<h2 class=\"wp-block-heading\"><bdo lang=\"fi\" dir=\"ltr\">Lis\u00e4tietoa<\/bdo><\/h2>\n\n\n\n<p><bdo lang=\"fi\" dir=\"ltr\">tuomas.rauramaa@uef.fi<\/bdo><\/p>\n\n\n\n<p><bdo lang=\"fi\" dir=\"ltr\">Kuopio Brain &amp; Mind on osa Kansallisen Neurokeskuksen tutkijaverkostoa.\u00a0 Lis\u00e4tietoa verkostostamme l\u00f6yd\u00e4t osoitteesta\u00a0<a href=\"https:\/\/neurocenterfinland.fi\/\">https:\/\/neurocenterfinland.fi\/\u00a0<\/a><\/bdo><\/p>\n\n\n\n<p><bdo lang=\"fi\" dir=\"ltr\">Twitter:\u00a0<a href=\"https:\/\/x.com\/kuo_brain_mind\">@kuo_brain_mind\u00a0<\/a><\/bdo><\/p>\n\n\n\n<p><bdo lang=\"fi\" dir=\"ltr\">LinkedIn:\u00a0<a href=\"https:\/\/www.linkedin.com\/company\/kuopio-brain-mind\">https:\/\/www.linkedin.com\/company\/kuopio-brain-mind<\/a><\/bdo><\/p>\n","protected":false},"excerpt":{"rendered":"<p>T\u00e4m\u00e4 uutinen on julkaistu alun perin 21.10.2024. Kirjoittaja: Tarja Laitinen, Kuopio Brain &amp; Mind aluep\u00e4\u00e4llikk\u00f6. Vuonna 2021 perustetun Kansallisen Neurokeskuksen Kuopio Brain &amp; Mind-alueverkoston toiminta edist\u00e4\u00e4 aivoterveytt\u00e4 monialaisella ja potilasl\u00e4ht\u00f6isell\u00e4 yhteisty\u00f6ll\u00e4. Kuopio Brain &amp; Mind -alueverkoston tavoitteena on lis\u00e4t\u00e4 ja helpottaa yhteisty\u00f6t\u00e4 It\u00e4-Suomen yliopiston ja Pohjois-Savon hyvinvointialueen sek\u00e4 aivoterveyden parissa ty\u00f6skentelevien yritysten v\u00e4lill\u00e4 ja edist\u00e4\u00e4 [&hellip;]<\/p>\n","protected":false},"author":850,"featured_media":0,"parent":0,"menu_order":0,"comment_status":"closed","ping_status":"closed","template":"","meta":{"_acf_changed":false,"footnotes":""},"class_list":["post-1577","page","type-page","status-publish","hentry"],"acf":[],"yoast_head":"<!-- This site is optimized with the Yoast SEO plugin v27.3 - https:\/\/yoast.com\/product\/yoast-seo-wordpress\/ -->\n<title>Esittelyss\u00e4 neuropatologi, LT, kliininen opettaja ja tutkija Tuomas Rauramaa - Kuopio Brain &amp; Mind<\/title>\n<meta name=\"robots\" content=\"index, follow, max-snippet:-1, max-image-preview:large, max-video-preview:-1\" \/>\n<link rel=\"canonical\" href=\"https:\/\/sites.uef.fi\/kuopiobrainandmind\/esittelyssa-neuropatologi-lt-kliininen-opettaja-ja-tutkija-tuomas-rauramaa\/\" \/>\n<meta property=\"og:locale\" content=\"en_US\" \/>\n<meta property=\"og:type\" content=\"article\" \/>\n<meta property=\"og:title\" content=\"Esittelyss\u00e4 neuropatologi, LT, kliininen opettaja ja tutkija Tuomas Rauramaa - Kuopio Brain &amp; Mind\" \/>\n<meta property=\"og:description\" content=\"T\u00e4m\u00e4 uutinen on julkaistu alun perin 21.10.2024. Kirjoittaja: Tarja Laitinen, Kuopio Brain &amp; Mind aluep\u00e4\u00e4llikk\u00f6. Vuonna 2021 perustetun Kansallisen Neurokeskuksen Kuopio Brain &amp; Mind-alueverkoston toiminta edist\u00e4\u00e4 aivoterveytt\u00e4 monialaisella ja potilasl\u00e4ht\u00f6isell\u00e4 yhteisty\u00f6ll\u00e4. Kuopio Brain &amp; Mind -alueverkoston tavoitteena on lis\u00e4t\u00e4 ja helpottaa yhteisty\u00f6t\u00e4 It\u00e4-Suomen yliopiston ja Pohjois-Savon hyvinvointialueen sek\u00e4 aivoterveyden parissa ty\u00f6skentelevien yritysten v\u00e4lill\u00e4 ja edist\u00e4\u00e4 [&hellip;]\" \/>\n<meta property=\"og:url\" content=\"https:\/\/sites.uef.fi\/kuopiobrainandmind\/esittelyssa-neuropatologi-lt-kliininen-opettaja-ja-tutkija-tuomas-rauramaa\/\" \/>\n<meta property=\"og:site_name\" content=\"Kuopio Brain &amp; Mind\" \/>\n<meta property=\"article:modified_time\" content=\"2026-01-26T06:49:56+00:00\" \/>\n<meta name=\"twitter:card\" content=\"summary_large_image\" \/>\n<meta name=\"twitter:label1\" content=\"Est. reading time\" \/>\n\t<meta name=\"twitter:data1\" content=\"3 minutes\" \/>\n<script type=\"application\/ld+json\" class=\"yoast-schema-graph\">{\"@context\":\"https:\\\/\\\/schema.org\",\"@graph\":[{\"@type\":\"WebPage\",\"@id\":\"https:\\\/\\\/sites.uef.fi\\\/kuopiobrainandmind\\\/esittelyssa-neuropatologi-lt-kliininen-opettaja-ja-tutkija-tuomas-rauramaa\\\/\",\"url\":\"https:\\\/\\\/sites.uef.fi\\\/kuopiobrainandmind\\\/esittelyssa-neuropatologi-lt-kliininen-opettaja-ja-tutkija-tuomas-rauramaa\\\/\",\"name\":\"Esittelyss\u00e4 neuropatologi, LT, kliininen opettaja ja tutkija Tuomas Rauramaa - Kuopio Brain &amp; Mind\",\"isPartOf\":{\"@id\":\"https:\\\/\\\/sites.uef.fi\\\/kuopiobrainandmind\\\/#website\"},\"datePublished\":\"2026-01-23T12:54:39+00:00\",\"dateModified\":\"2026-01-26T06:49:56+00:00\",\"breadcrumb\":{\"@id\":\"https:\\\/\\\/sites.uef.fi\\\/kuopiobrainandmind\\\/esittelyssa-neuropatologi-lt-kliininen-opettaja-ja-tutkija-tuomas-rauramaa\\\/#breadcrumb\"},\"inLanguage\":\"en-US\",\"potentialAction\":[{\"@type\":\"ReadAction\",\"target\":[\"https:\\\/\\\/sites.uef.fi\\\/kuopiobrainandmind\\\/esittelyssa-neuropatologi-lt-kliininen-opettaja-ja-tutkija-tuomas-rauramaa\\\/\"]}]},{\"@type\":\"BreadcrumbList\",\"@id\":\"https:\\\/\\\/sites.uef.fi\\\/kuopiobrainandmind\\\/esittelyssa-neuropatologi-lt-kliininen-opettaja-ja-tutkija-tuomas-rauramaa\\\/#breadcrumb\",\"itemListElement\":[{\"@type\":\"ListItem\",\"position\":1,\"name\":\"Home\",\"item\":\"https:\\\/\\\/sites.uef.fi\\\/kuopiobrainandmind\\\/\"},{\"@type\":\"ListItem\",\"position\":2,\"name\":\"Esittelyss\u00e4 neuropatologi, LT, kliininen opettaja ja tutkija Tuomas Rauramaa\"}]},{\"@type\":\"WebSite\",\"@id\":\"https:\\\/\\\/sites.uef.fi\\\/kuopiobrainandmind\\\/#website\",\"url\":\"https:\\\/\\\/sites.uef.fi\\\/kuopiobrainandmind\\\/\",\"name\":\"Kuopio Brain &amp; Mind\",\"description\":\"\",\"potentialAction\":[{\"@type\":\"SearchAction\",\"target\":{\"@type\":\"EntryPoint\",\"urlTemplate\":\"https:\\\/\\\/sites.uef.fi\\\/kuopiobrainandmind\\\/?s={search_term_string}\"},\"query-input\":{\"@type\":\"PropertyValueSpecification\",\"valueRequired\":true,\"valueName\":\"search_term_string\"}}],\"inLanguage\":\"en-US\"}]}<\/script>\n<!-- \/ Yoast SEO plugin. -->","yoast_head_json":{"title":"Esittelyss\u00e4 neuropatologi, LT, kliininen opettaja ja tutkija Tuomas Rauramaa - Kuopio Brain &amp; Mind","robots":{"index":"index","follow":"follow","max-snippet":"max-snippet:-1","max-image-preview":"max-image-preview:large","max-video-preview":"max-video-preview:-1"},"canonical":"https:\/\/sites.uef.fi\/kuopiobrainandmind\/esittelyssa-neuropatologi-lt-kliininen-opettaja-ja-tutkija-tuomas-rauramaa\/","og_locale":"en_US","og_type":"article","og_title":"Esittelyss\u00e4 neuropatologi, LT, kliininen opettaja ja tutkija Tuomas Rauramaa - Kuopio Brain &amp; Mind","og_description":"T\u00e4m\u00e4 uutinen on julkaistu alun perin 21.10.2024. Kirjoittaja: Tarja Laitinen, Kuopio Brain &amp; Mind aluep\u00e4\u00e4llikk\u00f6. Vuonna 2021 perustetun Kansallisen Neurokeskuksen Kuopio Brain &amp; Mind-alueverkoston toiminta edist\u00e4\u00e4 aivoterveytt\u00e4 monialaisella ja potilasl\u00e4ht\u00f6isell\u00e4 yhteisty\u00f6ll\u00e4. Kuopio Brain &amp; Mind -alueverkoston tavoitteena on lis\u00e4t\u00e4 ja helpottaa yhteisty\u00f6t\u00e4 It\u00e4-Suomen yliopiston ja Pohjois-Savon hyvinvointialueen sek\u00e4 aivoterveyden parissa ty\u00f6skentelevien yritysten v\u00e4lill\u00e4 ja edist\u00e4\u00e4 [&hellip;]","og_url":"https:\/\/sites.uef.fi\/kuopiobrainandmind\/esittelyssa-neuropatologi-lt-kliininen-opettaja-ja-tutkija-tuomas-rauramaa\/","og_site_name":"Kuopio Brain &amp; Mind","article_modified_time":"2026-01-26T06:49:56+00:00","twitter_card":"summary_large_image","twitter_misc":{"Est. reading time":"3 minutes"},"schema":{"@context":"https:\/\/schema.org","@graph":[{"@type":"WebPage","@id":"https:\/\/sites.uef.fi\/kuopiobrainandmind\/esittelyssa-neuropatologi-lt-kliininen-opettaja-ja-tutkija-tuomas-rauramaa\/","url":"https:\/\/sites.uef.fi\/kuopiobrainandmind\/esittelyssa-neuropatologi-lt-kliininen-opettaja-ja-tutkija-tuomas-rauramaa\/","name":"Esittelyss\u00e4 neuropatologi, LT, kliininen opettaja ja tutkija Tuomas Rauramaa - Kuopio Brain &amp; Mind","isPartOf":{"@id":"https:\/\/sites.uef.fi\/kuopiobrainandmind\/#website"},"datePublished":"2026-01-23T12:54:39+00:00","dateModified":"2026-01-26T06:49:56+00:00","breadcrumb":{"@id":"https:\/\/sites.uef.fi\/kuopiobrainandmind\/esittelyssa-neuropatologi-lt-kliininen-opettaja-ja-tutkija-tuomas-rauramaa\/#breadcrumb"},"inLanguage":"en-US","potentialAction":[{"@type":"ReadAction","target":["https:\/\/sites.uef.fi\/kuopiobrainandmind\/esittelyssa-neuropatologi-lt-kliininen-opettaja-ja-tutkija-tuomas-rauramaa\/"]}]},{"@type":"BreadcrumbList","@id":"https:\/\/sites.uef.fi\/kuopiobrainandmind\/esittelyssa-neuropatologi-lt-kliininen-opettaja-ja-tutkija-tuomas-rauramaa\/#breadcrumb","itemListElement":[{"@type":"ListItem","position":1,"name":"Home","item":"https:\/\/sites.uef.fi\/kuopiobrainandmind\/"},{"@type":"ListItem","position":2,"name":"Esittelyss\u00e4 neuropatologi, LT, kliininen opettaja ja tutkija Tuomas Rauramaa"}]},{"@type":"WebSite","@id":"https:\/\/sites.uef.fi\/kuopiobrainandmind\/#website","url":"https:\/\/sites.uef.fi\/kuopiobrainandmind\/","name":"Kuopio Brain &amp; Mind","description":"","potentialAction":[{"@type":"SearchAction","target":{"@type":"EntryPoint","urlTemplate":"https:\/\/sites.uef.fi\/kuopiobrainandmind\/?s={search_term_string}"},"query-input":{"@type":"PropertyValueSpecification","valueRequired":true,"valueName":"search_term_string"}}],"inLanguage":"en-US"}]}},"_links":{"self":[{"href":"https:\/\/sites.uef.fi\/kuopiobrainandmind\/wp-json\/wp\/v2\/pages\/1577","targetHints":{"allow":["GET"]}}],"collection":[{"href":"https:\/\/sites.uef.fi\/kuopiobrainandmind\/wp-json\/wp\/v2\/pages"}],"about":[{"href":"https:\/\/sites.uef.fi\/kuopiobrainandmind\/wp-json\/wp\/v2\/types\/page"}],"author":[{"embeddable":true,"href":"https:\/\/sites.uef.fi\/kuopiobrainandmind\/wp-json\/wp\/v2\/users\/850"}],"replies":[{"embeddable":true,"href":"https:\/\/sites.uef.fi\/kuopiobrainandmind\/wp-json\/wp\/v2\/comments?post=1577"}],"version-history":[{"count":1,"href":"https:\/\/sites.uef.fi\/kuopiobrainandmind\/wp-json\/wp\/v2\/pages\/1577\/revisions"}],"predecessor-version":[{"id":1600,"href":"https:\/\/sites.uef.fi\/kuopiobrainandmind\/wp-json\/wp\/v2\/pages\/1577\/revisions\/1600"}],"wp:attachment":[{"href":"https:\/\/sites.uef.fi\/kuopiobrainandmind\/wp-json\/wp\/v2\/media?parent=1577"}],"curies":[{"name":"wp","href":"https:\/\/api.w.org\/{rel}","templated":true}]}}