{"id":1605,"date":"2026-01-26T09:04:51","date_gmt":"2026-01-26T07:04:51","guid":{"rendered":"https:\/\/sites.uef.fi\/kuopiobrainandmind\/?page_id=1605"},"modified":"2026-01-26T09:04:53","modified_gmt":"2026-01-26T07:04:53","slug":"esittelyssa-nuorisopsykiatrian-professori-erikoislaakari-ja-tutkija-tommi-tolmunen","status":"publish","type":"page","link":"https:\/\/sites.uef.fi\/kuopiobrainandmind\/esittelyssa-nuorisopsykiatrian-professori-erikoislaakari-ja-tutkija-tommi-tolmunen\/","title":{"rendered":"Esittelyss\u00e4 nuorisopsykiatrian professori, erikoisl\u00e4\u00e4k\u00e4ri ja tutkija Tommi Tolmunen"},"content":{"rendered":"\n<p><em><bdo lang=\"fi\" dir=\"ltr\">T\u00e4m\u00e4 uutinen on julkaistu alun perin 13.8.2024.<\/bdo><\/em><\/p>\n\n\n\n<p><bdo lang=\"fi\" dir=\"ltr\">Vuonna 2021 perustetun Kansallisen Neurokeskuksen Kuopio Brain &amp; Mind-alueverkoston toiminta edist\u00e4\u00e4 aivoterveytt\u00e4 monialaisella ja potilasl\u00e4ht\u00f6isell\u00e4 yhteisty\u00f6ll\u00e4. Kuopio Brain &amp; Mind -alueverkoston tavoitteena on lis\u00e4t\u00e4 ja helpottaa yhteisty\u00f6t\u00e4 It\u00e4-Suomen yliopiston ja Pohjois-Savon hyvinvointialueen sek\u00e4 aivoterveyden parissa ty\u00f6skentelevien yritysten v\u00e4lill\u00e4 ja edist\u00e4\u00e4 it\u00e4suomalaisen huipputason monialaisen neurotieteen menestyst\u00e4.<\/bdo><\/p>\n\n\n\n<p><strong><bdo lang=\"fi\" dir=\"ltr\">Mit\u00e4 Kuopio Brain &amp; Mind-verkostossa tapahtuu ja keit\u00e4 verkostossa ty\u00f6skentelee aivoterveyden parissa?<\/bdo><\/strong><\/p>\n\n\n\n<p><bdo lang=\"fi\" dir=\"ltr\">Aloitetaanpa tutustuminen nuorisopsykiatriasta. Tommi Tolmunen toimii It\u00e4-Suomen yliopiston nuorisopsykiatrian professorina, nuorisopsykiatrisen perusopetuksen ja erikoisl\u00e4\u00e4k\u00e4rikoulutuksen koordinaatiossa, nuorisopsykiatrian kliinisen\u00e4 tutkijana, ja nuorisopsykiatrian erikoisl\u00e4\u00e4k\u00e4rin\u00e4 (nuorisopsykiatrianylil\u00e4\u00e4k\u00e4ri, KYS) sek\u00e4 laillistettuna psykoterapeuttina.<\/bdo><\/p>\n\n\n\n<p><bdo lang=\"fi\" dir=\"ltr\">Tommin uratarina on mielenkiintoinen ja vaiherikas. Tommin haaveissa oli lapsuudessa kouluttautua biologiksi, mutta kuten usein tahtoo k\u00e4yd\u00e4, murrosik\u00e4 muutti urahaaveet. Lukion j\u00e4lkeen Tommi suoritti mielisairaanhoitajakoulutuksen ja tie johti urapohdintojen j\u00e4lkeen l\u00e4\u00e4ketieteelliseen ja ajatuksissa siinsi fysiatrian erikoistumisala. Lama-aika kuitenkin vaikeutti ty\u00f6paikan saantia ja laittoi urasuunnitelmat uusiksi, uudemman kerran. L\u00e4\u00e4k\u00e4riopintojen harjoittelupaikka aukesi kuitenkin jo hoitaja-ajoista tuttuihin paikkoihin psykiatrian puolelle ja uusi urahaave oli valmiina. Tommi valmistui ensin psykiatriksi ja sitten kokeilun kautta nuorisopsykiatriaan. My\u00f6s tutkimuksen maailmaan Tommi ajautui omien sanojensa mukaan vahingossa kokeilun kautta.<\/bdo><\/p>\n\n\n\n<p><bdo lang=\"fi\" dir=\"ltr\">Tommin ty\u00f6arki nuorisopsykiatrian professorina koostuu niin potilaiden vastaanotosta, psykiatriaan erikoistuvien l\u00e4\u00e4k\u00e4reiden koulutuksesta ja ohjaamisesta, hallinnollisista t\u00f6ist\u00e4 apuraha-anomuksineen sek\u00e4 tutkimuksesta. Tommin hurtin huumorin mukaan; \u201dEllei t\u00e4h\u00e4n menness\u00e4 ole jo ADHD, se kyll\u00e4 kehittyy v\u00e4hint\u00e4\u00e4n professorin ty\u00f6ss\u00e4\u201d. Kuopio Brain &amp; Mind-ohjausryhm\u00e4n j\u00e4senyys tuo oman osansa Tommin arjen sillisalaattiin.<\/bdo><\/p>\n\n\n\n<p><bdo lang=\"fi\" dir=\"ltr\">Psykiatrian erikoisalojen haasteet ovat Tommin mukaan t\u00e4n\u00e4 p\u00e4iv\u00e4n\u00e4 paljolti yhteiskunnallisia, ahdistus lis\u00e4\u00e4ntyy mm. somen ja kaiken nielev\u00e4n ja addiktoivan internetin maailman, ilmastokatastrofin ja sotien vuoksi. Samaan aikaan suomalainen hoitoj\u00e4rjestelm\u00e4 rapautuu ja ammattitaitoisen ja pysyv\u00e4n ty\u00f6voiman saanti on vaikeaa, yhteiskunta ep\u00e4tasa-arvoistuu, perherakenteet hajoavat, ev\u00e4\u00e4t pit\u00e4\u00e4 asioita kasassa tai hoitaa lopputuloksia vaikeutuu ja yht\u00e4l\u00f6 alkaa olla mahdoton.<\/bdo><\/p>\n\n\n\n<h2 class=\"wp-block-heading\"><bdo lang=\"fi\" dir=\"ltr\">Hankkeet ja tutkimukset<\/bdo><\/h2>\n\n\n\n<p><bdo lang=\"fi\" dir=\"ltr\">Tommin meneill\u00e4\u00e4n olevia nuorisopsykiatrisia hankkeita \/ tutkimuksia ovat mm.<\/bdo><\/p>\n\n\n\n<ul class=\"wp-block-list\">\n<li>Youth Wellbeing<bdo lang=\"fi\" dir=\"ltr\">. Nuorten psyykkisen ja fyysisen hyvinvoinnin tutkimuksessa selvitettiin yli 20 vuoden ajalta alkuhaastattelujen, seurantakyselyn, terveyspalveluiden k\u00e4ytt\u00f6tietojen, veren metabolomiikan sek\u00e4 aivokuvantamisen kautta 4000 nuoren alkoholink\u00e4yt\u00f6n vaikutuksia nuorten aivoterveydelle. Tutkimus osoitti kohtuullisenkin alkoholink\u00e4yt\u00f6n vaikuttavan heikent\u00e4v\u00e4sti aivojen kehittymiseen sek\u00e4 aiheuttavan aivojen rakenteissa ja toiminnoissa n\u00e4kyvi\u00e4 muutoksia jo ennen diagnosoitavaa p\u00e4ihdeh\u00e4iri\u00f6t\u00e4. Seurantatutkimuksessa tullaan selvitt\u00e4m\u00e4\u00e4n mm. alkoholin kulutuksen m\u00e4\u00e4r\u00e4n vaikutusta havaittuihin aivomuutoksiin.<\/bdo><\/li>\n\n\n\n<li><bdo lang=\"fi\" dir=\"ltr\">REAL-tutkimuksessa pyrit\u00e4\u00e4n tunnistamaan nuorten p\u00e4ihteidenk\u00e4ytt\u00f6 mahdollisimman varhaisessa vaiheessa ja selvitt\u00e4m\u00e4\u00e4n p\u00e4ihteiden k\u00e4yt\u00f6n vaikutuksia nuorten metaboliseen eli aineen-vaihdunnalliseen profiiliin. Nuorten p\u00e4ihteidenk\u00e4ytt\u00f6\u00f6n puuttuvalla mini-interventiolla tutkitaan, voidaanko nuorten p\u00e4ihteiden k\u00e4ytt\u00f6\u00e4 v\u00e4hent\u00e4\u00e4 ja t\u00e4t\u00e4 kautta parantaa heid\u00e4n el\u00e4m\u00e4nlaatuaan. Tutkimuksen oletuksena on, ett\u00e4 s\u00e4hk\u00f6inen mini-interventio v\u00e4hent\u00e4\u00e4 ja ehk\u00e4isee nuorten p\u00e4ihteidenk\u00e4ytt\u00f6\u00e4 ja n\u00e4kyy my\u00f6s nuorten metabolisen profiilin muutoksina. Tutkimuksen tavoitteena on levitt\u00e4\u00e4 s\u00e4hk\u00f6inen kysely laajempaankin k\u00e4ytt\u00f6\u00f6n ja vaikuttaa t\u00e4t\u00e4 kautta nuorten p\u00e4ihteidenk\u00e4ytt\u00f6\u00f6n v\u00e4hent\u00e4v\u00e4sti.<\/bdo><\/li>\n\n\n\n<li><bdo lang=\"fi\" dir=\"ltr\">SMART- tutkimuksessa selvitet\u00e4\u00e4n, millaisia systeemisi\u00e4 muutoksia psyykkisi\u00e4 sairauksia sairastavien nuorten avohuollon potilaiden elimist\u00f6ss\u00e4 tapahtuu. Tutkimuksen oletuksena on, ett\u00e4 metabolomiikan menetelmill\u00e4 voidaan erotella erilaisia psykiatrisia diagnostisia profiileja ja mahdollisesti systeemisten profiilien avulla ennustaa sairauksien kulkua ja eri hoitomenetelmien toimivuutta. Tulokset voivat auttaa pitk\u00e4ll\u00e4 t\u00e4ht\u00e4imell\u00e4 kehitt\u00e4m\u00e4\u00e4n yksil\u00f6llistettyj\u00e4 hoitoja nuorisopsykiatriassa ja psykiatriassa.<\/bdo><\/li>\n\n\n\n<li>School Well<bdo lang=\"fi\" dir=\"ltr\">-konsortio on usean eri organisaation monitieteellisesti toteutettava 6-vuotinen tutkimus pedagogiikan, liikunta- ja terveystieteen, sosiaaliepidemiologian ja nuorisopsykiatrian alojen kesken. Peruskoulumaailmaan sijoittuvien interventioiden avulla halutaan selvitt\u00e4\u00e4, voitaisiinko jo ongelmien syntyvaiheeseen puuttumalla vaikuttaa lasten ja nuorten oppimiseen sek\u00e4 kokonaisvaltaiseen hyvinvointiin koulun arjessa, jolloin my\u00f6hemm\u00e4n vaiheen hoidontarve v\u00e4henee.<\/bdo><\/li>\n<\/ul>\n\n\n\n<h2 class=\"wp-block-heading\"><bdo lang=\"fi\" dir=\"ltr\">Monitieteellinen yhteisty\u00f6<\/bdo><\/h2>\n\n\n\n<p><bdo lang=\"fi\" dir=\"ltr\">Nuorten hyvinvointiin panostaminen vaatii monitieteellist\u00e4 ja -ammatillista osaamista ja yhteisty\u00f6t\u00e4. Nuoriso-psykiatria tekeekin tutkimusyhteisty\u00f6t\u00e4 mm. KYS psykiatrian, It\u00e4-Suomen yliopiston farmasian-, radiologian ja kliinisen fysiologian laitosten, kansanterveystieteen- ja kliinisen ravitsemustieteen yksik\u00f6iden, Oslon yliopiston, Terveyden- ja hyvinvoinnin laitoksen (THL) sek\u00e4 Kansallisen Neurokeskuksen kanssa.<\/bdo><\/p>\n\n\n\n<p><bdo lang=\"fi\" dir=\"ltr\">Nuorten ja nuorisopsykiatrian parissa ty\u00f6skenteleminen pit\u00e4\u00e4 Tommin h\u00e4nen omien sanojensa mukaan freesin\u00e4, sill\u00e4 nuorissa on elinvoimaa, toiveikkuutta ja iloa.<\/bdo><\/p>\n\n\n\n<h2 class=\"wp-block-heading\"><bdo lang=\"fi\" dir=\"ltr\">Lis\u00e4tietoa<\/bdo><\/h2>\n\n\n\n<p><bdo lang=\"fi\" dir=\"ltr\">Lis\u00e4tietoa Tommista sek\u00e4 em. tutkimuksista https:\/\/uefconnect.uef.fi\/henkilo\/tommi.tolmunen\/ <\/bdo><\/p>\n\n\n\n<p><bdo lang=\"fi\" dir=\"ltr\">Kuopio Brain &amp; Mind on osa Kansallisen Neurokeskuksen tutkijaverkostoa. Lis\u00e4tietoa verkostostamme l\u00f6yd\u00e4t osoitteesta https:\/\/neurocenterfinland.fi\/<\/bdo><\/p>\n\n\n\n<p><bdo lang=\"fi\" dir=\"ltr\">Twitter: @kuo_brain_mind<\/bdo><\/p>\n\n\n\n<p><bdo lang=\"fi\" dir=\"ltr\">Linkedin: https:\/\/www.linkedin.com\/company\/kuopio-brain-mind<\/bdo><\/p>\n","protected":false},"excerpt":{"rendered":"<p>T\u00e4m\u00e4 uutinen on julkaistu alun perin 13.8.2024. Vuonna 2021 perustetun Kansallisen Neurokeskuksen Kuopio Brain &amp; Mind-alueverkoston toiminta edist\u00e4\u00e4 aivoterveytt\u00e4 monialaisella ja potilasl\u00e4ht\u00f6isell\u00e4 yhteisty\u00f6ll\u00e4. Kuopio Brain &amp; Mind -alueverkoston tavoitteena on lis\u00e4t\u00e4 ja helpottaa yhteisty\u00f6t\u00e4 It\u00e4-Suomen yliopiston ja Pohjois-Savon hyvinvointialueen sek\u00e4 aivoterveyden parissa ty\u00f6skentelevien yritysten v\u00e4lill\u00e4 ja edist\u00e4\u00e4 it\u00e4suomalaisen huipputason monialaisen neurotieteen menestyst\u00e4. Mit\u00e4 Kuopio Brain [&hellip;]<\/p>\n","protected":false},"author":850,"featured_media":0,"parent":0,"menu_order":0,"comment_status":"closed","ping_status":"closed","template":"","meta":{"_acf_changed":false,"footnotes":""},"class_list":["post-1605","page","type-page","status-publish","hentry"],"acf":[],"yoast_head":"<!-- This site is optimized with the Yoast SEO plugin v27.3 - https:\/\/yoast.com\/product\/yoast-seo-wordpress\/ -->\n<title>Esittelyss\u00e4 nuorisopsykiatrian professori, erikoisl\u00e4\u00e4k\u00e4ri ja tutkija Tommi Tolmunen - Kuopio Brain &amp; Mind<\/title>\n<meta name=\"robots\" content=\"index, follow, max-snippet:-1, max-image-preview:large, max-video-preview:-1\" \/>\n<link rel=\"canonical\" href=\"https:\/\/sites.uef.fi\/kuopiobrainandmind\/esittelyssa-nuorisopsykiatrian-professori-erikoislaakari-ja-tutkija-tommi-tolmunen\/\" \/>\n<meta property=\"og:locale\" content=\"en_US\" \/>\n<meta property=\"og:type\" content=\"article\" \/>\n<meta property=\"og:title\" content=\"Esittelyss\u00e4 nuorisopsykiatrian professori, erikoisl\u00e4\u00e4k\u00e4ri ja tutkija Tommi Tolmunen - Kuopio Brain &amp; Mind\" \/>\n<meta property=\"og:description\" content=\"T\u00e4m\u00e4 uutinen on julkaistu alun perin 13.8.2024. Vuonna 2021 perustetun Kansallisen Neurokeskuksen Kuopio Brain &amp; Mind-alueverkoston toiminta edist\u00e4\u00e4 aivoterveytt\u00e4 monialaisella ja potilasl\u00e4ht\u00f6isell\u00e4 yhteisty\u00f6ll\u00e4. Kuopio Brain &amp; Mind -alueverkoston tavoitteena on lis\u00e4t\u00e4 ja helpottaa yhteisty\u00f6t\u00e4 It\u00e4-Suomen yliopiston ja Pohjois-Savon hyvinvointialueen sek\u00e4 aivoterveyden parissa ty\u00f6skentelevien yritysten v\u00e4lill\u00e4 ja edist\u00e4\u00e4 it\u00e4suomalaisen huipputason monialaisen neurotieteen menestyst\u00e4. Mit\u00e4 Kuopio Brain [&hellip;]\" \/>\n<meta property=\"og:url\" content=\"https:\/\/sites.uef.fi\/kuopiobrainandmind\/esittelyssa-nuorisopsykiatrian-professori-erikoislaakari-ja-tutkija-tommi-tolmunen\/\" \/>\n<meta property=\"og:site_name\" content=\"Kuopio Brain &amp; Mind\" \/>\n<meta property=\"article:modified_time\" content=\"2026-01-26T07:04:53+00:00\" \/>\n<meta name=\"twitter:card\" content=\"summary_large_image\" \/>\n<meta name=\"twitter:label1\" content=\"Est. reading time\" \/>\n\t<meta name=\"twitter:data1\" content=\"3 minutes\" \/>\n<script type=\"application\/ld+json\" class=\"yoast-schema-graph\">{\"@context\":\"https:\\\/\\\/schema.org\",\"@graph\":[{\"@type\":\"WebPage\",\"@id\":\"https:\\\/\\\/sites.uef.fi\\\/kuopiobrainandmind\\\/esittelyssa-nuorisopsykiatrian-professori-erikoislaakari-ja-tutkija-tommi-tolmunen\\\/\",\"url\":\"https:\\\/\\\/sites.uef.fi\\\/kuopiobrainandmind\\\/esittelyssa-nuorisopsykiatrian-professori-erikoislaakari-ja-tutkija-tommi-tolmunen\\\/\",\"name\":\"Esittelyss\u00e4 nuorisopsykiatrian professori, erikoisl\u00e4\u00e4k\u00e4ri ja tutkija Tommi Tolmunen - Kuopio Brain &amp; Mind\",\"isPartOf\":{\"@id\":\"https:\\\/\\\/sites.uef.fi\\\/kuopiobrainandmind\\\/#website\"},\"datePublished\":\"2026-01-26T07:04:51+00:00\",\"dateModified\":\"2026-01-26T07:04:53+00:00\",\"breadcrumb\":{\"@id\":\"https:\\\/\\\/sites.uef.fi\\\/kuopiobrainandmind\\\/esittelyssa-nuorisopsykiatrian-professori-erikoislaakari-ja-tutkija-tommi-tolmunen\\\/#breadcrumb\"},\"inLanguage\":\"en-US\",\"potentialAction\":[{\"@type\":\"ReadAction\",\"target\":[\"https:\\\/\\\/sites.uef.fi\\\/kuopiobrainandmind\\\/esittelyssa-nuorisopsykiatrian-professori-erikoislaakari-ja-tutkija-tommi-tolmunen\\\/\"]}]},{\"@type\":\"BreadcrumbList\",\"@id\":\"https:\\\/\\\/sites.uef.fi\\\/kuopiobrainandmind\\\/esittelyssa-nuorisopsykiatrian-professori-erikoislaakari-ja-tutkija-tommi-tolmunen\\\/#breadcrumb\",\"itemListElement\":[{\"@type\":\"ListItem\",\"position\":1,\"name\":\"Home\",\"item\":\"https:\\\/\\\/sites.uef.fi\\\/kuopiobrainandmind\\\/\"},{\"@type\":\"ListItem\",\"position\":2,\"name\":\"Esittelyss\u00e4 nuorisopsykiatrian professori, erikoisl\u00e4\u00e4k\u00e4ri ja tutkija Tommi Tolmunen\"}]},{\"@type\":\"WebSite\",\"@id\":\"https:\\\/\\\/sites.uef.fi\\\/kuopiobrainandmind\\\/#website\",\"url\":\"https:\\\/\\\/sites.uef.fi\\\/kuopiobrainandmind\\\/\",\"name\":\"Kuopio Brain &amp; Mind\",\"description\":\"\",\"potentialAction\":[{\"@type\":\"SearchAction\",\"target\":{\"@type\":\"EntryPoint\",\"urlTemplate\":\"https:\\\/\\\/sites.uef.fi\\\/kuopiobrainandmind\\\/?s={search_term_string}\"},\"query-input\":{\"@type\":\"PropertyValueSpecification\",\"valueRequired\":true,\"valueName\":\"search_term_string\"}}],\"inLanguage\":\"en-US\"}]}<\/script>\n<!-- \/ Yoast SEO plugin. -->","yoast_head_json":{"title":"Esittelyss\u00e4 nuorisopsykiatrian professori, erikoisl\u00e4\u00e4k\u00e4ri ja tutkija Tommi Tolmunen - Kuopio Brain &amp; Mind","robots":{"index":"index","follow":"follow","max-snippet":"max-snippet:-1","max-image-preview":"max-image-preview:large","max-video-preview":"max-video-preview:-1"},"canonical":"https:\/\/sites.uef.fi\/kuopiobrainandmind\/esittelyssa-nuorisopsykiatrian-professori-erikoislaakari-ja-tutkija-tommi-tolmunen\/","og_locale":"en_US","og_type":"article","og_title":"Esittelyss\u00e4 nuorisopsykiatrian professori, erikoisl\u00e4\u00e4k\u00e4ri ja tutkija Tommi Tolmunen - Kuopio Brain &amp; Mind","og_description":"T\u00e4m\u00e4 uutinen on julkaistu alun perin 13.8.2024. Vuonna 2021 perustetun Kansallisen Neurokeskuksen Kuopio Brain &amp; Mind-alueverkoston toiminta edist\u00e4\u00e4 aivoterveytt\u00e4 monialaisella ja potilasl\u00e4ht\u00f6isell\u00e4 yhteisty\u00f6ll\u00e4. Kuopio Brain &amp; Mind -alueverkoston tavoitteena on lis\u00e4t\u00e4 ja helpottaa yhteisty\u00f6t\u00e4 It\u00e4-Suomen yliopiston ja Pohjois-Savon hyvinvointialueen sek\u00e4 aivoterveyden parissa ty\u00f6skentelevien yritysten v\u00e4lill\u00e4 ja edist\u00e4\u00e4 it\u00e4suomalaisen huipputason monialaisen neurotieteen menestyst\u00e4. Mit\u00e4 Kuopio Brain [&hellip;]","og_url":"https:\/\/sites.uef.fi\/kuopiobrainandmind\/esittelyssa-nuorisopsykiatrian-professori-erikoislaakari-ja-tutkija-tommi-tolmunen\/","og_site_name":"Kuopio Brain &amp; Mind","article_modified_time":"2026-01-26T07:04:53+00:00","twitter_card":"summary_large_image","twitter_misc":{"Est. reading time":"3 minutes"},"schema":{"@context":"https:\/\/schema.org","@graph":[{"@type":"WebPage","@id":"https:\/\/sites.uef.fi\/kuopiobrainandmind\/esittelyssa-nuorisopsykiatrian-professori-erikoislaakari-ja-tutkija-tommi-tolmunen\/","url":"https:\/\/sites.uef.fi\/kuopiobrainandmind\/esittelyssa-nuorisopsykiatrian-professori-erikoislaakari-ja-tutkija-tommi-tolmunen\/","name":"Esittelyss\u00e4 nuorisopsykiatrian professori, erikoisl\u00e4\u00e4k\u00e4ri ja tutkija Tommi Tolmunen - Kuopio Brain &amp; Mind","isPartOf":{"@id":"https:\/\/sites.uef.fi\/kuopiobrainandmind\/#website"},"datePublished":"2026-01-26T07:04:51+00:00","dateModified":"2026-01-26T07:04:53+00:00","breadcrumb":{"@id":"https:\/\/sites.uef.fi\/kuopiobrainandmind\/esittelyssa-nuorisopsykiatrian-professori-erikoislaakari-ja-tutkija-tommi-tolmunen\/#breadcrumb"},"inLanguage":"en-US","potentialAction":[{"@type":"ReadAction","target":["https:\/\/sites.uef.fi\/kuopiobrainandmind\/esittelyssa-nuorisopsykiatrian-professori-erikoislaakari-ja-tutkija-tommi-tolmunen\/"]}]},{"@type":"BreadcrumbList","@id":"https:\/\/sites.uef.fi\/kuopiobrainandmind\/esittelyssa-nuorisopsykiatrian-professori-erikoislaakari-ja-tutkija-tommi-tolmunen\/#breadcrumb","itemListElement":[{"@type":"ListItem","position":1,"name":"Home","item":"https:\/\/sites.uef.fi\/kuopiobrainandmind\/"},{"@type":"ListItem","position":2,"name":"Esittelyss\u00e4 nuorisopsykiatrian professori, erikoisl\u00e4\u00e4k\u00e4ri ja tutkija Tommi Tolmunen"}]},{"@type":"WebSite","@id":"https:\/\/sites.uef.fi\/kuopiobrainandmind\/#website","url":"https:\/\/sites.uef.fi\/kuopiobrainandmind\/","name":"Kuopio Brain &amp; Mind","description":"","potentialAction":[{"@type":"SearchAction","target":{"@type":"EntryPoint","urlTemplate":"https:\/\/sites.uef.fi\/kuopiobrainandmind\/?s={search_term_string}"},"query-input":{"@type":"PropertyValueSpecification","valueRequired":true,"valueName":"search_term_string"}}],"inLanguage":"en-US"}]}},"_links":{"self":[{"href":"https:\/\/sites.uef.fi\/kuopiobrainandmind\/wp-json\/wp\/v2\/pages\/1605","targetHints":{"allow":["GET"]}}],"collection":[{"href":"https:\/\/sites.uef.fi\/kuopiobrainandmind\/wp-json\/wp\/v2\/pages"}],"about":[{"href":"https:\/\/sites.uef.fi\/kuopiobrainandmind\/wp-json\/wp\/v2\/types\/page"}],"author":[{"embeddable":true,"href":"https:\/\/sites.uef.fi\/kuopiobrainandmind\/wp-json\/wp\/v2\/users\/850"}],"replies":[{"embeddable":true,"href":"https:\/\/sites.uef.fi\/kuopiobrainandmind\/wp-json\/wp\/v2\/comments?post=1605"}],"version-history":[{"count":1,"href":"https:\/\/sites.uef.fi\/kuopiobrainandmind\/wp-json\/wp\/v2\/pages\/1605\/revisions"}],"predecessor-version":[{"id":1607,"href":"https:\/\/sites.uef.fi\/kuopiobrainandmind\/wp-json\/wp\/v2\/pages\/1605\/revisions\/1607"}],"wp:attachment":[{"href":"https:\/\/sites.uef.fi\/kuopiobrainandmind\/wp-json\/wp\/v2\/media?parent=1605"}],"curies":[{"name":"wp","href":"https:\/\/api.w.org\/{rel}","templated":true}]}}