{"id":1612,"date":"2026-01-26T14:41:14","date_gmt":"2026-01-26T12:41:14","guid":{"rendered":"https:\/\/sites.uef.fi\/kuopiobrainandmind\/?page_id=1612"},"modified":"2026-01-26T14:41:17","modified_gmt":"2026-01-26T12:41:17","slug":"esittelyssa-kudos-ja-solubiologian-professori-tutkija-mikko-hiltunen","status":"publish","type":"page","link":"https:\/\/sites.uef.fi\/kuopiobrainandmind\/esittelyssa-kudos-ja-solubiologian-professori-tutkija-mikko-hiltunen\/","title":{"rendered":"Esittelyss\u00e4 kudos- ja solubiologian professori, tutkija Mikko Hiltunen"},"content":{"rendered":"\n<p><em><bdo lang=\"fi\" dir=\"ltr\">T\u00e4m\u00e4 uutinen on julkaistu alun perin 2.12.2024. Kirjoittaja: Tarja Laitinen, Kuopio Brain &amp; Mind aluep\u00e4\u00e4llikk\u00f6.<\/bdo><\/em><\/p>\n\n\n\n<p><bdo lang=\"fi\" dir=\"ltr\">Vuonna 2021 perustetun Kansallisen Neurokeskuksen Kuopio Brain &amp; Mind-alueverkoston toiminta edist\u00e4\u00e4 aivoterveytt\u00e4 monialaisella ja potilasl\u00e4ht\u00f6isell\u00e4 yhteisty\u00f6ll\u00e4. Kuopio Brain &amp; Mind -alueverkoston tavoitteena on lis\u00e4t\u00e4 ja helpottaa yhteisty\u00f6t\u00e4 It\u00e4-Suomen yliopiston ja Pohjois-Savon hyvinvointialueen sek\u00e4 aivoterveyden parissa ty\u00f6skentelevien yritysten v\u00e4lill\u00e4 ja edist\u00e4\u00e4 it\u00e4suomalaisen huipputason monialaisen neurotieteen menestyst\u00e4.<\/bdo><\/p>\n\n\n\n<p><strong><bdo lang=\"fi\" dir=\"ltr\">Mit\u00e4 Kuopio Brain &amp; Mind-verkostossa tapahtuu ja keit\u00e4 verkostossa ty\u00f6skentelee aivoterveyden parissa?<\/bdo><\/strong><\/p>\n\n\n\n<p><bdo lang=\"fi\" dir=\"ltr\">Vuodesta 2014 It\u00e4-Suomen yliopiston Biol\u00e4\u00e4ketieteen yksik\u00f6n kudos- ja solubiologian professorina ty\u00f6skennellyt Mikko Hiltunen on omien sanojensa mukaan ollut aina utelias innovoija ja uusia asioita mielell\u00e4\u00e4n \u201dsalapoliisity\u00f6n\u00e4 ratkova\u201d, eteenp\u00e4in katseensa suuntaava tekij\u00e4. Em. ominaisuudet ovatkin vauhdittaneet mm. h\u00e4nen vaikuttavaa, l\u00e4hes 30 vuotista tutkijanuraa Alzheimerin taudin parissa.<\/bdo><\/p>\n\n\n\n<p><bdo lang=\"fi\" dir=\"ltr\">Mikko aloitti tutkimusty\u00f6ns\u00e4 Alzheimerin taudin genetiikan (taudin perinn\u00f6llisyytt\u00e4 tutkivan tieteen) parissa. T\u00e4n\u00e4 p\u00e4iv\u00e4n\u00e4 tutkimusty\u00f6ss\u00e4 keskeisen\u00e4 on genetiikan, toiminnallisen genomiikan, sek\u00e4 Alzheimerin tautimekanistinen tutkimus, jossa tavoitteena on selvitt\u00e4\u00e4 saatujen perustutkimuksellisten l\u00f6yd\u00f6sten hy\u00f6dytett\u00e4vyytt\u00e4 Alzheimerin taudin riskiss\u00e4 olevien yksil\u00f6iden tai jo sairastuneiden potilaiden auttamiseksi. Mikko on ollut tutkijana mukana l\u00f6yt\u00e4m\u00e4ss\u00e4 kymmenitt\u00e4in Alzheimerin taudin uusia riskigeeni\u00e4, sek\u00e4 tiettyj\u00e4 Alzheimerin taudin riskigeenikohtaisia tautimekanismeja ensimm\u00e4isten joukossa. Mikolla on keskeinen rooli sek\u00e4 kansallisissa ett\u00e4 kansainv\u00e4lisiss\u00e4 Alzheimerin taudin genetiikan ja funktionaalisen genetiikan k\u00e4ynniss\u00e4 olevissa tutkimuksissa.<\/bdo><\/p>\n\n\n\n<p><bdo lang=\"fi\" dir=\"ltr\">Kudos- ja solubiologian professorina Mikko vastaa l\u00e4\u00e4ketieteellisen solubiologian oppiaineesta biol\u00e4\u00e4ketieteen yksik\u00f6ss\u00e4 sek\u00e4 prekliinisen l\u00e4\u00e4ketieteen, hammasl\u00e4\u00e4ketieteen, biol\u00e4\u00e4ketieteen ja farmasian opiskelijoiden osalta kudos- ja solubiologian opetuksen toteutumisesta vaaditusti. Oman tutkimusty\u00f6ns\u00e4 sek\u00e4 tutkimusryhm\u00e4ns\u00e4 johtajuuden lis\u00e4ksi Mikko toimii neurotieteiden tutkimusalueen (NEURO-RC) sek\u00e4 It\u00e4-Suomen Genomikeskuksen johtajana.<\/bdo><\/p>\n\n\n\n<h2 class=\"wp-block-heading\"><bdo lang=\"fi\" dir=\"ltr\">Monitieteellinen yhteisty\u00f6<\/bdo><\/h2>\n\n\n\n<p><bdo lang=\"fi\" dir=\"ltr\">NEURO-RC on neurotieteiden tutkimusyhteis\u00f6, joka yhdist\u00e4\u00e4 biologisen neurotieteen, datatieteet, neuroetiikan sek\u00e4 potilasl\u00e4ht\u00f6isen tutkimuksen. NEURO-RC:n toiminnan tavoitteena on edist\u00e4\u00e4 elinik\u00e4ist\u00e4 aivoterveytt\u00e4 hermostoa rappeuttavien sairauksien ja epilepsian ennaltaehk\u00e4isyn, varhaisen diagnosoinnin ja tehokkaamman hoidon avulla.<\/bdo><\/p>\n\n\n\n<p><bdo lang=\"fi\" dir=\"ltr\">NEURO-RC:n muodostavat It\u00e4-Suomen yliopiston eri tiedekuntien huipputason tutkijat. Yhteis\u00f6\u00f6n kuuluu noin 19 johtavaa tutkijaa ja 200 neurotieteiden tutkijaa. Tutkimus keskittyy muun muassa ennakoivien biomarkkereiden l\u00f6yt\u00e4miseen, uusien terapioiden kehitt\u00e4miseen sek\u00e4 teko\u00e4lyn hy\u00f6dynt\u00e4miseen potilasryhmien tunnistamisessa. Lis\u00e4ksi tutkimuksessa kehitet\u00e4\u00e4n innovatiivisia ratkaisuja ja parannetaan yhteisty\u00f6t\u00e4 yliopistojen ja yritysten v\u00e4lill\u00e4, hy\u00f6dynt\u00e4en teko\u00e4lysovelluksia, koneoppimista ja monitasoista solukuvantamista.<\/bdo><\/p>\n\n\n\n<p><bdo lang=\"fi\" dir=\"ltr\">NEURO-RC:n toiminta linkittyy It\u00e4-Suomen yliopiston saamiin Suomen Akatemian profiloitumisrahoituksiin (Profi). Rahoituksen tavoitteena on tukea ja nopeuttaa yliopistojen strategioiden mukaista profiloitumista tutkimuksen laadun kehitt\u00e4miseksi. Profi-rahoituksen avulla on Suomen Akatemian mukaan pystytty vahvistamaan rahoitettavaksi valittuja kokonaisuuksia, v\u00e4hennetty tieteenalojen sis\u00e4ist\u00e4 pirstaleisuutta sek\u00e4 edistetty monitieteellist\u00e4 ja tieteidenv\u00e4list\u00e4 yhteisty\u00f6t\u00e4 (<a href=\"https:\/\/www.aka.fi\/tutkimusrahoitus\/ohjelmat-ja-muut-rahoitusmuodot\/yliopistojen-profiloituminen\/\">https:\/\/www.aka.fi\/tutkimusrahoitus\/ohjelmat-ja-muut-rahoitusmuodot\/yliopistojen-profiloituminen\/<\/a>).<\/bdo><\/p>\n\n\n\n<p><bdo lang=\"fi\" dir=\"ltr\">NEURO-RC:n tutkimustoiminnan voidaankin sanoa toteuttaneen em. Suomen Akatemian Profi-rahoituksen perimm\u00e4ist\u00e4 tarkoitusta. Toiminta vahvistaa yli 50 vuotta tehty\u00e4 perinteist\u00e4 neurotieteellist\u00e4 tutkimusta eri tieteenalojen v\u00e4lisi\u00e4 tutkijoita yhdist\u00e4en ja tutkimustoimintaa uudistaen. Neurotieteellisen tutkimusyhteis\u00f6nkin toteuttamaan perinteiseen neurotieteelliseen tutkimukseen on toiminnassa yhdistetty mm. neuroetiikan, lains\u00e4\u00e4d\u00e4nn\u00f6llinen sek\u00e4 business-osaaminen. Neurotieteellisen tutkimusyhteis\u00f6n toiminnan vaikutus ulottuu my\u00f6s itse neurotieteellist\u00e4 tutkimusta laajemmalle, sill\u00e4 kehitt\u00e4misell\u00e4 ja uudistamisella sek\u00e4 saadun rahoituksen kautta on pystytty edist\u00e4m\u00e4\u00e4n mm. my\u00f6s neuroetiikan professuurin avaamista ja t\u00e4ytt\u00e4mist\u00e4.<\/bdo><\/p>\n\n\n\n<h2 class=\"wp-block-heading\"><bdo lang=\"fi\" dir=\"ltr\">Tutkimukset ja hankkeet<\/bdo><\/h2>\n\n\n\n<p><bdo lang=\"fi\" dir=\"ltr\">T\u00e4ll\u00e4 hetkell\u00e4 k\u00e4ynniss\u00e4 tai k\u00e4ynnistym\u00e4ss\u00e4 olevia tutkimuksia Mikon ty\u00f6ss\u00e4 ovat mm.<\/bdo><\/p>\n\n\n\n<ul class=\"wp-block-list\">\n<li><bdo lang=\"fi\" dir=\"ltr\">Alzheimer\u2019s Association \u2013 strategisen rahoituksen sek\u00e4 yksityisten s\u00e4\u00e4ti\u00f6iden rahoittamat tutkimusprojektit, jotka keskittyv\u00e4t Alzheimerin tautiin liittyvien riskigeenien solubiologiseen karakterisointiin.<\/bdo><\/li>\n\n\n\n<li><bdo lang=\"fi\" dir=\"ltr\">Suomen Akatemian rahoittamat tutkimus- ja infrastruktuuriprojektit, jotka keskittyv\u00e4t Alzheimerin taudin genetiikkaan ja toiminnalliseen genomiikkaan.<\/bdo><\/li>\n\n\n\n<li><bdo lang=\"fi\" dir=\"ltr\">Translationaalisen projektit, jotka liittyv\u00e4t FinnGeniin sek\u00e4 suomalaisiin biopankkeihin. Tavoitteena on l\u00f6yt\u00e4\u00e4 mahdollisia uusia sovellutuksia aivosairauksiin yksil\u00f6llistetyss\u00e4 l\u00e4\u00e4ketieteess\u00e4.<\/bdo><\/li>\n<\/ul>\n\n\n\n<h2 class=\"wp-block-heading\"><bdo lang=\"fi\" dir=\"ltr\">Tulevaisuus<\/bdo><\/h2>\n\n\n\n<p><bdo lang=\"fi\" dir=\"ltr\">It\u00e4-Suomen yliopiston neurotieteiden tutkimusyhteis\u00f6n ihmisten (tutkijoiden, tutkimusjohtajien, professorien) osaaminen on huippuluokkaa, ja ovat linkittyneet keskeisiin kansainv\u00e4lisiin tutkimushankkeisiin ja infrastruktuureihin. He tuovat It\u00e4-Suomen yliopistoon ja Suomeen osaamista, taitoa ja tietoa siit\u00e4, miss\u00e4 neurotieteellisess\u00e4 tutkimuksessa menn\u00e4\u00e4n maailmanlaajuisesti eri instituuteissa, yrityksiss\u00e4 sek\u00e4 yliopistoissa. Mikko toivoo, ett\u00e4 t\u00e4t\u00e4 osaamista, tietoa ja kokemusta hy\u00f6dynnett\u00e4isiin entist\u00e4kin kattavammin proaktiivisessa p\u00e4\u00e4t\u00f6ksenteossa It\u00e4-Suomen yliopiston tutkimusyhteis\u00f6jen toiminnan kehitt\u00e4miseksi ja siirtymiseksi toiminnan osalta seuraavalle tasolle.<\/bdo><\/p>\n\n\n\n<p><bdo lang=\"fi\" dir=\"ltr\">Kysytt\u00e4ess\u00e4 Mikolta miten h\u00e4n n\u00e4kee tulevaisuutensa viiden vuoden kuluttua, vastaa h\u00e4n huumorilla \u201dViisi vuotta on niin lyhyt aika, ettei siin\u00e4 ehdi kuin vanhenemaan\u201d. H\u00e4n n\u00e4kee jatkumon biol\u00e4\u00e4ketieteen yksik\u00f6n kudos- ja solubiologian opetuksen kehitt\u00e4misess\u00e4.<\/bdo><\/p>\n\n\n\n<p><bdo lang=\"fi\" dir=\"ltr\">Tutkimuksellisesti Mikko haluaa vied\u00e4 asioita kansainv\u00e4lisesti yhteisty\u00f6n kautta eteenp\u00e4in ja n\u00e4in my\u00f6s varmistaa rahoitusten riitt\u00e4vyys toiminnalle, sek\u00e4 kehitt\u00e4\u00e4 neurotieteiden tutkimusyhteis\u00f6n toimintaa koskevaa strategiaa entist\u00e4 vaikuttavampaan suuntaan. \u201dJalka on jo oven v\u00e4liss\u00e4, vaikkakin konkreettisia toimia, kuten esim. tutkimusinfrastruktuurien osalta tarvitaan seuraavan tason saavuttamiseksi\u201d h\u00e4n lis\u00e4\u00e4.<\/bdo><\/p>\n\n\n\n<p><bdo lang=\"fi\" dir=\"ltr\">Mikon mukaan suomalaisen neurotieteen arvostus on Suomen rajojen ulkopuolella paljon kotimaata suurempaa. L\u00e4hitulevaisuudessa tarvitaan enemm\u00e4n konkreettisia tekoja, linjauksia sek\u00e4 kansallista neuroalojen yhteisymm\u00e4rryst\u00e4, jotta saavutetaan arvostettuja p\u00e4\u00e4m\u00e4\u00e4ri\u00e4, kuten esim. neurotieteiden huippuyksikk\u00f6 tai -lippulaivahankkeita sitomaan neurotoimijoita yhteen. T\u00e4ss\u00e4 Mikko pit\u00e4\u00e4 Kansallisen Neurokeskuksen roolia olennaisena.<\/bdo><\/p>\n\n\n\n<h2 class=\"wp-block-heading\"><bdo lang=\"fi\" dir=\"ltr\">Lis\u00e4tietoa<\/bdo><\/h2>\n\n\n\n<p><bdo lang=\"fi\" dir=\"ltr\">mikko.hiltunen@uef.fi<\/bdo><\/p>\n\n\n\n<p><bdo lang=\"fi\" dir=\"ltr\">Kuopio Brain &amp; Mind on osa Kansallisen Neurokeskuksen tutkijaverkostoa.\u00a0 Lis\u00e4tietoa verkostostamme l\u00f6yd\u00e4t osoitteesta\u00a0<a href=\"https:\/\/neurocenterfinland.fi\/\">https:\/\/neurocenterfinland.fi\/\u00a0<\/a><\/bdo><\/p>\n\n\n\n<p><bdo lang=\"fi\" dir=\"ltr\">LinkedIn:\u00a0<a href=\"https:\/\/www.linkedin.com\/company\/kuopio-brain-mind\">https:\/\/www.linkedin.com\/company\/kuopio-brain-mind<\/a><\/bdo><\/p>\n","protected":false},"excerpt":{"rendered":"<p>T\u00e4m\u00e4 uutinen on julkaistu alun perin 2.12.2024. Kirjoittaja: Tarja Laitinen, Kuopio Brain &amp; Mind aluep\u00e4\u00e4llikk\u00f6. Vuonna 2021 perustetun Kansallisen Neurokeskuksen Kuopio Brain &amp; Mind-alueverkoston toiminta edist\u00e4\u00e4 aivoterveytt\u00e4 monialaisella ja potilasl\u00e4ht\u00f6isell\u00e4 yhteisty\u00f6ll\u00e4. Kuopio Brain &amp; Mind -alueverkoston tavoitteena on lis\u00e4t\u00e4 ja helpottaa yhteisty\u00f6t\u00e4 It\u00e4-Suomen yliopiston ja Pohjois-Savon hyvinvointialueen sek\u00e4 aivoterveyden parissa ty\u00f6skentelevien yritysten v\u00e4lill\u00e4 ja edist\u00e4\u00e4 [&hellip;]<\/p>\n","protected":false},"author":850,"featured_media":0,"parent":0,"menu_order":0,"comment_status":"closed","ping_status":"closed","template":"","meta":{"_acf_changed":false,"footnotes":""},"class_list":["post-1612","page","type-page","status-publish","hentry"],"acf":[],"yoast_head":"<!-- This site is optimized with the Yoast SEO plugin v27.3 - https:\/\/yoast.com\/product\/yoast-seo-wordpress\/ -->\n<title>Esittelyss\u00e4 kudos- ja solubiologian professori, tutkija Mikko Hiltunen - Kuopio Brain &amp; Mind<\/title>\n<meta name=\"robots\" content=\"index, follow, max-snippet:-1, max-image-preview:large, max-video-preview:-1\" \/>\n<link rel=\"canonical\" href=\"https:\/\/sites.uef.fi\/kuopiobrainandmind\/esittelyssa-kudos-ja-solubiologian-professori-tutkija-mikko-hiltunen\/\" \/>\n<meta property=\"og:locale\" content=\"en_US\" \/>\n<meta property=\"og:type\" content=\"article\" \/>\n<meta property=\"og:title\" content=\"Esittelyss\u00e4 kudos- ja solubiologian professori, tutkija Mikko Hiltunen - Kuopio Brain &amp; Mind\" \/>\n<meta property=\"og:description\" content=\"T\u00e4m\u00e4 uutinen on julkaistu alun perin 2.12.2024. Kirjoittaja: Tarja Laitinen, Kuopio Brain &amp; Mind aluep\u00e4\u00e4llikk\u00f6. Vuonna 2021 perustetun Kansallisen Neurokeskuksen Kuopio Brain &amp; Mind-alueverkoston toiminta edist\u00e4\u00e4 aivoterveytt\u00e4 monialaisella ja potilasl\u00e4ht\u00f6isell\u00e4 yhteisty\u00f6ll\u00e4. Kuopio Brain &amp; Mind -alueverkoston tavoitteena on lis\u00e4t\u00e4 ja helpottaa yhteisty\u00f6t\u00e4 It\u00e4-Suomen yliopiston ja Pohjois-Savon hyvinvointialueen sek\u00e4 aivoterveyden parissa ty\u00f6skentelevien yritysten v\u00e4lill\u00e4 ja edist\u00e4\u00e4 [&hellip;]\" \/>\n<meta property=\"og:url\" content=\"https:\/\/sites.uef.fi\/kuopiobrainandmind\/esittelyssa-kudos-ja-solubiologian-professori-tutkija-mikko-hiltunen\/\" \/>\n<meta property=\"og:site_name\" content=\"Kuopio Brain &amp; Mind\" \/>\n<meta property=\"article:modified_time\" content=\"2026-01-26T12:41:17+00:00\" \/>\n<meta name=\"twitter:card\" content=\"summary_large_image\" \/>\n<meta name=\"twitter:label1\" content=\"Est. reading time\" \/>\n\t<meta name=\"twitter:data1\" content=\"4 minutes\" \/>\n<script type=\"application\/ld+json\" class=\"yoast-schema-graph\">{\"@context\":\"https:\\\/\\\/schema.org\",\"@graph\":[{\"@type\":\"WebPage\",\"@id\":\"https:\\\/\\\/sites.uef.fi\\\/kuopiobrainandmind\\\/esittelyssa-kudos-ja-solubiologian-professori-tutkija-mikko-hiltunen\\\/\",\"url\":\"https:\\\/\\\/sites.uef.fi\\\/kuopiobrainandmind\\\/esittelyssa-kudos-ja-solubiologian-professori-tutkija-mikko-hiltunen\\\/\",\"name\":\"Esittelyss\u00e4 kudos- ja solubiologian professori, tutkija Mikko Hiltunen - Kuopio Brain &amp; Mind\",\"isPartOf\":{\"@id\":\"https:\\\/\\\/sites.uef.fi\\\/kuopiobrainandmind\\\/#website\"},\"datePublished\":\"2026-01-26T12:41:14+00:00\",\"dateModified\":\"2026-01-26T12:41:17+00:00\",\"breadcrumb\":{\"@id\":\"https:\\\/\\\/sites.uef.fi\\\/kuopiobrainandmind\\\/esittelyssa-kudos-ja-solubiologian-professori-tutkija-mikko-hiltunen\\\/#breadcrumb\"},\"inLanguage\":\"en-US\",\"potentialAction\":[{\"@type\":\"ReadAction\",\"target\":[\"https:\\\/\\\/sites.uef.fi\\\/kuopiobrainandmind\\\/esittelyssa-kudos-ja-solubiologian-professori-tutkija-mikko-hiltunen\\\/\"]}]},{\"@type\":\"BreadcrumbList\",\"@id\":\"https:\\\/\\\/sites.uef.fi\\\/kuopiobrainandmind\\\/esittelyssa-kudos-ja-solubiologian-professori-tutkija-mikko-hiltunen\\\/#breadcrumb\",\"itemListElement\":[{\"@type\":\"ListItem\",\"position\":1,\"name\":\"Home\",\"item\":\"https:\\\/\\\/sites.uef.fi\\\/kuopiobrainandmind\\\/\"},{\"@type\":\"ListItem\",\"position\":2,\"name\":\"Esittelyss\u00e4 kudos- ja solubiologian professori, tutkija Mikko Hiltunen\"}]},{\"@type\":\"WebSite\",\"@id\":\"https:\\\/\\\/sites.uef.fi\\\/kuopiobrainandmind\\\/#website\",\"url\":\"https:\\\/\\\/sites.uef.fi\\\/kuopiobrainandmind\\\/\",\"name\":\"Kuopio Brain &amp; Mind\",\"description\":\"\",\"potentialAction\":[{\"@type\":\"SearchAction\",\"target\":{\"@type\":\"EntryPoint\",\"urlTemplate\":\"https:\\\/\\\/sites.uef.fi\\\/kuopiobrainandmind\\\/?s={search_term_string}\"},\"query-input\":{\"@type\":\"PropertyValueSpecification\",\"valueRequired\":true,\"valueName\":\"search_term_string\"}}],\"inLanguage\":\"en-US\"}]}<\/script>\n<!-- \/ Yoast SEO plugin. -->","yoast_head_json":{"title":"Esittelyss\u00e4 kudos- ja solubiologian professori, tutkija Mikko Hiltunen - Kuopio Brain &amp; Mind","robots":{"index":"index","follow":"follow","max-snippet":"max-snippet:-1","max-image-preview":"max-image-preview:large","max-video-preview":"max-video-preview:-1"},"canonical":"https:\/\/sites.uef.fi\/kuopiobrainandmind\/esittelyssa-kudos-ja-solubiologian-professori-tutkija-mikko-hiltunen\/","og_locale":"en_US","og_type":"article","og_title":"Esittelyss\u00e4 kudos- ja solubiologian professori, tutkija Mikko Hiltunen - Kuopio Brain &amp; Mind","og_description":"T\u00e4m\u00e4 uutinen on julkaistu alun perin 2.12.2024. Kirjoittaja: Tarja Laitinen, Kuopio Brain &amp; Mind aluep\u00e4\u00e4llikk\u00f6. Vuonna 2021 perustetun Kansallisen Neurokeskuksen Kuopio Brain &amp; Mind-alueverkoston toiminta edist\u00e4\u00e4 aivoterveytt\u00e4 monialaisella ja potilasl\u00e4ht\u00f6isell\u00e4 yhteisty\u00f6ll\u00e4. Kuopio Brain &amp; Mind -alueverkoston tavoitteena on lis\u00e4t\u00e4 ja helpottaa yhteisty\u00f6t\u00e4 It\u00e4-Suomen yliopiston ja Pohjois-Savon hyvinvointialueen sek\u00e4 aivoterveyden parissa ty\u00f6skentelevien yritysten v\u00e4lill\u00e4 ja edist\u00e4\u00e4 [&hellip;]","og_url":"https:\/\/sites.uef.fi\/kuopiobrainandmind\/esittelyssa-kudos-ja-solubiologian-professori-tutkija-mikko-hiltunen\/","og_site_name":"Kuopio Brain &amp; Mind","article_modified_time":"2026-01-26T12:41:17+00:00","twitter_card":"summary_large_image","twitter_misc":{"Est. reading time":"4 minutes"},"schema":{"@context":"https:\/\/schema.org","@graph":[{"@type":"WebPage","@id":"https:\/\/sites.uef.fi\/kuopiobrainandmind\/esittelyssa-kudos-ja-solubiologian-professori-tutkija-mikko-hiltunen\/","url":"https:\/\/sites.uef.fi\/kuopiobrainandmind\/esittelyssa-kudos-ja-solubiologian-professori-tutkija-mikko-hiltunen\/","name":"Esittelyss\u00e4 kudos- ja solubiologian professori, tutkija Mikko Hiltunen - Kuopio Brain &amp; Mind","isPartOf":{"@id":"https:\/\/sites.uef.fi\/kuopiobrainandmind\/#website"},"datePublished":"2026-01-26T12:41:14+00:00","dateModified":"2026-01-26T12:41:17+00:00","breadcrumb":{"@id":"https:\/\/sites.uef.fi\/kuopiobrainandmind\/esittelyssa-kudos-ja-solubiologian-professori-tutkija-mikko-hiltunen\/#breadcrumb"},"inLanguage":"en-US","potentialAction":[{"@type":"ReadAction","target":["https:\/\/sites.uef.fi\/kuopiobrainandmind\/esittelyssa-kudos-ja-solubiologian-professori-tutkija-mikko-hiltunen\/"]}]},{"@type":"BreadcrumbList","@id":"https:\/\/sites.uef.fi\/kuopiobrainandmind\/esittelyssa-kudos-ja-solubiologian-professori-tutkija-mikko-hiltunen\/#breadcrumb","itemListElement":[{"@type":"ListItem","position":1,"name":"Home","item":"https:\/\/sites.uef.fi\/kuopiobrainandmind\/"},{"@type":"ListItem","position":2,"name":"Esittelyss\u00e4 kudos- ja solubiologian professori, tutkija Mikko Hiltunen"}]},{"@type":"WebSite","@id":"https:\/\/sites.uef.fi\/kuopiobrainandmind\/#website","url":"https:\/\/sites.uef.fi\/kuopiobrainandmind\/","name":"Kuopio Brain &amp; Mind","description":"","potentialAction":[{"@type":"SearchAction","target":{"@type":"EntryPoint","urlTemplate":"https:\/\/sites.uef.fi\/kuopiobrainandmind\/?s={search_term_string}"},"query-input":{"@type":"PropertyValueSpecification","valueRequired":true,"valueName":"search_term_string"}}],"inLanguage":"en-US"}]}},"_links":{"self":[{"href":"https:\/\/sites.uef.fi\/kuopiobrainandmind\/wp-json\/wp\/v2\/pages\/1612","targetHints":{"allow":["GET"]}}],"collection":[{"href":"https:\/\/sites.uef.fi\/kuopiobrainandmind\/wp-json\/wp\/v2\/pages"}],"about":[{"href":"https:\/\/sites.uef.fi\/kuopiobrainandmind\/wp-json\/wp\/v2\/types\/page"}],"author":[{"embeddable":true,"href":"https:\/\/sites.uef.fi\/kuopiobrainandmind\/wp-json\/wp\/v2\/users\/850"}],"replies":[{"embeddable":true,"href":"https:\/\/sites.uef.fi\/kuopiobrainandmind\/wp-json\/wp\/v2\/comments?post=1612"}],"version-history":[{"count":1,"href":"https:\/\/sites.uef.fi\/kuopiobrainandmind\/wp-json\/wp\/v2\/pages\/1612\/revisions"}],"predecessor-version":[{"id":1614,"href":"https:\/\/sites.uef.fi\/kuopiobrainandmind\/wp-json\/wp\/v2\/pages\/1612\/revisions\/1614"}],"wp:attachment":[{"href":"https:\/\/sites.uef.fi\/kuopiobrainandmind\/wp-json\/wp\/v2\/media?parent=1612"}],"curies":[{"name":"wp","href":"https:\/\/api.w.org\/{rel}","templated":true}]}}