{"id":651,"date":"2023-12-27T17:04:46","date_gmt":"2023-12-27T14:04:46","guid":{"rendered":"https:\/\/sites.uef.fi\/kuopioepilepsysymposium\/?page_id=651"},"modified":"2024-03-06T17:17:55","modified_gmt":"2024-03-06T15:17:55","slug":"nursing-program","status":"publish","type":"page","link":"https:\/\/sites.uef.fi\/kuopioepilepsysymposium\/nursing-program\/","title":{"rendered":"Nursing program \u2013 Hoitajien ohjelma"},"content":{"rendered":"\n<p><strong>14-15. maaliskuuta 2024, Kuopion kaupunginteatteri Maria-sali<\/strong><\/p>\n\n\n\n<h2 class=\"wp-block-heading\">Torstai, 14. maaliskuuta 2024<\/h2>\n\n\n\n<ul class=\"wp-block-list\">\n<li><strong>13.00 &#8211; 14.00:<\/strong> Rekister\u00f6ityminen ja kahvia<\/li>\n\n\n\n<li><strong>14.00 \u2013 14.15:<\/strong> Tervetuloa &#8211; UEF Hoitotieteen laitoksen varajohtaja Tarja V\u00e4lim\u00e4ki<\/li>\n<\/ul>\n\n\n\n<h2 class=\"wp-block-heading\">Epilepsian nykydiagnostiikka ja hoidonohjaus<\/h2>\n\n\n\n<p><div class=\"chairmanship-right\">\n    <p>Pj. Kirsi Ruuska<\/p>\n<\/div><\/p>\n\n\n\n<ul class=\"wp-block-list\">\n<li><strong>14.15 &#8211; 15.00:<\/strong> Mit\u00e4 epilepsia on? Nykydiagnostiikka suomeksi videokavalkadin avulla &#8211; Leena Jutila, Liisa Mets\u00e4honkala<\/li>\n\n\n\n<li><strong>15.00 &#8211; 15.45:<\/strong> Mist\u00e4 epilepsia johtuu? Nykydiagnostiikka suomeksi kuvin ja esimerkein &#8211; Reina Roivainen<\/li>\n\n\n\n<li><strong>15.45 \u2013 16.00:<\/strong> Millainen epilepsia minulla on eli mit\u00e4 potilaan\/perheen tulee saada tiet\u00e4\u00e4? &#8211; Eija Lappalainen<\/li>\n\n\n\n<li><strong>16.00 \u2013 16.30:<\/strong> Kahvitauko ja n\u00e4yttely<br><\/li>\n\n\n<div class=\"chairmanship-right\">\n    <p>Pj. Paula Sorjonen<\/p>\n<\/div>\n\n\n<li><strong>16.30 &#8211; 17.05:<\/strong> Miten ohjaan vastasairastunutta potilasta\/potilaan perhett\u00e4? &#8211; Kirsi Ruuska<\/li>\n\n\n\n<li><strong>17.05 &#8211; 17.30:<\/strong> Vuorovaikutus ja potilaan osallisuus p\u00e4\u00e4t\u00f6ksenteossa \u2013 Sakari Ilom\u00e4ki<\/li>\n\n\n\n<li><strong>17.30 \u2013 17.55:<\/strong>   Miten potilasj\u00e4rjest\u00f6ty\u00f6 ja vertaistuki tukevat onnistunutta hoitoa? \u2013 Paula Sorjonen<\/li>\n\n\n\n<li><strong>17.55 &#8211; 18.00:<\/strong> Loppukeskustelu<\/li>\n\n\n\n<li><strong>19.00 \u2013 22.00:<\/strong> Illallinen ja verkostoitumista<\/li>\n<\/ul>\n<!-- \/wp:post-content -->\n\n<!-- wp:heading -->\n<h2 class=\"wp-block-heading\">Perjantai, 15. maaliskuuta 2024<\/h2>\n<h2 class=\"wp-block-heading\"> Suomalainen epilepsiahoitaja <\/h2>\n<!-- \/wp:heading -->\n\n<!-- wp:list -->\n<ul><!-- wp:list-item -->\n<li><strong>08.00 &#8211; 09.00:<\/strong> Rekister\u00f6ityminen ja kahvia<\/li>\n<!-- \/wp:list-item -->\n\n<!-- wp:list-item -->\n<div class=\"chairmanship-right\">\n    <p>Pj. Tarja Laitinen<\/p>\n<\/div>\n<!-- \/wp:list-item -->\n\n<!-- wp:list-item -->\n<li><strong>09.00 &#8211; 11.00:<\/strong> Ty\u00f6paja: Epilepsiahoitajan ty\u00f6n sek\u00e4 ty\u00f6njaon malleja ja haasteita &#8211; Alustus Katja Pulkkinen, kommentit eri alueilta ja keskustelua<\/li>\n<!-- \/wp:list-item -->\n\n<!-- wp:list-item -->\n<li><strong>11.00 &#8211; 11.30:<\/strong> Kahvitauko ja n\u00e4yttely<\/li>\n<!-- \/wp:list-item -->\n\n<!-- wp:list-item -->\n<div class=\"chairmanship-right\">\n    <p>Pj. Anni Saarela<\/p>\n<\/div>\n<!-- \/wp:list-item -->\n\n<!-- wp:list-item -->\n<li><strong>11.30 &#8211; 12.00:<\/strong> Hoidon transitiovaihe \u2013 ei en\u00e4\u00e4 hyppy tuntemattomaan &#8211; Anni Saarela<\/li>\n<!-- \/wp:list-item -->\n\n<!-- wp:list-item -->\n<li><strong>12.00 &#8211; 12.30:<\/strong> Hoidon transitiovaihe \u2013 hoitajan rooli &#8211; Satu Junnonen ja Ella Puumalainen<\/li>\n<!-- \/wp:list-item -->\n\n<!-- wp:list-item -->\n<li><strong>12.30 &#8211; 13.30: <\/strong>Lounas ja n\u00e4yttely<\/li>\n<!-- \/wp:list-item --><\/ul>\n<!-- \/wp:list -->\n\n<!-- wp:heading -->\n<h2>Haasteelliset tilanteet ja jaksaminen epilepsian hoitoty\u00f6ss\u00e4<\/h2>\n<!-- \/wp:heading -->\n\n<!-- wp:paragraph -->\n<p><div class=\"chairmanship-right\">\n    <p>Pj. Minna Puumala<\/p>\n<\/div><\/p>\n<!-- \/wp:paragraph -->\n\n<!-- wp:list -->\n<ul><!-- wp:list-item -->\n<li><strong>13.45 &#8211; 14.15:<\/strong> Suomalainen epilepsian hoitoketju \u2013 tukea koko tiimille &#8211; Zak Allal<\/li>\n<!-- \/wp:list-item -->\n\n<!-- wp:list-item -->\n<li><strong>14.15 &#8211; 14.45: <\/strong>Suomen Epilepsiaseuran hoitajajaoksen perustaminen &#8211; Jukka Peltola ja jaoksen edustajat<\/li>\n<!-- \/wp:list-item -->\n\n<!-- wp:list-item -->\n<li><strong>14.45 &#8211; 15.45:<\/strong> Haastavan potilaan\/perheen kohtaaminen hoitoty\u00f6ss\u00e4 &#8211; Tarja V\u00e4lim\u00e4ki<\/li>\n<!-- \/wp:list-item --><\/ul>\n<!-- \/wp:list -->\n\n<!-- wp:heading -->\n<h3>Tutkimusapurahojen jako Awards ceremony (yhteisesti Minna-salissa)<\/h3>\n<!-- \/wp:heading -->\n\n<!-- wp:list -->\n<ul><!-- wp:list-item -->\n<li><strong>15.45 &#8211; 15.55:<\/strong> Vaajasalo Foundation Young Investigator Award, Epilepsy Foundation Awards<\/li>\n<!-- \/wp:list-item -->\n\n<!-- wp:list-item -->\n<li><strong>15.55 &#8211; 16.00:<\/strong> Closing of the Kuopio Epilepsy 2024 Symposium<\/li>\n<!-- \/wp:list-item --><\/ul>\n<!-- \/wp:list -->","protected":false},"excerpt":{"rendered":"<p>14-15. maaliskuuta 2024, Kuopion kaupunginteatteri Maria-sali Torstai, 14. maaliskuuta 2024 Epilepsian nykydiagnostiikka ja hoidonohjaus Pj. Kirsi Ruuska Perjantai, 15. maaliskuuta 2024 Suomalainen epilepsiahoitaja 08.00 &#8211; 09.00: Rekister\u00f6ityminen ja kahvia Pj. Tarja Laitinen 09.00 &#8211; 11.00: Ty\u00f6paja: Epilepsiahoitajan ty\u00f6n sek\u00e4 ty\u00f6njaon malleja ja haasteita &#8211; Alustus Katja Pulkkinen, kommentit eri alueilta ja keskustelua 11.00 &#8211; 11.30: [&hellip;]<\/p>\n","protected":false},"author":987,"featured_media":0,"parent":0,"menu_order":0,"comment_status":"closed","ping_status":"closed","template":"","meta":{"_acf_changed":false,"footnotes":""},"class_list":["post-651","page","type-page","status-publish","hentry"],"acf":[],"yoast_head":"<!-- This site is optimized with the Yoast SEO plugin v27.3 - https:\/\/yoast.com\/product\/yoast-seo-wordpress\/ -->\n<title>Nursing program \u2013 Hoitajien ohjelma - Kuopio Epilepsy Symposium<\/title>\n<meta name=\"robots\" content=\"index, follow, max-snippet:-1, max-image-preview:large, max-video-preview:-1\" \/>\n<link rel=\"canonical\" href=\"https:\/\/sites.uef.fi\/kuopioepilepsysymposium\/nursing-program\/\" \/>\n<meta property=\"og:locale\" content=\"en_US\" \/>\n<meta property=\"og:type\" content=\"article\" \/>\n<meta property=\"og:title\" content=\"Nursing program \u2013 Hoitajien ohjelma - Kuopio Epilepsy Symposium\" \/>\n<meta property=\"og:description\" content=\"14-15. maaliskuuta 2024, Kuopion kaupunginteatteri Maria-sali Torstai, 14. maaliskuuta 2024 Epilepsian nykydiagnostiikka ja hoidonohjaus Pj. Kirsi Ruuska Perjantai, 15. maaliskuuta 2024 Suomalainen epilepsiahoitaja 08.00 &#8211; 09.00: Rekister\u00f6ityminen ja kahvia Pj. Tarja Laitinen 09.00 &#8211; 11.00: Ty\u00f6paja: Epilepsiahoitajan ty\u00f6n sek\u00e4 ty\u00f6njaon malleja ja haasteita &#8211; Alustus Katja Pulkkinen, kommentit eri alueilta ja keskustelua 11.00 &#8211; 11.30: [&hellip;]\" \/>\n<meta property=\"og:url\" content=\"https:\/\/sites.uef.fi\/kuopioepilepsysymposium\/nursing-program\/\" \/>\n<meta property=\"og:site_name\" content=\"Kuopio Epilepsy Symposium\" \/>\n<meta property=\"article:modified_time\" content=\"2024-03-06T15:17:55+00:00\" \/>\n<meta name=\"twitter:card\" content=\"summary_large_image\" \/>\n<meta name=\"twitter:label1\" content=\"Est. reading time\" \/>\n\t<meta name=\"twitter:data1\" content=\"2 minutes\" \/>\n<script type=\"application\/ld+json\" class=\"yoast-schema-graph\">{\"@context\":\"https:\\\/\\\/schema.org\",\"@graph\":[{\"@type\":\"WebPage\",\"@id\":\"https:\\\/\\\/sites.uef.fi\\\/kuopioepilepsysymposium\\\/nursing-program\\\/\",\"url\":\"https:\\\/\\\/sites.uef.fi\\\/kuopioepilepsysymposium\\\/nursing-program\\\/\",\"name\":\"Nursing program \u2013 Hoitajien ohjelma - Kuopio Epilepsy Symposium\",\"isPartOf\":{\"@id\":\"https:\\\/\\\/sites.uef.fi\\\/kuopioepilepsysymposium\\\/#website\"},\"datePublished\":\"2023-12-27T14:04:46+00:00\",\"dateModified\":\"2024-03-06T15:17:55+00:00\",\"breadcrumb\":{\"@id\":\"https:\\\/\\\/sites.uef.fi\\\/kuopioepilepsysymposium\\\/nursing-program\\\/#breadcrumb\"},\"inLanguage\":\"en-US\",\"potentialAction\":[{\"@type\":\"ReadAction\",\"target\":[\"https:\\\/\\\/sites.uef.fi\\\/kuopioepilepsysymposium\\\/nursing-program\\\/\"]}]},{\"@type\":\"BreadcrumbList\",\"@id\":\"https:\\\/\\\/sites.uef.fi\\\/kuopioepilepsysymposium\\\/nursing-program\\\/#breadcrumb\",\"itemListElement\":[{\"@type\":\"ListItem\",\"position\":1,\"name\":\"Home\",\"item\":\"https:\\\/\\\/sites.uef.fi\\\/kuopioepilepsysymposium\\\/\"},{\"@type\":\"ListItem\",\"position\":2,\"name\":\"Nursing program \u2013 Hoitajien ohjelma\"}]},{\"@type\":\"WebSite\",\"@id\":\"https:\\\/\\\/sites.uef.fi\\\/kuopioepilepsysymposium\\\/#website\",\"url\":\"https:\\\/\\\/sites.uef.fi\\\/kuopioepilepsysymposium\\\/\",\"name\":\"Kuopio Epilepsy Symposium\",\"description\":\"\",\"potentialAction\":[{\"@type\":\"SearchAction\",\"target\":{\"@type\":\"EntryPoint\",\"urlTemplate\":\"https:\\\/\\\/sites.uef.fi\\\/kuopioepilepsysymposium\\\/?s={search_term_string}\"},\"query-input\":{\"@type\":\"PropertyValueSpecification\",\"valueRequired\":true,\"valueName\":\"search_term_string\"}}],\"inLanguage\":\"en-US\"}]}<\/script>\n<!-- \/ Yoast SEO plugin. -->","yoast_head_json":{"title":"Nursing program \u2013 Hoitajien ohjelma - Kuopio Epilepsy Symposium","robots":{"index":"index","follow":"follow","max-snippet":"max-snippet:-1","max-image-preview":"max-image-preview:large","max-video-preview":"max-video-preview:-1"},"canonical":"https:\/\/sites.uef.fi\/kuopioepilepsysymposium\/nursing-program\/","og_locale":"en_US","og_type":"article","og_title":"Nursing program \u2013 Hoitajien ohjelma - Kuopio Epilepsy Symposium","og_description":"14-15. maaliskuuta 2024, Kuopion kaupunginteatteri Maria-sali Torstai, 14. maaliskuuta 2024 Epilepsian nykydiagnostiikka ja hoidonohjaus Pj. Kirsi Ruuska Perjantai, 15. maaliskuuta 2024 Suomalainen epilepsiahoitaja 08.00 &#8211; 09.00: Rekister\u00f6ityminen ja kahvia Pj. Tarja Laitinen 09.00 &#8211; 11.00: Ty\u00f6paja: Epilepsiahoitajan ty\u00f6n sek\u00e4 ty\u00f6njaon malleja ja haasteita &#8211; Alustus Katja Pulkkinen, kommentit eri alueilta ja keskustelua 11.00 &#8211; 11.30: [&hellip;]","og_url":"https:\/\/sites.uef.fi\/kuopioepilepsysymposium\/nursing-program\/","og_site_name":"Kuopio Epilepsy Symposium","article_modified_time":"2024-03-06T15:17:55+00:00","twitter_card":"summary_large_image","twitter_misc":{"Est. reading time":"2 minutes"},"schema":{"@context":"https:\/\/schema.org","@graph":[{"@type":"WebPage","@id":"https:\/\/sites.uef.fi\/kuopioepilepsysymposium\/nursing-program\/","url":"https:\/\/sites.uef.fi\/kuopioepilepsysymposium\/nursing-program\/","name":"Nursing program \u2013 Hoitajien ohjelma - Kuopio Epilepsy Symposium","isPartOf":{"@id":"https:\/\/sites.uef.fi\/kuopioepilepsysymposium\/#website"},"datePublished":"2023-12-27T14:04:46+00:00","dateModified":"2024-03-06T15:17:55+00:00","breadcrumb":{"@id":"https:\/\/sites.uef.fi\/kuopioepilepsysymposium\/nursing-program\/#breadcrumb"},"inLanguage":"en-US","potentialAction":[{"@type":"ReadAction","target":["https:\/\/sites.uef.fi\/kuopioepilepsysymposium\/nursing-program\/"]}]},{"@type":"BreadcrumbList","@id":"https:\/\/sites.uef.fi\/kuopioepilepsysymposium\/nursing-program\/#breadcrumb","itemListElement":[{"@type":"ListItem","position":1,"name":"Home","item":"https:\/\/sites.uef.fi\/kuopioepilepsysymposium\/"},{"@type":"ListItem","position":2,"name":"Nursing program \u2013 Hoitajien ohjelma"}]},{"@type":"WebSite","@id":"https:\/\/sites.uef.fi\/kuopioepilepsysymposium\/#website","url":"https:\/\/sites.uef.fi\/kuopioepilepsysymposium\/","name":"Kuopio Epilepsy Symposium","description":"","potentialAction":[{"@type":"SearchAction","target":{"@type":"EntryPoint","urlTemplate":"https:\/\/sites.uef.fi\/kuopioepilepsysymposium\/?s={search_term_string}"},"query-input":{"@type":"PropertyValueSpecification","valueRequired":true,"valueName":"search_term_string"}}],"inLanguage":"en-US"}]}},"_links":{"self":[{"href":"https:\/\/sites.uef.fi\/kuopioepilepsysymposium\/wp-json\/wp\/v2\/pages\/651","targetHints":{"allow":["GET"]}}],"collection":[{"href":"https:\/\/sites.uef.fi\/kuopioepilepsysymposium\/wp-json\/wp\/v2\/pages"}],"about":[{"href":"https:\/\/sites.uef.fi\/kuopioepilepsysymposium\/wp-json\/wp\/v2\/types\/page"}],"author":[{"embeddable":true,"href":"https:\/\/sites.uef.fi\/kuopioepilepsysymposium\/wp-json\/wp\/v2\/users\/987"}],"replies":[{"embeddable":true,"href":"https:\/\/sites.uef.fi\/kuopioepilepsysymposium\/wp-json\/wp\/v2\/comments?post=651"}],"version-history":[{"count":1,"href":"https:\/\/sites.uef.fi\/kuopioepilepsysymposium\/wp-json\/wp\/v2\/pages\/651\/revisions"}],"predecessor-version":[{"id":1278,"href":"https:\/\/sites.uef.fi\/kuopioepilepsysymposium\/wp-json\/wp\/v2\/pages\/651\/revisions\/1278"}],"wp:attachment":[{"href":"https:\/\/sites.uef.fi\/kuopioepilepsysymposium\/wp-json\/wp\/v2\/media?parent=651"}],"curies":[{"name":"wp","href":"https:\/\/api.w.org\/{rel}","templated":true}]}}