{"id":819,"date":"2024-01-30T16:47:04","date_gmt":"2024-01-30T13:47:04","guid":{"rendered":"https:\/\/sites.uef.fi\/kuopioepilepsysymposium\/?page_id=819"},"modified":"2024-03-06T12:33:17","modified_gmt":"2024-03-06T10:33:17","slug":"workshop-on-biomarkers-for-epilepsies-and-neurodegenerative-diseases","status":"publish","type":"page","link":"https:\/\/sites.uef.fi\/kuopioepilepsysymposium\/workshop-on-biomarkers-for-epilepsies-and-neurodegenerative-diseases\/","title":{"rendered":"Workshop on Biomarkers for Epilepsies and Neurodegenerative Diseases"},"content":{"rendered":"<h2>Event Details<\/h2>\n<p><strong>Date and Time:<\/strong> March 13, 2024, from 10:00 AM to 1:00 PM<\/p>\n<p><strong>Location:<\/strong> Kuopio City Theatre, Maria-stage, Niiralankatu 2, 70600 Kuopio<\/p>\n<p><strong>Participation:<\/strong> Free<\/p>\n<p><strong>Registration Deadline:<\/strong> March 06, 2024<\/p>\n<p>To register for the event, please click <a href=\"https:\/\/link.webropolsurveys.com\/S\/B755C3C203F5DF2E\" target=\"_blank\" rel=\"noopener\">HERE<\/a>.<\/p>\n<p>During this workshop we will discuss shared and distinctive characteristics of changes in neuronal markers in various neurological disorders and consider the emerging opportunities and challenges for their future research and diagnostic use. Lessons learned from other therapeutic areas as well as diversity of perspectives are expected to result in the generation of fresh ideas and innovative solutions.<\/p>\n<p>Our guest speaker, professor <a href=\"https:\/\/www.gu.se\/en\/research\/johan-zelano\">Johan Zelano<\/a>, introduces us to the topic with his remote talk on &#8220;Blood based biomarkers in epilepsies and neurodegenerative diseases&#8221;. Johan Zelano is a professor of neurology at Sahlgrenska academy and a consultant neurologist at Sahlgrenska university hospital, Gothenburg, Sweden.<\/p>\n<p>The event is intended for companies from start-ups and health tech to pharma, investors, researchers, and clinicians. The purpose of the event is to stimulate creativity and promote future collaboration.<\/p>\n<p>UEF Brain Research Unit 2.0 ERDF project organizes this group discussion as a free pre-symposium event in connection with Kuopio Epilepsy Symposium 2024. Sanna-Kaisa Herukka, PhD, leader of the UEF Biomarker laboratory, hosts and moderates the event.<\/p>\n<p>Come to share your ideas and perspectives with others. <a href=\"https:\/\/link.webropolsurveys.com\/S\/B755C3C203F5DF2E\" target=\"_blank\" rel=\"noopener\">Register<\/a> for the group discussion event!<\/p>\n<p>Need more information? Contact:<br \/>\nMaria Pikkarainen<br \/>\nmaria.pikkarainen@uef.fi<\/p>\n<p class=\"elementToProof\"><b>Programme:<\/b><\/p>\n<p>10:00 \u00a0\u00a0\u00a0 <b>Welcome words<\/b>, <i>Reetta K\u00e4lvi\u00e4inen<br \/>\n<\/i>10:05\u00a0\u00a0\u00a0\u00a0 <b>Introduction to the workshop<\/b> <b>&amp; introduction of the speaker Johan Zelano<\/b>, <i>Sanna-Kaisa Herukka<br \/>\n<\/i>10:15\u00a0\u00a0\u00a0\u00a0 <b>Blood based biomarkers in epilepsies and neurodegenerative diseases<\/b>, <i>Johan Zelano (remote)<br \/>\n<\/i>10:40 \u00a0\u00a0\u00a0 Discussion and some engaging questions for the participants<br \/>\n10:50 \u00a0\u00a0\u00a0 <b>Biomarkers in neurodegenerative diseases<\/b>, <i>Sanna-Kaisa Herukka<br \/>\n<\/i>11:05\u00a0\u00a0\u00a0\u00a0 <b>Biomarker discovery in preclinical research<\/b>, <i>Susanne B\u00e4ck <\/i>(Charles River)<br \/>\n11:20 \u00a0\u00a0\u00a0 <b>Neuro Toolkit<\/b>, <i>Joana Amorim Freire<\/i>\u00a0(Roche, <i>remote<\/i>)<br \/>\n11:35 \u00a0\u00a0\u00a0 Coffee and networking<br \/>\n12:05\u00a0\u00a0\u00a0\u00a0 <b>Accelerating selective patient recruitment in clinical studies &#8211; FinnGen and the TWINGEN study<\/b>, <i>Valtteri Julkunen<br \/>\n<\/i>12:20\u00a0\u00a0\u00a0\u00a0 <b>Panel discussion<\/b>\u00a0(Mikko Hiltunen (UEF), Susanne B\u00e4ck (Charles River), Reetta K\u00e4lvi\u00e4inen (UEF), and Valtteri Julkunen (UEF).<br \/>\n12:45 \u00a0\u00a0\u00a0 Discussion, feedback questions, wrapping up the workshop<br \/>\n13:00 \u00a0\u00a0\u00a0 End of the workshop<\/p>\n","protected":false},"excerpt":{"rendered":"<p>Event Details Date and Time: March 13, 2024, from 10:00 AM to 1:00 PM Location: Kuopio City Theatre, Maria-stage, Niiralankatu 2, 70600 Kuopio Participation: Free Registration Deadline: March 06, 2024 To register for the event, please click HERE. During this workshop we will discuss shared and distinctive characteristics of changes in neuronal markers in various [&hellip;]<\/p>\n","protected":false},"author":987,"featured_media":0,"parent":0,"menu_order":0,"comment_status":"closed","ping_status":"closed","template":"","meta":{"_acf_changed":false,"footnotes":""},"class_list":["post-819","page","type-page","status-publish","hentry"],"acf":[],"yoast_head":"<!-- This site is optimized with the Yoast SEO plugin v27.1.1 - https:\/\/yoast.com\/product\/yoast-seo-wordpress\/ -->\n<title>Workshop on Biomarkers for Epilepsies and Neurodegenerative Diseases - Kuopio Epilepsy Symposium<\/title>\n<meta name=\"robots\" content=\"index, follow, max-snippet:-1, max-image-preview:large, max-video-preview:-1\" \/>\n<link rel=\"canonical\" href=\"https:\/\/sites.uef.fi\/kuopioepilepsysymposium\/workshop-on-biomarkers-for-epilepsies-and-neurodegenerative-diseases\/\" \/>\n<meta property=\"og:locale\" content=\"en_US\" \/>\n<meta property=\"og:type\" content=\"article\" \/>\n<meta property=\"og:title\" content=\"Workshop on Biomarkers for Epilepsies and Neurodegenerative Diseases - Kuopio Epilepsy Symposium\" \/>\n<meta property=\"og:description\" content=\"Event Details Date and Time: March 13, 2024, from 10:00 AM to 1:00 PM Location: Kuopio City Theatre, Maria-stage, Niiralankatu 2, 70600 Kuopio Participation: Free Registration Deadline: March 06, 2024 To register for the event, please click HERE. During this workshop we will discuss shared and distinctive characteristics of changes in neuronal markers in various [&hellip;]\" \/>\n<meta property=\"og:url\" content=\"https:\/\/sites.uef.fi\/kuopioepilepsysymposium\/workshop-on-biomarkers-for-epilepsies-and-neurodegenerative-diseases\/\" \/>\n<meta property=\"og:site_name\" content=\"Kuopio Epilepsy Symposium\" \/>\n<meta property=\"article:modified_time\" content=\"2024-03-06T10:33:17+00:00\" \/>\n<meta name=\"twitter:card\" content=\"summary_large_image\" \/>\n<meta name=\"twitter:label1\" content=\"Est. reading time\" \/>\n\t<meta name=\"twitter:data1\" content=\"2 minutes\" \/>\n<script type=\"application\/ld+json\" class=\"yoast-schema-graph\">{\"@context\":\"https:\/\/schema.org\",\"@graph\":[{\"@type\":\"WebPage\",\"@id\":\"https:\/\/sites.uef.fi\/kuopioepilepsysymposium\/workshop-on-biomarkers-for-epilepsies-and-neurodegenerative-diseases\/\",\"url\":\"https:\/\/sites.uef.fi\/kuopioepilepsysymposium\/workshop-on-biomarkers-for-epilepsies-and-neurodegenerative-diseases\/\",\"name\":\"Workshop on Biomarkers for Epilepsies and Neurodegenerative Diseases - Kuopio Epilepsy Symposium\",\"isPartOf\":{\"@id\":\"https:\/\/sites.uef.fi\/kuopioepilepsysymposium\/#website\"},\"datePublished\":\"2024-01-30T13:47:04+00:00\",\"dateModified\":\"2024-03-06T10:33:17+00:00\",\"breadcrumb\":{\"@id\":\"https:\/\/sites.uef.fi\/kuopioepilepsysymposium\/workshop-on-biomarkers-for-epilepsies-and-neurodegenerative-diseases\/#breadcrumb\"},\"inLanguage\":\"en-US\",\"potentialAction\":[{\"@type\":\"ReadAction\",\"target\":[\"https:\/\/sites.uef.fi\/kuopioepilepsysymposium\/workshop-on-biomarkers-for-epilepsies-and-neurodegenerative-diseases\/\"]}]},{\"@type\":\"BreadcrumbList\",\"@id\":\"https:\/\/sites.uef.fi\/kuopioepilepsysymposium\/workshop-on-biomarkers-for-epilepsies-and-neurodegenerative-diseases\/#breadcrumb\",\"itemListElement\":[{\"@type\":\"ListItem\",\"position\":1,\"name\":\"Home\",\"item\":\"https:\/\/sites.uef.fi\/kuopioepilepsysymposium\/\"},{\"@type\":\"ListItem\",\"position\":2,\"name\":\"Workshop on Biomarkers for Epilepsies and Neurodegenerative Diseases\"}]},{\"@type\":\"WebSite\",\"@id\":\"https:\/\/sites.uef.fi\/kuopioepilepsysymposium\/#website\",\"url\":\"https:\/\/sites.uef.fi\/kuopioepilepsysymposium\/\",\"name\":\"Kuopio Epilepsy Symposium\",\"description\":\"\",\"potentialAction\":[{\"@type\":\"SearchAction\",\"target\":{\"@type\":\"EntryPoint\",\"urlTemplate\":\"https:\/\/sites.uef.fi\/kuopioepilepsysymposium\/?s={search_term_string}\"},\"query-input\":{\"@type\":\"PropertyValueSpecification\",\"valueRequired\":true,\"valueName\":\"search_term_string\"}}],\"inLanguage\":\"en-US\"}]}<\/script>\n<!-- \/ Yoast SEO plugin. -->","yoast_head_json":{"title":"Workshop on Biomarkers for Epilepsies and Neurodegenerative Diseases - Kuopio Epilepsy Symposium","robots":{"index":"index","follow":"follow","max-snippet":"max-snippet:-1","max-image-preview":"max-image-preview:large","max-video-preview":"max-video-preview:-1"},"canonical":"https:\/\/sites.uef.fi\/kuopioepilepsysymposium\/workshop-on-biomarkers-for-epilepsies-and-neurodegenerative-diseases\/","og_locale":"en_US","og_type":"article","og_title":"Workshop on Biomarkers for Epilepsies and Neurodegenerative Diseases - Kuopio Epilepsy Symposium","og_description":"Event Details Date and Time: March 13, 2024, from 10:00 AM to 1:00 PM Location: Kuopio City Theatre, Maria-stage, Niiralankatu 2, 70600 Kuopio Participation: Free Registration Deadline: March 06, 2024 To register for the event, please click HERE. During this workshop we will discuss shared and distinctive characteristics of changes in neuronal markers in various [&hellip;]","og_url":"https:\/\/sites.uef.fi\/kuopioepilepsysymposium\/workshop-on-biomarkers-for-epilepsies-and-neurodegenerative-diseases\/","og_site_name":"Kuopio Epilepsy Symposium","article_modified_time":"2024-03-06T10:33:17+00:00","twitter_card":"summary_large_image","twitter_misc":{"Est. reading time":"2 minutes"},"schema":{"@context":"https:\/\/schema.org","@graph":[{"@type":"WebPage","@id":"https:\/\/sites.uef.fi\/kuopioepilepsysymposium\/workshop-on-biomarkers-for-epilepsies-and-neurodegenerative-diseases\/","url":"https:\/\/sites.uef.fi\/kuopioepilepsysymposium\/workshop-on-biomarkers-for-epilepsies-and-neurodegenerative-diseases\/","name":"Workshop on Biomarkers for Epilepsies and Neurodegenerative Diseases - Kuopio Epilepsy Symposium","isPartOf":{"@id":"https:\/\/sites.uef.fi\/kuopioepilepsysymposium\/#website"},"datePublished":"2024-01-30T13:47:04+00:00","dateModified":"2024-03-06T10:33:17+00:00","breadcrumb":{"@id":"https:\/\/sites.uef.fi\/kuopioepilepsysymposium\/workshop-on-biomarkers-for-epilepsies-and-neurodegenerative-diseases\/#breadcrumb"},"inLanguage":"en-US","potentialAction":[{"@type":"ReadAction","target":["https:\/\/sites.uef.fi\/kuopioepilepsysymposium\/workshop-on-biomarkers-for-epilepsies-and-neurodegenerative-diseases\/"]}]},{"@type":"BreadcrumbList","@id":"https:\/\/sites.uef.fi\/kuopioepilepsysymposium\/workshop-on-biomarkers-for-epilepsies-and-neurodegenerative-diseases\/#breadcrumb","itemListElement":[{"@type":"ListItem","position":1,"name":"Home","item":"https:\/\/sites.uef.fi\/kuopioepilepsysymposium\/"},{"@type":"ListItem","position":2,"name":"Workshop on Biomarkers for Epilepsies and Neurodegenerative Diseases"}]},{"@type":"WebSite","@id":"https:\/\/sites.uef.fi\/kuopioepilepsysymposium\/#website","url":"https:\/\/sites.uef.fi\/kuopioepilepsysymposium\/","name":"Kuopio Epilepsy Symposium","description":"","potentialAction":[{"@type":"SearchAction","target":{"@type":"EntryPoint","urlTemplate":"https:\/\/sites.uef.fi\/kuopioepilepsysymposium\/?s={search_term_string}"},"query-input":{"@type":"PropertyValueSpecification","valueRequired":true,"valueName":"search_term_string"}}],"inLanguage":"en-US"}]}},"_links":{"self":[{"href":"https:\/\/sites.uef.fi\/kuopioepilepsysymposium\/wp-json\/wp\/v2\/pages\/819","targetHints":{"allow":["GET"]}}],"collection":[{"href":"https:\/\/sites.uef.fi\/kuopioepilepsysymposium\/wp-json\/wp\/v2\/pages"}],"about":[{"href":"https:\/\/sites.uef.fi\/kuopioepilepsysymposium\/wp-json\/wp\/v2\/types\/page"}],"author":[{"embeddable":true,"href":"https:\/\/sites.uef.fi\/kuopioepilepsysymposium\/wp-json\/wp\/v2\/users\/987"}],"replies":[{"embeddable":true,"href":"https:\/\/sites.uef.fi\/kuopioepilepsysymposium\/wp-json\/wp\/v2\/comments?post=819"}],"version-history":[{"count":2,"href":"https:\/\/sites.uef.fi\/kuopioepilepsysymposium\/wp-json\/wp\/v2\/pages\/819\/revisions"}],"predecessor-version":[{"id":1186,"href":"https:\/\/sites.uef.fi\/kuopioepilepsysymposium\/wp-json\/wp\/v2\/pages\/819\/revisions\/1186"}],"wp:attachment":[{"href":"https:\/\/sites.uef.fi\/kuopioepilepsysymposium\/wp-json\/wp\/v2\/media?parent=819"}],"curies":[{"name":"wp","href":"https:\/\/api.w.org\/{rel}","templated":true}]}}