{"id":17,"date":"2023-08-23T15:04:21","date_gmt":"2023-08-23T12:04:21","guid":{"rendered":"https:\/\/sites.uef.fi\/kuopionylioppilaskuoro\/?page_id=17"},"modified":"2025-12-01T16:50:44","modified_gmt":"2025-12-01T14:50:44","slug":"etusivu","status":"publish","type":"page","link":"https:\/\/sites.uef.fi\/kuopionylioppilaskuoro\/","title":{"rendered":"Etusivu"},"content":{"rendered":"\n<p class=\"has-text-align-left\"><strong>UEF Kuopion ylioppilaskuoro<\/strong>&nbsp;on ollut osa Kuopion ylioppilasel\u00e4m\u00e4\u00e4 jo yli 30 vuoden ajan. Kuoromme esiintyy monenlaisissa tilaisuuksissa niin yliopistolla, kuin kaupungillakin ainej\u00e4rjest\u00f6jen ja yliopiston juhlallisuuksista pikkujouluihin ja yksityistilaisuuksiin. Jos siis kaipaisit tilaisuuteesi kuoroa, ota meihin yhteytt\u00e4! Kuoro j\u00e4rjest\u00e4\u00e4 my\u00f6s omia konserttejaan noin kaksi kertaa vuodessa, joulun alla sek\u00e4 kev\u00e4\u00e4ll\u00e4.<\/p>\n\n\n\n<p>Kuorossamme mukanamme on opiskelijoita kaikista vaiheista, alumneja sek\u00e4 yliopiston henkil\u00f6kuntaa. Kuoroon liitty\u00e4kseen ei my\u00f6sk\u00e4\u00e4n tarvitse olla It\u00e4-Suomen yliopiston opiskelija tai opiskelija lainkaan, otamme mukaan my\u00f6s muita laulamisesta kiinnostuneita!<\/p>\n\n\n\n<p>Kuoroamme on vuodesta 2019 alkaen johtanut kuopiolainen kanttori <strong>Richard Nicholls<\/strong> ja kuoroa yll\u00e4pit\u00e4\u00e4 UEF Kuopion Ylioppilaskuoro ry.<\/p>\n\n\n\n<figure class=\"wp-block-image size-large\"><img loading=\"lazy\" decoding=\"async\" width=\"819\" height=\"1024\" src=\"https:\/\/sites.uef.fi\/kuopionylioppilaskuoro\/wp-content\/uploads\/sites\/92\/2025\/12\/1-819x1024.png\" alt=\"S\u00e4veli\u00e4 Britanniasta ja Suomesta \u2013 Saarten ja metsien joulu- Konsertti Nilsi\u00e4n kirkossa 8.12. klo 19. Vapaa p\u00e4\u00e4sy, k\u00e4siohjelma 10 \u20ac.\" class=\"wp-image-4063\" srcset=\"https:\/\/sites.uef.fi\/kuopionylioppilaskuoro\/wp-content\/uploads\/sites\/92\/2025\/12\/1-819x1024.png 819w, https:\/\/sites.uef.fi\/kuopionylioppilaskuoro\/wp-content\/uploads\/sites\/92\/2025\/12\/1-240x300.png 240w, https:\/\/sites.uef.fi\/kuopionylioppilaskuoro\/wp-content\/uploads\/sites\/92\/2025\/12\/1-768x960.png 768w, https:\/\/sites.uef.fi\/kuopionylioppilaskuoro\/wp-content\/uploads\/sites\/92\/2025\/12\/1.png 1080w\" sizes=\"auto, (max-width: 819px) 100vw, 819px\" \/><\/figure>\n\n\n\n<figure class=\"wp-block-image size-large\"><img loading=\"lazy\" decoding=\"async\" width=\"819\" height=\"1024\" src=\"https:\/\/sites.uef.fi\/kuopionylioppilaskuoro\/wp-content\/uploads\/sites\/92\/2025\/12\/2-819x1024.png\" alt=\"Winter harmonies British &amp; Finnish Carols 9.12. klo 18 Kuopion tuomiokirkko. Vapaa p\u00e4\u00e4sy, k\u00e4siohjelma 10 \u20ac.\" class=\"wp-image-4066\" srcset=\"https:\/\/sites.uef.fi\/kuopionylioppilaskuoro\/wp-content\/uploads\/sites\/92\/2025\/12\/2-819x1024.png 819w, https:\/\/sites.uef.fi\/kuopionylioppilaskuoro\/wp-content\/uploads\/sites\/92\/2025\/12\/2-240x300.png 240w, https:\/\/sites.uef.fi\/kuopionylioppilaskuoro\/wp-content\/uploads\/sites\/92\/2025\/12\/2-768x960.png 768w, https:\/\/sites.uef.fi\/kuopionylioppilaskuoro\/wp-content\/uploads\/sites\/92\/2025\/12\/2.png 1080w\" sizes=\"auto, (max-width: 819px) 100vw, 819px\" \/><\/figure>\n\n\n\n<div class=\"links-block\">\n\n            <h3>Kuoro rekrytoi parhaillaan kuoronjohtajalle sijaista kev\u00e4\u00e4ksi. Lue lis\u00e4\u00e4 ja hae paikkaa!<\/h3>\n    \n    <ul class=\"link-list\">\n        \n            \n            <li class=\"link-list-item\">\n                <a href=\"https:\/\/tyomarkkinatori.fi\/henkiloasiakkaat\/avoimet-tyopaikat\/14e48eb4-07c4-47f7-be25-1ec9a45eacbd\/fi\" class=\"link-reset link hover-scale-down\">\n                    <svg\n        width=\"43\" height=\"25\"\n        viewBox=\"0 0 43 25\"\n        xmlns=\"http:\/\/www.w3.org\/2000\/svg\">\n    <path\n        d=\"M30.027 0 43 12.5 30.027 25 27 22.083 34.351 15H0v-5h34.351L27 2.917z\"\n        fill=\"currentColor\"\n        fill-rule=\"evenodd\"\/>\n<\/svg>                    <div>Kuoronjohtajan rekryilmoitus<\/div>\n                <\/a>\n                <div class=\"link-info\">\n                                    <\/div>\n            <\/li>\n\n                <\/ul>\n<\/div>\n\n\n<p><\/p>\n\n\n\n<p><\/p>\n","protected":false},"excerpt":{"rendered":"<p>UEF Kuopion ylioppilaskuoro&nbsp;on ollut osa Kuopion ylioppilasel\u00e4m\u00e4\u00e4 jo yli 30 vuoden ajan. Kuoromme esiintyy monenlaisissa tilaisuuksissa niin yliopistolla, kuin kaupungillakin ainej\u00e4rjest\u00f6jen ja yliopiston juhlallisuuksista pikkujouluihin ja yksityistilaisuuksiin. Jos siis kaipaisit tilaisuuteesi kuoroa, ota meihin yhteytt\u00e4! Kuoro j\u00e4rjest\u00e4\u00e4 my\u00f6s omia konserttejaan noin kaksi kertaa vuodessa, joulun alla sek\u00e4 kev\u00e4\u00e4ll\u00e4. Kuorossamme mukanamme on opiskelijoita kaikista vaiheista, alumneja [&hellip;]<\/p>\n","protected":false},"author":1138,"featured_media":2521,"parent":0,"menu_order":0,"comment_status":"closed","ping_status":"closed","template":"","meta":{"_acf_changed":false,"footnotes":""},"class_list":["post-17","page","type-page","status-publish","has-post-thumbnail","hentry"],"acf":[],"yoast_head":"<!-- This site is optimized with the Yoast SEO plugin v27.1.1 - https:\/\/yoast.com\/product\/yoast-seo-wordpress\/ -->\n<title>Etusivu - UEF Kuopion Ylioppilaskuoro<\/title>\n<meta name=\"description\" content=\"UEF Kuopion ylioppilaskuoro on It\u00e4-Suomen yliopiston Kuopion kampuksella toimiva sekakuoro, jota johtaa Richard Nicholls.\" \/>\n<meta name=\"robots\" content=\"index, follow, max-snippet:-1, max-image-preview:large, max-video-preview:-1\" \/>\n<link rel=\"canonical\" href=\"https:\/\/sites.uef.fi\/kuopionylioppilaskuoro\/\" \/>\n<meta property=\"og:locale\" content=\"fi_FI\" \/>\n<meta property=\"og:type\" content=\"article\" \/>\n<meta property=\"og:title\" content=\"Etusivu - UEF Kuopion Ylioppilaskuoro\" \/>\n<meta property=\"og:description\" content=\"UEF Kuopion ylioppilaskuoro on It\u00e4-Suomen yliopiston Kuopion kampuksella toimiva sekakuoro, jota johtaa Richard Nicholls.\" \/>\n<meta property=\"og:url\" content=\"https:\/\/sites.uef.fi\/kuopionylioppilaskuoro\/\" \/>\n<meta property=\"og:site_name\" content=\"UEF Kuopion Ylioppilaskuoro\" \/>\n<meta property=\"article:modified_time\" content=\"2025-12-01T14:50:44+00:00\" \/>\n<meta property=\"og:image\" content=\"https:\/\/sites.uef.fi\/kuopionylioppilaskuoro\/wp-content\/uploads\/sites\/92\/2023\/06\/logo_tumma_pohja_nelio-1.png\" \/>\n\t<meta property=\"og:image:width\" content=\"2152\" \/>\n\t<meta property=\"og:image:height\" content=\"2152\" \/>\n\t<meta property=\"og:image:type\" content=\"image\/png\" \/>\n<meta name=\"twitter:card\" content=\"summary_large_image\" \/>\n<meta name=\"twitter:label1\" content=\"Arvioitu lukuaika\" \/>\n\t<meta name=\"twitter:data1\" content=\"2 minuuttia\" \/>\n<script type=\"application\/ld+json\" class=\"yoast-schema-graph\">{\"@context\":\"https:\/\/schema.org\",\"@graph\":[{\"@type\":\"Article\",\"@id\":\"https:\/\/sites.uef.fi\/kuopionylioppilaskuoro\/#article\",\"isPartOf\":{\"@id\":\"https:\/\/sites.uef.fi\/kuopionylioppilaskuoro\/\"},\"author\":{\"name\":\"tuononan\",\"@id\":\"https:\/\/sites.uef.fi\/kuopionylioppilaskuoro\/#\/schema\/person\/0ea03c7b971a824fa3a4178a49a7bb4f\"},\"headline\":\"Etusivu\",\"datePublished\":\"2023-08-23T12:04:21+00:00\",\"dateModified\":\"2025-12-01T14:50:44+00:00\",\"mainEntityOfPage\":{\"@id\":\"https:\/\/sites.uef.fi\/kuopionylioppilaskuoro\/\"},\"wordCount\":107,\"image\":{\"@id\":\"https:\/\/sites.uef.fi\/kuopionylioppilaskuoro\/#primaryimage\"},\"thumbnailUrl\":\"https:\/\/sites.uef.fi\/kuopionylioppilaskuoro\/wp-content\/uploads\/sites\/92\/2023\/06\/logo_tumma_pohja_nelio-1.png\",\"inLanguage\":\"fi\"},{\"@type\":\"WebPage\",\"@id\":\"https:\/\/sites.uef.fi\/kuopionylioppilaskuoro\/\",\"url\":\"https:\/\/sites.uef.fi\/kuopionylioppilaskuoro\/\",\"name\":\"Etusivu - UEF Kuopion Ylioppilaskuoro\",\"isPartOf\":{\"@id\":\"https:\/\/sites.uef.fi\/kuopionylioppilaskuoro\/#website\"},\"primaryImageOfPage\":{\"@id\":\"https:\/\/sites.uef.fi\/kuopionylioppilaskuoro\/#primaryimage\"},\"image\":{\"@id\":\"https:\/\/sites.uef.fi\/kuopionylioppilaskuoro\/#primaryimage\"},\"thumbnailUrl\":\"https:\/\/sites.uef.fi\/kuopionylioppilaskuoro\/wp-content\/uploads\/sites\/92\/2023\/06\/logo_tumma_pohja_nelio-1.png\",\"datePublished\":\"2023-08-23T12:04:21+00:00\",\"dateModified\":\"2025-12-01T14:50:44+00:00\",\"description\":\"UEF Kuopion ylioppilaskuoro on It\u00e4-Suomen yliopiston Kuopion kampuksella toimiva sekakuoro, jota johtaa Richard Nicholls.\",\"breadcrumb\":{\"@id\":\"https:\/\/sites.uef.fi\/kuopionylioppilaskuoro\/#breadcrumb\"},\"inLanguage\":\"fi\",\"potentialAction\":[{\"@type\":\"ReadAction\",\"target\":[\"https:\/\/sites.uef.fi\/kuopionylioppilaskuoro\/\"]}]},{\"@type\":\"ImageObject\",\"inLanguage\":\"fi\",\"@id\":\"https:\/\/sites.uef.fi\/kuopionylioppilaskuoro\/#primaryimage\",\"url\":\"https:\/\/sites.uef.fi\/kuopionylioppilaskuoro\/wp-content\/uploads\/sites\/92\/2023\/06\/logo_tumma_pohja_nelio-1.png\",\"contentUrl\":\"https:\/\/sites.uef.fi\/kuopionylioppilaskuoro\/wp-content\/uploads\/sites\/92\/2023\/06\/logo_tumma_pohja_nelio-1.png\",\"width\":2152,\"height\":2152},{\"@type\":\"BreadcrumbList\",\"@id\":\"https:\/\/sites.uef.fi\/kuopionylioppilaskuoro\/#breadcrumb\",\"itemListElement\":[{\"@type\":\"ListItem\",\"position\":1,\"name\":\"Home\",\"item\":\"https:\/\/sites.uef.fi\/kuopionylioppilaskuoro\/\"},{\"@type\":\"ListItem\",\"position\":2,\"name\":\"Etusivu\"}]},{\"@type\":\"WebSite\",\"@id\":\"https:\/\/sites.uef.fi\/kuopionylioppilaskuoro\/#website\",\"url\":\"https:\/\/sites.uef.fi\/kuopionylioppilaskuoro\/\",\"name\":\"UEF Kuopion Ylioppilaskuoro\",\"description\":\"\",\"potentialAction\":[{\"@type\":\"SearchAction\",\"target\":{\"@type\":\"EntryPoint\",\"urlTemplate\":\"https:\/\/sites.uef.fi\/kuopionylioppilaskuoro\/?s={search_term_string}\"},\"query-input\":{\"@type\":\"PropertyValueSpecification\",\"valueRequired\":true,\"valueName\":\"search_term_string\"}}],\"inLanguage\":\"fi\"},{\"@type\":\"Person\",\"@id\":\"https:\/\/sites.uef.fi\/kuopionylioppilaskuoro\/#\/schema\/person\/0ea03c7b971a824fa3a4178a49a7bb4f\",\"name\":\"tuononan\",\"image\":{\"@type\":\"ImageObject\",\"inLanguage\":\"fi\",\"@id\":\"https:\/\/sites.uef.fi\/kuopionylioppilaskuoro\/#\/schema\/person\/image\/\",\"url\":\"https:\/\/secure.gravatar.com\/avatar\/7e62adde65a7b493fd2a837af1bfb157b2e38b3634bcaa151600e05b2bdeab9a?s=96&d=mm&r=g\",\"contentUrl\":\"https:\/\/secure.gravatar.com\/avatar\/7e62adde65a7b493fd2a837af1bfb157b2e38b3634bcaa151600e05b2bdeab9a?s=96&d=mm&r=g\",\"caption\":\"tuononan\"},\"url\":\"https:\/\/sites.uef.fi\/kuopionylioppilaskuoro\/author\/tuononan\/\"}]}<\/script>\n<!-- \/ Yoast SEO plugin. -->","yoast_head_json":{"title":"Etusivu - UEF Kuopion Ylioppilaskuoro","description":"UEF Kuopion ylioppilaskuoro on It\u00e4-Suomen yliopiston Kuopion kampuksella toimiva sekakuoro, jota johtaa Richard Nicholls.","robots":{"index":"index","follow":"follow","max-snippet":"max-snippet:-1","max-image-preview":"max-image-preview:large","max-video-preview":"max-video-preview:-1"},"canonical":"https:\/\/sites.uef.fi\/kuopionylioppilaskuoro\/","og_locale":"fi_FI","og_type":"article","og_title":"Etusivu - UEF Kuopion Ylioppilaskuoro","og_description":"UEF Kuopion ylioppilaskuoro on It\u00e4-Suomen yliopiston Kuopion kampuksella toimiva sekakuoro, jota johtaa Richard Nicholls.","og_url":"https:\/\/sites.uef.fi\/kuopionylioppilaskuoro\/","og_site_name":"UEF Kuopion Ylioppilaskuoro","article_modified_time":"2025-12-01T14:50:44+00:00","og_image":[{"width":2152,"height":2152,"url":"https:\/\/sites.uef.fi\/kuopionylioppilaskuoro\/wp-content\/uploads\/sites\/92\/2023\/06\/logo_tumma_pohja_nelio-1.png","type":"image\/png"}],"twitter_card":"summary_large_image","twitter_misc":{"Arvioitu lukuaika":"2 minuuttia"},"schema":{"@context":"https:\/\/schema.org","@graph":[{"@type":"Article","@id":"https:\/\/sites.uef.fi\/kuopionylioppilaskuoro\/#article","isPartOf":{"@id":"https:\/\/sites.uef.fi\/kuopionylioppilaskuoro\/"},"author":{"name":"tuononan","@id":"https:\/\/sites.uef.fi\/kuopionylioppilaskuoro\/#\/schema\/person\/0ea03c7b971a824fa3a4178a49a7bb4f"},"headline":"Etusivu","datePublished":"2023-08-23T12:04:21+00:00","dateModified":"2025-12-01T14:50:44+00:00","mainEntityOfPage":{"@id":"https:\/\/sites.uef.fi\/kuopionylioppilaskuoro\/"},"wordCount":107,"image":{"@id":"https:\/\/sites.uef.fi\/kuopionylioppilaskuoro\/#primaryimage"},"thumbnailUrl":"https:\/\/sites.uef.fi\/kuopionylioppilaskuoro\/wp-content\/uploads\/sites\/92\/2023\/06\/logo_tumma_pohja_nelio-1.png","inLanguage":"fi"},{"@type":"WebPage","@id":"https:\/\/sites.uef.fi\/kuopionylioppilaskuoro\/","url":"https:\/\/sites.uef.fi\/kuopionylioppilaskuoro\/","name":"Etusivu - UEF Kuopion Ylioppilaskuoro","isPartOf":{"@id":"https:\/\/sites.uef.fi\/kuopionylioppilaskuoro\/#website"},"primaryImageOfPage":{"@id":"https:\/\/sites.uef.fi\/kuopionylioppilaskuoro\/#primaryimage"},"image":{"@id":"https:\/\/sites.uef.fi\/kuopionylioppilaskuoro\/#primaryimage"},"thumbnailUrl":"https:\/\/sites.uef.fi\/kuopionylioppilaskuoro\/wp-content\/uploads\/sites\/92\/2023\/06\/logo_tumma_pohja_nelio-1.png","datePublished":"2023-08-23T12:04:21+00:00","dateModified":"2025-12-01T14:50:44+00:00","description":"UEF Kuopion ylioppilaskuoro on It\u00e4-Suomen yliopiston Kuopion kampuksella toimiva sekakuoro, jota johtaa Richard Nicholls.","breadcrumb":{"@id":"https:\/\/sites.uef.fi\/kuopionylioppilaskuoro\/#breadcrumb"},"inLanguage":"fi","potentialAction":[{"@type":"ReadAction","target":["https:\/\/sites.uef.fi\/kuopionylioppilaskuoro\/"]}]},{"@type":"ImageObject","inLanguage":"fi","@id":"https:\/\/sites.uef.fi\/kuopionylioppilaskuoro\/#primaryimage","url":"https:\/\/sites.uef.fi\/kuopionylioppilaskuoro\/wp-content\/uploads\/sites\/92\/2023\/06\/logo_tumma_pohja_nelio-1.png","contentUrl":"https:\/\/sites.uef.fi\/kuopionylioppilaskuoro\/wp-content\/uploads\/sites\/92\/2023\/06\/logo_tumma_pohja_nelio-1.png","width":2152,"height":2152},{"@type":"BreadcrumbList","@id":"https:\/\/sites.uef.fi\/kuopionylioppilaskuoro\/#breadcrumb","itemListElement":[{"@type":"ListItem","position":1,"name":"Home","item":"https:\/\/sites.uef.fi\/kuopionylioppilaskuoro\/"},{"@type":"ListItem","position":2,"name":"Etusivu"}]},{"@type":"WebSite","@id":"https:\/\/sites.uef.fi\/kuopionylioppilaskuoro\/#website","url":"https:\/\/sites.uef.fi\/kuopionylioppilaskuoro\/","name":"UEF Kuopion Ylioppilaskuoro","description":"","potentialAction":[{"@type":"SearchAction","target":{"@type":"EntryPoint","urlTemplate":"https:\/\/sites.uef.fi\/kuopionylioppilaskuoro\/?s={search_term_string}"},"query-input":{"@type":"PropertyValueSpecification","valueRequired":true,"valueName":"search_term_string"}}],"inLanguage":"fi"},{"@type":"Person","@id":"https:\/\/sites.uef.fi\/kuopionylioppilaskuoro\/#\/schema\/person\/0ea03c7b971a824fa3a4178a49a7bb4f","name":"tuononan","image":{"@type":"ImageObject","inLanguage":"fi","@id":"https:\/\/sites.uef.fi\/kuopionylioppilaskuoro\/#\/schema\/person\/image\/","url":"https:\/\/secure.gravatar.com\/avatar\/7e62adde65a7b493fd2a837af1bfb157b2e38b3634bcaa151600e05b2bdeab9a?s=96&d=mm&r=g","contentUrl":"https:\/\/secure.gravatar.com\/avatar\/7e62adde65a7b493fd2a837af1bfb157b2e38b3634bcaa151600e05b2bdeab9a?s=96&d=mm&r=g","caption":"tuononan"},"url":"https:\/\/sites.uef.fi\/kuopionylioppilaskuoro\/author\/tuononan\/"}]}},"_links":{"self":[{"href":"https:\/\/sites.uef.fi\/kuopionylioppilaskuoro\/wp-json\/wp\/v2\/pages\/17","targetHints":{"allow":["GET"]}}],"collection":[{"href":"https:\/\/sites.uef.fi\/kuopionylioppilaskuoro\/wp-json\/wp\/v2\/pages"}],"about":[{"href":"https:\/\/sites.uef.fi\/kuopionylioppilaskuoro\/wp-json\/wp\/v2\/types\/page"}],"author":[{"embeddable":true,"href":"https:\/\/sites.uef.fi\/kuopionylioppilaskuoro\/wp-json\/wp\/v2\/users\/1138"}],"replies":[{"embeddable":true,"href":"https:\/\/sites.uef.fi\/kuopionylioppilaskuoro\/wp-json\/wp\/v2\/comments?post=17"}],"version-history":[{"count":1,"href":"https:\/\/sites.uef.fi\/kuopionylioppilaskuoro\/wp-json\/wp\/v2\/pages\/17\/revisions"}],"predecessor-version":[{"id":4070,"href":"https:\/\/sites.uef.fi\/kuopionylioppilaskuoro\/wp-json\/wp\/v2\/pages\/17\/revisions\/4070"}],"wp:featuredmedia":[{"embeddable":true,"href":"https:\/\/sites.uef.fi\/kuopionylioppilaskuoro\/wp-json\/wp\/v2\/media\/2521"}],"wp:attachment":[{"href":"https:\/\/sites.uef.fi\/kuopionylioppilaskuoro\/wp-json\/wp\/v2\/media?parent=17"}],"curies":[{"name":"wp","href":"https:\/\/api.w.org\/{rel}","templated":true}]}}