{"id":254,"date":"2020-08-11T14:16:00","date_gmt":"2020-08-11T11:16:00","guid":{"rendered":"https:\/\/sites.uef.fi\/kuopionylioppilaskuoro\/?page_id=254"},"modified":"2023-08-24T14:15:16","modified_gmt":"2023-08-24T11:15:16","slug":"historiaa","status":"publish","type":"page","link":"https:\/\/sites.uef.fi\/kuopionylioppilaskuoro\/etusivu\/historiaa\/","title":{"rendered":"Historia"},"content":{"rendered":"\n<p>Ennen kamarikuoroa yliopistollamme on ollut kuorotoimintaa ylioppilaskunnan puitteissa. <strong>Professori Eero Castr\u00e9nin<\/strong> mukaan vuonna 1977 perustettu kuoro toimi vuoden 1978 promootioon saakka aktiivisesti. Sen j\u00e4lkeen kuoro toiminta oli hyvin ep\u00e4s\u00e4\u00e4nn\u00f6llist\u00e4.<\/p>\n\n\n\n<p>Syksyll\u00e4 1989 <strong>Juhani K\u00e4rj\u00e4<\/strong> ja <strong>Anitta Etula<\/strong> neuvottelivat <strong>Jorma Hannikaisen<\/strong> kanssa virallisen kuoron perustamisesta. Jorma lupautuikin kuoron ensimm\u00e4iseksi johtajaksi. Nykyisen kuoron ensimm\u00e4inen koelaulutilaisuus j\u00e4rjestettiin 12.9.1989. Kuoro sai tulikasteensa Kuopion yliopiston vuosijuhlassa 23.3.1990 ja ensimm\u00e4inen konsertti pidettiin 8.5.1990.<\/p>\n\n\n\n<p>Jorma Hannikainen&nbsp;johti kuoroa ensimm\u00e4iset kolme vuotta. Seuraavan lukuvuoden (syksyst\u00e4 -92 kev\u00e4\u00e4seen -93) kuoroa johti&nbsp;<strong>Mari Kukkonen<\/strong>, Jorman keskittyess\u00e4 lis\u00e4opintoihin. Jorma palasi viel\u00e4 kuoron johtajaksi lukuvuodeksi 93-94.<\/p>\n\n\n\n<p>Syksyll\u00e4 1994 ohjat otti k\u00e4siins\u00e4&nbsp;<strong>Kirsi M\u00e4ki<\/strong>. Kirsi valmistui Sibelius-Akatemiasta kirkkomusiikin koulutusohjelmasta musiikin maisteriksi 1997. Kuoro muuttui vuosituhannen vaihteessa v\u00e4hitellen naispainotteiseksi, ja p\u00e4\u00e4tettiin muuttaa kokonaan naiskuoroksi.<\/p>\n\n\n\n<p>Kuoronjohtajana lukukaudella 2001-2002 toimi musiikin ylioppilas <strong>Sanna Ketola<\/strong>. Valmistuttuaan kanttoriksi Sibelius-Akatemiasta h\u00e4n l\u00e4hti Helsinkiin t\u00f6ihin ja nykyisin (2006) toimii ja vaikuttaa Tampereella. Syksyst\u00e4 2002 kev\u00e4\u00e4seen 2004 kuoroa johti musiikin ylioppilas <strong>Hanna Salminen<\/strong>. Valmistuttuaan Sibelius-Akatemiasta h\u00e4n siirtyi Tampereelle, jossa vaikuttaa edelleen. Syksyst\u00e4 2004 kev\u00e4\u00e4seen 2009 kuoroa johti musiikin maisteri <strong>Anne-Christine Tinkala<\/strong>. Vuosina 2009-2012 kuoronjohtajana oli <strong>Anna Kosola<\/strong> ja vuosina 2012-2014 <strong>Anni Pes\u00e4l\u00e4<\/strong>. Annin j\u00e4lkeen kuoronjohtajana toimi vuoden verran <strong>Taru Parviainen<\/strong> ja Anni jatkoi viel\u00e4 kanssamme kev\u00e4\u00e4n 2015. T\u00e4m\u00e4n j\u00e4lkeen kuoronjohtajanamme toimi Sibelius-Akatemiassa opiskeleva <strong>Eveliina Modinos<\/strong>. Syksyst\u00e4 2019 alkaen kuoron johtajana toimii <strong>Richard Nicholls<\/strong>.<\/p>\n\n\n\n<h2 class=\"wp-block-heading\">Kuoron kunniaj\u00e4senet<\/h2>\n\n\n\n<p><strong>Kalevi Py\u00f6r\u00e4l\u00e4&nbsp;<\/strong>kutsuttiin kuoron kunniaj\u00e4seneksi viisivuotisjuhlakonsertin yhteydess\u00e4 9.5.1995.<br><strong>Miia-Maarit Saarelainen<\/strong>&nbsp;nimettiin kuoron kunniaj\u00e4seneksi 28.3.2007. Miia-Maarit teki aktiivij\u00e4senen\u00e4 ollessaan paljon ty\u00f6t\u00e4 kuorotoiminnan j\u00e4rjest\u00e4miseksi yhdistysmuotoiseksi, ja h\u00e4n toimi vuoteen 2005 asti kuoron puheenjohtajana.<\/p>\n","protected":false},"excerpt":{"rendered":"<p>Ennen kamarikuoroa yliopistollamme on ollut kuorotoimintaa ylioppilaskunnan puitteissa. Professori Eero Castr\u00e9nin mukaan vuonna 1977 perustettu kuoro toimi vuoden 1978 promootioon saakka aktiivisesti. Sen j\u00e4lkeen kuoro toiminta oli hyvin ep\u00e4s\u00e4\u00e4nn\u00f6llist\u00e4. Syksyll\u00e4 1989 Juhani K\u00e4rj\u00e4 ja Anitta Etula neuvottelivat Jorma Hannikaisen kanssa virallisen kuoron perustamisesta. Jorma lupautuikin kuoron ensimm\u00e4iseksi johtajaksi. Nykyisen kuoron ensimm\u00e4inen koelaulutilaisuus j\u00e4rjestettiin 12.9.1989. Kuoro [&hellip;]<\/p>\n","protected":false},"author":190,"featured_media":0,"parent":17,"menu_order":0,"comment_status":"closed","ping_status":"closed","template":"","meta":{"_acf_changed":false,"footnotes":""},"class_list":["post-254","page","type-page","status-publish","hentry"],"acf":[],"yoast_head":"<!-- This site is optimized with the Yoast SEO plugin v27.1.1 - https:\/\/yoast.com\/product\/yoast-seo-wordpress\/ -->\n<title>Historia - UEF Kuopion Ylioppilaskuoro<\/title>\n<meta name=\"robots\" content=\"index, follow, max-snippet:-1, max-image-preview:large, max-video-preview:-1\" \/>\n<link rel=\"canonical\" href=\"https:\/\/sites.uef.fi\/kuopionylioppilaskuoro\/etusivu\/historiaa\/\" \/>\n<meta property=\"og:locale\" content=\"fi_FI\" \/>\n<meta property=\"og:type\" content=\"article\" \/>\n<meta property=\"og:title\" content=\"Historia - UEF Kuopion Ylioppilaskuoro\" \/>\n<meta property=\"og:description\" content=\"Ennen kamarikuoroa yliopistollamme on ollut kuorotoimintaa ylioppilaskunnan puitteissa. Professori Eero Castr\u00e9nin mukaan vuonna 1977 perustettu kuoro toimi vuoden 1978 promootioon saakka aktiivisesti. Sen j\u00e4lkeen kuoro toiminta oli hyvin ep\u00e4s\u00e4\u00e4nn\u00f6llist\u00e4. Syksyll\u00e4 1989 Juhani K\u00e4rj\u00e4 ja Anitta Etula neuvottelivat Jorma Hannikaisen kanssa virallisen kuoron perustamisesta. Jorma lupautuikin kuoron ensimm\u00e4iseksi johtajaksi. Nykyisen kuoron ensimm\u00e4inen koelaulutilaisuus j\u00e4rjestettiin 12.9.1989. Kuoro [&hellip;]\" \/>\n<meta property=\"og:url\" content=\"https:\/\/sites.uef.fi\/kuopionylioppilaskuoro\/etusivu\/historiaa\/\" \/>\n<meta property=\"og:site_name\" content=\"UEF Kuopion Ylioppilaskuoro\" \/>\n<meta property=\"article:modified_time\" content=\"2023-08-24T11:15:16+00:00\" \/>\n<meta name=\"twitter:card\" content=\"summary_large_image\" \/>\n<meta name=\"twitter:label1\" content=\"Arvioitu lukuaika\" \/>\n\t<meta name=\"twitter:data1\" content=\"2 minuuttia\" \/>\n<script type=\"application\/ld+json\" class=\"yoast-schema-graph\">{\"@context\":\"https:\/\/schema.org\",\"@graph\":[{\"@type\":\"WebPage\",\"@id\":\"https:\/\/sites.uef.fi\/kuopionylioppilaskuoro\/etusivu\/historiaa\/\",\"url\":\"https:\/\/sites.uef.fi\/kuopionylioppilaskuoro\/etusivu\/historiaa\/\",\"name\":\"Historia - UEF Kuopion Ylioppilaskuoro\",\"isPartOf\":{\"@id\":\"https:\/\/sites.uef.fi\/kuopionylioppilaskuoro\/#website\"},\"datePublished\":\"2020-08-11T11:16:00+00:00\",\"dateModified\":\"2023-08-24T11:15:16+00:00\",\"breadcrumb\":{\"@id\":\"https:\/\/sites.uef.fi\/kuopionylioppilaskuoro\/etusivu\/historiaa\/#breadcrumb\"},\"inLanguage\":\"fi\",\"potentialAction\":[{\"@type\":\"ReadAction\",\"target\":[\"https:\/\/sites.uef.fi\/kuopionylioppilaskuoro\/etusivu\/historiaa\/\"]}]},{\"@type\":\"BreadcrumbList\",\"@id\":\"https:\/\/sites.uef.fi\/kuopionylioppilaskuoro\/etusivu\/historiaa\/#breadcrumb\",\"itemListElement\":[{\"@type\":\"ListItem\",\"position\":1,\"name\":\"Home\",\"item\":\"https:\/\/sites.uef.fi\/kuopionylioppilaskuoro\/\"},{\"@type\":\"ListItem\",\"position\":2,\"name\":\"Etusivu\",\"item\":\"https:\/\/sites.uef.fi\/kuopionylioppilaskuoro\/\"},{\"@type\":\"ListItem\",\"position\":3,\"name\":\"Historia\"}]},{\"@type\":\"WebSite\",\"@id\":\"https:\/\/sites.uef.fi\/kuopionylioppilaskuoro\/#website\",\"url\":\"https:\/\/sites.uef.fi\/kuopionylioppilaskuoro\/\",\"name\":\"UEF Kuopion Ylioppilaskuoro\",\"description\":\"\",\"potentialAction\":[{\"@type\":\"SearchAction\",\"target\":{\"@type\":\"EntryPoint\",\"urlTemplate\":\"https:\/\/sites.uef.fi\/kuopionylioppilaskuoro\/?s={search_term_string}\"},\"query-input\":{\"@type\":\"PropertyValueSpecification\",\"valueRequired\":true,\"valueName\":\"search_term_string\"}}],\"inLanguage\":\"fi\"}]}<\/script>\n<!-- \/ Yoast SEO plugin. -->","yoast_head_json":{"title":"Historia - UEF Kuopion Ylioppilaskuoro","robots":{"index":"index","follow":"follow","max-snippet":"max-snippet:-1","max-image-preview":"max-image-preview:large","max-video-preview":"max-video-preview:-1"},"canonical":"https:\/\/sites.uef.fi\/kuopionylioppilaskuoro\/etusivu\/historiaa\/","og_locale":"fi_FI","og_type":"article","og_title":"Historia - UEF Kuopion Ylioppilaskuoro","og_description":"Ennen kamarikuoroa yliopistollamme on ollut kuorotoimintaa ylioppilaskunnan puitteissa. Professori Eero Castr\u00e9nin mukaan vuonna 1977 perustettu kuoro toimi vuoden 1978 promootioon saakka aktiivisesti. Sen j\u00e4lkeen kuoro toiminta oli hyvin ep\u00e4s\u00e4\u00e4nn\u00f6llist\u00e4. Syksyll\u00e4 1989 Juhani K\u00e4rj\u00e4 ja Anitta Etula neuvottelivat Jorma Hannikaisen kanssa virallisen kuoron perustamisesta. Jorma lupautuikin kuoron ensimm\u00e4iseksi johtajaksi. Nykyisen kuoron ensimm\u00e4inen koelaulutilaisuus j\u00e4rjestettiin 12.9.1989. Kuoro [&hellip;]","og_url":"https:\/\/sites.uef.fi\/kuopionylioppilaskuoro\/etusivu\/historiaa\/","og_site_name":"UEF Kuopion Ylioppilaskuoro","article_modified_time":"2023-08-24T11:15:16+00:00","twitter_card":"summary_large_image","twitter_misc":{"Arvioitu lukuaika":"2 minuuttia"},"schema":{"@context":"https:\/\/schema.org","@graph":[{"@type":"WebPage","@id":"https:\/\/sites.uef.fi\/kuopionylioppilaskuoro\/etusivu\/historiaa\/","url":"https:\/\/sites.uef.fi\/kuopionylioppilaskuoro\/etusivu\/historiaa\/","name":"Historia - UEF Kuopion Ylioppilaskuoro","isPartOf":{"@id":"https:\/\/sites.uef.fi\/kuopionylioppilaskuoro\/#website"},"datePublished":"2020-08-11T11:16:00+00:00","dateModified":"2023-08-24T11:15:16+00:00","breadcrumb":{"@id":"https:\/\/sites.uef.fi\/kuopionylioppilaskuoro\/etusivu\/historiaa\/#breadcrumb"},"inLanguage":"fi","potentialAction":[{"@type":"ReadAction","target":["https:\/\/sites.uef.fi\/kuopionylioppilaskuoro\/etusivu\/historiaa\/"]}]},{"@type":"BreadcrumbList","@id":"https:\/\/sites.uef.fi\/kuopionylioppilaskuoro\/etusivu\/historiaa\/#breadcrumb","itemListElement":[{"@type":"ListItem","position":1,"name":"Home","item":"https:\/\/sites.uef.fi\/kuopionylioppilaskuoro\/"},{"@type":"ListItem","position":2,"name":"Etusivu","item":"https:\/\/sites.uef.fi\/kuopionylioppilaskuoro\/"},{"@type":"ListItem","position":3,"name":"Historia"}]},{"@type":"WebSite","@id":"https:\/\/sites.uef.fi\/kuopionylioppilaskuoro\/#website","url":"https:\/\/sites.uef.fi\/kuopionylioppilaskuoro\/","name":"UEF Kuopion Ylioppilaskuoro","description":"","potentialAction":[{"@type":"SearchAction","target":{"@type":"EntryPoint","urlTemplate":"https:\/\/sites.uef.fi\/kuopionylioppilaskuoro\/?s={search_term_string}"},"query-input":{"@type":"PropertyValueSpecification","valueRequired":true,"valueName":"search_term_string"}}],"inLanguage":"fi"}]}},"_links":{"self":[{"href":"https:\/\/sites.uef.fi\/kuopionylioppilaskuoro\/wp-json\/wp\/v2\/pages\/254","targetHints":{"allow":["GET"]}}],"collection":[{"href":"https:\/\/sites.uef.fi\/kuopionylioppilaskuoro\/wp-json\/wp\/v2\/pages"}],"about":[{"href":"https:\/\/sites.uef.fi\/kuopionylioppilaskuoro\/wp-json\/wp\/v2\/types\/page"}],"author":[{"embeddable":true,"href":"https:\/\/sites.uef.fi\/kuopionylioppilaskuoro\/wp-json\/wp\/v2\/users\/190"}],"replies":[{"embeddable":true,"href":"https:\/\/sites.uef.fi\/kuopionylioppilaskuoro\/wp-json\/wp\/v2\/comments?post=254"}],"version-history":[{"count":2,"href":"https:\/\/sites.uef.fi\/kuopionylioppilaskuoro\/wp-json\/wp\/v2\/pages\/254\/revisions"}],"predecessor-version":[{"id":3078,"href":"https:\/\/sites.uef.fi\/kuopionylioppilaskuoro\/wp-json\/wp\/v2\/pages\/254\/revisions\/3078"}],"up":[{"embeddable":true,"href":"https:\/\/sites.uef.fi\/kuopionylioppilaskuoro\/wp-json\/wp\/v2\/pages\/17"}],"wp:attachment":[{"href":"https:\/\/sites.uef.fi\/kuopionylioppilaskuoro\/wp-json\/wp\/v2\/media?parent=254"}],"curies":[{"name":"wp","href":"https:\/\/api.w.org\/{rel}","templated":true}]}}