{"id":364,"date":"2023-09-14T17:07:40","date_gmt":"2023-09-14T14:07:40","guid":{"rendered":"https:\/\/sites.uef.fi\/kuopionylioppilaskuoro\/?page_id=364"},"modified":"2024-12-31T11:46:03","modified_gmt":"2024-12-31T09:46:03","slug":"esiintymisia","status":"publish","type":"page","link":"https:\/\/sites.uef.fi\/kuopionylioppilaskuoro\/esiintymisia\/","title":{"rendered":"Esiintymisi\u00e4"},"content":{"rendered":"\t<div id=\"accordion-block_79b103b2788a8a470c39fef61908a9aa\" class=\"accordions\">\n\t\t\t\t\t<div class=\"accordion accordion-js\">\n\t\t\t\t<button class=\"accordion__button\" aria-controls=\"content-3851\" aria-expanded=\"false\" id=\"accordion-control-3851\">\n\t\t\t\t\t<h3 class=\"accordion__heading\" >\n\t\t\t\t\t\t2025\t\t\t\t\t<\/h3>\n\t\t\t\t<\/button>\n\t\t\t\t<div class=\"accordion__content\" role=\"region\" aria-labelledby=\"accordion-control-3851\" aria-hidden=\"true\" id=\"content-3851\">\n\t\t\t\t\t<p>Tyhj\u00e4\u00e4 t\u00e4ynn\u00e4, viel\u00e4. Olisiko sinun tapahtumasi kenties kev\u00e4\u00e4n ensimm\u00e4inen keikkamme?<\/p>\n\t\t\t\t<\/div>\n\t\t\t<\/div>\n\t\t\t\t\t<div class=\"accordion accordion-js\">\n\t\t\t\t<button class=\"accordion__button\" aria-controls=\"content-152\" aria-expanded=\"false\" id=\"accordion-control-152\">\n\t\t\t\t\t<h3 class=\"accordion__heading\" >\n\t\t\t\t\t\t2024\t\t\t\t\t<\/h3>\n\t\t\t\t<\/button>\n\t\t\t\t<div class=\"accordion__content\" role=\"region\" aria-labelledby=\"accordion-control-152\" aria-hidden=\"true\" id=\"content-152\">\n\t\t\t\t\t<ul>\n<li style=\"list-style-type: none\">\n<ul>\n<li>6.12.2024 ISYYn perinteinen soihtukulkue<\/li>\n<li>31.8.2024 Kuopion Ju-jutsuseuran 40-v juhlatilaisuus<\/li>\n<li>14.6.2024 It\u00e4-Suomen yliopiston hammasl\u00e4\u00e4ketieteen ja l\u00e4\u00e4ketieteen lisensiaattien valajuhla<\/li>\n<li>17.5.2024 It\u00e4-Suomen yliopiston Publiikki<\/li>\n<li>8.5.2024 It\u00e4-Suomen yliopiston Ymp\u00e4rist\u00f6- ja biotieteiden laitoksen 50-vuotisjuhla<\/li>\n<li><span style=\"font-size: 1rem\">1.5.2024 Kuopion kampuksen ainej\u00e4rjest\u00f6jen j\u00e4rjest\u00e4m\u00e4 vappupiknik Valkeisenlammella<\/span><\/li>\n<li>26.4.2024 Kuu kuorosta kes\u00e4\u00e4n- kev\u00e4tkonsertti SN100-salissa<\/li>\n<li>26.4.2024 It\u00e4-Suomen yliopiston Hoitotieteen laitoksen professoriseminaari<\/li>\n<li>6.4.2024 Kulti ry:n 50-vuotisjuhla<\/li>\n<\/ul>\n<\/li>\n<\/ul>\n\t\t\t\t<\/div>\n\t\t\t<\/div>\n\t\t\t\t\t<div class=\"accordion accordion-js\">\n\t\t\t\t<button class=\"accordion__button\" aria-controls=\"content-490\" aria-expanded=\"false\" id=\"accordion-control-490\">\n\t\t\t\t\t<h3 class=\"accordion__heading\" >\n\t\t\t\t\t\t2023\t\t\t\t\t<\/h3>\n\t\t\t\t<\/button>\n\t\t\t\t<div class=\"accordion__content\" role=\"region\" aria-labelledby=\"accordion-control-490\" aria-hidden=\"true\" id=\"content-490\">\n\t\t\t\t\t<p>&nbsp;<\/p>\n<ul>\n<li style=\"list-style-type: none\">\n<ul>\n<li>18.12.2023 It\u00e4-Suomen yliopiston joulujuhla<\/li>\n<li><span style=\"font-size: 1rem\">15.12.2023 It\u00e4-Suomen yliopiston kansanterveystieteen ja kliinisen ravitsemustieteen yksik\u00f6n yksityistilaisuus<\/span><\/li>\n<li><span style=\"font-size: 1rem\">14.12.2023 &#8221;Kauneimmat joululaulut&#8221; \u2013 konsertti Kuopion musiikkikeskuksessa Kuopion Musiikkikeskuksessa yhdess\u00e4 Kuopion kaupunginorkesterin kanssa. Orkesteria ja kuoroa johti emeritusprofessori, ylikapelimestari Atso Almila<\/span><\/li>\n<li><span style=\"font-size: 1rem\">2.12.2023 Jouluinen yhteisesiintyminen kauppakeskus Matkuksessa yhdess\u00e4 Kuopion kaupunginorkesterin ensemblen kanssa<\/span><\/li>\n<li>6.11.2023 Professoriliiton It\u00e4-Suomen yliopiston osaston tapahtuma<\/li>\n<li><span style=\"font-size: 1rem\">7.10.2023 Hammasl\u00e4\u00e4ketieteen lisensiaattien ja l\u00e4\u00e4ketieteen lisensiaattien valajuhla<\/span><\/li>\n<li><span style=\"font-size: 1rem\">7.9.2023 ISYYn Kampusrys\u00e4ys<\/span><\/li>\n<li><span style=\"font-size: 1rem\">5.5.2023 Kev\u00e4tkonsertti &#8221;Soundtrack Special&#8221; Snellmanian SN100 -salissa klo 18<\/span><\/li>\n<li><span style=\"font-size: 1rem\">1.5.2023 Kuopion kampuksen ainej\u00e4rjest\u00f6jen j\u00e4rjest\u00e4m\u00e4ll\u00e4 vappupiknikill\u00e4 Valkeisenlammella<\/span><\/li>\n<li><span style=\"font-size: 1rem\">26.2.2023 Kuopion tuomiokirkko, Jumalanpalvelus<\/span><\/li>\n<\/ul>\n<\/li>\n<\/ul>\n<ul>\n<li style=\"list-style-type: none\"><\/li>\n<\/ul>\n\t\t\t\t<\/div>\n\t\t\t<\/div>\n\t\t\t\t\t<div class=\"accordion accordion-js\">\n\t\t\t\t<button class=\"accordion__button\" aria-controls=\"content-8487\" aria-expanded=\"false\" id=\"accordion-control-8487\">\n\t\t\t\t\t<h3 class=\"accordion__heading\" >\n\t\t\t\t\t\t2022\t\t\t\t\t<\/h3>\n\t\t\t\t<\/button>\n\t\t\t\t<div class=\"accordion__content\" role=\"region\" aria-labelledby=\"accordion-control-8487\" aria-hidden=\"true\" id=\"content-8487\">\n\t\t\t\t\t<p><!-- wp:list --><\/p>\n<ul>\n<li style=\"list-style-type: none\">\n<ul><!-- wp:list-item --><\/p>\n<li>20.12.2022 It\u00e4-Suomen yliopiston joulujuhla<\/li>\n<\/ul>\n<\/li>\n<\/ul>\n<p><!-- \/wp:list-item --> <!-- wp:list-item --><\/p>\n<ul>\n<li style=\"list-style-type: none\">\n<ul>\n<li>8.-9.12.2022 Joulukonsertti &#8221;H\u00e4myn haihtuva laulu &#8211; Joulun tunnelmia Savo-Karjalasta&#8221; yhteisty\u00f6ss\u00e4 It\u00e4-Suomen yliopiston kuoro JOYn kanssa Kuopion tuomiokirkossa ja Joensuussa Carelia-salissa<\/li>\n<\/ul>\n<\/li>\n<\/ul>\n<p><!-- \/wp:list-item --> <!-- wp:list-item --><\/p>\n<ul>\n<li style=\"list-style-type: none\">\n<ul>\n<li>29.10.2022 ISYYn 12. vuosijuhlat<\/li>\n<\/ul>\n<\/li>\n<\/ul>\n<p><!-- \/wp:list-item --> <!-- wp:list-item --><\/p>\n<ul>\n<li style=\"list-style-type: none\">\n<ul>\n<li>15.10.2022 Hammasl\u00e4\u00e4k\u00e4rien ja l\u00e4\u00e4k\u00e4rien valajuhla<\/li>\n<\/ul>\n<\/li>\n<\/ul>\n<p><!-- \/wp:list-item --> <!-- wp:list-item --><\/p>\n<ul>\n<li style=\"list-style-type: none\">\n<ul>\n<li>20.9.2022 Kaija Sarannon juhlaseminaari<\/li>\n<\/ul>\n<\/li>\n<\/ul>\n<p><!-- \/wp:list-item --> <!-- wp:list-item --><\/p>\n<ul>\n<li style=\"list-style-type: none\">\n<ul>\n<li>8.9.2022 Kampusrys\u00e4ys<\/li>\n<\/ul>\n<\/li>\n<\/ul>\n<p><!-- \/wp:list-item --> <!-- wp:list-item --><\/p>\n<ul>\n<li style=\"list-style-type: none\">\n<ul>\n<li>10.6.2022 It\u00e4-Suomen yliopiston tohtoripromootio<\/li>\n<\/ul>\n<\/li>\n<\/ul>\n<p><!-- \/wp:list-item --> <!-- wp:list-item --><\/p>\n<ul>\n<li style=\"list-style-type: none\">\n<ul>\n<li>12. ja 13.5.2022 Carmina Burana yhteisty\u00f6ss\u00e4 Kuopion kaupunginorkesterin, Vox Polariksen ja Veljmiesten kanssa<\/li>\n<\/ul>\n<\/li>\n<\/ul>\n<p><!-- \/wp:list-item --> <!-- wp:list-item --><\/p>\n<ul>\n<li style=\"list-style-type: none\">\n<ul>\n<li>30.4.2022 Yksityinen muistotilaisuus It\u00e4-Suomen yliopistolla<\/li>\n<\/ul>\n<\/li>\n<\/ul>\n<p><!-- \/wp:list-item --><\/p>\n<p><!-- \/wp:list --><\/p>\n\t\t\t\t<\/div>\n\t\t\t<\/div>\n\t\t\t\t\t<div class=\"accordion accordion-js\">\n\t\t\t\t<button class=\"accordion__button\" aria-controls=\"content-9223\" aria-expanded=\"false\" id=\"accordion-control-9223\">\n\t\t\t\t\t<h3 class=\"accordion__heading\" >\n\t\t\t\t\t\t2021\t\t\t\t\t<\/h3>\n\t\t\t\t<\/button>\n\t\t\t\t<div class=\"accordion__content\" role=\"region\" aria-labelledby=\"accordion-control-9223\" aria-hidden=\"true\" id=\"content-9223\">\n\t\t\t\t\t<p><!-- wp:list --><\/p>\n<ul>\n<li style=\"list-style-type: none\">\n<ul><!-- wp:list-item --><\/p>\n<li>9.12.2021 Joulukonsertti &#8221;Joulun kanssasi jaan&#8221; Kuopion kaupungintalon juhlasalissa<\/li>\n<\/ul>\n<\/li>\n<\/ul>\n<p><!-- \/wp:list-item --> <!-- wp:list-item --><\/p>\n<ul>\n<li style=\"list-style-type: none\">\n<ul>\n<li>8.10.2021 L\u00e4\u00e4ketieteen laitoksen et\u00e4valajuhla<\/li>\n<\/ul>\n<\/li>\n<\/ul>\n<p><!-- \/wp:list-item --><\/p>\n<p><!-- \/wp:list --><\/p>\n\t\t\t\t<\/div>\n\t\t\t<\/div>\n\t\t\t\t\t<div class=\"accordion accordion-js\">\n\t\t\t\t<button class=\"accordion__button\" aria-controls=\"content-6345\" aria-expanded=\"false\" id=\"accordion-control-6345\">\n\t\t\t\t\t<h3 class=\"accordion__heading\" >\n\t\t\t\t\t\t2020\t\t\t\t\t<\/h3>\n\t\t\t\t<\/button>\n\t\t\t\t<div class=\"accordion__content\" role=\"region\" aria-labelledby=\"accordion-control-6345\" aria-hidden=\"true\" id=\"content-6345\">\n\t\t\t\t\t<ul>\n<li style=\"list-style-type: none\">\n<ul>\n<li>8.12.2020 Joulukonsertti &#8221;30-vuotias UEF Kuopion ylioppilaskuoro esitt\u00e4\u00e4: Juhlavaa joulua!&#8221; Striimattuna YouTube-kanavalla<\/li>\n<\/ul>\n<\/li>\n<\/ul>\n\t\t\t\t<\/div>\n\t\t\t<\/div>\n\t\t\t\t\t<div class=\"accordion accordion-js\">\n\t\t\t\t<button class=\"accordion__button\" aria-controls=\"content-7087\" aria-expanded=\"false\" id=\"accordion-control-7087\">\n\t\t\t\t\t<h3 class=\"accordion__heading\" >\n\t\t\t\t\t\t2019\t\t\t\t\t<\/h3>\n\t\t\t\t<\/button>\n\t\t\t\t<div class=\"accordion__content\" role=\"region\" aria-labelledby=\"accordion-control-7087\" aria-hidden=\"true\" id=\"content-7087\">\n\t\t\t\t\t<p><!-- wp:list --><\/p>\n<ul>\n<li style=\"list-style-type: none\">\n<ul><!-- wp:list-item --><\/p>\n<li>9.12.2019 Joulukonsertti &#8221;Taas on joulu&#8221; Maaningan kirkossa<\/li>\n<\/ul>\n<\/li>\n<\/ul>\n<p><!-- \/wp:list-item --> <!-- wp:list-item --><\/p>\n<ul>\n<li style=\"list-style-type: none\">\n<ul>\n<li>30.10.2019 Professoriliiton 50-vuotisjuhlaseminaari Snellmanialla<\/li>\n<\/ul>\n<\/li>\n<\/ul>\n<p><!-- \/wp:list-item --> <!-- wp:list-item --><\/p>\n<ul>\n<li style=\"list-style-type: none\">\n<ul>\n<li>5.10.2019 L\u00e4\u00e4ketieteen laitoksen valajuhla Snellmanialla<\/li>\n<\/ul>\n<\/li>\n<\/ul>\n<p><!-- \/wp:list-item --> <!-- wp:list-item --><\/p>\n<ul>\n<li style=\"list-style-type: none\">\n<ul>\n<li>20.9.2019 Hoitotieteen laitoksen 40-vuotisjuhla Canthialla<\/li>\n<\/ul>\n<\/li>\n<\/ul>\n<p><!-- \/wp:list-item --> <!-- wp:list-item --><\/p>\n<ul>\n<li style=\"list-style-type: none\">\n<ul>\n<li>14.5.2019 Kev\u00e4tkonsertti &#8221;Flavour of Sunshine&#8221; Kuopion tuomiokirkossa klo 18<\/li>\n<\/ul>\n<\/li>\n<\/ul>\n<p><!-- \/wp:list-item --><\/p>\n<p><!-- \/wp:list --><\/p>\n\t\t\t\t<\/div>\n\t\t\t<\/div>\n\t\t\t\t\t<div class=\"accordion accordion-js\">\n\t\t\t\t<button class=\"accordion__button\" aria-controls=\"content-513\" aria-expanded=\"false\" id=\"accordion-control-513\">\n\t\t\t\t\t<h3 class=\"accordion__heading\" >\n\t\t\t\t\t\t2018\t\t\t\t\t<\/h3>\n\t\t\t\t<\/button>\n\t\t\t\t<div class=\"accordion__content\" role=\"region\" aria-labelledby=\"accordion-control-513\" aria-hidden=\"true\" id=\"content-513\">\n\t\t\t\t\t<p><!-- wp:list --><\/p>\n<ul>\n<li style=\"list-style-type: none\">\n<ul><!-- wp:list-item --><\/p>\n<li>9.12.2018 Joulukonsertti &#8221;Loista joulut\u00e4hti&#8221; Puijon kirkossa klo 18<\/li>\n<\/ul>\n<\/li>\n<\/ul>\n<p><!-- \/wp:list-item --> <!-- wp:list-item --><\/p>\n<ul>\n<li style=\"list-style-type: none\">\n<ul>\n<li>14.11.2018 Sis\u00e4ilmapajan iltajuhla Kuopion kaupungintalolla<\/li>\n<\/ul>\n<\/li>\n<\/ul>\n<p><!-- \/wp:list-item --> <!-- wp:list-item --><\/p>\n<ul>\n<li style=\"list-style-type: none\">\n<ul>\n<li>21.9.2018 Professori Vuokko Niirasen juhlaseminaari<\/li>\n<\/ul>\n<\/li>\n<\/ul>\n<p><!-- \/wp:list-item --><\/p>\n<p><!-- \/wp:list --><\/p>\n\t\t\t\t<\/div>\n\t\t\t<\/div>\n\t\t\t\t\t<div class=\"accordion accordion-js\">\n\t\t\t\t<button class=\"accordion__button\" aria-controls=\"content-5175\" aria-expanded=\"false\" id=\"accordion-control-5175\">\n\t\t\t\t\t<h3 class=\"accordion__heading\" >\n\t\t\t\t\t\t2017\t\t\t\t\t<\/h3>\n\t\t\t\t<\/button>\n\t\t\t\t<div class=\"accordion__content\" role=\"region\" aria-labelledby=\"accordion-control-5175\" aria-hidden=\"true\" id=\"content-5175\">\n\t\t\t\t\t<p><!-- wp:list --><\/p>\n<ul>\n<li style=\"list-style-type: none\">\n<ul><!-- wp:list-item --><\/p>\n<li>16.12.2017 Joulukonsertti &#8221;Tulkoon joulu -100 vuotta suomalaisia joululauluja&#8221; Kuopion\u00a0 kaupungintalolla klo 16<\/li>\n<\/ul>\n<\/li>\n<\/ul>\n<p><!-- \/wp:list-item --> <!-- wp:list-item --><\/p>\n<ul>\n<li style=\"list-style-type: none\">\n<ul>\n<li>5.12.2017 Yliopiston henkil\u00f6kunnan itsen\u00e4isyysp\u00e4iv\u00e4n kahvitilaisuus<\/li>\n<\/ul>\n<\/li>\n<\/ul>\n<p><!-- \/wp:list-item --> <!-- wp:list-item --><\/p>\n<ul>\n<li style=\"list-style-type: none\">\n<ul>\n<li>7.10.2017 L\u00e4\u00e4ketieteen laitoksen valajuhla<\/li>\n<\/ul>\n<\/li>\n<\/ul>\n<p><!-- \/wp:list-item --> <!-- wp:list-item --><\/p>\n<ul>\n<li style=\"list-style-type: none\">\n<ul>\n<li>26.4.2017 Kev\u00e4tkonsertti &#8221;Finland, Finland, Finland!&#8221; Alavan kirkossa klo 18.30<\/li>\n<\/ul>\n<\/li>\n<\/ul>\n<ul>\n<li style=\"list-style-type: none\"><\/li>\n<\/ul>\n<p><!-- \/wp:list-item --><\/p>\n<p><!-- \/wp:list --><\/p>\n\t\t\t\t<\/div>\n\t\t\t<\/div>\n\t\t\t\t\t<div class=\"accordion accordion-js\">\n\t\t\t\t<button class=\"accordion__button\" aria-controls=\"content-1896\" aria-expanded=\"false\" id=\"accordion-control-1896\">\n\t\t\t\t\t<h3 class=\"accordion__heading\" >\n\t\t\t\t\t\t2016\t\t\t\t\t<\/h3>\n\t\t\t\t<\/button>\n\t\t\t\t<div class=\"accordion__content\" role=\"region\" aria-labelledby=\"accordion-control-1896\" aria-hidden=\"true\" id=\"content-1896\">\n\t\t\t\t\t<ul>\n<li style=\"list-style-type: none\">\n<ul>\n<li>16.12.2016\u00a0Joulukonsertti &#8221;O Holy Night&#8221; Kuopion Tuomiokirkossa klo 18<\/li>\n<\/ul>\n<\/li>\n<\/ul>\n<p><!-- \/wp:list-item --><\/p>\n<p><!-- \/wp:list --> <!-- wp:list --><\/p>\n<ul>\n<li style=\"list-style-type: none\">\n<ul><!-- wp:list-item --><\/p>\n<li>14.12.2016 ISYYn Gl\u00f6gi-ilta Lukemalla klo 16<\/li>\n<\/ul>\n<\/li>\n<\/ul>\n<p><!-- \/wp:list-item --> <!-- wp:list-item --><\/p>\n<ul>\n<li style=\"list-style-type: none\">\n<ul>\n<li>8.10.2016 L\u00e4\u00e4ketieteen laitoksen valajuhla<\/li>\n<\/ul>\n<\/li>\n<\/ul>\n<p><!-- \/wp:list-item --> <!-- wp:list-item --><\/p>\n<ul>\n<li style=\"list-style-type: none\">\n<ul>\n<li>8.9.2016 Lukuvuoden avajaiset Kuopion kampuksella sek\u00e4 Kampusrys\u00e4ys<\/li>\n<\/ul>\n<\/li>\n<\/ul>\n<p><!-- \/wp:list-item --> <!-- wp:list-item --><\/p>\n<ul>\n<li style=\"list-style-type: none\">\n<ul>\n<li>9.5.2016\u00a0Kev\u00e4tkonsertti &#8221;I Dreamed a Dream&#8221; Kuopion kaupungintalon juhlasalissa klo 18<\/li>\n<\/ul>\n<\/li>\n<\/ul>\n<p><!-- \/wp:list-item --> <!-- wp:list-item --><\/p>\n<ul>\n<li style=\"list-style-type: none\">\n<ul>\n<li>13.3.2016 Talvisodan p\u00e4\u00e4ttymisen muistokonsertti Kuopion Musiikkikeskuksessa klo 18<\/li>\n<\/ul>\n<\/li>\n<\/ul>\n\t\t\t\t<\/div>\n\t\t\t<\/div>\n\t\t\t\t\t<div class=\"accordion accordion-js\">\n\t\t\t\t<button class=\"accordion__button\" aria-controls=\"content-4514\" aria-expanded=\"false\" id=\"accordion-control-4514\">\n\t\t\t\t\t<h3 class=\"accordion__heading\" >\n\t\t\t\t\t\tVuosien varrelta\t\t\t\t\t<\/h3>\n\t\t\t\t<\/button>\n\t\t\t\t<div class=\"accordion__content\" role=\"region\" aria-labelledby=\"accordion-control-4514\" aria-hidden=\"true\" id=\"content-4514\">\n\t\t\t\t\t<p><!-- wp:list --><\/p>\n<ul>\n<li style=\"list-style-type: none\">\n<ul><!-- wp:list-item --><\/p>\n<li>Kuoro on konsertoinut mm. Kuopion yliopiston Suuressa Luentosalissa, Neulam\u00e4en kirkossa, Kaavin kirkossa, Puijon kirkossa, Siilinj\u00e4rven kirkossa, M\u00e4nnist\u00f6n Pyh\u00e4n Johanneksen kirkossa ja Alavan kirkossa.<\/li>\n<\/ul>\n<\/li>\n<\/ul>\n<p><!-- \/wp:list-item --> <!-- wp:list-item --><\/p>\n<ul>\n<li style=\"list-style-type: none\">\n<ul>\n<li>Vuosien 1998 ja 1999 joulukonserteissa, sek\u00e4 uudelleen Hanna Salmisen johtamana vuonna 2003, esitettiin D. Buxtehuden\u00a0<em>Das neugeborne Kinderlein<\/em>\u00a0-teos soittajien kanssa.<\/li>\n<\/ul>\n<\/li>\n<\/ul>\n<p><!-- \/wp:list-item --> <!-- wp:list-item --><\/p>\n<ul>\n<li style=\"list-style-type: none\">\n<ul>\n<li>Kuoro on j\u00e4rjest\u00e4nyt joka vuosi joulu- ja kev\u00e4tkonsertin sek\u00e4 esiintynyt yliopiston avajaisissa ja vuosip\u00e4iv\u00e4juhlissa. Lis\u00e4ksi kuoro on esiintynyt mm. KOPIS:n 100-vuotisjuhlissa kev\u00e4\u00e4ll\u00e4 1992 ja Kuopion sairaalalaitoksen 200-vuotisjuhlassa 25.5.1994.<\/li>\n<\/ul>\n<\/li>\n<\/ul>\n<p><!-- \/wp:list-item --> <!-- wp:list-item --><\/p>\n<ul>\n<li style=\"list-style-type: none\">\n<ul>\n<li>Kuoron 5-vuotiskonsertissa 9.5.1995 kaikki kolme siihen astista kuoronjohtajaa johtivat osan ohjelmistosta.<\/li>\n<\/ul>\n<\/li>\n<\/ul>\n<p><!-- \/wp:list-item --> <!-- wp:list-item --><\/p>\n<ul>\n<li style=\"list-style-type: none\">\n<ul>\n<li>Er\u00e4s kuoron suurimmista projekteista oli Kirsi M\u00e4en kuoronjohtotutkintokonsertissa 24.4.1997 esitetyt 3 kirkkomusiikkiteosta, jotka toteutettiin yhteisty\u00f6ss\u00e4 Sibelius-Akatemian Kuopion osaston kamarikuoron ja Kuopion konservatorion kamariorkesterin kanssa:<!-- wp:list -->\n<ul>\n<li style=\"list-style-type: none\">\n<ul><!-- wp:list-item --><\/p>\n<li><em>Der zweiundzwanzigste Psalm<\/em>,<\/li>\n<\/ul>\n<\/li>\n<\/ul>\n<p><!-- \/wp:list-item --> <!-- wp:list-item --><\/p>\n<ul>\n<li style=\"list-style-type: none\">\n<ul>\n<li>William Byrdin\u00a0<em>Sing Joyfully\u00a0<\/em>ja<\/li>\n<\/ul>\n<\/li>\n<\/ul>\n<p><!-- \/wp:list-item --> <!-- wp:list-item --><\/p>\n<ul>\n<li style=\"list-style-type: none\">\n<ul>\n<li>Thomas Weelkesin\u00a0<em>When David Heard<\/em>.<\/li>\n<\/ul>\n<\/li>\n<\/ul>\n<p><!-- \/wp:list-item --><\/p>\n<p><!-- \/wp:list --><\/li>\n<\/ul>\n<\/li>\n<\/ul>\n<p><!-- \/wp:list-item --> <!-- wp:list-item --><\/p>\n<ul>\n<li style=\"list-style-type: none\">\n<ul>\n<li>\u00a010-vuotisjuhlakonsertti pidettiin 26.4.1999 Kuopion kaupungintalon juhlasalissa.<\/li>\n<\/ul>\n<\/li>\n<\/ul>\n<p><!-- \/wp:list-item --> <!-- wp:list-item --><\/p>\n<ul>\n<li style=\"list-style-type: none\">\n<ul>\n<li>Kuoron ohjelmistossa on ollut my\u00f6s mm. seuraavia teoksia<!-- wp:list -->\n<ul>\n<li style=\"list-style-type: none\">\n<ul><!-- wp:list-item --><\/p>\n<li>Juice Leskinen:\u00a0<em>Poppeli on puu<\/em><\/li>\n<\/ul>\n<\/li>\n<\/ul>\n<p><!-- \/wp:list-item --> <!-- wp:list-item --><\/p>\n<ul>\n<li style=\"list-style-type: none\">\n<ul>\n<li>Einojuhani Rautavaara:\u00a0<em>Puusep\u00e4n poika<\/em><\/li>\n<\/ul>\n<\/li>\n<\/ul>\n<p><!-- \/wp:list-item --> <!-- wp:list-item --><\/p>\n<ul>\n<li style=\"list-style-type: none\">\n<ul>\n<li>B.Britten:\u00a0<em>Missa Brevis D, op. 63<\/em><\/li>\n<\/ul>\n<\/li>\n<\/ul>\n<p><!-- \/wp:list-item --> <!-- wp:list-item --><\/p>\n<ul>\n<li style=\"list-style-type: none\">\n<ul>\n<li>ABBA:\u00a0<em>Money, money, money<\/em><\/li>\n<\/ul>\n<\/li>\n<\/ul>\n<p><!-- \/wp:list-item --> <!-- wp:list-item --><\/p>\n<ul>\n<li style=\"list-style-type: none\">\n<ul>\n<li>Unto Mononen:\u00a0<em>Satumaa<\/em><\/li>\n<\/ul>\n<\/li>\n<\/ul>\n<p><!-- \/wp:list-item --><\/p>\n<p><!-- \/wp:list --><\/li>\n<\/ul>\n<\/li>\n<\/ul>\n<p><!-- \/wp:list-item --> <!-- wp:list-item --><\/p>\n<ul>\n<li style=\"list-style-type: none\">\n<ul>\n<li>Anne-Christine Ekrothin ohjelmavalinnat ovat olleet omaleimaisia ja rohkeitakin: naiskuoro muistetaan kaudelta 2005 mm. teoksista\u00a0<em>Kriivari ja neito<\/em>\u00a0(Jaakko M\u00e4ntyj\u00e4rvi) ja\u00a0<em>Sapfo<\/em>-sarja (Markku Kilpi\u00f6). Kuoro on my\u00f6s kantaesitt\u00e4nyt Ekrothin omia sovituksia.<\/li>\n<\/ul>\n<\/li>\n<\/ul>\n<p><!-- \/wp:list-item --> <!-- wp:list-item --><\/p>\n<ul>\n<li style=\"list-style-type: none\">\n<ul>\n<li>Kamarikuoron kanssa kuoronjohtotutkinnon ovat suorittaneet Hanna Salminen, Sanna Ketola ja Kirsi M\u00e4ki.<\/li>\n<\/ul>\n<\/li>\n<\/ul>\n<p><!-- \/wp:list-item --><\/p>\n<p><!-- \/wp:list --><\/p>\n\t\t\t\t<\/div>\n\t\t\t<\/div>\n\t\t\t<\/div>\n\t","protected":false},"excerpt":{"rendered":"","protected":false},"author":1138,"featured_media":0,"parent":0,"menu_order":0,"comment_status":"closed","ping_status":"closed","template":"","meta":{"_acf_changed":false,"footnotes":""},"class_list":["post-364","page","type-page","status-publish","hentry"],"acf":[],"yoast_head":"<!-- This site is optimized with the Yoast SEO plugin v27.1.1 - https:\/\/yoast.com\/product\/yoast-seo-wordpress\/ -->\n<title>Esiintymisi\u00e4 - UEF Kuopion Ylioppilaskuoro<\/title>\n<meta name=\"description\" content=\"Kuoromme esiintyy aktiivisesti j\u00e4rjest\u00e4en omia konsertteja ja tempauksia sek\u00e4 esiintym\u00e4ll\u00e4 tilauksesta pikkujouluista tohtoripromootioihin.\" \/>\n<meta name=\"robots\" content=\"index, follow, max-snippet:-1, max-image-preview:large, max-video-preview:-1\" \/>\n<link rel=\"canonical\" href=\"https:\/\/sites.uef.fi\/kuopionylioppilaskuoro\/esiintymisia\/\" \/>\n<meta property=\"og:locale\" content=\"fi_FI\" \/>\n<meta property=\"og:type\" content=\"article\" \/>\n<meta property=\"og:title\" content=\"Esiintymisi\u00e4 - UEF Kuopion Ylioppilaskuoro\" \/>\n<meta property=\"og:description\" content=\"Kuoromme esiintyy aktiivisesti j\u00e4rjest\u00e4en omia konsertteja ja tempauksia sek\u00e4 esiintym\u00e4ll\u00e4 tilauksesta pikkujouluista tohtoripromootioihin.\" \/>\n<meta property=\"og:url\" content=\"https:\/\/sites.uef.fi\/kuopionylioppilaskuoro\/esiintymisia\/\" \/>\n<meta property=\"og:site_name\" content=\"UEF Kuopion Ylioppilaskuoro\" \/>\n<meta property=\"article:modified_time\" content=\"2024-12-31T09:46:03+00:00\" \/>\n<meta name=\"twitter:card\" content=\"summary_large_image\" \/>\n<script type=\"application\/ld+json\" class=\"yoast-schema-graph\">{\"@context\":\"https:\/\/schema.org\",\"@graph\":[{\"@type\":\"WebPage\",\"@id\":\"https:\/\/sites.uef.fi\/kuopionylioppilaskuoro\/esiintymisia\/\",\"url\":\"https:\/\/sites.uef.fi\/kuopionylioppilaskuoro\/esiintymisia\/\",\"name\":\"Esiintymisi\u00e4 - UEF Kuopion Ylioppilaskuoro\",\"isPartOf\":{\"@id\":\"https:\/\/sites.uef.fi\/kuopionylioppilaskuoro\/#website\"},\"datePublished\":\"2023-09-14T14:07:40+00:00\",\"dateModified\":\"2024-12-31T09:46:03+00:00\",\"description\":\"Kuoromme esiintyy aktiivisesti j\u00e4rjest\u00e4en omia konsertteja ja tempauksia sek\u00e4 esiintym\u00e4ll\u00e4 tilauksesta pikkujouluista tohtoripromootioihin.\",\"breadcrumb\":{\"@id\":\"https:\/\/sites.uef.fi\/kuopionylioppilaskuoro\/esiintymisia\/#breadcrumb\"},\"inLanguage\":\"fi\",\"potentialAction\":[{\"@type\":\"ReadAction\",\"target\":[\"https:\/\/sites.uef.fi\/kuopionylioppilaskuoro\/esiintymisia\/\"]}]},{\"@type\":\"BreadcrumbList\",\"@id\":\"https:\/\/sites.uef.fi\/kuopionylioppilaskuoro\/esiintymisia\/#breadcrumb\",\"itemListElement\":[{\"@type\":\"ListItem\",\"position\":1,\"name\":\"Home\",\"item\":\"https:\/\/sites.uef.fi\/kuopionylioppilaskuoro\/\"},{\"@type\":\"ListItem\",\"position\":2,\"name\":\"Esiintymisi\u00e4\"}]},{\"@type\":\"WebSite\",\"@id\":\"https:\/\/sites.uef.fi\/kuopionylioppilaskuoro\/#website\",\"url\":\"https:\/\/sites.uef.fi\/kuopionylioppilaskuoro\/\",\"name\":\"UEF Kuopion Ylioppilaskuoro\",\"description\":\"\",\"potentialAction\":[{\"@type\":\"SearchAction\",\"target\":{\"@type\":\"EntryPoint\",\"urlTemplate\":\"https:\/\/sites.uef.fi\/kuopionylioppilaskuoro\/?s={search_term_string}\"},\"query-input\":{\"@type\":\"PropertyValueSpecification\",\"valueRequired\":true,\"valueName\":\"search_term_string\"}}],\"inLanguage\":\"fi\"}]}<\/script>\n<!-- \/ Yoast SEO plugin. -->","yoast_head_json":{"title":"Esiintymisi\u00e4 - UEF Kuopion Ylioppilaskuoro","description":"Kuoromme esiintyy aktiivisesti j\u00e4rjest\u00e4en omia konsertteja ja tempauksia sek\u00e4 esiintym\u00e4ll\u00e4 tilauksesta pikkujouluista tohtoripromootioihin.","robots":{"index":"index","follow":"follow","max-snippet":"max-snippet:-1","max-image-preview":"max-image-preview:large","max-video-preview":"max-video-preview:-1"},"canonical":"https:\/\/sites.uef.fi\/kuopionylioppilaskuoro\/esiintymisia\/","og_locale":"fi_FI","og_type":"article","og_title":"Esiintymisi\u00e4 - UEF Kuopion Ylioppilaskuoro","og_description":"Kuoromme esiintyy aktiivisesti j\u00e4rjest\u00e4en omia konsertteja ja tempauksia sek\u00e4 esiintym\u00e4ll\u00e4 tilauksesta pikkujouluista tohtoripromootioihin.","og_url":"https:\/\/sites.uef.fi\/kuopionylioppilaskuoro\/esiintymisia\/","og_site_name":"UEF Kuopion Ylioppilaskuoro","article_modified_time":"2024-12-31T09:46:03+00:00","twitter_card":"summary_large_image","schema":{"@context":"https:\/\/schema.org","@graph":[{"@type":"WebPage","@id":"https:\/\/sites.uef.fi\/kuopionylioppilaskuoro\/esiintymisia\/","url":"https:\/\/sites.uef.fi\/kuopionylioppilaskuoro\/esiintymisia\/","name":"Esiintymisi\u00e4 - UEF Kuopion Ylioppilaskuoro","isPartOf":{"@id":"https:\/\/sites.uef.fi\/kuopionylioppilaskuoro\/#website"},"datePublished":"2023-09-14T14:07:40+00:00","dateModified":"2024-12-31T09:46:03+00:00","description":"Kuoromme esiintyy aktiivisesti j\u00e4rjest\u00e4en omia konsertteja ja tempauksia sek\u00e4 esiintym\u00e4ll\u00e4 tilauksesta pikkujouluista tohtoripromootioihin.","breadcrumb":{"@id":"https:\/\/sites.uef.fi\/kuopionylioppilaskuoro\/esiintymisia\/#breadcrumb"},"inLanguage":"fi","potentialAction":[{"@type":"ReadAction","target":["https:\/\/sites.uef.fi\/kuopionylioppilaskuoro\/esiintymisia\/"]}]},{"@type":"BreadcrumbList","@id":"https:\/\/sites.uef.fi\/kuopionylioppilaskuoro\/esiintymisia\/#breadcrumb","itemListElement":[{"@type":"ListItem","position":1,"name":"Home","item":"https:\/\/sites.uef.fi\/kuopionylioppilaskuoro\/"},{"@type":"ListItem","position":2,"name":"Esiintymisi\u00e4"}]},{"@type":"WebSite","@id":"https:\/\/sites.uef.fi\/kuopionylioppilaskuoro\/#website","url":"https:\/\/sites.uef.fi\/kuopionylioppilaskuoro\/","name":"UEF Kuopion Ylioppilaskuoro","description":"","potentialAction":[{"@type":"SearchAction","target":{"@type":"EntryPoint","urlTemplate":"https:\/\/sites.uef.fi\/kuopionylioppilaskuoro\/?s={search_term_string}"},"query-input":{"@type":"PropertyValueSpecification","valueRequired":true,"valueName":"search_term_string"}}],"inLanguage":"fi"}]}},"_links":{"self":[{"href":"https:\/\/sites.uef.fi\/kuopionylioppilaskuoro\/wp-json\/wp\/v2\/pages\/364","targetHints":{"allow":["GET"]}}],"collection":[{"href":"https:\/\/sites.uef.fi\/kuopionylioppilaskuoro\/wp-json\/wp\/v2\/pages"}],"about":[{"href":"https:\/\/sites.uef.fi\/kuopionylioppilaskuoro\/wp-json\/wp\/v2\/types\/page"}],"author":[{"embeddable":true,"href":"https:\/\/sites.uef.fi\/kuopionylioppilaskuoro\/wp-json\/wp\/v2\/users\/1138"}],"replies":[{"embeddable":true,"href":"https:\/\/sites.uef.fi\/kuopionylioppilaskuoro\/wp-json\/wp\/v2\/comments?post=364"}],"version-history":[{"count":1,"href":"https:\/\/sites.uef.fi\/kuopionylioppilaskuoro\/wp-json\/wp\/v2\/pages\/364\/revisions"}],"predecessor-version":[{"id":3997,"href":"https:\/\/sites.uef.fi\/kuopionylioppilaskuoro\/wp-json\/wp\/v2\/pages\/364\/revisions\/3997"}],"wp:attachment":[{"href":"https:\/\/sites.uef.fi\/kuopionylioppilaskuoro\/wp-json\/wp\/v2\/media?parent=364"}],"curies":[{"name":"wp","href":"https:\/\/api.w.org\/{rel}","templated":true}]}}