{"id":97,"date":"2023-08-23T18:35:07","date_gmt":"2023-08-23T15:35:07","guid":{"rendered":"https:\/\/sites.uef.fi\/kuopionylioppilaskuoro\/?page_id=97"},"modified":"2023-08-31T22:32:13","modified_gmt":"2023-08-31T19:32:13","slug":"haluatko-meidat-keikalle","status":"publish","type":"page","link":"https:\/\/sites.uef.fi\/kuopionylioppilaskuoro\/haluatko-meidat-keikalle\/","title":{"rendered":"Haluatko meid\u00e4t keikalle?"},"content":{"rendered":"\n<p>Tarvitsetteko esiintyj\u00e4\u00e4 juhlaan tai tapahtumaan? UEF Kuopion ylioppilaskuoro on esiintynyt&nbsp;monissa erilaisissa tilaisuuksissa&nbsp;vuosien aikana, esimerkiksi v\u00e4it\u00f6skaronkoissa, syntym\u00e4p\u00e4ivill\u00e4, vuosijuhlissa ja pikkujouluissa. Lue lis\u00e4\u00e4 aiemmista esiintymisist\u00e4mme <a href=\"https:\/\/sites.uef.fi\/kuopionylioppilaskuoro\/esiintymisia\/\" target=\"_blank\" rel=\"noreferrer noopener\">t\u00e4\u00e4lt\u00e4<\/a>!<\/p>\n\n\n\n<p>Ohjelmistoomme kuuluu sek\u00e4 kevyemp\u00e4\u00e4 ett\u00e4 vakavampaa musiikkia niin kotimaasta kuin ulkomailtakin ja lis\u00e4ksi voimme r\u00e4\u00e4t\u00e4l\u00f6id\u00e4 ohjelmistoa toiveidenne mukaisesti. My\u00f6s kuoromme kokoonpano on r\u00e4\u00e4t\u00e4l\u00f6it\u00e4viss\u00e4 kvartetista yl\u00f6sp\u00e4in. Ottakaa siis meihin yhteytt\u00e4, niin j\u00e4rjestet\u00e4\u00e4n yhdess\u00e4 juuri teid\u00e4n tilaisuuteenne sopiva kokonaisuus!<\/p>\n\n\n\t<div id=\"yhteystiedot\" class=\"accordions\">\n\t\t\t\t\t<div class=\"accordion accordion-js\">\n\t\t\t\t<button class=\"accordion__button\" aria-controls=\"content-1440\" aria-expanded=\"false\" id=\"accordion-control-1440\">\n\t\t\t\t\t<h3 class=\"accordion__heading\" >\n\t\t\t\t\t\tYhteystiedot\t\t\t\t\t<\/h3>\n\t\t\t\t<\/button>\n\t\t\t\t<div class=\"accordion__content\" role=\"region\" aria-labelledby=\"accordion-control-1440\" aria-hidden=\"true\" id=\"content-1440\">\n\t\t\t\t\t<p>Keikkatarjouspyynn\u00f6t sek\u00e4 -yhteydenotot s\u00e4hk\u00f6postitse osoitteeseen <a href=\"mailto:yo-kuoro@student.uef.fi\"><strong>yo-kuoro@student.uef.fi<\/strong><\/a><\/p>\n<p>Laskutusosoite:<\/p>\n<p>UEF Kuopion ylioppilaskuoro ry<\/p>\n<p>c\/o Yliopistonranta 15<\/p>\n<p>PL 1627<\/p>\n<p>70211 KUOPIO Suomi<\/p>\n<p>Y-tunnus: 1516113-0<\/p>\n\t\t\t\t<\/div>\n\t\t\t<\/div>\n\t\t\t<\/div>\n\t\n\n\n<figure class=\"wp-block-image size-full is-style-default\"><img loading=\"lazy\" decoding=\"async\" width=\"800\" height=\"147\" src=\"https:\/\/sites.uef.fi\/kuopionylioppilaskuoro\/wp-content\/uploads\/sites\/92\/2023\/02\/Yo-kuoro_logo_valkea_banner.png\" alt=\"\" class=\"wp-image-2116\" title=\"Logo\" srcset=\"https:\/\/sites.uef.fi\/kuopionylioppilaskuoro\/wp-content\/uploads\/sites\/92\/2023\/02\/Yo-kuoro_logo_valkea_banner.png 800w, https:\/\/sites.uef.fi\/kuopionylioppilaskuoro\/wp-content\/uploads\/sites\/92\/2023\/02\/Yo-kuoro_logo_valkea_banner-300x55.png 300w, https:\/\/sites.uef.fi\/kuopionylioppilaskuoro\/wp-content\/uploads\/sites\/92\/2023\/02\/Yo-kuoro_logo_valkea_banner-768x141.png 768w\" sizes=\"auto, (max-width: 800px) 100vw, 800px\" \/><\/figure>\n","protected":false},"excerpt":{"rendered":"<p>Tarvitsetteko esiintyj\u00e4\u00e4 juhlaan tai tapahtumaan? UEF Kuopion ylioppilaskuoro on esiintynyt&nbsp;monissa erilaisissa tilaisuuksissa&nbsp;vuosien aikana, esimerkiksi v\u00e4it\u00f6skaronkoissa, syntym\u00e4p\u00e4ivill\u00e4, vuosijuhlissa ja pikkujouluissa. Lue lis\u00e4\u00e4 aiemmista esiintymisist\u00e4mme t\u00e4\u00e4lt\u00e4! Ohjelmistoomme kuuluu sek\u00e4 kevyemp\u00e4\u00e4 ett\u00e4 vakavampaa musiikkia niin kotimaasta kuin ulkomailtakin ja lis\u00e4ksi voimme r\u00e4\u00e4t\u00e4l\u00f6id\u00e4 ohjelmistoa toiveidenne mukaisesti. My\u00f6s kuoromme kokoonpano on r\u00e4\u00e4t\u00e4l\u00f6it\u00e4viss\u00e4 kvartetista yl\u00f6sp\u00e4in. Ottakaa siis meihin yhteytt\u00e4, niin j\u00e4rjestet\u00e4\u00e4n [&hellip;]<\/p>\n","protected":false},"author":943,"featured_media":2449,"parent":0,"menu_order":5,"comment_status":"closed","ping_status":"closed","template":"","meta":{"_acf_changed":false,"footnotes":""},"class_list":["post-97","page","type-page","status-publish","has-post-thumbnail","hentry"],"acf":[],"yoast_head":"<!-- This site is optimized with the Yoast SEO plugin v27.1.1 - https:\/\/yoast.com\/product\/yoast-seo-wordpress\/ -->\n<title>Haluatko meid\u00e4t keikalle? - UEF Kuopion Ylioppilaskuoro<\/title>\n<meta name=\"description\" content=\"Ohjelmistoomme kuuluu sek\u00e4 kevyemp\u00e4\u00e4 ett\u00e4 vakavampaa musiikkia niin kotimaasta kuin ulkomailtakin ja lis\u00e4ksi voimme r\u00e4\u00e4t\u00e4l\u00f6id\u00e4 ohjelmistoa toiveidenne mukaisesti\" \/>\n<meta name=\"robots\" content=\"index, follow, max-snippet:-1, max-image-preview:large, max-video-preview:-1\" \/>\n<link rel=\"canonical\" href=\"https:\/\/sites.uef.fi\/kuopionylioppilaskuoro\/haluatko-meidat-keikalle\/\" \/>\n<meta property=\"og:locale\" content=\"fi_FI\" \/>\n<meta property=\"og:type\" content=\"article\" \/>\n<meta property=\"og:title\" content=\"Haluatko meid\u00e4t keikalle? - UEF Kuopion Ylioppilaskuoro\" \/>\n<meta property=\"og:description\" content=\"Ohjelmistoomme kuuluu sek\u00e4 kevyemp\u00e4\u00e4 ett\u00e4 vakavampaa musiikkia niin kotimaasta kuin ulkomailtakin ja lis\u00e4ksi voimme r\u00e4\u00e4t\u00e4l\u00f6id\u00e4 ohjelmistoa toiveidenne mukaisesti\" \/>\n<meta property=\"og:url\" content=\"https:\/\/sites.uef.fi\/kuopionylioppilaskuoro\/haluatko-meidat-keikalle\/\" \/>\n<meta property=\"og:site_name\" content=\"UEF Kuopion Ylioppilaskuoro\" \/>\n<meta property=\"article:modified_time\" content=\"2023-08-31T19:32:13+00:00\" \/>\n<meta property=\"og:image\" content=\"https:\/\/sites.uef.fi\/kuopionylioppilaskuoro\/wp-content\/uploads\/sites\/92\/2023\/06\/logo_tumma_pohja_nelio.png\" \/>\n\t<meta property=\"og:image:width\" content=\"2152\" \/>\n\t<meta property=\"og:image:height\" content=\"2152\" \/>\n\t<meta property=\"og:image:type\" content=\"image\/png\" \/>\n<meta name=\"twitter:card\" content=\"summary_large_image\" \/>\n<meta name=\"twitter:label1\" content=\"Arvioitu lukuaika\" \/>\n\t<meta name=\"twitter:data1\" content=\"1 minuutti\" \/>\n<script type=\"application\/ld+json\" class=\"yoast-schema-graph\">{\"@context\":\"https:\/\/schema.org\",\"@graph\":[{\"@type\":\"WebPage\",\"@id\":\"https:\/\/sites.uef.fi\/kuopionylioppilaskuoro\/haluatko-meidat-keikalle\/\",\"url\":\"https:\/\/sites.uef.fi\/kuopionylioppilaskuoro\/haluatko-meidat-keikalle\/\",\"name\":\"Haluatko meid\u00e4t keikalle? - UEF Kuopion Ylioppilaskuoro\",\"isPartOf\":{\"@id\":\"https:\/\/sites.uef.fi\/kuopionylioppilaskuoro\/#website\"},\"primaryImageOfPage\":{\"@id\":\"https:\/\/sites.uef.fi\/kuopionylioppilaskuoro\/haluatko-meidat-keikalle\/#primaryimage\"},\"image\":{\"@id\":\"https:\/\/sites.uef.fi\/kuopionylioppilaskuoro\/haluatko-meidat-keikalle\/#primaryimage\"},\"thumbnailUrl\":\"https:\/\/sites.uef.fi\/kuopionylioppilaskuoro\/wp-content\/uploads\/sites\/92\/2023\/06\/logo_tumma_pohja_nelio.png\",\"datePublished\":\"2023-08-23T15:35:07+00:00\",\"dateModified\":\"2023-08-31T19:32:13+00:00\",\"description\":\"Ohjelmistoomme kuuluu sek\u00e4 kevyemp\u00e4\u00e4 ett\u00e4 vakavampaa musiikkia niin kotimaasta kuin ulkomailtakin ja lis\u00e4ksi voimme r\u00e4\u00e4t\u00e4l\u00f6id\u00e4 ohjelmistoa toiveidenne mukaisesti\",\"breadcrumb\":{\"@id\":\"https:\/\/sites.uef.fi\/kuopionylioppilaskuoro\/haluatko-meidat-keikalle\/#breadcrumb\"},\"inLanguage\":\"fi\",\"potentialAction\":[{\"@type\":\"ReadAction\",\"target\":[\"https:\/\/sites.uef.fi\/kuopionylioppilaskuoro\/haluatko-meidat-keikalle\/\"]}]},{\"@type\":\"ImageObject\",\"inLanguage\":\"fi\",\"@id\":\"https:\/\/sites.uef.fi\/kuopionylioppilaskuoro\/haluatko-meidat-keikalle\/#primaryimage\",\"url\":\"https:\/\/sites.uef.fi\/kuopionylioppilaskuoro\/wp-content\/uploads\/sites\/92\/2023\/06\/logo_tumma_pohja_nelio.png\",\"contentUrl\":\"https:\/\/sites.uef.fi\/kuopionylioppilaskuoro\/wp-content\/uploads\/sites\/92\/2023\/06\/logo_tumma_pohja_nelio.png\",\"width\":2152,\"height\":2152},{\"@type\":\"BreadcrumbList\",\"@id\":\"https:\/\/sites.uef.fi\/kuopionylioppilaskuoro\/haluatko-meidat-keikalle\/#breadcrumb\",\"itemListElement\":[{\"@type\":\"ListItem\",\"position\":1,\"name\":\"Home\",\"item\":\"https:\/\/sites.uef.fi\/kuopionylioppilaskuoro\/\"},{\"@type\":\"ListItem\",\"position\":2,\"name\":\"Haluatko meid\u00e4t keikalle?\"}]},{\"@type\":\"WebSite\",\"@id\":\"https:\/\/sites.uef.fi\/kuopionylioppilaskuoro\/#website\",\"url\":\"https:\/\/sites.uef.fi\/kuopionylioppilaskuoro\/\",\"name\":\"UEF Kuopion Ylioppilaskuoro\",\"description\":\"\",\"potentialAction\":[{\"@type\":\"SearchAction\",\"target\":{\"@type\":\"EntryPoint\",\"urlTemplate\":\"https:\/\/sites.uef.fi\/kuopionylioppilaskuoro\/?s={search_term_string}\"},\"query-input\":{\"@type\":\"PropertyValueSpecification\",\"valueRequired\":true,\"valueName\":\"search_term_string\"}}],\"inLanguage\":\"fi\"}]}<\/script>\n<!-- \/ Yoast SEO plugin. -->","yoast_head_json":{"title":"Haluatko meid\u00e4t keikalle? - UEF Kuopion Ylioppilaskuoro","description":"Ohjelmistoomme kuuluu sek\u00e4 kevyemp\u00e4\u00e4 ett\u00e4 vakavampaa musiikkia niin kotimaasta kuin ulkomailtakin ja lis\u00e4ksi voimme r\u00e4\u00e4t\u00e4l\u00f6id\u00e4 ohjelmistoa toiveidenne mukaisesti","robots":{"index":"index","follow":"follow","max-snippet":"max-snippet:-1","max-image-preview":"max-image-preview:large","max-video-preview":"max-video-preview:-1"},"canonical":"https:\/\/sites.uef.fi\/kuopionylioppilaskuoro\/haluatko-meidat-keikalle\/","og_locale":"fi_FI","og_type":"article","og_title":"Haluatko meid\u00e4t keikalle? - UEF Kuopion Ylioppilaskuoro","og_description":"Ohjelmistoomme kuuluu sek\u00e4 kevyemp\u00e4\u00e4 ett\u00e4 vakavampaa musiikkia niin kotimaasta kuin ulkomailtakin ja lis\u00e4ksi voimme r\u00e4\u00e4t\u00e4l\u00f6id\u00e4 ohjelmistoa toiveidenne mukaisesti","og_url":"https:\/\/sites.uef.fi\/kuopionylioppilaskuoro\/haluatko-meidat-keikalle\/","og_site_name":"UEF Kuopion Ylioppilaskuoro","article_modified_time":"2023-08-31T19:32:13+00:00","og_image":[{"width":2152,"height":2152,"url":"https:\/\/sites.uef.fi\/kuopionylioppilaskuoro\/wp-content\/uploads\/sites\/92\/2023\/06\/logo_tumma_pohja_nelio.png","type":"image\/png"}],"twitter_card":"summary_large_image","twitter_misc":{"Arvioitu lukuaika":"1 minuutti"},"schema":{"@context":"https:\/\/schema.org","@graph":[{"@type":"WebPage","@id":"https:\/\/sites.uef.fi\/kuopionylioppilaskuoro\/haluatko-meidat-keikalle\/","url":"https:\/\/sites.uef.fi\/kuopionylioppilaskuoro\/haluatko-meidat-keikalle\/","name":"Haluatko meid\u00e4t keikalle? - UEF Kuopion Ylioppilaskuoro","isPartOf":{"@id":"https:\/\/sites.uef.fi\/kuopionylioppilaskuoro\/#website"},"primaryImageOfPage":{"@id":"https:\/\/sites.uef.fi\/kuopionylioppilaskuoro\/haluatko-meidat-keikalle\/#primaryimage"},"image":{"@id":"https:\/\/sites.uef.fi\/kuopionylioppilaskuoro\/haluatko-meidat-keikalle\/#primaryimage"},"thumbnailUrl":"https:\/\/sites.uef.fi\/kuopionylioppilaskuoro\/wp-content\/uploads\/sites\/92\/2023\/06\/logo_tumma_pohja_nelio.png","datePublished":"2023-08-23T15:35:07+00:00","dateModified":"2023-08-31T19:32:13+00:00","description":"Ohjelmistoomme kuuluu sek\u00e4 kevyemp\u00e4\u00e4 ett\u00e4 vakavampaa musiikkia niin kotimaasta kuin ulkomailtakin ja lis\u00e4ksi voimme r\u00e4\u00e4t\u00e4l\u00f6id\u00e4 ohjelmistoa toiveidenne mukaisesti","breadcrumb":{"@id":"https:\/\/sites.uef.fi\/kuopionylioppilaskuoro\/haluatko-meidat-keikalle\/#breadcrumb"},"inLanguage":"fi","potentialAction":[{"@type":"ReadAction","target":["https:\/\/sites.uef.fi\/kuopionylioppilaskuoro\/haluatko-meidat-keikalle\/"]}]},{"@type":"ImageObject","inLanguage":"fi","@id":"https:\/\/sites.uef.fi\/kuopionylioppilaskuoro\/haluatko-meidat-keikalle\/#primaryimage","url":"https:\/\/sites.uef.fi\/kuopionylioppilaskuoro\/wp-content\/uploads\/sites\/92\/2023\/06\/logo_tumma_pohja_nelio.png","contentUrl":"https:\/\/sites.uef.fi\/kuopionylioppilaskuoro\/wp-content\/uploads\/sites\/92\/2023\/06\/logo_tumma_pohja_nelio.png","width":2152,"height":2152},{"@type":"BreadcrumbList","@id":"https:\/\/sites.uef.fi\/kuopionylioppilaskuoro\/haluatko-meidat-keikalle\/#breadcrumb","itemListElement":[{"@type":"ListItem","position":1,"name":"Home","item":"https:\/\/sites.uef.fi\/kuopionylioppilaskuoro\/"},{"@type":"ListItem","position":2,"name":"Haluatko meid\u00e4t keikalle?"}]},{"@type":"WebSite","@id":"https:\/\/sites.uef.fi\/kuopionylioppilaskuoro\/#website","url":"https:\/\/sites.uef.fi\/kuopionylioppilaskuoro\/","name":"UEF Kuopion Ylioppilaskuoro","description":"","potentialAction":[{"@type":"SearchAction","target":{"@type":"EntryPoint","urlTemplate":"https:\/\/sites.uef.fi\/kuopionylioppilaskuoro\/?s={search_term_string}"},"query-input":{"@type":"PropertyValueSpecification","valueRequired":true,"valueName":"search_term_string"}}],"inLanguage":"fi"}]}},"_links":{"self":[{"href":"https:\/\/sites.uef.fi\/kuopionylioppilaskuoro\/wp-json\/wp\/v2\/pages\/97","targetHints":{"allow":["GET"]}}],"collection":[{"href":"https:\/\/sites.uef.fi\/kuopionylioppilaskuoro\/wp-json\/wp\/v2\/pages"}],"about":[{"href":"https:\/\/sites.uef.fi\/kuopionylioppilaskuoro\/wp-json\/wp\/v2\/types\/page"}],"author":[{"embeddable":true,"href":"https:\/\/sites.uef.fi\/kuopionylioppilaskuoro\/wp-json\/wp\/v2\/users\/943"}],"replies":[{"embeddable":true,"href":"https:\/\/sites.uef.fi\/kuopionylioppilaskuoro\/wp-json\/wp\/v2\/comments?post=97"}],"version-history":[{"count":2,"href":"https:\/\/sites.uef.fi\/kuopionylioppilaskuoro\/wp-json\/wp\/v2\/pages\/97\/revisions"}],"predecessor-version":[{"id":3386,"href":"https:\/\/sites.uef.fi\/kuopionylioppilaskuoro\/wp-json\/wp\/v2\/pages\/97\/revisions\/3386"}],"wp:featuredmedia":[{"embeddable":true,"href":"https:\/\/sites.uef.fi\/kuopionylioppilaskuoro\/wp-json\/wp\/v2\/media\/2449"}],"wp:attachment":[{"href":"https:\/\/sites.uef.fi\/kuopionylioppilaskuoro\/wp-json\/wp\/v2\/media?parent=97"}],"curies":[{"name":"wp","href":"https:\/\/api.w.org\/{rel}","templated":true}]}}