{"id":132,"date":"2021-04-20T15:52:54","date_gmt":"2021-04-20T13:52:54","guid":{"rendered":"https:\/\/sites.uef.fi\/kyynelkanavat\/?page_id=132"},"modified":"2024-01-19T14:16:33","modified_gmt":"2024-01-19T12:16:33","slug":"tapahtumat","status":"publish","type":"page","link":"https:\/\/sites.uef.fi\/kyynelkanavat\/tapahtumat\/","title":{"rendered":"Tapahtumat"},"content":{"rendered":"\n<p>Hanke on j\u00e4rjest\u00e4nyt vuosittain itkuvirsiin ja \u00e4\u00e4nell\u00e4 itkemiseen keskittyvi\u00e4 tapahtuman sek\u00e4 vierailee muissa tapahtumissa.<\/p>\n\n\n\n<p class=\"has-medium-font-size\">Kyynelkanavat-hankkeen omat tapahtumat<\/p>\n\n\n\n<p><a rel=\"noreferrer noopener\" href=\"https:\/\/www.finlit.fi\/fi\/ajankohtaista\/tapahtumakalenteri\/itkuvirret-kaikonnutta-vai-kukoistavaa-yleisoluento-ja-konsertti#.ZD-gVHZBzb0\" target=\"_blank\"><strong>Itkuvirret \u2013 kaikonnutta vai kukoistavaa.<\/strong><\/a><br>Yleis\u00f6luento ja konsertti Helsingiss\u00e4 SKS:ll\u00e4 15.5.2023<\/p>\n\n\n\n<p><a href=\"https:\/\/sites.uef.fi\/kyynelkanavat\/conference\/?lang=en\"><strong>Laments lost or alive and well. International Conference of the Lament Tradition<\/strong><\/a><br>Kansainv\u00e4linen konferenssi 16.<strong>\u2013<\/strong>17.5.2023 Helsingiss\u00e4<\/p>\n\n\n\n<p><strong><a href=\"https:\/\/sites.uef.fi\/kyynelkanavat\/surento-runolaulua-ja-itkuvirsia\/\" data-type=\"page\" data-id=\"2452\">Surento: runolaulua ja itkuvirsi\u00e4.&nbsp; Konsertti Tampereella 29.4.2023 klo 15<\/a><\/strong><br>Nikolainsali, Tampereen ortodoksinen seurakuntatalo, Tuomiokirkonkatu 27, Tampere<\/p>\n\n\n\n<p><strong><a href=\"https:\/\/sites.uef.fi\/kyynelkanavat\/tapahtumat\/kyynelkanavat-2022\/\" data-type=\"page\" data-id=\"1389\">Kyynelkanavat-tapahtuma 17.\u201319.7.2022 Ilomantsi &amp; Joensuu<\/a><\/strong><br>Ohjelma on julkaistu. Tarkemmat tiedot p\u00e4ivitet\u00e4\u00e4n kev\u00e4\u00e4n aikana.<\/p>\n\n\n\n<p><a href=\"https:\/\/sites.uef.fi\/kyynelkanavat\/tapahtumat\/kyynelkanavat-2021\/\"><strong>Kyynelkanavat-tapahtuma 17.\u201319.7.2021 Ilomantsi<\/strong><\/a><br>Hankkeen oma tapahtuma, jossa tiede ja taide kohtaavat itkuvirsien \u00e4\u00e4rell\u00e4.<\/p>\n\n\n\n<figure class=\"wp-block-image size-large\"><img loading=\"lazy\" decoding=\"async\" width=\"2560\" height=\"1439\" src=\"https:\/\/sites.uef.fi\/kyynelkanavat\/wp-content\/uploads\/sites\/266\/2022\/04\/Parppeinvaara_2021_2_-1-edited-scaled.jpg\" alt=\"\" class=\"wp-image-1530\" srcset=\"https:\/\/sites.uef.fi\/kyynelkanavat\/wp-content\/uploads\/sites\/266\/2022\/04\/Parppeinvaara_2021_2_-1-edited-scaled.jpg 2560w, https:\/\/sites.uef.fi\/kyynelkanavat\/wp-content\/uploads\/sites\/266\/2022\/04\/Parppeinvaara_2021_2_-1-edited-300x169.jpg 300w, https:\/\/sites.uef.fi\/kyynelkanavat\/wp-content\/uploads\/sites\/266\/2022\/04\/Parppeinvaara_2021_2_-1-edited-1024x576.jpg 1024w, https:\/\/sites.uef.fi\/kyynelkanavat\/wp-content\/uploads\/sites\/266\/2022\/04\/Parppeinvaara_2021_2_-1-edited-768x432.jpg 768w, https:\/\/sites.uef.fi\/kyynelkanavat\/wp-content\/uploads\/sites\/266\/2022\/04\/Parppeinvaara_2021_2_-1-edited-1536x864.jpg 1536w, https:\/\/sites.uef.fi\/kyynelkanavat\/wp-content\/uploads\/sites\/266\/2022\/04\/Parppeinvaara_2021_2_-1-edited-2048x1151.jpg 2048w\" sizes=\"auto, (max-width: 2560px) 100vw, 2560px\" \/><figcaption class=\"wp-element-caption\">Ty\u00f6ryhm\u00e4 Kyynelkanavat 2021 -tapahtuman aikaan Parppeinvaaralla Ilomantsissa. Kuva: Aleksi Moine.<\/figcaption><\/figure>\n\n\n\n<p><\/p>\n\n\n\n<p class=\"has-medium-font-size\">Kyynelkanavat-hanke muissa tapahtumissa<\/p>\n\n\n\n<p><a rel=\"noreferrer noopener\" href=\"https:\/\/kalevalaseura.fi\/tapahtuma\/karjalainen-itkuvirsiperinne-ja-sen-moninaiset-muodot-nyky-suomessa\/\" target=\"_blank\"><strong>Karjalainen itkuvirsiperinne ja sen moninaiset muodot nyky-Suomessa<\/strong><\/a> 20.5.2022 Joensuu<br><em>Osa 3 Kalevalaseuran keskustelusarjassa Ylirajainen kulttuuriperint\u00f6 ja muita Karjalan kysymyksi\u00e4.<\/em><br>Kyynelkanavat-hanke toisena keskustelutilaisuuden j\u00e4rjest\u00e4j\u00e4n\u00e4 ja mukana keskustelemassa.<br>Pe 20.5.2022 klo 15\u201317 Joensuun p\u00e4\u00e4kirjaston Muikku-sali (Koskikatu 25)<\/p>\n\n\n\n<p><a rel=\"noreferrer noopener\" href=\"https:\/\/www.finlit.fi\/fi\/ajankohtaista\/tapahtumakalenteri\/kansanmuusikkona-opettajana-ja-kansanmusiikin-tutkijana-muuttuvassa\" target=\"_blank\"><strong>IV Kansanmusiikintutkijoiden symposium<\/strong><\/a>  2.\u20133.12.2021 Helsinki &amp; striimi<br>Kyynelkanavat-hankkeen vierailu<br>Pe 3.12. klo 10 Soiva luento: <strong>\u202f<\/strong>Kohtaamisia ja kritiikki\u00e4 Kyynelkanavat hankkeen\u202falkutaipaleelta\u202f&nbsp;<\/p>\n\n\n\n<p><a rel=\"noreferrer noopener\" href=\"https:\/\/itkuvirsi.net\/toiminta-1\" target=\"_blank\"><strong>\u00c4\u00e4nell\u00e4 Itkij\u00e4t ry. 20 vuotta! &#8221;Toivon l\u00e4hteell\u00e4&#8221; -juhlaseminaari<\/strong><\/a> 30.10.2021 Helsinki<br>Kyynelkanavat-hankkeen vierailu<br><\/p>\n\n\n\n<p><a rel=\"noreferrer noopener\" href=\"http:\/\/www.pajot.fi\/\" target=\"_blank\"><strong>Pajot Karjalaiset musiikkip\u00e4iv\u00e4t 8.10.2021 Kontiolahti<\/strong><\/a><br>Kyynelkanavat-hankkeen vierailu<br>Paneelikeskustelussa Elina Hyt\u00f6nen-Ng, Liisa Matveinen, Riikka Patrikainen<br><\/p>\n\n\n\n<p><a rel=\"noreferrer noopener\" href=\"https:\/\/lepetitfestival.com\/artists-performers\/\" target=\"_blank\"><strong>Le Petit Festival 22.8.2021 Hanko<\/strong><\/a><br>Kyynelkanavat-hankkeen vierailu<br>Luento, konsertti ja ty\u00f6paja<\/p>\n\n\n\n<p><\/p>\n\n\n\n<figure class=\"wp-block-image size-full\"><img loading=\"lazy\" decoding=\"async\" width=\"2000\" height=\"1234\" src=\"https:\/\/sites.uef.fi\/kyynelkanavat\/wp-content\/uploads\/sites\/266\/2021\/12\/tyoryhma2_VarpuHeiskanen.jpg\" alt=\"\" class=\"wp-image-1043\" srcset=\"https:\/\/sites.uef.fi\/kyynelkanavat\/wp-content\/uploads\/sites\/266\/2021\/12\/tyoryhma2_VarpuHeiskanen.jpg 2000w, https:\/\/sites.uef.fi\/kyynelkanavat\/wp-content\/uploads\/sites\/266\/2021\/12\/tyoryhma2_VarpuHeiskanen-300x185.jpg 300w, https:\/\/sites.uef.fi\/kyynelkanavat\/wp-content\/uploads\/sites\/266\/2021\/12\/tyoryhma2_VarpuHeiskanen-1024x632.jpg 1024w, https:\/\/sites.uef.fi\/kyynelkanavat\/wp-content\/uploads\/sites\/266\/2021\/12\/tyoryhma2_VarpuHeiskanen-768x474.jpg 768w, https:\/\/sites.uef.fi\/kyynelkanavat\/wp-content\/uploads\/sites\/266\/2021\/12\/tyoryhma2_VarpuHeiskanen-1536x948.jpg 1536w\" sizes=\"auto, (max-width: 2000px) 100vw, 2000px\" \/><figcaption class=\"wp-element-caption\">Ty\u00f6ryhm\u00e4 kes\u00e4ll\u00e4 2021 Ilomantsin M\u00f6hk\u00f6ss\u00e4. Kuva Varpu Heiskanen,<\/figcaption><\/figure>\n\n\n\n<p><\/p>\n","protected":false},"excerpt":{"rendered":"<p>Hanke on j\u00e4rjest\u00e4nyt vuosittain itkuvirsiin ja \u00e4\u00e4nell\u00e4 itkemiseen keskittyvi\u00e4 tapahtuman sek\u00e4 vierailee muissa tapahtumissa. Kyynelkanavat-hankkeen omat tapahtumat Itkuvirret \u2013 kaikonnutta vai kukoistavaa.Yleis\u00f6luento ja konsertti Helsingiss\u00e4 SKS:ll\u00e4 15.5.2023 Laments lost or alive and well. International Conference of the Lament TraditionKansainv\u00e4linen konferenssi 16.\u201317.5.2023 Helsingiss\u00e4 Surento: runolaulua ja itkuvirsi\u00e4.&nbsp; Konsertti Tampereella 29.4.2023 klo 15Nikolainsali, Tampereen ortodoksinen seurakuntatalo, Tuomiokirkonkatu [&hellip;]<\/p>\n","protected":false},"author":535,"featured_media":0,"parent":0,"menu_order":4,"comment_status":"closed","ping_status":"closed","template":"","meta":{"_acf_changed":false,"footnotes":""},"class_list":["post-132","page","type-page","status-publish","hentry"],"acf":[],"yoast_head":"<!-- This site is optimized with the Yoast SEO plugin v27.3 - https:\/\/yoast.com\/product\/yoast-seo-wordpress\/ -->\n<title>Tapahtumat - Kyynelkanavat<\/title>\n<meta name=\"robots\" content=\"index, follow, max-snippet:-1, max-image-preview:large, max-video-preview:-1\" \/>\n<link rel=\"canonical\" href=\"https:\/\/sites.uef.fi\/kyynelkanavat\/tapahtumat\/\" \/>\n<meta property=\"og:locale\" content=\"fi_FI\" \/>\n<meta property=\"og:type\" content=\"article\" \/>\n<meta property=\"og:title\" content=\"Tapahtumat - Kyynelkanavat\" \/>\n<meta property=\"og:description\" content=\"Hanke on j\u00e4rjest\u00e4nyt vuosittain itkuvirsiin ja \u00e4\u00e4nell\u00e4 itkemiseen keskittyvi\u00e4 tapahtuman sek\u00e4 vierailee muissa tapahtumissa. Kyynelkanavat-hankkeen omat tapahtumat Itkuvirret \u2013 kaikonnutta vai kukoistavaa.Yleis\u00f6luento ja konsertti Helsingiss\u00e4 SKS:ll\u00e4 15.5.2023 Laments lost or alive and well. International Conference of the Lament TraditionKansainv\u00e4linen konferenssi 16.\u201317.5.2023 Helsingiss\u00e4 Surento: runolaulua ja itkuvirsi\u00e4.&nbsp; Konsertti Tampereella 29.4.2023 klo 15Nikolainsali, Tampereen ortodoksinen seurakuntatalo, Tuomiokirkonkatu [&hellip;]\" \/>\n<meta property=\"og:url\" content=\"https:\/\/sites.uef.fi\/kyynelkanavat\/tapahtumat\/\" \/>\n<meta property=\"og:site_name\" content=\"Kyynelkanavat\" \/>\n<meta property=\"article:modified_time\" content=\"2024-01-19T12:16:33+00:00\" \/>\n<meta property=\"og:image\" content=\"https:\/\/sites.uef.fi\/kyynelkanavat\/wp-content\/uploads\/sites\/266\/2022\/04\/Parppeinvaara_2021_2_-1-edited-scaled.jpg\" \/>\n<meta name=\"twitter:card\" content=\"summary_large_image\" \/>\n<meta name=\"twitter:label1\" content=\"Arvioitu lukuaika\" \/>\n\t<meta name=\"twitter:data1\" content=\"2 minuuttia\" \/>\n<script type=\"application\/ld+json\" class=\"yoast-schema-graph\">{\"@context\":\"https:\\\/\\\/schema.org\",\"@graph\":[{\"@type\":\"WebPage\",\"@id\":\"https:\\\/\\\/sites.uef.fi\\\/kyynelkanavat\\\/tapahtumat\\\/\",\"url\":\"https:\\\/\\\/sites.uef.fi\\\/kyynelkanavat\\\/tapahtumat\\\/\",\"name\":\"Tapahtumat - Kyynelkanavat\",\"isPartOf\":{\"@id\":\"https:\\\/\\\/sites.uef.fi\\\/kyynelkanavat\\\/#website\"},\"primaryImageOfPage\":{\"@id\":\"https:\\\/\\\/sites.uef.fi\\\/kyynelkanavat\\\/tapahtumat\\\/#primaryimage\"},\"image\":{\"@id\":\"https:\\\/\\\/sites.uef.fi\\\/kyynelkanavat\\\/tapahtumat\\\/#primaryimage\"},\"thumbnailUrl\":\"https:\\\/\\\/sites.uef.fi\\\/kyynelkanavat\\\/wp-content\\\/uploads\\\/sites\\\/266\\\/2022\\\/04\\\/Parppeinvaara_2021_2_-1-edited-scaled.jpg\",\"datePublished\":\"2021-04-20T13:52:54+00:00\",\"dateModified\":\"2024-01-19T12:16:33+00:00\",\"breadcrumb\":{\"@id\":\"https:\\\/\\\/sites.uef.fi\\\/kyynelkanavat\\\/tapahtumat\\\/#breadcrumb\"},\"inLanguage\":\"fi\",\"potentialAction\":[{\"@type\":\"ReadAction\",\"target\":[\"https:\\\/\\\/sites.uef.fi\\\/kyynelkanavat\\\/tapahtumat\\\/\"]}]},{\"@type\":\"ImageObject\",\"inLanguage\":\"fi\",\"@id\":\"https:\\\/\\\/sites.uef.fi\\\/kyynelkanavat\\\/tapahtumat\\\/#primaryimage\",\"url\":\"https:\\\/\\\/sites.uef.fi\\\/kyynelkanavat\\\/wp-content\\\/uploads\\\/sites\\\/266\\\/2022\\\/04\\\/Parppeinvaara_2021_2_-1-edited-scaled.jpg\",\"contentUrl\":\"https:\\\/\\\/sites.uef.fi\\\/kyynelkanavat\\\/wp-content\\\/uploads\\\/sites\\\/266\\\/2022\\\/04\\\/Parppeinvaara_2021_2_-1-edited-scaled.jpg\",\"width\":2560,\"height\":1439},{\"@type\":\"BreadcrumbList\",\"@id\":\"https:\\\/\\\/sites.uef.fi\\\/kyynelkanavat\\\/tapahtumat\\\/#breadcrumb\",\"itemListElement\":[{\"@type\":\"ListItem\",\"position\":1,\"name\":\"Home\",\"item\":\"https:\\\/\\\/sites.uef.fi\\\/kyynelkanavat\\\/\"},{\"@type\":\"ListItem\",\"position\":2,\"name\":\"Tapahtumat\"}]},{\"@type\":\"WebSite\",\"@id\":\"https:\\\/\\\/sites.uef.fi\\\/kyynelkanavat\\\/#website\",\"url\":\"https:\\\/\\\/sites.uef.fi\\\/kyynelkanavat\\\/\",\"name\":\"Kyynelkanavat\",\"description\":\"\",\"potentialAction\":[{\"@type\":\"SearchAction\",\"target\":{\"@type\":\"EntryPoint\",\"urlTemplate\":\"https:\\\/\\\/sites.uef.fi\\\/kyynelkanavat\\\/?s={search_term_string}\"},\"query-input\":{\"@type\":\"PropertyValueSpecification\",\"valueRequired\":true,\"valueName\":\"search_term_string\"}}],\"inLanguage\":\"fi\"}]}<\/script>\n<!-- \/ Yoast SEO plugin. -->","yoast_head_json":{"title":"Tapahtumat - Kyynelkanavat","robots":{"index":"index","follow":"follow","max-snippet":"max-snippet:-1","max-image-preview":"max-image-preview:large","max-video-preview":"max-video-preview:-1"},"canonical":"https:\/\/sites.uef.fi\/kyynelkanavat\/tapahtumat\/","og_locale":"fi_FI","og_type":"article","og_title":"Tapahtumat - Kyynelkanavat","og_description":"Hanke on j\u00e4rjest\u00e4nyt vuosittain itkuvirsiin ja \u00e4\u00e4nell\u00e4 itkemiseen keskittyvi\u00e4 tapahtuman sek\u00e4 vierailee muissa tapahtumissa. Kyynelkanavat-hankkeen omat tapahtumat Itkuvirret \u2013 kaikonnutta vai kukoistavaa.Yleis\u00f6luento ja konsertti Helsingiss\u00e4 SKS:ll\u00e4 15.5.2023 Laments lost or alive and well. International Conference of the Lament TraditionKansainv\u00e4linen konferenssi 16.\u201317.5.2023 Helsingiss\u00e4 Surento: runolaulua ja itkuvirsi\u00e4.&nbsp; Konsertti Tampereella 29.4.2023 klo 15Nikolainsali, Tampereen ortodoksinen seurakuntatalo, Tuomiokirkonkatu [&hellip;]","og_url":"https:\/\/sites.uef.fi\/kyynelkanavat\/tapahtumat\/","og_site_name":"Kyynelkanavat","article_modified_time":"2024-01-19T12:16:33+00:00","og_image":[{"url":"https:\/\/sites.uef.fi\/kyynelkanavat\/wp-content\/uploads\/sites\/266\/2022\/04\/Parppeinvaara_2021_2_-1-edited-scaled.jpg","type":"","width":"","height":""}],"twitter_card":"summary_large_image","twitter_misc":{"Arvioitu lukuaika":"2 minuuttia"},"schema":{"@context":"https:\/\/schema.org","@graph":[{"@type":"WebPage","@id":"https:\/\/sites.uef.fi\/kyynelkanavat\/tapahtumat\/","url":"https:\/\/sites.uef.fi\/kyynelkanavat\/tapahtumat\/","name":"Tapahtumat - Kyynelkanavat","isPartOf":{"@id":"https:\/\/sites.uef.fi\/kyynelkanavat\/#website"},"primaryImageOfPage":{"@id":"https:\/\/sites.uef.fi\/kyynelkanavat\/tapahtumat\/#primaryimage"},"image":{"@id":"https:\/\/sites.uef.fi\/kyynelkanavat\/tapahtumat\/#primaryimage"},"thumbnailUrl":"https:\/\/sites.uef.fi\/kyynelkanavat\/wp-content\/uploads\/sites\/266\/2022\/04\/Parppeinvaara_2021_2_-1-edited-scaled.jpg","datePublished":"2021-04-20T13:52:54+00:00","dateModified":"2024-01-19T12:16:33+00:00","breadcrumb":{"@id":"https:\/\/sites.uef.fi\/kyynelkanavat\/tapahtumat\/#breadcrumb"},"inLanguage":"fi","potentialAction":[{"@type":"ReadAction","target":["https:\/\/sites.uef.fi\/kyynelkanavat\/tapahtumat\/"]}]},{"@type":"ImageObject","inLanguage":"fi","@id":"https:\/\/sites.uef.fi\/kyynelkanavat\/tapahtumat\/#primaryimage","url":"https:\/\/sites.uef.fi\/kyynelkanavat\/wp-content\/uploads\/sites\/266\/2022\/04\/Parppeinvaara_2021_2_-1-edited-scaled.jpg","contentUrl":"https:\/\/sites.uef.fi\/kyynelkanavat\/wp-content\/uploads\/sites\/266\/2022\/04\/Parppeinvaara_2021_2_-1-edited-scaled.jpg","width":2560,"height":1439},{"@type":"BreadcrumbList","@id":"https:\/\/sites.uef.fi\/kyynelkanavat\/tapahtumat\/#breadcrumb","itemListElement":[{"@type":"ListItem","position":1,"name":"Home","item":"https:\/\/sites.uef.fi\/kyynelkanavat\/"},{"@type":"ListItem","position":2,"name":"Tapahtumat"}]},{"@type":"WebSite","@id":"https:\/\/sites.uef.fi\/kyynelkanavat\/#website","url":"https:\/\/sites.uef.fi\/kyynelkanavat\/","name":"Kyynelkanavat","description":"","potentialAction":[{"@type":"SearchAction","target":{"@type":"EntryPoint","urlTemplate":"https:\/\/sites.uef.fi\/kyynelkanavat\/?s={search_term_string}"},"query-input":{"@type":"PropertyValueSpecification","valueRequired":true,"valueName":"search_term_string"}}],"inLanguage":"fi"}]}},"_links":{"self":[{"href":"https:\/\/sites.uef.fi\/kyynelkanavat\/wp-json\/wp\/v2\/pages\/132","targetHints":{"allow":["GET"]}}],"collection":[{"href":"https:\/\/sites.uef.fi\/kyynelkanavat\/wp-json\/wp\/v2\/pages"}],"about":[{"href":"https:\/\/sites.uef.fi\/kyynelkanavat\/wp-json\/wp\/v2\/types\/page"}],"author":[{"embeddable":true,"href":"https:\/\/sites.uef.fi\/kyynelkanavat\/wp-json\/wp\/v2\/users\/535"}],"replies":[{"embeddable":true,"href":"https:\/\/sites.uef.fi\/kyynelkanavat\/wp-json\/wp\/v2\/comments?post=132"}],"version-history":[{"count":1,"href":"https:\/\/sites.uef.fi\/kyynelkanavat\/wp-json\/wp\/v2\/pages\/132\/revisions"}],"predecessor-version":[{"id":3019,"href":"https:\/\/sites.uef.fi\/kyynelkanavat\/wp-json\/wp\/v2\/pages\/132\/revisions\/3019"}],"wp:attachment":[{"href":"https:\/\/sites.uef.fi\/kyynelkanavat\/wp-json\/wp\/v2\/media?parent=132"}],"curies":[{"name":"wp","href":"https:\/\/api.w.org\/{rel}","templated":true}]}}