{"id":1645,"date":"2022-05-11T10:52:02","date_gmt":"2022-05-11T08:52:02","guid":{"rendered":"https:\/\/sites.uef.fi\/kyynelkanavat\/?page_id=1645"},"modified":"2022-06-08T10:02:08","modified_gmt":"2022-06-08T08:02:08","slug":"tiedote-2022","status":"publish","type":"page","link":"https:\/\/sites.uef.fi\/kyynelkanavat\/tapahtumat\/kyynelkanavat-2022\/tiedote-2022\/","title":{"rendered":"Tiedote 2022"},"content":{"rendered":"\n<p>Tiedote: Kyynelkanavat-tapahtuma 2022<br>Julkaisuvapaa 9.5.2022<\/p>\n\n\n\n<figure class=\"wp-block-image size-full\"><img loading=\"lazy\" decoding=\"async\" width=\"2560\" height=\"1011\" src=\"https:\/\/sites.uef.fi\/kyynelkanavat\/wp-content\/uploads\/sites\/266\/2022\/05\/Tunnelma2021_matala-1-scaled.jpg\" alt=\"nainen nojaa puuhun, taustalla muita ihmisi\u00e4\" class=\"wp-image-1660\" srcset=\"https:\/\/sites.uef.fi\/kyynelkanavat\/wp-content\/uploads\/sites\/266\/2022\/05\/Tunnelma2021_matala-1-scaled.jpg 2560w, https:\/\/sites.uef.fi\/kyynelkanavat\/wp-content\/uploads\/sites\/266\/2022\/05\/Tunnelma2021_matala-1-300x118.jpg 300w, https:\/\/sites.uef.fi\/kyynelkanavat\/wp-content\/uploads\/sites\/266\/2022\/05\/Tunnelma2021_matala-1-1024x404.jpg 1024w, https:\/\/sites.uef.fi\/kyynelkanavat\/wp-content\/uploads\/sites\/266\/2022\/05\/Tunnelma2021_matala-1-768x303.jpg 768w, https:\/\/sites.uef.fi\/kyynelkanavat\/wp-content\/uploads\/sites\/266\/2022\/05\/Tunnelma2021_matala-1-1536x607.jpg 1536w, https:\/\/sites.uef.fi\/kyynelkanavat\/wp-content\/uploads\/sites\/266\/2022\/05\/Tunnelma2021_matala-1-2048x809.jpg 2048w\" sizes=\"auto, (max-width: 2560px) 100vw, 2560px\" \/><figcaption>Emilia Kallonen ja yleis\u00f6\u00e4 Kyynelkanavat-tapahtumassa hein\u00e4kuussa 2021. Kuva: Riikka Patrikainen<\/figcaption><\/figure>\n\n\n\n<p class=\"has-medium-font-size\">Karjalaisia h\u00e4\u00e4perinteit\u00e4 ja keskusteluja itkuvirsiperinteest\u00e4<\/p>\n\n\n\n<p><strong>Kyynelkanavat-tapahtuma vie itkuvirsiperinteen maailmaan taiteen ja tieteen n\u00e4k\u00f6kulmin. Kes\u00e4n 2022 taiteellisen ohjelman teemana on karjalainen h\u00e4\u00e4perinne, jossa itkuvirret ovat olleet keskeisess\u00e4 osassa. Yleis\u00f6seminaarissa pureudutaan puolestaan muun muassa karjalaisuuden ja perinteen muuttumisen kysymyksiin. Tapahtuma j\u00e4rjestet\u00e4\u00e4n Ilomantsissa ja Joensuussa 17.\u201319.7.2022.<\/strong><\/p>\n\n\n\n<p>Itkuvirsiperinteen ytimess\u00e4 ovat tunteet ja yhteis\u00f6llisyys. Vaikka mielikuvissa itkuvirret liittyv\u00e4t kuolemaan, on \u00e4\u00e4nell\u00e4 itkemisell\u00e4 ollut t\u00e4rke\u00e4 rooli my\u00f6s karjalaisissa, samoin kuin inkeril\u00e4isiss\u00e4, h\u00e4\u00e4rituaaleissa. Morsian eli <em>antilas <\/em>on valmisteltu ja saatettu uuteen el\u00e4m\u00e4nvaiheeseen ja rooliin yhteis\u00f6ss\u00e4, ja suvun esivanhemmilta pyydet\u00e4\u00e4n onnea ja suojelua itkem\u00e4ll\u00e4 \u00e4\u00e4nell\u00e4.<\/p>\n\n\n\n<p>\u201cH\u00e4\u00e4itkuissa minua puhuttelee erityisesti se, miten antilasta hyv\u00e4stelt\u00e4ess\u00e4 ja neuvoessa huomioidaan koko yhteis\u00f6; suku ja yst\u00e4v\u00e4t\u201d, pohtii Kyynelkanavat-taiteilija, itkij\u00e4 <strong>Emilia Kallonen<\/strong>. Kallosen ja Loihu-yhtyeen karjalaiseen h\u00e4\u00e4perinteeseen perustuva <em>Kruuga<\/em>-konsertti kuullaan Ilomantsissa sunnuntaina 17.7. \u201c<em>Kruugan<\/em> taustalla on ollut halu koota yhteen Taipaleen ortodoksisen seurakunnan alueelta tallennettu h\u00e4\u00e4perinne\u201d, Kallonen kertoo.<\/p>\n\n\n\n<p>Kyynelkanavat-tapahtumassa esitet\u00e4\u00e4n my\u00f6s vuonna 1921 valmistunut mykk\u00e4elokuva <em>H\u00e4iden vietto Karjalan runomailla<\/em>, johon Kyynelkanavat-taiteilija <strong>Emmi Kuittinen<\/strong> on laatinut uuden \u00e4\u00e4niraidan kansanmuusikko <strong>Minsku Tammelan <\/strong>kanssa. Uuden musiikin ty\u00f6st\u00e4misen taustalla duolla on ollut ajatus siit\u00e4, milt\u00e4 elokuva kuulostaisi, jos siihen olisi alun perin saatu tallennettua mukaan \u00e4\u00e4ni. Elokuvaesitys avaa tapahtuman Ilomantsissa sunnuntaina 17.7. Elokuva n\u00e4hd\u00e4\u00e4n my\u00f6s Joensuussa maanantai-iltana 18.7.<\/p>\n\n\n\n<p>Elokuvan ja <em>Kruuga<\/em>-konsertin lis\u00e4ksi ohjelmassa on yleis\u00f6seminaari, jossa pureudutaan viime aikoina virinneeseen keskusteluun karjalaisuudesta ja karjalaisista perinteist\u00e4 suomalaisessa yhteiskunnassa, perinteen muuttuvaan luonteeseen ja itkuvirsiperinteen nyky-yhteiskunnassa saamiin merkityksiin.<\/p>\n\n\n\n<p>\u201cEsimerkiksi kysymykset siit\u00e4, kenell\u00e4 on oikeus tutkia tai esitt\u00e4\u00e4 ja mink\u00e4laisia vastuita tutkimiseen ja esitt\u00e4miseen liittyy, ovat puhuttaneet hankkeen ymp\u00e4rill\u00e4. Muun muassa n\u00e4it\u00e4 aiheita pohditaan kes\u00e4n seminaarissa\u201d, toteaa hankkeen johtaja, tutkija <strong>Elina Hyt\u00f6nen-Ng<\/strong>, ja jatkaa: \u201cSeminaarin lis\u00e4ksi olemme halunneet varata tapahtuman ohjelmaan my\u00f6s muuta aikaa vapaamuotoiselle keskustelulle ja kohtaamisille. Viime kes\u00e4n tapahtuman perusteella kiinnostusta on paljon ja avoin ajatustenvaihto on t\u00e4rke\u00e4.\u201d<\/p>\n\n\n\n<p>Tapahtuman kolmantena p\u00e4iv\u00e4n\u00e4 vuorossa on karjalankielisten itkuvirsien ty\u00f6paja sek\u00e4 kurkistus tieteen ja taiteen kohtaamiseen hankkeen ty\u00f6parien esitelless\u00e4 ty\u00f6skentely\u00e4\u00e4n ja tutkimusteemojaan. Aamup\u00e4iv\u00e4n ohjelmassa kuullaan my\u00f6s hankkeen taiteilijoiden muodostaman Surento-yhtyeen tulkinta <strong>Oksenja M\u00e4kisel\u00e4n<\/strong> esitt\u00e4m\u00e4st\u00e4 itkuvirrest\u00e4 karjalaisten kohtalosta.<\/p>\n\n\n\n<p>Tapahtuma on osa Koneen S\u00e4\u00e4ti\u00f6n rahoittamaa Kyynelkanavat-hanketta, joka tarkastelee itkuvirsiperineen jatkumoa sek\u00e4 roolia suomalaisessa nyky-yhteiskunnassa tieteen ja taiteen keinoin. Nyky-Suomessa tunnetun perinteen juuret ovat etenkin karjalaisessa rituaalisessa perinteess\u00e4, joka on 2020-luvun suomalaiseen yhteiskuntaan tultaessa versonut moniaalle esitt\u00e4v\u00e4st\u00e4 taiteesta terapeuttiseen itseilmaisuun.<\/p>\n\n\n\n<p><strong>Kyynelkanavat 2022 -tapahtuma su 17.7. Ilomantsissa ja ma\u2013ti 18.\u201319.7. Joensuussa<\/strong><\/p>\n\n\n\n<p><strong>Ohjelma ja lis\u00e4tiedot:<\/strong> <a href=\"https:\/\/sites.uef.fi\/kyynelkanavat\/tapahtumat\/kyynelkanavat-2022\/\">https:\/\/sites.uef.fi\/kyynelkanavat\/tapahtumat\/kyynelkanavat-2022\/<\/a>&nbsp;&nbsp;<\/p>\n\n\n\n<p><strong>Tiedustelut:<\/strong> kyynelkanavat2022 -a- gmail.com<\/p>\n\n\n\n<p><strong>Pressikuvat: <\/strong><a href=\"https:\/\/drive.google.com\/drive\/u\/1\/folders\/1UmBJ_Wi9BT3xNbfac1s1cEsFViHfKq6m\">https:\/\/drive.google.com\/drive\/u\/1\/folders\/1UmBJ_Wi9BT3xNbfac1s1cEsFViHfKq6m<\/a><\/p>\n\n\n\n<p><strong>Tapahtumaa tukee:<\/strong> <a href=\"https:\/\/www.karjalansivistysseura.fi\/\">Karjalan Sivistysseura<\/a><\/p>\n\n\n\n<figure class=\"wp-block-image is-resized\"><img loading=\"lazy\" decoding=\"async\" src=\"https:\/\/lh3.googleusercontent.com\/s97lPRqS1MuRz8AYzAUefGWOSWjIgmTsCohQyFkmtgEPMIAFhj-1xVGXziu1E4mNzuubkvB7qQV2quu8Nc16ifJiPYqKp4uSF57H9fI2QSOuHm6_H4OZK8TJOhC0PUp5dsVuN-NeUAgZ5pR7iw\" alt=\"\" width=\"487\" height=\"234\" \/><\/figure>\n","protected":false},"excerpt":{"rendered":"<p>Tiedote: Kyynelkanavat-tapahtuma 2022Julkaisuvapaa 9.5.2022 Karjalaisia h\u00e4\u00e4perinteit\u00e4 ja keskusteluja itkuvirsiperinteest\u00e4 Kyynelkanavat-tapahtuma vie itkuvirsiperinteen maailmaan taiteen ja tieteen n\u00e4k\u00f6kulmin. Kes\u00e4n 2022 taiteellisen ohjelman teemana on karjalainen h\u00e4\u00e4perinne, jossa itkuvirret ovat olleet keskeisess\u00e4 osassa. Yleis\u00f6seminaarissa pureudutaan puolestaan muun muassa karjalaisuuden ja perinteen muuttumisen kysymyksiin. Tapahtuma j\u00e4rjestet\u00e4\u00e4n Ilomantsissa ja Joensuussa 17.\u201319.7.2022. Itkuvirsiperinteen ytimess\u00e4 ovat tunteet ja yhteis\u00f6llisyys. Vaikka mielikuvissa [&hellip;]<\/p>\n","protected":false},"author":535,"featured_media":0,"parent":1389,"menu_order":0,"comment_status":"closed","ping_status":"closed","template":"","meta":{"_acf_changed":false,"footnotes":""},"class_list":["post-1645","page","type-page","status-publish","hentry"],"acf":[],"yoast_head":"<!-- This site is optimized with the Yoast SEO plugin v27.3 - https:\/\/yoast.com\/product\/yoast-seo-wordpress\/ -->\n<title>Tiedote 2022 - Kyynelkanavat<\/title>\n<meta name=\"robots\" content=\"index, follow, max-snippet:-1, max-image-preview:large, max-video-preview:-1\" \/>\n<link rel=\"canonical\" href=\"https:\/\/sites.uef.fi\/kyynelkanavat\/tapahtumat\/kyynelkanavat-2022\/tiedote-2022\/\" \/>\n<meta property=\"og:locale\" content=\"fi_FI\" \/>\n<meta property=\"og:type\" content=\"article\" \/>\n<meta property=\"og:title\" content=\"Tiedote 2022 - Kyynelkanavat\" \/>\n<meta property=\"og:description\" content=\"Tiedote: Kyynelkanavat-tapahtuma 2022Julkaisuvapaa 9.5.2022 Karjalaisia h\u00e4\u00e4perinteit\u00e4 ja keskusteluja itkuvirsiperinteest\u00e4 Kyynelkanavat-tapahtuma vie itkuvirsiperinteen maailmaan taiteen ja tieteen n\u00e4k\u00f6kulmin. Kes\u00e4n 2022 taiteellisen ohjelman teemana on karjalainen h\u00e4\u00e4perinne, jossa itkuvirret ovat olleet keskeisess\u00e4 osassa. Yleis\u00f6seminaarissa pureudutaan puolestaan muun muassa karjalaisuuden ja perinteen muuttumisen kysymyksiin. Tapahtuma j\u00e4rjestet\u00e4\u00e4n Ilomantsissa ja Joensuussa 17.\u201319.7.2022. Itkuvirsiperinteen ytimess\u00e4 ovat tunteet ja yhteis\u00f6llisyys. Vaikka mielikuvissa [&hellip;]\" \/>\n<meta property=\"og:url\" content=\"https:\/\/sites.uef.fi\/kyynelkanavat\/tapahtumat\/kyynelkanavat-2022\/tiedote-2022\/\" \/>\n<meta property=\"og:site_name\" content=\"Kyynelkanavat\" \/>\n<meta property=\"article:modified_time\" content=\"2022-06-08T08:02:08+00:00\" \/>\n<meta property=\"og:image\" content=\"https:\/\/sites.uef.fi\/kyynelkanavat\/wp-content\/uploads\/sites\/266\/2022\/05\/Tunnelma2021_matala-1-scaled.jpg\" \/>\n<meta name=\"twitter:card\" content=\"summary_large_image\" \/>\n<meta name=\"twitter:label1\" content=\"Arvioitu lukuaika\" \/>\n\t<meta name=\"twitter:data1\" content=\"2 minuuttia\" \/>\n<script type=\"application\/ld+json\" class=\"yoast-schema-graph\">{\"@context\":\"https:\\\/\\\/schema.org\",\"@graph\":[{\"@type\":\"WebPage\",\"@id\":\"https:\\\/\\\/sites.uef.fi\\\/kyynelkanavat\\\/tapahtumat\\\/kyynelkanavat-2022\\\/tiedote-2022\\\/\",\"url\":\"https:\\\/\\\/sites.uef.fi\\\/kyynelkanavat\\\/tapahtumat\\\/kyynelkanavat-2022\\\/tiedote-2022\\\/\",\"name\":\"Tiedote 2022 - Kyynelkanavat\",\"isPartOf\":{\"@id\":\"https:\\\/\\\/sites.uef.fi\\\/kyynelkanavat\\\/#website\"},\"primaryImageOfPage\":{\"@id\":\"https:\\\/\\\/sites.uef.fi\\\/kyynelkanavat\\\/tapahtumat\\\/kyynelkanavat-2022\\\/tiedote-2022\\\/#primaryimage\"},\"image\":{\"@id\":\"https:\\\/\\\/sites.uef.fi\\\/kyynelkanavat\\\/tapahtumat\\\/kyynelkanavat-2022\\\/tiedote-2022\\\/#primaryimage\"},\"thumbnailUrl\":\"https:\\\/\\\/sites.uef.fi\\\/kyynelkanavat\\\/wp-content\\\/uploads\\\/sites\\\/266\\\/2022\\\/05\\\/Tunnelma2021_matala-1-scaled.jpg\",\"datePublished\":\"2022-05-11T08:52:02+00:00\",\"dateModified\":\"2022-06-08T08:02:08+00:00\",\"breadcrumb\":{\"@id\":\"https:\\\/\\\/sites.uef.fi\\\/kyynelkanavat\\\/tapahtumat\\\/kyynelkanavat-2022\\\/tiedote-2022\\\/#breadcrumb\"},\"inLanguage\":\"fi\",\"potentialAction\":[{\"@type\":\"ReadAction\",\"target\":[\"https:\\\/\\\/sites.uef.fi\\\/kyynelkanavat\\\/tapahtumat\\\/kyynelkanavat-2022\\\/tiedote-2022\\\/\"]}]},{\"@type\":\"ImageObject\",\"inLanguage\":\"fi\",\"@id\":\"https:\\\/\\\/sites.uef.fi\\\/kyynelkanavat\\\/tapahtumat\\\/kyynelkanavat-2022\\\/tiedote-2022\\\/#primaryimage\",\"url\":\"https:\\\/\\\/sites.uef.fi\\\/kyynelkanavat\\\/wp-content\\\/uploads\\\/sites\\\/266\\\/2022\\\/05\\\/Tunnelma2021_matala-1-scaled.jpg\",\"contentUrl\":\"https:\\\/\\\/sites.uef.fi\\\/kyynelkanavat\\\/wp-content\\\/uploads\\\/sites\\\/266\\\/2022\\\/05\\\/Tunnelma2021_matala-1-scaled.jpg\",\"width\":2560,\"height\":1011,\"caption\":\"Emilia Kallonen ja yleis\u00f6\u00e4 Kyynelkanavat-tapahtumassa hein\u00e4kuussa 2021. Kuva: Riikka Patrikainen\"},{\"@type\":\"BreadcrumbList\",\"@id\":\"https:\\\/\\\/sites.uef.fi\\\/kyynelkanavat\\\/tapahtumat\\\/kyynelkanavat-2022\\\/tiedote-2022\\\/#breadcrumb\",\"itemListElement\":[{\"@type\":\"ListItem\",\"position\":1,\"name\":\"Home\",\"item\":\"https:\\\/\\\/sites.uef.fi\\\/kyynelkanavat\\\/\"},{\"@type\":\"ListItem\",\"position\":2,\"name\":\"Tapahtumat\",\"item\":\"https:\\\/\\\/sites.uef.fi\\\/kyynelkanavat\\\/tapahtumat\\\/\"},{\"@type\":\"ListItem\",\"position\":3,\"name\":\"Kyynelkanavat 2022\",\"item\":\"https:\\\/\\\/sites.uef.fi\\\/kyynelkanavat\\\/tapahtumat\\\/kyynelkanavat-2022\\\/\"},{\"@type\":\"ListItem\",\"position\":4,\"name\":\"Tiedote 2022\"}]},{\"@type\":\"WebSite\",\"@id\":\"https:\\\/\\\/sites.uef.fi\\\/kyynelkanavat\\\/#website\",\"url\":\"https:\\\/\\\/sites.uef.fi\\\/kyynelkanavat\\\/\",\"name\":\"Kyynelkanavat\",\"description\":\"\",\"potentialAction\":[{\"@type\":\"SearchAction\",\"target\":{\"@type\":\"EntryPoint\",\"urlTemplate\":\"https:\\\/\\\/sites.uef.fi\\\/kyynelkanavat\\\/?s={search_term_string}\"},\"query-input\":{\"@type\":\"PropertyValueSpecification\",\"valueRequired\":true,\"valueName\":\"search_term_string\"}}],\"inLanguage\":\"fi\"}]}<\/script>\n<!-- \/ Yoast SEO plugin. -->","yoast_head_json":{"title":"Tiedote 2022 - Kyynelkanavat","robots":{"index":"index","follow":"follow","max-snippet":"max-snippet:-1","max-image-preview":"max-image-preview:large","max-video-preview":"max-video-preview:-1"},"canonical":"https:\/\/sites.uef.fi\/kyynelkanavat\/tapahtumat\/kyynelkanavat-2022\/tiedote-2022\/","og_locale":"fi_FI","og_type":"article","og_title":"Tiedote 2022 - Kyynelkanavat","og_description":"Tiedote: Kyynelkanavat-tapahtuma 2022Julkaisuvapaa 9.5.2022 Karjalaisia h\u00e4\u00e4perinteit\u00e4 ja keskusteluja itkuvirsiperinteest\u00e4 Kyynelkanavat-tapahtuma vie itkuvirsiperinteen maailmaan taiteen ja tieteen n\u00e4k\u00f6kulmin. Kes\u00e4n 2022 taiteellisen ohjelman teemana on karjalainen h\u00e4\u00e4perinne, jossa itkuvirret ovat olleet keskeisess\u00e4 osassa. Yleis\u00f6seminaarissa pureudutaan puolestaan muun muassa karjalaisuuden ja perinteen muuttumisen kysymyksiin. Tapahtuma j\u00e4rjestet\u00e4\u00e4n Ilomantsissa ja Joensuussa 17.\u201319.7.2022. Itkuvirsiperinteen ytimess\u00e4 ovat tunteet ja yhteis\u00f6llisyys. Vaikka mielikuvissa [&hellip;]","og_url":"https:\/\/sites.uef.fi\/kyynelkanavat\/tapahtumat\/kyynelkanavat-2022\/tiedote-2022\/","og_site_name":"Kyynelkanavat","article_modified_time":"2022-06-08T08:02:08+00:00","og_image":[{"url":"https:\/\/sites.uef.fi\/kyynelkanavat\/wp-content\/uploads\/sites\/266\/2022\/05\/Tunnelma2021_matala-1-scaled.jpg","type":"","width":"","height":""}],"twitter_card":"summary_large_image","twitter_misc":{"Arvioitu lukuaika":"2 minuuttia"},"schema":{"@context":"https:\/\/schema.org","@graph":[{"@type":"WebPage","@id":"https:\/\/sites.uef.fi\/kyynelkanavat\/tapahtumat\/kyynelkanavat-2022\/tiedote-2022\/","url":"https:\/\/sites.uef.fi\/kyynelkanavat\/tapahtumat\/kyynelkanavat-2022\/tiedote-2022\/","name":"Tiedote 2022 - Kyynelkanavat","isPartOf":{"@id":"https:\/\/sites.uef.fi\/kyynelkanavat\/#website"},"primaryImageOfPage":{"@id":"https:\/\/sites.uef.fi\/kyynelkanavat\/tapahtumat\/kyynelkanavat-2022\/tiedote-2022\/#primaryimage"},"image":{"@id":"https:\/\/sites.uef.fi\/kyynelkanavat\/tapahtumat\/kyynelkanavat-2022\/tiedote-2022\/#primaryimage"},"thumbnailUrl":"https:\/\/sites.uef.fi\/kyynelkanavat\/wp-content\/uploads\/sites\/266\/2022\/05\/Tunnelma2021_matala-1-scaled.jpg","datePublished":"2022-05-11T08:52:02+00:00","dateModified":"2022-06-08T08:02:08+00:00","breadcrumb":{"@id":"https:\/\/sites.uef.fi\/kyynelkanavat\/tapahtumat\/kyynelkanavat-2022\/tiedote-2022\/#breadcrumb"},"inLanguage":"fi","potentialAction":[{"@type":"ReadAction","target":["https:\/\/sites.uef.fi\/kyynelkanavat\/tapahtumat\/kyynelkanavat-2022\/tiedote-2022\/"]}]},{"@type":"ImageObject","inLanguage":"fi","@id":"https:\/\/sites.uef.fi\/kyynelkanavat\/tapahtumat\/kyynelkanavat-2022\/tiedote-2022\/#primaryimage","url":"https:\/\/sites.uef.fi\/kyynelkanavat\/wp-content\/uploads\/sites\/266\/2022\/05\/Tunnelma2021_matala-1-scaled.jpg","contentUrl":"https:\/\/sites.uef.fi\/kyynelkanavat\/wp-content\/uploads\/sites\/266\/2022\/05\/Tunnelma2021_matala-1-scaled.jpg","width":2560,"height":1011,"caption":"Emilia Kallonen ja yleis\u00f6\u00e4 Kyynelkanavat-tapahtumassa hein\u00e4kuussa 2021. Kuva: Riikka Patrikainen"},{"@type":"BreadcrumbList","@id":"https:\/\/sites.uef.fi\/kyynelkanavat\/tapahtumat\/kyynelkanavat-2022\/tiedote-2022\/#breadcrumb","itemListElement":[{"@type":"ListItem","position":1,"name":"Home","item":"https:\/\/sites.uef.fi\/kyynelkanavat\/"},{"@type":"ListItem","position":2,"name":"Tapahtumat","item":"https:\/\/sites.uef.fi\/kyynelkanavat\/tapahtumat\/"},{"@type":"ListItem","position":3,"name":"Kyynelkanavat 2022","item":"https:\/\/sites.uef.fi\/kyynelkanavat\/tapahtumat\/kyynelkanavat-2022\/"},{"@type":"ListItem","position":4,"name":"Tiedote 2022"}]},{"@type":"WebSite","@id":"https:\/\/sites.uef.fi\/kyynelkanavat\/#website","url":"https:\/\/sites.uef.fi\/kyynelkanavat\/","name":"Kyynelkanavat","description":"","potentialAction":[{"@type":"SearchAction","target":{"@type":"EntryPoint","urlTemplate":"https:\/\/sites.uef.fi\/kyynelkanavat\/?s={search_term_string}"},"query-input":{"@type":"PropertyValueSpecification","valueRequired":true,"valueName":"search_term_string"}}],"inLanguage":"fi"}]}},"_links":{"self":[{"href":"https:\/\/sites.uef.fi\/kyynelkanavat\/wp-json\/wp\/v2\/pages\/1645","targetHints":{"allow":["GET"]}}],"collection":[{"href":"https:\/\/sites.uef.fi\/kyynelkanavat\/wp-json\/wp\/v2\/pages"}],"about":[{"href":"https:\/\/sites.uef.fi\/kyynelkanavat\/wp-json\/wp\/v2\/types\/page"}],"author":[{"embeddable":true,"href":"https:\/\/sites.uef.fi\/kyynelkanavat\/wp-json\/wp\/v2\/users\/535"}],"replies":[{"embeddable":true,"href":"https:\/\/sites.uef.fi\/kyynelkanavat\/wp-json\/wp\/v2\/comments?post=1645"}],"version-history":[{"count":2,"href":"https:\/\/sites.uef.fi\/kyynelkanavat\/wp-json\/wp\/v2\/pages\/1645\/revisions"}],"predecessor-version":[{"id":1747,"href":"https:\/\/sites.uef.fi\/kyynelkanavat\/wp-json\/wp\/v2\/pages\/1645\/revisions\/1747"}],"up":[{"embeddable":true,"href":"https:\/\/sites.uef.fi\/kyynelkanavat\/wp-json\/wp\/v2\/pages\/1389"}],"wp:attachment":[{"href":"https:\/\/sites.uef.fi\/kyynelkanavat\/wp-json\/wp\/v2\/media?parent=1645"}],"curies":[{"name":"wp","href":"https:\/\/api.w.org\/{rel}","templated":true}]}}