{"id":17,"date":"2021-01-13T14:27:06","date_gmt":"2021-01-13T12:27:06","guid":{"rendered":"https:\/\/sites.uef.fi\/kyynelkanavat\/?page_id=17"},"modified":"2023-10-30T11:36:38","modified_gmt":"2023-10-30T09:36:38","slug":"kotisivu","status":"publish","type":"page","link":"https:\/\/sites.uef.fi\/kyynelkanavat\/","title":{"rendered":"Etusivu"},"content":{"rendered":"\n<figure class=\"wp-block-image size-large\"><img loading=\"lazy\" decoding=\"async\" width=\"1024\" height=\"634\" src=\"https:\/\/sites.uef.fi\/kyynelkanavat\/wp-content\/uploads\/sites\/266\/2022\/05\/0_tyoryhma1_VarpuHeiskanen-1024x634.jpg\" alt=\"kuusi henkil\u00f6\u00e4 istuu kivill\u00e4, takana n\u00e4kyy mets\u00e4\u00e4\" class=\"wp-image-1684\" srcset=\"https:\/\/sites.uef.fi\/kyynelkanavat\/wp-content\/uploads\/sites\/266\/2022\/05\/0_tyoryhma1_VarpuHeiskanen-1024x634.jpg 1024w, https:\/\/sites.uef.fi\/kyynelkanavat\/wp-content\/uploads\/sites\/266\/2022\/05\/0_tyoryhma1_VarpuHeiskanen-300x186.jpg 300w, https:\/\/sites.uef.fi\/kyynelkanavat\/wp-content\/uploads\/sites\/266\/2022\/05\/0_tyoryhma1_VarpuHeiskanen-768x476.jpg 768w, https:\/\/sites.uef.fi\/kyynelkanavat\/wp-content\/uploads\/sites\/266\/2022\/05\/0_tyoryhma1_VarpuHeiskanen-1536x951.jpg 1536w, https:\/\/sites.uef.fi\/kyynelkanavat\/wp-content\/uploads\/sites\/266\/2022\/05\/0_tyoryhma1_VarpuHeiskanen.jpg 1999w\" sizes=\"auto, (max-width: 1024px) 100vw, 1024px\" \/><\/figure>\n\n\n\n<p>Kyynelkanavat-hanke tarkastelee tieteen ja taiteen keinoin itkuvirsiperinteen jatkumoa ja roolia modernissa suomalaisessa yhteiskunnassa. Perinteen juuret juontuvat it\u00e4merensuomalaisista, etenkin karjalaisista ja inkeril\u00e4isist\u00e4 perinteist\u00e4. Hankkeessa etsimme vastausta kysymykseen, mink\u00e4laisiin tarpeisiin itkuvirret ja \u00e4\u00e4nell\u00e4 itkeminen nykymaailmassa vastaavat. Hankkeessa ty\u00f6skentelee kolme taiteilija\u2013tutkija-ty\u00f6paria, jotka l\u00e4hestyv\u00e4t aihetta kokemuksellisuuden, uskonnollisuuden, yhteis\u00f6llisyyden ja tunteen n\u00e4k\u00f6kulmista, my\u00f6s karjalaisuus on keskeinen teema. Hankkeessa folkloristiikan, etnomusikologian ja kulttuurintutkimuksen n\u00e4k\u00f6kulmat yhdistyv\u00e4t taiteen tapoihin l\u00e4hesty\u00e4 ja soveltaa itkuvirsiperinnett\u00e4. Hanke toimii It\u00e4-Suomen yliopiston Karjalan tutkimuslaitoksella. Hanketta johtaa FT Elina Hyt\u00f6nen-Ng.<\/p>\n\n\n\n<p>Nykyajassa itkuvirsiperinne on versonut moniin eri suuntiin ulottuen taiteesta terapeuttiseen itseilmaisuun. Tutkimuksemme p\u00e4\u00e4kysymyksi\u00e4 ovatkin, mit\u00e4 kaikkea itkuvirret nykyaikana ovat ja mink\u00e4laisia merkityksi\u00e4 itkuvirsille ja \u00e4\u00e4nell\u00e4 itkemiselle annetaan. Nyky-Suomessa (suomalaisen yhteiskunnan vaikutuspiiriss\u00e4 ja maantieteellisen\u00e4 alueena \u2013 ei siis vain suomalaisuutena) on eri taustoista ja l\u00e4ht\u00f6kohdista nousseita tapoja ymm\u00e4rt\u00e4\u00e4, m\u00e4\u00e4ritell\u00e4 ja merkityksellist\u00e4\u00e4 itkuvirsiperinnett\u00e4.<\/p>\n\n\n\n<p>Hankkeemme tavoitteena on tutkia t\u00e4t\u00e4 itkuvirsiperinteen laajaa kentt\u00e4\u00e4 nyky-Suomessa ja tuoda esille, miten moninaisista ilmi\u00f6ist\u00e4 se muodostuu. Hankkeen yhten\u00e4 p\u00e4\u00e4m\u00e4\u00e4r\u00e4n\u00e4 toivomme lis\u00e4\u00e4 avoimuutta ja keskustelevuutta sek\u00e4 ennen kaikkea keskin\u00e4ist\u00e4 ymm\u00e4rryst\u00e4 n\u00e4iden erilaisten n\u00e4kemysten v\u00e4lille. Hankkeen tavoitteena ei siis ole tuottaa yht\u00e4 totuutta siit\u00e4, mit\u00e4 itkuvirsiperinne nykyajassa on, vaan tuoda esiin sen moninaisuus ja eri ilmenemismuotoja, itkuvirsien saamia merkityksi\u00e4 ja itkuperinteen ymp\u00e4rill\u00e4 nousseita keskusteluita.<\/p>\n\n\n\n<p>Hankkeen ty\u00f6ryhm\u00e4 on monialainen ja kunkin tutkijan ja taiteilijan tausta itkuvirsiperinteen parissa hyvin erilainen. N\u00e4in my\u00f6s k\u00e4sityksemme itkuvirsist\u00e4, itkuperinteest\u00e4 ja itkujen merkityksist\u00e4 ovat vaihtelevat, eik\u00e4 hankkeella siten ole yht\u00e4 yksimielist\u00e4 mielipidett\u00e4 tai n\u00e4kemyst\u00e4 keskusteluissa, joihin hankkeen puitteissa olemme osallistuneet ja osallistumme. Kukin hankkeen toimijoista \u2013 tutkijoista ja taiteilijoista \u2013 edustaa siis aina itse\u00e4\u00e4n ja omia mielipiteit\u00e4\u00e4n, ei koko hankkeen ty\u00f6ryhm\u00e4n n\u00e4kemyksi\u00e4.<\/p>\n\n\n\n<p>Haluamme hankkeemme my\u00f6t\u00e4 lis\u00e4t\u00e4 my\u00f6s yleist\u00e4 tiet\u00e4myst\u00e4 itkuvirsiperinteen juurista, karjalaisuudesta ja karjalaisesta kulttuurista sek\u00e4 tukea karjalan kielen elvytysty\u00f6t\u00e4.<\/p>\n\n\n\n<p>Kyynelkanavat-hankkeessa j\u00e4rjest\u00e4mme vuosittain itkuvirsiin ja \u00e4\u00e4nell\u00e4 itkemiseen keskittyvi\u00e4 tapahtumia. Tapahtumien tavoitteena on luoda kohtaamispaikka kaikille itkuvirsist\u00e4 kiinnostuneille. Tapahtumissa tuodaan tutkija\u2013taiteilija-ty\u00f6parien teemoja esille ja k\u00e4yd\u00e4\u00e4n keskustelua niin tutkimuksen kuin \u00e4\u00e4nell\u00e4 itkij\u00f6iden kent\u00e4n kanssa.<\/p>\n\n\n\n<p><\/p>\n\n\n<div class=\"embed-container\">\n    <iframe loading=\"lazy\" title=\"Koneen S\u00e4\u00e4ti\u00f6n uudet apurahansaajat 2020 I Kone Foundation&#039;s new grantees 2020: Kyynelkanavat\" width=\"640\" height=\"360\" src=\"https:\/\/www.youtube.com\/embed\/DFJFs3jciuE?feature=oembed&#038;controls=1&#038;hd=1&#038;autohide=1\" frameborder=\"0\" allow=\"accelerometer; autoplay; clipboard-write; encrypted-media; gyroscope; picture-in-picture; web-share\" referrerpolicy=\"strict-origin-when-cross-origin\" allowfullscreen frameborder=\"0\"><\/iframe><\/div>\n\n\n<p><\/p>\n","protected":false},"excerpt":{"rendered":"<p>Kyynelkanavat-hanke tarkastelee tieteen ja taiteen keinoin itkuvirsiperinteen jatkumoa ja roolia modernissa suomalaisessa yhteiskunnassa. Perinteen juuret juontuvat it\u00e4merensuomalaisista, etenkin karjalaisista ja inkeril\u00e4isist\u00e4 perinteist\u00e4. Hankkeessa etsimme vastausta kysymykseen, mink\u00e4laisiin tarpeisiin itkuvirret ja \u00e4\u00e4nell\u00e4 itkeminen nykymaailmassa vastaavat. Hankkeessa ty\u00f6skentelee kolme taiteilija\u2013tutkija-ty\u00f6paria, jotka l\u00e4hestyv\u00e4t aihetta kokemuksellisuuden, uskonnollisuuden, yhteis\u00f6llisyyden ja tunteen n\u00e4k\u00f6kulmista, my\u00f6s karjalaisuus on keskeinen teema. Hankkeessa folkloristiikan, etnomusikologian [&hellip;]<\/p>\n","protected":false},"author":2,"featured_media":0,"parent":0,"menu_order":0,"comment_status":"closed","ping_status":"closed","template":"","meta":{"_acf_changed":false,"footnotes":""},"class_list":["post-17","page","type-page","status-publish","hentry"],"acf":[],"yoast_head":"<!-- This site is optimized with the Yoast SEO plugin v27.3 - https:\/\/yoast.com\/product\/yoast-seo-wordpress\/ -->\n<title>Etusivu - Kyynelkanavat<\/title>\n<meta name=\"robots\" content=\"index, follow, max-snippet:-1, max-image-preview:large, max-video-preview:-1\" \/>\n<link rel=\"canonical\" href=\"https:\/\/sites.uef.fi\/kyynelkanavat\/\" \/>\n<meta property=\"og:locale\" content=\"fi_FI\" \/>\n<meta property=\"og:type\" content=\"article\" \/>\n<meta property=\"og:title\" content=\"Etusivu - Kyynelkanavat\" \/>\n<meta property=\"og:description\" content=\"Kyynelkanavat-hanke tarkastelee tieteen ja taiteen keinoin itkuvirsiperinteen jatkumoa ja roolia modernissa suomalaisessa yhteiskunnassa. Perinteen juuret juontuvat it\u00e4merensuomalaisista, etenkin karjalaisista ja inkeril\u00e4isist\u00e4 perinteist\u00e4. Hankkeessa etsimme vastausta kysymykseen, mink\u00e4laisiin tarpeisiin itkuvirret ja \u00e4\u00e4nell\u00e4 itkeminen nykymaailmassa vastaavat. Hankkeessa ty\u00f6skentelee kolme taiteilija\u2013tutkija-ty\u00f6paria, jotka l\u00e4hestyv\u00e4t aihetta kokemuksellisuuden, uskonnollisuuden, yhteis\u00f6llisyyden ja tunteen n\u00e4k\u00f6kulmista, my\u00f6s karjalaisuus on keskeinen teema. Hankkeessa folkloristiikan, etnomusikologian [&hellip;]\" \/>\n<meta property=\"og:url\" content=\"https:\/\/sites.uef.fi\/kyynelkanavat\/\" \/>\n<meta property=\"og:site_name\" content=\"Kyynelkanavat\" \/>\n<meta property=\"article:modified_time\" content=\"2023-10-30T09:36:38+00:00\" \/>\n<meta property=\"og:image\" content=\"https:\/\/sites.uef.fi\/kyynelkanavat\/wp-content\/uploads\/sites\/266\/2022\/05\/0_tyoryhma1_VarpuHeiskanen-1024x634.jpg\" \/>\n<meta name=\"twitter:card\" content=\"summary_large_image\" \/>\n<meta name=\"twitter:label1\" content=\"Arvioitu lukuaika\" \/>\n\t<meta name=\"twitter:data1\" content=\"3 minuuttia\" \/>\n<script type=\"application\/ld+json\" class=\"yoast-schema-graph\">{\"@context\":\"https:\\\/\\\/schema.org\",\"@graph\":[{\"@type\":\"WebPage\",\"@id\":\"https:\\\/\\\/sites.uef.fi\\\/kyynelkanavat\\\/\",\"url\":\"https:\\\/\\\/sites.uef.fi\\\/kyynelkanavat\\\/\",\"name\":\"Etusivu - Kyynelkanavat\",\"isPartOf\":{\"@id\":\"https:\\\/\\\/sites.uef.fi\\\/kyynelkanavat\\\/#website\"},\"primaryImageOfPage\":{\"@id\":\"https:\\\/\\\/sites.uef.fi\\\/kyynelkanavat\\\/#primaryimage\"},\"image\":{\"@id\":\"https:\\\/\\\/sites.uef.fi\\\/kyynelkanavat\\\/#primaryimage\"},\"thumbnailUrl\":\"https:\\\/\\\/sites.uef.fi\\\/kyynelkanavat\\\/wp-content\\\/uploads\\\/sites\\\/266\\\/2022\\\/05\\\/0_tyoryhma1_VarpuHeiskanen-1024x634.jpg\",\"datePublished\":\"2021-01-13T12:27:06+00:00\",\"dateModified\":\"2023-10-30T09:36:38+00:00\",\"breadcrumb\":{\"@id\":\"https:\\\/\\\/sites.uef.fi\\\/kyynelkanavat\\\/#breadcrumb\"},\"inLanguage\":\"fi\",\"potentialAction\":[{\"@type\":\"ReadAction\",\"target\":[\"https:\\\/\\\/sites.uef.fi\\\/kyynelkanavat\\\/\"]}]},{\"@type\":\"ImageObject\",\"inLanguage\":\"fi\",\"@id\":\"https:\\\/\\\/sites.uef.fi\\\/kyynelkanavat\\\/#primaryimage\",\"url\":\"https:\\\/\\\/sites.uef.fi\\\/kyynelkanavat\\\/wp-content\\\/uploads\\\/sites\\\/266\\\/2022\\\/05\\\/0_tyoryhma1_VarpuHeiskanen.jpg\",\"contentUrl\":\"https:\\\/\\\/sites.uef.fi\\\/kyynelkanavat\\\/wp-content\\\/uploads\\\/sites\\\/266\\\/2022\\\/05\\\/0_tyoryhma1_VarpuHeiskanen.jpg\",\"width\":1999,\"height\":1238,\"caption\":\"kuusi henkil\u00f6\u00e4 istuu kivill\u00e4, takana n\u00e4kyy mets\u00e4\u00e4\"},{\"@type\":\"BreadcrumbList\",\"@id\":\"https:\\\/\\\/sites.uef.fi\\\/kyynelkanavat\\\/#breadcrumb\",\"itemListElement\":[{\"@type\":\"ListItem\",\"position\":1,\"name\":\"Home\",\"item\":\"https:\\\/\\\/sites.uef.fi\\\/kyynelkanavat\\\/\"},{\"@type\":\"ListItem\",\"position\":2,\"name\":\"Etusivu\"}]},{\"@type\":\"WebSite\",\"@id\":\"https:\\\/\\\/sites.uef.fi\\\/kyynelkanavat\\\/#website\",\"url\":\"https:\\\/\\\/sites.uef.fi\\\/kyynelkanavat\\\/\",\"name\":\"Kyynelkanavat\",\"description\":\"\",\"potentialAction\":[{\"@type\":\"SearchAction\",\"target\":{\"@type\":\"EntryPoint\",\"urlTemplate\":\"https:\\\/\\\/sites.uef.fi\\\/kyynelkanavat\\\/?s={search_term_string}\"},\"query-input\":{\"@type\":\"PropertyValueSpecification\",\"valueRequired\":true,\"valueName\":\"search_term_string\"}}],\"inLanguage\":\"fi\"}]}<\/script>\n<!-- \/ Yoast SEO plugin. -->","yoast_head_json":{"title":"Etusivu - Kyynelkanavat","robots":{"index":"index","follow":"follow","max-snippet":"max-snippet:-1","max-image-preview":"max-image-preview:large","max-video-preview":"max-video-preview:-1"},"canonical":"https:\/\/sites.uef.fi\/kyynelkanavat\/","og_locale":"fi_FI","og_type":"article","og_title":"Etusivu - Kyynelkanavat","og_description":"Kyynelkanavat-hanke tarkastelee tieteen ja taiteen keinoin itkuvirsiperinteen jatkumoa ja roolia modernissa suomalaisessa yhteiskunnassa. Perinteen juuret juontuvat it\u00e4merensuomalaisista, etenkin karjalaisista ja inkeril\u00e4isist\u00e4 perinteist\u00e4. Hankkeessa etsimme vastausta kysymykseen, mink\u00e4laisiin tarpeisiin itkuvirret ja \u00e4\u00e4nell\u00e4 itkeminen nykymaailmassa vastaavat. Hankkeessa ty\u00f6skentelee kolme taiteilija\u2013tutkija-ty\u00f6paria, jotka l\u00e4hestyv\u00e4t aihetta kokemuksellisuuden, uskonnollisuuden, yhteis\u00f6llisyyden ja tunteen n\u00e4k\u00f6kulmista, my\u00f6s karjalaisuus on keskeinen teema. Hankkeessa folkloristiikan, etnomusikologian [&hellip;]","og_url":"https:\/\/sites.uef.fi\/kyynelkanavat\/","og_site_name":"Kyynelkanavat","article_modified_time":"2023-10-30T09:36:38+00:00","og_image":[{"url":"https:\/\/sites.uef.fi\/kyynelkanavat\/wp-content\/uploads\/sites\/266\/2022\/05\/0_tyoryhma1_VarpuHeiskanen-1024x634.jpg","type":"","width":"","height":""}],"twitter_card":"summary_large_image","twitter_misc":{"Arvioitu lukuaika":"3 minuuttia"},"schema":{"@context":"https:\/\/schema.org","@graph":[{"@type":"WebPage","@id":"https:\/\/sites.uef.fi\/kyynelkanavat\/","url":"https:\/\/sites.uef.fi\/kyynelkanavat\/","name":"Etusivu - Kyynelkanavat","isPartOf":{"@id":"https:\/\/sites.uef.fi\/kyynelkanavat\/#website"},"primaryImageOfPage":{"@id":"https:\/\/sites.uef.fi\/kyynelkanavat\/#primaryimage"},"image":{"@id":"https:\/\/sites.uef.fi\/kyynelkanavat\/#primaryimage"},"thumbnailUrl":"https:\/\/sites.uef.fi\/kyynelkanavat\/wp-content\/uploads\/sites\/266\/2022\/05\/0_tyoryhma1_VarpuHeiskanen-1024x634.jpg","datePublished":"2021-01-13T12:27:06+00:00","dateModified":"2023-10-30T09:36:38+00:00","breadcrumb":{"@id":"https:\/\/sites.uef.fi\/kyynelkanavat\/#breadcrumb"},"inLanguage":"fi","potentialAction":[{"@type":"ReadAction","target":["https:\/\/sites.uef.fi\/kyynelkanavat\/"]}]},{"@type":"ImageObject","inLanguage":"fi","@id":"https:\/\/sites.uef.fi\/kyynelkanavat\/#primaryimage","url":"https:\/\/sites.uef.fi\/kyynelkanavat\/wp-content\/uploads\/sites\/266\/2022\/05\/0_tyoryhma1_VarpuHeiskanen.jpg","contentUrl":"https:\/\/sites.uef.fi\/kyynelkanavat\/wp-content\/uploads\/sites\/266\/2022\/05\/0_tyoryhma1_VarpuHeiskanen.jpg","width":1999,"height":1238,"caption":"kuusi henkil\u00f6\u00e4 istuu kivill\u00e4, takana n\u00e4kyy mets\u00e4\u00e4"},{"@type":"BreadcrumbList","@id":"https:\/\/sites.uef.fi\/kyynelkanavat\/#breadcrumb","itemListElement":[{"@type":"ListItem","position":1,"name":"Home","item":"https:\/\/sites.uef.fi\/kyynelkanavat\/"},{"@type":"ListItem","position":2,"name":"Etusivu"}]},{"@type":"WebSite","@id":"https:\/\/sites.uef.fi\/kyynelkanavat\/#website","url":"https:\/\/sites.uef.fi\/kyynelkanavat\/","name":"Kyynelkanavat","description":"","potentialAction":[{"@type":"SearchAction","target":{"@type":"EntryPoint","urlTemplate":"https:\/\/sites.uef.fi\/kyynelkanavat\/?s={search_term_string}"},"query-input":{"@type":"PropertyValueSpecification","valueRequired":true,"valueName":"search_term_string"}}],"inLanguage":"fi"}]}},"_links":{"self":[{"href":"https:\/\/sites.uef.fi\/kyynelkanavat\/wp-json\/wp\/v2\/pages\/17","targetHints":{"allow":["GET"]}}],"collection":[{"href":"https:\/\/sites.uef.fi\/kyynelkanavat\/wp-json\/wp\/v2\/pages"}],"about":[{"href":"https:\/\/sites.uef.fi\/kyynelkanavat\/wp-json\/wp\/v2\/types\/page"}],"author":[{"embeddable":true,"href":"https:\/\/sites.uef.fi\/kyynelkanavat\/wp-json\/wp\/v2\/users\/2"}],"replies":[{"embeddable":true,"href":"https:\/\/sites.uef.fi\/kyynelkanavat\/wp-json\/wp\/v2\/comments?post=17"}],"version-history":[{"count":2,"href":"https:\/\/sites.uef.fi\/kyynelkanavat\/wp-json\/wp\/v2\/pages\/17\/revisions"}],"predecessor-version":[{"id":2853,"href":"https:\/\/sites.uef.fi\/kyynelkanavat\/wp-json\/wp\/v2\/pages\/17\/revisions\/2853"}],"wp:attachment":[{"href":"https:\/\/sites.uef.fi\/kyynelkanavat\/wp-json\/wp\/v2\/media?parent=17"}],"curies":[{"name":"wp","href":"https:\/\/api.w.org\/{rel}","templated":true}]}}