{"id":1777,"date":"2022-06-12T15:21:53","date_gmt":"2022-06-12T13:21:53","guid":{"rendered":"https:\/\/sites.uef.fi\/kyynelkanavat\/?page_id=1777"},"modified":"2022-06-12T15:22:07","modified_gmt":"2022-06-12T13:22:07","slug":"haidenvietto-karjalan-runomailla","status":"publish","type":"page","link":"https:\/\/sites.uef.fi\/kyynelkanavat\/tapahtumat\/kyynelkanavat-2022\/haidenvietto-karjalan-runomailla\/","title":{"rendered":"H\u00e4idenvietto Karjalan runomailla"},"content":{"rendered":"\n<h2 class=\"wp-block-heading\">Ajatusleikki 100-vuotiaan mykk\u00e4elokuvan \u00e4\u00e4nimaailmaan<\/h2>\n\n\n\n<p><strong>Kalevalaseuran vuonna 1921 julkaisema elokuva <\/strong><strong><em>H\u00e4idenvietto Karjalan runomailla <\/em><\/strong><strong>her\u00e4\u00e4 uudelleen henkiin duo Pajolaisen k\u00e4sittelyss\u00e4. Emmi Kuittisen ja Minsku Tammelan muodostama, karjalaiseen kansanlauluperinteeseen perehtynyt Pajolaine on s\u00e4velt\u00e4nyt ja sovittanut elokuvaan uuden musiikin. S\u00e4vellysty\u00f6 alkoi ajatusleikist\u00e4: milt\u00e4 elokuva olisi kuulostanut, jos siihen olisi alun perin saatu tallennettua my\u00f6s musiikki.<\/strong><\/p>\n\n\n\n<p>T\u00e4rke\u00e4\u00e4n rooliin Pajolaisen musiikissa nousi rajakarjalainen h\u00e4\u00e4lauluperinne, erityisesti elokuvassa esiintyvien itkij\u00e4 Matjoi Plattosen itkuvirret ja loitsut sek\u00e4 kantelisti Iivana Brelon soittama Maanitus. Elokuvan uudella \u00e4\u00e4niraidalla musisoivat Kuittisen ja Tammelan lis\u00e4ksi my\u00f6s laulaja-puhallinsoittaja <strong>Juulia Bj\u00f6rn<\/strong> sek\u00e4 kantelisti-laulaja <strong>Maija Kauhanen<\/strong>. \u00c4\u00e4nityksest\u00e4 ja \u00e4\u00e4nisuunnittelusta vastaa <strong>Mikko H. Haapoja<\/strong>.<\/p>\n\n\n\n<figure class=\"wp-block-image size-large\"><img loading=\"lazy\" decoding=\"async\" width=\"1024\" height=\"683\" src=\"https:\/\/sites.uef.fi\/kyynelkanavat\/wp-content\/uploads\/sites\/266\/2022\/06\/KSVK100-kuvaaja-Ella-Kiviniemi-HvKr-08-1024x683.jpeg\" alt=\"\" class=\"wp-image-1786\" srcset=\"https:\/\/sites.uef.fi\/kyynelkanavat\/wp-content\/uploads\/sites\/266\/2022\/06\/KSVK100-kuvaaja-Ella-Kiviniemi-HvKr-08-1024x683.jpeg 1024w, https:\/\/sites.uef.fi\/kyynelkanavat\/wp-content\/uploads\/sites\/266\/2022\/06\/KSVK100-kuvaaja-Ella-Kiviniemi-HvKr-08-300x200.jpeg 300w, https:\/\/sites.uef.fi\/kyynelkanavat\/wp-content\/uploads\/sites\/266\/2022\/06\/KSVK100-kuvaaja-Ella-Kiviniemi-HvKr-08-768x512.jpeg 768w, https:\/\/sites.uef.fi\/kyynelkanavat\/wp-content\/uploads\/sites\/266\/2022\/06\/KSVK100-kuvaaja-Ella-Kiviniemi-HvKr-08-1536x1024.jpeg 1536w, https:\/\/sites.uef.fi\/kyynelkanavat\/wp-content\/uploads\/sites\/266\/2022\/06\/KSVK100-kuvaaja-Ella-Kiviniemi-HvKr-08-2048x1365.jpeg 2048w\" sizes=\"auto, (max-width: 1024px) 100vw, 1024px\" \/><figcaption>Ty\u00f6ryhm\u00e4 lives\u00e4esti katkelmia elokuvasta toukokuussa Kalevalaseuran vuosikirjan 100-vuotisjuhlassa. Kuva: Ella Kiviniemi \/ Kalevalaseura.<\/figcaption><\/figure>\n\n\n\n<p>Vuonna 1919 perustetussa Kalevalaseurassa virisi ajatus tallentaa karjalaisia h\u00e4\u00e4menoja. Kohteeksi valikoitui Raja-Karjalan Suoj\u00e4rvi, jonne kes\u00e4kuussa 1920 Kalevalaseuran retkikunta matkasi. Retkikuntaan kuuluivat kansatieteilij\u00e4 U. T. Sirelius, kansanrunoudentutkija V\u00e4in\u00f6 Salminen, kansanmusiikintutkija A. O. V\u00e4is\u00e4nen ja taiteilija J. W. Mattila. Alkuper\u00e4inen musiikki elokuvassa on Armas Launiksen s\u00e4velt\u00e4m\u00e4 orkesteriteos, jonka h\u00e4n on sovittanut Seitsem\u00e4n veljest\u00e4- ja Kullervo-oopperoistaan.&nbsp;<\/p>\n\n\n\n<p>H\u00e4idenvietto -elokuva ja sen taustat ovat melko tyypillisi\u00e4 itsen\u00e4isyyden j\u00e4lkimaininkien karelianismille ja kansalliselle kiinnostukselle karjalaisuudesta ammentavaa menneisyytt\u00e4, tapoja ja perinteit\u00e4 kohtaan. Elokuva on taiteellinen ja kulttuurinen konstruktio, jossa karjalainen h\u00e4\u00e4n\u00e4ytelm\u00e4 heijastelee mielikuvaa \u201dkalevalalaisesta\u201d perinteest\u00e4, jota ei t\u00e4llaisenaan ole koskaan ollut.&nbsp;<\/p>\n\n\n\n<p>\u201dElokuva on vahvasti aikakautensa tuote. Vaikka elokuvan rytmi saattaa tuntua nykykatsojasta oudolta, koimme, ett\u00e4 siin\u00e4 on paljon kauniita kohtauksia. Paikalliset ihmiset esiintyv\u00e4t siin\u00e4 luontevasti ja tuli olo, ett\u00e4 elokuva kaipaa musiikin, joka toisi sit\u00e4 samaa tunnelmaa\u201d, Kuittinen ja Tammela taustoittavat s\u00e4vellysty\u00f6ns\u00e4 l\u00e4ht\u00f6kohtia ja jatkavat: \u201dKaikki elokuvan tekstit kuten<em> <\/em>laulujen, itkujen ja loitsujen sanat on tallennettu Raja-Karjalan alueelta, ja ne ovat p\u00e4\u00e4osin karjalaksi. Elokuvan kuvitteelliset h\u00e4\u00e4t olivat inspiroiva asetelma tuoda esiin perinnemusiikkia ja s\u00e4velt\u00e4\u00e4 uutta, sill\u00e4 kohtauksien tunnelmat vaihtelevat itkuvirsien ja runolaulujen seesteisest\u00e4 maailmasta riehakkaisiin h\u00e4\u00e4tansseihin.\u201d<\/p>\n\n\n\n<p>Elokuvan oikeudet omistava Kalevalaseura on tukenut Pajolaisen hanketta alusta l\u00e4htien. \u201cKalevalaseurassa ollaan innostuneita elokuvan uudesta ja raikkaasta musiikillisesta toteutuksesta, joka kunnioittaa elokuvan alkuper\u00e4ist\u00e4 rytmi\u00e4. Kaikkia klassikoita sovitetaan ja tulkitaan yh\u00e4 uudestaan, niin my\u00f6s H\u00e4idenvietto-elokuvaa. Hieno lis\u00e4 uudessa tulkinnassa on arkiston \u00e4\u00e4nitteiden sovittaminen osaksi elokuvan musiikillista kerrontaa\u201d, kertoo Kalevalaseuran toiminnanjohtaja <strong>Niina H\u00e4m\u00e4l\u00e4inen<\/strong>.<\/p>\n\n\n\n<p>Pajolaine ponnistaa laulutoveruudesta ja karjalaisesta lauluperinteest\u00e4. Emmi Kuittinen ja Minsku Tammela ovat ammattikansanmuusikoita, ja he ovat laulaneet yhdess\u00e4 jo vuodesta 2011. Vuonna 2014 he menestyiv\u00e4t kansallisessa Konsta Jylh\u00e4 -laulukilpailussa ja vuonna 2015 julkaistiin albumi Raitilla. Kuittinen ja Tammela kertovat Kyynelkanavat 2022 -tapahtumassa koko H\u00e4idenvietto-projektista elokuvan\u00e4yt\u00f6ksen alussa Ilomantsissa ja Joensuussa.<\/p>\n\n\n\n<p><\/p>\n","protected":false},"excerpt":{"rendered":"<p>Ajatusleikki 100-vuotiaan mykk\u00e4elokuvan \u00e4\u00e4nimaailmaan Kalevalaseuran vuonna 1921 julkaisema elokuva H\u00e4idenvietto Karjalan runomailla her\u00e4\u00e4 uudelleen henkiin duo Pajolaisen k\u00e4sittelyss\u00e4. Emmi Kuittisen ja Minsku Tammelan muodostama, karjalaiseen kansanlauluperinteeseen perehtynyt Pajolaine on s\u00e4velt\u00e4nyt ja sovittanut elokuvaan uuden musiikin. S\u00e4vellysty\u00f6 alkoi ajatusleikist\u00e4: milt\u00e4 elokuva olisi kuulostanut, jos siihen olisi alun perin saatu tallennettua my\u00f6s musiikki. T\u00e4rke\u00e4\u00e4n rooliin Pajolaisen musiikissa [&hellip;]<\/p>\n","protected":false},"author":535,"featured_media":0,"parent":1389,"menu_order":0,"comment_status":"closed","ping_status":"closed","template":"","meta":{"_acf_changed":false,"footnotes":""},"class_list":["post-1777","page","type-page","status-publish","hentry"],"acf":[],"yoast_head":"<!-- This site is optimized with the Yoast SEO plugin v27.3 - https:\/\/yoast.com\/product\/yoast-seo-wordpress\/ -->\n<title>H\u00e4idenvietto Karjalan runomailla - Kyynelkanavat<\/title>\n<meta name=\"robots\" content=\"index, follow, max-snippet:-1, max-image-preview:large, max-video-preview:-1\" \/>\n<link rel=\"canonical\" href=\"https:\/\/sites.uef.fi\/kyynelkanavat\/tapahtumat\/kyynelkanavat-2022\/haidenvietto-karjalan-runomailla\/\" \/>\n<meta property=\"og:locale\" content=\"fi_FI\" \/>\n<meta property=\"og:type\" content=\"article\" \/>\n<meta property=\"og:title\" content=\"H\u00e4idenvietto Karjalan runomailla - Kyynelkanavat\" \/>\n<meta property=\"og:description\" content=\"Ajatusleikki 100-vuotiaan mykk\u00e4elokuvan \u00e4\u00e4nimaailmaan Kalevalaseuran vuonna 1921 julkaisema elokuva H\u00e4idenvietto Karjalan runomailla her\u00e4\u00e4 uudelleen henkiin duo Pajolaisen k\u00e4sittelyss\u00e4. Emmi Kuittisen ja Minsku Tammelan muodostama, karjalaiseen kansanlauluperinteeseen perehtynyt Pajolaine on s\u00e4velt\u00e4nyt ja sovittanut elokuvaan uuden musiikin. S\u00e4vellysty\u00f6 alkoi ajatusleikist\u00e4: milt\u00e4 elokuva olisi kuulostanut, jos siihen olisi alun perin saatu tallennettua my\u00f6s musiikki. T\u00e4rke\u00e4\u00e4n rooliin Pajolaisen musiikissa [&hellip;]\" \/>\n<meta property=\"og:url\" content=\"https:\/\/sites.uef.fi\/kyynelkanavat\/tapahtumat\/kyynelkanavat-2022\/haidenvietto-karjalan-runomailla\/\" \/>\n<meta property=\"og:site_name\" content=\"Kyynelkanavat\" \/>\n<meta property=\"article:modified_time\" content=\"2022-06-12T13:22:07+00:00\" \/>\n<meta property=\"og:image\" content=\"https:\/\/sites.uef.fi\/kyynelkanavat\/wp-content\/uploads\/sites\/266\/2022\/06\/KSVK100-kuvaaja-Ella-Kiviniemi-HvKr-08-1024x683.jpeg\" \/>\n<meta name=\"twitter:card\" content=\"summary_large_image\" \/>\n<meta name=\"twitter:label1\" content=\"Arvioitu lukuaika\" \/>\n\t<meta name=\"twitter:data1\" content=\"2 minuuttia\" \/>\n<script type=\"application\/ld+json\" class=\"yoast-schema-graph\">{\"@context\":\"https:\\\/\\\/schema.org\",\"@graph\":[{\"@type\":\"WebPage\",\"@id\":\"https:\\\/\\\/sites.uef.fi\\\/kyynelkanavat\\\/tapahtumat\\\/kyynelkanavat-2022\\\/haidenvietto-karjalan-runomailla\\\/\",\"url\":\"https:\\\/\\\/sites.uef.fi\\\/kyynelkanavat\\\/tapahtumat\\\/kyynelkanavat-2022\\\/haidenvietto-karjalan-runomailla\\\/\",\"name\":\"H\u00e4idenvietto Karjalan runomailla - Kyynelkanavat\",\"isPartOf\":{\"@id\":\"https:\\\/\\\/sites.uef.fi\\\/kyynelkanavat\\\/#website\"},\"primaryImageOfPage\":{\"@id\":\"https:\\\/\\\/sites.uef.fi\\\/kyynelkanavat\\\/tapahtumat\\\/kyynelkanavat-2022\\\/haidenvietto-karjalan-runomailla\\\/#primaryimage\"},\"image\":{\"@id\":\"https:\\\/\\\/sites.uef.fi\\\/kyynelkanavat\\\/tapahtumat\\\/kyynelkanavat-2022\\\/haidenvietto-karjalan-runomailla\\\/#primaryimage\"},\"thumbnailUrl\":\"https:\\\/\\\/sites.uef.fi\\\/kyynelkanavat\\\/wp-content\\\/uploads\\\/sites\\\/266\\\/2022\\\/06\\\/KSVK100-kuvaaja-Ella-Kiviniemi-HvKr-08-1024x683.jpeg\",\"datePublished\":\"2022-06-12T13:21:53+00:00\",\"dateModified\":\"2022-06-12T13:22:07+00:00\",\"breadcrumb\":{\"@id\":\"https:\\\/\\\/sites.uef.fi\\\/kyynelkanavat\\\/tapahtumat\\\/kyynelkanavat-2022\\\/haidenvietto-karjalan-runomailla\\\/#breadcrumb\"},\"inLanguage\":\"fi\",\"potentialAction\":[{\"@type\":\"ReadAction\",\"target\":[\"https:\\\/\\\/sites.uef.fi\\\/kyynelkanavat\\\/tapahtumat\\\/kyynelkanavat-2022\\\/haidenvietto-karjalan-runomailla\\\/\"]}]},{\"@type\":\"ImageObject\",\"inLanguage\":\"fi\",\"@id\":\"https:\\\/\\\/sites.uef.fi\\\/kyynelkanavat\\\/tapahtumat\\\/kyynelkanavat-2022\\\/haidenvietto-karjalan-runomailla\\\/#primaryimage\",\"url\":\"https:\\\/\\\/sites.uef.fi\\\/kyynelkanavat\\\/wp-content\\\/uploads\\\/sites\\\/266\\\/2022\\\/06\\\/KSVK100-kuvaaja-Ella-Kiviniemi-HvKr-08-1024x683.jpeg\",\"contentUrl\":\"https:\\\/\\\/sites.uef.fi\\\/kyynelkanavat\\\/wp-content\\\/uploads\\\/sites\\\/266\\\/2022\\\/06\\\/KSVK100-kuvaaja-Ella-Kiviniemi-HvKr-08-1024x683.jpeg\"},{\"@type\":\"BreadcrumbList\",\"@id\":\"https:\\\/\\\/sites.uef.fi\\\/kyynelkanavat\\\/tapahtumat\\\/kyynelkanavat-2022\\\/haidenvietto-karjalan-runomailla\\\/#breadcrumb\",\"itemListElement\":[{\"@type\":\"ListItem\",\"position\":1,\"name\":\"Home\",\"item\":\"https:\\\/\\\/sites.uef.fi\\\/kyynelkanavat\\\/\"},{\"@type\":\"ListItem\",\"position\":2,\"name\":\"Tapahtumat\",\"item\":\"https:\\\/\\\/sites.uef.fi\\\/kyynelkanavat\\\/tapahtumat\\\/\"},{\"@type\":\"ListItem\",\"position\":3,\"name\":\"Kyynelkanavat 2022\",\"item\":\"https:\\\/\\\/sites.uef.fi\\\/kyynelkanavat\\\/tapahtumat\\\/kyynelkanavat-2022\\\/\"},{\"@type\":\"ListItem\",\"position\":4,\"name\":\"H\u00e4idenvietto Karjalan runomailla\"}]},{\"@type\":\"WebSite\",\"@id\":\"https:\\\/\\\/sites.uef.fi\\\/kyynelkanavat\\\/#website\",\"url\":\"https:\\\/\\\/sites.uef.fi\\\/kyynelkanavat\\\/\",\"name\":\"Kyynelkanavat\",\"description\":\"\",\"potentialAction\":[{\"@type\":\"SearchAction\",\"target\":{\"@type\":\"EntryPoint\",\"urlTemplate\":\"https:\\\/\\\/sites.uef.fi\\\/kyynelkanavat\\\/?s={search_term_string}\"},\"query-input\":{\"@type\":\"PropertyValueSpecification\",\"valueRequired\":true,\"valueName\":\"search_term_string\"}}],\"inLanguage\":\"fi\"}]}<\/script>\n<!-- \/ Yoast SEO plugin. -->","yoast_head_json":{"title":"H\u00e4idenvietto Karjalan runomailla - Kyynelkanavat","robots":{"index":"index","follow":"follow","max-snippet":"max-snippet:-1","max-image-preview":"max-image-preview:large","max-video-preview":"max-video-preview:-1"},"canonical":"https:\/\/sites.uef.fi\/kyynelkanavat\/tapahtumat\/kyynelkanavat-2022\/haidenvietto-karjalan-runomailla\/","og_locale":"fi_FI","og_type":"article","og_title":"H\u00e4idenvietto Karjalan runomailla - Kyynelkanavat","og_description":"Ajatusleikki 100-vuotiaan mykk\u00e4elokuvan \u00e4\u00e4nimaailmaan Kalevalaseuran vuonna 1921 julkaisema elokuva H\u00e4idenvietto Karjalan runomailla her\u00e4\u00e4 uudelleen henkiin duo Pajolaisen k\u00e4sittelyss\u00e4. Emmi Kuittisen ja Minsku Tammelan muodostama, karjalaiseen kansanlauluperinteeseen perehtynyt Pajolaine on s\u00e4velt\u00e4nyt ja sovittanut elokuvaan uuden musiikin. S\u00e4vellysty\u00f6 alkoi ajatusleikist\u00e4: milt\u00e4 elokuva olisi kuulostanut, jos siihen olisi alun perin saatu tallennettua my\u00f6s musiikki. T\u00e4rke\u00e4\u00e4n rooliin Pajolaisen musiikissa [&hellip;]","og_url":"https:\/\/sites.uef.fi\/kyynelkanavat\/tapahtumat\/kyynelkanavat-2022\/haidenvietto-karjalan-runomailla\/","og_site_name":"Kyynelkanavat","article_modified_time":"2022-06-12T13:22:07+00:00","og_image":[{"url":"https:\/\/sites.uef.fi\/kyynelkanavat\/wp-content\/uploads\/sites\/266\/2022\/06\/KSVK100-kuvaaja-Ella-Kiviniemi-HvKr-08-1024x683.jpeg","type":"","width":"","height":""}],"twitter_card":"summary_large_image","twitter_misc":{"Arvioitu lukuaika":"2 minuuttia"},"schema":{"@context":"https:\/\/schema.org","@graph":[{"@type":"WebPage","@id":"https:\/\/sites.uef.fi\/kyynelkanavat\/tapahtumat\/kyynelkanavat-2022\/haidenvietto-karjalan-runomailla\/","url":"https:\/\/sites.uef.fi\/kyynelkanavat\/tapahtumat\/kyynelkanavat-2022\/haidenvietto-karjalan-runomailla\/","name":"H\u00e4idenvietto Karjalan runomailla - Kyynelkanavat","isPartOf":{"@id":"https:\/\/sites.uef.fi\/kyynelkanavat\/#website"},"primaryImageOfPage":{"@id":"https:\/\/sites.uef.fi\/kyynelkanavat\/tapahtumat\/kyynelkanavat-2022\/haidenvietto-karjalan-runomailla\/#primaryimage"},"image":{"@id":"https:\/\/sites.uef.fi\/kyynelkanavat\/tapahtumat\/kyynelkanavat-2022\/haidenvietto-karjalan-runomailla\/#primaryimage"},"thumbnailUrl":"https:\/\/sites.uef.fi\/kyynelkanavat\/wp-content\/uploads\/sites\/266\/2022\/06\/KSVK100-kuvaaja-Ella-Kiviniemi-HvKr-08-1024x683.jpeg","datePublished":"2022-06-12T13:21:53+00:00","dateModified":"2022-06-12T13:22:07+00:00","breadcrumb":{"@id":"https:\/\/sites.uef.fi\/kyynelkanavat\/tapahtumat\/kyynelkanavat-2022\/haidenvietto-karjalan-runomailla\/#breadcrumb"},"inLanguage":"fi","potentialAction":[{"@type":"ReadAction","target":["https:\/\/sites.uef.fi\/kyynelkanavat\/tapahtumat\/kyynelkanavat-2022\/haidenvietto-karjalan-runomailla\/"]}]},{"@type":"ImageObject","inLanguage":"fi","@id":"https:\/\/sites.uef.fi\/kyynelkanavat\/tapahtumat\/kyynelkanavat-2022\/haidenvietto-karjalan-runomailla\/#primaryimage","url":"https:\/\/sites.uef.fi\/kyynelkanavat\/wp-content\/uploads\/sites\/266\/2022\/06\/KSVK100-kuvaaja-Ella-Kiviniemi-HvKr-08-1024x683.jpeg","contentUrl":"https:\/\/sites.uef.fi\/kyynelkanavat\/wp-content\/uploads\/sites\/266\/2022\/06\/KSVK100-kuvaaja-Ella-Kiviniemi-HvKr-08-1024x683.jpeg"},{"@type":"BreadcrumbList","@id":"https:\/\/sites.uef.fi\/kyynelkanavat\/tapahtumat\/kyynelkanavat-2022\/haidenvietto-karjalan-runomailla\/#breadcrumb","itemListElement":[{"@type":"ListItem","position":1,"name":"Home","item":"https:\/\/sites.uef.fi\/kyynelkanavat\/"},{"@type":"ListItem","position":2,"name":"Tapahtumat","item":"https:\/\/sites.uef.fi\/kyynelkanavat\/tapahtumat\/"},{"@type":"ListItem","position":3,"name":"Kyynelkanavat 2022","item":"https:\/\/sites.uef.fi\/kyynelkanavat\/tapahtumat\/kyynelkanavat-2022\/"},{"@type":"ListItem","position":4,"name":"H\u00e4idenvietto Karjalan runomailla"}]},{"@type":"WebSite","@id":"https:\/\/sites.uef.fi\/kyynelkanavat\/#website","url":"https:\/\/sites.uef.fi\/kyynelkanavat\/","name":"Kyynelkanavat","description":"","potentialAction":[{"@type":"SearchAction","target":{"@type":"EntryPoint","urlTemplate":"https:\/\/sites.uef.fi\/kyynelkanavat\/?s={search_term_string}"},"query-input":{"@type":"PropertyValueSpecification","valueRequired":true,"valueName":"search_term_string"}}],"inLanguage":"fi"}]}},"_links":{"self":[{"href":"https:\/\/sites.uef.fi\/kyynelkanavat\/wp-json\/wp\/v2\/pages\/1777","targetHints":{"allow":["GET"]}}],"collection":[{"href":"https:\/\/sites.uef.fi\/kyynelkanavat\/wp-json\/wp\/v2\/pages"}],"about":[{"href":"https:\/\/sites.uef.fi\/kyynelkanavat\/wp-json\/wp\/v2\/types\/page"}],"author":[{"embeddable":true,"href":"https:\/\/sites.uef.fi\/kyynelkanavat\/wp-json\/wp\/v2\/users\/535"}],"replies":[{"embeddable":true,"href":"https:\/\/sites.uef.fi\/kyynelkanavat\/wp-json\/wp\/v2\/comments?post=1777"}],"version-history":[{"count":1,"href":"https:\/\/sites.uef.fi\/kyynelkanavat\/wp-json\/wp\/v2\/pages\/1777\/revisions"}],"predecessor-version":[{"id":1792,"href":"https:\/\/sites.uef.fi\/kyynelkanavat\/wp-json\/wp\/v2\/pages\/1777\/revisions\/1792"}],"up":[{"embeddable":true,"href":"https:\/\/sites.uef.fi\/kyynelkanavat\/wp-json\/wp\/v2\/pages\/1389"}],"wp:attachment":[{"href":"https:\/\/sites.uef.fi\/kyynelkanavat\/wp-json\/wp\/v2\/media?parent=1777"}],"curies":[{"name":"wp","href":"https:\/\/api.w.org\/{rel}","templated":true}]}}