{"id":307,"date":"2021-05-03T08:01:24","date_gmt":"2021-05-03T06:01:24","guid":{"rendered":"https:\/\/sites.uef.fi\/kyynelkanavat\/?page_id=307"},"modified":"2024-01-19T13:50:45","modified_gmt":"2024-01-19T11:50:45","slug":"yhteystiedot","status":"publish","type":"page","link":"https:\/\/sites.uef.fi\/kyynelkanavat\/yhteystiedot\/","title":{"rendered":"Yhteystiedot ja medialle"},"content":{"rendered":"\n<p>kyynelkanavat [a] gmail.com<\/p>\n\n\n\n<p><a rel=\"noreferrer noopener\" href=\"https:\/\/www.uef.fi\/fi\/yksikko\/karjalan-tutkimuslaitos\" data-type=\"URL\" data-id=\"https:\/\/www.uef.fi\/fi\/yksikko\/karjalan-tutkimuslaitos\" target=\"_blank\">Karjalan tutkimuslaitos, It\u00e4-Suomen yliopisto<\/a><\/p>\n\n\n\n<p>Mediateidotteet ja pressikuvat <a href=\"https:\/\/drive.google.com\/drive\/folders\/1iw9Epa7TkjknMYJbz_sR2T_U6Q6CoXyC?usp=sharing\" target=\"_blank\" rel=\"noreferrer noopener\">t\u00e4\u00e4lt\u00e4<\/a><br>Kuvia k\u00e4ytett\u00e4ess\u00e4 kuvaajatiedot ilmoitettava.<\/p>\n\n\n\n<figure class=\"wp-block-image size-large\"><img loading=\"lazy\" decoding=\"async\" width=\"1024\" height=\"1024\" src=\"https:\/\/sites.uef.fi\/kyynelkanavat\/wp-content\/uploads\/sites\/266\/2021\/12\/263263916_661486055230316_3119517112651706383_n-1024x1024.jpg\" alt=\"\" class=\"wp-image-1072\" srcset=\"https:\/\/sites.uef.fi\/kyynelkanavat\/wp-content\/uploads\/sites\/266\/2021\/12\/263263916_661486055230316_3119517112651706383_n-1024x1024.jpg 1024w, https:\/\/sites.uef.fi\/kyynelkanavat\/wp-content\/uploads\/sites\/266\/2021\/12\/263263916_661486055230316_3119517112651706383_n-300x300.jpg 300w, https:\/\/sites.uef.fi\/kyynelkanavat\/wp-content\/uploads\/sites\/266\/2021\/12\/263263916_661486055230316_3119517112651706383_n-150x150.jpg 150w, https:\/\/sites.uef.fi\/kyynelkanavat\/wp-content\/uploads\/sites\/266\/2021\/12\/263263916_661486055230316_3119517112651706383_n-768x768.jpg 768w, https:\/\/sites.uef.fi\/kyynelkanavat\/wp-content\/uploads\/sites\/266\/2021\/12\/263263916_661486055230316_3119517112651706383_n-1536x1536.jpg 1536w, https:\/\/sites.uef.fi\/kyynelkanavat\/wp-content\/uploads\/sites\/266\/2021\/12\/263263916_661486055230316_3119517112651706383_n-100x100.jpg 100w, https:\/\/sites.uef.fi\/kyynelkanavat\/wp-content\/uploads\/sites\/266\/2021\/12\/263263916_661486055230316_3119517112651706383_n.jpg 2048w\" sizes=\"auto, (max-width: 1024px) 100vw, 1024px\" \/><figcaption class=\"wp-element-caption\">Kuva: Varpu Heiskanen<\/figcaption><\/figure>\n\n\n\n<figure class=\"wp-block-image size-large\"><img loading=\"lazy\" decoding=\"async\" width=\"1024\" height=\"711\" src=\"https:\/\/sites.uef.fi\/kyynelkanavat\/wp-content\/uploads\/sites\/266\/2021\/12\/Kyynelkanavat_tutkijat_VarpuHeiskanen_DSC9252-1024x711.jpg\" alt=\"\" class=\"wp-image-1078\" srcset=\"https:\/\/sites.uef.fi\/kyynelkanavat\/wp-content\/uploads\/sites\/266\/2021\/12\/Kyynelkanavat_tutkijat_VarpuHeiskanen_DSC9252-1024x711.jpg 1024w, https:\/\/sites.uef.fi\/kyynelkanavat\/wp-content\/uploads\/sites\/266\/2021\/12\/Kyynelkanavat_tutkijat_VarpuHeiskanen_DSC9252-300x208.jpg 300w, https:\/\/sites.uef.fi\/kyynelkanavat\/wp-content\/uploads\/sites\/266\/2021\/12\/Kyynelkanavat_tutkijat_VarpuHeiskanen_DSC9252-768x533.jpg 768w, https:\/\/sites.uef.fi\/kyynelkanavat\/wp-content\/uploads\/sites\/266\/2021\/12\/Kyynelkanavat_tutkijat_VarpuHeiskanen_DSC9252-1536x1067.jpg 1536w, https:\/\/sites.uef.fi\/kyynelkanavat\/wp-content\/uploads\/sites\/266\/2021\/12\/Kyynelkanavat_tutkijat_VarpuHeiskanen_DSC9252.jpg 2000w\" sizes=\"auto, (max-width: 1024px) 100vw, 1024px\" \/><figcaption class=\"wp-element-caption\">Kuva: Varpu Heiskanen<\/figcaption><\/figure>\n\n\n\n<figure class=\"wp-block-image size-large is-resized\"><img loading=\"lazy\" decoding=\"async\" width=\"1024\" height=\"736\" src=\"https:\/\/sites.uef.fi\/kyynelkanavat\/wp-content\/uploads\/sites\/266\/2021\/12\/Kyynelkanavat-taiteilijat_kuvaVarpuHeiskanen-1024x736.png\" alt=\"Kuvassa kolme naista istuu eriv\u00e4risiss\u00e4 mekoissa hirsitalon ikkunan alla.\" class=\"wp-image-1084\" style=\"width:810px;height:auto\" srcset=\"https:\/\/sites.uef.fi\/kyynelkanavat\/wp-content\/uploads\/sites\/266\/2021\/12\/Kyynelkanavat-taiteilijat_kuvaVarpuHeiskanen-1024x736.png 1024w, https:\/\/sites.uef.fi\/kyynelkanavat\/wp-content\/uploads\/sites\/266\/2021\/12\/Kyynelkanavat-taiteilijat_kuvaVarpuHeiskanen-300x216.png 300w, https:\/\/sites.uef.fi\/kyynelkanavat\/wp-content\/uploads\/sites\/266\/2021\/12\/Kyynelkanavat-taiteilijat_kuvaVarpuHeiskanen-768x552.png 768w, https:\/\/sites.uef.fi\/kyynelkanavat\/wp-content\/uploads\/sites\/266\/2021\/12\/Kyynelkanavat-taiteilijat_kuvaVarpuHeiskanen.png 1287w\" sizes=\"auto, (max-width: 1024px) 100vw, 1024px\" \/><figcaption class=\"wp-element-caption\">Surento: Liisa Matveinen, Emmi Kuittinen, Emilia Kallonen. Kuvaaja: Varpu Heiskanen<\/figcaption><\/figure>\n\n\n\n<figure class=\"wp-block-image size-large\"><img loading=\"lazy\" decoding=\"async\" width=\"1024\" height=\"634\" src=\"https:\/\/sites.uef.fi\/kyynelkanavat\/wp-content\/uploads\/sites\/266\/2022\/05\/0_tyoryhma1_VarpuHeiskanen-1024x634.jpg\" alt=\"kuusi henkil\u00f6\u00e4 istuu kivill\u00e4, takana n\u00e4kyy mets\u00e4\u00e4\" class=\"wp-image-1684\" srcset=\"https:\/\/sites.uef.fi\/kyynelkanavat\/wp-content\/uploads\/sites\/266\/2022\/05\/0_tyoryhma1_VarpuHeiskanen-1024x634.jpg 1024w, https:\/\/sites.uef.fi\/kyynelkanavat\/wp-content\/uploads\/sites\/266\/2022\/05\/0_tyoryhma1_VarpuHeiskanen-300x186.jpg 300w, https:\/\/sites.uef.fi\/kyynelkanavat\/wp-content\/uploads\/sites\/266\/2022\/05\/0_tyoryhma1_VarpuHeiskanen-768x476.jpg 768w, https:\/\/sites.uef.fi\/kyynelkanavat\/wp-content\/uploads\/sites\/266\/2022\/05\/0_tyoryhma1_VarpuHeiskanen-1536x951.jpg 1536w, https:\/\/sites.uef.fi\/kyynelkanavat\/wp-content\/uploads\/sites\/266\/2022\/05\/0_tyoryhma1_VarpuHeiskanen.jpg 1999w\" sizes=\"auto, (max-width: 1024px) 100vw, 1024px\" \/><figcaption class=\"wp-element-caption\">Kuva: Varpu Heiskanen<\/figcaption><\/figure>\n\n\n\n<figure class=\"wp-block-image size-large\"><img loading=\"lazy\" decoding=\"async\" width=\"1024\" height=\"768\" src=\"https:\/\/sites.uef.fi\/kyynelkanavat\/wp-content\/uploads\/sites\/266\/2021\/12\/tyoryhma3_VarpuHeiskanen-edited-1024x768.jpg\" alt=\"Ty\u00f6ryhm\u00e4 vanhan hirsisein\u00e4n edess\u00e4. Kuva: Varpu Heiskanen.\" class=\"wp-image-1058\" srcset=\"https:\/\/sites.uef.fi\/kyynelkanavat\/wp-content\/uploads\/sites\/266\/2021\/12\/tyoryhma3_VarpuHeiskanen-edited-1024x768.jpg 1024w, https:\/\/sites.uef.fi\/kyynelkanavat\/wp-content\/uploads\/sites\/266\/2021\/12\/tyoryhma3_VarpuHeiskanen-edited-300x225.jpg 300w, https:\/\/sites.uef.fi\/kyynelkanavat\/wp-content\/uploads\/sites\/266\/2021\/12\/tyoryhma3_VarpuHeiskanen-edited-768x576.jpg 768w, https:\/\/sites.uef.fi\/kyynelkanavat\/wp-content\/uploads\/sites\/266\/2021\/12\/tyoryhma3_VarpuHeiskanen-edited-1536x1152.jpg 1536w, https:\/\/sites.uef.fi\/kyynelkanavat\/wp-content\/uploads\/sites\/266\/2021\/12\/tyoryhma3_VarpuHeiskanen-edited.jpg 2000w\" sizes=\"auto, (max-width: 1024px) 100vw, 1024px\" \/><figcaption class=\"wp-element-caption\">Kuva: Varpu Heiskanen<\/figcaption><\/figure>\n","protected":false},"excerpt":{"rendered":"<p>kyynelkanavat [a] gmail.com Karjalan tutkimuslaitos, It\u00e4-Suomen yliopisto Mediateidotteet ja pressikuvat t\u00e4\u00e4lt\u00e4Kuvia k\u00e4ytett\u00e4ess\u00e4 kuvaajatiedot ilmoitettava.<\/p>\n","protected":false},"author":535,"featured_media":0,"parent":0,"menu_order":6,"comment_status":"closed","ping_status":"closed","template":"","meta":{"_acf_changed":false,"footnotes":""},"class_list":["post-307","page","type-page","status-publish","hentry"],"acf":[],"yoast_head":"<!-- This site is optimized with the Yoast SEO plugin v27.3 - https:\/\/yoast.com\/product\/yoast-seo-wordpress\/ -->\n<title>Yhteystiedot ja medialle - Kyynelkanavat<\/title>\n<meta name=\"robots\" content=\"index, follow, max-snippet:-1, max-image-preview:large, max-video-preview:-1\" \/>\n<link rel=\"canonical\" href=\"https:\/\/sites.uef.fi\/kyynelkanavat\/yhteystiedot\/\" \/>\n<meta property=\"og:locale\" content=\"fi_FI\" \/>\n<meta property=\"og:type\" content=\"article\" \/>\n<meta property=\"og:title\" content=\"Yhteystiedot ja medialle - Kyynelkanavat\" \/>\n<meta property=\"og:description\" content=\"kyynelkanavat [a] gmail.com Karjalan tutkimuslaitos, It\u00e4-Suomen yliopisto Mediateidotteet ja pressikuvat t\u00e4\u00e4lt\u00e4Kuvia k\u00e4ytett\u00e4ess\u00e4 kuvaajatiedot ilmoitettava.\" \/>\n<meta property=\"og:url\" content=\"https:\/\/sites.uef.fi\/kyynelkanavat\/yhteystiedot\/\" \/>\n<meta property=\"og:site_name\" content=\"Kyynelkanavat\" \/>\n<meta property=\"article:modified_time\" content=\"2024-01-19T11:50:45+00:00\" \/>\n<meta property=\"og:image\" content=\"https:\/\/sites.uef.fi\/kyynelkanavat\/wp-content\/uploads\/sites\/266\/2021\/12\/263263916_661486055230316_3119517112651706383_n-1024x1024.jpg\" \/>\n<meta name=\"twitter:card\" content=\"summary_large_image\" \/>\n<meta name=\"twitter:label1\" content=\"Arvioitu lukuaika\" \/>\n\t<meta name=\"twitter:data1\" content=\"2 minuuttia\" \/>\n<script type=\"application\/ld+json\" class=\"yoast-schema-graph\">{\"@context\":\"https:\\\/\\\/schema.org\",\"@graph\":[{\"@type\":\"WebPage\",\"@id\":\"https:\\\/\\\/sites.uef.fi\\\/kyynelkanavat\\\/yhteystiedot\\\/\",\"url\":\"https:\\\/\\\/sites.uef.fi\\\/kyynelkanavat\\\/yhteystiedot\\\/\",\"name\":\"Yhteystiedot ja medialle - Kyynelkanavat\",\"isPartOf\":{\"@id\":\"https:\\\/\\\/sites.uef.fi\\\/kyynelkanavat\\\/#website\"},\"primaryImageOfPage\":{\"@id\":\"https:\\\/\\\/sites.uef.fi\\\/kyynelkanavat\\\/yhteystiedot\\\/#primaryimage\"},\"image\":{\"@id\":\"https:\\\/\\\/sites.uef.fi\\\/kyynelkanavat\\\/yhteystiedot\\\/#primaryimage\"},\"thumbnailUrl\":\"https:\\\/\\\/sites.uef.fi\\\/kyynelkanavat\\\/wp-content\\\/uploads\\\/sites\\\/266\\\/2021\\\/12\\\/263263916_661486055230316_3119517112651706383_n-1024x1024.jpg\",\"datePublished\":\"2021-05-03T06:01:24+00:00\",\"dateModified\":\"2024-01-19T11:50:45+00:00\",\"breadcrumb\":{\"@id\":\"https:\\\/\\\/sites.uef.fi\\\/kyynelkanavat\\\/yhteystiedot\\\/#breadcrumb\"},\"inLanguage\":\"fi\",\"potentialAction\":[{\"@type\":\"ReadAction\",\"target\":[\"https:\\\/\\\/sites.uef.fi\\\/kyynelkanavat\\\/yhteystiedot\\\/\"]}]},{\"@type\":\"ImageObject\",\"inLanguage\":\"fi\",\"@id\":\"https:\\\/\\\/sites.uef.fi\\\/kyynelkanavat\\\/yhteystiedot\\\/#primaryimage\",\"url\":\"https:\\\/\\\/sites.uef.fi\\\/kyynelkanavat\\\/wp-content\\\/uploads\\\/sites\\\/266\\\/2021\\\/12\\\/263263916_661486055230316_3119517112651706383_n.jpg\",\"contentUrl\":\"https:\\\/\\\/sites.uef.fi\\\/kyynelkanavat\\\/wp-content\\\/uploads\\\/sites\\\/266\\\/2021\\\/12\\\/263263916_661486055230316_3119517112651706383_n.jpg\",\"width\":2048,\"height\":2048},{\"@type\":\"BreadcrumbList\",\"@id\":\"https:\\\/\\\/sites.uef.fi\\\/kyynelkanavat\\\/yhteystiedot\\\/#breadcrumb\",\"itemListElement\":[{\"@type\":\"ListItem\",\"position\":1,\"name\":\"Home\",\"item\":\"https:\\\/\\\/sites.uef.fi\\\/kyynelkanavat\\\/\"},{\"@type\":\"ListItem\",\"position\":2,\"name\":\"Yhteystiedot ja medialle\"}]},{\"@type\":\"WebSite\",\"@id\":\"https:\\\/\\\/sites.uef.fi\\\/kyynelkanavat\\\/#website\",\"url\":\"https:\\\/\\\/sites.uef.fi\\\/kyynelkanavat\\\/\",\"name\":\"Kyynelkanavat\",\"description\":\"\",\"potentialAction\":[{\"@type\":\"SearchAction\",\"target\":{\"@type\":\"EntryPoint\",\"urlTemplate\":\"https:\\\/\\\/sites.uef.fi\\\/kyynelkanavat\\\/?s={search_term_string}\"},\"query-input\":{\"@type\":\"PropertyValueSpecification\",\"valueRequired\":true,\"valueName\":\"search_term_string\"}}],\"inLanguage\":\"fi\"}]}<\/script>\n<!-- \/ Yoast SEO plugin. -->","yoast_head_json":{"title":"Yhteystiedot ja medialle - Kyynelkanavat","robots":{"index":"index","follow":"follow","max-snippet":"max-snippet:-1","max-image-preview":"max-image-preview:large","max-video-preview":"max-video-preview:-1"},"canonical":"https:\/\/sites.uef.fi\/kyynelkanavat\/yhteystiedot\/","og_locale":"fi_FI","og_type":"article","og_title":"Yhteystiedot ja medialle - Kyynelkanavat","og_description":"kyynelkanavat [a] gmail.com Karjalan tutkimuslaitos, It\u00e4-Suomen yliopisto Mediateidotteet ja pressikuvat t\u00e4\u00e4lt\u00e4Kuvia k\u00e4ytett\u00e4ess\u00e4 kuvaajatiedot ilmoitettava.","og_url":"https:\/\/sites.uef.fi\/kyynelkanavat\/yhteystiedot\/","og_site_name":"Kyynelkanavat","article_modified_time":"2024-01-19T11:50:45+00:00","og_image":[{"url":"https:\/\/sites.uef.fi\/kyynelkanavat\/wp-content\/uploads\/sites\/266\/2021\/12\/263263916_661486055230316_3119517112651706383_n-1024x1024.jpg","type":"","width":"","height":""}],"twitter_card":"summary_large_image","twitter_misc":{"Arvioitu lukuaika":"2 minuuttia"},"schema":{"@context":"https:\/\/schema.org","@graph":[{"@type":"WebPage","@id":"https:\/\/sites.uef.fi\/kyynelkanavat\/yhteystiedot\/","url":"https:\/\/sites.uef.fi\/kyynelkanavat\/yhteystiedot\/","name":"Yhteystiedot ja medialle - Kyynelkanavat","isPartOf":{"@id":"https:\/\/sites.uef.fi\/kyynelkanavat\/#website"},"primaryImageOfPage":{"@id":"https:\/\/sites.uef.fi\/kyynelkanavat\/yhteystiedot\/#primaryimage"},"image":{"@id":"https:\/\/sites.uef.fi\/kyynelkanavat\/yhteystiedot\/#primaryimage"},"thumbnailUrl":"https:\/\/sites.uef.fi\/kyynelkanavat\/wp-content\/uploads\/sites\/266\/2021\/12\/263263916_661486055230316_3119517112651706383_n-1024x1024.jpg","datePublished":"2021-05-03T06:01:24+00:00","dateModified":"2024-01-19T11:50:45+00:00","breadcrumb":{"@id":"https:\/\/sites.uef.fi\/kyynelkanavat\/yhteystiedot\/#breadcrumb"},"inLanguage":"fi","potentialAction":[{"@type":"ReadAction","target":["https:\/\/sites.uef.fi\/kyynelkanavat\/yhteystiedot\/"]}]},{"@type":"ImageObject","inLanguage":"fi","@id":"https:\/\/sites.uef.fi\/kyynelkanavat\/yhteystiedot\/#primaryimage","url":"https:\/\/sites.uef.fi\/kyynelkanavat\/wp-content\/uploads\/sites\/266\/2021\/12\/263263916_661486055230316_3119517112651706383_n.jpg","contentUrl":"https:\/\/sites.uef.fi\/kyynelkanavat\/wp-content\/uploads\/sites\/266\/2021\/12\/263263916_661486055230316_3119517112651706383_n.jpg","width":2048,"height":2048},{"@type":"BreadcrumbList","@id":"https:\/\/sites.uef.fi\/kyynelkanavat\/yhteystiedot\/#breadcrumb","itemListElement":[{"@type":"ListItem","position":1,"name":"Home","item":"https:\/\/sites.uef.fi\/kyynelkanavat\/"},{"@type":"ListItem","position":2,"name":"Yhteystiedot ja medialle"}]},{"@type":"WebSite","@id":"https:\/\/sites.uef.fi\/kyynelkanavat\/#website","url":"https:\/\/sites.uef.fi\/kyynelkanavat\/","name":"Kyynelkanavat","description":"","potentialAction":[{"@type":"SearchAction","target":{"@type":"EntryPoint","urlTemplate":"https:\/\/sites.uef.fi\/kyynelkanavat\/?s={search_term_string}"},"query-input":{"@type":"PropertyValueSpecification","valueRequired":true,"valueName":"search_term_string"}}],"inLanguage":"fi"}]}},"_links":{"self":[{"href":"https:\/\/sites.uef.fi\/kyynelkanavat\/wp-json\/wp\/v2\/pages\/307","targetHints":{"allow":["GET"]}}],"collection":[{"href":"https:\/\/sites.uef.fi\/kyynelkanavat\/wp-json\/wp\/v2\/pages"}],"about":[{"href":"https:\/\/sites.uef.fi\/kyynelkanavat\/wp-json\/wp\/v2\/types\/page"}],"author":[{"embeddable":true,"href":"https:\/\/sites.uef.fi\/kyynelkanavat\/wp-json\/wp\/v2\/users\/535"}],"replies":[{"embeddable":true,"href":"https:\/\/sites.uef.fi\/kyynelkanavat\/wp-json\/wp\/v2\/comments?post=307"}],"version-history":[{"count":2,"href":"https:\/\/sites.uef.fi\/kyynelkanavat\/wp-json\/wp\/v2\/pages\/307\/revisions"}],"predecessor-version":[{"id":2976,"href":"https:\/\/sites.uef.fi\/kyynelkanavat\/wp-json\/wp\/v2\/pages\/307\/revisions\/2976"}],"wp:attachment":[{"href":"https:\/\/sites.uef.fi\/kyynelkanavat\/wp-json\/wp\/v2\/media?parent=307"}],"curies":[{"name":"wp","href":"https:\/\/api.w.org\/{rel}","templated":true}]}}