{"id":382,"date":"2021-05-17T13:37:26","date_gmt":"2021-05-17T11:37:26","guid":{"rendered":"https:\/\/sites.uef.fi\/kyynelkanavat\/?page_id=382"},"modified":"2024-01-19T14:11:24","modified_gmt":"2024-01-19T12:11:24","slug":"kyynelkanavat-2021","status":"publish","type":"page","link":"https:\/\/sites.uef.fi\/kyynelkanavat\/tapahtumat\/kyynelkanavat-2021\/","title":{"rendered":"Kyynelkanavat 2021"},"content":{"rendered":"\n<p>Kyynelkanavat-tapahtuma Ilomantsissa 17.\u201319.7.2021<\/p>\n\n\n\n<p><strong>Lauantai 17.7.<\/strong><\/p>\n\n\n\n<p class=\"has-text-align-left\"><strong>Kyynelkanavat-yleis\u00f6seminaari<br><\/strong>klo 13\u201316 Kotim\u00e4en Pitotupa, Katri Valan tie 1<\/p>\n\n\n\n<p>Seminaarissa keskustellaan itkuvirsiperinteen jatkumosta historiasta nykyp\u00e4iv\u00e4\u00e4n ja luodaan katsaus Kyynelkanavat-hankkeen l\u00e4ht\u00f6kohtiin. Seminaarin avauspuheenvuoron pit\u00e4\u00e4 kulttuurintutkija, FT Laura Jetsu. Muita puhujia ovat Kyynelkanavat-hankkeen tutkijat&nbsp; Riikka Patrikainen, Elina Hyt\u00f6nen-Ng ja Viliina Silvonen, jotka avaavat alustuksissa itkuvirsiperinnett\u00e4 eri n\u00e4k\u00f6kulmista. Seminaarin lopuksi on avoin paneelikeskustelu, jossa ovat mukana my\u00f6s hankkeen taiteilijat ja johon yleis\u00f6n toivotaan osallistuvan.<\/p>\n\n\n\n<p>Vapaa p\u00e4\u00e4sy, osallistuminen edellytt\u00e4\u00e4 ilmoittautumista (koronaturvallisuuden vuoksi)<br><a href=\"https:\/\/link.webropolsurveys.com\/EP\/0DE3B23424E80944\" target=\"_blank\" rel=\"noreferrer noopener\">Ilmoittaudu t\u00e4st\u00e4.<\/a><\/p>\n\n\n\n<p>Mahdollisuus omakustanteiseen lounaaseen klo 12\u201313 Kotim\u00e4en Pitotuvalla.<br>Ennakkoilmoittautuminen ruokailuun 9.7. menness\u00e4 seminaarilomakkeen yhteydess\u00e4.&nbsp;<\/p>\n\n\n\n<p><strong>KROPU \u2013 \u201dSuuret surenta-aikaset kallehilla kuusikkosijasilla\u201d -esitys<\/strong><br>klo 19 Kalevala-sali, Soihtulantie 7<\/p>\n\n\n\n<p>Kropu on karjalaisia kuolinperinteit\u00e4 peilaava teos kuolevaisuudesta, saattamisesta ja toivosta. Kropu viittaa karjalankieliseen sanaan vainajan asumuksesta ja hauta-arkusta. Kuusikko merkitsee kyl\u00e4kalmistoa.&nbsp;<br>Ty\u00f6ryhm\u00e4: Emilia Kallonen, Leena J\u00e4\u00e4skel\u00e4inen, Katariina V\u00e4h\u00e4kallio, Leena Hirvonen<br>Esityksen kesto on 45 min.<\/p>\n\n\n\n<p>Liput 15\/10 \u20ac, alle 15-vuotiaat ilmaiseksi<br><a rel=\"noreferrer noopener\" href=\"https:\/\/link.webropolsurveys.com\/EP\/9F0B0CC47F726E16\" target=\"_blank\">Ilmoittaudu ja varaa lippusi t\u00e4st\u00e4.<\/a> Paikkoja rajoitetusti.<\/p>\n\n\n<div class=\"embed-container\">\n    <iframe loading=\"lazy\" title=\"KROPU - Suuret surenta-aikaset kallehilla kuusikkosijasilla\" width=\"640\" height=\"360\" src=\"https:\/\/www.youtube.com\/embed\/fdmmHUdvQY0?feature=oembed&#038;controls=1&#038;hd=1&#038;autohide=1\" frameborder=\"0\" allow=\"accelerometer; autoplay; clipboard-write; encrypted-media; gyroscope; picture-in-picture; web-share\" referrerpolicy=\"strict-origin-when-cross-origin\" allowfullscreen frameborder=\"0\"><\/iframe><\/div>\n\n\n<p><strong>Sunnuntai 18.7.<\/strong><\/p>\n\n\n\n<p><strong>Itkuvirsity\u00f6paja<br><\/strong>klo 14\u201316.30 Parppeinvaaran Runokyl\u00e4n Runopirtti, Parppeintie 4 <\/p>\n\n\n\n<p>Ty\u00f6pajassa yleis\u00f6 p\u00e4\u00e4see osallistumaan \u00e4\u00e4nell\u00e4 itkemiseen Kyynelkanavat-taiteilijaryhm\u00e4n opastuksella. Osallistuminen ei edellyt\u00e4 aiempaa kokemusta eik\u00e4 laulutaitoa. Kaikki kiinnostuneet ovat tervetulleita.<\/p>\n\n\n\n<p>klo 14\u201315 Johdanto omien itkuvirsien maailmaan<br>klo 15\u201316.30 Ty\u00f6paja Kyynelkanavat-taiteilijoiden johdolla<\/p>\n\n\n\n<p>Ty\u00f6pajaan osallistuminen museon p\u00e4\u00e4sylipun hinnalla. <br><a rel=\"noreferrer noopener\" href=\"https:\/\/link.webropolsurveys.com\/EP\/932AD1E83787BD5F\" target=\"_blank\">Ilmoittaudu ja varaa paikkasi t\u00e4st\u00e4.<\/a> Paikkoja rajoitetusti.<\/p>\n\n\n\n<p>Ty\u00f6pajaan on mahdollista j\u00e4rjest\u00e4\u00e4 englannin kielinen pienryhm\u00e4, jos on osallistujia ja kiinostusta. Toiveen voi esitt\u00e4\u00e4 ilmoittautumisen yhteydess\u00e4 tai paikan p\u00e4\u00e4ll\u00e4.<\/p>\n\n\n\n<p><strong>Kyynelkanavat-konsertti <\/strong><br>klo 19 Kalevala-sali, Soihtulantie 7 <br>HUOM! Uusi paikka rajuilmaennusteen vuoksi. Iltap\u00e4iv\u00e4n ty\u00f6paja pidet\u00e4\u00e4n alkuper\u00e4isen suunnitelman mukaan Parppeinvaaralla.<\/p>\n\n\n\n<p>Konsertti koostuu runolaulun ja itkuvirsien musiikillisista maisemista ja tarinoista.<br>Kyynelkanavat-taiteilijaryhm\u00e4 Liisa Matveinen, Emmi Kuittinen ja Emilia Kallonen.<\/p>\n\n\n\n<p>Liput 15\/10 \u20ac, alle 15-vuotiaat ilmaiseksi<br><a href=\"https:\/\/link.webropolsurveys.com\/EP\/724C4A44A8FCFDCB\" target=\"_blank\" rel=\"noreferrer noopener\">Ilmoittaudu ja varaa lippusi t\u00e4st\u00e4<\/a>. Paikkoja rajoitetusti.<\/p>\n\n\n\n<p><\/p>\n\n\n\n<p><strong>Maanantai 19.7.<\/strong><\/p>\n\n\n\n<p><strong>Itkuvirsipolku Kokonniemen kalmistossa<\/strong><br>klo 11, opasteet Kokonniemeen Parppeinvaaran infosta. <\/p>\n\n\n\n<p>Itkuvirsipolku on el\u00e4myksellinen k\u00e4velyretki kulttuurihistoriallisessa Kokonniemen kalmistossa, jossa lep\u00e4\u00e4 useita runonlaulajia ja itkij\u00f6it\u00e4. Kyynelkanavat-taiteilijat johdattelevat kulkua kalmistossa.<\/p>\n\n\n\n<p>Vapaa p\u00e4\u00e4sy, ei ennakkoilmoittautumista.<\/p>\n\n\n\n<p><\/p>\n\n\n\n<p>Kyynelkanavat-tapahtuman j\u00e4lkeen alkaa Ilomantsin ortodoksisen kirkon praasniekkajuhla, jonne kaikki ovat tervetulleita mukaan. Iljan praasniekka alkaa maanantaina 19.7. iltap\u00e4iv\u00e4ll\u00e4. P\u00e4\u00e4juhlallisuudet ovat tiistaina 20.7. klo 9\u201315.<\/p>\n\n\n\n<p>Praasniekkajuhlan ohjelmasta saa lis\u00e4tietoja seurakunnan nettisivuilta:<\/p>\n\n\n\n<p><a href=\"https:\/\/eur03.safelinks.protection.outlook.com\/?url=http%3A%2F%2Fwww.ort.fi%2Filomantsi&amp;data=04%7C01%7C%7C2544129a18314803e6d808d932de0bc9%7C87879f2e73044bf2baf263e7f83f3c34%7C0%7C0%7C637596751538008221%7CUnknown%7CTWFpbGZsb3d8eyJWIjoiMC4wLjAwMDAiLCJQIjoiV2luMzIiLCJBTiI6Ik1haWwiLCJXVCI6Mn0%3D%7C1000&amp;sdata=tILQ6JOFoGGj4IREFAhqiYLEb5Bnk1CoJ4h0yWJEkfA%3D&amp;reserved=0\" target=\"_blank\" rel=\"noreferrer noopener\">www.ort.fi\/ilomantsi<\/a>&nbsp;<\/p>\n\n\n\n<p><strong>Tapahtuman yhteisty\u00f6tahot ja tukijat:<\/strong><\/p>\n\n\n\n<p><a rel=\"noreferrer noopener\" href=\"https:\/\/www.taike.fi\/fi\/web\/pohjois-karjala\/pohjois-karjala\" target=\"_blank\">TAIKE, Pohjois-Karjala<\/a>.<br>Ilomantsin Kalevalaiset ry.<br>Ilomantsin kunta.<br>Ilomantsin kansalaisopisto.<br>Ilomantsin Museos\u00e4\u00e4ti\u00f6.<br>Joensuun ortodoksinen seurakunta, Ilomantsin ortodoksinen kappeliseurakunta.<br>M\u00f6hk\u00f6n Rajakartano.<br><a rel=\"noreferrer noopener\" href=\"https:\/\/itkuvirsi.net\/\" target=\"_blank\">\u00c4\u00e4nell\u00e4 Itkij\u00e4t ry.<\/a><\/p>\n\n\n\n<figure class=\"wp-block-image size-large is-resized\"><img loading=\"lazy\" decoding=\"async\" width=\"1024\" height=\"251\" src=\"https:\/\/sites.uef.fi\/kyynelkanavat\/wp-content\/uploads\/sites\/266\/2021\/06\/taike_vaaka_v2-1024x251.png\" alt=\"\" class=\"wp-image-841\" style=\"width:205px;height:50px\" srcset=\"https:\/\/sites.uef.fi\/kyynelkanavat\/wp-content\/uploads\/sites\/266\/2021\/06\/taike_vaaka_v2-1024x251.png 1024w, https:\/\/sites.uef.fi\/kyynelkanavat\/wp-content\/uploads\/sites\/266\/2021\/06\/taike_vaaka_v2-300x74.png 300w, https:\/\/sites.uef.fi\/kyynelkanavat\/wp-content\/uploads\/sites\/266\/2021\/06\/taike_vaaka_v2-768x188.png 768w, https:\/\/sites.uef.fi\/kyynelkanavat\/wp-content\/uploads\/sites\/266\/2021\/06\/taike_vaaka_v2-1536x376.png 1536w, https:\/\/sites.uef.fi\/kyynelkanavat\/wp-content\/uploads\/sites\/266\/2021\/06\/taike_vaaka_v2-2048x502.png 2048w\" sizes=\"auto, (max-width: 1024px) 100vw, 1024px\" \/><\/figure>\n\n\n\n<figure class=\"wp-block-image size-large is-resized\"><img loading=\"lazy\" decoding=\"async\" width=\"1024\" height=\"264\" src=\"https:\/\/sites.uef.fi\/kyynelkanavat\/wp-content\/uploads\/sites\/266\/2021\/06\/ilomantsi-logo-iso-1024x264.jpg\" alt=\"\" class=\"wp-image-829\" style=\"width:115px;height:29px\" srcset=\"https:\/\/sites.uef.fi\/kyynelkanavat\/wp-content\/uploads\/sites\/266\/2021\/06\/ilomantsi-logo-iso-1024x264.jpg 1024w, https:\/\/sites.uef.fi\/kyynelkanavat\/wp-content\/uploads\/sites\/266\/2021\/06\/ilomantsi-logo-iso-300x77.jpg 300w, https:\/\/sites.uef.fi\/kyynelkanavat\/wp-content\/uploads\/sites\/266\/2021\/06\/ilomantsi-logo-iso-768x198.jpg 768w, https:\/\/sites.uef.fi\/kyynelkanavat\/wp-content\/uploads\/sites\/266\/2021\/06\/ilomantsi-logo-iso-1536x397.jpg 1536w, https:\/\/sites.uef.fi\/kyynelkanavat\/wp-content\/uploads\/sites\/266\/2021\/06\/ilomantsi-logo-iso-2048x529.jpg 2048w\" sizes=\"auto, (max-width: 1024px) 100vw, 1024px\" \/><\/figure>\n\n\n\n<p><\/p>\n","protected":false},"excerpt":{"rendered":"<p>Kyynelkanavat-tapahtuma Ilomantsissa 17.\u201319.7.2021 Lauantai 17.7. Kyynelkanavat-yleis\u00f6seminaariklo 13\u201316 Kotim\u00e4en Pitotupa, Katri Valan tie 1 Seminaarissa keskustellaan itkuvirsiperinteen jatkumosta historiasta nykyp\u00e4iv\u00e4\u00e4n ja luodaan katsaus Kyynelkanavat-hankkeen l\u00e4ht\u00f6kohtiin. Seminaarin avauspuheenvuoron pit\u00e4\u00e4 kulttuurintutkija, FT Laura Jetsu. Muita puhujia ovat Kyynelkanavat-hankkeen tutkijat&nbsp; Riikka Patrikainen, Elina Hyt\u00f6nen-Ng ja Viliina Silvonen, jotka avaavat alustuksissa itkuvirsiperinnett\u00e4 eri n\u00e4k\u00f6kulmista. Seminaarin lopuksi on avoin paneelikeskustelu, jossa [&hellip;]<\/p>\n","protected":false},"author":535,"featured_media":0,"parent":132,"menu_order":0,"comment_status":"closed","ping_status":"closed","template":"","meta":{"_acf_changed":false,"footnotes":""},"class_list":["post-382","page","type-page","status-publish","hentry"],"acf":[],"yoast_head":"<!-- This site is optimized with the Yoast SEO plugin v27.1.1 - https:\/\/yoast.com\/product\/yoast-seo-wordpress\/ -->\n<title>Kyynelkanavat 2021 - Kyynelkanavat<\/title>\n<meta name=\"robots\" content=\"index, follow, max-snippet:-1, max-image-preview:large, max-video-preview:-1\" \/>\n<link rel=\"canonical\" href=\"https:\/\/sites.uef.fi\/kyynelkanavat\/tapahtumat\/kyynelkanavat-2021\/\" \/>\n<meta property=\"og:locale\" content=\"fi_FI\" \/>\n<meta property=\"og:type\" content=\"article\" \/>\n<meta property=\"og:title\" content=\"Kyynelkanavat 2021 - Kyynelkanavat\" \/>\n<meta property=\"og:description\" content=\"Kyynelkanavat-tapahtuma Ilomantsissa 17.\u201319.7.2021 Lauantai 17.7. Kyynelkanavat-yleis\u00f6seminaariklo 13\u201316 Kotim\u00e4en Pitotupa, Katri Valan tie 1 Seminaarissa keskustellaan itkuvirsiperinteen jatkumosta historiasta nykyp\u00e4iv\u00e4\u00e4n ja luodaan katsaus Kyynelkanavat-hankkeen l\u00e4ht\u00f6kohtiin. Seminaarin avauspuheenvuoron pit\u00e4\u00e4 kulttuurintutkija, FT Laura Jetsu. Muita puhujia ovat Kyynelkanavat-hankkeen tutkijat&nbsp; Riikka Patrikainen, Elina Hyt\u00f6nen-Ng ja Viliina Silvonen, jotka avaavat alustuksissa itkuvirsiperinnett\u00e4 eri n\u00e4k\u00f6kulmista. Seminaarin lopuksi on avoin paneelikeskustelu, jossa [&hellip;]\" \/>\n<meta property=\"og:url\" content=\"https:\/\/sites.uef.fi\/kyynelkanavat\/tapahtumat\/kyynelkanavat-2021\/\" \/>\n<meta property=\"og:site_name\" content=\"Kyynelkanavat\" \/>\n<meta property=\"article:modified_time\" content=\"2024-01-19T12:11:24+00:00\" \/>\n<meta property=\"og:image\" content=\"https:\/\/sites.uef.fi\/kyynelkanavat\/wp-content\/uploads\/sites\/266\/2021\/06\/taike_vaaka_v2-1024x251.png\" \/>\n<meta name=\"twitter:card\" content=\"summary_large_image\" \/>\n<meta name=\"twitter:label1\" content=\"Arvioitu lukuaika\" \/>\n\t<meta name=\"twitter:data1\" content=\"3 minuuttia\" \/>\n<script type=\"application\/ld+json\" class=\"yoast-schema-graph\">{\"@context\":\"https:\/\/schema.org\",\"@graph\":[{\"@type\":\"WebPage\",\"@id\":\"https:\/\/sites.uef.fi\/kyynelkanavat\/tapahtumat\/kyynelkanavat-2021\/\",\"url\":\"https:\/\/sites.uef.fi\/kyynelkanavat\/tapahtumat\/kyynelkanavat-2021\/\",\"name\":\"Kyynelkanavat 2021 - Kyynelkanavat\",\"isPartOf\":{\"@id\":\"https:\/\/sites.uef.fi\/kyynelkanavat\/#website\"},\"primaryImageOfPage\":{\"@id\":\"https:\/\/sites.uef.fi\/kyynelkanavat\/tapahtumat\/kyynelkanavat-2021\/#primaryimage\"},\"image\":{\"@id\":\"https:\/\/sites.uef.fi\/kyynelkanavat\/tapahtumat\/kyynelkanavat-2021\/#primaryimage\"},\"thumbnailUrl\":\"https:\/\/sites.uef.fi\/kyynelkanavat\/wp-content\/uploads\/sites\/266\/2021\/06\/taike_vaaka_v2-1024x251.png\",\"datePublished\":\"2021-05-17T11:37:26+00:00\",\"dateModified\":\"2024-01-19T12:11:24+00:00\",\"breadcrumb\":{\"@id\":\"https:\/\/sites.uef.fi\/kyynelkanavat\/tapahtumat\/kyynelkanavat-2021\/#breadcrumb\"},\"inLanguage\":\"fi\",\"potentialAction\":[{\"@type\":\"ReadAction\",\"target\":[\"https:\/\/sites.uef.fi\/kyynelkanavat\/tapahtumat\/kyynelkanavat-2021\/\"]}]},{\"@type\":\"ImageObject\",\"inLanguage\":\"fi\",\"@id\":\"https:\/\/sites.uef.fi\/kyynelkanavat\/tapahtumat\/kyynelkanavat-2021\/#primaryimage\",\"url\":\"https:\/\/sites.uef.fi\/kyynelkanavat\/wp-content\/uploads\/sites\/266\/2021\/06\/taike_vaaka_v2-1024x251.png\",\"contentUrl\":\"https:\/\/sites.uef.fi\/kyynelkanavat\/wp-content\/uploads\/sites\/266\/2021\/06\/taike_vaaka_v2-1024x251.png\"},{\"@type\":\"BreadcrumbList\",\"@id\":\"https:\/\/sites.uef.fi\/kyynelkanavat\/tapahtumat\/kyynelkanavat-2021\/#breadcrumb\",\"itemListElement\":[{\"@type\":\"ListItem\",\"position\":1,\"name\":\"Home\",\"item\":\"https:\/\/sites.uef.fi\/kyynelkanavat\/\"},{\"@type\":\"ListItem\",\"position\":2,\"name\":\"Tapahtumat\",\"item\":\"https:\/\/sites.uef.fi\/kyynelkanavat\/tapahtumat\/\"},{\"@type\":\"ListItem\",\"position\":3,\"name\":\"Kyynelkanavat 2021\"}]},{\"@type\":\"WebSite\",\"@id\":\"https:\/\/sites.uef.fi\/kyynelkanavat\/#website\",\"url\":\"https:\/\/sites.uef.fi\/kyynelkanavat\/\",\"name\":\"Kyynelkanavat\",\"description\":\"\",\"potentialAction\":[{\"@type\":\"SearchAction\",\"target\":{\"@type\":\"EntryPoint\",\"urlTemplate\":\"https:\/\/sites.uef.fi\/kyynelkanavat\/?s={search_term_string}\"},\"query-input\":{\"@type\":\"PropertyValueSpecification\",\"valueRequired\":true,\"valueName\":\"search_term_string\"}}],\"inLanguage\":\"fi\"}]}<\/script>\n<!-- \/ Yoast SEO plugin. -->","yoast_head_json":{"title":"Kyynelkanavat 2021 - Kyynelkanavat","robots":{"index":"index","follow":"follow","max-snippet":"max-snippet:-1","max-image-preview":"max-image-preview:large","max-video-preview":"max-video-preview:-1"},"canonical":"https:\/\/sites.uef.fi\/kyynelkanavat\/tapahtumat\/kyynelkanavat-2021\/","og_locale":"fi_FI","og_type":"article","og_title":"Kyynelkanavat 2021 - Kyynelkanavat","og_description":"Kyynelkanavat-tapahtuma Ilomantsissa 17.\u201319.7.2021 Lauantai 17.7. Kyynelkanavat-yleis\u00f6seminaariklo 13\u201316 Kotim\u00e4en Pitotupa, Katri Valan tie 1 Seminaarissa keskustellaan itkuvirsiperinteen jatkumosta historiasta nykyp\u00e4iv\u00e4\u00e4n ja luodaan katsaus Kyynelkanavat-hankkeen l\u00e4ht\u00f6kohtiin. Seminaarin avauspuheenvuoron pit\u00e4\u00e4 kulttuurintutkija, FT Laura Jetsu. Muita puhujia ovat Kyynelkanavat-hankkeen tutkijat&nbsp; Riikka Patrikainen, Elina Hyt\u00f6nen-Ng ja Viliina Silvonen, jotka avaavat alustuksissa itkuvirsiperinnett\u00e4 eri n\u00e4k\u00f6kulmista. Seminaarin lopuksi on avoin paneelikeskustelu, jossa [&hellip;]","og_url":"https:\/\/sites.uef.fi\/kyynelkanavat\/tapahtumat\/kyynelkanavat-2021\/","og_site_name":"Kyynelkanavat","article_modified_time":"2024-01-19T12:11:24+00:00","og_image":[{"url":"https:\/\/sites.uef.fi\/kyynelkanavat\/wp-content\/uploads\/sites\/266\/2021\/06\/taike_vaaka_v2-1024x251.png","type":"","width":"","height":""}],"twitter_card":"summary_large_image","twitter_misc":{"Arvioitu lukuaika":"3 minuuttia"},"schema":{"@context":"https:\/\/schema.org","@graph":[{"@type":"WebPage","@id":"https:\/\/sites.uef.fi\/kyynelkanavat\/tapahtumat\/kyynelkanavat-2021\/","url":"https:\/\/sites.uef.fi\/kyynelkanavat\/tapahtumat\/kyynelkanavat-2021\/","name":"Kyynelkanavat 2021 - Kyynelkanavat","isPartOf":{"@id":"https:\/\/sites.uef.fi\/kyynelkanavat\/#website"},"primaryImageOfPage":{"@id":"https:\/\/sites.uef.fi\/kyynelkanavat\/tapahtumat\/kyynelkanavat-2021\/#primaryimage"},"image":{"@id":"https:\/\/sites.uef.fi\/kyynelkanavat\/tapahtumat\/kyynelkanavat-2021\/#primaryimage"},"thumbnailUrl":"https:\/\/sites.uef.fi\/kyynelkanavat\/wp-content\/uploads\/sites\/266\/2021\/06\/taike_vaaka_v2-1024x251.png","datePublished":"2021-05-17T11:37:26+00:00","dateModified":"2024-01-19T12:11:24+00:00","breadcrumb":{"@id":"https:\/\/sites.uef.fi\/kyynelkanavat\/tapahtumat\/kyynelkanavat-2021\/#breadcrumb"},"inLanguage":"fi","potentialAction":[{"@type":"ReadAction","target":["https:\/\/sites.uef.fi\/kyynelkanavat\/tapahtumat\/kyynelkanavat-2021\/"]}]},{"@type":"ImageObject","inLanguage":"fi","@id":"https:\/\/sites.uef.fi\/kyynelkanavat\/tapahtumat\/kyynelkanavat-2021\/#primaryimage","url":"https:\/\/sites.uef.fi\/kyynelkanavat\/wp-content\/uploads\/sites\/266\/2021\/06\/taike_vaaka_v2-1024x251.png","contentUrl":"https:\/\/sites.uef.fi\/kyynelkanavat\/wp-content\/uploads\/sites\/266\/2021\/06\/taike_vaaka_v2-1024x251.png"},{"@type":"BreadcrumbList","@id":"https:\/\/sites.uef.fi\/kyynelkanavat\/tapahtumat\/kyynelkanavat-2021\/#breadcrumb","itemListElement":[{"@type":"ListItem","position":1,"name":"Home","item":"https:\/\/sites.uef.fi\/kyynelkanavat\/"},{"@type":"ListItem","position":2,"name":"Tapahtumat","item":"https:\/\/sites.uef.fi\/kyynelkanavat\/tapahtumat\/"},{"@type":"ListItem","position":3,"name":"Kyynelkanavat 2021"}]},{"@type":"WebSite","@id":"https:\/\/sites.uef.fi\/kyynelkanavat\/#website","url":"https:\/\/sites.uef.fi\/kyynelkanavat\/","name":"Kyynelkanavat","description":"","potentialAction":[{"@type":"SearchAction","target":{"@type":"EntryPoint","urlTemplate":"https:\/\/sites.uef.fi\/kyynelkanavat\/?s={search_term_string}"},"query-input":{"@type":"PropertyValueSpecification","valueRequired":true,"valueName":"search_term_string"}}],"inLanguage":"fi"}]}},"_links":{"self":[{"href":"https:\/\/sites.uef.fi\/kyynelkanavat\/wp-json\/wp\/v2\/pages\/382","targetHints":{"allow":["GET"]}}],"collection":[{"href":"https:\/\/sites.uef.fi\/kyynelkanavat\/wp-json\/wp\/v2\/pages"}],"about":[{"href":"https:\/\/sites.uef.fi\/kyynelkanavat\/wp-json\/wp\/v2\/types\/page"}],"author":[{"embeddable":true,"href":"https:\/\/sites.uef.fi\/kyynelkanavat\/wp-json\/wp\/v2\/users\/535"}],"replies":[{"embeddable":true,"href":"https:\/\/sites.uef.fi\/kyynelkanavat\/wp-json\/wp\/v2\/comments?post=382"}],"version-history":[{"count":2,"href":"https:\/\/sites.uef.fi\/kyynelkanavat\/wp-json\/wp\/v2\/pages\/382\/revisions"}],"predecessor-version":[{"id":3012,"href":"https:\/\/sites.uef.fi\/kyynelkanavat\/wp-json\/wp\/v2\/pages\/382\/revisions\/3012"}],"up":[{"embeddable":true,"href":"https:\/\/sites.uef.fi\/kyynelkanavat\/wp-json\/wp\/v2\/pages\/132"}],"wp:attachment":[{"href":"https:\/\/sites.uef.fi\/kyynelkanavat\/wp-json\/wp\/v2\/media?parent=382"}],"curies":[{"name":"wp","href":"https:\/\/api.w.org\/{rel}","templated":true}]}}