{"id":451,"date":"2021-05-25T15:23:26","date_gmt":"2021-05-25T13:23:26","guid":{"rendered":"https:\/\/sites.uef.fi\/kyynelkanavat\/?page_id=451"},"modified":"2021-05-27T10:25:13","modified_gmt":"2021-05-27T08:25:13","slug":"elina-hytonen-ng","status":"publish","type":"page","link":"https:\/\/sites.uef.fi\/kyynelkanavat\/tyoryhma\/elina-hytonen-ng\/","title":{"rendered":"Elina Hyt\u00f6nen-Ng"},"content":{"rendered":"\n<p>Elina Hyt\u00f6nen-Ng on etnomusikologi ja kulttuurintutkija, joka on erikoistunut musiikin her\u00e4tt\u00e4mien kokemusten tutkimukseen. H\u00e4n on muun muassa tarkastellut jazzmuusikoiden flow-kokemuksia, eli huippukokemuksia, joita he saavuttavat soittaessaan, sek\u00e4 niit\u00e4 merkityksi\u00e4, joita muusikot n\u00e4ille kokemuksille antavat. Hyt\u00f6nen-Ng v\u00e4itteli aiheesta vuonna 2010. Lis\u00e4ksi Hyt\u00f6nen-Ng on tutkinut jazzmuusikoiden ty\u00f6skentely-ymp\u00e4rist\u00f6j\u00e4 ja sit\u00e4, millaista liikkuvuutta ty\u00f6 heilt\u00e4 vaatii.<\/p>\n\n\n\n<p>Viime aikoina Hyt\u00f6nen-Ng on tarkastellut nykyp\u00e4iv\u00e4n \u0161amanismissa k\u00e4ytett\u00e4vi\u00e4 soittimia sek\u00e4 sit\u00e4, miten ja miksi tiettyj\u00e4 instrumentteja k\u00e4ytet\u00e4\u00e4n. Lis\u00e4ksi h\u00e4n on johtanut pient\u00e4 projektia, jossa tarkastellaan modernien koulujen \u00e4\u00e4nimaisemia ja opettajien kokemuksia n\u00e4ist\u00e4. T\u00e4m\u00e4n rinnalla h\u00e4n on tehnyt tutkimusta p\u00e4iv\u00e4kotien \u00e4\u00e4nimaailmasta yliopiston lehtori Noora Vikmanin kanssa. Aivan viimeisimp\u00e4n\u00e4 Hyt\u00f6nen-Ng on tehnyt tutkimusta itkuvirsist\u00e4 nykyp\u00e4iv\u00e4n suomalaisessa yhteiskunnassa ja itkuja harrastavien yksil\u00f6iden kehollisista kokemuksista.<\/p>\n\n\n\n<p>Hyt\u00f6nen-Ng on Kyynelkanavat-hankkeen vastuullinen johtaja ja yksi hankkeen tutkijoista. H\u00e4n ty\u00f6skentelee Emilia Kallosen ty\u00f6parina ja heid\u00e4 yhteisty\u00f6ns\u00e4 tavoitteena on tarkastella itkupiirien prosessiluonnetta. Itkupiiri on yksi Emili Kallosen itkuvirsien opettamisen muoto, jossa osallistujat laativat\/esitt\u00e4v\u00e4t itkuvirsi\u00e4.Autoetnografian kautta Hyt\u00f6nen-Ng tarkastelee itkujen oppimisen prosessia.<\/p>\n\n\n\n<figure class=\"wp-block-image size-large\"><img loading=\"lazy\" decoding=\"async\" width=\"501\" height=\"501\" src=\"https:\/\/sites.uef.fi\/kyynelkanavat\/wp-content\/uploads\/sites\/266\/2021\/05\/Elina.jpg\" alt=\"\" class=\"wp-image-618\" srcset=\"https:\/\/sites.uef.fi\/kyynelkanavat\/wp-content\/uploads\/sites\/266\/2021\/05\/Elina.jpg 501w, https:\/\/sites.uef.fi\/kyynelkanavat\/wp-content\/uploads\/sites\/266\/2021\/05\/Elina-300x300.jpg 300w, https:\/\/sites.uef.fi\/kyynelkanavat\/wp-content\/uploads\/sites\/266\/2021\/05\/Elina-150x150.jpg 150w, https:\/\/sites.uef.fi\/kyynelkanavat\/wp-content\/uploads\/sites\/266\/2021\/05\/Elina-100x100.jpg 100w\" sizes=\"auto, (max-width: 501px) 100vw, 501px\" \/><\/figure>\n","protected":false},"excerpt":{"rendered":"<p>Elina Hyt\u00f6nen-Ng on etnomusikologi ja kulttuurintutkija, joka on erikoistunut musiikin her\u00e4tt\u00e4mien kokemusten tutkimukseen. H\u00e4n on muun muassa tarkastellut jazzmuusikoiden flow-kokemuksia, eli huippukokemuksia, joita he saavuttavat soittaessaan, sek\u00e4 niit\u00e4 merkityksi\u00e4, joita muusikot n\u00e4ille kokemuksille antavat. Hyt\u00f6nen-Ng v\u00e4itteli aiheesta vuonna 2010. Lis\u00e4ksi Hyt\u00f6nen-Ng on tutkinut jazzmuusikoiden ty\u00f6skentely-ymp\u00e4rist\u00f6j\u00e4 ja sit\u00e4, millaista liikkuvuutta ty\u00f6 heilt\u00e4 vaatii. Viime aikoina Hyt\u00f6nen-Ng [&hellip;]<\/p>\n","protected":false},"author":535,"featured_media":0,"parent":99,"menu_order":0,"comment_status":"closed","ping_status":"closed","template":"","meta":{"_acf_changed":false,"footnotes":""},"class_list":["post-451","page","type-page","status-publish","hentry"],"acf":[],"yoast_head":"<!-- This site is optimized with the Yoast SEO plugin v27.1.1 - https:\/\/yoast.com\/product\/yoast-seo-wordpress\/ -->\n<title>Elina Hyt\u00f6nen-Ng - Kyynelkanavat<\/title>\n<meta name=\"robots\" content=\"index, follow, max-snippet:-1, max-image-preview:large, max-video-preview:-1\" \/>\n<link rel=\"canonical\" href=\"https:\/\/sites.uef.fi\/kyynelkanavat\/tyoryhma\/elina-hytonen-ng\/\" \/>\n<meta property=\"og:locale\" content=\"fi_FI\" \/>\n<meta property=\"og:type\" content=\"article\" \/>\n<meta property=\"og:title\" content=\"Elina Hyt\u00f6nen-Ng - Kyynelkanavat\" \/>\n<meta property=\"og:description\" content=\"Elina Hyt\u00f6nen-Ng on etnomusikologi ja kulttuurintutkija, joka on erikoistunut musiikin her\u00e4tt\u00e4mien kokemusten tutkimukseen. H\u00e4n on muun muassa tarkastellut jazzmuusikoiden flow-kokemuksia, eli huippukokemuksia, joita he saavuttavat soittaessaan, sek\u00e4 niit\u00e4 merkityksi\u00e4, joita muusikot n\u00e4ille kokemuksille antavat. Hyt\u00f6nen-Ng v\u00e4itteli aiheesta vuonna 2010. Lis\u00e4ksi Hyt\u00f6nen-Ng on tutkinut jazzmuusikoiden ty\u00f6skentely-ymp\u00e4rist\u00f6j\u00e4 ja sit\u00e4, millaista liikkuvuutta ty\u00f6 heilt\u00e4 vaatii. Viime aikoina Hyt\u00f6nen-Ng [&hellip;]\" \/>\n<meta property=\"og:url\" content=\"https:\/\/sites.uef.fi\/kyynelkanavat\/tyoryhma\/elina-hytonen-ng\/\" \/>\n<meta property=\"og:site_name\" content=\"Kyynelkanavat\" \/>\n<meta property=\"article:modified_time\" content=\"2021-05-27T08:25:13+00:00\" \/>\n<meta property=\"og:image\" content=\"https:\/\/sites.uef.fi\/kyynelkanavat\/wp-content\/uploads\/sites\/266\/2021\/05\/Elina.jpg\" \/>\n<meta name=\"twitter:card\" content=\"summary_large_image\" \/>\n<meta name=\"twitter:label1\" content=\"Arvioitu lukuaika\" \/>\n\t<meta name=\"twitter:data1\" content=\"1 minuutti\" \/>\n<script type=\"application\/ld+json\" class=\"yoast-schema-graph\">{\"@context\":\"https:\/\/schema.org\",\"@graph\":[{\"@type\":\"WebPage\",\"@id\":\"https:\/\/sites.uef.fi\/kyynelkanavat\/tyoryhma\/elina-hytonen-ng\/\",\"url\":\"https:\/\/sites.uef.fi\/kyynelkanavat\/tyoryhma\/elina-hytonen-ng\/\",\"name\":\"Elina Hyt\u00f6nen-Ng - Kyynelkanavat\",\"isPartOf\":{\"@id\":\"https:\/\/sites.uef.fi\/kyynelkanavat\/#website\"},\"primaryImageOfPage\":{\"@id\":\"https:\/\/sites.uef.fi\/kyynelkanavat\/tyoryhma\/elina-hytonen-ng\/#primaryimage\"},\"image\":{\"@id\":\"https:\/\/sites.uef.fi\/kyynelkanavat\/tyoryhma\/elina-hytonen-ng\/#primaryimage\"},\"thumbnailUrl\":\"https:\/\/sites.uef.fi\/kyynelkanavat\/wp-content\/uploads\/sites\/266\/2021\/05\/Elina.jpg\",\"datePublished\":\"2021-05-25T13:23:26+00:00\",\"dateModified\":\"2021-05-27T08:25:13+00:00\",\"breadcrumb\":{\"@id\":\"https:\/\/sites.uef.fi\/kyynelkanavat\/tyoryhma\/elina-hytonen-ng\/#breadcrumb\"},\"inLanguage\":\"fi\",\"potentialAction\":[{\"@type\":\"ReadAction\",\"target\":[\"https:\/\/sites.uef.fi\/kyynelkanavat\/tyoryhma\/elina-hytonen-ng\/\"]}]},{\"@type\":\"ImageObject\",\"inLanguage\":\"fi\",\"@id\":\"https:\/\/sites.uef.fi\/kyynelkanavat\/tyoryhma\/elina-hytonen-ng\/#primaryimage\",\"url\":\"https:\/\/sites.uef.fi\/kyynelkanavat\/wp-content\/uploads\/sites\/266\/2021\/05\/Elina.jpg\",\"contentUrl\":\"https:\/\/sites.uef.fi\/kyynelkanavat\/wp-content\/uploads\/sites\/266\/2021\/05\/Elina.jpg\",\"width\":501,\"height\":501},{\"@type\":\"BreadcrumbList\",\"@id\":\"https:\/\/sites.uef.fi\/kyynelkanavat\/tyoryhma\/elina-hytonen-ng\/#breadcrumb\",\"itemListElement\":[{\"@type\":\"ListItem\",\"position\":1,\"name\":\"Home\",\"item\":\"https:\/\/sites.uef.fi\/kyynelkanavat\/\"},{\"@type\":\"ListItem\",\"position\":2,\"name\":\"Ty\u00f6ryhm\u00e4 ja teemat\",\"item\":\"https:\/\/sites.uef.fi\/kyynelkanavat\/tyoryhma\/\"},{\"@type\":\"ListItem\",\"position\":3,\"name\":\"Elina Hyt\u00f6nen-Ng\"}]},{\"@type\":\"WebSite\",\"@id\":\"https:\/\/sites.uef.fi\/kyynelkanavat\/#website\",\"url\":\"https:\/\/sites.uef.fi\/kyynelkanavat\/\",\"name\":\"Kyynelkanavat\",\"description\":\"\",\"potentialAction\":[{\"@type\":\"SearchAction\",\"target\":{\"@type\":\"EntryPoint\",\"urlTemplate\":\"https:\/\/sites.uef.fi\/kyynelkanavat\/?s={search_term_string}\"},\"query-input\":{\"@type\":\"PropertyValueSpecification\",\"valueRequired\":true,\"valueName\":\"search_term_string\"}}],\"inLanguage\":\"fi\"}]}<\/script>\n<!-- \/ Yoast SEO plugin. -->","yoast_head_json":{"title":"Elina Hyt\u00f6nen-Ng - Kyynelkanavat","robots":{"index":"index","follow":"follow","max-snippet":"max-snippet:-1","max-image-preview":"max-image-preview:large","max-video-preview":"max-video-preview:-1"},"canonical":"https:\/\/sites.uef.fi\/kyynelkanavat\/tyoryhma\/elina-hytonen-ng\/","og_locale":"fi_FI","og_type":"article","og_title":"Elina Hyt\u00f6nen-Ng - Kyynelkanavat","og_description":"Elina Hyt\u00f6nen-Ng on etnomusikologi ja kulttuurintutkija, joka on erikoistunut musiikin her\u00e4tt\u00e4mien kokemusten tutkimukseen. H\u00e4n on muun muassa tarkastellut jazzmuusikoiden flow-kokemuksia, eli huippukokemuksia, joita he saavuttavat soittaessaan, sek\u00e4 niit\u00e4 merkityksi\u00e4, joita muusikot n\u00e4ille kokemuksille antavat. Hyt\u00f6nen-Ng v\u00e4itteli aiheesta vuonna 2010. Lis\u00e4ksi Hyt\u00f6nen-Ng on tutkinut jazzmuusikoiden ty\u00f6skentely-ymp\u00e4rist\u00f6j\u00e4 ja sit\u00e4, millaista liikkuvuutta ty\u00f6 heilt\u00e4 vaatii. Viime aikoina Hyt\u00f6nen-Ng [&hellip;]","og_url":"https:\/\/sites.uef.fi\/kyynelkanavat\/tyoryhma\/elina-hytonen-ng\/","og_site_name":"Kyynelkanavat","article_modified_time":"2021-05-27T08:25:13+00:00","og_image":[{"url":"https:\/\/sites.uef.fi\/kyynelkanavat\/wp-content\/uploads\/sites\/266\/2021\/05\/Elina.jpg","type":"","width":"","height":""}],"twitter_card":"summary_large_image","twitter_misc":{"Arvioitu lukuaika":"1 minuutti"},"schema":{"@context":"https:\/\/schema.org","@graph":[{"@type":"WebPage","@id":"https:\/\/sites.uef.fi\/kyynelkanavat\/tyoryhma\/elina-hytonen-ng\/","url":"https:\/\/sites.uef.fi\/kyynelkanavat\/tyoryhma\/elina-hytonen-ng\/","name":"Elina Hyt\u00f6nen-Ng - Kyynelkanavat","isPartOf":{"@id":"https:\/\/sites.uef.fi\/kyynelkanavat\/#website"},"primaryImageOfPage":{"@id":"https:\/\/sites.uef.fi\/kyynelkanavat\/tyoryhma\/elina-hytonen-ng\/#primaryimage"},"image":{"@id":"https:\/\/sites.uef.fi\/kyynelkanavat\/tyoryhma\/elina-hytonen-ng\/#primaryimage"},"thumbnailUrl":"https:\/\/sites.uef.fi\/kyynelkanavat\/wp-content\/uploads\/sites\/266\/2021\/05\/Elina.jpg","datePublished":"2021-05-25T13:23:26+00:00","dateModified":"2021-05-27T08:25:13+00:00","breadcrumb":{"@id":"https:\/\/sites.uef.fi\/kyynelkanavat\/tyoryhma\/elina-hytonen-ng\/#breadcrumb"},"inLanguage":"fi","potentialAction":[{"@type":"ReadAction","target":["https:\/\/sites.uef.fi\/kyynelkanavat\/tyoryhma\/elina-hytonen-ng\/"]}]},{"@type":"ImageObject","inLanguage":"fi","@id":"https:\/\/sites.uef.fi\/kyynelkanavat\/tyoryhma\/elina-hytonen-ng\/#primaryimage","url":"https:\/\/sites.uef.fi\/kyynelkanavat\/wp-content\/uploads\/sites\/266\/2021\/05\/Elina.jpg","contentUrl":"https:\/\/sites.uef.fi\/kyynelkanavat\/wp-content\/uploads\/sites\/266\/2021\/05\/Elina.jpg","width":501,"height":501},{"@type":"BreadcrumbList","@id":"https:\/\/sites.uef.fi\/kyynelkanavat\/tyoryhma\/elina-hytonen-ng\/#breadcrumb","itemListElement":[{"@type":"ListItem","position":1,"name":"Home","item":"https:\/\/sites.uef.fi\/kyynelkanavat\/"},{"@type":"ListItem","position":2,"name":"Ty\u00f6ryhm\u00e4 ja teemat","item":"https:\/\/sites.uef.fi\/kyynelkanavat\/tyoryhma\/"},{"@type":"ListItem","position":3,"name":"Elina Hyt\u00f6nen-Ng"}]},{"@type":"WebSite","@id":"https:\/\/sites.uef.fi\/kyynelkanavat\/#website","url":"https:\/\/sites.uef.fi\/kyynelkanavat\/","name":"Kyynelkanavat","description":"","potentialAction":[{"@type":"SearchAction","target":{"@type":"EntryPoint","urlTemplate":"https:\/\/sites.uef.fi\/kyynelkanavat\/?s={search_term_string}"},"query-input":{"@type":"PropertyValueSpecification","valueRequired":true,"valueName":"search_term_string"}}],"inLanguage":"fi"}]}},"_links":{"self":[{"href":"https:\/\/sites.uef.fi\/kyynelkanavat\/wp-json\/wp\/v2\/pages\/451","targetHints":{"allow":["GET"]}}],"collection":[{"href":"https:\/\/sites.uef.fi\/kyynelkanavat\/wp-json\/wp\/v2\/pages"}],"about":[{"href":"https:\/\/sites.uef.fi\/kyynelkanavat\/wp-json\/wp\/v2\/types\/page"}],"author":[{"embeddable":true,"href":"https:\/\/sites.uef.fi\/kyynelkanavat\/wp-json\/wp\/v2\/users\/535"}],"replies":[{"embeddable":true,"href":"https:\/\/sites.uef.fi\/kyynelkanavat\/wp-json\/wp\/v2\/comments?post=451"}],"version-history":[{"count":2,"href":"https:\/\/sites.uef.fi\/kyynelkanavat\/wp-json\/wp\/v2\/pages\/451\/revisions"}],"predecessor-version":[{"id":630,"href":"https:\/\/sites.uef.fi\/kyynelkanavat\/wp-json\/wp\/v2\/pages\/451\/revisions\/630"}],"up":[{"embeddable":true,"href":"https:\/\/sites.uef.fi\/kyynelkanavat\/wp-json\/wp\/v2\/pages\/99"}],"wp:attachment":[{"href":"https:\/\/sites.uef.fi\/kyynelkanavat\/wp-json\/wp\/v2\/media?parent=451"}],"curies":[{"name":"wp","href":"https:\/\/api.w.org\/{rel}","templated":true}]}}