{"id":477,"date":"2021-05-25T18:17:23","date_gmt":"2021-05-25T16:17:23","guid":{"rendered":"https:\/\/sites.uef.fi\/kyynelkanavat\/?page_id=477"},"modified":"2024-01-19T16:31:59","modified_gmt":"2024-01-19T14:31:59","slug":"the-collective","status":"publish","type":"page","link":"https:\/\/sites.uef.fi\/kyynelkanavat\/the-collective\/?lang=en","title":{"rendered":"The Collective"},"content":{"rendered":"\n<figure class=\"wp-block-image size-full\"><img loading=\"lazy\" decoding=\"async\" width=\"488\" height=\"452\" src=\"https:\/\/sites.uef.fi\/kyynelkanavat\/wp-content\/uploads\/sites\/266\/2023\/10\/yksilokuvat_yhtena_kuvana.png\" alt=\"\" class=\"wp-image-2882\" srcset=\"https:\/\/sites.uef.fi\/kyynelkanavat\/wp-content\/uploads\/sites\/266\/2023\/10\/yksilokuvat_yhtena_kuvana.png 488w, https:\/\/sites.uef.fi\/kyynelkanavat\/wp-content\/uploads\/sites\/266\/2023\/10\/yksilokuvat_yhtena_kuvana-300x278.png 300w\" sizes=\"auto, (max-width: 488px) 100vw, 488px\" \/><\/figure>\n\n\n\n<p>At the core of the Kyynelkanavat project is three artist-researcher working pairs which forms the collective. Each pair is centred upon a distinct theme and point of view. Elina Hyt\u00f6nen-Ng &amp; Emilia Kallonen focus on the bodily experience of lamenting, Riikka Patrikainen &amp; Liisa Matveinen on the parallel between folk tradition and religious tradition, and Viliina Silvonen &amp; Emmi Kuittinen focus on the variety of the tradition as well as the community, emotions and affectivity. The themes of working pairs support and complement each other. The three researchers come from different fields of study \u2013 ethnomusicology, folklore studies, cultural studies and theology \u2013 whereas all the artists are musicians specializing in the lament tradition.<\/p>\n\n\n\n<h2 class=\"wp-block-heading\"><strong> Artist-researcher working pairs <\/strong><\/h2>\n\n\n\n<p>Ethnomusicologist, cultural research, PhD, docent <a href=\"https:\/\/sites.uef.fi\/kyynelkanavat\/the-collective\/elina-hytonen-ng\/?lang=en\"><span class=\"has-inline-color has-vivid-cyan-blue-color\">Elina Hyt\u00f6nen-Ng<\/span><\/a> and folk singer, music pedagogist, chairwoman of the \u00c4\u00e4nell\u00e4 Itkij\u00e4t association <a href=\"https:\/\/sites.uef.fi\/kyynelkanavat\/the-collective\/emilia-kallonen\/?lang=en\"><span class=\"has-inline-color has-vivid-cyan-blue-color\">Emilia Kallonen<\/span><\/a> concentrate on the personal, creative, emotional and bodily process of the lamenter. The pair&#8217;s research is set to examine lamenting courses, highlighting the researcher&#8217;s own participation through autoethnography. The dual, shared and personal aspects and process of lamenting are at the center of their work. <\/p>\n\n\n\n<figure class=\"wp-block-image size-large\"><img loading=\"lazy\" decoding=\"async\" width=\"1024\" height=\"559\" src=\"https:\/\/sites.uef.fi\/kyynelkanavat\/wp-content\/uploads\/sites\/266\/2021\/12\/elina-ja-emilia_c_varpu-heiskanen-1024x559.jpg\" alt=\"\" class=\"wp-image-1126\" srcset=\"https:\/\/sites.uef.fi\/kyynelkanavat\/wp-content\/uploads\/sites\/266\/2021\/12\/elina-ja-emilia_c_varpu-heiskanen-1024x559.jpg 1024w, https:\/\/sites.uef.fi\/kyynelkanavat\/wp-content\/uploads\/sites\/266\/2021\/12\/elina-ja-emilia_c_varpu-heiskanen-300x164.jpg 300w, https:\/\/sites.uef.fi\/kyynelkanavat\/wp-content\/uploads\/sites\/266\/2021\/12\/elina-ja-emilia_c_varpu-heiskanen-768x419.jpg 768w, https:\/\/sites.uef.fi\/kyynelkanavat\/wp-content\/uploads\/sites\/266\/2021\/12\/elina-ja-emilia_c_varpu-heiskanen-1536x838.jpg 1536w, https:\/\/sites.uef.fi\/kyynelkanavat\/wp-content\/uploads\/sites\/266\/2021\/12\/elina-ja-emilia_c_varpu-heiskanen.jpg 2000w\" sizes=\"auto, (max-width: 1024px) 100vw, 1024px\" \/><figcaption class=\"wp-element-caption\">Elina Hyt\u00f6nen-Ng &amp; Emilia Kallonen. Photo: Varpu Heiskanen.<\/figcaption><\/figure>\n\n\n\n<p>Cultural research, MTh, <a href=\"https:\/\/sites.uef.fi\/kyynelkanavat\/the-collective\/riikka-patrikainen\/?lang=en\"><span class=\"has-inline-color has-vivid-cyan-blue-color\">Riikka Patrikainen<\/span>&#8217;s<\/a> and folk musician, M.Mus <a href=\"https:\/\/sites.uef.fi\/kyynelkanavat\/the-collective\/liisa-matveinen\/?lang=en\"><span class=\"has-inline-color has-vivid-cyan-blue-color\">Liisa Matveinen<\/span><\/a>&#8217;s collaboration is centered on the parallel between religious and folk tradition in modern-day laments. The pair aims to examine how this parallel can be detected in contemporary laments, performed by an orthodox lamenter drawing from Karelian tradition. On the other hand, an aspect of their inquiry is also aimed at how the contemporary lamenters own worldview affects the kinds of meanings given to the laments, especially death laments. <\/p>\n\n\n\n<figure class=\"wp-block-image size-large\"><img loading=\"lazy\" decoding=\"async\" width=\"1024\" height=\"673\" src=\"https:\/\/sites.uef.fi\/kyynelkanavat\/wp-content\/uploads\/sites\/266\/2021\/12\/liisa-ja-riikka_c_varpu-heiskanen-1024x673.jpg\" alt=\"\" class=\"wp-image-1120\" srcset=\"https:\/\/sites.uef.fi\/kyynelkanavat\/wp-content\/uploads\/sites\/266\/2021\/12\/liisa-ja-riikka_c_varpu-heiskanen-1024x673.jpg 1024w, https:\/\/sites.uef.fi\/kyynelkanavat\/wp-content\/uploads\/sites\/266\/2021\/12\/liisa-ja-riikka_c_varpu-heiskanen-300x197.jpg 300w, https:\/\/sites.uef.fi\/kyynelkanavat\/wp-content\/uploads\/sites\/266\/2021\/12\/liisa-ja-riikka_c_varpu-heiskanen-768x505.jpg 768w, https:\/\/sites.uef.fi\/kyynelkanavat\/wp-content\/uploads\/sites\/266\/2021\/12\/liisa-ja-riikka_c_varpu-heiskanen-1536x1010.jpg 1536w, https:\/\/sites.uef.fi\/kyynelkanavat\/wp-content\/uploads\/sites\/266\/2021\/12\/liisa-ja-riikka_c_varpu-heiskanen.jpg 2000w\" sizes=\"auto, (max-width: 1024px) 100vw, 1024px\" \/><figcaption class=\"wp-element-caption\">Liisa Matveinen &amp; Riikka Patrikainen. Photo: Varpu Heiskanen.<\/figcaption><\/figure>\n\n\n\n<p>Folklorist, PhD <a href=\"https:\/\/sites.uef.fi\/kyynelkanavat\/the-collective\/viliina-silvonen\/?lang=en\">Viliina Silvonen<\/a> and folk musician, M.Mus <a href=\"https:\/\/sites.uef.fi\/kyynelkanavat\/the-collective\/emmi-kuittinen\/?lang=en\">Emmi Kuittinen<\/a> concentrate on lament performances, contexts and practices from the perspectives of affectivity and community. The interest of the working pair is entailed in the manifold aspects of laments from traditional ritual practices to present-day artistic performances. Furthermore, the pair takes lamenting into various contemporary performance environments and settings. <\/p>\n\n\n\n<figure class=\"wp-block-image size-large\"><img loading=\"lazy\" decoding=\"async\" width=\"1024\" height=\"676\" src=\"https:\/\/sites.uef.fi\/kyynelkanavat\/wp-content\/uploads\/sites\/266\/2021\/12\/emmi-ja-viliina_2_c_varpu-heiskanen-1024x676.jpg\" alt=\"\" class=\"wp-image-1114\" srcset=\"https:\/\/sites.uef.fi\/kyynelkanavat\/wp-content\/uploads\/sites\/266\/2021\/12\/emmi-ja-viliina_2_c_varpu-heiskanen-1024x676.jpg 1024w, https:\/\/sites.uef.fi\/kyynelkanavat\/wp-content\/uploads\/sites\/266\/2021\/12\/emmi-ja-viliina_2_c_varpu-heiskanen-300x198.jpg 300w, https:\/\/sites.uef.fi\/kyynelkanavat\/wp-content\/uploads\/sites\/266\/2021\/12\/emmi-ja-viliina_2_c_varpu-heiskanen-768x507.jpg 768w, https:\/\/sites.uef.fi\/kyynelkanavat\/wp-content\/uploads\/sites\/266\/2021\/12\/emmi-ja-viliina_2_c_varpu-heiskanen-1536x1014.jpg 1536w, https:\/\/sites.uef.fi\/kyynelkanavat\/wp-content\/uploads\/sites\/266\/2021\/12\/emmi-ja-viliina_2_c_varpu-heiskanen.jpg 1999w\" sizes=\"auto, (max-width: 1024px) 100vw, 1024px\" \/><figcaption class=\"wp-element-caption\">Viliina Silvonen &amp; Emmi Kuittinen. Photo: Varpu Heiskanen.<\/figcaption><\/figure>\n\n\n\n<p><\/p>\n\n\n\n<p><\/p>\n\n\n\n<p><\/p>\n","protected":false},"excerpt":{"rendered":"<p>At the core of the Kyynelkanavat project is three artist-researcher working pairs which forms the collective. Each pair is centred upon a distinct theme and point of view. Elina Hyt\u00f6nen-Ng &amp; Emilia Kallonen focus on the bodily experience of lamenting, Riikka Patrikainen &amp; Liisa Matveinen on the parallel between folk tradition and religious tradition, and [&hellip;]<\/p>\n","protected":false},"author":535,"featured_media":0,"parent":0,"menu_order":2,"comment_status":"closed","ping_status":"closed","template":"","meta":{"_acf_changed":false,"footnotes":""},"class_list":["post-477","page","type-page","status-publish","hentry"],"acf":[],"yoast_head":"<!-- This site is optimized with the Yoast SEO plugin v27.3 - https:\/\/yoast.com\/product\/yoast-seo-wordpress\/ -->\n<title>The Collective - Kyynelkanavat<\/title>\n<meta name=\"robots\" content=\"index, follow, max-snippet:-1, max-image-preview:large, max-video-preview:-1\" \/>\n<link rel=\"canonical\" href=\"https:\/\/sites.uef.fi\/kyynelkanavat\/the-collective\/?lang=en\" \/>\n<meta property=\"og:locale\" content=\"fi_FI\" \/>\n<meta property=\"og:type\" content=\"article\" \/>\n<meta property=\"og:title\" content=\"The Collective - Kyynelkanavat\" \/>\n<meta property=\"og:description\" content=\"At the core of the Kyynelkanavat project is three artist-researcher working pairs which forms the collective. Each pair is centred upon a distinct theme and point of view. Elina Hyt\u00f6nen-Ng &amp; Emilia Kallonen focus on the bodily experience of lamenting, Riikka Patrikainen &amp; Liisa Matveinen on the parallel between folk tradition and religious tradition, and [&hellip;]\" \/>\n<meta property=\"og:url\" content=\"https:\/\/sites.uef.fi\/kyynelkanavat\/the-collective\/?lang=en\" \/>\n<meta property=\"og:site_name\" content=\"Kyynelkanavat\" \/>\n<meta property=\"article:modified_time\" content=\"2024-01-19T14:31:59+00:00\" \/>\n<meta property=\"og:image\" content=\"https:\/\/sites.uef.fi\/kyynelkanavat\/wp-content\/uploads\/sites\/266\/2023\/10\/yksilokuvat_yhtena_kuvana.png\" \/>\n<meta name=\"twitter:card\" content=\"summary_large_image\" \/>\n<meta name=\"twitter:label1\" content=\"Arvioitu lukuaika\" \/>\n\t<meta name=\"twitter:data1\" content=\"2 minuuttia\" \/>\n<script type=\"application\/ld+json\" class=\"yoast-schema-graph\">{\"@context\":\"https:\\\/\\\/schema.org\",\"@graph\":[{\"@type\":\"WebPage\",\"@id\":\"https:\\\/\\\/sites.uef.fi\\\/kyynelkanavat\\\/the-collective\\\/?lang=en\",\"url\":\"https:\\\/\\\/sites.uef.fi\\\/kyynelkanavat\\\/the-collective\\\/?lang=en\",\"name\":\"The Collective - Kyynelkanavat\",\"isPartOf\":{\"@id\":\"https:\\\/\\\/sites.uef.fi\\\/kyynelkanavat\\\/#website\"},\"primaryImageOfPage\":{\"@id\":\"https:\\\/\\\/sites.uef.fi\\\/kyynelkanavat\\\/the-collective\\\/?lang=en#primaryimage\"},\"image\":{\"@id\":\"https:\\\/\\\/sites.uef.fi\\\/kyynelkanavat\\\/the-collective\\\/?lang=en#primaryimage\"},\"thumbnailUrl\":\"https:\\\/\\\/sites.uef.fi\\\/kyynelkanavat\\\/wp-content\\\/uploads\\\/sites\\\/266\\\/2023\\\/10\\\/yksilokuvat_yhtena_kuvana.png\",\"datePublished\":\"2021-05-25T16:17:23+00:00\",\"dateModified\":\"2024-01-19T14:31:59+00:00\",\"breadcrumb\":{\"@id\":\"https:\\\/\\\/sites.uef.fi\\\/kyynelkanavat\\\/the-collective\\\/?lang=en#breadcrumb\"},\"inLanguage\":\"fi\",\"potentialAction\":[{\"@type\":\"ReadAction\",\"target\":[\"https:\\\/\\\/sites.uef.fi\\\/kyynelkanavat\\\/the-collective\\\/?lang=en\"]}]},{\"@type\":\"ImageObject\",\"inLanguage\":\"fi\",\"@id\":\"https:\\\/\\\/sites.uef.fi\\\/kyynelkanavat\\\/the-collective\\\/?lang=en#primaryimage\",\"url\":\"https:\\\/\\\/sites.uef.fi\\\/kyynelkanavat\\\/wp-content\\\/uploads\\\/sites\\\/266\\\/2023\\\/10\\\/yksilokuvat_yhtena_kuvana.png\",\"contentUrl\":\"https:\\\/\\\/sites.uef.fi\\\/kyynelkanavat\\\/wp-content\\\/uploads\\\/sites\\\/266\\\/2023\\\/10\\\/yksilokuvat_yhtena_kuvana.png\",\"width\":488,\"height\":452},{\"@type\":\"BreadcrumbList\",\"@id\":\"https:\\\/\\\/sites.uef.fi\\\/kyynelkanavat\\\/the-collective\\\/?lang=en#breadcrumb\",\"itemListElement\":[{\"@type\":\"ListItem\",\"position\":1,\"name\":\"Home\",\"item\":\"https:\\\/\\\/sites.uef.fi\\\/kyynelkanavat\\\/\"},{\"@type\":\"ListItem\",\"position\":2,\"name\":\"The Collective\"}]},{\"@type\":\"WebSite\",\"@id\":\"https:\\\/\\\/sites.uef.fi\\\/kyynelkanavat\\\/#website\",\"url\":\"https:\\\/\\\/sites.uef.fi\\\/kyynelkanavat\\\/\",\"name\":\"Kyynelkanavat\",\"description\":\"\",\"potentialAction\":[{\"@type\":\"SearchAction\",\"target\":{\"@type\":\"EntryPoint\",\"urlTemplate\":\"https:\\\/\\\/sites.uef.fi\\\/kyynelkanavat\\\/?s={search_term_string}\"},\"query-input\":{\"@type\":\"PropertyValueSpecification\",\"valueRequired\":true,\"valueName\":\"search_term_string\"}}],\"inLanguage\":\"fi\"}]}<\/script>\n<!-- \/ Yoast SEO plugin. -->","yoast_head_json":{"title":"The Collective - Kyynelkanavat","robots":{"index":"index","follow":"follow","max-snippet":"max-snippet:-1","max-image-preview":"max-image-preview:large","max-video-preview":"max-video-preview:-1"},"canonical":"https:\/\/sites.uef.fi\/kyynelkanavat\/the-collective\/?lang=en","og_locale":"fi_FI","og_type":"article","og_title":"The Collective - Kyynelkanavat","og_description":"At the core of the Kyynelkanavat project is three artist-researcher working pairs which forms the collective. Each pair is centred upon a distinct theme and point of view. Elina Hyt\u00f6nen-Ng &amp; Emilia Kallonen focus on the bodily experience of lamenting, Riikka Patrikainen &amp; Liisa Matveinen on the parallel between folk tradition and religious tradition, and [&hellip;]","og_url":"https:\/\/sites.uef.fi\/kyynelkanavat\/the-collective\/?lang=en","og_site_name":"Kyynelkanavat","article_modified_time":"2024-01-19T14:31:59+00:00","og_image":[{"url":"https:\/\/sites.uef.fi\/kyynelkanavat\/wp-content\/uploads\/sites\/266\/2023\/10\/yksilokuvat_yhtena_kuvana.png","type":"","width":"","height":""}],"twitter_card":"summary_large_image","twitter_misc":{"Arvioitu lukuaika":"2 minuuttia"},"schema":{"@context":"https:\/\/schema.org","@graph":[{"@type":"WebPage","@id":"https:\/\/sites.uef.fi\/kyynelkanavat\/the-collective\/?lang=en","url":"https:\/\/sites.uef.fi\/kyynelkanavat\/the-collective\/?lang=en","name":"The Collective - Kyynelkanavat","isPartOf":{"@id":"https:\/\/sites.uef.fi\/kyynelkanavat\/#website"},"primaryImageOfPage":{"@id":"https:\/\/sites.uef.fi\/kyynelkanavat\/the-collective\/?lang=en#primaryimage"},"image":{"@id":"https:\/\/sites.uef.fi\/kyynelkanavat\/the-collective\/?lang=en#primaryimage"},"thumbnailUrl":"https:\/\/sites.uef.fi\/kyynelkanavat\/wp-content\/uploads\/sites\/266\/2023\/10\/yksilokuvat_yhtena_kuvana.png","datePublished":"2021-05-25T16:17:23+00:00","dateModified":"2024-01-19T14:31:59+00:00","breadcrumb":{"@id":"https:\/\/sites.uef.fi\/kyynelkanavat\/the-collective\/?lang=en#breadcrumb"},"inLanguage":"fi","potentialAction":[{"@type":"ReadAction","target":["https:\/\/sites.uef.fi\/kyynelkanavat\/the-collective\/?lang=en"]}]},{"@type":"ImageObject","inLanguage":"fi","@id":"https:\/\/sites.uef.fi\/kyynelkanavat\/the-collective\/?lang=en#primaryimage","url":"https:\/\/sites.uef.fi\/kyynelkanavat\/wp-content\/uploads\/sites\/266\/2023\/10\/yksilokuvat_yhtena_kuvana.png","contentUrl":"https:\/\/sites.uef.fi\/kyynelkanavat\/wp-content\/uploads\/sites\/266\/2023\/10\/yksilokuvat_yhtena_kuvana.png","width":488,"height":452},{"@type":"BreadcrumbList","@id":"https:\/\/sites.uef.fi\/kyynelkanavat\/the-collective\/?lang=en#breadcrumb","itemListElement":[{"@type":"ListItem","position":1,"name":"Home","item":"https:\/\/sites.uef.fi\/kyynelkanavat\/"},{"@type":"ListItem","position":2,"name":"The Collective"}]},{"@type":"WebSite","@id":"https:\/\/sites.uef.fi\/kyynelkanavat\/#website","url":"https:\/\/sites.uef.fi\/kyynelkanavat\/","name":"Kyynelkanavat","description":"","potentialAction":[{"@type":"SearchAction","target":{"@type":"EntryPoint","urlTemplate":"https:\/\/sites.uef.fi\/kyynelkanavat\/?s={search_term_string}"},"query-input":{"@type":"PropertyValueSpecification","valueRequired":true,"valueName":"search_term_string"}}],"inLanguage":"fi"}]}},"_links":{"self":[{"href":"https:\/\/sites.uef.fi\/kyynelkanavat\/wp-json\/wp\/v2\/pages\/477","targetHints":{"allow":["GET"]}}],"collection":[{"href":"https:\/\/sites.uef.fi\/kyynelkanavat\/wp-json\/wp\/v2\/pages"}],"about":[{"href":"https:\/\/sites.uef.fi\/kyynelkanavat\/wp-json\/wp\/v2\/types\/page"}],"author":[{"embeddable":true,"href":"https:\/\/sites.uef.fi\/kyynelkanavat\/wp-json\/wp\/v2\/users\/535"}],"replies":[{"embeddable":true,"href":"https:\/\/sites.uef.fi\/kyynelkanavat\/wp-json\/wp\/v2\/comments?post=477"}],"version-history":[{"count":1,"href":"https:\/\/sites.uef.fi\/kyynelkanavat\/wp-json\/wp\/v2\/pages\/477\/revisions"}],"predecessor-version":[{"id":3056,"href":"https:\/\/sites.uef.fi\/kyynelkanavat\/wp-json\/wp\/v2\/pages\/477\/revisions\/3056"}],"wp:attachment":[{"href":"https:\/\/sites.uef.fi\/kyynelkanavat\/wp-json\/wp\/v2\/media?parent=477"}],"curies":[{"name":"wp","href":"https:\/\/api.w.org\/{rel}","templated":true}]}}