{"id":486,"date":"2021-05-25T18:15:44","date_gmt":"2021-05-25T16:15:44","guid":{"rendered":"https:\/\/sites.uef.fi\/kyynelkanavat\/?page_id=486"},"modified":"2021-05-27T10:22:47","modified_gmt":"2021-05-27T08:22:47","slug":"emilia-kallonen","status":"publish","type":"page","link":"https:\/\/sites.uef.fi\/kyynelkanavat\/the-collective\/emilia-kallonen\/?lang=en","title":{"rendered":"Emilia Kallonen"},"content":{"rendered":"\n<p>Emilia Kallonen is a folk singer, performing artist and music pedagogist. She&nbsp; received her education in North Karelia and has worked as an artist there for over twenty years. At the moment she is living and working as an artist in Tampere. In the Kyynelkanavat project she forms a pair with researcher Elina Hyt\u00f6nen-Ng.<\/p>\n\n\n\n<p>As a singer, Kallonen has specialised in the old Karelian singing traditions, and lamenting is a dear and very special topic for her. As a modern lamenter and lament-instructor, she leans on tradition but is creating new as a performing artist and pedagog.&nbsp;<\/p>\n\n\n\n<p>Kallonen finds the Karelian traditions an appealing source of inspiration. She has created a variety of performances based on Karelian lamenting and rites such as traditional weddings and funerals filled with song. In 2016, she created an ethnographical musical play on Karelian weddings <em>Kruuga \u2013 Karjalaiset lauluh\u00e4\u00e4t.<\/em> The project earned Kallonen the Art Prize of the local Arts Council of North Karelia. The music of this performance is still living in the repertoire of Kallonen\u00b4s vocal ensemble Loihu. Kallonen\u2019s newest piece, <em>KROPU \u2013<\/em> <em>Suuret surenta-aikaset kallehilla kuusikkosijasilla<\/em>, which focuses on meeting death and Karelian traditions of death, was first performed in October 2020. This piece will also be part of the 2021 Kyynelkanavat- event in Ilomantsi 2021.<\/p>\n\n\n\n<p>Kallonen\u2019s most prominent collaborating partner during the years has been folklorist Leena J\u00e4\u00e4skel\u00e4inen. In the autumn of 2020, they created&nbsp; the <em>T\u00e4m\u00e4n ilman alla &#8211;<\/em>event in Joensuu, highlighting the aesthetics and folk wisdom of Karelian traditions, in which Orthodox faith is strongly present. The event included J\u00e4\u00e4skel\u00e4inen\u2019s textile exhibition, performances, workshops, lectures, and discussions. For the event, Kallonen also created her new concept \u201cThe lamenter is available\u201d. The audience could come and meet Kallonen as a lamenter for discussion or to try lamenting together with her in person.<\/p>\n\n\n\n<figure class=\"wp-block-image size-large\"><img loading=\"lazy\" decoding=\"async\" width=\"501\" height=\"501\" src=\"https:\/\/sites.uef.fi\/kyynelkanavat\/wp-content\/uploads\/sites\/266\/2021\/05\/Emilia.jpg\" alt=\"\" class=\"wp-image-615\" srcset=\"https:\/\/sites.uef.fi\/kyynelkanavat\/wp-content\/uploads\/sites\/266\/2021\/05\/Emilia.jpg 501w, https:\/\/sites.uef.fi\/kyynelkanavat\/wp-content\/uploads\/sites\/266\/2021\/05\/Emilia-300x300.jpg 300w, https:\/\/sites.uef.fi\/kyynelkanavat\/wp-content\/uploads\/sites\/266\/2021\/05\/Emilia-150x150.jpg 150w, https:\/\/sites.uef.fi\/kyynelkanavat\/wp-content\/uploads\/sites\/266\/2021\/05\/Emilia-100x100.jpg 100w\" sizes=\"auto, (max-width: 501px) 100vw, 501px\" \/><figcaption>Emilia Kallonen. <em>Photo: Varpu Heiskanen.<\/em><\/figcaption><\/figure>\n","protected":false},"excerpt":{"rendered":"<p>Emilia Kallonen is a folk singer, performing artist and music pedagogist. She&nbsp; received her education in North Karelia and has worked as an artist there for over twenty years. At the moment she is living and working as an artist in Tampere. In the Kyynelkanavat project she forms a pair with researcher Elina Hyt\u00f6nen-Ng. As [&hellip;]<\/p>\n","protected":false},"author":535,"featured_media":0,"parent":477,"menu_order":0,"comment_status":"closed","ping_status":"closed","template":"","meta":{"_acf_changed":false,"footnotes":""},"class_list":["post-486","page","type-page","status-publish","hentry"],"acf":[],"yoast_head":"<!-- This site is optimized with the Yoast SEO plugin v27.3 - https:\/\/yoast.com\/product\/yoast-seo-wordpress\/ -->\n<title>Emilia Kallonen - Kyynelkanavat<\/title>\n<meta name=\"robots\" content=\"index, follow, max-snippet:-1, max-image-preview:large, max-video-preview:-1\" \/>\n<link rel=\"canonical\" href=\"https:\/\/sites.uef.fi\/kyynelkanavat\/the-collective\/emilia-kallonen\/?lang=en\" \/>\n<meta property=\"og:locale\" content=\"fi_FI\" \/>\n<meta property=\"og:type\" content=\"article\" \/>\n<meta property=\"og:title\" content=\"Emilia Kallonen - Kyynelkanavat\" \/>\n<meta property=\"og:description\" content=\"Emilia Kallonen is a folk singer, performing artist and music pedagogist. She&nbsp; received her education in North Karelia and has worked as an artist there for over twenty years. At the moment she is living and working as an artist in Tampere. In the Kyynelkanavat project she forms a pair with researcher Elina Hyt\u00f6nen-Ng. As [&hellip;]\" \/>\n<meta property=\"og:url\" content=\"https:\/\/sites.uef.fi\/kyynelkanavat\/the-collective\/emilia-kallonen\/?lang=en\" \/>\n<meta property=\"og:site_name\" content=\"Kyynelkanavat\" \/>\n<meta property=\"article:modified_time\" content=\"2021-05-27T08:22:47+00:00\" \/>\n<meta property=\"og:image\" content=\"https:\/\/sites.uef.fi\/kyynelkanavat\/wp-content\/uploads\/sites\/266\/2021\/05\/Emilia.jpg\" \/>\n<meta name=\"twitter:card\" content=\"summary_large_image\" \/>\n<meta name=\"twitter:label1\" content=\"Arvioitu lukuaika\" \/>\n\t<meta name=\"twitter:data1\" content=\"2 minuuttia\" \/>\n<script type=\"application\/ld+json\" class=\"yoast-schema-graph\">{\"@context\":\"https:\\\/\\\/schema.org\",\"@graph\":[{\"@type\":\"WebPage\",\"@id\":\"https:\\\/\\\/sites.uef.fi\\\/kyynelkanavat\\\/the-collective\\\/emilia-kallonen\\\/?lang=en\",\"url\":\"https:\\\/\\\/sites.uef.fi\\\/kyynelkanavat\\\/the-collective\\\/emilia-kallonen\\\/?lang=en\",\"name\":\"Emilia Kallonen - Kyynelkanavat\",\"isPartOf\":{\"@id\":\"https:\\\/\\\/sites.uef.fi\\\/kyynelkanavat\\\/#website\"},\"primaryImageOfPage\":{\"@id\":\"https:\\\/\\\/sites.uef.fi\\\/kyynelkanavat\\\/the-collective\\\/emilia-kallonen\\\/?lang=en#primaryimage\"},\"image\":{\"@id\":\"https:\\\/\\\/sites.uef.fi\\\/kyynelkanavat\\\/the-collective\\\/emilia-kallonen\\\/?lang=en#primaryimage\"},\"thumbnailUrl\":\"https:\\\/\\\/sites.uef.fi\\\/kyynelkanavat\\\/wp-content\\\/uploads\\\/sites\\\/266\\\/2021\\\/05\\\/Emilia.jpg\",\"datePublished\":\"2021-05-25T16:15:44+00:00\",\"dateModified\":\"2021-05-27T08:22:47+00:00\",\"breadcrumb\":{\"@id\":\"https:\\\/\\\/sites.uef.fi\\\/kyynelkanavat\\\/the-collective\\\/emilia-kallonen\\\/?lang=en#breadcrumb\"},\"inLanguage\":\"fi\",\"potentialAction\":[{\"@type\":\"ReadAction\",\"target\":[\"https:\\\/\\\/sites.uef.fi\\\/kyynelkanavat\\\/the-collective\\\/emilia-kallonen\\\/?lang=en\"]}]},{\"@type\":\"ImageObject\",\"inLanguage\":\"fi\",\"@id\":\"https:\\\/\\\/sites.uef.fi\\\/kyynelkanavat\\\/the-collective\\\/emilia-kallonen\\\/?lang=en#primaryimage\",\"url\":\"https:\\\/\\\/sites.uef.fi\\\/kyynelkanavat\\\/wp-content\\\/uploads\\\/sites\\\/266\\\/2021\\\/05\\\/Emilia.jpg\",\"contentUrl\":\"https:\\\/\\\/sites.uef.fi\\\/kyynelkanavat\\\/wp-content\\\/uploads\\\/sites\\\/266\\\/2021\\\/05\\\/Emilia.jpg\",\"width\":501,\"height\":501},{\"@type\":\"BreadcrumbList\",\"@id\":\"https:\\\/\\\/sites.uef.fi\\\/kyynelkanavat\\\/the-collective\\\/emilia-kallonen\\\/?lang=en#breadcrumb\",\"itemListElement\":[{\"@type\":\"ListItem\",\"position\":1,\"name\":\"Home\",\"item\":\"https:\\\/\\\/sites.uef.fi\\\/kyynelkanavat\\\/\"},{\"@type\":\"ListItem\",\"position\":2,\"name\":\"The Collective\",\"item\":\"https:\\\/\\\/sites.uef.fi\\\/kyynelkanavat\\\/the-collective\\\/?lang=en\"},{\"@type\":\"ListItem\",\"position\":3,\"name\":\"Emilia Kallonen\"}]},{\"@type\":\"WebSite\",\"@id\":\"https:\\\/\\\/sites.uef.fi\\\/kyynelkanavat\\\/#website\",\"url\":\"https:\\\/\\\/sites.uef.fi\\\/kyynelkanavat\\\/\",\"name\":\"Kyynelkanavat\",\"description\":\"\",\"potentialAction\":[{\"@type\":\"SearchAction\",\"target\":{\"@type\":\"EntryPoint\",\"urlTemplate\":\"https:\\\/\\\/sites.uef.fi\\\/kyynelkanavat\\\/?s={search_term_string}\"},\"query-input\":{\"@type\":\"PropertyValueSpecification\",\"valueRequired\":true,\"valueName\":\"search_term_string\"}}],\"inLanguage\":\"fi\"}]}<\/script>\n<!-- \/ Yoast SEO plugin. -->","yoast_head_json":{"title":"Emilia Kallonen - Kyynelkanavat","robots":{"index":"index","follow":"follow","max-snippet":"max-snippet:-1","max-image-preview":"max-image-preview:large","max-video-preview":"max-video-preview:-1"},"canonical":"https:\/\/sites.uef.fi\/kyynelkanavat\/the-collective\/emilia-kallonen\/?lang=en","og_locale":"fi_FI","og_type":"article","og_title":"Emilia Kallonen - Kyynelkanavat","og_description":"Emilia Kallonen is a folk singer, performing artist and music pedagogist. She&nbsp; received her education in North Karelia and has worked as an artist there for over twenty years. At the moment she is living and working as an artist in Tampere. In the Kyynelkanavat project she forms a pair with researcher Elina Hyt\u00f6nen-Ng. As [&hellip;]","og_url":"https:\/\/sites.uef.fi\/kyynelkanavat\/the-collective\/emilia-kallonen\/?lang=en","og_site_name":"Kyynelkanavat","article_modified_time":"2021-05-27T08:22:47+00:00","og_image":[{"url":"https:\/\/sites.uef.fi\/kyynelkanavat\/wp-content\/uploads\/sites\/266\/2021\/05\/Emilia.jpg","type":"","width":"","height":""}],"twitter_card":"summary_large_image","twitter_misc":{"Arvioitu lukuaika":"2 minuuttia"},"schema":{"@context":"https:\/\/schema.org","@graph":[{"@type":"WebPage","@id":"https:\/\/sites.uef.fi\/kyynelkanavat\/the-collective\/emilia-kallonen\/?lang=en","url":"https:\/\/sites.uef.fi\/kyynelkanavat\/the-collective\/emilia-kallonen\/?lang=en","name":"Emilia Kallonen - Kyynelkanavat","isPartOf":{"@id":"https:\/\/sites.uef.fi\/kyynelkanavat\/#website"},"primaryImageOfPage":{"@id":"https:\/\/sites.uef.fi\/kyynelkanavat\/the-collective\/emilia-kallonen\/?lang=en#primaryimage"},"image":{"@id":"https:\/\/sites.uef.fi\/kyynelkanavat\/the-collective\/emilia-kallonen\/?lang=en#primaryimage"},"thumbnailUrl":"https:\/\/sites.uef.fi\/kyynelkanavat\/wp-content\/uploads\/sites\/266\/2021\/05\/Emilia.jpg","datePublished":"2021-05-25T16:15:44+00:00","dateModified":"2021-05-27T08:22:47+00:00","breadcrumb":{"@id":"https:\/\/sites.uef.fi\/kyynelkanavat\/the-collective\/emilia-kallonen\/?lang=en#breadcrumb"},"inLanguage":"fi","potentialAction":[{"@type":"ReadAction","target":["https:\/\/sites.uef.fi\/kyynelkanavat\/the-collective\/emilia-kallonen\/?lang=en"]}]},{"@type":"ImageObject","inLanguage":"fi","@id":"https:\/\/sites.uef.fi\/kyynelkanavat\/the-collective\/emilia-kallonen\/?lang=en#primaryimage","url":"https:\/\/sites.uef.fi\/kyynelkanavat\/wp-content\/uploads\/sites\/266\/2021\/05\/Emilia.jpg","contentUrl":"https:\/\/sites.uef.fi\/kyynelkanavat\/wp-content\/uploads\/sites\/266\/2021\/05\/Emilia.jpg","width":501,"height":501},{"@type":"BreadcrumbList","@id":"https:\/\/sites.uef.fi\/kyynelkanavat\/the-collective\/emilia-kallonen\/?lang=en#breadcrumb","itemListElement":[{"@type":"ListItem","position":1,"name":"Home","item":"https:\/\/sites.uef.fi\/kyynelkanavat\/"},{"@type":"ListItem","position":2,"name":"The Collective","item":"https:\/\/sites.uef.fi\/kyynelkanavat\/the-collective\/?lang=en"},{"@type":"ListItem","position":3,"name":"Emilia Kallonen"}]},{"@type":"WebSite","@id":"https:\/\/sites.uef.fi\/kyynelkanavat\/#website","url":"https:\/\/sites.uef.fi\/kyynelkanavat\/","name":"Kyynelkanavat","description":"","potentialAction":[{"@type":"SearchAction","target":{"@type":"EntryPoint","urlTemplate":"https:\/\/sites.uef.fi\/kyynelkanavat\/?s={search_term_string}"},"query-input":{"@type":"PropertyValueSpecification","valueRequired":true,"valueName":"search_term_string"}}],"inLanguage":"fi"}]}},"_links":{"self":[{"href":"https:\/\/sites.uef.fi\/kyynelkanavat\/wp-json\/wp\/v2\/pages\/486","targetHints":{"allow":["GET"]}}],"collection":[{"href":"https:\/\/sites.uef.fi\/kyynelkanavat\/wp-json\/wp\/v2\/pages"}],"about":[{"href":"https:\/\/sites.uef.fi\/kyynelkanavat\/wp-json\/wp\/v2\/types\/page"}],"author":[{"embeddable":true,"href":"https:\/\/sites.uef.fi\/kyynelkanavat\/wp-json\/wp\/v2\/users\/535"}],"replies":[{"embeddable":true,"href":"https:\/\/sites.uef.fi\/kyynelkanavat\/wp-json\/wp\/v2\/comments?post=486"}],"version-history":[{"count":2,"href":"https:\/\/sites.uef.fi\/kyynelkanavat\/wp-json\/wp\/v2\/pages\/486\/revisions"}],"predecessor-version":[{"id":690,"href":"https:\/\/sites.uef.fi\/kyynelkanavat\/wp-json\/wp\/v2\/pages\/486\/revisions\/690"}],"up":[{"embeddable":true,"href":"https:\/\/sites.uef.fi\/kyynelkanavat\/wp-json\/wp\/v2\/pages\/477"}],"wp:attachment":[{"href":"https:\/\/sites.uef.fi\/kyynelkanavat\/wp-json\/wp\/v2\/media?parent=486"}],"curies":[{"name":"wp","href":"https:\/\/api.w.org\/{rel}","templated":true}]}}