{"id":522,"date":"2021-05-25T18:27:19","date_gmt":"2021-05-25T16:27:19","guid":{"rendered":"https:\/\/sites.uef.fi\/kyynelkanavat\/?page_id=522"},"modified":"2023-10-30T11:52:43","modified_gmt":"2023-10-30T09:52:43","slug":"viliina-silvonen","status":"publish","type":"page","link":"https:\/\/sites.uef.fi\/kyynelkanavat\/the-collective\/viliina-silvonen\/?lang=en","title":{"rendered":"Viliina Silvonen"},"content":{"rendered":"\n<p>Viliina Silvonen is a folklorist specialising in Karelian lament tradition, emotions and affects as well as archival materials. She defended her doctoral dissertation in Folklore Studies at the University of Helsinki on January 2022. In the Kyynelkanavat project she works as a post-doctoral researcher.<\/p>\n\n\n\n<p>In her dissertation, combining views from performance and practice theories into interdisciplinary affect and emotion theories, she approaches Olonets Karelian laments as performances of ritual oral poetry and as an affective practice. Her research material consists of archival audio recordings. To analyse the poetics, emotions and affectivity, she applies text, music and sound\/voice analysis and sensory ethnographic methods.<\/p>\n\n\n\n<p>In Kyynelkanavat project, she concentrates on the continuum of varying lament tradition from ritual practice in Karelia to the practices and performances in contemporary Finnish society, and particularly on the artistic performances of the modern lament practices with her working partner, musician Emmi Kuittinen. In general, Silvonen is interested in how traditions live, change and gain meanings in changing sociocultural contexts. She works at the multidisciplinary <a rel=\"noreferrer noopener\" href=\"https:\/\/www.finlit.fi\/en\/en-tutkimus\" target=\"_blank\">research community of Finnish Literature Society (SKS)<\/a>.<\/p>\n\n\n\n<p>Silvonen graduated with a Master of Arts degree in Folklore Studies from the University of Turku in 2014, and also specialises in Finnish language. Silvonen is a member of the editorial board for the <a href=\"https:\/\/journal.fi\/elore\">Elore Journal<\/a> and the <a href=\"https:\/\/etnomusikologia.journal.fi\/\">The Finnish Yearbook of Ethnomusicology Journal<\/a>. She is one of the founders, editors and writers in the popular science blog P\u00e4ivyst\u00e4v\u00e4 folkloristi (\u2018a folklorist on-call\u2019).<\/p>\n\n\n\n<p><em>interests: laments, affect, <em>emotion,<\/em><\/em> <em>performance, archival material, audio recordings, oral poetry, Finnic and Karelian tradition<\/em><\/p>\n\n\n\n<p>Orcid ID:<a href=\"https:\/\/orcid.org\/0000-0002-7191-4956\"> https:\/\/orcid.org\/0000-0002-7191-4956<br><\/a>Twitter: <a href=\"https:\/\/twitter.com\/viliinasil\">@viliinasil<\/a><\/p>\n\n\n\n<figure class=\"wp-block-image size-large is-resized\"><img loading=\"lazy\" decoding=\"async\" width=\"1024\" height=\"1024\" src=\"https:\/\/sites.uef.fi\/kyynelkanavat\/wp-content\/uploads\/sites\/266\/2021\/05\/ViliinaSilvonen.jpg\" alt=\"\" class=\"wp-image-654\" style=\"width:512px;height:512px\" srcset=\"https:\/\/sites.uef.fi\/kyynelkanavat\/wp-content\/uploads\/sites\/266\/2021\/05\/ViliinaSilvonen.jpg 1024w, https:\/\/sites.uef.fi\/kyynelkanavat\/wp-content\/uploads\/sites\/266\/2021\/05\/ViliinaSilvonen-300x300.jpg 300w, https:\/\/sites.uef.fi\/kyynelkanavat\/wp-content\/uploads\/sites\/266\/2021\/05\/ViliinaSilvonen-150x150.jpg 150w, https:\/\/sites.uef.fi\/kyynelkanavat\/wp-content\/uploads\/sites\/266\/2021\/05\/ViliinaSilvonen-768x768.jpg 768w, https:\/\/sites.uef.fi\/kyynelkanavat\/wp-content\/uploads\/sites\/266\/2021\/05\/ViliinaSilvonen-100x100.jpg 100w\" sizes=\"auto, (max-width: 1024px) 100vw, 1024px\" \/><figcaption class=\"wp-element-caption\">Viliina Silvonen.<\/figcaption><\/figure>\n\n\n\n<p><\/p>\n","protected":false},"excerpt":{"rendered":"<p>Viliina Silvonen is a folklorist specialising in Karelian lament tradition, emotions and affects as well as archival materials. She defended her doctoral dissertation in Folklore Studies at the University of Helsinki on January 2022. In the Kyynelkanavat project she works as a post-doctoral researcher. In her dissertation, combining views from performance and practice theories into [&hellip;]<\/p>\n","protected":false},"author":535,"featured_media":0,"parent":477,"menu_order":0,"comment_status":"closed","ping_status":"closed","template":"","meta":{"_acf_changed":false,"footnotes":""},"class_list":["post-522","page","type-page","status-publish","hentry"],"acf":[],"yoast_head":"<!-- This site is optimized with the Yoast SEO plugin v27.1.1 - https:\/\/yoast.com\/product\/yoast-seo-wordpress\/ -->\n<title>Viliina Silvonen - Kyynelkanavat<\/title>\n<meta name=\"robots\" content=\"index, follow, max-snippet:-1, max-image-preview:large, max-video-preview:-1\" \/>\n<link rel=\"canonical\" href=\"https:\/\/sites.uef.fi\/kyynelkanavat\/the-collective\/viliina-silvonen\/?lang=en\" \/>\n<meta property=\"og:locale\" content=\"fi_FI\" \/>\n<meta property=\"og:type\" content=\"article\" \/>\n<meta property=\"og:title\" content=\"Viliina Silvonen - Kyynelkanavat\" \/>\n<meta property=\"og:description\" content=\"Viliina Silvonen is a folklorist specialising in Karelian lament tradition, emotions and affects as well as archival materials. She defended her doctoral dissertation in Folklore Studies at the University of Helsinki on January 2022. In the Kyynelkanavat project she works as a post-doctoral researcher. In her dissertation, combining views from performance and practice theories into [&hellip;]\" \/>\n<meta property=\"og:url\" content=\"https:\/\/sites.uef.fi\/kyynelkanavat\/the-collective\/viliina-silvonen\/?lang=en\" \/>\n<meta property=\"og:site_name\" content=\"Kyynelkanavat\" \/>\n<meta property=\"article:modified_time\" content=\"2023-10-30T09:52:43+00:00\" \/>\n<meta property=\"og:image\" content=\"https:\/\/sites.uef.fi\/kyynelkanavat\/wp-content\/uploads\/sites\/266\/2021\/05\/ViliinaSilvonen.jpg\" \/>\n<meta name=\"twitter:card\" content=\"summary_large_image\" \/>\n<meta name=\"twitter:label1\" content=\"Arvioitu lukuaika\" \/>\n\t<meta name=\"twitter:data1\" content=\"1 minuutti\" \/>\n<script type=\"application\/ld+json\" class=\"yoast-schema-graph\">{\"@context\":\"https:\/\/schema.org\",\"@graph\":[{\"@type\":\"WebPage\",\"@id\":\"https:\/\/sites.uef.fi\/kyynelkanavat\/the-collective\/viliina-silvonen\/?lang=en\",\"url\":\"https:\/\/sites.uef.fi\/kyynelkanavat\/the-collective\/viliina-silvonen\/?lang=en\",\"name\":\"Viliina Silvonen - Kyynelkanavat\",\"isPartOf\":{\"@id\":\"https:\/\/sites.uef.fi\/kyynelkanavat\/#website\"},\"primaryImageOfPage\":{\"@id\":\"https:\/\/sites.uef.fi\/kyynelkanavat\/the-collective\/viliina-silvonen\/?lang=en#primaryimage\"},\"image\":{\"@id\":\"https:\/\/sites.uef.fi\/kyynelkanavat\/the-collective\/viliina-silvonen\/?lang=en#primaryimage\"},\"thumbnailUrl\":\"https:\/\/sites.uef.fi\/kyynelkanavat\/wp-content\/uploads\/sites\/266\/2021\/05\/ViliinaSilvonen.jpg\",\"datePublished\":\"2021-05-25T16:27:19+00:00\",\"dateModified\":\"2023-10-30T09:52:43+00:00\",\"breadcrumb\":{\"@id\":\"https:\/\/sites.uef.fi\/kyynelkanavat\/the-collective\/viliina-silvonen\/?lang=en#breadcrumb\"},\"inLanguage\":\"fi\",\"potentialAction\":[{\"@type\":\"ReadAction\",\"target\":[\"https:\/\/sites.uef.fi\/kyynelkanavat\/the-collective\/viliina-silvonen\/?lang=en\"]}]},{\"@type\":\"ImageObject\",\"inLanguage\":\"fi\",\"@id\":\"https:\/\/sites.uef.fi\/kyynelkanavat\/the-collective\/viliina-silvonen\/?lang=en#primaryimage\",\"url\":\"https:\/\/sites.uef.fi\/kyynelkanavat\/wp-content\/uploads\/sites\/266\/2021\/05\/ViliinaSilvonen.jpg\",\"contentUrl\":\"https:\/\/sites.uef.fi\/kyynelkanavat\/wp-content\/uploads\/sites\/266\/2021\/05\/ViliinaSilvonen.jpg\",\"width\":1024,\"height\":1024},{\"@type\":\"BreadcrumbList\",\"@id\":\"https:\/\/sites.uef.fi\/kyynelkanavat\/the-collective\/viliina-silvonen\/?lang=en#breadcrumb\",\"itemListElement\":[{\"@type\":\"ListItem\",\"position\":1,\"name\":\"Home\",\"item\":\"https:\/\/sites.uef.fi\/kyynelkanavat\/\"},{\"@type\":\"ListItem\",\"position\":2,\"name\":\"The Collective\",\"item\":\"https:\/\/sites.uef.fi\/kyynelkanavat\/the-collective\/?lang=en\"},{\"@type\":\"ListItem\",\"position\":3,\"name\":\"Viliina Silvonen\"}]},{\"@type\":\"WebSite\",\"@id\":\"https:\/\/sites.uef.fi\/kyynelkanavat\/#website\",\"url\":\"https:\/\/sites.uef.fi\/kyynelkanavat\/\",\"name\":\"Kyynelkanavat\",\"description\":\"\",\"potentialAction\":[{\"@type\":\"SearchAction\",\"target\":{\"@type\":\"EntryPoint\",\"urlTemplate\":\"https:\/\/sites.uef.fi\/kyynelkanavat\/?s={search_term_string}\"},\"query-input\":{\"@type\":\"PropertyValueSpecification\",\"valueRequired\":true,\"valueName\":\"search_term_string\"}}],\"inLanguage\":\"fi\"}]}<\/script>\n<!-- \/ Yoast SEO plugin. -->","yoast_head_json":{"title":"Viliina Silvonen - Kyynelkanavat","robots":{"index":"index","follow":"follow","max-snippet":"max-snippet:-1","max-image-preview":"max-image-preview:large","max-video-preview":"max-video-preview:-1"},"canonical":"https:\/\/sites.uef.fi\/kyynelkanavat\/the-collective\/viliina-silvonen\/?lang=en","og_locale":"fi_FI","og_type":"article","og_title":"Viliina Silvonen - Kyynelkanavat","og_description":"Viliina Silvonen is a folklorist specialising in Karelian lament tradition, emotions and affects as well as archival materials. She defended her doctoral dissertation in Folklore Studies at the University of Helsinki on January 2022. In the Kyynelkanavat project she works as a post-doctoral researcher. In her dissertation, combining views from performance and practice theories into [&hellip;]","og_url":"https:\/\/sites.uef.fi\/kyynelkanavat\/the-collective\/viliina-silvonen\/?lang=en","og_site_name":"Kyynelkanavat","article_modified_time":"2023-10-30T09:52:43+00:00","og_image":[{"url":"https:\/\/sites.uef.fi\/kyynelkanavat\/wp-content\/uploads\/sites\/266\/2021\/05\/ViliinaSilvonen.jpg","type":"","width":"","height":""}],"twitter_card":"summary_large_image","twitter_misc":{"Arvioitu lukuaika":"1 minuutti"},"schema":{"@context":"https:\/\/schema.org","@graph":[{"@type":"WebPage","@id":"https:\/\/sites.uef.fi\/kyynelkanavat\/the-collective\/viliina-silvonen\/?lang=en","url":"https:\/\/sites.uef.fi\/kyynelkanavat\/the-collective\/viliina-silvonen\/?lang=en","name":"Viliina Silvonen - Kyynelkanavat","isPartOf":{"@id":"https:\/\/sites.uef.fi\/kyynelkanavat\/#website"},"primaryImageOfPage":{"@id":"https:\/\/sites.uef.fi\/kyynelkanavat\/the-collective\/viliina-silvonen\/?lang=en#primaryimage"},"image":{"@id":"https:\/\/sites.uef.fi\/kyynelkanavat\/the-collective\/viliina-silvonen\/?lang=en#primaryimage"},"thumbnailUrl":"https:\/\/sites.uef.fi\/kyynelkanavat\/wp-content\/uploads\/sites\/266\/2021\/05\/ViliinaSilvonen.jpg","datePublished":"2021-05-25T16:27:19+00:00","dateModified":"2023-10-30T09:52:43+00:00","breadcrumb":{"@id":"https:\/\/sites.uef.fi\/kyynelkanavat\/the-collective\/viliina-silvonen\/?lang=en#breadcrumb"},"inLanguage":"fi","potentialAction":[{"@type":"ReadAction","target":["https:\/\/sites.uef.fi\/kyynelkanavat\/the-collective\/viliina-silvonen\/?lang=en"]}]},{"@type":"ImageObject","inLanguage":"fi","@id":"https:\/\/sites.uef.fi\/kyynelkanavat\/the-collective\/viliina-silvonen\/?lang=en#primaryimage","url":"https:\/\/sites.uef.fi\/kyynelkanavat\/wp-content\/uploads\/sites\/266\/2021\/05\/ViliinaSilvonen.jpg","contentUrl":"https:\/\/sites.uef.fi\/kyynelkanavat\/wp-content\/uploads\/sites\/266\/2021\/05\/ViliinaSilvonen.jpg","width":1024,"height":1024},{"@type":"BreadcrumbList","@id":"https:\/\/sites.uef.fi\/kyynelkanavat\/the-collective\/viliina-silvonen\/?lang=en#breadcrumb","itemListElement":[{"@type":"ListItem","position":1,"name":"Home","item":"https:\/\/sites.uef.fi\/kyynelkanavat\/"},{"@type":"ListItem","position":2,"name":"The Collective","item":"https:\/\/sites.uef.fi\/kyynelkanavat\/the-collective\/?lang=en"},{"@type":"ListItem","position":3,"name":"Viliina Silvonen"}]},{"@type":"WebSite","@id":"https:\/\/sites.uef.fi\/kyynelkanavat\/#website","url":"https:\/\/sites.uef.fi\/kyynelkanavat\/","name":"Kyynelkanavat","description":"","potentialAction":[{"@type":"SearchAction","target":{"@type":"EntryPoint","urlTemplate":"https:\/\/sites.uef.fi\/kyynelkanavat\/?s={search_term_string}"},"query-input":{"@type":"PropertyValueSpecification","valueRequired":true,"valueName":"search_term_string"}}],"inLanguage":"fi"}]}},"_links":{"self":[{"href":"https:\/\/sites.uef.fi\/kyynelkanavat\/wp-json\/wp\/v2\/pages\/522","targetHints":{"allow":["GET"]}}],"collection":[{"href":"https:\/\/sites.uef.fi\/kyynelkanavat\/wp-json\/wp\/v2\/pages"}],"about":[{"href":"https:\/\/sites.uef.fi\/kyynelkanavat\/wp-json\/wp\/v2\/types\/page"}],"author":[{"embeddable":true,"href":"https:\/\/sites.uef.fi\/kyynelkanavat\/wp-json\/wp\/v2\/users\/535"}],"replies":[{"embeddable":true,"href":"https:\/\/sites.uef.fi\/kyynelkanavat\/wp-json\/wp\/v2\/comments?post=522"}],"version-history":[{"count":2,"href":"https:\/\/sites.uef.fi\/kyynelkanavat\/wp-json\/wp\/v2\/pages\/522\/revisions"}],"predecessor-version":[{"id":2862,"href":"https:\/\/sites.uef.fi\/kyynelkanavat\/wp-json\/wp\/v2\/pages\/522\/revisions\/2862"}],"up":[{"embeddable":true,"href":"https:\/\/sites.uef.fi\/kyynelkanavat\/wp-json\/wp\/v2\/pages\/477"}],"wp:attachment":[{"href":"https:\/\/sites.uef.fi\/kyynelkanavat\/wp-json\/wp\/v2\/media?parent=522"}],"curies":[{"name":"wp","href":"https:\/\/api.w.org\/{rel}","templated":true}]}}