{"id":534,"date":"2021-05-25T18:28:50","date_gmt":"2021-05-25T16:28:50","guid":{"rendered":"https:\/\/sites.uef.fi\/kyynelkanavat\/?page_id=534"},"modified":"2021-05-26T18:48:50","modified_gmt":"2021-05-26T16:48:50","slug":"riikka-patrikainen","status":"publish","type":"page","link":"https:\/\/sites.uef.fi\/kyynelkanavat\/tyoryhma\/riikka-patrikainen\/","title":{"rendered":"Riikka Patrikainen"},"content":{"rendered":"\n<p>Riikka Patrikainen ty\u00f6skentelee t\u00e4ll\u00e4 hetkell\u00e4 v\u00e4it\u00f6skirjatutkijana It\u00e4-Suomen yliopiston sosiaalisten ja kulttuuristen kohtaamisten tohtoriohjelmassa. H\u00e4n on valmistunut teologian maisteriksi Joensuun yliopistosta vuonna 2006 p\u00e4\u00e4aineenaan ortodoksinen kirkkomusiikki.<\/p>\n\n\n\n<p>Patrikainen on toiminut yli 15 vuoden ajan Ilomantsin ortodoksisen seurakunnan kanttorina, ja t\u00e4st\u00e4 laulajana ty\u00f6skentelemisen kokemuksesta nousevat my\u00f6s h\u00e4nen v\u00e4it\u00f6skirjansa keskeiset tutkimuskysymykset. V\u00e4it\u00f6skirjassaan Patrikainen tutkii rituaalisen itkemisen sek\u00e4 laulamisen merkityst\u00e4 osana ortodoksisen perinteen mukaisia hautajaisrituaaleja. Vertailevan tutkimuksen aineiston muodostavat rajakarjalainen ja pohjoiskreikkalainen kansanperinne sek\u00e4 suomalainen ortodoksinen hautajaisperinne. V\u00e4it\u00f6stutkimus on poikkitieteellinen ja se yhdist\u00e4\u00e4 teologian sek\u00e4 kulttuurin- ja perinteentutkimuksen aloja.&nbsp;<\/p>\n\n\n\n<p>Kyynelkanavat-hankkeessa Patrikainen on yksi ty\u00f6ryhm\u00e4n kolmesta tutkijasta sek\u00e4 Ilomantsissa asuvan, suomalaisen nykyitkuvirsiperinteen uranuurtaja Liisa Matveisen ty\u00f6pari. Ty\u00f6parin yhteisen ty\u00f6skentelyn tavoitteena on selvitt\u00e4\u00e4 muun muassa sit\u00e4, miten maailmankatsomus vaikuttaa itkij\u00e4n tuottamiin itkuvirsiin.<\/p>\n\n\n\n<figure class=\"wp-block-image size-large\"><img loading=\"lazy\" decoding=\"async\" width=\"501\" height=\"502\" src=\"https:\/\/sites.uef.fi\/kyynelkanavat\/wp-content\/uploads\/sites\/266\/2021\/05\/Riikka-500x500_2051.jpg\" alt=\"\" class=\"wp-image-606\" srcset=\"https:\/\/sites.uef.fi\/kyynelkanavat\/wp-content\/uploads\/sites\/266\/2021\/05\/Riikka-500x500_2051.jpg 501w, https:\/\/sites.uef.fi\/kyynelkanavat\/wp-content\/uploads\/sites\/266\/2021\/05\/Riikka-500x500_2051-300x300.jpg 300w, https:\/\/sites.uef.fi\/kyynelkanavat\/wp-content\/uploads\/sites\/266\/2021\/05\/Riikka-500x500_2051-150x150.jpg 150w, https:\/\/sites.uef.fi\/kyynelkanavat\/wp-content\/uploads\/sites\/266\/2021\/05\/Riikka-500x500_2051-100x100.jpg 100w\" sizes=\"auto, (max-width: 501px) 100vw, 501px\" \/><\/figure>\n","protected":false},"excerpt":{"rendered":"<p>Riikka Patrikainen ty\u00f6skentelee t\u00e4ll\u00e4 hetkell\u00e4 v\u00e4it\u00f6skirjatutkijana It\u00e4-Suomen yliopiston sosiaalisten ja kulttuuristen kohtaamisten tohtoriohjelmassa. H\u00e4n on valmistunut teologian maisteriksi Joensuun yliopistosta vuonna 2006 p\u00e4\u00e4aineenaan ortodoksinen kirkkomusiikki. Patrikainen on toiminut yli 15 vuoden ajan Ilomantsin ortodoksisen seurakunnan kanttorina, ja t\u00e4st\u00e4 laulajana ty\u00f6skentelemisen kokemuksesta nousevat my\u00f6s h\u00e4nen v\u00e4it\u00f6skirjansa keskeiset tutkimuskysymykset. V\u00e4it\u00f6skirjassaan Patrikainen tutkii rituaalisen itkemisen sek\u00e4 laulamisen merkityst\u00e4 [&hellip;]<\/p>\n","protected":false},"author":535,"featured_media":0,"parent":99,"menu_order":0,"comment_status":"closed","ping_status":"closed","template":"","meta":{"_acf_changed":false,"footnotes":""},"class_list":["post-534","page","type-page","status-publish","hentry"],"acf":[],"yoast_head":"<!-- This site is optimized with the Yoast SEO plugin v27.3 - https:\/\/yoast.com\/product\/yoast-seo-wordpress\/ -->\n<title>Riikka Patrikainen - Kyynelkanavat<\/title>\n<meta name=\"robots\" content=\"index, follow, max-snippet:-1, max-image-preview:large, max-video-preview:-1\" \/>\n<link rel=\"canonical\" href=\"https:\/\/sites.uef.fi\/kyynelkanavat\/tyoryhma\/riikka-patrikainen\/\" \/>\n<meta property=\"og:locale\" content=\"fi_FI\" \/>\n<meta property=\"og:type\" content=\"article\" \/>\n<meta property=\"og:title\" content=\"Riikka Patrikainen - Kyynelkanavat\" \/>\n<meta property=\"og:description\" content=\"Riikka Patrikainen ty\u00f6skentelee t\u00e4ll\u00e4 hetkell\u00e4 v\u00e4it\u00f6skirjatutkijana It\u00e4-Suomen yliopiston sosiaalisten ja kulttuuristen kohtaamisten tohtoriohjelmassa. H\u00e4n on valmistunut teologian maisteriksi Joensuun yliopistosta vuonna 2006 p\u00e4\u00e4aineenaan ortodoksinen kirkkomusiikki. Patrikainen on toiminut yli 15 vuoden ajan Ilomantsin ortodoksisen seurakunnan kanttorina, ja t\u00e4st\u00e4 laulajana ty\u00f6skentelemisen kokemuksesta nousevat my\u00f6s h\u00e4nen v\u00e4it\u00f6skirjansa keskeiset tutkimuskysymykset. V\u00e4it\u00f6skirjassaan Patrikainen tutkii rituaalisen itkemisen sek\u00e4 laulamisen merkityst\u00e4 [&hellip;]\" \/>\n<meta property=\"og:url\" content=\"https:\/\/sites.uef.fi\/kyynelkanavat\/tyoryhma\/riikka-patrikainen\/\" \/>\n<meta property=\"og:site_name\" content=\"Kyynelkanavat\" \/>\n<meta property=\"article:modified_time\" content=\"2021-05-26T16:48:50+00:00\" \/>\n<meta property=\"og:image\" content=\"https:\/\/sites.uef.fi\/kyynelkanavat\/wp-content\/uploads\/sites\/266\/2021\/05\/Riikka-500x500_2051.jpg\" \/>\n<meta name=\"twitter:card\" content=\"summary_large_image\" \/>\n<meta name=\"twitter:label1\" content=\"Arvioitu lukuaika\" \/>\n\t<meta name=\"twitter:data1\" content=\"1 minuutti\" \/>\n<script type=\"application\/ld+json\" class=\"yoast-schema-graph\">{\"@context\":\"https:\\\/\\\/schema.org\",\"@graph\":[{\"@type\":\"WebPage\",\"@id\":\"https:\\\/\\\/sites.uef.fi\\\/kyynelkanavat\\\/tyoryhma\\\/riikka-patrikainen\\\/\",\"url\":\"https:\\\/\\\/sites.uef.fi\\\/kyynelkanavat\\\/tyoryhma\\\/riikka-patrikainen\\\/\",\"name\":\"Riikka Patrikainen - Kyynelkanavat\",\"isPartOf\":{\"@id\":\"https:\\\/\\\/sites.uef.fi\\\/kyynelkanavat\\\/#website\"},\"primaryImageOfPage\":{\"@id\":\"https:\\\/\\\/sites.uef.fi\\\/kyynelkanavat\\\/tyoryhma\\\/riikka-patrikainen\\\/#primaryimage\"},\"image\":{\"@id\":\"https:\\\/\\\/sites.uef.fi\\\/kyynelkanavat\\\/tyoryhma\\\/riikka-patrikainen\\\/#primaryimage\"},\"thumbnailUrl\":\"https:\\\/\\\/sites.uef.fi\\\/kyynelkanavat\\\/wp-content\\\/uploads\\\/sites\\\/266\\\/2021\\\/05\\\/Riikka-500x500_2051.jpg\",\"datePublished\":\"2021-05-25T16:28:50+00:00\",\"dateModified\":\"2021-05-26T16:48:50+00:00\",\"breadcrumb\":{\"@id\":\"https:\\\/\\\/sites.uef.fi\\\/kyynelkanavat\\\/tyoryhma\\\/riikka-patrikainen\\\/#breadcrumb\"},\"inLanguage\":\"fi\",\"potentialAction\":[{\"@type\":\"ReadAction\",\"target\":[\"https:\\\/\\\/sites.uef.fi\\\/kyynelkanavat\\\/tyoryhma\\\/riikka-patrikainen\\\/\"]}]},{\"@type\":\"ImageObject\",\"inLanguage\":\"fi\",\"@id\":\"https:\\\/\\\/sites.uef.fi\\\/kyynelkanavat\\\/tyoryhma\\\/riikka-patrikainen\\\/#primaryimage\",\"url\":\"https:\\\/\\\/sites.uef.fi\\\/kyynelkanavat\\\/wp-content\\\/uploads\\\/sites\\\/266\\\/2021\\\/05\\\/Riikka-500x500_2051.jpg\",\"contentUrl\":\"https:\\\/\\\/sites.uef.fi\\\/kyynelkanavat\\\/wp-content\\\/uploads\\\/sites\\\/266\\\/2021\\\/05\\\/Riikka-500x500_2051.jpg\",\"width\":501,\"height\":502},{\"@type\":\"BreadcrumbList\",\"@id\":\"https:\\\/\\\/sites.uef.fi\\\/kyynelkanavat\\\/tyoryhma\\\/riikka-patrikainen\\\/#breadcrumb\",\"itemListElement\":[{\"@type\":\"ListItem\",\"position\":1,\"name\":\"Home\",\"item\":\"https:\\\/\\\/sites.uef.fi\\\/kyynelkanavat\\\/\"},{\"@type\":\"ListItem\",\"position\":2,\"name\":\"Ty\u00f6ryhm\u00e4 ja teemat\",\"item\":\"https:\\\/\\\/sites.uef.fi\\\/kyynelkanavat\\\/tyoryhma\\\/\"},{\"@type\":\"ListItem\",\"position\":3,\"name\":\"Riikka Patrikainen\"}]},{\"@type\":\"WebSite\",\"@id\":\"https:\\\/\\\/sites.uef.fi\\\/kyynelkanavat\\\/#website\",\"url\":\"https:\\\/\\\/sites.uef.fi\\\/kyynelkanavat\\\/\",\"name\":\"Kyynelkanavat\",\"description\":\"\",\"potentialAction\":[{\"@type\":\"SearchAction\",\"target\":{\"@type\":\"EntryPoint\",\"urlTemplate\":\"https:\\\/\\\/sites.uef.fi\\\/kyynelkanavat\\\/?s={search_term_string}\"},\"query-input\":{\"@type\":\"PropertyValueSpecification\",\"valueRequired\":true,\"valueName\":\"search_term_string\"}}],\"inLanguage\":\"fi\"}]}<\/script>\n<!-- \/ Yoast SEO plugin. -->","yoast_head_json":{"title":"Riikka Patrikainen - Kyynelkanavat","robots":{"index":"index","follow":"follow","max-snippet":"max-snippet:-1","max-image-preview":"max-image-preview:large","max-video-preview":"max-video-preview:-1"},"canonical":"https:\/\/sites.uef.fi\/kyynelkanavat\/tyoryhma\/riikka-patrikainen\/","og_locale":"fi_FI","og_type":"article","og_title":"Riikka Patrikainen - Kyynelkanavat","og_description":"Riikka Patrikainen ty\u00f6skentelee t\u00e4ll\u00e4 hetkell\u00e4 v\u00e4it\u00f6skirjatutkijana It\u00e4-Suomen yliopiston sosiaalisten ja kulttuuristen kohtaamisten tohtoriohjelmassa. H\u00e4n on valmistunut teologian maisteriksi Joensuun yliopistosta vuonna 2006 p\u00e4\u00e4aineenaan ortodoksinen kirkkomusiikki. Patrikainen on toiminut yli 15 vuoden ajan Ilomantsin ortodoksisen seurakunnan kanttorina, ja t\u00e4st\u00e4 laulajana ty\u00f6skentelemisen kokemuksesta nousevat my\u00f6s h\u00e4nen v\u00e4it\u00f6skirjansa keskeiset tutkimuskysymykset. V\u00e4it\u00f6skirjassaan Patrikainen tutkii rituaalisen itkemisen sek\u00e4 laulamisen merkityst\u00e4 [&hellip;]","og_url":"https:\/\/sites.uef.fi\/kyynelkanavat\/tyoryhma\/riikka-patrikainen\/","og_site_name":"Kyynelkanavat","article_modified_time":"2021-05-26T16:48:50+00:00","og_image":[{"url":"https:\/\/sites.uef.fi\/kyynelkanavat\/wp-content\/uploads\/sites\/266\/2021\/05\/Riikka-500x500_2051.jpg","type":"","width":"","height":""}],"twitter_card":"summary_large_image","twitter_misc":{"Arvioitu lukuaika":"1 minuutti"},"schema":{"@context":"https:\/\/schema.org","@graph":[{"@type":"WebPage","@id":"https:\/\/sites.uef.fi\/kyynelkanavat\/tyoryhma\/riikka-patrikainen\/","url":"https:\/\/sites.uef.fi\/kyynelkanavat\/tyoryhma\/riikka-patrikainen\/","name":"Riikka Patrikainen - Kyynelkanavat","isPartOf":{"@id":"https:\/\/sites.uef.fi\/kyynelkanavat\/#website"},"primaryImageOfPage":{"@id":"https:\/\/sites.uef.fi\/kyynelkanavat\/tyoryhma\/riikka-patrikainen\/#primaryimage"},"image":{"@id":"https:\/\/sites.uef.fi\/kyynelkanavat\/tyoryhma\/riikka-patrikainen\/#primaryimage"},"thumbnailUrl":"https:\/\/sites.uef.fi\/kyynelkanavat\/wp-content\/uploads\/sites\/266\/2021\/05\/Riikka-500x500_2051.jpg","datePublished":"2021-05-25T16:28:50+00:00","dateModified":"2021-05-26T16:48:50+00:00","breadcrumb":{"@id":"https:\/\/sites.uef.fi\/kyynelkanavat\/tyoryhma\/riikka-patrikainen\/#breadcrumb"},"inLanguage":"fi","potentialAction":[{"@type":"ReadAction","target":["https:\/\/sites.uef.fi\/kyynelkanavat\/tyoryhma\/riikka-patrikainen\/"]}]},{"@type":"ImageObject","inLanguage":"fi","@id":"https:\/\/sites.uef.fi\/kyynelkanavat\/tyoryhma\/riikka-patrikainen\/#primaryimage","url":"https:\/\/sites.uef.fi\/kyynelkanavat\/wp-content\/uploads\/sites\/266\/2021\/05\/Riikka-500x500_2051.jpg","contentUrl":"https:\/\/sites.uef.fi\/kyynelkanavat\/wp-content\/uploads\/sites\/266\/2021\/05\/Riikka-500x500_2051.jpg","width":501,"height":502},{"@type":"BreadcrumbList","@id":"https:\/\/sites.uef.fi\/kyynelkanavat\/tyoryhma\/riikka-patrikainen\/#breadcrumb","itemListElement":[{"@type":"ListItem","position":1,"name":"Home","item":"https:\/\/sites.uef.fi\/kyynelkanavat\/"},{"@type":"ListItem","position":2,"name":"Ty\u00f6ryhm\u00e4 ja teemat","item":"https:\/\/sites.uef.fi\/kyynelkanavat\/tyoryhma\/"},{"@type":"ListItem","position":3,"name":"Riikka Patrikainen"}]},{"@type":"WebSite","@id":"https:\/\/sites.uef.fi\/kyynelkanavat\/#website","url":"https:\/\/sites.uef.fi\/kyynelkanavat\/","name":"Kyynelkanavat","description":"","potentialAction":[{"@type":"SearchAction","target":{"@type":"EntryPoint","urlTemplate":"https:\/\/sites.uef.fi\/kyynelkanavat\/?s={search_term_string}"},"query-input":{"@type":"PropertyValueSpecification","valueRequired":true,"valueName":"search_term_string"}}],"inLanguage":"fi"}]}},"_links":{"self":[{"href":"https:\/\/sites.uef.fi\/kyynelkanavat\/wp-json\/wp\/v2\/pages\/534","targetHints":{"allow":["GET"]}}],"collection":[{"href":"https:\/\/sites.uef.fi\/kyynelkanavat\/wp-json\/wp\/v2\/pages"}],"about":[{"href":"https:\/\/sites.uef.fi\/kyynelkanavat\/wp-json\/wp\/v2\/types\/page"}],"author":[{"embeddable":true,"href":"https:\/\/sites.uef.fi\/kyynelkanavat\/wp-json\/wp\/v2\/users\/535"}],"replies":[{"embeddable":true,"href":"https:\/\/sites.uef.fi\/kyynelkanavat\/wp-json\/wp\/v2\/comments?post=534"}],"version-history":[{"count":2,"href":"https:\/\/sites.uef.fi\/kyynelkanavat\/wp-json\/wp\/v2\/pages\/534\/revisions"}],"predecessor-version":[{"id":645,"href":"https:\/\/sites.uef.fi\/kyynelkanavat\/wp-json\/wp\/v2\/pages\/534\/revisions\/645"}],"up":[{"embeddable":true,"href":"https:\/\/sites.uef.fi\/kyynelkanavat\/wp-json\/wp\/v2\/pages\/99"}],"wp:attachment":[{"href":"https:\/\/sites.uef.fi\/kyynelkanavat\/wp-json\/wp\/v2\/media?parent=534"}],"curies":[{"name":"wp","href":"https:\/\/api.w.org\/{rel}","templated":true}]}}