{"id":552,"date":"2021-05-25T18:34:59","date_gmt":"2021-05-25T16:34:59","guid":{"rendered":"https:\/\/sites.uef.fi\/kyynelkanavat\/?page_id=552"},"modified":"2021-05-27T10:23:31","modified_gmt":"2021-05-27T08:23:31","slug":"liisa-matveinen","status":"publish","type":"page","link":"https:\/\/sites.uef.fi\/kyynelkanavat\/the-collective\/liisa-matveinen\/?lang=en","title":{"rendered":"Liisa Matveinen"},"content":{"rendered":"\n<p>Liisa Matveinen received her master\u2019s degree in folk music from Sibelius Academy in 1989, majoring in singing and kantele (Finnish zither). The topic of Matveinen\u2019s thesis was the background and development of her lamenting improvisation. Through both her thesis and personal process, Matveinen was part of the process that led to running the first few lamenting courses, where she was the instructor, and the establishment of \u00c4\u00e4nell\u00e4 itkij\u00e4t ry., a society for lamenting in 2001. She has acted as the specialist member in the society since its beginning.<\/p>\n\n\n\n<p>Matveinen has worked as a teacher and instructor in lamenting courses for over 20 years. Through the courses, Matveinen has developed lamenting poetry forwards in the finnish language, alongside the traditional Karelian lamenting language. Based on personal topics and themes that course participants were using, Matveinen constructed a lamenting manual in 2015.&nbsp;<\/p>\n\n\n\n<p>Liisa Matveinen is a musician and composer, who has been performing in a variety of ensembles. Her compositions are based on the rune singing tradition of Ilomantsi. In Kyynelkanavat project Matveinen is working with Riikka Patrikainen.<\/p>\n\n\n\n<figure class=\"wp-block-image size-large\"><img loading=\"lazy\" decoding=\"async\" width=\"501\" height=\"501\" src=\"https:\/\/sites.uef.fi\/kyynelkanavat\/wp-content\/uploads\/sites\/266\/2021\/05\/Liisa-500x500_1999.jpg\" alt=\"\" class=\"wp-image-603\" srcset=\"https:\/\/sites.uef.fi\/kyynelkanavat\/wp-content\/uploads\/sites\/266\/2021\/05\/Liisa-500x500_1999.jpg 501w, https:\/\/sites.uef.fi\/kyynelkanavat\/wp-content\/uploads\/sites\/266\/2021\/05\/Liisa-500x500_1999-300x300.jpg 300w, https:\/\/sites.uef.fi\/kyynelkanavat\/wp-content\/uploads\/sites\/266\/2021\/05\/Liisa-500x500_1999-150x150.jpg 150w, https:\/\/sites.uef.fi\/kyynelkanavat\/wp-content\/uploads\/sites\/266\/2021\/05\/Liisa-500x500_1999-100x100.jpg 100w\" sizes=\"auto, (max-width: 501px) 100vw, 501px\" \/><figcaption>Liisa Matveinen. Photo<em>: Varpu Heiskanen.<\/em><\/figcaption><\/figure>\n\n\n\n<p><\/p>\n","protected":false},"excerpt":{"rendered":"<p>Liisa Matveinen received her master\u2019s degree in folk music from Sibelius Academy in 1989, majoring in singing and kantele (Finnish zither). The topic of Matveinen\u2019s thesis was the background and development of her lamenting improvisation. Through both her thesis and personal process, Matveinen was part of the process that led to running the first few [&hellip;]<\/p>\n","protected":false},"author":535,"featured_media":0,"parent":477,"menu_order":0,"comment_status":"closed","ping_status":"closed","template":"","meta":{"_acf_changed":false,"footnotes":""},"class_list":["post-552","page","type-page","status-publish","hentry"],"acf":[],"yoast_head":"<!-- This site is optimized with the Yoast SEO plugin v27.3 - https:\/\/yoast.com\/product\/yoast-seo-wordpress\/ -->\n<title>Liisa Matveinen - Kyynelkanavat<\/title>\n<meta name=\"robots\" content=\"index, follow, max-snippet:-1, max-image-preview:large, max-video-preview:-1\" \/>\n<link rel=\"canonical\" href=\"https:\/\/sites.uef.fi\/kyynelkanavat\/the-collective\/liisa-matveinen\/?lang=en\" \/>\n<meta property=\"og:locale\" content=\"fi_FI\" \/>\n<meta property=\"og:type\" content=\"article\" \/>\n<meta property=\"og:title\" content=\"Liisa Matveinen - Kyynelkanavat\" \/>\n<meta property=\"og:description\" content=\"Liisa Matveinen received her master\u2019s degree in folk music from Sibelius Academy in 1989, majoring in singing and kantele (Finnish zither). The topic of Matveinen\u2019s thesis was the background and development of her lamenting improvisation. Through both her thesis and personal process, Matveinen was part of the process that led to running the first few [&hellip;]\" \/>\n<meta property=\"og:url\" content=\"https:\/\/sites.uef.fi\/kyynelkanavat\/the-collective\/liisa-matveinen\/?lang=en\" \/>\n<meta property=\"og:site_name\" content=\"Kyynelkanavat\" \/>\n<meta property=\"article:modified_time\" content=\"2021-05-27T08:23:31+00:00\" \/>\n<meta property=\"og:image\" content=\"https:\/\/sites.uef.fi\/kyynelkanavat\/wp-content\/uploads\/sites\/266\/2021\/05\/Liisa-500x500_1999.jpg\" \/>\n<meta name=\"twitter:card\" content=\"summary_large_image\" \/>\n<meta name=\"twitter:label1\" content=\"Arvioitu lukuaika\" \/>\n\t<meta name=\"twitter:data1\" content=\"1 minuutti\" \/>\n<script type=\"application\/ld+json\" class=\"yoast-schema-graph\">{\"@context\":\"https:\\\/\\\/schema.org\",\"@graph\":[{\"@type\":\"WebPage\",\"@id\":\"https:\\\/\\\/sites.uef.fi\\\/kyynelkanavat\\\/the-collective\\\/liisa-matveinen\\\/?lang=en\",\"url\":\"https:\\\/\\\/sites.uef.fi\\\/kyynelkanavat\\\/the-collective\\\/liisa-matveinen\\\/?lang=en\",\"name\":\"Liisa Matveinen - Kyynelkanavat\",\"isPartOf\":{\"@id\":\"https:\\\/\\\/sites.uef.fi\\\/kyynelkanavat\\\/#website\"},\"primaryImageOfPage\":{\"@id\":\"https:\\\/\\\/sites.uef.fi\\\/kyynelkanavat\\\/the-collective\\\/liisa-matveinen\\\/?lang=en#primaryimage\"},\"image\":{\"@id\":\"https:\\\/\\\/sites.uef.fi\\\/kyynelkanavat\\\/the-collective\\\/liisa-matveinen\\\/?lang=en#primaryimage\"},\"thumbnailUrl\":\"https:\\\/\\\/sites.uef.fi\\\/kyynelkanavat\\\/wp-content\\\/uploads\\\/sites\\\/266\\\/2021\\\/05\\\/Liisa-500x500_1999.jpg\",\"datePublished\":\"2021-05-25T16:34:59+00:00\",\"dateModified\":\"2021-05-27T08:23:31+00:00\",\"breadcrumb\":{\"@id\":\"https:\\\/\\\/sites.uef.fi\\\/kyynelkanavat\\\/the-collective\\\/liisa-matveinen\\\/?lang=en#breadcrumb\"},\"inLanguage\":\"fi\",\"potentialAction\":[{\"@type\":\"ReadAction\",\"target\":[\"https:\\\/\\\/sites.uef.fi\\\/kyynelkanavat\\\/the-collective\\\/liisa-matveinen\\\/?lang=en\"]}]},{\"@type\":\"ImageObject\",\"inLanguage\":\"fi\",\"@id\":\"https:\\\/\\\/sites.uef.fi\\\/kyynelkanavat\\\/the-collective\\\/liisa-matveinen\\\/?lang=en#primaryimage\",\"url\":\"https:\\\/\\\/sites.uef.fi\\\/kyynelkanavat\\\/wp-content\\\/uploads\\\/sites\\\/266\\\/2021\\\/05\\\/Liisa-500x500_1999.jpg\",\"contentUrl\":\"https:\\\/\\\/sites.uef.fi\\\/kyynelkanavat\\\/wp-content\\\/uploads\\\/sites\\\/266\\\/2021\\\/05\\\/Liisa-500x500_1999.jpg\",\"width\":501,\"height\":501},{\"@type\":\"BreadcrumbList\",\"@id\":\"https:\\\/\\\/sites.uef.fi\\\/kyynelkanavat\\\/the-collective\\\/liisa-matveinen\\\/?lang=en#breadcrumb\",\"itemListElement\":[{\"@type\":\"ListItem\",\"position\":1,\"name\":\"Home\",\"item\":\"https:\\\/\\\/sites.uef.fi\\\/kyynelkanavat\\\/\"},{\"@type\":\"ListItem\",\"position\":2,\"name\":\"The Collective\",\"item\":\"https:\\\/\\\/sites.uef.fi\\\/kyynelkanavat\\\/the-collective\\\/?lang=en\"},{\"@type\":\"ListItem\",\"position\":3,\"name\":\"Liisa Matveinen\"}]},{\"@type\":\"WebSite\",\"@id\":\"https:\\\/\\\/sites.uef.fi\\\/kyynelkanavat\\\/#website\",\"url\":\"https:\\\/\\\/sites.uef.fi\\\/kyynelkanavat\\\/\",\"name\":\"Kyynelkanavat\",\"description\":\"\",\"potentialAction\":[{\"@type\":\"SearchAction\",\"target\":{\"@type\":\"EntryPoint\",\"urlTemplate\":\"https:\\\/\\\/sites.uef.fi\\\/kyynelkanavat\\\/?s={search_term_string}\"},\"query-input\":{\"@type\":\"PropertyValueSpecification\",\"valueRequired\":true,\"valueName\":\"search_term_string\"}}],\"inLanguage\":\"fi\"}]}<\/script>\n<!-- \/ Yoast SEO plugin. -->","yoast_head_json":{"title":"Liisa Matveinen - Kyynelkanavat","robots":{"index":"index","follow":"follow","max-snippet":"max-snippet:-1","max-image-preview":"max-image-preview:large","max-video-preview":"max-video-preview:-1"},"canonical":"https:\/\/sites.uef.fi\/kyynelkanavat\/the-collective\/liisa-matveinen\/?lang=en","og_locale":"fi_FI","og_type":"article","og_title":"Liisa Matveinen - Kyynelkanavat","og_description":"Liisa Matveinen received her master\u2019s degree in folk music from Sibelius Academy in 1989, majoring in singing and kantele (Finnish zither). The topic of Matveinen\u2019s thesis was the background and development of her lamenting improvisation. Through both her thesis and personal process, Matveinen was part of the process that led to running the first few [&hellip;]","og_url":"https:\/\/sites.uef.fi\/kyynelkanavat\/the-collective\/liisa-matveinen\/?lang=en","og_site_name":"Kyynelkanavat","article_modified_time":"2021-05-27T08:23:31+00:00","og_image":[{"url":"https:\/\/sites.uef.fi\/kyynelkanavat\/wp-content\/uploads\/sites\/266\/2021\/05\/Liisa-500x500_1999.jpg","type":"","width":"","height":""}],"twitter_card":"summary_large_image","twitter_misc":{"Arvioitu lukuaika":"1 minuutti"},"schema":{"@context":"https:\/\/schema.org","@graph":[{"@type":"WebPage","@id":"https:\/\/sites.uef.fi\/kyynelkanavat\/the-collective\/liisa-matveinen\/?lang=en","url":"https:\/\/sites.uef.fi\/kyynelkanavat\/the-collective\/liisa-matveinen\/?lang=en","name":"Liisa Matveinen - Kyynelkanavat","isPartOf":{"@id":"https:\/\/sites.uef.fi\/kyynelkanavat\/#website"},"primaryImageOfPage":{"@id":"https:\/\/sites.uef.fi\/kyynelkanavat\/the-collective\/liisa-matveinen\/?lang=en#primaryimage"},"image":{"@id":"https:\/\/sites.uef.fi\/kyynelkanavat\/the-collective\/liisa-matveinen\/?lang=en#primaryimage"},"thumbnailUrl":"https:\/\/sites.uef.fi\/kyynelkanavat\/wp-content\/uploads\/sites\/266\/2021\/05\/Liisa-500x500_1999.jpg","datePublished":"2021-05-25T16:34:59+00:00","dateModified":"2021-05-27T08:23:31+00:00","breadcrumb":{"@id":"https:\/\/sites.uef.fi\/kyynelkanavat\/the-collective\/liisa-matveinen\/?lang=en#breadcrumb"},"inLanguage":"fi","potentialAction":[{"@type":"ReadAction","target":["https:\/\/sites.uef.fi\/kyynelkanavat\/the-collective\/liisa-matveinen\/?lang=en"]}]},{"@type":"ImageObject","inLanguage":"fi","@id":"https:\/\/sites.uef.fi\/kyynelkanavat\/the-collective\/liisa-matveinen\/?lang=en#primaryimage","url":"https:\/\/sites.uef.fi\/kyynelkanavat\/wp-content\/uploads\/sites\/266\/2021\/05\/Liisa-500x500_1999.jpg","contentUrl":"https:\/\/sites.uef.fi\/kyynelkanavat\/wp-content\/uploads\/sites\/266\/2021\/05\/Liisa-500x500_1999.jpg","width":501,"height":501},{"@type":"BreadcrumbList","@id":"https:\/\/sites.uef.fi\/kyynelkanavat\/the-collective\/liisa-matveinen\/?lang=en#breadcrumb","itemListElement":[{"@type":"ListItem","position":1,"name":"Home","item":"https:\/\/sites.uef.fi\/kyynelkanavat\/"},{"@type":"ListItem","position":2,"name":"The Collective","item":"https:\/\/sites.uef.fi\/kyynelkanavat\/the-collective\/?lang=en"},{"@type":"ListItem","position":3,"name":"Liisa Matveinen"}]},{"@type":"WebSite","@id":"https:\/\/sites.uef.fi\/kyynelkanavat\/#website","url":"https:\/\/sites.uef.fi\/kyynelkanavat\/","name":"Kyynelkanavat","description":"","potentialAction":[{"@type":"SearchAction","target":{"@type":"EntryPoint","urlTemplate":"https:\/\/sites.uef.fi\/kyynelkanavat\/?s={search_term_string}"},"query-input":{"@type":"PropertyValueSpecification","valueRequired":true,"valueName":"search_term_string"}}],"inLanguage":"fi"}]}},"_links":{"self":[{"href":"https:\/\/sites.uef.fi\/kyynelkanavat\/wp-json\/wp\/v2\/pages\/552","targetHints":{"allow":["GET"]}}],"collection":[{"href":"https:\/\/sites.uef.fi\/kyynelkanavat\/wp-json\/wp\/v2\/pages"}],"about":[{"href":"https:\/\/sites.uef.fi\/kyynelkanavat\/wp-json\/wp\/v2\/types\/page"}],"author":[{"embeddable":true,"href":"https:\/\/sites.uef.fi\/kyynelkanavat\/wp-json\/wp\/v2\/users\/535"}],"replies":[{"embeddable":true,"href":"https:\/\/sites.uef.fi\/kyynelkanavat\/wp-json\/wp\/v2\/comments?post=552"}],"version-history":[{"count":2,"href":"https:\/\/sites.uef.fi\/kyynelkanavat\/wp-json\/wp\/v2\/pages\/552\/revisions"}],"predecessor-version":[{"id":696,"href":"https:\/\/sites.uef.fi\/kyynelkanavat\/wp-json\/wp\/v2\/pages\/552\/revisions\/696"}],"up":[{"embeddable":true,"href":"https:\/\/sites.uef.fi\/kyynelkanavat\/wp-json\/wp\/v2\/pages\/477"}],"wp:attachment":[{"href":"https:\/\/sites.uef.fi\/kyynelkanavat\/wp-json\/wp\/v2\/media?parent=552"}],"curies":[{"name":"wp","href":"https:\/\/api.w.org\/{rel}","templated":true}]}}