{"id":872,"date":"2021-06-19T13:36:28","date_gmt":"2021-06-19T11:36:28","guid":{"rendered":"https:\/\/sites.uef.fi\/kyynelkanavat\/?page_id=872"},"modified":"2021-07-18T09:53:35","modified_gmt":"2021-07-18T07:53:35","slug":"872-2","status":"publish","type":"page","link":"https:\/\/sites.uef.fi\/kyynelkanavat\/events\/872-2\/?lang=en","title":{"rendered":"Kyynelkanavat event in Ilomantsi 17\u201319 July 2021."},"content":{"rendered":"\n<p>Kyynelkanavat project organises it&#8217;s first event in Ilomantsi on Jylu 2021 (from the 17th to 19th of July). The event includes a seminar, concerts, a lamenting workshop and lament path.<\/p>\n\n\n\n<p>The seminar will be held in Finnish. The concerts are naturally open for all, no language barriers. The Lament Path can also be participated in but will be held in Finnish. <strong>The lamenting workshop can be held in English for those interested<\/strong>. Please contact us for more information. <\/p>\n\n\n\n<p><strong>KROPU performance<\/strong><br>17.7.2021 7 pm<br>Kalevala-sali, Soihtulantie 7<\/p>\n\n\n\n<p>Kropu is a performance on mortality and hope. Mirroring Karelian death rites, the word &#8221;kropu&#8221; referances the karelian word for the deceased&#8217;s abode.<br>Working group: Emilia Kallonen, Leena J\u00e4\u00e4skel\u00e4inen, Katariina V\u00e4h\u00e4kallio, Leena Hirvonen.<\/p>\n\n\n\n<p>Running time 45 min.<\/p>\n\n\n\n<p>Tickets 15\/10\u20ac, children under 15 free of charge.<\/p>\n\n\n\n<figure class=\"wp-block-embed is-type-video is-provider-youtube wp-block-embed-youtube wp-embed-aspect-16-9 wp-has-aspect-ratio\"><div class=\"wp-block-embed__wrapper\">\n<iframe loading=\"lazy\" title=\"KROPU - Suuret surenta-aikaset kallehilla kuusikkosijasilla\" width=\"500\" height=\"281\" src=\"https:\/\/www.youtube.com\/embed\/fdmmHUdvQY0?feature=oembed\" frameborder=\"0\" allow=\"accelerometer; autoplay; clipboard-write; encrypted-media; gyroscope; picture-in-picture; web-share\" referrerpolicy=\"strict-origin-when-cross-origin\" allowfullscreen><\/iframe>\n<\/div><\/figure>\n\n\n\n<p><br><strong>LAMENT WORKSHOP<\/strong><br>18.7.2021 2 pm to 4.30 pm<br>Parppeinvaara Runo-village,<br>Parppeintie 4<\/p>\n\n\n\n<p>In this workshop the participants will have the opportunity to explore lamenting, guided by the artists of the Kyynelkanava-project. No previous experience, in singing or otherwise, is required. All those interested are welcome.<\/p>\n\n\n\n<p>14-15 An orientation into one&#8217;s own lament world<br>15-16.30 Guided lamenting workshop<\/p>\n\n\n\n<p>Entry for the price of the Runokyl\u00e4 Museum ticket 8\/6 \u20ac.<\/p>\n\n\n\n<p><strong>KYYNELKANAVAT CONCERT<\/strong> <br>18.7.2021 7 pm<br>Kalevala-sali, Soihtulantie 7<\/p>\n\n\n\n<p>Artists of the project, Liisa Matveinen, Emmi Kuittinen and Emilia Kallonen will perform a concert consisting of the musical landscape of rune-songs and lamenting.<\/p>\n\n\n\n<p>Tickets 15\/10 \u20ac, children under 15 free of charge.<\/p>\n\n\n\n<figure class=\"wp-block-audio\"><audio controls src=\"https:\/\/sites.uef.fi\/kyynelkanavat\/wp-content\/uploads\/sites\/266\/2021\/06\/11_Kunnes-kultanen-paisteleevi.mp3\"><\/audio><figcaption>&#8221;Itken ja laulan&#8221; Emmi Kuittinen &amp; The Eternal Longing Orchestra<\/figcaption><\/figure>\n\n\n\n<p><strong>LAMENT PATH<\/strong><br>19.7.2021 11 am <br>Directions to Kokonniemi from Parppeinvaara Rune village infro<\/p>\n\n\n\n<p>Take an experential walk guided by the projects artists, through the culturally significant and historical old graveyard of Ilomantsi, final resting place of many rune-singers and lamenters.<\/p>\n\n\n\n<p>Free entry, no sign-up required. <\/p>\n\n\n\n<figure class=\"wp-block-image size-large is-resized\"><img loading=\"lazy\" decoding=\"async\" src=\"https:\/\/sites.uef.fi\/kyynelkanavat\/wp-content\/uploads\/sites\/266\/2021\/06\/ilomantsi-logo-iso-1024x264.jpg\" alt=\"\" class=\"wp-image-826\" width=\"143\" height=\"37\" srcset=\"https:\/\/sites.uef.fi\/kyynelkanavat\/wp-content\/uploads\/sites\/266\/2021\/06\/ilomantsi-logo-iso-1024x264.jpg 1024w, https:\/\/sites.uef.fi\/kyynelkanavat\/wp-content\/uploads\/sites\/266\/2021\/06\/ilomantsi-logo-iso-300x77.jpg 300w, https:\/\/sites.uef.fi\/kyynelkanavat\/wp-content\/uploads\/sites\/266\/2021\/06\/ilomantsi-logo-iso-768x198.jpg 768w, https:\/\/sites.uef.fi\/kyynelkanavat\/wp-content\/uploads\/sites\/266\/2021\/06\/ilomantsi-logo-iso-1536x397.jpg 1536w, https:\/\/sites.uef.fi\/kyynelkanavat\/wp-content\/uploads\/sites\/266\/2021\/06\/ilomantsi-logo-iso-2048x529.jpg 2048w\" sizes=\"auto, (max-width: 143px) 100vw, 143px\" \/><\/figure>\n\n\n\n<figure class=\"wp-block-image size-large is-resized\"><img loading=\"lazy\" decoding=\"async\" src=\"https:\/\/sites.uef.fi\/kyynelkanavat\/wp-content\/uploads\/sites\/266\/2021\/06\/kone-1024x386.jpg\" alt=\"\" class=\"wp-image-832\" width=\"209\" height=\"79\" srcset=\"https:\/\/sites.uef.fi\/kyynelkanavat\/wp-content\/uploads\/sites\/266\/2021\/06\/kone-1024x386.jpg 1024w, https:\/\/sites.uef.fi\/kyynelkanavat\/wp-content\/uploads\/sites\/266\/2021\/06\/kone-300x113.jpg 300w, https:\/\/sites.uef.fi\/kyynelkanavat\/wp-content\/uploads\/sites\/266\/2021\/06\/kone-768x289.jpg 768w, https:\/\/sites.uef.fi\/kyynelkanavat\/wp-content\/uploads\/sites\/266\/2021\/06\/kone-1536x578.jpg 1536w, https:\/\/sites.uef.fi\/kyynelkanavat\/wp-content\/uploads\/sites\/266\/2021\/06\/kone-2048x771.jpg 2048w\" sizes=\"auto, (max-width: 209px) 100vw, 209px\" \/><\/figure>\n\n\n\n<figure class=\"wp-block-image size-large is-resized\"><img loading=\"lazy\" decoding=\"async\" src=\"https:\/\/sites.uef.fi\/kyynelkanavat\/wp-content\/uploads\/sites\/266\/2021\/06\/taike_vaaka_v2-1024x251.png\" alt=\"\" class=\"wp-image-838\" width=\"260\" height=\"64\" \/><\/figure>\n\n\n\n<p><\/p>\n","protected":false},"excerpt":{"rendered":"<p>Kyynelkanavat project organises it&#8217;s first event in Ilomantsi on Jylu 2021 (from the 17th to 19th of July). The event includes a seminar, concerts, a lamenting workshop and lament path. The seminar will be held in Finnish. The concerts are naturally open for all, no language barriers. The Lament Path can also be participated in [&hellip;]<\/p>\n","protected":false},"author":577,"featured_media":0,"parent":433,"menu_order":0,"comment_status":"closed","ping_status":"closed","template":"","meta":{"_acf_changed":false,"footnotes":""},"class_list":["post-872","page","type-page","status-publish","hentry"],"acf":[],"yoast_head":"<!-- This site is optimized with the Yoast SEO plugin v27.3 - https:\/\/yoast.com\/product\/yoast-seo-wordpress\/ -->\n<title>Kyynelkanavat event in Ilomantsi 17\u201319 July 2021. - Kyynelkanavat<\/title>\n<meta name=\"robots\" content=\"index, follow, max-snippet:-1, max-image-preview:large, max-video-preview:-1\" \/>\n<link rel=\"canonical\" href=\"https:\/\/sites.uef.fi\/kyynelkanavat\/events\/872-2\/?lang=en\" \/>\n<meta property=\"og:locale\" content=\"fi_FI\" \/>\n<meta property=\"og:type\" content=\"article\" \/>\n<meta property=\"og:title\" content=\"Kyynelkanavat event in Ilomantsi 17\u201319 July 2021. - Kyynelkanavat\" \/>\n<meta property=\"og:description\" content=\"Kyynelkanavat project organises it&#8217;s first event in Ilomantsi on Jylu 2021 (from the 17th to 19th of July). The event includes a seminar, concerts, a lamenting workshop and lament path. The seminar will be held in Finnish. The concerts are naturally open for all, no language barriers. The Lament Path can also be participated in [&hellip;]\" \/>\n<meta property=\"og:url\" content=\"https:\/\/sites.uef.fi\/kyynelkanavat\/events\/872-2\/?lang=en\" \/>\n<meta property=\"og:site_name\" content=\"Kyynelkanavat\" \/>\n<meta property=\"article:modified_time\" content=\"2021-07-18T07:53:35+00:00\" \/>\n<meta property=\"og:image\" content=\"https:\/\/sites.uef.fi\/kyynelkanavat\/wp-content\/uploads\/sites\/266\/2021\/06\/ilomantsi-logo-iso-1024x264.jpg\" \/>\n<meta name=\"twitter:card\" content=\"summary_large_image\" \/>\n<meta name=\"twitter:label1\" content=\"Arvioitu lukuaika\" \/>\n\t<meta name=\"twitter:data1\" content=\"1 minuutti\" \/>\n<script type=\"application\/ld+json\" class=\"yoast-schema-graph\">{\"@context\":\"https:\\\/\\\/schema.org\",\"@graph\":[{\"@type\":\"WebPage\",\"@id\":\"https:\\\/\\\/sites.uef.fi\\\/kyynelkanavat\\\/events\\\/872-2\\\/?lang=en\",\"url\":\"https:\\\/\\\/sites.uef.fi\\\/kyynelkanavat\\\/events\\\/872-2\\\/?lang=en\",\"name\":\"Kyynelkanavat event in Ilomantsi 17\u201319 July 2021. - Kyynelkanavat\",\"isPartOf\":{\"@id\":\"https:\\\/\\\/sites.uef.fi\\\/kyynelkanavat\\\/#website\"},\"primaryImageOfPage\":{\"@id\":\"https:\\\/\\\/sites.uef.fi\\\/kyynelkanavat\\\/events\\\/872-2\\\/?lang=en#primaryimage\"},\"image\":{\"@id\":\"https:\\\/\\\/sites.uef.fi\\\/kyynelkanavat\\\/events\\\/872-2\\\/?lang=en#primaryimage\"},\"thumbnailUrl\":\"https:\\\/\\\/sites.uef.fi\\\/kyynelkanavat\\\/wp-content\\\/uploads\\\/sites\\\/266\\\/2021\\\/06\\\/ilomantsi-logo-iso-1024x264.jpg\",\"datePublished\":\"2021-06-19T11:36:28+00:00\",\"dateModified\":\"2021-07-18T07:53:35+00:00\",\"breadcrumb\":{\"@id\":\"https:\\\/\\\/sites.uef.fi\\\/kyynelkanavat\\\/events\\\/872-2\\\/?lang=en#breadcrumb\"},\"inLanguage\":\"fi\",\"potentialAction\":[{\"@type\":\"ReadAction\",\"target\":[\"https:\\\/\\\/sites.uef.fi\\\/kyynelkanavat\\\/events\\\/872-2\\\/?lang=en\"]}]},{\"@type\":\"ImageObject\",\"inLanguage\":\"fi\",\"@id\":\"https:\\\/\\\/sites.uef.fi\\\/kyynelkanavat\\\/events\\\/872-2\\\/?lang=en#primaryimage\",\"url\":\"https:\\\/\\\/sites.uef.fi\\\/kyynelkanavat\\\/wp-content\\\/uploads\\\/sites\\\/266\\\/2021\\\/06\\\/ilomantsi-logo-iso-scaled.jpg\",\"contentUrl\":\"https:\\\/\\\/sites.uef.fi\\\/kyynelkanavat\\\/wp-content\\\/uploads\\\/sites\\\/266\\\/2021\\\/06\\\/ilomantsi-logo-iso-scaled.jpg\",\"width\":2560,\"height\":661},{\"@type\":\"BreadcrumbList\",\"@id\":\"https:\\\/\\\/sites.uef.fi\\\/kyynelkanavat\\\/events\\\/872-2\\\/?lang=en#breadcrumb\",\"itemListElement\":[{\"@type\":\"ListItem\",\"position\":1,\"name\":\"Home\",\"item\":\"https:\\\/\\\/sites.uef.fi\\\/kyynelkanavat\\\/\"},{\"@type\":\"ListItem\",\"position\":2,\"name\":\"Events\",\"item\":\"https:\\\/\\\/sites.uef.fi\\\/kyynelkanavat\\\/events\\\/?lang=en\"},{\"@type\":\"ListItem\",\"position\":3,\"name\":\"Kyynelkanavat event in Ilomantsi 17\u201319 July 2021.\"}]},{\"@type\":\"WebSite\",\"@id\":\"https:\\\/\\\/sites.uef.fi\\\/kyynelkanavat\\\/#website\",\"url\":\"https:\\\/\\\/sites.uef.fi\\\/kyynelkanavat\\\/\",\"name\":\"Kyynelkanavat\",\"description\":\"\",\"potentialAction\":[{\"@type\":\"SearchAction\",\"target\":{\"@type\":\"EntryPoint\",\"urlTemplate\":\"https:\\\/\\\/sites.uef.fi\\\/kyynelkanavat\\\/?s={search_term_string}\"},\"query-input\":{\"@type\":\"PropertyValueSpecification\",\"valueRequired\":true,\"valueName\":\"search_term_string\"}}],\"inLanguage\":\"fi\"}]}<\/script>\n<!-- \/ Yoast SEO plugin. -->","yoast_head_json":{"title":"Kyynelkanavat event in Ilomantsi 17\u201319 July 2021. - Kyynelkanavat","robots":{"index":"index","follow":"follow","max-snippet":"max-snippet:-1","max-image-preview":"max-image-preview:large","max-video-preview":"max-video-preview:-1"},"canonical":"https:\/\/sites.uef.fi\/kyynelkanavat\/events\/872-2\/?lang=en","og_locale":"fi_FI","og_type":"article","og_title":"Kyynelkanavat event in Ilomantsi 17\u201319 July 2021. - Kyynelkanavat","og_description":"Kyynelkanavat project organises it&#8217;s first event in Ilomantsi on Jylu 2021 (from the 17th to 19th of July). The event includes a seminar, concerts, a lamenting workshop and lament path. The seminar will be held in Finnish. The concerts are naturally open for all, no language barriers. The Lament Path can also be participated in [&hellip;]","og_url":"https:\/\/sites.uef.fi\/kyynelkanavat\/events\/872-2\/?lang=en","og_site_name":"Kyynelkanavat","article_modified_time":"2021-07-18T07:53:35+00:00","og_image":[{"url":"https:\/\/sites.uef.fi\/kyynelkanavat\/wp-content\/uploads\/sites\/266\/2021\/06\/ilomantsi-logo-iso-1024x264.jpg","type":"","width":"","height":""}],"twitter_card":"summary_large_image","twitter_misc":{"Arvioitu lukuaika":"1 minuutti"},"schema":{"@context":"https:\/\/schema.org","@graph":[{"@type":"WebPage","@id":"https:\/\/sites.uef.fi\/kyynelkanavat\/events\/872-2\/?lang=en","url":"https:\/\/sites.uef.fi\/kyynelkanavat\/events\/872-2\/?lang=en","name":"Kyynelkanavat event in Ilomantsi 17\u201319 July 2021. - Kyynelkanavat","isPartOf":{"@id":"https:\/\/sites.uef.fi\/kyynelkanavat\/#website"},"primaryImageOfPage":{"@id":"https:\/\/sites.uef.fi\/kyynelkanavat\/events\/872-2\/?lang=en#primaryimage"},"image":{"@id":"https:\/\/sites.uef.fi\/kyynelkanavat\/events\/872-2\/?lang=en#primaryimage"},"thumbnailUrl":"https:\/\/sites.uef.fi\/kyynelkanavat\/wp-content\/uploads\/sites\/266\/2021\/06\/ilomantsi-logo-iso-1024x264.jpg","datePublished":"2021-06-19T11:36:28+00:00","dateModified":"2021-07-18T07:53:35+00:00","breadcrumb":{"@id":"https:\/\/sites.uef.fi\/kyynelkanavat\/events\/872-2\/?lang=en#breadcrumb"},"inLanguage":"fi","potentialAction":[{"@type":"ReadAction","target":["https:\/\/sites.uef.fi\/kyynelkanavat\/events\/872-2\/?lang=en"]}]},{"@type":"ImageObject","inLanguage":"fi","@id":"https:\/\/sites.uef.fi\/kyynelkanavat\/events\/872-2\/?lang=en#primaryimage","url":"https:\/\/sites.uef.fi\/kyynelkanavat\/wp-content\/uploads\/sites\/266\/2021\/06\/ilomantsi-logo-iso-scaled.jpg","contentUrl":"https:\/\/sites.uef.fi\/kyynelkanavat\/wp-content\/uploads\/sites\/266\/2021\/06\/ilomantsi-logo-iso-scaled.jpg","width":2560,"height":661},{"@type":"BreadcrumbList","@id":"https:\/\/sites.uef.fi\/kyynelkanavat\/events\/872-2\/?lang=en#breadcrumb","itemListElement":[{"@type":"ListItem","position":1,"name":"Home","item":"https:\/\/sites.uef.fi\/kyynelkanavat\/"},{"@type":"ListItem","position":2,"name":"Events","item":"https:\/\/sites.uef.fi\/kyynelkanavat\/events\/?lang=en"},{"@type":"ListItem","position":3,"name":"Kyynelkanavat event in Ilomantsi 17\u201319 July 2021."}]},{"@type":"WebSite","@id":"https:\/\/sites.uef.fi\/kyynelkanavat\/#website","url":"https:\/\/sites.uef.fi\/kyynelkanavat\/","name":"Kyynelkanavat","description":"","potentialAction":[{"@type":"SearchAction","target":{"@type":"EntryPoint","urlTemplate":"https:\/\/sites.uef.fi\/kyynelkanavat\/?s={search_term_string}"},"query-input":{"@type":"PropertyValueSpecification","valueRequired":true,"valueName":"search_term_string"}}],"inLanguage":"fi"}]}},"_links":{"self":[{"href":"https:\/\/sites.uef.fi\/kyynelkanavat\/wp-json\/wp\/v2\/pages\/872","targetHints":{"allow":["GET"]}}],"collection":[{"href":"https:\/\/sites.uef.fi\/kyynelkanavat\/wp-json\/wp\/v2\/pages"}],"about":[{"href":"https:\/\/sites.uef.fi\/kyynelkanavat\/wp-json\/wp\/v2\/types\/page"}],"author":[{"embeddable":true,"href":"https:\/\/sites.uef.fi\/kyynelkanavat\/wp-json\/wp\/v2\/users\/577"}],"replies":[{"embeddable":true,"href":"https:\/\/sites.uef.fi\/kyynelkanavat\/wp-json\/wp\/v2\/comments?post=872"}],"version-history":[{"count":1,"href":"https:\/\/sites.uef.fi\/kyynelkanavat\/wp-json\/wp\/v2\/pages\/872\/revisions"}],"predecessor-version":[{"id":978,"href":"https:\/\/sites.uef.fi\/kyynelkanavat\/wp-json\/wp\/v2\/pages\/872\/revisions\/978"}],"up":[{"embeddable":true,"href":"https:\/\/sites.uef.fi\/kyynelkanavat\/wp-json\/wp\/v2\/pages\/433"}],"wp:attachment":[{"href":"https:\/\/sites.uef.fi\/kyynelkanavat\/wp-json\/wp\/v2\/media?parent=872"}],"curies":[{"name":"wp","href":"https:\/\/api.w.org\/{rel}","templated":true}]}}