{"id":99,"date":"2021-04-20T15:33:42","date_gmt":"2021-04-20T13:33:42","guid":{"rendered":"https:\/\/sites.uef.fi\/kyynelkanavat\/?page_id=99"},"modified":"2023-11-03T18:45:14","modified_gmt":"2023-11-03T16:45:14","slug":"tyoryhma","status":"publish","type":"page","link":"https:\/\/sites.uef.fi\/kyynelkanavat\/tyoryhma\/","title":{"rendered":"Ty\u00f6ryhm\u00e4 ja teemat"},"content":{"rendered":"\n<figure class=\"wp-block-image size-full\"><img loading=\"lazy\" decoding=\"async\" width=\"488\" height=\"452\" src=\"https:\/\/sites.uef.fi\/kyynelkanavat\/wp-content\/uploads\/sites\/266\/2023\/10\/yksilokuvat_yhtena_kuvana.png\" alt=\"\" class=\"wp-image-2879\" srcset=\"https:\/\/sites.uef.fi\/kyynelkanavat\/wp-content\/uploads\/sites\/266\/2023\/10\/yksilokuvat_yhtena_kuvana.png 488w, https:\/\/sites.uef.fi\/kyynelkanavat\/wp-content\/uploads\/sites\/266\/2023\/10\/yksilokuvat_yhtena_kuvana-300x278.png 300w\" sizes=\"auto, (max-width: 488px) 100vw, 488px\" \/><\/figure>\n\n\n\n<p class=\"has-medium-font-size\">Hankkeessa ty\u00f6skentelee kolme taiteilija\u2013tutkija-ty\u00f6paria. Jokaisella ty\u00f6parilla on oma teemansa ja n\u00e4k\u00f6kulmansa, joiden ymp\u00e4rille ty\u00f6parin yhteisty\u00f6 keskittyy. Elina Hyt\u00f6nen-Ng &amp; Emilia Kallonen keskittyv\u00e4t \u00e4\u00e4nell\u00e4 itkemisen kehollisuuteen, Riikka Patrikainen &amp; Liisa Matveinen kirkollisen ja kansanperinteen rinnakkaisuuteen sek\u00e4 Viliina Silvonen &amp; Emmi Kuittinen perinteen moninaisuuteen, yhteis\u00f6llisyyteen ja tunteeseen. N\u00e4m\u00e4 ty\u00f6parien teemat tukevat ja t\u00e4ydent\u00e4v\u00e4t toisiaan. Ty\u00f6ryhm\u00e4\u00e4 yhdist\u00e4\u00e4 karjalaisuus sek\u00e4 halu edist\u00e4\u00e4 yleist\u00e4 tiet\u00e4myst\u00e4 karjalaisuudesta ja karjalaisesta kulttuurista.<\/p>\n\n\n\n<p class=\"has-medium-font-size\"><strong>TAITEILIJA\u2013TUTKIJA-TY\u00d6PARIT <\/strong><\/p>\n\n\n\n<p class=\"has-medium-font-size\"><strong>Elina Hyt\u00f6nen-Ng &amp; Emilia Kallonen<\/strong><\/p>\n\n\n<div class=\"embed-container\">\n    <iframe loading=\"lazy\" title=\"Kyynelkanavat-ty\u00f6parit esitt\u00e4ytyv\u00e4t: Emilia Kallonen ja Elina Hyt\u00f6nen-Ng\" width=\"640\" height=\"360\" src=\"https:\/\/www.youtube.com\/embed\/stT95rlb0A8?feature=oembed&#038;controls=1&#038;hd=1&#038;autohide=1\" frameborder=\"0\" allow=\"accelerometer; autoplay; clipboard-write; encrypted-media; gyroscope; picture-in-picture; web-share\" referrerpolicy=\"strict-origin-when-cross-origin\" allowfullscreen frameborder=\"0\"><\/iframe><\/div>\n\n\n<p><em>Tervehdys alkukes\u00e4lt\u00e4 2022.<\/em><\/p>\n\n\n\n<p>Etnomusikologi, kulttuurintutkija, FT, dosentti <a data-type=\"page\" data-id=\"451\" href=\"https:\/\/sites.uef.fi\/kyynelkanavat\/tyoryhma\/elina-hytonen-ng\/\"><strong>Elina Hyt\u00f6nen-Ng<\/strong><\/a><strong><a data-type=\"page\" data-id=\"451\" href=\"https:\/\/sites.uef.fi\/kyynelkanavat\/tyoryhma\/elina-hytonen-ng\/\">&#8217;<\/a>n<\/strong> ja kansanlaulaja, musiikkipedagogi (amk), \u00c4\u00e4nell\u00e4 itkij\u00e4t ry:n puheenjohtaja <a data-type=\"page\" data-id=\"465\" href=\"https:\/\/sites.uef.fi\/kyynelkanavat\/tyoryhma\/emilia-kallonen\/\"><strong>Emilia Kallosen<\/strong><\/a> ty\u00f6skentelyss\u00e4 korostuu \u00e4\u00e4nell\u00e4 itkemisen luovan, omakohtaisen ja kehollis-emotionaalisen prosessin tutkiminen itkij\u00e4n ja itkutilanteen n\u00e4k\u00f6kulmasta. Ty\u00f6pari keskittyy tarkastelemaan itkuvirsikursseja ja korostaa tutkijan omakohtaista osallistumista ja autoetnografiaa.  \u00c4\u00e4nell\u00e4 itkun  jaettu ja henkil\u00f6kohtainen luova prosessi on ty\u00f6skentelyn keski\u00f6ss\u00e4.<\/p>\n\n\n\n<figure class=\"wp-block-image size-large\"><img loading=\"lazy\" decoding=\"async\" width=\"1024\" height=\"559\" src=\"https:\/\/sites.uef.fi\/kyynelkanavat\/wp-content\/uploads\/sites\/266\/2021\/12\/elina-ja-emilia_c_varpu-heiskanen-1024x559.jpg\" alt=\"\" class=\"wp-image-1123\" srcset=\"https:\/\/sites.uef.fi\/kyynelkanavat\/wp-content\/uploads\/sites\/266\/2021\/12\/elina-ja-emilia_c_varpu-heiskanen-1024x559.jpg 1024w, https:\/\/sites.uef.fi\/kyynelkanavat\/wp-content\/uploads\/sites\/266\/2021\/12\/elina-ja-emilia_c_varpu-heiskanen-300x164.jpg 300w, https:\/\/sites.uef.fi\/kyynelkanavat\/wp-content\/uploads\/sites\/266\/2021\/12\/elina-ja-emilia_c_varpu-heiskanen-768x419.jpg 768w, https:\/\/sites.uef.fi\/kyynelkanavat\/wp-content\/uploads\/sites\/266\/2021\/12\/elina-ja-emilia_c_varpu-heiskanen-1536x838.jpg 1536w, https:\/\/sites.uef.fi\/kyynelkanavat\/wp-content\/uploads\/sites\/266\/2021\/12\/elina-ja-emilia_c_varpu-heiskanen.jpg 2000w\" sizes=\"auto, (max-width: 1024px) 100vw, 1024px\" \/><figcaption class=\"wp-element-caption\">Elina Hyt\u00f6nen-Ng &amp; Emilia Kallonen. Kuva: Varpu Heiskanen<\/figcaption><\/figure>\n\n\n\n<p><\/p>\n\n\n\n<p class=\"has-medium-font-size\"><strong>Riikka Patrikainen &amp; Liisa Matveinen<\/strong><\/p>\n\n\n<div class=\"embed-container\">\n    <iframe loading=\"lazy\" title=\"Kyynelkanavat-ty\u00f6parit esitt\u00e4ytyv\u00e4t: Liisa Matveinen ja Riikka Patrikainen\" width=\"640\" height=\"360\" src=\"https:\/\/www.youtube.com\/embed\/kNYBOKCJpqQ?feature=oembed&#038;controls=1&#038;hd=1&#038;autohide=1\" frameborder=\"0\" allow=\"accelerometer; autoplay; clipboard-write; encrypted-media; gyroscope; picture-in-picture; web-share\" referrerpolicy=\"strict-origin-when-cross-origin\" allowfullscreen frameborder=\"0\"><\/iframe><\/div>\n\n\n<p><em>Tervehdys alkukes\u00e4lt\u00e4 2022.<\/em><\/p>\n\n\n\n<p>Kulttuurintutkija, TM <a data-type=\"page\" data-id=\"534\" href=\"https:\/\/sites.uef.fi\/kyynelkanavat\/tyoryhma\/riikka-patrikainen\/\"><strong>Riikka Patrikaisen<\/strong><\/a> ja kansanmuusikko, MuM <a data-type=\"page\" data-id=\"561\" href=\"https:\/\/sites.uef.fi\/kyynelkanavat\/liisa-matveinen\/\"><strong>Liisa Matveisen<\/strong><\/a>  yhteisty\u00f6n tavoitteena on tutkia kirkollisen perinteen ja kansanperinteen rinnakkaisuutta nykyitkuissa. Ty\u00f6pari tarkastelee, miten n\u00e4iden perinteiden rinnakkaisuus on havaittavissa karjalaisesta perinteest\u00e4 ammentavan, ortodoksin nykyitkij\u00e4n esitt\u00e4miss\u00e4 itkuvirsiss\u00e4. Toisaalta kiinnostuksen kohteena on my\u00f6s se, miten nykyitkij\u00e4n oma maailmankatsomus vaikuttaa siihen, mink\u00e4laisia merkityksi\u00e4 h\u00e4n itkuvirsille ja erityisesti kuolinitkuille antaa.<\/p>\n\n\n\n<figure class=\"wp-block-image size-large\"><img loading=\"lazy\" decoding=\"async\" width=\"1024\" height=\"673\" src=\"https:\/\/sites.uef.fi\/kyynelkanavat\/wp-content\/uploads\/sites\/266\/2021\/12\/liisa-ja-riikka_c_varpu-heiskanen-1024x673.jpg\" alt=\"\" class=\"wp-image-1117\" srcset=\"https:\/\/sites.uef.fi\/kyynelkanavat\/wp-content\/uploads\/sites\/266\/2021\/12\/liisa-ja-riikka_c_varpu-heiskanen-1024x673.jpg 1024w, https:\/\/sites.uef.fi\/kyynelkanavat\/wp-content\/uploads\/sites\/266\/2021\/12\/liisa-ja-riikka_c_varpu-heiskanen-300x197.jpg 300w, https:\/\/sites.uef.fi\/kyynelkanavat\/wp-content\/uploads\/sites\/266\/2021\/12\/liisa-ja-riikka_c_varpu-heiskanen-768x505.jpg 768w, https:\/\/sites.uef.fi\/kyynelkanavat\/wp-content\/uploads\/sites\/266\/2021\/12\/liisa-ja-riikka_c_varpu-heiskanen-1536x1010.jpg 1536w, https:\/\/sites.uef.fi\/kyynelkanavat\/wp-content\/uploads\/sites\/266\/2021\/12\/liisa-ja-riikka_c_varpu-heiskanen.jpg 2000w\" sizes=\"auto, (max-width: 1024px) 100vw, 1024px\" \/><figcaption class=\"wp-element-caption\">Liisa Matveinen &amp; Riikka Patrikainen. Kuva: Varpu Heiskanen.<\/figcaption><\/figure>\n\n\n\n<p><\/p>\n\n\n\n<p class=\"has-medium-font-size\"><strong>Viliina Silvonen &amp; Emmi Kuittinen<\/strong><\/p>\n\n\n<div class=\"embed-container\">\n    <iframe loading=\"lazy\" title=\"Kyynelkanavat_ty\u00f6parit esitt\u00e4ytyv\u00e4t: Emmi Kuittinen ja Viliina Silvonen\" width=\"640\" height=\"360\" src=\"https:\/\/www.youtube.com\/embed\/tL9tz1Ruxek?feature=oembed&#038;controls=1&#038;hd=1&#038;autohide=1\" frameborder=\"0\" allow=\"accelerometer; autoplay; clipboard-write; encrypted-media; gyroscope; picture-in-picture; web-share\" referrerpolicy=\"strict-origin-when-cross-origin\" allowfullscreen frameborder=\"0\"><\/iframe><\/div>\n\n\n<p><em>Tervehdys alkukes\u00e4lt\u00e4 2022.<\/em><\/p>\n\n\n\n<p>Folkloristi, FT <strong><a data-type=\"page\" data-id=\"513\" href=\"https:\/\/sites.uef.fi\/kyynelkanavat\/tyoryhma\/viliina-silvonen\/\">Viliina Silvosen<\/a> <\/strong>ja kansanmuusikko, MuM <a data-type=\"page\" data-id=\"540\" href=\"https:\/\/sites.uef.fi\/kyynelkanavat\/tyoryhma\/emmi-kuittinen\/\"><strong>Emmi Kuittisen<\/strong><\/a> muodostaman ty\u00f6parin intressit kietoutuvat itkuvirsien moninaisuuteen perinteisest\u00e4 rituaalisesta k\u00e4yt\u00e4nn\u00f6st\u00e4 nykyajan esitt\u00e4v\u00e4ksi taiteeksi. Ty\u00f6pari tarkastelee itkuvirsiesityksi\u00e4, konteksteja ja k\u00e4yt\u00e4nt\u00f6j\u00e4 etenkin affektiivisuuden ja tunteen n\u00e4k\u00f6kulmista. Mahdollisuuksien mukaan ty\u00f6pari vie itkuvirsi\u00e4 my\u00f6s nykyaikaisiin esitysymp\u00e4rist\u00f6ihin ja -tilanteisiin.<\/p>\n\n\n\n<figure class=\"wp-block-image size-large\"><img loading=\"lazy\" decoding=\"async\" width=\"1024\" height=\"676\" src=\"https:\/\/sites.uef.fi\/kyynelkanavat\/wp-content\/uploads\/sites\/266\/2021\/12\/emmi-ja-viliina_2_c_varpu-heiskanen-1024x676.jpg\" alt=\"\" class=\"wp-image-1111\" srcset=\"https:\/\/sites.uef.fi\/kyynelkanavat\/wp-content\/uploads\/sites\/266\/2021\/12\/emmi-ja-viliina_2_c_varpu-heiskanen-1024x676.jpg 1024w, https:\/\/sites.uef.fi\/kyynelkanavat\/wp-content\/uploads\/sites\/266\/2021\/12\/emmi-ja-viliina_2_c_varpu-heiskanen-300x198.jpg 300w, https:\/\/sites.uef.fi\/kyynelkanavat\/wp-content\/uploads\/sites\/266\/2021\/12\/emmi-ja-viliina_2_c_varpu-heiskanen-768x507.jpg 768w, https:\/\/sites.uef.fi\/kyynelkanavat\/wp-content\/uploads\/sites\/266\/2021\/12\/emmi-ja-viliina_2_c_varpu-heiskanen-1536x1014.jpg 1536w, https:\/\/sites.uef.fi\/kyynelkanavat\/wp-content\/uploads\/sites\/266\/2021\/12\/emmi-ja-viliina_2_c_varpu-heiskanen.jpg 1999w\" sizes=\"auto, (max-width: 1024px) 100vw, 1024px\" \/><figcaption class=\"wp-element-caption\">Viliina Silvonen &amp; Emmi Kuittinen. Kuva: Varpu Heiskanen.<\/figcaption><\/figure>\n\n\n\n<p><\/p>\n\n\n\n<p><strong>TAITEILIJARYHM\u00c4<\/strong><\/p>\n\n\n\n<figure class=\"wp-block-image size-large\"><img loading=\"lazy\" decoding=\"async\" width=\"1024\" height=\"736\" src=\"https:\/\/sites.uef.fi\/kyynelkanavat\/wp-content\/uploads\/sites\/266\/2021\/12\/Kyynelkanavat-taiteilijat_kuvaVarpuHeiskanen-1024x736.png\" alt=\"\" class=\"wp-image-1084\" srcset=\"https:\/\/sites.uef.fi\/kyynelkanavat\/wp-content\/uploads\/sites\/266\/2021\/12\/Kyynelkanavat-taiteilijat_kuvaVarpuHeiskanen-1024x736.png 1024w, https:\/\/sites.uef.fi\/kyynelkanavat\/wp-content\/uploads\/sites\/266\/2021\/12\/Kyynelkanavat-taiteilijat_kuvaVarpuHeiskanen-300x216.png 300w, https:\/\/sites.uef.fi\/kyynelkanavat\/wp-content\/uploads\/sites\/266\/2021\/12\/Kyynelkanavat-taiteilijat_kuvaVarpuHeiskanen-768x552.png 768w, https:\/\/sites.uef.fi\/kyynelkanavat\/wp-content\/uploads\/sites\/266\/2021\/12\/Kyynelkanavat-taiteilijat_kuvaVarpuHeiskanen.png 1287w\" sizes=\"auto, (max-width: 1024px) 100vw, 1024px\" \/><figcaption class=\"wp-element-caption\">Surento-yhtye. Kuva: Varpu Heiskanen<\/figcaption><\/figure>\n","protected":false},"excerpt":{"rendered":"<p>Hankkeessa ty\u00f6skentelee kolme taiteilija\u2013tutkija-ty\u00f6paria. Jokaisella ty\u00f6parilla on oma teemansa ja n\u00e4k\u00f6kulmansa, joiden ymp\u00e4rille ty\u00f6parin yhteisty\u00f6 keskittyy. Elina Hyt\u00f6nen-Ng &amp; Emilia Kallonen keskittyv\u00e4t \u00e4\u00e4nell\u00e4 itkemisen kehollisuuteen, Riikka Patrikainen &amp; Liisa Matveinen kirkollisen ja kansanperinteen rinnakkaisuuteen sek\u00e4 Viliina Silvonen &amp; Emmi Kuittinen perinteen moninaisuuteen, yhteis\u00f6llisyyteen ja tunteeseen. N\u00e4m\u00e4 ty\u00f6parien teemat tukevat ja t\u00e4ydent\u00e4v\u00e4t toisiaan. Ty\u00f6ryhm\u00e4\u00e4 yhdist\u00e4\u00e4 karjalaisuus [&hellip;]<\/p>\n","protected":false},"author":535,"featured_media":0,"parent":0,"menu_order":2,"comment_status":"closed","ping_status":"closed","template":"","meta":{"_acf_changed":false,"footnotes":""},"class_list":["post-99","page","type-page","status-publish","hentry"],"acf":[],"yoast_head":"<!-- This site is optimized with the Yoast SEO plugin v27.1.1 - https:\/\/yoast.com\/product\/yoast-seo-wordpress\/ -->\n<title>Ty\u00f6ryhm\u00e4 ja teemat - Kyynelkanavat<\/title>\n<meta name=\"robots\" content=\"index, follow, max-snippet:-1, max-image-preview:large, max-video-preview:-1\" \/>\n<link rel=\"canonical\" href=\"https:\/\/sites.uef.fi\/kyynelkanavat\/tyoryhma\/\" \/>\n<meta property=\"og:locale\" content=\"fi_FI\" \/>\n<meta property=\"og:type\" content=\"article\" \/>\n<meta property=\"og:title\" content=\"Ty\u00f6ryhm\u00e4 ja teemat - Kyynelkanavat\" \/>\n<meta property=\"og:description\" content=\"Hankkeessa ty\u00f6skentelee kolme taiteilija\u2013tutkija-ty\u00f6paria. Jokaisella ty\u00f6parilla on oma teemansa ja n\u00e4k\u00f6kulmansa, joiden ymp\u00e4rille ty\u00f6parin yhteisty\u00f6 keskittyy. Elina Hyt\u00f6nen-Ng &amp; Emilia Kallonen keskittyv\u00e4t \u00e4\u00e4nell\u00e4 itkemisen kehollisuuteen, Riikka Patrikainen &amp; Liisa Matveinen kirkollisen ja kansanperinteen rinnakkaisuuteen sek\u00e4 Viliina Silvonen &amp; Emmi Kuittinen perinteen moninaisuuteen, yhteis\u00f6llisyyteen ja tunteeseen. N\u00e4m\u00e4 ty\u00f6parien teemat tukevat ja t\u00e4ydent\u00e4v\u00e4t toisiaan. Ty\u00f6ryhm\u00e4\u00e4 yhdist\u00e4\u00e4 karjalaisuus [&hellip;]\" \/>\n<meta property=\"og:url\" content=\"https:\/\/sites.uef.fi\/kyynelkanavat\/tyoryhma\/\" \/>\n<meta property=\"og:site_name\" content=\"Kyynelkanavat\" \/>\n<meta property=\"article:modified_time\" content=\"2023-11-03T16:45:14+00:00\" \/>\n<meta property=\"og:image\" content=\"https:\/\/sites.uef.fi\/kyynelkanavat\/wp-content\/uploads\/sites\/266\/2023\/10\/yksilokuvat_yhtena_kuvana.png\" \/>\n<meta name=\"twitter:card\" content=\"summary_large_image\" \/>\n<meta name=\"twitter:label1\" content=\"Arvioitu lukuaika\" \/>\n\t<meta name=\"twitter:data1\" content=\"3 minuuttia\" \/>\n<script type=\"application\/ld+json\" class=\"yoast-schema-graph\">{\"@context\":\"https:\/\/schema.org\",\"@graph\":[{\"@type\":\"WebPage\",\"@id\":\"https:\/\/sites.uef.fi\/kyynelkanavat\/tyoryhma\/\",\"url\":\"https:\/\/sites.uef.fi\/kyynelkanavat\/tyoryhma\/\",\"name\":\"Ty\u00f6ryhm\u00e4 ja teemat - Kyynelkanavat\",\"isPartOf\":{\"@id\":\"https:\/\/sites.uef.fi\/kyynelkanavat\/#website\"},\"primaryImageOfPage\":{\"@id\":\"https:\/\/sites.uef.fi\/kyynelkanavat\/tyoryhma\/#primaryimage\"},\"image\":{\"@id\":\"https:\/\/sites.uef.fi\/kyynelkanavat\/tyoryhma\/#primaryimage\"},\"thumbnailUrl\":\"https:\/\/sites.uef.fi\/kyynelkanavat\/wp-content\/uploads\/sites\/266\/2023\/10\/yksilokuvat_yhtena_kuvana.png\",\"datePublished\":\"2021-04-20T13:33:42+00:00\",\"dateModified\":\"2023-11-03T16:45:14+00:00\",\"breadcrumb\":{\"@id\":\"https:\/\/sites.uef.fi\/kyynelkanavat\/tyoryhma\/#breadcrumb\"},\"inLanguage\":\"fi\",\"potentialAction\":[{\"@type\":\"ReadAction\",\"target\":[\"https:\/\/sites.uef.fi\/kyynelkanavat\/tyoryhma\/\"]}]},{\"@type\":\"ImageObject\",\"inLanguage\":\"fi\",\"@id\":\"https:\/\/sites.uef.fi\/kyynelkanavat\/tyoryhma\/#primaryimage\",\"url\":\"https:\/\/sites.uef.fi\/kyynelkanavat\/wp-content\/uploads\/sites\/266\/2023\/10\/yksilokuvat_yhtena_kuvana.png\",\"contentUrl\":\"https:\/\/sites.uef.fi\/kyynelkanavat\/wp-content\/uploads\/sites\/266\/2023\/10\/yksilokuvat_yhtena_kuvana.png\",\"width\":488,\"height\":452},{\"@type\":\"BreadcrumbList\",\"@id\":\"https:\/\/sites.uef.fi\/kyynelkanavat\/tyoryhma\/#breadcrumb\",\"itemListElement\":[{\"@type\":\"ListItem\",\"position\":1,\"name\":\"Home\",\"item\":\"https:\/\/sites.uef.fi\/kyynelkanavat\/\"},{\"@type\":\"ListItem\",\"position\":2,\"name\":\"Ty\u00f6ryhm\u00e4 ja teemat\"}]},{\"@type\":\"WebSite\",\"@id\":\"https:\/\/sites.uef.fi\/kyynelkanavat\/#website\",\"url\":\"https:\/\/sites.uef.fi\/kyynelkanavat\/\",\"name\":\"Kyynelkanavat\",\"description\":\"\",\"potentialAction\":[{\"@type\":\"SearchAction\",\"target\":{\"@type\":\"EntryPoint\",\"urlTemplate\":\"https:\/\/sites.uef.fi\/kyynelkanavat\/?s={search_term_string}\"},\"query-input\":{\"@type\":\"PropertyValueSpecification\",\"valueRequired\":true,\"valueName\":\"search_term_string\"}}],\"inLanguage\":\"fi\"}]}<\/script>\n<!-- \/ Yoast SEO plugin. -->","yoast_head_json":{"title":"Ty\u00f6ryhm\u00e4 ja teemat - Kyynelkanavat","robots":{"index":"index","follow":"follow","max-snippet":"max-snippet:-1","max-image-preview":"max-image-preview:large","max-video-preview":"max-video-preview:-1"},"canonical":"https:\/\/sites.uef.fi\/kyynelkanavat\/tyoryhma\/","og_locale":"fi_FI","og_type":"article","og_title":"Ty\u00f6ryhm\u00e4 ja teemat - Kyynelkanavat","og_description":"Hankkeessa ty\u00f6skentelee kolme taiteilija\u2013tutkija-ty\u00f6paria. Jokaisella ty\u00f6parilla on oma teemansa ja n\u00e4k\u00f6kulmansa, joiden ymp\u00e4rille ty\u00f6parin yhteisty\u00f6 keskittyy. Elina Hyt\u00f6nen-Ng &amp; Emilia Kallonen keskittyv\u00e4t \u00e4\u00e4nell\u00e4 itkemisen kehollisuuteen, Riikka Patrikainen &amp; Liisa Matveinen kirkollisen ja kansanperinteen rinnakkaisuuteen sek\u00e4 Viliina Silvonen &amp; Emmi Kuittinen perinteen moninaisuuteen, yhteis\u00f6llisyyteen ja tunteeseen. N\u00e4m\u00e4 ty\u00f6parien teemat tukevat ja t\u00e4ydent\u00e4v\u00e4t toisiaan. Ty\u00f6ryhm\u00e4\u00e4 yhdist\u00e4\u00e4 karjalaisuus [&hellip;]","og_url":"https:\/\/sites.uef.fi\/kyynelkanavat\/tyoryhma\/","og_site_name":"Kyynelkanavat","article_modified_time":"2023-11-03T16:45:14+00:00","og_image":[{"url":"https:\/\/sites.uef.fi\/kyynelkanavat\/wp-content\/uploads\/sites\/266\/2023\/10\/yksilokuvat_yhtena_kuvana.png","type":"","width":"","height":""}],"twitter_card":"summary_large_image","twitter_misc":{"Arvioitu lukuaika":"3 minuuttia"},"schema":{"@context":"https:\/\/schema.org","@graph":[{"@type":"WebPage","@id":"https:\/\/sites.uef.fi\/kyynelkanavat\/tyoryhma\/","url":"https:\/\/sites.uef.fi\/kyynelkanavat\/tyoryhma\/","name":"Ty\u00f6ryhm\u00e4 ja teemat - Kyynelkanavat","isPartOf":{"@id":"https:\/\/sites.uef.fi\/kyynelkanavat\/#website"},"primaryImageOfPage":{"@id":"https:\/\/sites.uef.fi\/kyynelkanavat\/tyoryhma\/#primaryimage"},"image":{"@id":"https:\/\/sites.uef.fi\/kyynelkanavat\/tyoryhma\/#primaryimage"},"thumbnailUrl":"https:\/\/sites.uef.fi\/kyynelkanavat\/wp-content\/uploads\/sites\/266\/2023\/10\/yksilokuvat_yhtena_kuvana.png","datePublished":"2021-04-20T13:33:42+00:00","dateModified":"2023-11-03T16:45:14+00:00","breadcrumb":{"@id":"https:\/\/sites.uef.fi\/kyynelkanavat\/tyoryhma\/#breadcrumb"},"inLanguage":"fi","potentialAction":[{"@type":"ReadAction","target":["https:\/\/sites.uef.fi\/kyynelkanavat\/tyoryhma\/"]}]},{"@type":"ImageObject","inLanguage":"fi","@id":"https:\/\/sites.uef.fi\/kyynelkanavat\/tyoryhma\/#primaryimage","url":"https:\/\/sites.uef.fi\/kyynelkanavat\/wp-content\/uploads\/sites\/266\/2023\/10\/yksilokuvat_yhtena_kuvana.png","contentUrl":"https:\/\/sites.uef.fi\/kyynelkanavat\/wp-content\/uploads\/sites\/266\/2023\/10\/yksilokuvat_yhtena_kuvana.png","width":488,"height":452},{"@type":"BreadcrumbList","@id":"https:\/\/sites.uef.fi\/kyynelkanavat\/tyoryhma\/#breadcrumb","itemListElement":[{"@type":"ListItem","position":1,"name":"Home","item":"https:\/\/sites.uef.fi\/kyynelkanavat\/"},{"@type":"ListItem","position":2,"name":"Ty\u00f6ryhm\u00e4 ja teemat"}]},{"@type":"WebSite","@id":"https:\/\/sites.uef.fi\/kyynelkanavat\/#website","url":"https:\/\/sites.uef.fi\/kyynelkanavat\/","name":"Kyynelkanavat","description":"","potentialAction":[{"@type":"SearchAction","target":{"@type":"EntryPoint","urlTemplate":"https:\/\/sites.uef.fi\/kyynelkanavat\/?s={search_term_string}"},"query-input":{"@type":"PropertyValueSpecification","valueRequired":true,"valueName":"search_term_string"}}],"inLanguage":"fi"}]}},"_links":{"self":[{"href":"https:\/\/sites.uef.fi\/kyynelkanavat\/wp-json\/wp\/v2\/pages\/99","targetHints":{"allow":["GET"]}}],"collection":[{"href":"https:\/\/sites.uef.fi\/kyynelkanavat\/wp-json\/wp\/v2\/pages"}],"about":[{"href":"https:\/\/sites.uef.fi\/kyynelkanavat\/wp-json\/wp\/v2\/types\/page"}],"author":[{"embeddable":true,"href":"https:\/\/sites.uef.fi\/kyynelkanavat\/wp-json\/wp\/v2\/users\/535"}],"replies":[{"embeddable":true,"href":"https:\/\/sites.uef.fi\/kyynelkanavat\/wp-json\/wp\/v2\/comments?post=99"}],"version-history":[{"count":2,"href":"https:\/\/sites.uef.fi\/kyynelkanavat\/wp-json\/wp\/v2\/pages\/99\/revisions"}],"predecessor-version":[{"id":2915,"href":"https:\/\/sites.uef.fi\/kyynelkanavat\/wp-json\/wp\/v2\/pages\/99\/revisions\/2915"}],"wp:attachment":[{"href":"https:\/\/sites.uef.fi\/kyynelkanavat\/wp-json\/wp\/v2\/media?parent=99"}],"curies":[{"name":"wp","href":"https:\/\/api.w.org\/{rel}","templated":true}]}}