{"id":1186,"date":"2023-08-21T11:17:27","date_gmt":"2023-08-21T09:17:27","guid":{"rendered":"https:\/\/sites.uef.fi\/laakejatesuomessa\/?page_id=1186"},"modified":"2023-08-21T11:51:04","modified_gmt":"2023-08-21T09:51:04","slug":"ohjeet-apteekille","status":"publish","type":"page","link":"https:\/\/sites.uef.fi\/laakejatesuomessa\/ohjeet-apteekille\/","title":{"rendered":"Ohjeet apteekille"},"content":{"rendered":"\n<p>Ilmoittautumisessa pyydet\u00e4\u00e4n ilmoittamaan apteekin <a href=\"https:\/\/sites.uef.fi\/laakejatesuomessa\/ohjeet-apteekin-yhteyshenkilolle\/\">yhteyshenkil\u00f6<\/a><\/p>\n\n\n\n<p>, joka vastaa tutkimuksen toteuttamisesta apteekissa. <\/p>\n\n\n\n<p>Kaikki tutkimuksessa tarvittava materiaali toimitetaan apteekille postitse ennen tutkimuksen alkua. Tutkimuksen toteuttaminen ei vaadi farmaseuttisen henkil\u00f6st\u00f6n resurssien k\u00e4ytt\u00f6\u00e4.<\/p>\n\n\n\n<h2 class=\"wp-block-heading\">Tutkimuksen toteuttaminen<\/h2>\n\n\n\n<ul class=\"wp-block-list\">\n<li>L\u00e4\u00e4kej\u00e4tepisteen sulkeminen<\/li>\n\n\n\n<li>Asiakkaisen palauttaman l\u00e4\u00e4kej\u00e4tteen vastaanottaminen<\/li>\n\n\n\n<li>Kyselylomakkeen ja saatekirjeen tarjoaminen asiakkaalle<\/li>\n\n\n\n<li>Palautetun l\u00e4\u00e4kej\u00e4tteen kirjaaminen s\u00e4hk\u00f6iselle lomakkeelle<\/li>\n\n\n\n<li>Kyselylomakkeiden postittaminen It\u00e4-Suomen yliopistoon<\/li>\n<\/ul>\n\n\n\n<h3 class=\"wp-block-heading\">L\u00e4\u00e4kej\u00e4tepisteen sulkeminen<\/h3>\n\n\n\n<p>Apteekin l\u00e4\u00e4kej\u00e4tteen ker\u00e4yspiste suljetaan laittamalla tutkimusmateriaalien mukana tullut tiedote ker\u00e4yspisteelle tutkimusp\u00e4ivien ajaksi. T\u00e4ll\u00f6in asiakkaat palauttavat l\u00e4\u00e4kej\u00e4tteen suoraan apteekkihenkil\u00f6st\u00f6lle. <\/p>\n\n\n\n<h3 class=\"wp-block-heading\">L\u00e4\u00e4kej\u00e4tteen vastaanottaminen<\/h3>\n\n\n\n<p>Asiakkaiden palauttamat l\u00e4\u00e4kej\u00e4tteet vastaanotetaan laittamalla ne nk. tutkimuspussiin, joita apteekkiin tutkimusmateriaalien mukana toimitetaan. Kaikki asiakkaan palauttamat l\u00e4\u00e4kej\u00e4tteet vastaanotetaan. Vasta l\u00e4\u00e4kej\u00e4tteiden kirjausvaiheessa erotellaan, mit\u00e4 hyv\u00e4ksyt\u00e4\u00e4n tutkimukseen ja mit\u00e4 ei. <\/p>\n\n\n\n<p>Tutkimuspussiin laitetaan asiakkaan t\u00e4ytt\u00e4m\u00e4 kyselylomake, jotta kyselylomakkeen vastaukset yhdistet\u00e4\u00e4n my\u00f6hemmin oikeisiin l\u00e4\u00e4kkeisiin. Pussi suljetaan ja siihen liimataan tutkimusmateriaalien mukana tullut karanteenitarra, jotta l\u00e4\u00e4kej\u00e4tteet pysyv\u00e4t selke\u00e4sti erill\u00e4\u00e4n muista l\u00e4\u00e4kkeist\u00e4. <\/p>\n\n\n\n<p>Tutkimuspussi pidet\u00e4\u00e4n karanteenissa, kunnes tiedot sen sis\u00e4ll\u00f6st\u00e4 kirjataan s\u00e4hk\u00f6iselle seurantalomakkeelle. <\/p>\n\n\n\n<h3 class=\"wp-block-heading\">Kyselylomakkeen ja saatekirjeen tarjoaminen<\/h3>\n\n\n\n<p>Kyselylomaketta ja sen saatekirjett\u00e4 tarjotaan jokaiselle t\u00e4ysi-ik\u00e4iselle asiakkaalle, joka palauttaa apteekkiin l\u00e4\u00e4kej\u00e4tett\u00e4 tutkimusp\u00e4ivien aikana.<\/p>\n\n\n\n<p>Apteekkihenkil\u00f6 t\u00e4ytt\u00e4\u00e4 kyselylomakkeen vasemmasta yl\u00e4kulmasta heille kuuluvan osuuden ja laittaa t\u00e4ytetyn kyselylomakkeen samaan pussiin asiakkaan palauttamien l\u00e4\u00e4kkeiden kanssa.<\/p>\n\n\n\n<h3 class=\"wp-block-heading\">Palautetun l\u00e4\u00e4kej\u00e4tteen kirjaaminen s\u00e4hk\u00f6iselle lomakkeelle<\/h3>\n\n\n\n<p>Linkki s\u00e4hk\u00f6iseen lomakkeeseen l\u00e4hetet\u00e4\u00e4n apteekin yhteyshenkil\u00f6n s\u00e4hk\u00f6postiin.<\/p>\n\n\n\n<p>Yhdelle lomakkeelle kirjataan yhden tutkimuspussin sis\u00e4lt\u00f6 eli yhden asiakkaan palauttamat valmisteet yksi kerrallaan. S\u00e4hk\u00f6inen lomake sis\u00e4lt\u00e4\u00e4 tarkemmat ohjeet lomakkeen t\u00e4ytt\u00e4miseen.<\/p>\n\n\n\n<p>Suositeltavaa on, ett\u00e4 palautetut valmisteet kirjataan seurantalomakkeelle tutkimusp\u00e4ivien aikana, kuitenkin viimeist\u00e4\u00e4n 25.5.2022 menness\u00e4!<\/p>\n\n\n\n<h3 class=\"wp-block-heading\">Kyselylomakkeiden postittaminen It\u00e4-Suomen yliopistoon<\/h3>\n\n\n\n<p>T\u00e4ytetyt kyselylomakkeet postitetaan palautuskuoressa takaisin It\u00e4-Suomen yliopistoon. Palautuskuoria, joiden postimaksu on maksettu, toimitetaan apteekkiin tutkimusmateriaalien mukana.<\/p>\n\n\n\n<p>Kyselylomakkeet tulee laittaa postiin viimeist\u00e4\u00e4n 25.5.2022.<\/p>\n\n\n\n<figure class=\"wp-block-image size-large is-style-default\"><img loading=\"lazy\" decoding=\"async\" width=\"1024\" height=\"576\" src=\"https:\/\/sites.uef.fi\/laakejatesuomessa\/wp-content\/uploads\/sites\/362\/2022\/04\/Slide1-1024x576.jpg\" alt=\"L\u00e4\u00e4kej\u00e4tetutkimuksen logo\" class=\"wp-image-188\" srcset=\"https:\/\/sites.uef.fi\/laakejatesuomessa\/wp-content\/uploads\/sites\/362\/2022\/04\/Slide1-1024x576.jpg 1024w, https:\/\/sites.uef.fi\/laakejatesuomessa\/wp-content\/uploads\/sites\/362\/2022\/04\/Slide1-300x169.jpg 300w, https:\/\/sites.uef.fi\/laakejatesuomessa\/wp-content\/uploads\/sites\/362\/2022\/04\/Slide1-768x432.jpg 768w, https:\/\/sites.uef.fi\/laakejatesuomessa\/wp-content\/uploads\/sites\/362\/2022\/04\/Slide1.jpg 1280w\" sizes=\"auto, (max-width: 1024px) 100vw, 1024px\" \/><\/figure>\n","protected":false},"excerpt":{"rendered":"<p>Ilmoittautumisessa pyydet\u00e4\u00e4n ilmoittamaan apteekin yhteyshenkil\u00f6 , joka vastaa tutkimuksen toteuttamisesta apteekissa. Kaikki tutkimuksessa tarvittava materiaali toimitetaan apteekille postitse ennen tutkimuksen alkua. Tutkimuksen toteuttaminen ei vaadi farmaseuttisen henkil\u00f6st\u00f6n resurssien k\u00e4ytt\u00f6\u00e4. Tutkimuksen toteuttaminen L\u00e4\u00e4kej\u00e4tepisteen sulkeminen Apteekin l\u00e4\u00e4kej\u00e4tteen ker\u00e4yspiste suljetaan laittamalla tutkimusmateriaalien mukana tullut tiedote ker\u00e4yspisteelle tutkimusp\u00e4ivien ajaksi. T\u00e4ll\u00f6in asiakkaat palauttavat l\u00e4\u00e4kej\u00e4tteen suoraan apteekkihenkil\u00f6st\u00f6lle. L\u00e4\u00e4kej\u00e4tteen vastaanottaminen Asiakkaiden palauttamat [&hellip;]<\/p>\n","protected":false},"author":793,"featured_media":0,"parent":0,"menu_order":0,"comment_status":"closed","ping_status":"closed","template":"","meta":{"_acf_changed":false,"footnotes":""},"class_list":["post-1186","page","type-page","status-publish","hentry"],"acf":[],"yoast_head":"<!-- This site is optimized with the Yoast SEO plugin v27.3 - https:\/\/yoast.com\/product\/yoast-seo-wordpress\/ -->\n<title>Ohjeet apteekille - L\u00e4\u00e4kej\u00e4te Suomessa<\/title>\n<meta name=\"robots\" content=\"index, follow, max-snippet:-1, max-image-preview:large, max-video-preview:-1\" \/>\n<link rel=\"canonical\" href=\"https:\/\/sites.uef.fi\/laakejatesuomessa\/ohjeet-apteekille\/\" \/>\n<meta property=\"og:locale\" content=\"fi_FI\" \/>\n<meta property=\"og:type\" content=\"article\" \/>\n<meta property=\"og:title\" content=\"Ohjeet apteekille - L\u00e4\u00e4kej\u00e4te Suomessa\" \/>\n<meta property=\"og:description\" content=\"Ilmoittautumisessa pyydet\u00e4\u00e4n ilmoittamaan apteekin yhteyshenkil\u00f6 , joka vastaa tutkimuksen toteuttamisesta apteekissa. Kaikki tutkimuksessa tarvittava materiaali toimitetaan apteekille postitse ennen tutkimuksen alkua. Tutkimuksen toteuttaminen ei vaadi farmaseuttisen henkil\u00f6st\u00f6n resurssien k\u00e4ytt\u00f6\u00e4. Tutkimuksen toteuttaminen L\u00e4\u00e4kej\u00e4tepisteen sulkeminen Apteekin l\u00e4\u00e4kej\u00e4tteen ker\u00e4yspiste suljetaan laittamalla tutkimusmateriaalien mukana tullut tiedote ker\u00e4yspisteelle tutkimusp\u00e4ivien ajaksi. T\u00e4ll\u00f6in asiakkaat palauttavat l\u00e4\u00e4kej\u00e4tteen suoraan apteekkihenkil\u00f6st\u00f6lle. L\u00e4\u00e4kej\u00e4tteen vastaanottaminen Asiakkaiden palauttamat [&hellip;]\" \/>\n<meta property=\"og:url\" content=\"https:\/\/sites.uef.fi\/laakejatesuomessa\/ohjeet-apteekille\/\" \/>\n<meta property=\"og:site_name\" content=\"L\u00e4\u00e4kej\u00e4te Suomessa\" \/>\n<meta property=\"article:modified_time\" content=\"2023-08-21T09:51:04+00:00\" \/>\n<meta property=\"og:image\" content=\"https:\/\/sites.uef.fi\/laakejatesuomessa\/wp-content\/uploads\/sites\/362\/2022\/04\/Slide1-1024x576.jpg\" \/>\n<meta name=\"twitter:card\" content=\"summary_large_image\" \/>\n<meta name=\"twitter:label1\" content=\"Arvioitu lukuaika\" \/>\n\t<meta name=\"twitter:data1\" content=\"2 minuuttia\" \/>\n<script type=\"application\/ld+json\" class=\"yoast-schema-graph\">{\"@context\":\"https:\\\/\\\/schema.org\",\"@graph\":[{\"@type\":\"WebPage\",\"@id\":\"https:\\\/\\\/sites.uef.fi\\\/laakejatesuomessa\\\/ohjeet-apteekille\\\/\",\"url\":\"https:\\\/\\\/sites.uef.fi\\\/laakejatesuomessa\\\/ohjeet-apteekille\\\/\",\"name\":\"Ohjeet apteekille - L\u00e4\u00e4kej\u00e4te Suomessa\",\"isPartOf\":{\"@id\":\"https:\\\/\\\/sites.uef.fi\\\/laakejatesuomessa\\\/#website\"},\"primaryImageOfPage\":{\"@id\":\"https:\\\/\\\/sites.uef.fi\\\/laakejatesuomessa\\\/ohjeet-apteekille\\\/#primaryimage\"},\"image\":{\"@id\":\"https:\\\/\\\/sites.uef.fi\\\/laakejatesuomessa\\\/ohjeet-apteekille\\\/#primaryimage\"},\"thumbnailUrl\":\"https:\\\/\\\/sites.uef.fi\\\/laakejatesuomessa\\\/wp-content\\\/uploads\\\/sites\\\/362\\\/2022\\\/04\\\/Slide1-1024x576.jpg\",\"datePublished\":\"2023-08-21T09:17:27+00:00\",\"dateModified\":\"2023-08-21T09:51:04+00:00\",\"breadcrumb\":{\"@id\":\"https:\\\/\\\/sites.uef.fi\\\/laakejatesuomessa\\\/ohjeet-apteekille\\\/#breadcrumb\"},\"inLanguage\":\"fi\",\"potentialAction\":[{\"@type\":\"ReadAction\",\"target\":[\"https:\\\/\\\/sites.uef.fi\\\/laakejatesuomessa\\\/ohjeet-apteekille\\\/\"]}]},{\"@type\":\"ImageObject\",\"inLanguage\":\"fi\",\"@id\":\"https:\\\/\\\/sites.uef.fi\\\/laakejatesuomessa\\\/ohjeet-apteekille\\\/#primaryimage\",\"url\":\"https:\\\/\\\/sites.uef.fi\\\/laakejatesuomessa\\\/wp-content\\\/uploads\\\/sites\\\/362\\\/2022\\\/04\\\/Slide1.jpg\",\"contentUrl\":\"https:\\\/\\\/sites.uef.fi\\\/laakejatesuomessa\\\/wp-content\\\/uploads\\\/sites\\\/362\\\/2022\\\/04\\\/Slide1.jpg\",\"width\":1280,\"height\":720},{\"@type\":\"BreadcrumbList\",\"@id\":\"https:\\\/\\\/sites.uef.fi\\\/laakejatesuomessa\\\/ohjeet-apteekille\\\/#breadcrumb\",\"itemListElement\":[{\"@type\":\"ListItem\",\"position\":1,\"name\":\"Home\",\"item\":\"https:\\\/\\\/sites.uef.fi\\\/laakejatesuomessa\\\/\"},{\"@type\":\"ListItem\",\"position\":2,\"name\":\"Ohjeet apteekille\"}]},{\"@type\":\"WebSite\",\"@id\":\"https:\\\/\\\/sites.uef.fi\\\/laakejatesuomessa\\\/#website\",\"url\":\"https:\\\/\\\/sites.uef.fi\\\/laakejatesuomessa\\\/\",\"name\":\"L\u00e4\u00e4kej\u00e4te Suomessa\",\"description\":\"\",\"potentialAction\":[{\"@type\":\"SearchAction\",\"target\":{\"@type\":\"EntryPoint\",\"urlTemplate\":\"https:\\\/\\\/sites.uef.fi\\\/laakejatesuomessa\\\/?s={search_term_string}\"},\"query-input\":{\"@type\":\"PropertyValueSpecification\",\"valueRequired\":true,\"valueName\":\"search_term_string\"}}],\"inLanguage\":\"fi\"}]}<\/script>\n<!-- \/ Yoast SEO plugin. -->","yoast_head_json":{"title":"Ohjeet apteekille - L\u00e4\u00e4kej\u00e4te Suomessa","robots":{"index":"index","follow":"follow","max-snippet":"max-snippet:-1","max-image-preview":"max-image-preview:large","max-video-preview":"max-video-preview:-1"},"canonical":"https:\/\/sites.uef.fi\/laakejatesuomessa\/ohjeet-apteekille\/","og_locale":"fi_FI","og_type":"article","og_title":"Ohjeet apteekille - L\u00e4\u00e4kej\u00e4te Suomessa","og_description":"Ilmoittautumisessa pyydet\u00e4\u00e4n ilmoittamaan apteekin yhteyshenkil\u00f6 , joka vastaa tutkimuksen toteuttamisesta apteekissa. Kaikki tutkimuksessa tarvittava materiaali toimitetaan apteekille postitse ennen tutkimuksen alkua. Tutkimuksen toteuttaminen ei vaadi farmaseuttisen henkil\u00f6st\u00f6n resurssien k\u00e4ytt\u00f6\u00e4. Tutkimuksen toteuttaminen L\u00e4\u00e4kej\u00e4tepisteen sulkeminen Apteekin l\u00e4\u00e4kej\u00e4tteen ker\u00e4yspiste suljetaan laittamalla tutkimusmateriaalien mukana tullut tiedote ker\u00e4yspisteelle tutkimusp\u00e4ivien ajaksi. T\u00e4ll\u00f6in asiakkaat palauttavat l\u00e4\u00e4kej\u00e4tteen suoraan apteekkihenkil\u00f6st\u00f6lle. L\u00e4\u00e4kej\u00e4tteen vastaanottaminen Asiakkaiden palauttamat [&hellip;]","og_url":"https:\/\/sites.uef.fi\/laakejatesuomessa\/ohjeet-apteekille\/","og_site_name":"L\u00e4\u00e4kej\u00e4te Suomessa","article_modified_time":"2023-08-21T09:51:04+00:00","og_image":[{"url":"https:\/\/sites.uef.fi\/laakejatesuomessa\/wp-content\/uploads\/sites\/362\/2022\/04\/Slide1-1024x576.jpg","type":"","width":"","height":""}],"twitter_card":"summary_large_image","twitter_misc":{"Arvioitu lukuaika":"2 minuuttia"},"schema":{"@context":"https:\/\/schema.org","@graph":[{"@type":"WebPage","@id":"https:\/\/sites.uef.fi\/laakejatesuomessa\/ohjeet-apteekille\/","url":"https:\/\/sites.uef.fi\/laakejatesuomessa\/ohjeet-apteekille\/","name":"Ohjeet apteekille - L\u00e4\u00e4kej\u00e4te Suomessa","isPartOf":{"@id":"https:\/\/sites.uef.fi\/laakejatesuomessa\/#website"},"primaryImageOfPage":{"@id":"https:\/\/sites.uef.fi\/laakejatesuomessa\/ohjeet-apteekille\/#primaryimage"},"image":{"@id":"https:\/\/sites.uef.fi\/laakejatesuomessa\/ohjeet-apteekille\/#primaryimage"},"thumbnailUrl":"https:\/\/sites.uef.fi\/laakejatesuomessa\/wp-content\/uploads\/sites\/362\/2022\/04\/Slide1-1024x576.jpg","datePublished":"2023-08-21T09:17:27+00:00","dateModified":"2023-08-21T09:51:04+00:00","breadcrumb":{"@id":"https:\/\/sites.uef.fi\/laakejatesuomessa\/ohjeet-apteekille\/#breadcrumb"},"inLanguage":"fi","potentialAction":[{"@type":"ReadAction","target":["https:\/\/sites.uef.fi\/laakejatesuomessa\/ohjeet-apteekille\/"]}]},{"@type":"ImageObject","inLanguage":"fi","@id":"https:\/\/sites.uef.fi\/laakejatesuomessa\/ohjeet-apteekille\/#primaryimage","url":"https:\/\/sites.uef.fi\/laakejatesuomessa\/wp-content\/uploads\/sites\/362\/2022\/04\/Slide1.jpg","contentUrl":"https:\/\/sites.uef.fi\/laakejatesuomessa\/wp-content\/uploads\/sites\/362\/2022\/04\/Slide1.jpg","width":1280,"height":720},{"@type":"BreadcrumbList","@id":"https:\/\/sites.uef.fi\/laakejatesuomessa\/ohjeet-apteekille\/#breadcrumb","itemListElement":[{"@type":"ListItem","position":1,"name":"Home","item":"https:\/\/sites.uef.fi\/laakejatesuomessa\/"},{"@type":"ListItem","position":2,"name":"Ohjeet apteekille"}]},{"@type":"WebSite","@id":"https:\/\/sites.uef.fi\/laakejatesuomessa\/#website","url":"https:\/\/sites.uef.fi\/laakejatesuomessa\/","name":"L\u00e4\u00e4kej\u00e4te Suomessa","description":"","potentialAction":[{"@type":"SearchAction","target":{"@type":"EntryPoint","urlTemplate":"https:\/\/sites.uef.fi\/laakejatesuomessa\/?s={search_term_string}"},"query-input":{"@type":"PropertyValueSpecification","valueRequired":true,"valueName":"search_term_string"}}],"inLanguage":"fi"}]}},"_links":{"self":[{"href":"https:\/\/sites.uef.fi\/laakejatesuomessa\/wp-json\/wp\/v2\/pages\/1186","targetHints":{"allow":["GET"]}}],"collection":[{"href":"https:\/\/sites.uef.fi\/laakejatesuomessa\/wp-json\/wp\/v2\/pages"}],"about":[{"href":"https:\/\/sites.uef.fi\/laakejatesuomessa\/wp-json\/wp\/v2\/types\/page"}],"author":[{"embeddable":true,"href":"https:\/\/sites.uef.fi\/laakejatesuomessa\/wp-json\/wp\/v2\/users\/793"}],"replies":[{"embeddable":true,"href":"https:\/\/sites.uef.fi\/laakejatesuomessa\/wp-json\/wp\/v2\/comments?post=1186"}],"version-history":[{"count":2,"href":"https:\/\/sites.uef.fi\/laakejatesuomessa\/wp-json\/wp\/v2\/pages\/1186\/revisions"}],"predecessor-version":[{"id":1264,"href":"https:\/\/sites.uef.fi\/laakejatesuomessa\/wp-json\/wp\/v2\/pages\/1186\/revisions\/1264"}],"wp:attachment":[{"href":"https:\/\/sites.uef.fi\/laakejatesuomessa\/wp-json\/wp\/v2\/media?parent=1186"}],"curies":[{"name":"wp","href":"https:\/\/api.w.org\/{rel}","templated":true}]}}