{"id":1198,"date":"2023-08-21T11:21:27","date_gmt":"2023-08-21T09:21:27","guid":{"rendered":"https:\/\/sites.uef.fi\/laakejatesuomessa\/?page_id=1198"},"modified":"2023-08-21T11:21:28","modified_gmt":"2023-08-21T09:21:28","slug":"ohjeet-apteekin-yhteyshenkilolle","status":"publish","type":"page","link":"https:\/\/sites.uef.fi\/laakejatesuomessa\/ohjeet-apteekin-yhteyshenkilolle\/","title":{"rendered":"Ohjeet apteekin yhteyshenkil\u00f6lle"},"content":{"rendered":"\n<p>Apteekki ilmoittaa tutkimuksen ilmoittautumislomakkeella tutkimusapteekin yhteyshenkil\u00f6n, joka vastaa apteekissa tutkimuksen toteuttamisesta.  Yhteyshenkil\u00f6\u00f6n ollaan s\u00e4hk\u00f6postitse yhteydess\u00e4 tutkijoiden toimesta. <\/p>\n\n\n\n<p>Yhteyshenkil\u00f6n vastuut on kerrottu alla:<\/p>\n\n\n\n<h2 class=\"wp-block-heading\">Ennen tutkimusta yhteyshenkil\u00f6<\/h2>\n\n\n\n<ul class=\"wp-block-list\">\n<li>Yhteyshenkil\u00f6 k\u00e4y tutkimuksen ohjeet l\u00e4pi yhdess\u00e4 henkil\u00f6kunnan kanssa<\/li>\n\n\n\n<li>P\u00e4\u00e4tt\u00e4\u00e4 yhdess\u00e4 apteekkarin kanssa, min\u00e4 kolmena per\u00e4kk\u00e4isen\u00e4 arkip\u00e4iv\u00e4n\u00e4 tutkimus apteekissa toteutetaan (9.5.-20.5.2022 v\u00e4lisen\u00e4 aikana)<\/li>\n<\/ul>\n\n\n\n<h2 class=\"wp-block-heading\">Tutkimuksen aikaina yhteyshenkil\u00f6<\/h2>\n\n\n\n<ul class=\"wp-block-list\">\n<li>Yhteyshenkil\u00f6 kannustaa apteekkihenkil\u00f6kuntaa tutkimuksen toteuttamiseen<\/li>\n\n\n\n<li>Neuvoo pulmatilanteissa<\/li>\n\n\n\n<li>On tarvittaessa yhteydess\u00e4 tutkijoihin<\/li>\n<\/ul>\n\n\n\n<h2 class=\"wp-block-heading\">Tutkimuksen p\u00e4\u00e4tytty\u00e4 yhteyshenkil\u00f6<\/h2>\n\n\n\n<ul class=\"wp-block-list\">\n<li>Huolehtii, ett\u00e4 ett\u00e4 palautettujen l\u00e4\u00e4kej\u00e4tteiden tiedot tulee kirjattua s\u00e4hk\u00f6iselle seurantalomakkeelle 25.5.2022 menness\u00e4.<\/li>\n\n\n\n<li>Yhteyshenkil\u00f6 ker\u00e4\u00e4 tutkimusp\u00e4ivien aikana t\u00e4ytetyt kyselylomakkeet yhteen ja l\u00e4hett\u00e4\u00e4 ne palautuskuoressa takaisin It\u00e4-Suomen yliopistoon.<\/li>\n\n\n\n<li>Ilmoittaa apteekin valitsemat tutkimusp\u00e4iv\u00e4t ja ostokertojen m\u00e4\u00e4r\u00e4n tutkimuksen aikana s\u00e4hk\u00f6isen lomakkeen kautta 25.5.2022 menness\u00e4.<\/li>\n<\/ul>\n\n\n\n<figure class=\"wp-block-image size-large is-style-default\"><img loading=\"lazy\" decoding=\"async\" width=\"1024\" height=\"576\" src=\"https:\/\/sites.uef.fi\/laakejatesuomessa\/wp-content\/uploads\/sites\/362\/2022\/04\/Slide1-1024x576.jpg\" alt=\"\" class=\"wp-image-188\" srcset=\"https:\/\/sites.uef.fi\/laakejatesuomessa\/wp-content\/uploads\/sites\/362\/2022\/04\/Slide1-1024x576.jpg 1024w, https:\/\/sites.uef.fi\/laakejatesuomessa\/wp-content\/uploads\/sites\/362\/2022\/04\/Slide1-300x169.jpg 300w, https:\/\/sites.uef.fi\/laakejatesuomessa\/wp-content\/uploads\/sites\/362\/2022\/04\/Slide1-768x432.jpg 768w, https:\/\/sites.uef.fi\/laakejatesuomessa\/wp-content\/uploads\/sites\/362\/2022\/04\/Slide1.jpg 1280w\" sizes=\"auto, (max-width: 1024px) 100vw, 1024px\" \/><\/figure>\n","protected":false},"excerpt":{"rendered":"<p>Apteekki ilmoittaa tutkimuksen ilmoittautumislomakkeella tutkimusapteekin yhteyshenkil\u00f6n, joka vastaa apteekissa tutkimuksen toteuttamisesta. Yhteyshenkil\u00f6\u00f6n ollaan s\u00e4hk\u00f6postitse yhteydess\u00e4 tutkijoiden toimesta. Yhteyshenkil\u00f6n vastuut on kerrottu alla: Ennen tutkimusta yhteyshenkil\u00f6 Tutkimuksen aikaina yhteyshenkil\u00f6 Tutkimuksen p\u00e4\u00e4tytty\u00e4 yhteyshenkil\u00f6<\/p>\n","protected":false},"author":793,"featured_media":0,"parent":0,"menu_order":0,"comment_status":"closed","ping_status":"closed","template":"","meta":{"_acf_changed":false,"footnotes":""},"class_list":["post-1198","page","type-page","status-publish","hentry"],"acf":[],"yoast_head":"<!-- This site is optimized with the Yoast SEO plugin v27.3 - https:\/\/yoast.com\/product\/yoast-seo-wordpress\/ -->\n<title>Ohjeet apteekin yhteyshenkil\u00f6lle - L\u00e4\u00e4kej\u00e4te Suomessa<\/title>\n<meta name=\"robots\" content=\"index, follow, max-snippet:-1, max-image-preview:large, max-video-preview:-1\" \/>\n<link rel=\"canonical\" href=\"https:\/\/sites.uef.fi\/laakejatesuomessa\/ohjeet-apteekin-yhteyshenkilolle\/\" \/>\n<meta property=\"og:locale\" content=\"fi_FI\" \/>\n<meta property=\"og:type\" content=\"article\" \/>\n<meta property=\"og:title\" content=\"Ohjeet apteekin yhteyshenkil\u00f6lle - L\u00e4\u00e4kej\u00e4te Suomessa\" \/>\n<meta property=\"og:description\" content=\"Apteekki ilmoittaa tutkimuksen ilmoittautumislomakkeella tutkimusapteekin yhteyshenkil\u00f6n, joka vastaa apteekissa tutkimuksen toteuttamisesta. Yhteyshenkil\u00f6\u00f6n ollaan s\u00e4hk\u00f6postitse yhteydess\u00e4 tutkijoiden toimesta. Yhteyshenkil\u00f6n vastuut on kerrottu alla: Ennen tutkimusta yhteyshenkil\u00f6 Tutkimuksen aikaina yhteyshenkil\u00f6 Tutkimuksen p\u00e4\u00e4tytty\u00e4 yhteyshenkil\u00f6\" \/>\n<meta property=\"og:url\" content=\"https:\/\/sites.uef.fi\/laakejatesuomessa\/ohjeet-apteekin-yhteyshenkilolle\/\" \/>\n<meta property=\"og:site_name\" content=\"L\u00e4\u00e4kej\u00e4te Suomessa\" \/>\n<meta property=\"article:modified_time\" content=\"2023-08-21T09:21:28+00:00\" \/>\n<meta property=\"og:image\" content=\"https:\/\/sites.uef.fi\/laakejatesuomessa\/wp-content\/uploads\/sites\/362\/2022\/04\/Slide1-1024x576.jpg\" \/>\n<meta name=\"twitter:card\" content=\"summary_large_image\" \/>\n<meta name=\"twitter:label1\" content=\"Arvioitu lukuaika\" \/>\n\t<meta name=\"twitter:data1\" content=\"1 minuutti\" \/>\n<script type=\"application\/ld+json\" class=\"yoast-schema-graph\">{\"@context\":\"https:\\\/\\\/schema.org\",\"@graph\":[{\"@type\":\"WebPage\",\"@id\":\"https:\\\/\\\/sites.uef.fi\\\/laakejatesuomessa\\\/ohjeet-apteekin-yhteyshenkilolle\\\/\",\"url\":\"https:\\\/\\\/sites.uef.fi\\\/laakejatesuomessa\\\/ohjeet-apteekin-yhteyshenkilolle\\\/\",\"name\":\"Ohjeet apteekin yhteyshenkil\u00f6lle - L\u00e4\u00e4kej\u00e4te Suomessa\",\"isPartOf\":{\"@id\":\"https:\\\/\\\/sites.uef.fi\\\/laakejatesuomessa\\\/#website\"},\"primaryImageOfPage\":{\"@id\":\"https:\\\/\\\/sites.uef.fi\\\/laakejatesuomessa\\\/ohjeet-apteekin-yhteyshenkilolle\\\/#primaryimage\"},\"image\":{\"@id\":\"https:\\\/\\\/sites.uef.fi\\\/laakejatesuomessa\\\/ohjeet-apteekin-yhteyshenkilolle\\\/#primaryimage\"},\"thumbnailUrl\":\"https:\\\/\\\/sites.uef.fi\\\/laakejatesuomessa\\\/wp-content\\\/uploads\\\/sites\\\/362\\\/2022\\\/04\\\/Slide1-1024x576.jpg\",\"datePublished\":\"2023-08-21T09:21:27+00:00\",\"dateModified\":\"2023-08-21T09:21:28+00:00\",\"breadcrumb\":{\"@id\":\"https:\\\/\\\/sites.uef.fi\\\/laakejatesuomessa\\\/ohjeet-apteekin-yhteyshenkilolle\\\/#breadcrumb\"},\"inLanguage\":\"fi\",\"potentialAction\":[{\"@type\":\"ReadAction\",\"target\":[\"https:\\\/\\\/sites.uef.fi\\\/laakejatesuomessa\\\/ohjeet-apteekin-yhteyshenkilolle\\\/\"]}]},{\"@type\":\"ImageObject\",\"inLanguage\":\"fi\",\"@id\":\"https:\\\/\\\/sites.uef.fi\\\/laakejatesuomessa\\\/ohjeet-apteekin-yhteyshenkilolle\\\/#primaryimage\",\"url\":\"https:\\\/\\\/sites.uef.fi\\\/laakejatesuomessa\\\/wp-content\\\/uploads\\\/sites\\\/362\\\/2022\\\/04\\\/Slide1.jpg\",\"contentUrl\":\"https:\\\/\\\/sites.uef.fi\\\/laakejatesuomessa\\\/wp-content\\\/uploads\\\/sites\\\/362\\\/2022\\\/04\\\/Slide1.jpg\",\"width\":1280,\"height\":720},{\"@type\":\"BreadcrumbList\",\"@id\":\"https:\\\/\\\/sites.uef.fi\\\/laakejatesuomessa\\\/ohjeet-apteekin-yhteyshenkilolle\\\/#breadcrumb\",\"itemListElement\":[{\"@type\":\"ListItem\",\"position\":1,\"name\":\"Home\",\"item\":\"https:\\\/\\\/sites.uef.fi\\\/laakejatesuomessa\\\/\"},{\"@type\":\"ListItem\",\"position\":2,\"name\":\"Ohjeet apteekin yhteyshenkil\u00f6lle\"}]},{\"@type\":\"WebSite\",\"@id\":\"https:\\\/\\\/sites.uef.fi\\\/laakejatesuomessa\\\/#website\",\"url\":\"https:\\\/\\\/sites.uef.fi\\\/laakejatesuomessa\\\/\",\"name\":\"L\u00e4\u00e4kej\u00e4te Suomessa\",\"description\":\"\",\"potentialAction\":[{\"@type\":\"SearchAction\",\"target\":{\"@type\":\"EntryPoint\",\"urlTemplate\":\"https:\\\/\\\/sites.uef.fi\\\/laakejatesuomessa\\\/?s={search_term_string}\"},\"query-input\":{\"@type\":\"PropertyValueSpecification\",\"valueRequired\":true,\"valueName\":\"search_term_string\"}}],\"inLanguage\":\"fi\"}]}<\/script>\n<!-- \/ Yoast SEO plugin. -->","yoast_head_json":{"title":"Ohjeet apteekin yhteyshenkil\u00f6lle - L\u00e4\u00e4kej\u00e4te Suomessa","robots":{"index":"index","follow":"follow","max-snippet":"max-snippet:-1","max-image-preview":"max-image-preview:large","max-video-preview":"max-video-preview:-1"},"canonical":"https:\/\/sites.uef.fi\/laakejatesuomessa\/ohjeet-apteekin-yhteyshenkilolle\/","og_locale":"fi_FI","og_type":"article","og_title":"Ohjeet apteekin yhteyshenkil\u00f6lle - L\u00e4\u00e4kej\u00e4te Suomessa","og_description":"Apteekki ilmoittaa tutkimuksen ilmoittautumislomakkeella tutkimusapteekin yhteyshenkil\u00f6n, joka vastaa apteekissa tutkimuksen toteuttamisesta. Yhteyshenkil\u00f6\u00f6n ollaan s\u00e4hk\u00f6postitse yhteydess\u00e4 tutkijoiden toimesta. Yhteyshenkil\u00f6n vastuut on kerrottu alla: Ennen tutkimusta yhteyshenkil\u00f6 Tutkimuksen aikaina yhteyshenkil\u00f6 Tutkimuksen p\u00e4\u00e4tytty\u00e4 yhteyshenkil\u00f6","og_url":"https:\/\/sites.uef.fi\/laakejatesuomessa\/ohjeet-apteekin-yhteyshenkilolle\/","og_site_name":"L\u00e4\u00e4kej\u00e4te Suomessa","article_modified_time":"2023-08-21T09:21:28+00:00","og_image":[{"url":"https:\/\/sites.uef.fi\/laakejatesuomessa\/wp-content\/uploads\/sites\/362\/2022\/04\/Slide1-1024x576.jpg","type":"","width":"","height":""}],"twitter_card":"summary_large_image","twitter_misc":{"Arvioitu lukuaika":"1 minuutti"},"schema":{"@context":"https:\/\/schema.org","@graph":[{"@type":"WebPage","@id":"https:\/\/sites.uef.fi\/laakejatesuomessa\/ohjeet-apteekin-yhteyshenkilolle\/","url":"https:\/\/sites.uef.fi\/laakejatesuomessa\/ohjeet-apteekin-yhteyshenkilolle\/","name":"Ohjeet apteekin yhteyshenkil\u00f6lle - L\u00e4\u00e4kej\u00e4te Suomessa","isPartOf":{"@id":"https:\/\/sites.uef.fi\/laakejatesuomessa\/#website"},"primaryImageOfPage":{"@id":"https:\/\/sites.uef.fi\/laakejatesuomessa\/ohjeet-apteekin-yhteyshenkilolle\/#primaryimage"},"image":{"@id":"https:\/\/sites.uef.fi\/laakejatesuomessa\/ohjeet-apteekin-yhteyshenkilolle\/#primaryimage"},"thumbnailUrl":"https:\/\/sites.uef.fi\/laakejatesuomessa\/wp-content\/uploads\/sites\/362\/2022\/04\/Slide1-1024x576.jpg","datePublished":"2023-08-21T09:21:27+00:00","dateModified":"2023-08-21T09:21:28+00:00","breadcrumb":{"@id":"https:\/\/sites.uef.fi\/laakejatesuomessa\/ohjeet-apteekin-yhteyshenkilolle\/#breadcrumb"},"inLanguage":"fi","potentialAction":[{"@type":"ReadAction","target":["https:\/\/sites.uef.fi\/laakejatesuomessa\/ohjeet-apteekin-yhteyshenkilolle\/"]}]},{"@type":"ImageObject","inLanguage":"fi","@id":"https:\/\/sites.uef.fi\/laakejatesuomessa\/ohjeet-apteekin-yhteyshenkilolle\/#primaryimage","url":"https:\/\/sites.uef.fi\/laakejatesuomessa\/wp-content\/uploads\/sites\/362\/2022\/04\/Slide1.jpg","contentUrl":"https:\/\/sites.uef.fi\/laakejatesuomessa\/wp-content\/uploads\/sites\/362\/2022\/04\/Slide1.jpg","width":1280,"height":720},{"@type":"BreadcrumbList","@id":"https:\/\/sites.uef.fi\/laakejatesuomessa\/ohjeet-apteekin-yhteyshenkilolle\/#breadcrumb","itemListElement":[{"@type":"ListItem","position":1,"name":"Home","item":"https:\/\/sites.uef.fi\/laakejatesuomessa\/"},{"@type":"ListItem","position":2,"name":"Ohjeet apteekin yhteyshenkil\u00f6lle"}]},{"@type":"WebSite","@id":"https:\/\/sites.uef.fi\/laakejatesuomessa\/#website","url":"https:\/\/sites.uef.fi\/laakejatesuomessa\/","name":"L\u00e4\u00e4kej\u00e4te Suomessa","description":"","potentialAction":[{"@type":"SearchAction","target":{"@type":"EntryPoint","urlTemplate":"https:\/\/sites.uef.fi\/laakejatesuomessa\/?s={search_term_string}"},"query-input":{"@type":"PropertyValueSpecification","valueRequired":true,"valueName":"search_term_string"}}],"inLanguage":"fi"}]}},"_links":{"self":[{"href":"https:\/\/sites.uef.fi\/laakejatesuomessa\/wp-json\/wp\/v2\/pages\/1198","targetHints":{"allow":["GET"]}}],"collection":[{"href":"https:\/\/sites.uef.fi\/laakejatesuomessa\/wp-json\/wp\/v2\/pages"}],"about":[{"href":"https:\/\/sites.uef.fi\/laakejatesuomessa\/wp-json\/wp\/v2\/types\/page"}],"author":[{"embeddable":true,"href":"https:\/\/sites.uef.fi\/laakejatesuomessa\/wp-json\/wp\/v2\/users\/793"}],"replies":[{"embeddable":true,"href":"https:\/\/sites.uef.fi\/laakejatesuomessa\/wp-json\/wp\/v2\/comments?post=1198"}],"version-history":[{"count":2,"href":"https:\/\/sites.uef.fi\/laakejatesuomessa\/wp-json\/wp\/v2\/pages\/1198\/revisions"}],"predecessor-version":[{"id":1240,"href":"https:\/\/sites.uef.fi\/laakejatesuomessa\/wp-json\/wp\/v2\/pages\/1198\/revisions\/1240"}],"wp:attachment":[{"href":"https:\/\/sites.uef.fi\/laakejatesuomessa\/wp-json\/wp\/v2\/media?parent=1198"}],"curies":[{"name":"wp","href":"https:\/\/api.w.org\/{rel}","templated":true}]}}