{"id":17,"date":"2022-03-28T07:25:15","date_gmt":"2022-03-28T05:25:15","guid":{"rendered":"https:\/\/sites.uef.fi\/laakejatesuomessa\/?page_id=17"},"modified":"2023-10-06T11:47:23","modified_gmt":"2023-10-06T09:47:23","slug":"kotisivu","status":"publish","type":"page","link":"https:\/\/sites.uef.fi\/laakejatesuomessa\/","title":{"rendered":"T\u00e4\u00e4lt\u00e4 l\u00f6yd\u00e4t tietoa tutkimuksesta"},"content":{"rendered":"\n<p>L\u00e4\u00e4kej\u00e4tetutkimuksen tarkoituksena on tutkia kotitalouksista apteekkeihin palautettavan l\u00e4\u00e4kej\u00e4tteen m\u00e4\u00e4r\u00e4\u00e4, laatua, taloudellista arvoa ja syit\u00e4 palautumiselle. <\/p>\n\n\n\n<p>Tutkimuksen toteuttaa It\u00e4-Suomen yliopiston farmasian laitos yhteisty\u00f6ss\u00e4 Suomen Apteekkariliiton kanssa. Tutkimuksen rahoittaa Kela. Tutkimuksen tulokset julkaistaan tieteellisin\u00e4 artikkeleina, farmasian alan ammatillisissa lehdiss\u00e4 sek\u00e4 osana v\u00e4it\u00f6skirjaty\u00f6t\u00e4. Lis\u00e4ksi tuloksia esitell\u00e4\u00e4n my\u00f6s n\u00e4ill\u00e4 nettisivuilla.<\/p>\n\n\n    <div class=\"funders grid\">\n                        <a href=\"https:\/\/sites.uef.fi\/laakejatesuomessa\/ohjevideo\/?preview=true\" class=\"funders__link grid__item hover-scale-down\" title=\"Ohjevideo tutkimusapteekeille\">\n                            <div class=\"funders__image\">\n                    <img decoding=\"async\" src=\"https:\/\/sites.uef.fi\/laakejatesuomessa\/wp-content\/uploads\/sites\/362\/2022\/04\/20220412_095528-scaled.jpg\" alt=\"Kuva ohjevideosta\" \/>\n                <\/div>\n                                    <p class=\"funders__description\">Ohjevideo tutkimusapteekeille<\/p>\n                                                    <div class=\"funders__arrow\">\n                    <svg\n        width=\"43\" height=\"25\"\n        viewBox=\"0 0 43 25\"\n        xmlns=\"http:\/\/www.w3.org\/2000\/svg\">\n    <path\n        d=\"M30.027 0 43 12.5 30.027 25 27 22.083 34.351 15H0v-5h34.351L27 2.917z\"\n        fill=\"currentColor\"\n        fill-rule=\"evenodd\"\/>\n<\/svg>                    <\/div>\n                <\/a>\n                            \n                        <a href=\"https:\/\/sites.uef.fi\/laakejatesuomessa\/ohjeet-apteekille\/?preview_id=1186&amp;preview_nonce=80a58c04ac&amp;preview=true\" class=\"funders__link grid__item hover-scale-down\" title=\"Ohjeet tutkimusapteekeille\">\n                            <div class=\"funders__image\">\n                    <img decoding=\"async\" src=\"https:\/\/sites.uef.fi\/laakejatesuomessa\/wp-content\/uploads\/sites\/362\/2022\/04\/20220412_122757-scaled.jpg\" alt=\"Kuva ohjeista\" \/>\n                <\/div>\n                                    <p class=\"funders__description\">Ohjeet tutkimusapteekeille<\/p>\n                                                    <div class=\"funders__arrow\">\n                    <svg\n        width=\"43\" height=\"25\"\n        viewBox=\"0 0 43 25\"\n        xmlns=\"http:\/\/www.w3.org\/2000\/svg\">\n    <path\n        d=\"M30.027 0 43 12.5 30.027 25 27 22.083 34.351 15H0v-5h34.351L27 2.917z\"\n        fill=\"currentColor\"\n        fill-rule=\"evenodd\"\/>\n<\/svg>                    <\/div>\n                <\/a>\n                            \n                        <a href=\"https:\/\/sites.uef.fi\/laakejatesuomessa\/ohjeet-apteekin-yhteyshenkilolle\/?preview_id=1198&amp;preview_nonce=3f7b72ca5d&amp;preview=true\" class=\"funders__link grid__item hover-scale-down\" title=\"Ohjeet apteekin yhteyshenkil\u00f6lle\">\n                            <div class=\"funders__image\">\n                    <img decoding=\"async\" src=\"https:\/\/sites.uef.fi\/laakejatesuomessa\/wp-content\/uploads\/sites\/362\/2022\/04\/20220412_123409-scaled.jpg\" alt=\"Kuva l\u00e4\u00e4kej\u00e4tteest\u00e4\" \/>\n                <\/div>\n                                    <p class=\"funders__description\">Ohjeet apteekin yhteyshenkil\u00f6lle<\/p>\n                                                    <div class=\"funders__arrow\">\n                    <svg\n        width=\"43\" height=\"25\"\n        viewBox=\"0 0 43 25\"\n        xmlns=\"http:\/\/www.w3.org\/2000\/svg\">\n    <path\n        d=\"M30.027 0 43 12.5 30.027 25 27 22.083 34.351 15H0v-5h34.351L27 2.917z\"\n        fill=\"currentColor\"\n        fill-rule=\"evenodd\"\/>\n<\/svg>                    <\/div>\n                <\/a>\n                            \n            <\/div>\n\n\n\n<p>Tutkimuksen aineisto on ker\u00e4tty suomalaisista apteekeista toukokuussa 2022.<\/p>\n\n\n\n<p>Tutkimuksessa etsimme vastauksia seuraaviin kysymyksiin: <\/p>\n\n\n\n<ul class=\"wp-block-list\">\n<li>Mist\u00e4 l\u00e4\u00e4kej\u00e4te aiheutuu (esim. l\u00e4\u00e4keryhm\u00e4, korvausluokka)?<\/li>\n\n\n\n<li>Miksi l\u00e4\u00e4ke on j\u00e4\u00e4nyt k\u00e4ytt\u00e4m\u00e4tt\u00e4 ja p\u00e4\u00e4tynyt l\u00e4\u00e4kej\u00e4tteeksi?<\/li>\n\n\n\n<li>Millaisia kustannuksia k\u00e4ytt\u00e4m\u00e4tt\u00e4 j\u00e4\u00e4neet l\u00e4\u00e4kkeet aiheuttavat yksil\u00f6lle ja yhteiskunnalle?<\/li>\n<\/ul>\n\n\n\n<p>Tutkimuksen tulosten avulla voidaan kehitt\u00e4\u00e4 keinoja kotitalouksissa aiheutuvan l\u00e4\u00e4kej\u00e4tteen v\u00e4hent\u00e4miseksi.<\/p>\n","protected":false},"excerpt":{"rendered":"<p>L\u00e4\u00e4kej\u00e4tetutkimuksen tarkoituksena on tutkia kotitalouksista apteekkeihin palautettavan l\u00e4\u00e4kej\u00e4tteen m\u00e4\u00e4r\u00e4\u00e4, laatua, taloudellista arvoa ja syit\u00e4 palautumiselle. Tutkimuksen toteuttaa It\u00e4-Suomen yliopiston farmasian laitos yhteisty\u00f6ss\u00e4 Suomen Apteekkariliiton kanssa. Tutkimuksen rahoittaa Kela. Tutkimuksen tulokset julkaistaan tieteellisin\u00e4 artikkeleina, farmasian alan ammatillisissa lehdiss\u00e4 sek\u00e4 osana v\u00e4it\u00f6skirjaty\u00f6t\u00e4. Lis\u00e4ksi tuloksia esitell\u00e4\u00e4n my\u00f6s n\u00e4ill\u00e4 nettisivuilla. Tutkimuksen aineisto on ker\u00e4tty suomalaisista apteekeista toukokuussa 2022. Tutkimuksessa [&hellip;]<\/p>\n","protected":false},"author":793,"featured_media":0,"parent":0,"menu_order":1,"comment_status":"closed","ping_status":"closed","template":"","meta":{"_acf_changed":false,"footnotes":""},"class_list":["post-17","page","type-page","status-publish","hentry"],"acf":[],"yoast_head":"<!-- This site is optimized with the Yoast SEO plugin v27.3 - https:\/\/yoast.com\/product\/yoast-seo-wordpress\/ -->\n<title>T\u00e4\u00e4lt\u00e4 l\u00f6yd\u00e4t tietoa tutkimuksesta - L\u00e4\u00e4kej\u00e4te Suomessa<\/title>\n<meta name=\"robots\" content=\"index, follow, max-snippet:-1, max-image-preview:large, max-video-preview:-1\" \/>\n<link rel=\"canonical\" href=\"https:\/\/sites.uef.fi\/laakejatesuomessa\/\" \/>\n<meta property=\"og:locale\" content=\"fi_FI\" \/>\n<meta property=\"og:type\" content=\"article\" \/>\n<meta property=\"og:title\" content=\"T\u00e4\u00e4lt\u00e4 l\u00f6yd\u00e4t tietoa tutkimuksesta - L\u00e4\u00e4kej\u00e4te Suomessa\" \/>\n<meta property=\"og:description\" content=\"L\u00e4\u00e4kej\u00e4tetutkimuksen tarkoituksena on tutkia kotitalouksista apteekkeihin palautettavan l\u00e4\u00e4kej\u00e4tteen m\u00e4\u00e4r\u00e4\u00e4, laatua, taloudellista arvoa ja syit\u00e4 palautumiselle. Tutkimuksen toteuttaa It\u00e4-Suomen yliopiston farmasian laitos yhteisty\u00f6ss\u00e4 Suomen Apteekkariliiton kanssa. Tutkimuksen rahoittaa Kela. Tutkimuksen tulokset julkaistaan tieteellisin\u00e4 artikkeleina, farmasian alan ammatillisissa lehdiss\u00e4 sek\u00e4 osana v\u00e4it\u00f6skirjaty\u00f6t\u00e4. Lis\u00e4ksi tuloksia esitell\u00e4\u00e4n my\u00f6s n\u00e4ill\u00e4 nettisivuilla. Tutkimuksen aineisto on ker\u00e4tty suomalaisista apteekeista toukokuussa 2022. Tutkimuksessa [&hellip;]\" \/>\n<meta property=\"og:url\" content=\"https:\/\/sites.uef.fi\/laakejatesuomessa\/\" \/>\n<meta property=\"og:site_name\" content=\"L\u00e4\u00e4kej\u00e4te Suomessa\" \/>\n<meta property=\"article:modified_time\" content=\"2023-10-06T09:47:23+00:00\" \/>\n<meta name=\"twitter:card\" content=\"summary_large_image\" \/>\n<script type=\"application\/ld+json\" class=\"yoast-schema-graph\">{\"@context\":\"https:\\\/\\\/schema.org\",\"@graph\":[{\"@type\":\"WebPage\",\"@id\":\"https:\\\/\\\/sites.uef.fi\\\/laakejatesuomessa\\\/\",\"url\":\"https:\\\/\\\/sites.uef.fi\\\/laakejatesuomessa\\\/\",\"name\":\"T\u00e4\u00e4lt\u00e4 l\u00f6yd\u00e4t tietoa tutkimuksesta - L\u00e4\u00e4kej\u00e4te Suomessa\",\"isPartOf\":{\"@id\":\"https:\\\/\\\/sites.uef.fi\\\/laakejatesuomessa\\\/#website\"},\"datePublished\":\"2022-03-28T05:25:15+00:00\",\"dateModified\":\"2023-10-06T09:47:23+00:00\",\"breadcrumb\":{\"@id\":\"https:\\\/\\\/sites.uef.fi\\\/laakejatesuomessa\\\/#breadcrumb\"},\"inLanguage\":\"fi\",\"potentialAction\":[{\"@type\":\"ReadAction\",\"target\":[\"https:\\\/\\\/sites.uef.fi\\\/laakejatesuomessa\\\/\"]}]},{\"@type\":\"BreadcrumbList\",\"@id\":\"https:\\\/\\\/sites.uef.fi\\\/laakejatesuomessa\\\/#breadcrumb\",\"itemListElement\":[{\"@type\":\"ListItem\",\"position\":1,\"name\":\"Home\",\"item\":\"https:\\\/\\\/sites.uef.fi\\\/laakejatesuomessa\\\/\"},{\"@type\":\"ListItem\",\"position\":2,\"name\":\"T\u00e4\u00e4lt\u00e4 l\u00f6yd\u00e4t tietoa tutkimuksesta\"}]},{\"@type\":\"WebSite\",\"@id\":\"https:\\\/\\\/sites.uef.fi\\\/laakejatesuomessa\\\/#website\",\"url\":\"https:\\\/\\\/sites.uef.fi\\\/laakejatesuomessa\\\/\",\"name\":\"L\u00e4\u00e4kej\u00e4te Suomessa\",\"description\":\"\",\"potentialAction\":[{\"@type\":\"SearchAction\",\"target\":{\"@type\":\"EntryPoint\",\"urlTemplate\":\"https:\\\/\\\/sites.uef.fi\\\/laakejatesuomessa\\\/?s={search_term_string}\"},\"query-input\":{\"@type\":\"PropertyValueSpecification\",\"valueRequired\":true,\"valueName\":\"search_term_string\"}}],\"inLanguage\":\"fi\"}]}<\/script>\n<!-- \/ Yoast SEO plugin. -->","yoast_head_json":{"title":"T\u00e4\u00e4lt\u00e4 l\u00f6yd\u00e4t tietoa tutkimuksesta - L\u00e4\u00e4kej\u00e4te Suomessa","robots":{"index":"index","follow":"follow","max-snippet":"max-snippet:-1","max-image-preview":"max-image-preview:large","max-video-preview":"max-video-preview:-1"},"canonical":"https:\/\/sites.uef.fi\/laakejatesuomessa\/","og_locale":"fi_FI","og_type":"article","og_title":"T\u00e4\u00e4lt\u00e4 l\u00f6yd\u00e4t tietoa tutkimuksesta - L\u00e4\u00e4kej\u00e4te Suomessa","og_description":"L\u00e4\u00e4kej\u00e4tetutkimuksen tarkoituksena on tutkia kotitalouksista apteekkeihin palautettavan l\u00e4\u00e4kej\u00e4tteen m\u00e4\u00e4r\u00e4\u00e4, laatua, taloudellista arvoa ja syit\u00e4 palautumiselle. Tutkimuksen toteuttaa It\u00e4-Suomen yliopiston farmasian laitos yhteisty\u00f6ss\u00e4 Suomen Apteekkariliiton kanssa. Tutkimuksen rahoittaa Kela. Tutkimuksen tulokset julkaistaan tieteellisin\u00e4 artikkeleina, farmasian alan ammatillisissa lehdiss\u00e4 sek\u00e4 osana v\u00e4it\u00f6skirjaty\u00f6t\u00e4. Lis\u00e4ksi tuloksia esitell\u00e4\u00e4n my\u00f6s n\u00e4ill\u00e4 nettisivuilla. Tutkimuksen aineisto on ker\u00e4tty suomalaisista apteekeista toukokuussa 2022. Tutkimuksessa [&hellip;]","og_url":"https:\/\/sites.uef.fi\/laakejatesuomessa\/","og_site_name":"L\u00e4\u00e4kej\u00e4te Suomessa","article_modified_time":"2023-10-06T09:47:23+00:00","twitter_card":"summary_large_image","schema":{"@context":"https:\/\/schema.org","@graph":[{"@type":"WebPage","@id":"https:\/\/sites.uef.fi\/laakejatesuomessa\/","url":"https:\/\/sites.uef.fi\/laakejatesuomessa\/","name":"T\u00e4\u00e4lt\u00e4 l\u00f6yd\u00e4t tietoa tutkimuksesta - L\u00e4\u00e4kej\u00e4te Suomessa","isPartOf":{"@id":"https:\/\/sites.uef.fi\/laakejatesuomessa\/#website"},"datePublished":"2022-03-28T05:25:15+00:00","dateModified":"2023-10-06T09:47:23+00:00","breadcrumb":{"@id":"https:\/\/sites.uef.fi\/laakejatesuomessa\/#breadcrumb"},"inLanguage":"fi","potentialAction":[{"@type":"ReadAction","target":["https:\/\/sites.uef.fi\/laakejatesuomessa\/"]}]},{"@type":"BreadcrumbList","@id":"https:\/\/sites.uef.fi\/laakejatesuomessa\/#breadcrumb","itemListElement":[{"@type":"ListItem","position":1,"name":"Home","item":"https:\/\/sites.uef.fi\/laakejatesuomessa\/"},{"@type":"ListItem","position":2,"name":"T\u00e4\u00e4lt\u00e4 l\u00f6yd\u00e4t tietoa tutkimuksesta"}]},{"@type":"WebSite","@id":"https:\/\/sites.uef.fi\/laakejatesuomessa\/#website","url":"https:\/\/sites.uef.fi\/laakejatesuomessa\/","name":"L\u00e4\u00e4kej\u00e4te Suomessa","description":"","potentialAction":[{"@type":"SearchAction","target":{"@type":"EntryPoint","urlTemplate":"https:\/\/sites.uef.fi\/laakejatesuomessa\/?s={search_term_string}"},"query-input":{"@type":"PropertyValueSpecification","valueRequired":true,"valueName":"search_term_string"}}],"inLanguage":"fi"}]}},"_links":{"self":[{"href":"https:\/\/sites.uef.fi\/laakejatesuomessa\/wp-json\/wp\/v2\/pages\/17","targetHints":{"allow":["GET"]}}],"collection":[{"href":"https:\/\/sites.uef.fi\/laakejatesuomessa\/wp-json\/wp\/v2\/pages"}],"about":[{"href":"https:\/\/sites.uef.fi\/laakejatesuomessa\/wp-json\/wp\/v2\/types\/page"}],"author":[{"embeddable":true,"href":"https:\/\/sites.uef.fi\/laakejatesuomessa\/wp-json\/wp\/v2\/users\/793"}],"replies":[{"embeddable":true,"href":"https:\/\/sites.uef.fi\/laakejatesuomessa\/wp-json\/wp\/v2\/comments?post=17"}],"version-history":[{"count":2,"href":"https:\/\/sites.uef.fi\/laakejatesuomessa\/wp-json\/wp\/v2\/pages\/17\/revisions"}],"predecessor-version":[{"id":1277,"href":"https:\/\/sites.uef.fi\/laakejatesuomessa\/wp-json\/wp\/v2\/pages\/17\/revisions\/1277"}],"wp:attachment":[{"href":"https:\/\/sites.uef.fi\/laakejatesuomessa\/wp-json\/wp\/v2\/media?parent=17"}],"curies":[{"name":"wp","href":"https:\/\/api.w.org\/{rel}","templated":true}]}}