{"id":335,"date":"2022-04-04T15:58:50","date_gmt":"2022-04-04T13:58:50","guid":{"rendered":"https:\/\/sites.uef.fi\/laakejatesuomessa\/?page_id=335"},"modified":"2025-03-17T14:42:22","modified_gmt":"2025-03-17T12:42:22","slug":"ajankohtaista","status":"publish","type":"page","link":"https:\/\/sites.uef.fi\/laakejatesuomessa\/ajankohtaista\/","title":{"rendered":"Ajankohtaista"},"content":{"rendered":"\n<p>Ajankohtaista sivulla julkaisemme tutkimuksen toteuttamisesta.<\/p>\n\n\n\n<figure class=\"wp-block-image size-large is-style-default\"><img loading=\"lazy\" decoding=\"async\" width=\"1024\" height=\"576\" src=\"https:\/\/sites.uef.fi\/laakejatesuomessa\/wp-content\/uploads\/sites\/362\/2022\/04\/Laakejatetutkimus-Suomessa-1-1024x576.jpg\" alt=\"\" class=\"wp-image-1057\" srcset=\"https:\/\/sites.uef.fi\/laakejatesuomessa\/wp-content\/uploads\/sites\/362\/2022\/04\/Laakejatetutkimus-Suomessa-1-1024x576.jpg 1024w, https:\/\/sites.uef.fi\/laakejatesuomessa\/wp-content\/uploads\/sites\/362\/2022\/04\/Laakejatetutkimus-Suomessa-1-300x169.jpg 300w, https:\/\/sites.uef.fi\/laakejatesuomessa\/wp-content\/uploads\/sites\/362\/2022\/04\/Laakejatetutkimus-Suomessa-1-768x432.jpg 768w, https:\/\/sites.uef.fi\/laakejatesuomessa\/wp-content\/uploads\/sites\/362\/2022\/04\/Laakejatetutkimus-Suomessa-1.jpg 1280w\" sizes=\"auto, (max-width: 1024px) 100vw, 1024px\" \/><\/figure>\n\n\n\n<p>Tutkimuksen aineisto on analysoitu ja sen tulokset on julkaistu tieteellisen\u00e4 artikkelina European Journal of Pharmaceutical Science -julkaisusarjassa. P\u00e4\u00e4set tutustumaan tutkimukseen tarkemmin t\u00e4st\u00e4 linkist\u00e4: <a href=\"https:\/\/www.sciencedirect.com\/science\/article\/pii\/S092809872400040X\">Tutkimusartikkeli<\/a>.<\/p>\n\n\n\n<figure class=\"wp-block-image size-large is-resized is-style-default\"><img loading=\"lazy\" decoding=\"async\" width=\"1024\" height=\"768\" src=\"https:\/\/sites.uef.fi\/laakejatesuomessa\/wp-content\/uploads\/sites\/362\/2022\/04\/20220329_121954-1024x768.jpg\" alt=\"\" class=\"wp-image-230\" style=\"width:810px;height:607px\" srcset=\"https:\/\/sites.uef.fi\/laakejatesuomessa\/wp-content\/uploads\/sites\/362\/2022\/04\/20220329_121954-1024x768.jpg 1024w, https:\/\/sites.uef.fi\/laakejatesuomessa\/wp-content\/uploads\/sites\/362\/2022\/04\/20220329_121954-300x225.jpg 300w, https:\/\/sites.uef.fi\/laakejatesuomessa\/wp-content\/uploads\/sites\/362\/2022\/04\/20220329_121954-768x576.jpg 768w, https:\/\/sites.uef.fi\/laakejatesuomessa\/wp-content\/uploads\/sites\/362\/2022\/04\/20220329_121954-1536x1152.jpg 1536w, https:\/\/sites.uef.fi\/laakejatesuomessa\/wp-content\/uploads\/sites\/362\/2022\/04\/20220329_121954-2048x1536.jpg 2048w\" sizes=\"auto, (max-width: 1024px) 100vw, 1024px\" \/><\/figure>\n\n\n\n<p>Tutkimusaineisto ker\u00e4ttiin apteekeista toukokuussa 2022.<\/p>\n\n\n\n<figure class=\"wp-block-image size-full is-style-default\"><img loading=\"lazy\" decoding=\"async\" width=\"686\" height=\"914\" src=\"https:\/\/sites.uef.fi\/laakejatesuomessa\/wp-content\/uploads\/sites\/362\/2022\/05\/postitus2.jpg\" alt=\"\" class=\"wp-image-1091\" srcset=\"https:\/\/sites.uef.fi\/laakejatesuomessa\/wp-content\/uploads\/sites\/362\/2022\/05\/postitus2.jpg 686w, https:\/\/sites.uef.fi\/laakejatesuomessa\/wp-content\/uploads\/sites\/362\/2022\/05\/postitus2-225x300.jpg 225w\" sizes=\"auto, (max-width: 686px) 100vw, 686px\" \/><\/figure>\n\n\n\n<p>Tutkimusmateriaali postitettiin tutkimusapteekeille viikolla 17. Materiaalit saapuvat apteekkeihin viikon 18 aikana.<\/p>\n\n\n\n<figure class=\"wp-block-image size-large is-style-default\"><img loading=\"lazy\" decoding=\"async\" width=\"1024\" height=\"768\" src=\"https:\/\/sites.uef.fi\/laakejatesuomessa\/wp-content\/uploads\/sites\/362\/2022\/04\/20220412_122757-1024x768.jpg\" alt=\"\" class=\"wp-image-929\" srcset=\"https:\/\/sites.uef.fi\/laakejatesuomessa\/wp-content\/uploads\/sites\/362\/2022\/04\/20220412_122757-1024x768.jpg 1024w, https:\/\/sites.uef.fi\/laakejatesuomessa\/wp-content\/uploads\/sites\/362\/2022\/04\/20220412_122757-300x225.jpg 300w, https:\/\/sites.uef.fi\/laakejatesuomessa\/wp-content\/uploads\/sites\/362\/2022\/04\/20220412_122757-768x576.jpg 768w, https:\/\/sites.uef.fi\/laakejatesuomessa\/wp-content\/uploads\/sites\/362\/2022\/04\/20220412_122757-1536x1152.jpg 1536w, https:\/\/sites.uef.fi\/laakejatesuomessa\/wp-content\/uploads\/sites\/362\/2022\/04\/20220412_122757-2048x1536.jpg 2048w\" sizes=\"auto, (max-width: 1024px) 100vw, 1024px\" \/><\/figure>\n\n\n\n<p>L\u00e4\u00e4kej\u00e4tetutkimuksen rekrytointi on k\u00e4ynnistynyt viikolla 15. Kaikkiin Suomen Apteekkariliiton j\u00e4senapteekkeihin on l\u00e4hetetty kutsu osallistua tutkimukseen.<\/p>\n\n\n\n<figure class=\"wp-block-image size-full is-style-default\"><img loading=\"lazy\" decoding=\"async\" width=\"384\" height=\"512\" src=\"https:\/\/sites.uef.fi\/laakejatesuomessa\/wp-content\/uploads\/sites\/362\/2022\/04\/20748-1.jpg\" alt=\"\" class=\"wp-image-128\" srcset=\"https:\/\/sites.uef.fi\/laakejatesuomessa\/wp-content\/uploads\/sites\/362\/2022\/04\/20748-1.jpg 384w, https:\/\/sites.uef.fi\/laakejatesuomessa\/wp-content\/uploads\/sites\/362\/2022\/04\/20748-1-225x300.jpg 225w\" sizes=\"auto, (max-width: 384px) 100vw, 384px\" \/><\/figure>\n\n\n\n<p>L\u00e4\u00e4kej\u00e4tetutkimus pilotoitiin maaliskuussa yhdess\u00e4 kuopiolaisessa apteekissa. Pilotoinnissa apteekin asiakkaat p\u00e4\u00e4siv\u00e4t testaamaan kyselylomaketta. Asiakkaan pitiv\u00e4t tutkimusaihetta t\u00e4rke\u00e4n\u00e4 ja kyselylomake oli heid\u00e4n mielest\u00e4\u00e4n selke\u00e4.<\/p>\n","protected":false},"excerpt":{"rendered":"<p>Ajankohtaista sivulla julkaisemme tutkimuksen toteuttamisesta. Tutkimuksen aineisto on analysoitu ja sen tulokset on julkaistu tieteellisen\u00e4 artikkelina European Journal of Pharmaceutical Science -julkaisusarjassa. P\u00e4\u00e4set tutustumaan tutkimukseen tarkemmin t\u00e4st\u00e4 linkist\u00e4: Tutkimusartikkeli. Tutkimusaineisto ker\u00e4ttiin apteekeista toukokuussa 2022. Tutkimusmateriaali postitettiin tutkimusapteekeille viikolla 17. Materiaalit saapuvat apteekkeihin viikon 18 aikana. L\u00e4\u00e4kej\u00e4tetutkimuksen rekrytointi on k\u00e4ynnistynyt viikolla 15. Kaikkiin Suomen Apteekkariliiton j\u00e4senapteekkeihin [&hellip;]<\/p>\n","protected":false},"author":790,"featured_media":0,"parent":0,"menu_order":2,"comment_status":"closed","ping_status":"closed","template":"","meta":{"_acf_changed":false,"footnotes":""},"class_list":["post-335","page","type-page","status-publish","hentry"],"acf":[],"yoast_head":"<!-- This site is optimized with the Yoast SEO plugin v27.3 - https:\/\/yoast.com\/product\/yoast-seo-wordpress\/ -->\n<title>Ajankohtaista - L\u00e4\u00e4kej\u00e4te Suomessa<\/title>\n<meta name=\"robots\" content=\"index, follow, max-snippet:-1, max-image-preview:large, max-video-preview:-1\" \/>\n<link rel=\"canonical\" href=\"https:\/\/sites.uef.fi\/laakejatesuomessa\/ajankohtaista\/\" \/>\n<meta property=\"og:locale\" content=\"fi_FI\" \/>\n<meta property=\"og:type\" content=\"article\" \/>\n<meta property=\"og:title\" content=\"Ajankohtaista - L\u00e4\u00e4kej\u00e4te Suomessa\" \/>\n<meta property=\"og:description\" content=\"Ajankohtaista sivulla julkaisemme tutkimuksen toteuttamisesta. Tutkimuksen aineisto on analysoitu ja sen tulokset on julkaistu tieteellisen\u00e4 artikkelina European Journal of Pharmaceutical Science -julkaisusarjassa. P\u00e4\u00e4set tutustumaan tutkimukseen tarkemmin t\u00e4st\u00e4 linkist\u00e4: Tutkimusartikkeli. Tutkimusaineisto ker\u00e4ttiin apteekeista toukokuussa 2022. Tutkimusmateriaali postitettiin tutkimusapteekeille viikolla 17. Materiaalit saapuvat apteekkeihin viikon 18 aikana. L\u00e4\u00e4kej\u00e4tetutkimuksen rekrytointi on k\u00e4ynnistynyt viikolla 15. Kaikkiin Suomen Apteekkariliiton j\u00e4senapteekkeihin [&hellip;]\" \/>\n<meta property=\"og:url\" content=\"https:\/\/sites.uef.fi\/laakejatesuomessa\/ajankohtaista\/\" \/>\n<meta property=\"og:site_name\" content=\"L\u00e4\u00e4kej\u00e4te Suomessa\" \/>\n<meta property=\"article:modified_time\" content=\"2025-03-17T12:42:22+00:00\" \/>\n<meta property=\"og:image\" content=\"https:\/\/sites.uef.fi\/laakejatesuomessa\/wp-content\/uploads\/sites\/362\/2022\/04\/Laakejatetutkimus-Suomessa-1.jpg\" \/>\n\t<meta property=\"og:image:width\" content=\"1280\" \/>\n\t<meta property=\"og:image:height\" content=\"720\" \/>\n\t<meta property=\"og:image:type\" content=\"image\/jpeg\" \/>\n<meta name=\"twitter:card\" content=\"summary_large_image\" \/>\n<meta name=\"twitter:label1\" content=\"Arvioitu lukuaika\" \/>\n\t<meta name=\"twitter:data1\" content=\"2 minuuttia\" \/>\n<script type=\"application\/ld+json\" class=\"yoast-schema-graph\">{\"@context\":\"https:\\\/\\\/schema.org\",\"@graph\":[{\"@type\":\"WebPage\",\"@id\":\"https:\\\/\\\/sites.uef.fi\\\/laakejatesuomessa\\\/ajankohtaista\\\/\",\"url\":\"https:\\\/\\\/sites.uef.fi\\\/laakejatesuomessa\\\/ajankohtaista\\\/\",\"name\":\"Ajankohtaista - L\u00e4\u00e4kej\u00e4te Suomessa\",\"isPartOf\":{\"@id\":\"https:\\\/\\\/sites.uef.fi\\\/laakejatesuomessa\\\/#website\"},\"primaryImageOfPage\":{\"@id\":\"https:\\\/\\\/sites.uef.fi\\\/laakejatesuomessa\\\/ajankohtaista\\\/#primaryimage\"},\"image\":{\"@id\":\"https:\\\/\\\/sites.uef.fi\\\/laakejatesuomessa\\\/ajankohtaista\\\/#primaryimage\"},\"thumbnailUrl\":\"https:\\\/\\\/sites.uef.fi\\\/laakejatesuomessa\\\/wp-content\\\/uploads\\\/sites\\\/362\\\/2022\\\/04\\\/Laakejatetutkimus-Suomessa-1-1024x576.jpg\",\"datePublished\":\"2022-04-04T13:58:50+00:00\",\"dateModified\":\"2025-03-17T12:42:22+00:00\",\"breadcrumb\":{\"@id\":\"https:\\\/\\\/sites.uef.fi\\\/laakejatesuomessa\\\/ajankohtaista\\\/#breadcrumb\"},\"inLanguage\":\"fi\",\"potentialAction\":[{\"@type\":\"ReadAction\",\"target\":[\"https:\\\/\\\/sites.uef.fi\\\/laakejatesuomessa\\\/ajankohtaista\\\/\"]}]},{\"@type\":\"ImageObject\",\"inLanguage\":\"fi\",\"@id\":\"https:\\\/\\\/sites.uef.fi\\\/laakejatesuomessa\\\/ajankohtaista\\\/#primaryimage\",\"url\":\"https:\\\/\\\/sites.uef.fi\\\/laakejatesuomessa\\\/wp-content\\\/uploads\\\/sites\\\/362\\\/2022\\\/04\\\/Laakejatetutkimus-Suomessa-1.jpg\",\"contentUrl\":\"https:\\\/\\\/sites.uef.fi\\\/laakejatesuomessa\\\/wp-content\\\/uploads\\\/sites\\\/362\\\/2022\\\/04\\\/Laakejatetutkimus-Suomessa-1.jpg\",\"width\":1280,\"height\":720},{\"@type\":\"BreadcrumbList\",\"@id\":\"https:\\\/\\\/sites.uef.fi\\\/laakejatesuomessa\\\/ajankohtaista\\\/#breadcrumb\",\"itemListElement\":[{\"@type\":\"ListItem\",\"position\":1,\"name\":\"Home\",\"item\":\"https:\\\/\\\/sites.uef.fi\\\/laakejatesuomessa\\\/\"},{\"@type\":\"ListItem\",\"position\":2,\"name\":\"Ajankohtaista\"}]},{\"@type\":\"WebSite\",\"@id\":\"https:\\\/\\\/sites.uef.fi\\\/laakejatesuomessa\\\/#website\",\"url\":\"https:\\\/\\\/sites.uef.fi\\\/laakejatesuomessa\\\/\",\"name\":\"L\u00e4\u00e4kej\u00e4te Suomessa\",\"description\":\"\",\"potentialAction\":[{\"@type\":\"SearchAction\",\"target\":{\"@type\":\"EntryPoint\",\"urlTemplate\":\"https:\\\/\\\/sites.uef.fi\\\/laakejatesuomessa\\\/?s={search_term_string}\"},\"query-input\":{\"@type\":\"PropertyValueSpecification\",\"valueRequired\":true,\"valueName\":\"search_term_string\"}}],\"inLanguage\":\"fi\"}]}<\/script>\n<!-- \/ Yoast SEO plugin. -->","yoast_head_json":{"title":"Ajankohtaista - L\u00e4\u00e4kej\u00e4te Suomessa","robots":{"index":"index","follow":"follow","max-snippet":"max-snippet:-1","max-image-preview":"max-image-preview:large","max-video-preview":"max-video-preview:-1"},"canonical":"https:\/\/sites.uef.fi\/laakejatesuomessa\/ajankohtaista\/","og_locale":"fi_FI","og_type":"article","og_title":"Ajankohtaista - L\u00e4\u00e4kej\u00e4te Suomessa","og_description":"Ajankohtaista sivulla julkaisemme tutkimuksen toteuttamisesta. Tutkimuksen aineisto on analysoitu ja sen tulokset on julkaistu tieteellisen\u00e4 artikkelina European Journal of Pharmaceutical Science -julkaisusarjassa. P\u00e4\u00e4set tutustumaan tutkimukseen tarkemmin t\u00e4st\u00e4 linkist\u00e4: Tutkimusartikkeli. Tutkimusaineisto ker\u00e4ttiin apteekeista toukokuussa 2022. Tutkimusmateriaali postitettiin tutkimusapteekeille viikolla 17. Materiaalit saapuvat apteekkeihin viikon 18 aikana. L\u00e4\u00e4kej\u00e4tetutkimuksen rekrytointi on k\u00e4ynnistynyt viikolla 15. Kaikkiin Suomen Apteekkariliiton j\u00e4senapteekkeihin [&hellip;]","og_url":"https:\/\/sites.uef.fi\/laakejatesuomessa\/ajankohtaista\/","og_site_name":"L\u00e4\u00e4kej\u00e4te Suomessa","article_modified_time":"2025-03-17T12:42:22+00:00","og_image":[{"width":1280,"height":720,"url":"https:\/\/sites.uef.fi\/laakejatesuomessa\/wp-content\/uploads\/sites\/362\/2022\/04\/Laakejatetutkimus-Suomessa-1.jpg","type":"image\/jpeg"}],"twitter_card":"summary_large_image","twitter_misc":{"Arvioitu lukuaika":"2 minuuttia"},"schema":{"@context":"https:\/\/schema.org","@graph":[{"@type":"WebPage","@id":"https:\/\/sites.uef.fi\/laakejatesuomessa\/ajankohtaista\/","url":"https:\/\/sites.uef.fi\/laakejatesuomessa\/ajankohtaista\/","name":"Ajankohtaista - L\u00e4\u00e4kej\u00e4te Suomessa","isPartOf":{"@id":"https:\/\/sites.uef.fi\/laakejatesuomessa\/#website"},"primaryImageOfPage":{"@id":"https:\/\/sites.uef.fi\/laakejatesuomessa\/ajankohtaista\/#primaryimage"},"image":{"@id":"https:\/\/sites.uef.fi\/laakejatesuomessa\/ajankohtaista\/#primaryimage"},"thumbnailUrl":"https:\/\/sites.uef.fi\/laakejatesuomessa\/wp-content\/uploads\/sites\/362\/2022\/04\/Laakejatetutkimus-Suomessa-1-1024x576.jpg","datePublished":"2022-04-04T13:58:50+00:00","dateModified":"2025-03-17T12:42:22+00:00","breadcrumb":{"@id":"https:\/\/sites.uef.fi\/laakejatesuomessa\/ajankohtaista\/#breadcrumb"},"inLanguage":"fi","potentialAction":[{"@type":"ReadAction","target":["https:\/\/sites.uef.fi\/laakejatesuomessa\/ajankohtaista\/"]}]},{"@type":"ImageObject","inLanguage":"fi","@id":"https:\/\/sites.uef.fi\/laakejatesuomessa\/ajankohtaista\/#primaryimage","url":"https:\/\/sites.uef.fi\/laakejatesuomessa\/wp-content\/uploads\/sites\/362\/2022\/04\/Laakejatetutkimus-Suomessa-1.jpg","contentUrl":"https:\/\/sites.uef.fi\/laakejatesuomessa\/wp-content\/uploads\/sites\/362\/2022\/04\/Laakejatetutkimus-Suomessa-1.jpg","width":1280,"height":720},{"@type":"BreadcrumbList","@id":"https:\/\/sites.uef.fi\/laakejatesuomessa\/ajankohtaista\/#breadcrumb","itemListElement":[{"@type":"ListItem","position":1,"name":"Home","item":"https:\/\/sites.uef.fi\/laakejatesuomessa\/"},{"@type":"ListItem","position":2,"name":"Ajankohtaista"}]},{"@type":"WebSite","@id":"https:\/\/sites.uef.fi\/laakejatesuomessa\/#website","url":"https:\/\/sites.uef.fi\/laakejatesuomessa\/","name":"L\u00e4\u00e4kej\u00e4te Suomessa","description":"","potentialAction":[{"@type":"SearchAction","target":{"@type":"EntryPoint","urlTemplate":"https:\/\/sites.uef.fi\/laakejatesuomessa\/?s={search_term_string}"},"query-input":{"@type":"PropertyValueSpecification","valueRequired":true,"valueName":"search_term_string"}}],"inLanguage":"fi"}]}},"_links":{"self":[{"href":"https:\/\/sites.uef.fi\/laakejatesuomessa\/wp-json\/wp\/v2\/pages\/335","targetHints":{"allow":["GET"]}}],"collection":[{"href":"https:\/\/sites.uef.fi\/laakejatesuomessa\/wp-json\/wp\/v2\/pages"}],"about":[{"href":"https:\/\/sites.uef.fi\/laakejatesuomessa\/wp-json\/wp\/v2\/types\/page"}],"author":[{"embeddable":true,"href":"https:\/\/sites.uef.fi\/laakejatesuomessa\/wp-json\/wp\/v2\/users\/790"}],"replies":[{"embeddable":true,"href":"https:\/\/sites.uef.fi\/laakejatesuomessa\/wp-json\/wp\/v2\/comments?post=335"}],"version-history":[{"count":1,"href":"https:\/\/sites.uef.fi\/laakejatesuomessa\/wp-json\/wp\/v2\/pages\/335\/revisions"}],"predecessor-version":[{"id":1279,"href":"https:\/\/sites.uef.fi\/laakejatesuomessa\/wp-json\/wp\/v2\/pages\/335\/revisions\/1279"}],"wp:attachment":[{"href":"https:\/\/sites.uef.fi\/laakejatesuomessa\/wp-json\/wp\/v2\/media?parent=335"}],"curies":[{"name":"wp","href":"https:\/\/api.w.org\/{rel}","templated":true}]}}