{"id":532,"date":"2022-04-06T14:02:02","date_gmt":"2022-04-06T12:02:02","guid":{"rendered":"https:\/\/sites.uef.fi\/laakejatesuomessa\/?page_id=532"},"modified":"2025-03-17T14:47:48","modified_gmt":"2025-03-17T12:47:48","slug":"julkaisut","status":"publish","type":"page","link":"https:\/\/sites.uef.fi\/laakejatesuomessa\/julkaisut\/","title":{"rendered":"Julkaisut"},"content":{"rendered":"\n<p><a href=\"http:\/\/\u2022\tLouhisalmi M, Lavikainen P, Sandler C, Kallio S, Kanerva R, Martikainen J, Timonen J: A study on the quantity, type, economic value and reasons for pharmaceutical waste returned to pharmacies in Finland. European Journal of Pharmaceutical Sciences 195: 106729, 2024\">Louhisalmi M, Lavikainen P, Sandler C, Kallio S, Kanerva R, Martikainen J, Timonen J: A study on the quantity, type, economic value and reasons for pharmaceutical waste returned to pharmacies in Finland. European Journal of Pharmaceutical Sciences 195: 106729, 2024<\/a><\/p>\n\n\n\n<p><\/p>\n","protected":false},"excerpt":{"rendered":"<p>Louhisalmi M, Lavikainen P, Sandler C, Kallio S, Kanerva R, Martikainen J, Timonen J: A study on the quantity, type, economic value and reasons for pharmaceutical waste returned to pharmacies in Finland. European Journal of Pharmaceutical Sciences 195: 106729, 2024<\/p>\n","protected":false},"author":790,"featured_media":0,"parent":0,"menu_order":0,"comment_status":"closed","ping_status":"closed","template":"","meta":{"_acf_changed":false,"footnotes":""},"class_list":["post-532","page","type-page","status-publish","hentry"],"acf":[],"yoast_head":"<!-- This site is optimized with the Yoast SEO plugin v27.3 - https:\/\/yoast.com\/product\/yoast-seo-wordpress\/ -->\n<title>Julkaisut - L\u00e4\u00e4kej\u00e4te Suomessa<\/title>\n<meta name=\"robots\" content=\"index, follow, max-snippet:-1, max-image-preview:large, max-video-preview:-1\" \/>\n<link rel=\"canonical\" href=\"https:\/\/sites.uef.fi\/laakejatesuomessa\/julkaisut\/\" \/>\n<meta property=\"og:locale\" content=\"fi_FI\" \/>\n<meta property=\"og:type\" content=\"article\" \/>\n<meta property=\"og:title\" content=\"Julkaisut - L\u00e4\u00e4kej\u00e4te Suomessa\" \/>\n<meta property=\"og:description\" content=\"Louhisalmi M, Lavikainen P, Sandler C, Kallio S, Kanerva R, Martikainen J, Timonen J: A study on the quantity, type, economic value and reasons for pharmaceutical waste returned to pharmacies in Finland. European Journal of Pharmaceutical Sciences 195: 106729, 2024\" \/>\n<meta property=\"og:url\" content=\"https:\/\/sites.uef.fi\/laakejatesuomessa\/julkaisut\/\" \/>\n<meta property=\"og:site_name\" content=\"L\u00e4\u00e4kej\u00e4te Suomessa\" \/>\n<meta property=\"article:modified_time\" content=\"2025-03-17T12:47:48+00:00\" \/>\n<meta name=\"twitter:card\" content=\"summary_large_image\" \/>\n<meta name=\"twitter:label1\" content=\"Arvioitu lukuaika\" \/>\n\t<meta name=\"twitter:data1\" content=\"1 minuutti\" \/>\n<script type=\"application\/ld+json\" class=\"yoast-schema-graph\">{\"@context\":\"https:\\\/\\\/schema.org\",\"@graph\":[{\"@type\":\"WebPage\",\"@id\":\"https:\\\/\\\/sites.uef.fi\\\/laakejatesuomessa\\\/julkaisut\\\/\",\"url\":\"https:\\\/\\\/sites.uef.fi\\\/laakejatesuomessa\\\/julkaisut\\\/\",\"name\":\"Julkaisut - L\u00e4\u00e4kej\u00e4te Suomessa\",\"isPartOf\":{\"@id\":\"https:\\\/\\\/sites.uef.fi\\\/laakejatesuomessa\\\/#website\"},\"datePublished\":\"2022-04-06T12:02:02+00:00\",\"dateModified\":\"2025-03-17T12:47:48+00:00\",\"breadcrumb\":{\"@id\":\"https:\\\/\\\/sites.uef.fi\\\/laakejatesuomessa\\\/julkaisut\\\/#breadcrumb\"},\"inLanguage\":\"fi\",\"potentialAction\":[{\"@type\":\"ReadAction\",\"target\":[\"https:\\\/\\\/sites.uef.fi\\\/laakejatesuomessa\\\/julkaisut\\\/\"]}]},{\"@type\":\"BreadcrumbList\",\"@id\":\"https:\\\/\\\/sites.uef.fi\\\/laakejatesuomessa\\\/julkaisut\\\/#breadcrumb\",\"itemListElement\":[{\"@type\":\"ListItem\",\"position\":1,\"name\":\"Home\",\"item\":\"https:\\\/\\\/sites.uef.fi\\\/laakejatesuomessa\\\/\"},{\"@type\":\"ListItem\",\"position\":2,\"name\":\"Julkaisut\"}]},{\"@type\":\"WebSite\",\"@id\":\"https:\\\/\\\/sites.uef.fi\\\/laakejatesuomessa\\\/#website\",\"url\":\"https:\\\/\\\/sites.uef.fi\\\/laakejatesuomessa\\\/\",\"name\":\"L\u00e4\u00e4kej\u00e4te Suomessa\",\"description\":\"\",\"potentialAction\":[{\"@type\":\"SearchAction\",\"target\":{\"@type\":\"EntryPoint\",\"urlTemplate\":\"https:\\\/\\\/sites.uef.fi\\\/laakejatesuomessa\\\/?s={search_term_string}\"},\"query-input\":{\"@type\":\"PropertyValueSpecification\",\"valueRequired\":true,\"valueName\":\"search_term_string\"}}],\"inLanguage\":\"fi\"}]}<\/script>\n<!-- \/ Yoast SEO plugin. -->","yoast_head_json":{"title":"Julkaisut - L\u00e4\u00e4kej\u00e4te Suomessa","robots":{"index":"index","follow":"follow","max-snippet":"max-snippet:-1","max-image-preview":"max-image-preview:large","max-video-preview":"max-video-preview:-1"},"canonical":"https:\/\/sites.uef.fi\/laakejatesuomessa\/julkaisut\/","og_locale":"fi_FI","og_type":"article","og_title":"Julkaisut - L\u00e4\u00e4kej\u00e4te Suomessa","og_description":"Louhisalmi M, Lavikainen P, Sandler C, Kallio S, Kanerva R, Martikainen J, Timonen J: A study on the quantity, type, economic value and reasons for pharmaceutical waste returned to pharmacies in Finland. European Journal of Pharmaceutical Sciences 195: 106729, 2024","og_url":"https:\/\/sites.uef.fi\/laakejatesuomessa\/julkaisut\/","og_site_name":"L\u00e4\u00e4kej\u00e4te Suomessa","article_modified_time":"2025-03-17T12:47:48+00:00","twitter_card":"summary_large_image","twitter_misc":{"Arvioitu lukuaika":"1 minuutti"},"schema":{"@context":"https:\/\/schema.org","@graph":[{"@type":"WebPage","@id":"https:\/\/sites.uef.fi\/laakejatesuomessa\/julkaisut\/","url":"https:\/\/sites.uef.fi\/laakejatesuomessa\/julkaisut\/","name":"Julkaisut - L\u00e4\u00e4kej\u00e4te Suomessa","isPartOf":{"@id":"https:\/\/sites.uef.fi\/laakejatesuomessa\/#website"},"datePublished":"2022-04-06T12:02:02+00:00","dateModified":"2025-03-17T12:47:48+00:00","breadcrumb":{"@id":"https:\/\/sites.uef.fi\/laakejatesuomessa\/julkaisut\/#breadcrumb"},"inLanguage":"fi","potentialAction":[{"@type":"ReadAction","target":["https:\/\/sites.uef.fi\/laakejatesuomessa\/julkaisut\/"]}]},{"@type":"BreadcrumbList","@id":"https:\/\/sites.uef.fi\/laakejatesuomessa\/julkaisut\/#breadcrumb","itemListElement":[{"@type":"ListItem","position":1,"name":"Home","item":"https:\/\/sites.uef.fi\/laakejatesuomessa\/"},{"@type":"ListItem","position":2,"name":"Julkaisut"}]},{"@type":"WebSite","@id":"https:\/\/sites.uef.fi\/laakejatesuomessa\/#website","url":"https:\/\/sites.uef.fi\/laakejatesuomessa\/","name":"L\u00e4\u00e4kej\u00e4te Suomessa","description":"","potentialAction":[{"@type":"SearchAction","target":{"@type":"EntryPoint","urlTemplate":"https:\/\/sites.uef.fi\/laakejatesuomessa\/?s={search_term_string}"},"query-input":{"@type":"PropertyValueSpecification","valueRequired":true,"valueName":"search_term_string"}}],"inLanguage":"fi"}]}},"_links":{"self":[{"href":"https:\/\/sites.uef.fi\/laakejatesuomessa\/wp-json\/wp\/v2\/pages\/532","targetHints":{"allow":["GET"]}}],"collection":[{"href":"https:\/\/sites.uef.fi\/laakejatesuomessa\/wp-json\/wp\/v2\/pages"}],"about":[{"href":"https:\/\/sites.uef.fi\/laakejatesuomessa\/wp-json\/wp\/v2\/types\/page"}],"author":[{"embeddable":true,"href":"https:\/\/sites.uef.fi\/laakejatesuomessa\/wp-json\/wp\/v2\/users\/790"}],"replies":[{"embeddable":true,"href":"https:\/\/sites.uef.fi\/laakejatesuomessa\/wp-json\/wp\/v2\/comments?post=532"}],"version-history":[{"count":2,"href":"https:\/\/sites.uef.fi\/laakejatesuomessa\/wp-json\/wp\/v2\/pages\/532\/revisions"}],"predecessor-version":[{"id":1280,"href":"https:\/\/sites.uef.fi\/laakejatesuomessa\/wp-json\/wp\/v2\/pages\/532\/revisions\/1280"}],"wp:attachment":[{"href":"https:\/\/sites.uef.fi\/laakejatesuomessa\/wp-json\/wp\/v2\/media?parent=532"}],"curies":[{"name":"wp","href":"https:\/\/api.w.org\/{rel}","templated":true}]}}