{"id":62,"date":"2022-04-04T12:24:46","date_gmt":"2022-04-04T10:24:46","guid":{"rendered":"https:\/\/sites.uef.fi\/laakejatesuomessa\/?page_id=62"},"modified":"2023-08-21T11:49:16","modified_gmt":"2023-08-21T09:49:16","slug":"laakejate-tutkimus-suomessa","status":"publish","type":"page","link":"https:\/\/sites.uef.fi\/laakejatesuomessa\/laakejate-tutkimus-suomessa\/","title":{"rendered":"Tutkimusapteekille"},"content":{"rendered":"\n<p>T\u00e4lt\u00e4 sivulta l\u00f6yd\u00e4t ohjeet tutkimuksen toteuttamiseen apteekissanne. Apteekin henkil\u00f6kunnalle ja tutkimusyhteyshenkil\u00f6lle on laadittu omat ohjeensa. <\/p>\n\n\n\n<ul class=\"wp-block-list\">\n<li><a href=\"https:\/\/sites.uef.fi\/laakejatesuomessa\/ohjevideo\/?preview=true\">Ohjevideo<\/a><\/li>\n\n\n\n<li><a href=\"https:\/\/sites.uef.fi\/laakejatesuomessa\/ohjeet-apteekille\/?preview_id=1186&amp;preview_nonce=80a58c04ac&amp;preview=true\">Ohjeet tutkimusapteekille<\/a><\/li>\n\n\n\n<li><a href=\"https:\/\/sites.uef.fi\/laakejatesuomessa\/ohjeet-apteekin-yhteyshenkilolle\/?preview_id=1198&amp;preview_nonce=3f7b72ca5d&amp;preview=true\">Ohjeet apteekin yhteyshenkil\u00f6lle<\/a><\/li>\n<\/ul>\n","protected":false},"excerpt":{"rendered":"<p>T\u00e4lt\u00e4 sivulta l\u00f6yd\u00e4t ohjeet tutkimuksen toteuttamiseen apteekissanne. Apteekin henkil\u00f6kunnalle ja tutkimusyhteyshenkil\u00f6lle on laadittu omat ohjeensa.<\/p>\n","protected":false},"author":790,"featured_media":0,"parent":0,"menu_order":3,"comment_status":"closed","ping_status":"closed","template":"","meta":{"_acf_changed":false,"footnotes":""},"class_list":["post-62","page","type-page","status-publish","hentry"],"acf":[],"yoast_head":"<!-- This site is optimized with the Yoast SEO plugin v27.3 - https:\/\/yoast.com\/product\/yoast-seo-wordpress\/ -->\n<title>Tutkimusapteekille - L\u00e4\u00e4kej\u00e4te Suomessa<\/title>\n<meta name=\"robots\" content=\"index, follow, max-snippet:-1, max-image-preview:large, max-video-preview:-1\" \/>\n<link rel=\"canonical\" href=\"https:\/\/sites.uef.fi\/laakejatesuomessa\/laakejate-tutkimus-suomessa\/\" \/>\n<meta property=\"og:locale\" content=\"fi_FI\" \/>\n<meta property=\"og:type\" content=\"article\" \/>\n<meta property=\"og:title\" content=\"Tutkimusapteekille - L\u00e4\u00e4kej\u00e4te Suomessa\" \/>\n<meta property=\"og:description\" content=\"T\u00e4lt\u00e4 sivulta l\u00f6yd\u00e4t ohjeet tutkimuksen toteuttamiseen apteekissanne. Apteekin henkil\u00f6kunnalle ja tutkimusyhteyshenkil\u00f6lle on laadittu omat ohjeensa.\" \/>\n<meta property=\"og:url\" content=\"https:\/\/sites.uef.fi\/laakejatesuomessa\/laakejate-tutkimus-suomessa\/\" \/>\n<meta property=\"og:site_name\" content=\"L\u00e4\u00e4kej\u00e4te Suomessa\" \/>\n<meta property=\"article:modified_time\" content=\"2023-08-21T09:49:16+00:00\" \/>\n<meta name=\"twitter:card\" content=\"summary_large_image\" \/>\n<meta name=\"twitter:label1\" content=\"Arvioitu lukuaika\" \/>\n\t<meta name=\"twitter:data1\" content=\"1 minuutti\" \/>\n<script type=\"application\/ld+json\" class=\"yoast-schema-graph\">{\"@context\":\"https:\\\/\\\/schema.org\",\"@graph\":[{\"@type\":\"WebPage\",\"@id\":\"https:\\\/\\\/sites.uef.fi\\\/laakejatesuomessa\\\/laakejate-tutkimus-suomessa\\\/\",\"url\":\"https:\\\/\\\/sites.uef.fi\\\/laakejatesuomessa\\\/laakejate-tutkimus-suomessa\\\/\",\"name\":\"Tutkimusapteekille - L\u00e4\u00e4kej\u00e4te Suomessa\",\"isPartOf\":{\"@id\":\"https:\\\/\\\/sites.uef.fi\\\/laakejatesuomessa\\\/#website\"},\"datePublished\":\"2022-04-04T10:24:46+00:00\",\"dateModified\":\"2023-08-21T09:49:16+00:00\",\"breadcrumb\":{\"@id\":\"https:\\\/\\\/sites.uef.fi\\\/laakejatesuomessa\\\/laakejate-tutkimus-suomessa\\\/#breadcrumb\"},\"inLanguage\":\"fi\",\"potentialAction\":[{\"@type\":\"ReadAction\",\"target\":[\"https:\\\/\\\/sites.uef.fi\\\/laakejatesuomessa\\\/laakejate-tutkimus-suomessa\\\/\"]}]},{\"@type\":\"BreadcrumbList\",\"@id\":\"https:\\\/\\\/sites.uef.fi\\\/laakejatesuomessa\\\/laakejate-tutkimus-suomessa\\\/#breadcrumb\",\"itemListElement\":[{\"@type\":\"ListItem\",\"position\":1,\"name\":\"Home\",\"item\":\"https:\\\/\\\/sites.uef.fi\\\/laakejatesuomessa\\\/\"},{\"@type\":\"ListItem\",\"position\":2,\"name\":\"Tutkimusapteekille\"}]},{\"@type\":\"WebSite\",\"@id\":\"https:\\\/\\\/sites.uef.fi\\\/laakejatesuomessa\\\/#website\",\"url\":\"https:\\\/\\\/sites.uef.fi\\\/laakejatesuomessa\\\/\",\"name\":\"L\u00e4\u00e4kej\u00e4te Suomessa\",\"description\":\"\",\"potentialAction\":[{\"@type\":\"SearchAction\",\"target\":{\"@type\":\"EntryPoint\",\"urlTemplate\":\"https:\\\/\\\/sites.uef.fi\\\/laakejatesuomessa\\\/?s={search_term_string}\"},\"query-input\":{\"@type\":\"PropertyValueSpecification\",\"valueRequired\":true,\"valueName\":\"search_term_string\"}}],\"inLanguage\":\"fi\"}]}<\/script>\n<!-- \/ Yoast SEO plugin. -->","yoast_head_json":{"title":"Tutkimusapteekille - L\u00e4\u00e4kej\u00e4te Suomessa","robots":{"index":"index","follow":"follow","max-snippet":"max-snippet:-1","max-image-preview":"max-image-preview:large","max-video-preview":"max-video-preview:-1"},"canonical":"https:\/\/sites.uef.fi\/laakejatesuomessa\/laakejate-tutkimus-suomessa\/","og_locale":"fi_FI","og_type":"article","og_title":"Tutkimusapteekille - L\u00e4\u00e4kej\u00e4te Suomessa","og_description":"T\u00e4lt\u00e4 sivulta l\u00f6yd\u00e4t ohjeet tutkimuksen toteuttamiseen apteekissanne. Apteekin henkil\u00f6kunnalle ja tutkimusyhteyshenkil\u00f6lle on laadittu omat ohjeensa.","og_url":"https:\/\/sites.uef.fi\/laakejatesuomessa\/laakejate-tutkimus-suomessa\/","og_site_name":"L\u00e4\u00e4kej\u00e4te Suomessa","article_modified_time":"2023-08-21T09:49:16+00:00","twitter_card":"summary_large_image","twitter_misc":{"Arvioitu lukuaika":"1 minuutti"},"schema":{"@context":"https:\/\/schema.org","@graph":[{"@type":"WebPage","@id":"https:\/\/sites.uef.fi\/laakejatesuomessa\/laakejate-tutkimus-suomessa\/","url":"https:\/\/sites.uef.fi\/laakejatesuomessa\/laakejate-tutkimus-suomessa\/","name":"Tutkimusapteekille - L\u00e4\u00e4kej\u00e4te Suomessa","isPartOf":{"@id":"https:\/\/sites.uef.fi\/laakejatesuomessa\/#website"},"datePublished":"2022-04-04T10:24:46+00:00","dateModified":"2023-08-21T09:49:16+00:00","breadcrumb":{"@id":"https:\/\/sites.uef.fi\/laakejatesuomessa\/laakejate-tutkimus-suomessa\/#breadcrumb"},"inLanguage":"fi","potentialAction":[{"@type":"ReadAction","target":["https:\/\/sites.uef.fi\/laakejatesuomessa\/laakejate-tutkimus-suomessa\/"]}]},{"@type":"BreadcrumbList","@id":"https:\/\/sites.uef.fi\/laakejatesuomessa\/laakejate-tutkimus-suomessa\/#breadcrumb","itemListElement":[{"@type":"ListItem","position":1,"name":"Home","item":"https:\/\/sites.uef.fi\/laakejatesuomessa\/"},{"@type":"ListItem","position":2,"name":"Tutkimusapteekille"}]},{"@type":"WebSite","@id":"https:\/\/sites.uef.fi\/laakejatesuomessa\/#website","url":"https:\/\/sites.uef.fi\/laakejatesuomessa\/","name":"L\u00e4\u00e4kej\u00e4te Suomessa","description":"","potentialAction":[{"@type":"SearchAction","target":{"@type":"EntryPoint","urlTemplate":"https:\/\/sites.uef.fi\/laakejatesuomessa\/?s={search_term_string}"},"query-input":{"@type":"PropertyValueSpecification","valueRequired":true,"valueName":"search_term_string"}}],"inLanguage":"fi"}]}},"_links":{"self":[{"href":"https:\/\/sites.uef.fi\/laakejatesuomessa\/wp-json\/wp\/v2\/pages\/62","targetHints":{"allow":["GET"]}}],"collection":[{"href":"https:\/\/sites.uef.fi\/laakejatesuomessa\/wp-json\/wp\/v2\/pages"}],"about":[{"href":"https:\/\/sites.uef.fi\/laakejatesuomessa\/wp-json\/wp\/v2\/types\/page"}],"author":[{"embeddable":true,"href":"https:\/\/sites.uef.fi\/laakejatesuomessa\/wp-json\/wp\/v2\/users\/790"}],"replies":[{"embeddable":true,"href":"https:\/\/sites.uef.fi\/laakejatesuomessa\/wp-json\/wp\/v2\/comments?post=62"}],"version-history":[{"count":1,"href":"https:\/\/sites.uef.fi\/laakejatesuomessa\/wp-json\/wp\/v2\/pages\/62\/revisions"}],"predecessor-version":[{"id":1249,"href":"https:\/\/sites.uef.fi\/laakejatesuomessa\/wp-json\/wp\/v2\/pages\/62\/revisions\/1249"}],"wp:attachment":[{"href":"https:\/\/sites.uef.fi\/laakejatesuomessa\/wp-json\/wp\/v2\/media?parent=62"}],"curies":[{"name":"wp","href":"https:\/\/api.w.org\/{rel}","templated":true}]}}