{"id":1552,"date":"2023-12-24T19:24:44","date_gmt":"2023-12-24T17:24:44","guid":{"rendered":"https:\/\/sites.uef.fi\/learning-analytics\/?page_id=1552"},"modified":"2023-12-24T19:24:45","modified_gmt":"2023-12-24T17:24:45","slug":"2003-2","status":"publish","type":"page","link":"https:\/\/sites.uef.fi\/learning-analytics\/publications\/2003-2\/","title":{"rendered":"LA Publications (2003)"},"content":{"rendered":"\n<ol class=\"wp-block-list\">\n<li>K. Bobrowicz, S.&nbsp;L\u00f3pez-Pernas, Z. Tauber, M. Saqr, S. Greiff,&nbsp;<a href=\"https:\/\/doi.org\/10.1016\/j.lindif.2023.102399\">Prospects in the field of learning and individual differences: Examining the past to forecast the future using bibliometrics<\/a>.&nbsp;<em>Learning and Individual Differences,&nbsp;<\/em>vol. 109, 2023.<\/li>\n\n\n\n<li>P. Mertala, S.&nbsp;L\u00f3pez-Pernas,&nbsp;H. Vartiainen, M. Saqr, M. Tedre,&nbsp;<a href=\"http:\/\/dx.doi.org\/10.1016\/j.chb.2023.108076\">Digital natives in the scientific literature: A topic modeling approach<\/a>.&nbsp;<em>Computers in Human Behavior,&nbsp;<\/em>vol. 152, 2023.<\/li>\n\n\n\n<li>D.&nbsp;L\u00f3pez-Fern\u00e1ndez, A. Gordillo, S.&nbsp;L\u00f3pez-Pernas, E. Tovar,&nbsp;<a href=\"http:\/\/dx.doi.org\/10.1109\/MIC.2023.3336057\">Are remote educational escape rooms designed during the epidemic useful in a post-pandemic face-to-face setting?&nbsp;<\/a>&nbsp;<em>IEEE Internet Computing,&nbsp;<\/em>2023.<\/li>\n\n\n\n<li>E. Barra, S.&nbsp;L\u00f3pez-Pernas, A. Gordillo, A. Mu\u00f1oz-Arcentales, J. Conde,&nbsp;<a href=\"https:\/\/doi.org\/10.1109\/MIC.2023.3333199\">Empowering database learning through remote educational escape rooms.&nbsp;<\/a><em>IEEE Internet Computing,&nbsp;<\/em>2023.<\/li>\n\n\n\n<li>S.&nbsp;L\u00f3pez-Pernas,&nbsp;<a href=\"https:\/\/doi.org\/10.1109\/TLT.2023.3328913\">Educational escape rooms are effective learning activities across educational levels and cotexts: Meta-analysis<\/a>.&nbsp;<em>IEEE Transactions on Learning Technologies,<\/em>&nbsp;2023.<\/li>\n\n\n\n<li>R. Klemola, S.&nbsp;L\u00f3pez-Pernas, S. V\u00e4is\u00e4nen, M. Saqr, E. Sointu, L. Hirsto,&nbsp;<a href=\"https:\/\/doi.org\/10.1186\/s40461-023-00150-0\">Learning analytics to explore the motivational profiles of non-traditional practical nurse students: A mixed methods approach<\/a>.&nbsp;<em>Empirical Research in Vocational and Education and Training,&nbsp;<\/em>vol. 15, 2023.<\/li>\n\n\n\n<li>M. Saqr,&nbsp;<a href=\"https:\/\/doi.org\/10.1016\/j.chb.2023.107991\">Group-level analysis of engagement poorly reflects individual students\u2019 processes: Why we need idiographic learning analytics<\/a>.&nbsp;<em>Computers in Human Behavior<\/em>, 2023.<\/li>\n\n\n\n<li>M. Saqr, S.&nbsp;L\u00f3pez-Pernas, L. Vogelsmeier,&nbsp;<a href=\"https:\/\/doi.org\/10.1016\/j.compedu.2023.104934\">When, how and for whom changes in engagement happen: A transition analysis of instructional variables<\/a>.&nbsp;<em>Computers &amp; Education,&nbsp;<\/em>2023.<\/li>\n\n\n\n<li>S. Hrastinski, S. Stenbom, M. Saqr, M. Jansson, O. Viberg,&nbsp;<a href=\"https:\/\/doi.org\/10.24059\/olj.v27i3.3481\">Examining the development of K-12 students\u2019 cognitive presence over time: The case of online mathematics tutoring<\/a>.&nbsp;<em>Online Learning,&nbsp;<\/em>vol. 27, no. 3, 2023.<\/li>\n\n\n\n<li>M. Saqr, W. Matcha, N.A. Uzir, J. Jovanovic, D. Ga\u0161evi\u0107, S. L\u00f3pez-Pernas,&nbsp;<a href=\"https:\/\/doi.org\/10.14742\/ajet.8303\">Transfering effective learning strategies across learning contexts matters: A study in problem-based learning<\/a>.&nbsp;<em>Australasian Journal of Educational Technology,&nbsp;<\/em>2023.<\/li>\n\n\n\n<li>S. L\u00f3pez-Pernas, E. Barra, A. Gordillo, \u00c1. Alonso, J. Quemada, Scaling student feedback in software engineering MOOCs.&nbsp;<em>IEEE Software,&nbsp;<\/em>In press.<\/li>\n\n\n\n<li>J. Kahila, T. Valtonen, S. L\u00f3pez-Pernas, M. Saqr, H. Vartiainen, S. Kahila, M. Tedre,&nbsp;<a href=\"https:\/\/doi.org\/10.1177\/15554120231187758\">A typology of metagamers: Identifying player types based on beyond the game activities<\/a>.&nbsp;<em>Games and Culture,&nbsp;<\/em>2023.<\/li>\n\n\n\n<li>M.\u00c1. Conde, A. Georgiev, S. L\u00f3pez-Pernas, J. Jovic, I. Grespo-Mart\u00ednez, M. R. Milic, M. Saqr, K. Pancehva,&nbsp;<a href=\"https:\/\/doi.org\/10.1007\/978-3-031-34411-4_30\">Definition of a learning analytics ecosystem for the IDELA project piloting<\/a>. In: Zaphiris, P., Ioannou, A. (Eds.).&nbsp;<em>Learning and Collaboration Technologies. HCII 2023<\/em>. Lecture Notes in Computer Science, vol 14040. Springer, 2023.<\/li>\n\n\n\n<li>R. Elmoazen, S. L\u00f3pez-Pernas, K. Misiejuk, M. Khalil, B. Wasson, M. Saqr,<a href=\"https:\/\/ceur-ws.org\/Vol-3393\/TELL23_preface.pdf\">&nbsp;Reflections on technology-enhanced learning in laboratories: Barriers and opportunities<\/a>.&nbsp;In Elmoazen, R., L\u00f3pez-Pernas, S., Misiejuk, K., Khalil, M., Wasson, B., Saqr, M. (Eds.),&nbsp;<em>Proceedings of the Technology-Enhanced Learning in Laboratories workshop (TELL 2023)<\/em>, CEUR-WS, 2023.<\/li>\n\n\n\n<li>F.G. Deriba, M. Saqr, M. Tukiainen,&nbsp;<a href=\"https:\/\/ceur-ws.org\/Vol-3393\/TELL23_paper_789_7.pdf\">Exploring barriers and challenges to accessibility in virtual laboratories: a preliminary review<\/a>.&nbsp;In Elmoazen, R., L\u00f3pez-Pernas, S., Misiejuk, K., Khalil, M., Wasson, B., Saqr, M. (Eds.),&nbsp;<em>Proceedings of the Technology-Enhanced Learning in Laboratories workshop (TELL 2023)<\/em>, CEUR-WS, 2023.<\/li>\n\n\n\n<li>L. Mairinoja, S. L\u00f3pez-Pernas, R. Elmoazen, E.A. Niskanen, T. Kuningas, A. W\u00e4rri, M. Saqr, L. Strauss,&nbsp;<a href=\"https:\/\/ceur-ws.org\/Vol-3393\/TELL23_paper_1668_5.pdf\">International online team-based learning in higher education of biomedicine \u2013 evaluation by learning analytics<\/a>. In Elmoazen, R., L\u00f3pez-Pernas, S., Misiejuk, K., Khalil, M., Wasson, B., Saqr, M. (Eds.),&nbsp;<em>Proceedings of the Technology-Enhanced Learning in Laboratories workshop (TELL 2023)<\/em>, CEUR-WS, 2023.<\/li>\n\n\n\n<li>S. L\u00f3pez-Pernas, M. Saqr,&nbsp;<a href=\"https:\/\/doi.org\/10.1007\/978-981-99-0942-1_123\">From variables to states to trajectories (VaSSTra): A method for modelling the longitudinal dynamics of learning and behaviour<\/a>. In: Garc\u00eda-Pe\u00f1alvo, F.J., Garc\u00eda-Holgado, A. (Eds.),&nbsp;<em>Proceedings TEEM 2022: Tenth International Conference on Technological Ecosystems for Enhancing Multiculturality<\/em>. TEEM 2022. Lecture Notes in Educational Technology. Springer, Singapore, 2023.<\/li>\n\n\n\n<li>M.\u00c1. Conde, S. L\u00f3pez-Pernas, E. Peltekova, K. Pancheva, M. Raspopovic Milic, M. Saqr,&nbsp;<a href=\"https:\/\/doi.org\/10.1007\/978-981-99-0942-1_117\">Multi-stakeholder perspective on the gap between existing realities and new requirements for online and blended Learning: An exploratory study<\/a>. In: Garc\u00eda-Pe\u00f1alvo, F.J., Garc\u00eda-Holgado, A. (Eds.),&nbsp;<em>Proceedings TEEM 2022: Tenth International Conference on Technological Ecosystems for Enhancing Multiculturality<\/em>. TEEM 2022. Lecture Notes in Educational Technology. Springer, Singapore, 2023.<\/li>\n\n\n\n<li>E. Sointu, M. Saqr, T. Valtonen, S. Hallberg, S. V\u00e4is\u00e4nen, J. Kankaanp\u00e4\u00e4, V. Tuominen, L. Hirsto, (2023).&nbsp;<a href=\"https:\/\/www.learntechlib.org\/primary\/p\/221721\/\">SITE SPOTLIGHT ARTICLE: Understanding emotional behavior with learning analytics to support pre-service teachers\u2019 learning in challenging content area<\/a>.&nbsp;Journal of Technology and Teacher Education, 31(1), pp. 67-87, 2023.<\/li>\n\n\n\n<li>S. L\u00f3pez-Pernas, R. Kleimola, S. V\u00e4is\u00e4nen, L. Hirsto,&nbsp;<a href=\"https:\/\/ceur-ws.org\/Vol-3383\/FLAIEC22_paper_8117.pdf\">Early detection of dropout factors in vocational education: A large-scale case study from Finland<\/a>. In Hirsto, L., L\u00f3pez-Pernas S., Saqr, M., Sointu, E., Valtonen, T. , V\u00e4is\u00e4nen, S. (Eds.),&nbsp;<em>Proceedings<\/em>&nbsp;<em>of the<\/em>&nbsp;<em>Finnish Learning Analytics and Artificial Intelligence in Education Conference (FLAIEC22).&nbsp;<\/em>CEUR-WS, 2023.<\/li>\n\n\n\n<li>L. Hirsto, M. Saqr, S. L\u00f3pez-Pernas, T. Valtonen, E. Sointu, S. V\u00e4is\u00e4nen,&nbsp;<a href=\"https:\/\/ceur-ws.org\/Vol-3383\/FLAIEC22_preface.pdf\">Bridging education learning analytics and AI: Challenges of the present and thoughts for the future<\/a>. In Hirsto, L., L\u00f3pez-Pernas S., Saqr, M., Sointu, E., Valtonen, T. , V\u00e4is\u00e4nen, S. (Eds.),&nbsp;<em>Proceedings<\/em>&nbsp;<em>of the<\/em>&nbsp;<em>Finnish Learning Analytics and Artificial Intelligence in Education Conference (FLAIEC22).&nbsp;<\/em>CEUR-WS, 2023.<\/li>\n\n\n\n<li>L. Hirsto, M. Saqr, S. L\u00f3pez-Pernas, T. Valtonen,&nbsp;<a href=\"https:\/\/ceur-ws.org\/Vol-3383\/FLAIEC22_paper_9536.pdf\">A systematic narrative review of learning analytics research in K-12 and schools<\/a>. In Hirsto, L., L\u00f3pez-Pernas S., Saqr, M., Sointu, E., Valtonen, T. , V\u00e4is\u00e4nen, S. (Eds.),&nbsp;<em>Proceedings<\/em>&nbsp;<em>of the<\/em>&nbsp;<em>Finnish Learning Analytics and Artificial Intelligence in Education Conference (FLAIEC22).&nbsp;<\/em>CEUR-WS, 2023.<\/li>\n\n\n\n<li>S. Heikkinen, S. L\u00f3pez-Pernas, J. Malmberg, M. Tedre, M. Saqr,&nbsp;<a href=\"https:\/\/ceur-ws.org\/Vol-3383\/FLAIEC22_paper_2583.pdf\">How do business students self-regulate their project management learning? A sequence mining study<\/a>. In Hirsto, L., L\u00f3pez-Pernas S., Saqr, M., Sointu, E., Valtonen, T. , V\u00e4is\u00e4nen, S. (Eds.),&nbsp;<em>Proceedings<\/em>&nbsp;<em>of the<\/em>&nbsp;<em>Finnish Learning Analytics and Artificial Intelligence in Education Conference (FLAIEC22).&nbsp;<\/em>CEUR-WS, 2023.<\/li>\n\n\n\n<li>M. Nissinen, E.Silvennoinen, M. Saqr,&nbsp;<a href=\"https:\/\/ceur-ws.org\/Vol-3383\/FLAIEC22_paper_3875.pdf\">How assessment analytics can help to improve reliability, efficiency, and fairness of entrance examinations<\/a>. In Hirsto, L., L\u00f3pez-Pernas S., Saqr, M., Sointu, E., Valtonen, T. , V\u00e4is\u00e4nen, S. (Eds.),&nbsp;<em>Proceedings<\/em>&nbsp;<em>of the<\/em>&nbsp;<em>Finnish Learning Analytics and Artificial Intelligence in Education Conference (FLAIEC22).&nbsp;<\/em>CEUR-WS, 2023.<\/li>\n\n\n\n<li>R. Elmoazen, M. Saqr, M. Tedre, L. Hirsto,&nbsp;<a href=\"https:\/\/ceur-ws.org\/Vol-3383\/FLAIEC22_paper_2919.pdf\">How social interactions kindle productive online problem-based learning: An exploratory study of the temporal dynamics<\/a>.&nbsp;In Hirsto, L., L\u00f3pez-Pernas S., Saqr, M., Sointu, E., Valtonen, T. , V\u00e4is\u00e4nen, S. (Eds.),&nbsp;<em>Proceedings<\/em>&nbsp;<em>of the<\/em>&nbsp;<em>Finnish Learning Analytics and Artificial Intelligence in Education Conference (FLAIEC22).&nbsp;<\/em>CEUR-WS, 2023.<\/li>\n\n\n\n<li>S. Sch\u00f6bel, A. Schmitt, D. Benner, M. Saqr, A. Janson, J.M. Leimester,&nbsp;<a href=\"http:\/\/dx.doi.org\/10.1007\/s10796-023-10375-9\">Charting the evolution and future of conversational agents: A research agenda along five waves and new frontiers<\/a>.&nbsp;<em>Information Systems Frontiers<\/em>, 2023.<\/li>\n\n\n\n<li>B.A. Becker, S. Bradley, J. Maguire, M. Black, T. Crick, M. Saqr, S. Sentance, K. Quille,&nbsp;<a href=\"http:\/\/dx.doi.org\/10.1007\/978-3-031-25336-2_19\">Computing education research in the UK &amp; Ireland<\/a>. In: Apiola, M., L\u00f3pez-Pernas, S., Saqr, M. (Eds.).&nbsp;<em>Past, Present and Future of Computing Education Research.<\/em>&nbsp;Springer, Cham, 2023.<\/li>\n\n\n\n<li>V. Dagien\u00e9, Y. G\u00fclbahar, N. Grgunia, S. L\u00f3pez-Pernas, M. Saqr, M. Apiola, G. Stupurien\u00e9,&nbsp;<a href=\"https:\/\/doi.org\/10.1007\/978-3-031-25336-2_20\">Computing education research in schools<\/a>. In: Apiola, M., L\u00f3pez-Pernas, S., Saqr, M. (Eds.).&nbsp;<em>Past, Present and Future of Computing Education Research.<\/em>&nbsp;Springer, Cham, 2023.<\/li>\n\n\n\n<li>F.J. Agbo, M. Ntinda, S. L\u00f3pez-Pernas, M. Saqr, M. Apiola,&nbsp;<a href=\"https:\/\/doi.org\/10.1007\/978-3-031-25336-2_15\">Computing education research in the global south<\/a>. In: Apiola, M., L\u00f3pez-Pernas, S., Saqr, M. (Eds.).&nbsp;<em>Past, Present and Future of Computing Education Research.<\/em>&nbsp;Springer, Cham, 2023.<\/li>\n\n\n\n<li>M. Apiola, S. L\u00f3pez-Pernas, M. Saqr, L. Malmi, M. Daniels,&nbsp;<a href=\"https:\/\/doi.org\/10.1007\/978-3-031-25336-2_1\">Exploring the past, present and future of computing education research: An introduction<\/a>. In: Apiola, M., L\u00f3pez-Pernas, S., Saqr, M. (Eds.)&nbsp;<em>Past, Present and Future of Computing Education Research<\/em>. Springer, Cham, 2023.<\/li>\n\n\n\n<li>M. Saqr, S. L\u00f3pez-Pernas, S. Helse, S. Hrastinski,&nbsp;<a href=\"https:\/\/doi.org\/10.1016\/j.compedu.2023.104787\">The longitudinal association between engagement and achievement varies by time, students\u2019 subgroups, and achievement state: A full program study<\/a>.&nbsp;<em>Computers &amp; Education,&nbsp;<\/em>2023.<\/li>\n\n\n\n<li>M. Saqr, M.R. Milic, K. Pancheva, J. Jovic, E.V. Peltekova, M.\u00c1. Conde,&nbsp;<a href=\"https:\/\/doi.org\/10.1007\/s10209-023-00989-w\">A multimethod synthesis of Covid-19 education research: the tightrope between covidization and meaningfulness<\/a>.&nbsp;<em>Universal Access in the Information Society<\/em>, 2023.<\/li>\n\n\n\n<li>M. Saqr, S. L\u00f3pez-Pernas,&nbsp;<a href=\"https:\/\/doi.org\/10.1007\/s11412-023-09385-1\">The temporal dynamics of online problem-based learning: Why and when sequence matters<\/a>.&nbsp;<em>International Journal of Computer-Supported Collaborative Learning<\/em>, 2023.<\/li>\n\n\n\n<li>R. Elmoazen, M. Saqr, M. Khalil, B. Wasson,&nbsp;<a href=\"http:\/\/dx.doi.org\/10.1186\/s40561-023-00244-y\">Learning analytics in virtual laboratories: A systematic literature review of empirical research<\/a>.&nbsp;<em>Smart Learning Environments,&nbsp;<\/em>2023.<\/li>\n\n\n\n<li>M. Saqr,&nbsp;<a href=\"https:\/\/doi.org\/10.1111\/bjet.13309\">Modelling within-person idiographic variance could help explain and individualize learning<\/a>.&nbsp;<em>British Journal of Educational Technology,&nbsp;<\/em>2023.\u2019<\/li>\n\n\n\n<li>M. Saqr, S. L\u00f3pez-Pernas, M. Apiola, Computing education research in social media, news, blogs, patents and blogs: Capturing the impact and the chatter with altmetrics. In: Apiola, M., L\u00f3pez-Pernas, S., Saqr, M. (Eds.).&nbsp;<em>Past, Present and Future of Computing Education Research: A Global Perspective<\/em>, Springer, In press.<\/li>\n\n\n\n<li>M. Saqr, S. L\u00f3pez-Pernas, J. Jovanovic, D. Ga\u0161evic,&nbsp;<a href=\"https:\/\/doi.org\/10.1016\/j.iheduc.2022.100902\">Intense, turbulent, or wallowing in the mire: A longitudinal study of cross-course online tactics, strategies, and trajectories<\/a>.&nbsp;<em>The Internet and Higher Education,&nbsp;<\/em>vol. 57, 2023.<\/li>\n\n\n\n<li>M. Apiola, S. L\u00f3pez-Pernas, M. Saqr, The hands that made computing education research: Top authors, networks, collaboration and newcomers. In: Apiola, M., L\u00f3pez-Pernas, S., Saqr, M. (Eds.).&nbsp;<em>Past, Present and Future of Computing Education Research: A Global Perspective<\/em>, Springer, In press.<\/li>\n\n\n\n<li>S. L\u00f3pez-Pernas, M. Saqr, M. Apiola, Scientometrics: A concise introduction and a detailed methodology for the mapping of the scientific field of computing education. In: Apiola, M., L\u00f3pez-Pernas, S., Saqr, M. (Eds.).&nbsp;<em>Past, Present and Future of Computing Education Research: A Global Perspective<\/em>, Springer, In press.<\/li>\n\n\n\n<li>S. L\u00f3pez-Pernas, M. Apiola, M.Saqr, A. Pears, M. Tedre, A scientometric perspective on the evolution of the SIGCSE Technical Symposium: 1970-2021. In: Apiola, M., L\u00f3pez-Pernas, S., Saqr, M. (Eds.).&nbsp;<em>Past, Present and Future of Computing Education Research: A Global Perspective<\/em>, Springer, In press.<\/li>\n\n\n\n<li>L. Malmi, A. Hellas, P. Ihantola, V. Isom\u00f6tt\u00f6nen, I. Jormanainen, T. Kilamo, A. Knutas, A. Korhonen, M.-J. Laakso, S. L\u00f3pez-Pernas, T. Poranen, T. Salakoski, J. Suhonen, Computing education research in Finland. In: Apiola, M., L\u00f3pez-Pernas, S., Saqr, M. (Eds.).&nbsp;<em>Past, Present and Future of Computing Education Research: A Global Perspective<\/em>, Springer, In press.<\/li>\n\n\n\n<li>M. Apiola, S. L\u00f3pez-Pernas, M. Saqr, The evolving themes of computing education research: Trends, topic models, and emerging research. In: Apiola, M., L\u00f3pez-Pernas, S., Saqr, M. (Eds.).&nbsp;<em>Past, Present and Future of Computing Education Research: A Global Perspective<\/em>, Springer, In press.<\/li>\n\n\n\n<li>H. Vartiainen, S. L\u00f3pez-Pernas, M. Saqr, J. Kahila, M. Tedre, T. Valtonen, Mapping students\u2019 temporal pathways in a computational thinking escape room. In Hirsto, L., L\u00f3pez-Pernas S., Saqr, M., Sointu, E., Valtonen, T. , V\u00e4is\u00e4nen, S. (Eds.),&nbsp;<em>Proceedings<\/em>&nbsp;<em>of the<\/em>&nbsp;<em>Finnish Learning Analytics and Artificial Intelligence in Education Conference (FLAIEC22).&nbsp;<\/em>CEUR-WS, In press.<\/li>\n<\/ol>\n","protected":false},"excerpt":{"rendered":"","protected":false},"author":704,"featured_media":0,"parent":622,"menu_order":0,"comment_status":"closed","ping_status":"closed","template":"","meta":{"_acf_changed":false,"footnotes":""},"class_list":["post-1552","page","type-page","status-publish","hentry"],"acf":[],"yoast_head":"<!-- This site is optimized with the Yoast SEO plugin v27.1.1 - https:\/\/yoast.com\/product\/yoast-seo-wordpress\/ -->\n<title>LA Publications (2003) - Learning Analytics Unit<\/title>\n<meta name=\"robots\" content=\"index, follow, max-snippet:-1, max-image-preview:large, max-video-preview:-1\" \/>\n<link rel=\"canonical\" href=\"https:\/\/sites.uef.fi\/learning-analytics\/publications\/2003-2\/\" \/>\n<meta property=\"og:locale\" content=\"en_US\" \/>\n<meta property=\"og:type\" content=\"article\" \/>\n<meta property=\"og:title\" content=\"LA Publications (2003) - Learning Analytics Unit\" \/>\n<meta property=\"og:url\" content=\"https:\/\/sites.uef.fi\/learning-analytics\/publications\/2003-2\/\" \/>\n<meta property=\"og:site_name\" content=\"Learning Analytics Unit\" \/>\n<meta property=\"article:modified_time\" content=\"2023-12-24T17:24:45+00:00\" \/>\n<meta name=\"twitter:card\" content=\"summary_large_image\" \/>\n<meta name=\"twitter:label1\" content=\"Est. reading time\" \/>\n\t<meta name=\"twitter:data1\" content=\"8 minutes\" \/>\n<script type=\"application\/ld+json\" class=\"yoast-schema-graph\">{\"@context\":\"https:\/\/schema.org\",\"@graph\":[{\"@type\":\"WebPage\",\"@id\":\"https:\/\/sites.uef.fi\/learning-analytics\/publications\/2003-2\/\",\"url\":\"https:\/\/sites.uef.fi\/learning-analytics\/publications\/2003-2\/\",\"name\":\"LA Publications (2003) - Learning Analytics Unit\",\"isPartOf\":{\"@id\":\"https:\/\/sites.uef.fi\/learning-analytics\/#website\"},\"datePublished\":\"2023-12-24T17:24:44+00:00\",\"dateModified\":\"2023-12-24T17:24:45+00:00\",\"breadcrumb\":{\"@id\":\"https:\/\/sites.uef.fi\/learning-analytics\/publications\/2003-2\/#breadcrumb\"},\"inLanguage\":\"en-US\",\"potentialAction\":[{\"@type\":\"ReadAction\",\"target\":[\"https:\/\/sites.uef.fi\/learning-analytics\/publications\/2003-2\/\"]}]},{\"@type\":\"BreadcrumbList\",\"@id\":\"https:\/\/sites.uef.fi\/learning-analytics\/publications\/2003-2\/#breadcrumb\",\"itemListElement\":[{\"@type\":\"ListItem\",\"position\":1,\"name\":\"Home\",\"item\":\"https:\/\/sites.uef.fi\/learning-analytics\/\"},{\"@type\":\"ListItem\",\"position\":2,\"name\":\"Publications\",\"item\":\"https:\/\/sites.uef.fi\/learning-analytics\/publications\/\"},{\"@type\":\"ListItem\",\"position\":3,\"name\":\"LA Publications (2003)\"}]},{\"@type\":\"WebSite\",\"@id\":\"https:\/\/sites.uef.fi\/learning-analytics\/#website\",\"url\":\"https:\/\/sites.uef.fi\/learning-analytics\/\",\"name\":\"Learning Analytics Unit\",\"description\":\"\",\"potentialAction\":[{\"@type\":\"SearchAction\",\"target\":{\"@type\":\"EntryPoint\",\"urlTemplate\":\"https:\/\/sites.uef.fi\/learning-analytics\/?s={search_term_string}\"},\"query-input\":{\"@type\":\"PropertyValueSpecification\",\"valueRequired\":true,\"valueName\":\"search_term_string\"}}],\"inLanguage\":\"en-US\"}]}<\/script>\n<!-- \/ Yoast SEO plugin. -->","yoast_head_json":{"title":"LA Publications (2003) - Learning Analytics Unit","robots":{"index":"index","follow":"follow","max-snippet":"max-snippet:-1","max-image-preview":"max-image-preview:large","max-video-preview":"max-video-preview:-1"},"canonical":"https:\/\/sites.uef.fi\/learning-analytics\/publications\/2003-2\/","og_locale":"en_US","og_type":"article","og_title":"LA Publications (2003) - Learning Analytics Unit","og_url":"https:\/\/sites.uef.fi\/learning-analytics\/publications\/2003-2\/","og_site_name":"Learning Analytics Unit","article_modified_time":"2023-12-24T17:24:45+00:00","twitter_card":"summary_large_image","twitter_misc":{"Est. reading time":"8 minutes"},"schema":{"@context":"https:\/\/schema.org","@graph":[{"@type":"WebPage","@id":"https:\/\/sites.uef.fi\/learning-analytics\/publications\/2003-2\/","url":"https:\/\/sites.uef.fi\/learning-analytics\/publications\/2003-2\/","name":"LA Publications (2003) - Learning Analytics Unit","isPartOf":{"@id":"https:\/\/sites.uef.fi\/learning-analytics\/#website"},"datePublished":"2023-12-24T17:24:44+00:00","dateModified":"2023-12-24T17:24:45+00:00","breadcrumb":{"@id":"https:\/\/sites.uef.fi\/learning-analytics\/publications\/2003-2\/#breadcrumb"},"inLanguage":"en-US","potentialAction":[{"@type":"ReadAction","target":["https:\/\/sites.uef.fi\/learning-analytics\/publications\/2003-2\/"]}]},{"@type":"BreadcrumbList","@id":"https:\/\/sites.uef.fi\/learning-analytics\/publications\/2003-2\/#breadcrumb","itemListElement":[{"@type":"ListItem","position":1,"name":"Home","item":"https:\/\/sites.uef.fi\/learning-analytics\/"},{"@type":"ListItem","position":2,"name":"Publications","item":"https:\/\/sites.uef.fi\/learning-analytics\/publications\/"},{"@type":"ListItem","position":3,"name":"LA Publications (2003)"}]},{"@type":"WebSite","@id":"https:\/\/sites.uef.fi\/learning-analytics\/#website","url":"https:\/\/sites.uef.fi\/learning-analytics\/","name":"Learning Analytics Unit","description":"","potentialAction":[{"@type":"SearchAction","target":{"@type":"EntryPoint","urlTemplate":"https:\/\/sites.uef.fi\/learning-analytics\/?s={search_term_string}"},"query-input":{"@type":"PropertyValueSpecification","valueRequired":true,"valueName":"search_term_string"}}],"inLanguage":"en-US"}]}},"_links":{"self":[{"href":"https:\/\/sites.uef.fi\/learning-analytics\/wp-json\/wp\/v2\/pages\/1552","targetHints":{"allow":["GET"]}}],"collection":[{"href":"https:\/\/sites.uef.fi\/learning-analytics\/wp-json\/wp\/v2\/pages"}],"about":[{"href":"https:\/\/sites.uef.fi\/learning-analytics\/wp-json\/wp\/v2\/types\/page"}],"author":[{"embeddable":true,"href":"https:\/\/sites.uef.fi\/learning-analytics\/wp-json\/wp\/v2\/users\/704"}],"replies":[{"embeddable":true,"href":"https:\/\/sites.uef.fi\/learning-analytics\/wp-json\/wp\/v2\/comments?post=1552"}],"version-history":[{"count":1,"href":"https:\/\/sites.uef.fi\/learning-analytics\/wp-json\/wp\/v2\/pages\/1552\/revisions"}],"predecessor-version":[{"id":1555,"href":"https:\/\/sites.uef.fi\/learning-analytics\/wp-json\/wp\/v2\/pages\/1552\/revisions\/1555"}],"up":[{"embeddable":true,"href":"https:\/\/sites.uef.fi\/learning-analytics\/wp-json\/wp\/v2\/pages\/622"}],"wp:attachment":[{"href":"https:\/\/sites.uef.fi\/learning-analytics\/wp-json\/wp\/v2\/media?parent=1552"}],"curies":[{"name":"wp","href":"https:\/\/api.w.org\/{rel}","templated":true}]}}