{"id":1561,"date":"2023-12-24T19:26:32","date_gmt":"2023-12-24T17:26:32","guid":{"rendered":"https:\/\/sites.uef.fi\/learning-analytics\/?page_id=1561"},"modified":"2023-12-24T19:26:33","modified_gmt":"2023-12-24T17:26:33","slug":"2022-2","status":"publish","type":"page","link":"https:\/\/sites.uef.fi\/learning-analytics\/publications\/2022-2\/","title":{"rendered":"LA Publications (2022)"},"content":{"rendered":"\n<ol class=\"wp-block-list\">\n<li>M. Saqr, S. L\u00f3pez-Pernas, A. Hern\u00e1ndez-Garc\u00eda, M.\u00c1., Conde, O. Poquet,<a href=\"https:\/\/ceur-ws.org\/Vol-3258\/xpreface.pdf\">&nbsp;Networks and learning analytics: Addressing educational challenges<\/a>. In<em>&nbsp;Proceedings of NetSciLA22: Networks and Learning Analytics: Addressing Educational Challenges,&nbsp;<\/em>2022.<\/li>\n\n\n\n<li>M. Saqr, S. L\u00f3pez-Pernas, A. Hern\u00e1ndez-Garc\u00eda,&nbsp;<a href=\"https:\/\/ceur-ws.org\/Vol-3258\/article_5.pdf\">Concluding remarks of the NetSciLA22 workshop<\/a>. In<em>&nbsp;Proceedings of NetSciLA22: Networks and Learning Analytics: Addressing Educational Challenges,&nbsp;<\/em>2022.<\/li>\n\n\n\n<li>M. Saqr,&nbsp;<a href=\"https:\/\/ijhs.org.sa\/index.php\/journal\/article\/view\/7339\">Is GPDR failing? a tale of the many challenges in interpretations, applications, and enforcement<\/a>.&nbsp;<em>International Journal of Health Sciences<\/em>, vol. 16, no. 5, pp. 1-2, 2022.<\/li>\n\n\n\n<li>M. Saqr, V. Tuominen, T. Valtonen, E. Sointu, S. V\u00e4is\u00e4nen, L. Hirsto,&nbsp;<a href=\"https:\/\/doi.org\/10.3389\/feduc.2022.840178\">Teachers\u2019 learning profiles in learning programming: The big picture!,<\/a>&nbsp;<em>Frontiers in Education<\/em>,&nbsp;2022.<\/li>\n\n\n\n<li>M. Saqr, S. L\u00f3pez-Pernas,&nbsp;<a href=\"http:\/\/ceur-ws.org\/Vol-3258\/article_4.pdf\">The why, the what and the how to model a dynamic relational learning process with temporal networks<\/a>. In Proceedings of the NetSciLA 2022 Worskhop, 2022.<\/li>\n\n\n\n<li>S. L\u00f3pez-Pernas, A. Munoz-Arcentales, C. Aparicio, E. Barra, A. Gordillo, J. Salvachua, J. Quemada,&nbsp;<a href=\"https:\/\/doi.org\/10.1109\/MCG.2022.3189557\">Educational data virtual lab: Connecting the dots between data visualization and analysis<\/a>.&nbsp;<em>IEEE Computer Graphics and Applications<\/em>, vol. 42, no. 5, pp. 76-83, 2022.<\/li>\n\n\n\n<li>J. Malmberg, M. Saqr, H. J\u00e4rvenoja, E. Haataja, Pijeira-D\u00edaz, H.J., S. J\u00e4rvel\u00e4,&nbsp;<a href=\"https:\/\/doi.org\/10.1007\/978-3-031-08076-0_4\">Modelling the complex interplay between monitoring events for regulated learning with psychological networks<\/a>. In: Giannakos, M., Spikol, D., Di Mitri, D., Sharma, K., Ochoa, X., Hammad, R. (eds), The Multimodal Learning Analytics Handbook, pp. 79-104, Springer, Cham, 2022.<\/li>\n\n\n\n<li>J. Merikko, K. Ng, M. Saqr, P. Ihantola,&nbsp;<a href=\"https:\/\/doi.org\/10.1109\/ACCESS.2022.3207274\">To opt in or to opt out? Predicting student preferences for learning analytics-based formative feedback<\/a>.&nbsp;<em>IEEE Access,<\/em>&nbsp;vol. 10, pp. 99195-99204, 2022.<\/li>\n\n\n\n<li>M. Saqr, S. L\u00f3pez-Pernas,&nbsp;<a href=\"https:\/\/doi.org\/10.1007\/978-3-031-16290-9_55\">Instant or distant: A temporal network tale of two interaction platforms and their influence on collaboration<\/a>. In: Hilliger, I., Mu\u00f1oz-Merino, P.J., De Laet, T., Ortega-Arranz, A., Farrell, T. (Eds.)&nbsp;<em>Educating for a New Future: Making Sense of Technology-Enhanced Learning Adoption<\/em>. EC-TEL 2022. Lecture Notes in Computer Science, vol 13450. Springer, Cham, 2022.<\/li>\n\n\n\n<li>S. Heikkinen, M. Saqr, J. Malmberg, M. Tedre, Supporting self-regulated learning with learning analytics interventions \u2013 a systematic literature review.&nbsp;<em>Education and Information Technologies<\/em>, In press.<\/li>\n\n\n\n<li>M. Apiola, S. L\u00f3pez-Pernas, M. Saqr, A. Pears, M. Daniels, L. Malmi, M. Tedre,&nbsp;<a href=\"https:\/\/doi.org\/10.1109\/ACCESS.2022.3184718\">From a national meeting to an international conference: A scientometric case study of a Finnish computing education conference<\/a>.&nbsp;<em>IEEE Access,&nbsp;<\/em>vol. 10, pp. 66576-66588, 2022.<\/li>\n\n\n\n<li>T. T\u00f6rm\u00e4nen, H. J\u00e4rvenoja, M. Saqr, J. Malmberg, S. J\u00e4rvel\u00e4,&nbsp;<a href=\"https:\/\/doi.org\/10.1111\/bjep.12525\">Affective states and regulation of learning during socio-emotional interactions in secondary school collaborative groups<\/a>.&nbsp;<em>British Journal of Educational Psychology,&nbsp;<\/em>2022.<\/li>\n\n\n\n<li>E. Sointu, T. Valtonen, S. Hallberg, J. Kankaanp\u00e4\u00e4, S. V\u00e4is\u00e4nen, L. Heikkinen, M. Saqr, V. Tuominen, L. Hirsto,&nbsp;<a href=\"https:\/\/doi.org\/10.7577\/seminar.4686\">Learning analytics and flipped learning in online teaching for supporting preservice teachers\u2019 learning of quantitative methods<\/a>.&nbsp;<em>Seminar.net,&nbsp;<\/em>vol. 18, no.1, 2022.<\/li>\n\n\n\n<li>M. Saqr, S. L\u00f3pez-Pernas,&nbsp;<a href=\"https:\/\/doi.org\/10.1016\/j.compedu.2022.104581\">How CSCL roles emerge, persist, transition, and evolve over time: A four-year longitudinal study<\/a>.&nbsp;<em>Computers &amp; Education,&nbsp;<\/em>vol. 189, 2022.<\/li>\n\n\n\n<li>T. T\u00f6rm\u00e4nen, H. J\u00e4rvenoja, M. Saqr, J. Malmberg, S. J\u00e4rvel\u00e4,&nbsp;<a href=\"https:\/\/doi.org\/10.3389\/feduc.2022.866612\">A person-centered approach to study students\u2019 socio-emotional interaction profiles and regulation of collaborative learning<\/a>.&nbsp;<em>Frontiers in Education,&nbsp;<\/em>vol. 7, 2022.<\/li>\n\n\n\n<li>L. Hirsto, T. Valtonen, M. Saqr, S. Hallberg, E. Sointu, J. Kankaanp\u00e4\u00e4, S. V\u00e4is\u00e4nen,&nbsp;<a href=\"https:\/\/www.learntechlib.org\/p\/220967\/\">Pupils\u2019 experiences of utilizing learning analytics to support self-regulated learning in two phenomenon-based study modules<\/a>. In E. Langran (Ed.),&nbsp;<em>Proceedings of Society for Information Technology &amp; Teacher Education International Conference 2022<\/em>&nbsp;(pp. 1682-1688). Waynesville, NC USA: Association for the Advancement of Computing in Education (AACE), 2022.<\/li>\n\n\n\n<li>E. Sointu, M. Saqr, T. Valtonen, S. Hallberg, S. V\u00e4is\u00e4nen, J. Kankaanp\u00e4\u00e4, V. Tuominen, L. Hirsto,&nbsp;<a href=\"https:\/\/www.learntechlib.org\/primary\/p\/220997\/\">Emotional behavior in quantitative research methods course for preservice teachers. Learning analytics approach<\/a>. In E. Langran (Ed.),&nbsp;<em>Proceedings of Society for Information Technology &amp; Teacher Education International Conference 2022<\/em>&nbsp;(pp. 1880-1889). Waynesville, NC USA: Association for the Advancement of Computing in Education (AACE), 2022.<\/li>\n\n\n\n<li>M. Saqr, Jovanovic, J., O. Viberg, D. Ga\u0161evi\u0107,&nbsp;<a href=\"https:\/\/doi.org\/10.1080\/03075079.2022.2061450\">Is there order in the mess? A single paper meta-analysis of approach to identification of predictors of success in learning analytics<\/a>.&nbsp;<em>Studies in Higher Education,&nbsp;<\/em>2022.<\/li>\n\n\n\n<li>J. Tyni, A. Tarkiainen, S. L\u00f3pez-Pernas, M. Saqr, J. Kahila, R. Bednarik, M. Tedre,&nbsp;<a href=\"https:\/\/doi.org\/10.1109\/ACCESS.2022.3160230\">Games and rewards: A scientometric study of rewards in educational and serious games<\/a>.&nbsp;<em>IEEE Access,&nbsp;<\/em>2022.<\/li>\n\n\n\n<li>M. Saqr, O. Poquet, S. L\u00f3pez-Pernas,&nbsp;<a href=\"https:\/\/doi.org\/10.1109\/ACCESS.2022.3159674\">Networks in education: A travelogue through five decades<\/a>.&nbsp;<em>IEEE Access,&nbsp;<\/em>2022.<\/li>\n\n\n\n<li>M. Saqr, S. L\u00f3pez-Pernas,&nbsp;<a href=\"https:\/\/doi.org\/10.18608\/jla.2022.7415\">The curious case of centrality measures: A large-scale empirical investigation<\/a>.&nbsp;<em>Journal of Learning Analytics,<\/em>&nbsp;vol. 9, no. 1, 13-31, 2022.<\/li>\n\n\n\n<li>J. Malmberg, M. Saqr, H. J\u00e4rvenoja, S. J\u00e4rvel\u00e4,&nbsp;<a href=\"https:\/\/doi.org\/10.18608\/jla.2022.7429\">How the monitoring events of individual students are associated with phases of regulation<\/a>.&nbsp;<em>Journal of Learning Analytics,<\/em>&nbsp;vol. 9, no. 1, 77-92, 2022.<\/li>\n\n\n\n<li>O. Viberg, L. Engstr\u00f6m, M. Saqr, S. Hrastinski,&nbsp;<a href=\"https:\/\/doi.org\/10.1007\/s10639-022-10980-2\">Exploring students\u2019 expectations of learning analytics: A person-centered approach<\/a>.&nbsp;<em>Education and Information Technologies,&nbsp;<\/em>2022.<\/li>\n\n\n\n<li>M. Apiola, M. Saqr, S. L\u00f3pez-Pernas, M. Tedre,&nbsp;<a href=\"https:\/\/doi.org\/10.1109\/ACCESS.2022.3157609\">Computing education research complied: Keyword trends, building blocks, creators, and dissemination<\/a>.&nbsp;<em>IEEE Access,&nbsp;<\/em>2022.<\/li>\n\n\n\n<li>I.I. Ismail, M. Saqr, A quantitative synthesis of eight decades of global multiple sclerosis research using bibliometrics.&nbsp;<em>Frontiers in Neurology,&nbsp;<\/em>In press.<\/li>\n\n\n\n<li>S. L\u00f3pez-Pernas, M. Saqr, A. Gordillo, E. Barra,&nbsp;<a href=\"https:\/\/doi.org\/10.1080\/10494820.2022.2041045\">A learning analytics perspective on educational escape rooms<\/a>.&nbsp;<em>Interactive Learning Environments,&nbsp;<\/em>2022.<\/li>\n\n\n\n<li>M. Saqr, W. Peeters,&nbsp;<a href=\"https:\/\/doi.org\/10.1111\/bjet.13187\">Temporal networks in collaborative learning: A case study<\/a>.&nbsp;<em>British Journal of Educational Technology,&nbsp;<\/em>2022.<\/li>\n\n\n\n<li>R. Elmoazen, M. Saqr, M. Tedre, L. Hirsto,&nbsp;<a href=\"https:\/\/doi.org\/10.1109\/ACCESS.2022.3149812\">A systematic literature review of empirical research on epistemic network analysis in education<\/a>.&nbsp;<em>IEEE Access,&nbsp;<\/em>2022.<\/li>\n\n\n\n<li>M. Saqr, R. Elmoazen, M. Tedre, S. L\u00f3pez-Pernas, L. Hirsto,&nbsp;<a href=\"https:\/\/doi.org\/10.1016\/j.edurev.2022.100437\">How well centrality measures capture student achievement in computer-supported collaborative learning? \u2013 A systematic review and meta-analysis<\/a>.&nbsp;<em>Educational Research Review,&nbsp;<\/em>vol. 35, 2022.<\/li>\n\n\n\n<li>M. Saqr, S. L\u00f3pez-Pernas, The curious case of centrality measures: A large-scale empirical investigation.&nbsp;<em>Journal of Learning Analytics<\/em>, In press.<\/li>\n\n\n\n<li>M. Nissinen, E. Silvennoinen, M. Saqr,&nbsp;<a href=\"https:\/\/www.edilex.fi\/artikkelit\/25527.pdf\">Monivalintakysymykset oikeustieteellisen alan yhteisvalintakokeessa \u2013 Hitti vai huti?<\/a>&nbsp;<em>Edilex,&nbsp;<\/em>2022.<\/li>\n<\/ol>\n","protected":false},"excerpt":{"rendered":"","protected":false},"author":704,"featured_media":0,"parent":622,"menu_order":0,"comment_status":"closed","ping_status":"closed","template":"","meta":{"_acf_changed":false,"footnotes":""},"class_list":["post-1561","page","type-page","status-publish","hentry"],"acf":[],"yoast_head":"<!-- This site is optimized with the Yoast SEO plugin v27.1.1 - https:\/\/yoast.com\/product\/yoast-seo-wordpress\/ -->\n<title>LA Publications (2022) - Learning Analytics Unit<\/title>\n<meta name=\"robots\" content=\"index, follow, max-snippet:-1, max-image-preview:large, max-video-preview:-1\" \/>\n<link rel=\"canonical\" href=\"https:\/\/sites.uef.fi\/learning-analytics\/publications\/2022-2\/\" \/>\n<meta property=\"og:locale\" content=\"en_US\" \/>\n<meta property=\"og:type\" content=\"article\" \/>\n<meta property=\"og:title\" content=\"LA Publications (2022) - Learning Analytics Unit\" \/>\n<meta property=\"og:url\" content=\"https:\/\/sites.uef.fi\/learning-analytics\/publications\/2022-2\/\" \/>\n<meta property=\"og:site_name\" content=\"Learning Analytics Unit\" \/>\n<meta property=\"article:modified_time\" content=\"2023-12-24T17:26:33+00:00\" \/>\n<meta name=\"twitter:card\" content=\"summary_large_image\" \/>\n<meta name=\"twitter:label1\" content=\"Est. reading time\" \/>\n\t<meta name=\"twitter:data1\" content=\"5 minutes\" \/>\n<script type=\"application\/ld+json\" class=\"yoast-schema-graph\">{\"@context\":\"https:\/\/schema.org\",\"@graph\":[{\"@type\":\"WebPage\",\"@id\":\"https:\/\/sites.uef.fi\/learning-analytics\/publications\/2022-2\/\",\"url\":\"https:\/\/sites.uef.fi\/learning-analytics\/publications\/2022-2\/\",\"name\":\"LA Publications (2022) - Learning Analytics Unit\",\"isPartOf\":{\"@id\":\"https:\/\/sites.uef.fi\/learning-analytics\/#website\"},\"datePublished\":\"2023-12-24T17:26:32+00:00\",\"dateModified\":\"2023-12-24T17:26:33+00:00\",\"breadcrumb\":{\"@id\":\"https:\/\/sites.uef.fi\/learning-analytics\/publications\/2022-2\/#breadcrumb\"},\"inLanguage\":\"en-US\",\"potentialAction\":[{\"@type\":\"ReadAction\",\"target\":[\"https:\/\/sites.uef.fi\/learning-analytics\/publications\/2022-2\/\"]}]},{\"@type\":\"BreadcrumbList\",\"@id\":\"https:\/\/sites.uef.fi\/learning-analytics\/publications\/2022-2\/#breadcrumb\",\"itemListElement\":[{\"@type\":\"ListItem\",\"position\":1,\"name\":\"Home\",\"item\":\"https:\/\/sites.uef.fi\/learning-analytics\/\"},{\"@type\":\"ListItem\",\"position\":2,\"name\":\"Publications\",\"item\":\"https:\/\/sites.uef.fi\/learning-analytics\/publications\/\"},{\"@type\":\"ListItem\",\"position\":3,\"name\":\"LA Publications (2022)\"}]},{\"@type\":\"WebSite\",\"@id\":\"https:\/\/sites.uef.fi\/learning-analytics\/#website\",\"url\":\"https:\/\/sites.uef.fi\/learning-analytics\/\",\"name\":\"Learning Analytics Unit\",\"description\":\"\",\"potentialAction\":[{\"@type\":\"SearchAction\",\"target\":{\"@type\":\"EntryPoint\",\"urlTemplate\":\"https:\/\/sites.uef.fi\/learning-analytics\/?s={search_term_string}\"},\"query-input\":{\"@type\":\"PropertyValueSpecification\",\"valueRequired\":true,\"valueName\":\"search_term_string\"}}],\"inLanguage\":\"en-US\"}]}<\/script>\n<!-- \/ Yoast SEO plugin. -->","yoast_head_json":{"title":"LA Publications (2022) - Learning Analytics Unit","robots":{"index":"index","follow":"follow","max-snippet":"max-snippet:-1","max-image-preview":"max-image-preview:large","max-video-preview":"max-video-preview:-1"},"canonical":"https:\/\/sites.uef.fi\/learning-analytics\/publications\/2022-2\/","og_locale":"en_US","og_type":"article","og_title":"LA Publications (2022) - Learning Analytics Unit","og_url":"https:\/\/sites.uef.fi\/learning-analytics\/publications\/2022-2\/","og_site_name":"Learning Analytics Unit","article_modified_time":"2023-12-24T17:26:33+00:00","twitter_card":"summary_large_image","twitter_misc":{"Est. reading time":"5 minutes"},"schema":{"@context":"https:\/\/schema.org","@graph":[{"@type":"WebPage","@id":"https:\/\/sites.uef.fi\/learning-analytics\/publications\/2022-2\/","url":"https:\/\/sites.uef.fi\/learning-analytics\/publications\/2022-2\/","name":"LA Publications (2022) - Learning Analytics Unit","isPartOf":{"@id":"https:\/\/sites.uef.fi\/learning-analytics\/#website"},"datePublished":"2023-12-24T17:26:32+00:00","dateModified":"2023-12-24T17:26:33+00:00","breadcrumb":{"@id":"https:\/\/sites.uef.fi\/learning-analytics\/publications\/2022-2\/#breadcrumb"},"inLanguage":"en-US","potentialAction":[{"@type":"ReadAction","target":["https:\/\/sites.uef.fi\/learning-analytics\/publications\/2022-2\/"]}]},{"@type":"BreadcrumbList","@id":"https:\/\/sites.uef.fi\/learning-analytics\/publications\/2022-2\/#breadcrumb","itemListElement":[{"@type":"ListItem","position":1,"name":"Home","item":"https:\/\/sites.uef.fi\/learning-analytics\/"},{"@type":"ListItem","position":2,"name":"Publications","item":"https:\/\/sites.uef.fi\/learning-analytics\/publications\/"},{"@type":"ListItem","position":3,"name":"LA Publications (2022)"}]},{"@type":"WebSite","@id":"https:\/\/sites.uef.fi\/learning-analytics\/#website","url":"https:\/\/sites.uef.fi\/learning-analytics\/","name":"Learning Analytics Unit","description":"","potentialAction":[{"@type":"SearchAction","target":{"@type":"EntryPoint","urlTemplate":"https:\/\/sites.uef.fi\/learning-analytics\/?s={search_term_string}"},"query-input":{"@type":"PropertyValueSpecification","valueRequired":true,"valueName":"search_term_string"}}],"inLanguage":"en-US"}]}},"_links":{"self":[{"href":"https:\/\/sites.uef.fi\/learning-analytics\/wp-json\/wp\/v2\/pages\/1561","targetHints":{"allow":["GET"]}}],"collection":[{"href":"https:\/\/sites.uef.fi\/learning-analytics\/wp-json\/wp\/v2\/pages"}],"about":[{"href":"https:\/\/sites.uef.fi\/learning-analytics\/wp-json\/wp\/v2\/types\/page"}],"author":[{"embeddable":true,"href":"https:\/\/sites.uef.fi\/learning-analytics\/wp-json\/wp\/v2\/users\/704"}],"replies":[{"embeddable":true,"href":"https:\/\/sites.uef.fi\/learning-analytics\/wp-json\/wp\/v2\/comments?post=1561"}],"version-history":[{"count":1,"href":"https:\/\/sites.uef.fi\/learning-analytics\/wp-json\/wp\/v2\/pages\/1561\/revisions"}],"predecessor-version":[{"id":1564,"href":"https:\/\/sites.uef.fi\/learning-analytics\/wp-json\/wp\/v2\/pages\/1561\/revisions\/1564"}],"up":[{"embeddable":true,"href":"https:\/\/sites.uef.fi\/learning-analytics\/wp-json\/wp\/v2\/pages\/622"}],"wp:attachment":[{"href":"https:\/\/sites.uef.fi\/learning-analytics\/wp-json\/wp\/v2\/media?parent=1561"}],"curies":[{"name":"wp","href":"https:\/\/api.w.org\/{rel}","templated":true}]}}